{"id":3642,"date":"2017-03-29T14:25:49","date_gmt":"2017-03-29T14:25:49","guid":{"rendered":"https:\/\/www.electroluxprofessional.com\/es\/?page_id=3642"},"modified":"2025-05-22T08:05:32","modified_gmt":"2025-05-22T08:05:32","slug":"accesorios-consumibles-lavanderia","status":"publish","type":"page","link":"https:\/\/www.electroluxprofessional.com\/es\/accesorios-consumibles-lavanderia\/","title":{"rendered":"Accesorios y consumibles &#8211; Lavander\u00eda"},"content":{"rendered":"<p>[vc_row full_width=&#8221;electroluxpro-full-width-no-padding&#8221;][vc_column][elx_image_block background_image=&#8221;1286&#8243; minimum_height=&#8221;400px&#8221;][\/vc_column][\/vc_row][vc_row][vc_column][vc_empty_space height=&#8221;50px&#8221;][elx_heading font_container=&#8221;h1&#8243; text_color=&#8221;inherit&#8221;]Accesorios y consumibles de lavander\u00eda[\/elx_heading][vc_column_text]<\/p>\n<p class=\"p1\"><span class=\"s1\">Nuestra amplia gama de accesorios y consumibles resultar\u00e1 fundamental para cada detalle de su lavander\u00eda.<\/span><\/p>\n<p>[\/vc_column_text][vc_empty_space height=&#8221;50px&#8221;][\/vc_column][\/vc_row][vc_row full_width=&#8221;electroluxpro-container-no-padding&#8221; equal_height=&#8221;yes&#8221;][vc_column width=&#8221;1\/3&#8243;][vc_single_image image=&#8221;9391&#8243; img_size=&#8221;medium&#8221;][elx_heading font_size=&#8221;h5&#8243; text_color=&#8221;inherit&#8221; css=&#8221;.vc_custom_1567442529590{margin-top: 0px !important;margin-bottom: 0px !important;padding-top: 0px !important;padding-bottom: 0px !important;}&#8221;]Detergentes para ropa delicada[\/elx_heading][vc_column_text]<\/p>\n<p class=\"p1\"><span class=\"s1\">Ya sea un lavado delicado o tejidos de uso diario, la f\u00f3rmula qu\u00edmica homologada por los laboratorios Electrolux proporciona excelentes resultados de limpieza a la vez que mantiene unos colores blancos hermosos y brillantes.<\/span><\/p>\n<p>[\/vc_column_text][\/vc_column][vc_column width=&#8221;1\/3&#8243;][vc_single_image image=&#8221;9397&#8243; img_size=&#8221;medium&#8221;][elx_heading font_size=&#8221;h5&#8243; text_color=&#8221;inherit&#8221;]Carros y bandejas[\/elx_heading][vc_column_text]<\/p>\n<p class=\"p1\"><span class=\"s1\">Unos carros y bandejas adecuados <b>facilitan la gesti\u00f3n<\/b> de la lavander\u00eda y ayuda a prevenir lesiones por esfuerzo repetitivo.<b><br \/>\nCarros y estantes de lavander\u00eda ergon\u00f3micos<\/b> ideales para lavander\u00edas, hospitales, residencias de ancianos, hoteles, spas, etc. Su dise\u00f1o permite al carro aproximarse al equipo evitando que el material de lavander\u00eda no termine en el suelo.<\/span>[\/vc_column_text][\/vc_column][vc_column width=&#8221;1\/3&#8243;][elx_heading font_size=&#8221;h5&#8243; text_color=&#8221;inherit&#8221;]Una amplia gama de accesorios ofrece eficiencia y la mejor ergonom\u00eda[\/elx_heading][vc_column_text]<\/p>\n<ul>\n<li class=\"p2\"><span class=\"s2\">Estantes plegables para la ropa&lt; aptos para muchas \u00e1reas y negocios: lavander\u00edas, tiendas, sastrer\u00edas, tiendas de vestidos de novia y de fiesta y m\u00e1s<\/span><\/li>\n<li class=\"p2\"><span class=\"s2\">Cestas helicoidales que facilitan una carga y descarga de la lavadora y la secadora<\/span><\/li>\n<li class=\"p2\"><b>Cestas pr\u00e1cticas<\/b> que facilitan el plegado de las l\u00e1minas para su colocaci\u00f3n bajo el tensor<\/li>\n<li class=\"p2\">Bolas para secadora especialmente dise\u00f1adas para levantar y separar la ropa<\/li>\n<li class=\"p2\">Pa\u00f1o de microfibra multiusos y reutilizable para una limpieza profunda y un acabado pulido superior<\/li>\n<li class=\"p2\"><b>Bolsas solubles en agua<\/b> ideales para uso en lavander\u00edas de centros sanitarios. Utilice nuestras bolsas para evitar contaminaci\u00f3n e infecciones.<\/li>\n<\/ul>\n<p>[\/vc_column_text][\/vc_column][\/vc_row][vc_row][vc_column width=&#8221;1\/3&#8243;][elx_download_block text=&#8221;Lavadoras<br \/>\ncarga frontal&#8221; link_target=&#8221;self&#8221; link=&#8221;https:\/\/www.electroluxprofessional.com\/es\/lavadoras-de-carga-frontal\/&#8221; background_color=&#8221;electrolux-blue&#8221; background_hover_color=&#8221;lighter-hover&#8221; reveal_effect=&#8221;&#8221; reveal_duration=&#8221;&#8221; reveal_delay=&#8221;&#8221; background_image=&#8221;1723&#8243;][\/vc_column][vc_column width=&#8221;1\/3&#8243;][elx_download_block text=&#8221;lagoon Advanced Care&#8221; link_target=&#8221;self&#8221; link=&#8221;https:\/\/www.electroluxprofessional.com\/es\/lagoon-advanced-care\/&#8221; background_color=&#8221;electrolux-blue&#8221; background_hover_color=&#8221;lighter-hover&#8221; background_image=&#8221;1287&#8243; reveal_effect=&#8221;&#8221; reveal_duration=&#8221;&#8221; reveal_delay=&#8221;&#8221;][\/vc_column][vc_column width=&#8221;1\/3&#8243;][elx_download_block text=&#8221;Lavadoras de Barrera&#8221; link_target=&#8221;self&#8221; link=&#8221;https:\/\/www.electroluxprofessional.com\/es\/equipamiento-lavanderia-comercial\/lavadoras-de-barrera\/&#8221; background_color=&#8221;electrolux-blue&#8221; background_hover_color=&#8221;lighter-hover&#8221; background_image=&#8221;914&#8243; reveal_effect=&#8221;&#8221; reveal_duration=&#8221;&#8221; reveal_delay=&#8221;&#8221;][\/vc_column][\/vc_row][vc_row][vc_column][vc_empty_space][elx_heading font_container=&#8221;h3&#8243; text_color=&#8221;inherit&#8221;]Descubre como personalizar tu equipamiento de lavander\u00eda[\/elx_heading][elx_o2000_contact_us s=&#8221;Petici\u00f3n de informaci\u00f3n sobre accesorios y consumibles.&#8221; country=&#8221;Spain&#8221; b=&#8221;laundry&#8221; container=&#8221;elxcontactus1484308232&#8243; r=&#8221;Me gustar\u00eda tener m\u00e1s informaci\u00f3n sobre accesorios y consumibles para lavander\u00eda. Por favor, contacten conmigo.&#8221; e=&#8221;foodservice@electrolux.es&#8221; l=&#8221;es&#8221;][\/vc_column][\/vc_row]<\/p>\n","protected":false},"excerpt":{"rendered":"<p>[vc_row full_width=&#8221;electroluxpro-full-width-no-padding&#8221;][vc_column][elx_image_block background_image=&#8221;1286&#8243; minimum_height=&#8221;400px&#8221;][\/vc_column][\/vc_row][vc_row][vc_column][vc_empty_space height=&#8221;50px&#8221;][elx_heading font_container=&#8221;h1&#8243; text_color=&#8221;inherit&#8221;]Accesorios y consumibles de lavander\u00eda[\/elx_heading][vc_column_text] Nuestra amplia gama de accesorios y consumibles resultar\u00e1 fundamental para cada detalle de su lavander\u00eda. [\/vc_column_text][vc_empty_space height=&#8221;50px&#8221;][\/vc_column][\/vc_row][vc_row full_width=&#8221;electroluxpro-container-no-padding&#8221; equal_height=&#8221;yes&#8221;][vc_column width=&#8221;1\/3&#8243;][vc_single_image image=&#8221;9391&#8243; img_size=&#8221;medium&#8221;][elx_heading font_size=&#8221;h5&#8243; text_color=&#8221;inherit&#8221; css=&#8221;.vc_custom_1567442529590{margin-top: 0px !important;margin-bottom: 0px !important;padding-top: 0px !important;padding-bottom: 0px !important;}&#8221;]Detergentes para ropa delicada[\/elx_heading][vc_column_text] Ya sea un lavado delicado o tejidos de [&hellip;]<\/p>\n","protected":false},"author":3,"featured_media":0,"parent":0,"menu_order":0,"comment_status":"closed","ping_status":"closed","template":"","meta":{"footnotes":""},"class_list":["post-3642","page","type-page","status-publish","hentry"],"acf":[],"yoast_head":"<!-- This site is optimized with the Yoast SEO plugin v23.4 - https:\/\/yoast.com\/wordpress\/plugins\/seo\/ -->\n<title>Accesorios y consumibles - Lavander\u00eda - Electrolux Professional Espa\u00f1a<\/title>\n<meta name=\"description\" content=\"Electrolux Professional ofrece accesorios y consumibles para lavander\u00eda, incluyendo detergentes, carros ergon\u00f3micos y bolsas solubles en agua.\" \/>\n<meta name=\"robots\" content=\"index, follow, max-snippet:-1, max-image-preview:large, max-video-preview:-1\" \/>\n<link rel=\"canonical\" href=\"https:\/\/www.electroluxprofessional.com\/es\/accesorios-consumibles-lavanderia\/\" \/>\n<meta property=\"og:locale\" content=\"es_ES\" \/>\n<meta property=\"og:type\" content=\"article\" \/>\n<meta property=\"og:title\" content=\"Accesorios y consumibles - Lavander\u00eda - Electrolux Professional Espa\u00f1a\" \/>\n<meta property=\"og:description\" content=\"Electrolux Professional ofrece accesorios y consumibles para lavander\u00eda, incluyendo detergentes, carros ergon\u00f3micos y bolsas solubles en agua.\" \/>\n<meta property=\"og:url\" content=\"https:\/\/www.electroluxprofessional.com\/es\/accesorios-consumibles-lavanderia\/\" \/>\n<meta property=\"og:site_name\" content=\"Electrolux Professional Espa\u00f1a\" \/>\n<meta property=\"article:modified_time\" content=\"2025-05-22T08:05:32+00:00\" \/>\n<meta name=\"twitter:card\" content=\"summary_large_image\" \/>\n<meta name=\"twitter:label1\" content=\"Tiempo de lectura\" \/>\n\t<meta name=\"twitter:data1\" content=\"2 minutos\" \/>\n<script type=\"application\/ld+json\" class=\"yoast-schema-graph\">{\"@context\":\"https:\/\/schema.org\",\"@graph\":[{\"@type\":\"WebPage\",\"@id\":\"https:\/\/www.electroluxprofessional.com\/es\/accesorios-consumibles-lavanderia\/\",\"url\":\"https:\/\/www.electroluxprofessional.com\/es\/accesorios-consumibles-lavanderia\/\",\"name\":\"Accesorios y consumibles - Lavander\u00eda - Electrolux Professional Espa\u00f1a\",\"isPartOf\":{\"@id\":\"https:\/\/www.electroluxprofessional.com\/es\/#website\"},\"datePublished\":\"2017-03-29T14:25:49+00:00\",\"dateModified\":\"2025-05-22T08:05:32+00:00\",\"description\":\"Electrolux Professional ofrece accesorios y consumibles para lavander\u00eda, incluyendo detergentes, carros ergon\u00f3micos y bolsas solubles en agua.\",\"breadcrumb\":{\"@id\":\"https:\/\/www.electroluxprofessional.com\/es\/accesorios-consumibles-lavanderia\/#breadcrumb\"},\"inLanguage\":\"es\",\"potentialAction\":[{\"@type\":\"ReadAction\",\"target\":[\"https:\/\/www.electroluxprofessional.com\/es\/accesorios-consumibles-lavanderia\/\"]}]},{\"@type\":\"BreadcrumbList\",\"@id\":\"https:\/\/www.electroluxprofessional.com\/es\/accesorios-consumibles-lavanderia\/#breadcrumb\",\"itemListElement\":[{\"@type\":\"ListItem\",\"position\":1,\"name\":\"Home\",\"item\":\"https:\/\/www.electroluxprofessional.com\/es\/\"},{\"@type\":\"ListItem\",\"position\":2,\"name\":\"Accesorios y consumibles &#8211; Lavander\u00eda\"}]},{\"@type\":\"WebSite\",\"@id\":\"https:\/\/www.electroluxprofessional.com\/es\/#website\",\"url\":\"https:\/\/www.electroluxprofessional.com\/es\/\",\"name\":\"Electrolux Professional Espa\u00f1a\",\"description\":\"Equipamiento cocinas profesionales y lavander\u00edas comerciales. Excelencia en el suministro de soluciones profesionales.\",\"potentialAction\":[{\"@type\":\"SearchAction\",\"target\":{\"@type\":\"EntryPoint\",\"urlTemplate\":\"https:\/\/www.electroluxprofessional.com\/es\/?src={search_term_string}\"},\"query-input\":{\"@type\":\"PropertyValueSpecification\",\"valueRequired\":true,\"valueName\":\"search_term_string\"}}],\"inLanguage\":\"es\"}]}<\/script>\n<!-- \/ Yoast SEO plugin. -->","yoast_head_json":{"title":"Accesorios y consumibles - Lavander\u00eda - Electrolux Professional Espa\u00f1a","description":"Electrolux Professional ofrece accesorios y consumibles para lavander\u00eda, incluyendo detergentes, carros ergon\u00f3micos y bolsas solubles en agua.","robots":{"index":"index","follow":"follow","max-snippet":"max-snippet:-1","max-image-preview":"max-image-preview:large","max-video-preview":"max-video-preview:-1"},"canonical":"https:\/\/www.electroluxprofessional.com\/es\/accesorios-consumibles-lavanderia\/","og_locale":"es_ES","og_type":"article","og_title":"Accesorios y consumibles - Lavander\u00eda - Electrolux Professional Espa\u00f1a","og_description":"Electrolux Professional ofrece accesorios y consumibles para lavander\u00eda, incluyendo detergentes, carros ergon\u00f3micos y bolsas solubles en agua.","og_url":"https:\/\/www.electroluxprofessional.com\/es\/accesorios-consumibles-lavanderia\/","og_site_name":"Electrolux Professional Espa\u00f1a","article_modified_time":"2025-05-22T08:05:32+00:00","twitter_card":"summary_large_image","twitter_misc":{"Tiempo de lectura":"2 minutos"},"schema":{"@context":"https:\/\/schema.org","@graph":[{"@type":"WebPage","@id":"https:\/\/www.electroluxprofessional.com\/es\/accesorios-consumibles-lavanderia\/","url":"https:\/\/www.electroluxprofessional.com\/es\/accesorios-consumibles-lavanderia\/","name":"Accesorios y consumibles - Lavander\u00eda - Electrolux Professional Espa\u00f1a","isPartOf":{"@id":"https:\/\/www.electroluxprofessional.com\/es\/#website"},"datePublished":"2017-03-29T14:25:49+00:00","dateModified":"2025-05-22T08:05:32+00:00","description":"Electrolux Professional ofrece accesorios y consumibles para lavander\u00eda, incluyendo detergentes, carros ergon\u00f3micos y bolsas solubles en agua.","breadcrumb":{"@id":"https:\/\/www.electroluxprofessional.com\/es\/accesorios-consumibles-lavanderia\/#breadcrumb"},"inLanguage":"es","potentialAction":[{"@type":"ReadAction","target":["https:\/\/www.electroluxprofessional.com\/es\/accesorios-consumibles-lavanderia\/"]}]},{"@type":"BreadcrumbList","@id":"https:\/\/www.electroluxprofessional.com\/es\/accesorios-consumibles-lavanderia\/#breadcrumb","itemListElement":[{"@type":"ListItem","position":1,"name":"Home","item":"https:\/\/www.electroluxprofessional.com\/es\/"},{"@type":"ListItem","position":2,"name":"Accesorios y consumibles &#8211; Lavander\u00eda"}]},{"@type":"WebSite","@id":"https:\/\/www.electroluxprofessional.com\/es\/#website","url":"https:\/\/www.electroluxprofessional.com\/es\/","name":"Electrolux Professional Espa\u00f1a","description":"Equipamiento cocinas profesionales y lavander\u00edas comerciales. Excelencia en el suministro de soluciones profesionales.","potentialAction":[{"@type":"SearchAction","target":{"@type":"EntryPoint","urlTemplate":"https:\/\/www.electroluxprofessional.com\/es\/?src={search_term_string}"},"query-input":{"@type":"PropertyValueSpecification","valueRequired":true,"valueName":"search_term_string"}}],"inLanguage":"es"}]}},"_links":{"self":[{"href":"https:\/\/www.electroluxprofessional.com\/es\/wp-json\/wp\/v2\/pages\/3642"}],"collection":[{"href":"https:\/\/www.electroluxprofessional.com\/es\/wp-json\/wp\/v2\/pages"}],"about":[{"href":"https:\/\/www.electroluxprofessional.com\/es\/wp-json\/wp\/v2\/types\/page"}],"author":[{"embeddable":true,"href":"https:\/\/www.electroluxprofessional.com\/es\/wp-json\/wp\/v2\/users\/3"}],"replies":[{"embeddable":true,"href":"https:\/\/www.electroluxprofessional.com\/es\/wp-json\/wp\/v2\/comments?post=3642"}],"version-history":[{"count":30,"href":"https:\/\/www.electroluxprofessional.com\/es\/wp-json\/wp\/v2\/pages\/3642\/revisions"}],"predecessor-version":[{"id":20473,"href":"https:\/\/www.electroluxprofessional.com\/es\/wp-json\/wp\/v2\/pages\/3642\/revisions\/20473"}],"wp:attachment":[{"href":"https:\/\/www.electroluxprofessional.com\/es\/wp-json\/wp\/v2\/media?parent=3642"}],"curies":[{"name":"wp","href":"https:\/\/api.w.org\/{rel}","templated":true}]}}