{"id":3619,"date":"2017-03-28T15:04:29","date_gmt":"2017-03-28T15:04:29","guid":{"rendered":"https:\/\/www.electroluxprofessional.com\/es\/?page_id=3619"},"modified":"2019-02-06T09:51:57","modified_gmt":"2019-02-06T08:51:57","slug":"lavadoras-de-carga-frontal","status":"publish","type":"page","link":"https:\/\/www.electroluxprofessional.com\/es\/lavadoras-de-carga-frontal\/","title":{"rendered":"Lavadoras de carga frontal"},"content":{"rendered":"<p>[vc_row full_width=&#8221;electroluxpro-full-width-no-padding&#8221;][vc_column][elx_hero_slider label_text_color=&#8221;inherit&#8221; images=&#8221;8241&#8243;][elx_heading font_container=&#8221;h1&#8243; font_size=&#8221;h3&#8243; text_color=&#8221;inherit&#8221;]Lavadoras de Carga Frontal[\/elx_heading][\/elx_hero_slider][\/vc_column][\/vc_row][vc_row][vc_column width=&#8221;1\/2&#8243; css=&#8221;.vc_custom_1480692619788{padding-top: 50px !important;}&#8221;][elx_simple_block background_color=&#8221;inherit&#8221;][elx_heading font_size=&#8221;h5&#8243; text_color=&#8221;inherit&#8221;]Cuidado excelente con el <strong>mejor rendimiento<br \/>\ny el mejor resultado de lavado<\/strong>[\/elx_heading][vc_column_text css=&#8221;.vc_custom_1490770549993{padding-top: 20px !important;}&#8221;]Cada lavander\u00eda es diferente, por ello, ofrecemos una extensa gama de lavadoras centrifugadoras.[\/vc_column_text][\/elx_simple_block][\/vc_column][vc_column width=&#8221;1\/2&#8243;][vc_empty_space height=&#8221;50px&#8221;][elx_image_block background_image=&#8221;2532&#8243; minimum_height=&#8221;400px&#8221;][\/vc_column][\/vc_row][vc_row][vc_column][vc_empty_space height=&#8221;50px&#8221;][\/vc_column][\/vc_row][vc_row][vc_column width=&#8221;1\/4&#8243;][vc_single_image image=&#8221;2533&#8243; img_size=&#8221;medium&#8221; alignment=&#8221;center&#8221;][vc_column_text]<\/p>\n<h5>M\u00e1quinas espec\u00edficas<\/h5>\n<p>desde las m\u00e1s exigentes en est\u00e1ndares sanitarios (empresas de servicios, granjas, sanidad), a las m\u00e1s intuitivas para autoservicio.[\/vc_column_text][\/vc_column][vc_column width=&#8221;1\/4&#8243;][vc_single_image image=&#8221;683&#8243; img_size=&#8221;medium&#8221; alignment=&#8221;center&#8221;][vc_column_text]<\/p>\n<h5>Ahorros autom\u00e1ticos<\/h5>\n<p>de agua y energ\u00eda a media carga (hasta un 50% de ahorro de agua).[\/vc_column_text][\/vc_column][vc_column width=&#8221;1\/4&#8243;][vc_single_image image=&#8221;976&#8243; img_size=&#8221;medium&#8221; alignment=&#8221;center&#8221;][vc_column_text]<\/p>\n<h5>F\u00e1cil de usar<\/h5>\n<p>Controles f\u00e1ciles de usar con grandes displays en diferentes idiomas. Apertura completa de puerta para facilitar la carga y descarga.[\/vc_column_text][\/vc_column][vc_column width=&#8221;1\/4&#8243;][vc_single_image image=&#8221;2534&#8243; img_size=&#8221;medium&#8221; alignment=&#8221;center&#8221;][vc_column_text]<\/p>\n<h5>Durabilidad<\/h5>\n<p>y funcionamiento libre de problemas. 30 000 ciclos de lavado profesional con cargas pesadas.[\/vc_column_text][\/vc_column][\/vc_row][vc_row][vc_column width=&#8221;1\/2&#8243;][vc_empty_space][\/vc_column][vc_column width=&#8221;1\/2&#8243;][\/vc_column][\/vc_row][vc_row][vc_column width=&#8221;1\/2&#8243; css=&#8221;.vc_custom_1484574375079{margin-left: 0px !important;border-left-width: 0px !important;padding-left: 0px !important;}&#8221;][vc_empty_space height=&#8221;15px&#8221;][elx_simple_block background_color=&#8221;inherit&#8221;][elx_heading font_size=&#8221;h3&#8243; text_color=&#8221;inherit&#8221;]Lavander\u00eda eficiente<br \/>\nen cada detalle[\/elx_heading][vc_column_text]M\u00e1s eficiencia y ergonom\u00eda gracias a una amplia gama de accesorios.[\/vc_column_text][elx_button button_text=&#8221;Descubre nuestros accesorios y consumibles&#8221; button_style=&#8221;icon&#8221; button_link=&#8221;url:https%3A%2F%2Fprofessional.electrolux.es%2Faccesorios-y-consumibles%2Faccesorios-consumibles-lavanderia%2F|title:Accessories%20and%20consumables%20for%20laundry%20solutions||&#8221;][\/elx_simple_block][\/vc_column][vc_column width=&#8221;1\/2&#8243;][elx_heading font_container=&#8221;h3&#8243; font_size=&#8221;h5&#8243; text_color=&#8221;inherit&#8221;]L\u00ednea 5000 de Electrolux Professional[\/elx_heading][elx_video_block background_image=&#8221;2506&#8243; video_link=&#8221;https:\/\/www.youtube.com\/watch?v=0hFNKTAL5YE&#8221; minimum_height=&#8221;300px&#8221;][\/vc_column][\/vc_row][vc_row][vc_column][vc_empty_space height=&#8221;50px&#8221;][elx_heading font_size=&#8221;h3&#8243; text_color=&#8221;inherit&#8221; text_align=&#8221;text-left&#8221;]Descubre la Lavadora de Carga Frontal que se ajusta a tus necesidades[\/elx_heading][elx_o2000_contact_us r=&#8221;Me gustar\u00eda tener m\u00e1s informaci\u00f3n sobre lavadoras de carga frontal. Por favor, contacten conmigo.&#8221; s=&#8221;Petici\u00f3n de informaci\u00f3n sobre lavadoras de carga frontal&#8221; e=&#8221;foodservice@electrolux.es&#8221; country=&#8221;Spain&#8221; l=&#8221;es&#8221; b=&#8221;laundry&#8221; container=&#8221;elxcontactus1473771624&#8243;][vc_empty_space height=&#8221;50px&#8221;][\/vc_column][\/vc_row][vc_row][vc_column][elx_heading font_size=&#8221;h3&#8243; text_color=&#8221;inherit&#8221; text_align=&#8221;text-center&#8221;]Encuentra tu soluci\u00f3n completa[\/elx_heading][\/vc_column][\/vc_row][vc_row][vc_column width=&#8221;1\/3&#8243;][elx_maylike_box id_box=&#8221;1988&#8243;][\/vc_column][vc_column width=&#8221;1\/3&#8243;][elx_maylike_box id_box=&#8221;374&#8243;][\/vc_column][vc_column width=&#8221;1\/3&#8243;][elx_maylike_box id_box=&#8221;387&#8243;][\/vc_column][\/vc_row][vc_row][vc_column][vc_empty_space height=&#8221;50px&#8221;][\/vc_column][\/vc_row]<\/p>\n","protected":false},"excerpt":{"rendered":"<p>[vc_row full_width=&#8221;electroluxpro-full-width-no-padding&#8221;][vc_column][elx_hero_slider label_text_color=&#8221;inherit&#8221; images=&#8221;8241&#8243;][elx_heading font_container=&#8221;h1&#8243; font_size=&#8221;h3&#8243; text_color=&#8221;inherit&#8221;]Lavadoras de Carga Frontal[\/elx_heading][\/elx_hero_slider][\/vc_column][\/vc_row][vc_row][vc_column width=&#8221;1\/2&#8243; css=&#8221;.vc_custom_1480692619788{padding-top: 50px !important;}&#8221;][elx_simple_block background_color=&#8221;inherit&#8221;][elx_heading font_size=&#8221;h5&#8243; text_color=&#8221;inherit&#8221;]Cuidado excelente con el mejor rendimiento y el mejor resultado de lavado[\/elx_heading][vc_column_text css=&#8221;.vc_custom_1490770549993{padding-top: 20px !important;}&#8221;]Cada lavander\u00eda es diferente, por ello, ofrecemos una extensa gama de lavadoras centrifugadoras.[\/vc_column_text][\/elx_simple_block][\/vc_column][vc_column width=&#8221;1\/2&#8243;][vc_empty_space height=&#8221;50px&#8221;][elx_image_block background_image=&#8221;2532&#8243; minimum_height=&#8221;400px&#8221;][\/vc_column][\/vc_row][vc_row][vc_column][vc_empty_space height=&#8221;50px&#8221;][\/vc_column][\/vc_row][vc_row][vc_column width=&#8221;1\/4&#8243;][vc_single_image image=&#8221;2533&#8243; img_size=&#8221;medium&#8221; alignment=&#8221;center&#8221;][vc_column_text] M\u00e1quinas espec\u00edficas desde [&hellip;]<\/p>\n","protected":false},"author":3,"featured_media":0,"parent":0,"menu_order":0,"comment_status":"closed","ping_status":"closed","template":"","meta":{"footnotes":""},"class_list":["post-3619","page","type-page","status-publish","hentry"],"acf":[],"yoast_head":"<!-- This site is optimized with the Yoast SEO plugin v23.4 - https:\/\/yoast.com\/wordpress\/plugins\/seo\/ -->\n<title>Lavadoras de carga frontal - Electrolux Professional Espa\u00f1a<\/title>\n<meta name=\"description\" content=\"Lavadoras de Carga Frontal. Cuidado excelente con el mejor rendimiento y los mejores resultado de lavado. Cada lavander\u00eda es diferente, por ello, ofrecemos una extensa gama de lavadoras centrifugadoras.\" \/>\n<meta name=\"robots\" content=\"index, follow, max-snippet:-1, max-image-preview:large, max-video-preview:-1\" \/>\n<link rel=\"canonical\" href=\"https:\/\/www.electroluxprofessional.com\/es\/lavadoras-de-carga-frontal\/\" \/>\n<meta property=\"og:locale\" content=\"es_ES\" \/>\n<meta property=\"og:type\" content=\"article\" \/>\n<meta property=\"og:title\" content=\"Lavadoras de carga frontal - Electrolux Professional Espa\u00f1a\" \/>\n<meta property=\"og:description\" content=\"Lavadoras de Carga Frontal. Cuidado excelente con el mejor rendimiento y los mejores resultado de lavado. Cada lavander\u00eda es diferente, por ello, ofrecemos una extensa gama de lavadoras centrifugadoras.\" \/>\n<meta property=\"og:url\" content=\"https:\/\/www.electroluxprofessional.com\/es\/lavadoras-de-carga-frontal\/\" \/>\n<meta property=\"og:site_name\" content=\"Electrolux Professional Espa\u00f1a\" \/>\n<meta property=\"article:modified_time\" content=\"2019-02-06T08:51:57+00:00\" \/>\n<meta name=\"twitter:card\" content=\"summary_large_image\" \/>\n<meta name=\"twitter:label1\" content=\"Tiempo de lectura\" \/>\n\t<meta name=\"twitter:data1\" content=\"3 minutos\" \/>\n<script type=\"application\/ld+json\" class=\"yoast-schema-graph\">{\"@context\":\"https:\/\/schema.org\",\"@graph\":[{\"@type\":\"WebPage\",\"@id\":\"https:\/\/www.electroluxprofessional.com\/es\/lavadoras-de-carga-frontal\/\",\"url\":\"https:\/\/www.electroluxprofessional.com\/es\/lavadoras-de-carga-frontal\/\",\"name\":\"Lavadoras de carga frontal - Electrolux Professional Espa\u00f1a\",\"isPartOf\":{\"@id\":\"https:\/\/www.electroluxprofessional.com\/es\/#website\"},\"datePublished\":\"2017-03-28T15:04:29+00:00\",\"dateModified\":\"2019-02-06T08:51:57+00:00\",\"description\":\"Lavadoras de Carga Frontal. Cuidado excelente con el mejor rendimiento y los mejores resultado de lavado. Cada lavander\u00eda es diferente, por ello, ofrecemos una extensa gama de lavadoras centrifugadoras.\",\"breadcrumb\":{\"@id\":\"https:\/\/www.electroluxprofessional.com\/es\/lavadoras-de-carga-frontal\/#breadcrumb\"},\"inLanguage\":\"es\",\"potentialAction\":[{\"@type\":\"ReadAction\",\"target\":[\"https:\/\/www.electroluxprofessional.com\/es\/lavadoras-de-carga-frontal\/\"]}]},{\"@type\":\"BreadcrumbList\",\"@id\":\"https:\/\/www.electroluxprofessional.com\/es\/lavadoras-de-carga-frontal\/#breadcrumb\",\"itemListElement\":[{\"@type\":\"ListItem\",\"position\":1,\"name\":\"Home\",\"item\":\"https:\/\/www.electroluxprofessional.com\/es\/\"},{\"@type\":\"ListItem\",\"position\":2,\"name\":\"Lavadoras de carga frontal\"}]},{\"@type\":\"WebSite\",\"@id\":\"https:\/\/www.electroluxprofessional.com\/es\/#website\",\"url\":\"https:\/\/www.electroluxprofessional.com\/es\/\",\"name\":\"Electrolux Professional Espa\u00f1a\",\"description\":\"Equipamiento cocinas profesionales y lavander\u00edas comerciales. Excelencia en el suministro de soluciones profesionales.\",\"potentialAction\":[{\"@type\":\"SearchAction\",\"target\":{\"@type\":\"EntryPoint\",\"urlTemplate\":\"https:\/\/www.electroluxprofessional.com\/es\/?src={search_term_string}\"},\"query-input\":{\"@type\":\"PropertyValueSpecification\",\"valueRequired\":true,\"valueName\":\"search_term_string\"}}],\"inLanguage\":\"es\"}]}<\/script>\n<!-- \/ Yoast SEO plugin. -->","yoast_head_json":{"title":"Lavadoras de carga frontal - Electrolux Professional Espa\u00f1a","description":"Lavadoras de Carga Frontal. Cuidado excelente con el mejor rendimiento y los mejores resultado de lavado. Cada lavander\u00eda es diferente, por ello, ofrecemos una extensa gama de lavadoras centrifugadoras.","robots":{"index":"index","follow":"follow","max-snippet":"max-snippet:-1","max-image-preview":"max-image-preview:large","max-video-preview":"max-video-preview:-1"},"canonical":"https:\/\/www.electroluxprofessional.com\/es\/lavadoras-de-carga-frontal\/","og_locale":"es_ES","og_type":"article","og_title":"Lavadoras de carga frontal - Electrolux Professional Espa\u00f1a","og_description":"Lavadoras de Carga Frontal. Cuidado excelente con el mejor rendimiento y los mejores resultado de lavado. Cada lavander\u00eda es diferente, por ello, ofrecemos una extensa gama de lavadoras centrifugadoras.","og_url":"https:\/\/www.electroluxprofessional.com\/es\/lavadoras-de-carga-frontal\/","og_site_name":"Electrolux Professional Espa\u00f1a","article_modified_time":"2019-02-06T08:51:57+00:00","twitter_card":"summary_large_image","twitter_misc":{"Tiempo de lectura":"3 minutos"},"schema":{"@context":"https:\/\/schema.org","@graph":[{"@type":"WebPage","@id":"https:\/\/www.electroluxprofessional.com\/es\/lavadoras-de-carga-frontal\/","url":"https:\/\/www.electroluxprofessional.com\/es\/lavadoras-de-carga-frontal\/","name":"Lavadoras de carga frontal - Electrolux Professional Espa\u00f1a","isPartOf":{"@id":"https:\/\/www.electroluxprofessional.com\/es\/#website"},"datePublished":"2017-03-28T15:04:29+00:00","dateModified":"2019-02-06T08:51:57+00:00","description":"Lavadoras de Carga Frontal. Cuidado excelente con el mejor rendimiento y los mejores resultado de lavado. Cada lavander\u00eda es diferente, por ello, ofrecemos una extensa gama de lavadoras centrifugadoras.","breadcrumb":{"@id":"https:\/\/www.electroluxprofessional.com\/es\/lavadoras-de-carga-frontal\/#breadcrumb"},"inLanguage":"es","potentialAction":[{"@type":"ReadAction","target":["https:\/\/www.electroluxprofessional.com\/es\/lavadoras-de-carga-frontal\/"]}]},{"@type":"BreadcrumbList","@id":"https:\/\/www.electroluxprofessional.com\/es\/lavadoras-de-carga-frontal\/#breadcrumb","itemListElement":[{"@type":"ListItem","position":1,"name":"Home","item":"https:\/\/www.electroluxprofessional.com\/es\/"},{"@type":"ListItem","position":2,"name":"Lavadoras de carga frontal"}]},{"@type":"WebSite","@id":"https:\/\/www.electroluxprofessional.com\/es\/#website","url":"https:\/\/www.electroluxprofessional.com\/es\/","name":"Electrolux Professional Espa\u00f1a","description":"Equipamiento cocinas profesionales y lavander\u00edas comerciales. Excelencia en el suministro de soluciones profesionales.","potentialAction":[{"@type":"SearchAction","target":{"@type":"EntryPoint","urlTemplate":"https:\/\/www.electroluxprofessional.com\/es\/?src={search_term_string}"},"query-input":{"@type":"PropertyValueSpecification","valueRequired":true,"valueName":"search_term_string"}}],"inLanguage":"es"}]}},"_links":{"self":[{"href":"https:\/\/www.electroluxprofessional.com\/es\/wp-json\/wp\/v2\/pages\/3619"}],"collection":[{"href":"https:\/\/www.electroluxprofessional.com\/es\/wp-json\/wp\/v2\/pages"}],"about":[{"href":"https:\/\/www.electroluxprofessional.com\/es\/wp-json\/wp\/v2\/types\/page"}],"author":[{"embeddable":true,"href":"https:\/\/www.electroluxprofessional.com\/es\/wp-json\/wp\/v2\/users\/3"}],"replies":[{"embeddable":true,"href":"https:\/\/www.electroluxprofessional.com\/es\/wp-json\/wp\/v2\/comments?post=3619"}],"version-history":[{"count":17,"href":"https:\/\/www.electroluxprofessional.com\/es\/wp-json\/wp\/v2\/pages\/3619\/revisions"}],"predecessor-version":[{"id":8242,"href":"https:\/\/www.electroluxprofessional.com\/es\/wp-json\/wp\/v2\/pages\/3619\/revisions\/8242"}],"wp:attachment":[{"href":"https:\/\/www.electroluxprofessional.com\/es\/wp-json\/wp\/v2\/media?parent=3619"}],"curies":[{"name":"wp","href":"https:\/\/api.w.org\/{rel}","templated":true}]}}