{"id":3511,"date":"2017-03-27T11:20:36","date_gmt":"2017-03-27T11:20:36","guid":{"rendered":"https:\/\/www.electroluxprofessional.com\/es\/?page_id=3511"},"modified":"2026-03-29T16:27:19","modified_gmt":"2026-03-29T16:27:19","slug":"sostenibilidad","status":"publish","type":"page","link":"https:\/\/www.electroluxprofessional.com\/es\/sostenibilidad\/","title":{"rendered":"For the Better sostenibilidad"},"content":{"rendered":"<p>[vc_row full_width=&#8221;electroluxpro-full-width-no-padding&#8221;][vc_column][elx_hero_title label=&#8221;&#8221; label_background_color=&#8221;inherit&#8221; background_image=&#8221;660&#8243;][\/elx_hero_title][\/vc_column][\/vc_row][vc_row][vc_column][elx_heading font_container=&#8221;h1&#8243; font_size=&#8221;h2&#8243; text_color=&#8221;inherit&#8221;]Queremos mejorar para llegar a ser la mejor compa\u00f1\u00eda del mundo, haciendo cada d\u00eda una diferencia positiva en la vida de las personas y en nuestro planeta.[\/elx_heading][\/vc_column][\/vc_row][vc_row][vc_column][vc_empty_space height=&#8221;50px&#8221;][\/vc_column][\/vc_row][vc_row][vc_column css=&#8221;.vc_custom_1464253757950{padding-bottom: 30px !important;}&#8221;][vc_column_text css_animation=&#8221;appear&#8221;]<\/p>\n<h3 style=\"text-align: center;\">Nuestro Compromiso<\/h3>\n<p>[\/vc_column_text][\/vc_column][\/vc_row][vc_row][vc_column width=&#8221;1\/2&#8243;][elx_simple_link_block link=&#8221;url:https%3A%2F%2Fprofessional.electrolux.es%2Fequipamiento-lavanderia-comercial%2Flagoon-advanced-care%2F|title:Laundry%20Shops%20||&#8221; text_align=&#8221;text-left&#8221; text_color=&#8221;inherit&#8221; background_color=&#8221;inherit&#8221; background_hover_color=&#8221;darker-hover&#8221; extra_class=&#8221;&#8221; reveal_effect=&#8221;&#8221; reveal_duration=&#8221;&#8221; reveal_delay=&#8221;&#8221;][vc_single_image image=&#8221;663&#8243; img_size=&#8221;full&#8221; alignment=&#8221;center&#8221;][elx_heading font_container=&#8221;h3&#8243; text_color=&#8221;inherit&#8221;]<span style=\"color: #f08452;\">Eliminar materiales da\u00f1inos<\/span>[\/elx_heading][vc_column_text]<strong>Lagoon Advanced Care<\/strong>\u00a0es una soluci\u00f3n de limpieza respetuosa con el medio ambiente, <strong>sin uso de qu\u00edmicos t\u00f3xicos<\/strong> en los procesos. El <strong>agua<\/strong> es el disolvente.[\/vc_column_text][\/elx_simple_link_block][\/vc_column][vc_column width=&#8221;1\/2&#8243;][elx_simple_link_block link=&#8221;url:https%3A%2F%2Fprofessional.electrolux.es%2Fequipamiento-lavanderia-comercial%2Fsecadora-de-bomba-de-calor%2F|title:Heat%20pump%20dryer||&#8221; text_align=&#8221;text-left&#8221; text_color=&#8221;inherit&#8221; background_color=&#8221;inherit&#8221; background_hover_color=&#8221;darker-hover&#8221; extra_class=&#8221;&#8221; reveal_effect=&#8221;&#8221; reveal_duration=&#8221;&#8221; reveal_delay=&#8221;&#8221;][vc_single_image image=&#8221;664&#8243; img_size=&#8221;full&#8221; alignment=&#8221;center&#8221;][elx_heading font_container=&#8221;h3&#8243; text_color=&#8221;inherit&#8221;]<span style=\"color: #f08452;\">Ahorro energ\u00e9tico de hasta un 60%<\/span>[\/elx_heading][vc_column_text]La tecnolog\u00eda revolucionaria de nuestras <strong>Secadoras de Bomba de Calor\u00a0<\/strong>permite\u00a0<strong>ahorro energ\u00e9tico de hasta un 60%<\/strong>\u00a0proporcionando una alta productividad y la <strong>mejor calidad<\/strong>.[\/vc_column_text][\/elx_simple_link_block][\/vc_column][\/vc_row][vc_row][vc_column][vc_empty_space height=&#8221;50px&#8221;][\/vc_column][\/vc_row][vc_row][vc_column width=&#8221;1\/2&#8243;][elx_simple_link_block link=&#8221;url:https%3A%2F%2Fprofessional.electrolux.es%2Fequipamiento-cocinas-profesionales%2Farmarios-refrigerados%2F|title:Refrigeration%20equipment||&#8221; text_align=&#8221;text-left&#8221; text_color=&#8221;inherit&#8221; background_color=&#8221;inherit&#8221; background_hover_color=&#8221;darker-hover&#8221; extra_class=&#8221;&#8221; reveal_effect=&#8221;&#8221; reveal_duration=&#8221;&#8221; reveal_delay=&#8221;&#8221;][vc_single_image image=&#8221;665&#8243; img_size=&#8221;full&#8221; alignment=&#8221;center&#8221;][elx_heading font_container=&#8221;h3&#8243; text_color=&#8221;inherit&#8221;]<span style=\"color: #f08452;\">Elije refrigeraci\u00f3n responsable<\/span>[\/elx_heading][vc_column_text]Con la nueva generaci\u00f3n de armarios refrigerados\u00a0<strong>puedes ahorrarte hasta 830\u20ac\/a\u00f1o<\/strong>\u00a0 (congelador) y\u00a0<strong>300\u20ac \/a\u00f1o<\/strong>\u00a0(frigor\u00edfico).[\/vc_column_text][\/elx_simple_link_block][\/vc_column][vc_column width=&#8221;1\/2&#8243;][elx_simple_link_block link=&#8221;url:https%3A%2F%2Fprofessional.electrolux.es%2Fequipamiento-cocinas-profesionales%2Flavavajillas-de-capota%2F|title:Hood%20Type%20Dishwasher||&#8221; text_align=&#8221;text-left&#8221; text_color=&#8221;inherit&#8221; background_color=&#8221;inherit&#8221; background_hover_color=&#8221;darker-hover&#8221; extra_class=&#8221;&#8221; reveal_effect=&#8221;&#8221; reveal_duration=&#8221;&#8221; reveal_delay=&#8221;&#8221;][vc_single_image image=&#8221;666&#8243; img_size=&#8221;full&#8221;][elx_heading font_container=&#8221;h3&#8243; text_color=&#8221;inherit&#8221;]<span style=\"color: #f08452;\">Ahorra hasta 1.040\u20ac al a\u00f1o<\/span>[\/elx_heading][vc_column_text]Los lavavajillas de capota Green&amp;clean aseguran\u00a0<strong>el<\/strong>\u00a0<strong>m\u00e1ximo ahorro<\/strong>\u00a0gracias al<strong>\u00a0bajo consumo<\/strong>\u00a0de agua y energ\u00eda.[\/vc_column_text][\/elx_simple_link_block][\/vc_column][\/vc_row][vc_row][vc_column][vc_empty_space height=&#8221;50px&#8221;][\/vc_column][\/vc_row][vc_row css=&#8221;.vc_custom_1485505201301{margin-right: 0px !important;border-right-width: 0px !important;padding-right: 0px !important;}&#8221;][vc_column width=&#8221;2\/3&#8243;][elx_heading font_size=&#8221;h3&#8243; text_color=&#8221;inherit&#8221;]<strong>Cultura de seguridad garantizada.<\/strong><br \/>\nMientras otros hablan, nosotros ya escribimos el libro.[\/elx_heading][vc_empty_space][\/vc_column][vc_column width=&#8221;1\/3&#8243; css=&#8221;.vc_custom_1485505095323{margin-right: 0px !important;border-right-width: 0px !important;padding-right: 0px !important;}&#8221;][\/vc_column][\/vc_row][vc_row disable_element=&#8221;yes&#8221;][vc_column][vc_column_text css_animation=&#8221;appear&#8221;]<\/p>\n<h3 style=\"text-align: center;\">It&#8217;s better to think of work safety<\/h3>\n<p>[\/vc_column_text][\/vc_column][\/vc_row][vc_row full_width=&#8221;electroluxpro-container-no-padding&#8221; equal_height=&#8221;yes&#8221; disable_element=&#8221;yes&#8221; css=&#8221;.vc_custom_1485504714043{padding-top: 20px !important;padding-bottom: 20px !important;background-color: #f7f6f6 !important;}&#8221;][vc_column width=&#8221;1\/3&#8243;][elx_image_block background_image=&#8221;661&#8243; minimum_height=&#8221;200px&#8221;][\/vc_column][vc_column width=&#8221;1\/3&#8243;][elx_simple_block text_align=&#8221;text-center&#8221; text_color=&#8221;white&#8221; background_color=&#8221;electrolux-blue&#8221;][elx_heading font_container=&#8221;h3&#8243; text_color=&#8221;inherit&#8221;]<span style=\"color: #ffffff;\">Imagine a zero risk\u00a0 workplace<\/span>[\/elx_heading][vc_column_text]<\/p>\n<p class=\" inherit inherit inherit\" style=\"text-align: center;\">Safety is not a nice-to-have option<\/p>\n<p>[\/vc_column_text][elx_button button_text=&#8221;Find out more&#8221; button_link=&#8221;url:https%3A%2F%2Fwww.electroluxprofessional.com%2Fsafety%2F|title:Find%20out%20more|&#8221;][\/elx_simple_block][\/vc_column][vc_column width=&#8221;1\/3&#8243;][elx_image_block background_image=&#8221;662&#8243; minimum_height=&#8221;200px&#8221;][\/vc_column][\/vc_row][vc_row][vc_column][vc_empty_space height=&#8221;50px&#8221;][\/vc_column][\/vc_row][vc_row][vc_column width=&#8221;1\/2&#8243;][elx_simple_block background_color=&#8221;inherit&#8221;][vc_single_image image=&#8221;667&#8243; img_size=&#8221;full&#8221; alignment=&#8221;center&#8221;][\/elx_simple_block][\/vc_column][vc_column width=&#8221;1\/2&#8243;][elx_simple_block background_color=&#8221;inherit&#8221;][vc_column_text]<\/p>\n<h3><span style=\"color: #f08452;\">Movi\u00e9ndonos hacia alternativas de energ\u00eda ecol\u00f3gicas<\/span><\/h3>\n<p>Los principales centros de fabricaci\u00f3n de equipos en Europa e Italia <strong>utilizan s\u00f3lo electricidad procedente de fuentes renovables.<\/strong>[\/vc_column_text][\/elx_simple_block][\/vc_column][\/vc_row][vc_row][vc_column][vc_column_text css_animation=&#8221;appear&#8221;]<\/p>\n<h3 style=\"text-align: left;\">Pensemos en la seguridad alimentaria<\/h3>\n<p>[\/vc_column_text][\/vc_column][\/vc_row][vc_row full_width=&#8221;electroluxpro-container-no-padding&#8221; equal_height=&#8221;yes&#8221; css=&#8221;.vc_custom_1490626210973{padding-top: 20px !important;padding-bottom: 20px !important;background-color: #f7f6f6 !important;}&#8221;][vc_column width=&#8221;1\/4&#8243;][elx_simple_block background_color=&#8221;inherit&#8221;][vc_single_image image=&#8221;668&#8243; img_size=&#8221;full&#8221;][\/elx_simple_block][\/vc_column][vc_column width=&#8221;3\/4&#8243;][elx_simple_block background_color=&#8221;inherit&#8221;][elx_heading font_container=&#8221;h3&#8243; text_color=&#8221;inherit&#8221;]Certificado internacional HACCP[\/elx_heading][vc_column_text]En la industria alimentaria, la contaminaci\u00f3n a trav\u00e9s de la colada es indirecta: \u00bfsab\u00edas que el contacto de alimentos con piezas como muelles, tuercas y tornillos puede causar graves consecuencias?[\/vc_column_text][elx_button button_text=&#8221;Saber m\u00e1s&#8221; button_link=&#8221;url:https%3A%2F%2Fprofessional.electrolux.es%2Fhaccp%2F|title:haccp||&#8221;][\/elx_simple_block][\/vc_column][\/vc_row][vc_row][vc_column][vc_empty_space height=&#8221;50px&#8221;][\/vc_column][\/vc_row]<\/p>\n","protected":false},"excerpt":{"rendered":"<p>[vc_row full_width=&#8221;electroluxpro-full-width-no-padding&#8221;][vc_column][elx_hero_title label=&#8221;&#8221; label_background_color=&#8221;inherit&#8221; background_image=&#8221;660&#8243;][\/elx_hero_title][\/vc_column][\/vc_row][vc_row][vc_column][elx_heading font_container=&#8221;h1&#8243; font_size=&#8221;h2&#8243; text_color=&#8221;inherit&#8221;]Queremos mejorar para llegar a ser la mejor compa\u00f1\u00eda del mundo, haciendo cada d\u00eda una diferencia positiva en la vida de las personas y en nuestro planeta.[\/elx_heading][\/vc_column][\/vc_row][vc_row][vc_column][vc_empty_space height=&#8221;50px&#8221;][\/vc_column][\/vc_row][vc_row][vc_column css=&#8221;.vc_custom_1464253757950{padding-bottom: 30px !important;}&#8221;][vc_column_text css_animation=&#8221;appear&#8221;] Nuestro Compromiso [\/vc_column_text][\/vc_column][\/vc_row][vc_row][vc_column width=&#8221;1\/2&#8243;][elx_simple_link_block link=&#8221;url:https%3A%2F%2Fprofessional.electrolux.es%2Fequipamiento-lavanderia-comercial%2Flagoon-advanced-care%2F|title:Laundry%20Shops%20||&#8221; text_align=&#8221;text-left&#8221; text_color=&#8221;inherit&#8221; background_color=&#8221;inherit&#8221; background_hover_color=&#8221;darker-hover&#8221; extra_class=&#8221;&#8221; reveal_effect=&#8221;&#8221; reveal_duration=&#8221;&#8221; reveal_delay=&#8221;&#8221;][vc_single_image image=&#8221;663&#8243; img_size=&#8221;full&#8221; alignment=&#8221;center&#8221;][elx_heading [&hellip;]<\/p>\n","protected":false},"author":3,"featured_media":0,"parent":0,"menu_order":0,"comment_status":"closed","ping_status":"closed","template":"","meta":{"footnotes":""},"class_list":["post-3511","page","type-page","status-publish","hentry"],"acf":[],"yoast_head":"<!-- This site is optimized with the Yoast SEO plugin v23.4 - https:\/\/yoast.com\/wordpress\/plugins\/seo\/ -->\n<title>Sostenibilidad | Electrolux Professional<\/title>\n<meta name=\"description\" content=\"Electrolux Professional se compromete con la sostenibilidad, eliminando materiales da\u00f1inos y promoviendo el ahorro energ\u00e9tico.\" \/>\n<meta name=\"robots\" content=\"index, follow, max-snippet:-1, max-image-preview:large, max-video-preview:-1\" \/>\n<link rel=\"canonical\" href=\"https:\/\/www.electroluxprofessional.com\/es\/sostenibilidad\/\" \/>\n<meta property=\"og:locale\" content=\"es_ES\" \/>\n<meta property=\"og:type\" content=\"article\" \/>\n<meta property=\"og:title\" content=\"Sostenibilidad | Electrolux Professional\" \/>\n<meta property=\"og:description\" content=\"Electrolux Professional se compromete con la sostenibilidad, eliminando materiales da\u00f1inos y promoviendo el ahorro energ\u00e9tico.\" \/>\n<meta property=\"og:url\" content=\"https:\/\/www.electroluxprofessional.com\/es\/sostenibilidad\/\" \/>\n<meta property=\"og:site_name\" content=\"Electrolux Professional Espa\u00f1a\" \/>\n<meta property=\"article:modified_time\" content=\"2026-03-29T16:27:19+00:00\" \/>\n<meta name=\"twitter:card\" content=\"summary_large_image\" \/>\n<meta name=\"twitter:label1\" content=\"Tiempo de lectura\" \/>\n\t<meta name=\"twitter:data1\" content=\"4 minutos\" \/>\n<script type=\"application\/ld+json\" class=\"yoast-schema-graph\">{\"@context\":\"https:\/\/schema.org\",\"@graph\":[{\"@type\":\"WebPage\",\"@id\":\"https:\/\/www.electroluxprofessional.com\/es\/sostenibilidad\/\",\"url\":\"https:\/\/www.electroluxprofessional.com\/es\/sostenibilidad\/\",\"name\":\"Sostenibilidad | Electrolux Professional\",\"isPartOf\":{\"@id\":\"https:\/\/www.electroluxprofessional.com\/es\/#website\"},\"datePublished\":\"2017-03-27T11:20:36+00:00\",\"dateModified\":\"2026-03-29T16:27:19+00:00\",\"description\":\"Electrolux Professional se compromete con la sostenibilidad, eliminando materiales da\u00f1inos y promoviendo el ahorro energ\u00e9tico.\",\"breadcrumb\":{\"@id\":\"https:\/\/www.electroluxprofessional.com\/es\/sostenibilidad\/#breadcrumb\"},\"inLanguage\":\"es\",\"potentialAction\":[{\"@type\":\"ReadAction\",\"target\":[\"https:\/\/www.electroluxprofessional.com\/es\/sostenibilidad\/\"]}]},{\"@type\":\"BreadcrumbList\",\"@id\":\"https:\/\/www.electroluxprofessional.com\/es\/sostenibilidad\/#breadcrumb\",\"itemListElement\":[{\"@type\":\"ListItem\",\"position\":1,\"name\":\"Home\",\"item\":\"https:\/\/www.electroluxprofessional.com\/es\/\"},{\"@type\":\"ListItem\",\"position\":2,\"name\":\"For the Better sostenibilidad\"}]},{\"@type\":\"WebSite\",\"@id\":\"https:\/\/www.electroluxprofessional.com\/es\/#website\",\"url\":\"https:\/\/www.electroluxprofessional.com\/es\/\",\"name\":\"Electrolux Professional Espa\u00f1a\",\"description\":\"Equipamiento cocinas profesionales y lavander\u00edas comerciales. Excelencia en el suministro de soluciones profesionales.\",\"potentialAction\":[{\"@type\":\"SearchAction\",\"target\":{\"@type\":\"EntryPoint\",\"urlTemplate\":\"https:\/\/www.electroluxprofessional.com\/es\/?src={search_term_string}\"},\"query-input\":{\"@type\":\"PropertyValueSpecification\",\"valueRequired\":true,\"valueName\":\"search_term_string\"}}],\"inLanguage\":\"es\"}]}<\/script>\n<!-- \/ Yoast SEO plugin. -->","yoast_head_json":{"title":"Sostenibilidad | Electrolux Professional","description":"Electrolux Professional se compromete con la sostenibilidad, eliminando materiales da\u00f1inos y promoviendo el ahorro energ\u00e9tico.","robots":{"index":"index","follow":"follow","max-snippet":"max-snippet:-1","max-image-preview":"max-image-preview:large","max-video-preview":"max-video-preview:-1"},"canonical":"https:\/\/www.electroluxprofessional.com\/es\/sostenibilidad\/","og_locale":"es_ES","og_type":"article","og_title":"Sostenibilidad | Electrolux Professional","og_description":"Electrolux Professional se compromete con la sostenibilidad, eliminando materiales da\u00f1inos y promoviendo el ahorro energ\u00e9tico.","og_url":"https:\/\/www.electroluxprofessional.com\/es\/sostenibilidad\/","og_site_name":"Electrolux Professional Espa\u00f1a","article_modified_time":"2026-03-29T16:27:19+00:00","twitter_card":"summary_large_image","twitter_misc":{"Tiempo de lectura":"4 minutos"},"schema":{"@context":"https:\/\/schema.org","@graph":[{"@type":"WebPage","@id":"https:\/\/www.electroluxprofessional.com\/es\/sostenibilidad\/","url":"https:\/\/www.electroluxprofessional.com\/es\/sostenibilidad\/","name":"Sostenibilidad | Electrolux Professional","isPartOf":{"@id":"https:\/\/www.electroluxprofessional.com\/es\/#website"},"datePublished":"2017-03-27T11:20:36+00:00","dateModified":"2026-03-29T16:27:19+00:00","description":"Electrolux Professional se compromete con la sostenibilidad, eliminando materiales da\u00f1inos y promoviendo el ahorro energ\u00e9tico.","breadcrumb":{"@id":"https:\/\/www.electroluxprofessional.com\/es\/sostenibilidad\/#breadcrumb"},"inLanguage":"es","potentialAction":[{"@type":"ReadAction","target":["https:\/\/www.electroluxprofessional.com\/es\/sostenibilidad\/"]}]},{"@type":"BreadcrumbList","@id":"https:\/\/www.electroluxprofessional.com\/es\/sostenibilidad\/#breadcrumb","itemListElement":[{"@type":"ListItem","position":1,"name":"Home","item":"https:\/\/www.electroluxprofessional.com\/es\/"},{"@type":"ListItem","position":2,"name":"For the Better sostenibilidad"}]},{"@type":"WebSite","@id":"https:\/\/www.electroluxprofessional.com\/es\/#website","url":"https:\/\/www.electroluxprofessional.com\/es\/","name":"Electrolux Professional Espa\u00f1a","description":"Equipamiento cocinas profesionales y lavander\u00edas comerciales. Excelencia en el suministro de soluciones profesionales.","potentialAction":[{"@type":"SearchAction","target":{"@type":"EntryPoint","urlTemplate":"https:\/\/www.electroluxprofessional.com\/es\/?src={search_term_string}"},"query-input":{"@type":"PropertyValueSpecification","valueRequired":true,"valueName":"search_term_string"}}],"inLanguage":"es"}]}},"_links":{"self":[{"href":"https:\/\/www.electroluxprofessional.com\/es\/wp-json\/wp\/v2\/pages\/3511"}],"collection":[{"href":"https:\/\/www.electroluxprofessional.com\/es\/wp-json\/wp\/v2\/pages"}],"about":[{"href":"https:\/\/www.electroluxprofessional.com\/es\/wp-json\/wp\/v2\/types\/page"}],"author":[{"embeddable":true,"href":"https:\/\/www.electroluxprofessional.com\/es\/wp-json\/wp\/v2\/users\/3"}],"replies":[{"embeddable":true,"href":"https:\/\/www.electroluxprofessional.com\/es\/wp-json\/wp\/v2\/comments?post=3511"}],"version-history":[{"count":65,"href":"https:\/\/www.electroluxprofessional.com\/es\/wp-json\/wp\/v2\/pages\/3511\/revisions"}],"predecessor-version":[{"id":26043,"href":"https:\/\/www.electroluxprofessional.com\/es\/wp-json\/wp\/v2\/pages\/3511\/revisions\/26043"}],"wp:attachment":[{"href":"https:\/\/www.electroluxprofessional.com\/es\/wp-json\/wp\/v2\/media?parent=3511"}],"curies":[{"name":"wp","href":"https:\/\/api.w.org\/{rel}","templated":true}]}}