{"id":3440,"date":"2017-03-24T09:43:17","date_gmt":"2017-03-24T09:43:17","guid":{"rendered":"https:\/\/www.electroluxprofessional.com\/es\/?page_id=3440"},"modified":"2026-03-31T07:05:43","modified_gmt":"2026-03-31T07:05:43","slug":"soluciones-para-modificar-texturas-alimentos","status":"publish","type":"page","link":"https:\/\/www.electroluxprofessional.com\/es\/soluciones-para-modificar-texturas-alimentos\/","title":{"rendered":"Soluciones para modificar texturas de alimentos"},"content":{"rendered":"<p>[vc_row full_width=&#8221;electroluxpro-full-width-no-padding&#8221;][vc_column][elx_hero_slider label_text_color=&#8221;inherit&#8221; images=&#8221;2807&#8243;][elx_heading font_container=&#8221;h1&#8243; font_size=&#8221;h2&#8243; text_color=&#8221;inherit&#8221;]Soluciones para modificar texturas de alimentos[\/elx_heading][\/elx_hero_slider][\/vc_column][\/vc_row][vc_row][vc_column][vc_empty_space][elx_heading text_color=&#8221;inherit&#8221;]Elabora tus propias texturas<br \/>\nconservando sabores, aromas y contenido nutricional[\/elx_heading][\/vc_column][\/vc_row][vc_row][vc_column width=&#8221;1\/2&#8243;][vc_empty_space][vc_column_text]Cada vez que probamos nuestros equipos descubrimos cosas nuevas.<\/p>\n<p>Gracias a la rasqueta y a la velocidad m\u00e1xima de 3700 rpm, hemos podido lograr un <strong>excelente resultado homog\u00e9neo<\/strong>\u00a0para preparar\u00a0<strong>platos de cuchara o semil\u00edquidos <\/strong>para pacientes que no pueden\u00a0masticar alimentos s\u00f3lidos.[\/vc_column_text][\/vc_column][vc_column width=&#8221;1\/2&#8243;][vc_row_inner][vc_column_inner width=&#8221;2\/3&#8243;][vc_single_image image=&#8221;2658&#8243; img_size=&#8221;full&#8221;][\/vc_column_inner][vc_column_inner width=&#8221;1\/3&#8243;][\/vc_column_inner][\/vc_row_inner][\/vc_column][\/vc_row][vc_row][vc_column width=&#8221;1\/2&#8243;][vc_single_image image=&#8221;2806&#8243; img_size=&#8221;full&#8221;][\/vc_column][vc_column width=&#8221;1\/2&#8243;][vc_empty_space height=&#8221;50px&#8221;][vc_column_text]Adem\u00e1s, no tenemos que preparar la comida de ninguna manera especial. Podemos cocinar como siempre y luego homogeneizarla con nuestras picadoras-cutter K45\/ K55\/K70. Esto nos permite<strong>\u00a0conservar todos los valores nutricionales, el sabor y el color<\/strong>. El resultado final es agradable a la vista y el paladar. Esto puede ser muy importante para revivir el sentido del gusto de los pacientes que se est\u00e1n recuperando.<\/p>\n<p>Adem\u00e1s, el proceso de homogeneizaci\u00f3n es esencial para preparar comida para beb\u00e9s o ancianos.[\/vc_column_text][\/vc_column][\/vc_row][vc_row][vc_column][vc_empty_space][elx_heading font_container=&#8221;h3&#8243; text_color=&#8221;inherit&#8221;]Video recetas[\/elx_heading][\/vc_column][\/vc_row][vc_row][vc_column width=&#8221;2\/3&#8243;][elx_video_block background_image=&#8221;2659&#8243; video_link=&#8221;https:\/\/www.youtube.com\/watch?v=RJHFjlZd2p8&amp;list=PLn-GI5LWCZdR1riCStpsI2l8-khQ9aBq9&#8243; minimum_height=&#8221;260px&#8221;][\/vc_column][vc_column width=&#8221;1\/3&#8243;][elx_download_block text=&#8221;Cortar, triturar y picar&#8221; link=&#8221;https:\/\/www.electroluxprofessional.com\/es\/equipamiento-cocinas-profesionales\/cortar-triturar-picar\/&#8221; link_target=&#8221;self&#8221; background_color=&#8221;cat-cook&#8221; background_image=&#8221;2805&#8243; reveal_effect=&#8221;&#8221; reveal_duration=&#8221;&#8221; reveal_delay=&#8221;&#8221;][\/vc_column][\/vc_row][vc_row][vc_column][elx_heading text_color=&#8221;inherit&#8221;]Descubre lo que la modificaci\u00f3n de texturas pueden hacer por tu negocio[\/elx_heading][elx_o2000_contact_us r=&#8221;Me gustar\u00eda tener m\u00e1s informaci\u00f3n sobre modificaci\u00f3n de texturas de alimentos y picadoras-cutter. Por favor, contacten conmigo.&#8221; s=&#8221;Petici\u00f3n de informaci\u00f3n sobre modificaci\u00f3n de texturas de alimentos y picadoras-cutter&#8221; e=&#8221;foodservice@electrolux.es&#8221; country=&#8221;Spain&#8221; l=&#8221;es&#8221; container=&#8221;elxcontactus1487067782&#8243;][\/vc_column][\/vc_row]<\/p>\n","protected":false},"excerpt":{"rendered":"<p>[vc_row full_width=&#8221;electroluxpro-full-width-no-padding&#8221;][vc_column][elx_hero_slider label_text_color=&#8221;inherit&#8221; images=&#8221;2807&#8243;][elx_heading font_container=&#8221;h1&#8243; font_size=&#8221;h2&#8243; text_color=&#8221;inherit&#8221;]Soluciones para modificar texturas de alimentos[\/elx_heading][\/elx_hero_slider][\/vc_column][\/vc_row][vc_row][vc_column][vc_empty_space][elx_heading text_color=&#8221;inherit&#8221;]Elabora tus propias texturas conservando sabores, aromas y contenido nutricional[\/elx_heading][\/vc_column][\/vc_row][vc_row][vc_column width=&#8221;1\/2&#8243;][vc_empty_space][vc_column_text]Cada vez que probamos nuestros equipos descubrimos cosas nuevas. Gracias a la rasqueta y a la velocidad m\u00e1xima de 3700 rpm, hemos podido lograr un excelente resultado homog\u00e9neo\u00a0para preparar\u00a0platos de cuchara o semil\u00edquidos [&hellip;]<\/p>\n","protected":false},"author":3,"featured_media":0,"parent":0,"menu_order":0,"comment_status":"closed","ping_status":"closed","template":"","meta":{"footnotes":""},"class_list":["post-3440","page","type-page","status-publish","hentry"],"acf":[],"yoast_head":"<!-- This site is optimized with the Yoast SEO plugin v23.4 - https:\/\/yoast.com\/wordpress\/plugins\/seo\/ -->\n<title>Modificar texturas: soluciones profesionales | Electrolux Professional<\/title>\n<meta name=\"description\" content=\"Soluciones dise\u00f1adas para modificar texturas de alimentos en la cocina profesional. Nuestros equipos permiten conservar los sabores y los nutrientes esenciales para una alimentaci\u00f3n saludable.\" \/>\n<meta name=\"robots\" content=\"index, follow, max-snippet:-1, max-image-preview:large, max-video-preview:-1\" \/>\n<link rel=\"canonical\" href=\"https:\/\/www.electroluxprofessional.com\/es\/soluciones-para-modificar-texturas-alimentos\/\" \/>\n<meta property=\"og:locale\" content=\"es_ES\" \/>\n<meta property=\"og:type\" content=\"article\" \/>\n<meta property=\"og:title\" content=\"Modificar texturas: soluciones profesionales | Electrolux Professional\" \/>\n<meta property=\"og:description\" content=\"Soluciones dise\u00f1adas para modificar texturas de alimentos en la cocina profesional. Nuestros equipos permiten conservar los sabores y los nutrientes esenciales para una alimentaci\u00f3n saludable.\" \/>\n<meta property=\"og:url\" content=\"https:\/\/www.electroluxprofessional.com\/es\/soluciones-para-modificar-texturas-alimentos\/\" \/>\n<meta property=\"og:site_name\" content=\"Electrolux Professional Espa\u00f1a\" \/>\n<meta property=\"article:modified_time\" content=\"2026-03-31T07:05:43+00:00\" \/>\n<meta name=\"twitter:card\" content=\"summary_large_image\" \/>\n<meta name=\"twitter:label1\" content=\"Tiempo de lectura\" \/>\n\t<meta name=\"twitter:data1\" content=\"2 minutos\" \/>\n<script type=\"application\/ld+json\" class=\"yoast-schema-graph\">{\"@context\":\"https:\/\/schema.org\",\"@graph\":[{\"@type\":\"WebPage\",\"@id\":\"https:\/\/www.electroluxprofessional.com\/es\/soluciones-para-modificar-texturas-alimentos\/\",\"url\":\"https:\/\/www.electroluxprofessional.com\/es\/soluciones-para-modificar-texturas-alimentos\/\",\"name\":\"Modificar texturas: soluciones profesionales | Electrolux Professional\",\"isPartOf\":{\"@id\":\"https:\/\/www.electroluxprofessional.com\/es\/#website\"},\"datePublished\":\"2017-03-24T09:43:17+00:00\",\"dateModified\":\"2026-03-31T07:05:43+00:00\",\"description\":\"Soluciones dise\u00f1adas para modificar texturas de alimentos en la cocina profesional. Nuestros equipos permiten conservar los sabores y los nutrientes esenciales para una alimentaci\u00f3n saludable.\",\"breadcrumb\":{\"@id\":\"https:\/\/www.electroluxprofessional.com\/es\/soluciones-para-modificar-texturas-alimentos\/#breadcrumb\"},\"inLanguage\":\"es\",\"potentialAction\":[{\"@type\":\"ReadAction\",\"target\":[\"https:\/\/www.electroluxprofessional.com\/es\/soluciones-para-modificar-texturas-alimentos\/\"]}]},{\"@type\":\"BreadcrumbList\",\"@id\":\"https:\/\/www.electroluxprofessional.com\/es\/soluciones-para-modificar-texturas-alimentos\/#breadcrumb\",\"itemListElement\":[{\"@type\":\"ListItem\",\"position\":1,\"name\":\"Home\",\"item\":\"https:\/\/www.electroluxprofessional.com\/es\/\"},{\"@type\":\"ListItem\",\"position\":2,\"name\":\"Soluciones para modificar texturas de alimentos\"}]},{\"@type\":\"WebSite\",\"@id\":\"https:\/\/www.electroluxprofessional.com\/es\/#website\",\"url\":\"https:\/\/www.electroluxprofessional.com\/es\/\",\"name\":\"Electrolux Professional Espa\u00f1a\",\"description\":\"Equipamiento cocinas profesionales y lavander\u00edas comerciales. Excelencia en el suministro de soluciones profesionales.\",\"potentialAction\":[{\"@type\":\"SearchAction\",\"target\":{\"@type\":\"EntryPoint\",\"urlTemplate\":\"https:\/\/www.electroluxprofessional.com\/es\/?src={search_term_string}\"},\"query-input\":{\"@type\":\"PropertyValueSpecification\",\"valueRequired\":true,\"valueName\":\"search_term_string\"}}],\"inLanguage\":\"es\"}]}<\/script>\n<!-- \/ Yoast SEO plugin. -->","yoast_head_json":{"title":"Modificar texturas: soluciones profesionales | Electrolux Professional","description":"Soluciones dise\u00f1adas para modificar texturas de alimentos en la cocina profesional. Nuestros equipos permiten conservar los sabores y los nutrientes esenciales para una alimentaci\u00f3n saludable.","robots":{"index":"index","follow":"follow","max-snippet":"max-snippet:-1","max-image-preview":"max-image-preview:large","max-video-preview":"max-video-preview:-1"},"canonical":"https:\/\/www.electroluxprofessional.com\/es\/soluciones-para-modificar-texturas-alimentos\/","og_locale":"es_ES","og_type":"article","og_title":"Modificar texturas: soluciones profesionales | Electrolux Professional","og_description":"Soluciones dise\u00f1adas para modificar texturas de alimentos en la cocina profesional. Nuestros equipos permiten conservar los sabores y los nutrientes esenciales para una alimentaci\u00f3n saludable.","og_url":"https:\/\/www.electroluxprofessional.com\/es\/soluciones-para-modificar-texturas-alimentos\/","og_site_name":"Electrolux Professional Espa\u00f1a","article_modified_time":"2026-03-31T07:05:43+00:00","twitter_card":"summary_large_image","twitter_misc":{"Tiempo de lectura":"2 minutos"},"schema":{"@context":"https:\/\/schema.org","@graph":[{"@type":"WebPage","@id":"https:\/\/www.electroluxprofessional.com\/es\/soluciones-para-modificar-texturas-alimentos\/","url":"https:\/\/www.electroluxprofessional.com\/es\/soluciones-para-modificar-texturas-alimentos\/","name":"Modificar texturas: soluciones profesionales | Electrolux Professional","isPartOf":{"@id":"https:\/\/www.electroluxprofessional.com\/es\/#website"},"datePublished":"2017-03-24T09:43:17+00:00","dateModified":"2026-03-31T07:05:43+00:00","description":"Soluciones dise\u00f1adas para modificar texturas de alimentos en la cocina profesional. Nuestros equipos permiten conservar los sabores y los nutrientes esenciales para una alimentaci\u00f3n saludable.","breadcrumb":{"@id":"https:\/\/www.electroluxprofessional.com\/es\/soluciones-para-modificar-texturas-alimentos\/#breadcrumb"},"inLanguage":"es","potentialAction":[{"@type":"ReadAction","target":["https:\/\/www.electroluxprofessional.com\/es\/soluciones-para-modificar-texturas-alimentos\/"]}]},{"@type":"BreadcrumbList","@id":"https:\/\/www.electroluxprofessional.com\/es\/soluciones-para-modificar-texturas-alimentos\/#breadcrumb","itemListElement":[{"@type":"ListItem","position":1,"name":"Home","item":"https:\/\/www.electroluxprofessional.com\/es\/"},{"@type":"ListItem","position":2,"name":"Soluciones para modificar texturas de alimentos"}]},{"@type":"WebSite","@id":"https:\/\/www.electroluxprofessional.com\/es\/#website","url":"https:\/\/www.electroluxprofessional.com\/es\/","name":"Electrolux Professional Espa\u00f1a","description":"Equipamiento cocinas profesionales y lavander\u00edas comerciales. Excelencia en el suministro de soluciones profesionales.","potentialAction":[{"@type":"SearchAction","target":{"@type":"EntryPoint","urlTemplate":"https:\/\/www.electroluxprofessional.com\/es\/?src={search_term_string}"},"query-input":{"@type":"PropertyValueSpecification","valueRequired":true,"valueName":"search_term_string"}}],"inLanguage":"es"}]}},"_links":{"self":[{"href":"https:\/\/www.electroluxprofessional.com\/es\/wp-json\/wp\/v2\/pages\/3440"}],"collection":[{"href":"https:\/\/www.electroluxprofessional.com\/es\/wp-json\/wp\/v2\/pages"}],"about":[{"href":"https:\/\/www.electroluxprofessional.com\/es\/wp-json\/wp\/v2\/types\/page"}],"author":[{"embeddable":true,"href":"https:\/\/www.electroluxprofessional.com\/es\/wp-json\/wp\/v2\/users\/3"}],"replies":[{"embeddable":true,"href":"https:\/\/www.electroluxprofessional.com\/es\/wp-json\/wp\/v2\/comments?post=3440"}],"version-history":[{"count":6,"href":"https:\/\/www.electroluxprofessional.com\/es\/wp-json\/wp\/v2\/pages\/3440\/revisions"}],"predecessor-version":[{"id":26073,"href":"https:\/\/www.electroluxprofessional.com\/es\/wp-json\/wp\/v2\/pages\/3440\/revisions\/26073"}],"wp:attachment":[{"href":"https:\/\/www.electroluxprofessional.com\/es\/wp-json\/wp\/v2\/media?parent=3440"}],"curies":[{"name":"wp","href":"https:\/\/api.w.org\/{rel}","templated":true}]}}