{"id":3389,"date":"2017-03-22T15:42:41","date_gmt":"2017-03-22T15:42:41","guid":{"rendered":"https:\/\/www.electroluxprofessional.com\/es\/?page_id=3389"},"modified":"2026-03-31T06:51:08","modified_gmt":"2026-03-31T06:51:08","slug":"cortar-triturar-picar","status":"publish","type":"page","link":"https:\/\/www.electroluxprofessional.com\/es\/cortar-triturar-picar\/","title":{"rendered":"Preparaci\u00f3n din\u00e1mica: cortar, triturar y picar"},"content":{"rendered":"<p>[vc_row full_width=&#8221;electroluxpro-full-width-no-padding&#8221;][vc_column][vc_single_image image=&#8221;7648&#8243; img_size=&#8221;full&#8221;][\/vc_column][\/vc_row][vc_row][vc_column][vc_empty_space][elx_heading font_container=&#8221;h1&#8243; font_size=&#8221;h3&#8243; text_color=&#8221;inherit&#8221; text_align=&#8221;text-left&#8221;]Cortar, triturar y picar con nuestra gama de cortadoras de hortalizas, picadoras cutter, trituradores port\u00e1tiles, picadoras de carne y cortadoras de fiambre[\/elx_heading][vc_empty_space height=&#8221;22px&#8221;][vc_empty_space][\/vc_column][\/vc_row][vc_row][vc_column width=&#8221;1\/3&#8243;][elx_heading font_size=&#8221;h3&#8243; text_color=&#8221;inherit&#8221; text_align=&#8221;text-left&#8221;]Cortadoras de hortalizas[\/elx_heading][elx_video_block background_image=&#8221;3419&#8243; video_link=&#8221;https:\/\/www.youtube.com\/watch?v=STy0P-M73Wk&amp;feature=youtu.be&#8221; minimum_height=&#8221;340px&#8221;][vc_column_text]La gama de cortadoras de hortalizas Electrolux Professional cuenta con <strong>diferentes modelos<\/strong> &#8211; de sobremesa y de suelo &#8211; <strong>todas ofrecen alta productividad en cont\u00ednuo <\/strong>con tolvas para todo tipo de frutas y verduras.[\/vc_column_text][\/vc_column][vc_column width=&#8221;1\/3&#8243;][elx_heading font_size=&#8221;h3&#8243; text_color=&#8221;inherit&#8221; text_align=&#8221;text-left&#8221;]Cortadoras \/Picadoras[\/elx_heading][elx_video_block background_image=&#8221;7652&#8243; minimum_height=&#8221;340px&#8221; video_link=&#8221;https:\/\/www.youtube.com\/watch?v=T3ZUpNIfF1U&amp;feature=youtu.be&#8221;][vc_column_text]M\u00e1quina 3 en 1: cortadora, emulsionadora y picadora. <strong>Cambie de procesadora de alimentos a cortadora<\/strong> en cuesti\u00f3n de segundos, sin herramientas. Desmontable y apto para lavavajillas.[\/vc_column_text][\/vc_column][vc_column width=&#8221;1\/3&#8243;][elx_heading font_size=&#8221;h3&#8243; text_color=&#8221;inherit&#8221; text_align=&#8221;text-left&#8221;]Picadoras<br \/>\nCutter[\/elx_heading][elx_video_block background_image=&#8221;7654&#8243; minimum_height=&#8221;340px&#8221; video_link=&#8221;https:\/\/www.youtube.com\/watch?v=EeQ3L-BJa9Q&amp;feature=youtu.be&#8221;][vc_column_text]De gran potencia, <strong>hechas para durar<\/strong>. La m\u00e1quina ideal para el profesional de la cocina.<br \/>\nPica, tritura, muele y mezcla cualquier ingrediente de tu receta.[\/vc_column_text][\/vc_column][\/vc_row][vc_row][vc_column width=&#8221;1\/3&#8243;][elx_download_block text=&#8221;TRS\/TR210<br \/>\nCortadoras de hortalizas<br \/>\nfolleto&#8221; link=&#8221;files.professional.electrolux.com\/docs\/?n=CLF-9JER09&amp;b=5&amp;l=4&#8243; background_color=&#8221;cat-create&#8221; reveal_effect=&#8221;&#8221; reveal_duration=&#8221;&#8221; reveal_delay=&#8221;&#8221;][elx_download_block text=&#8221;TRS cortadoras de hortalizas y discos&#8221; link=&#8221;files.professional.electrolux.com\/docs\/?n=CLF-9JEHG&amp;b=5&amp;l=4&#8243; background_color=&#8221;cat-create&#8221; reveal_effect=&#8221;&#8221; reveal_duration=&#8221;&#8221; reveal_delay=&#8221;&#8221;][\/vc_column][vc_column width=&#8221;1\/3&#8243;][elx_download_block text=&#8221;K 45\/55\/70<br \/>\npicadoras-cutter<br \/>\nfolleto&#8221; link=&#8221;files.professional.electrolux.com\/docs\/?n=CLF-9JEHI&amp;b=5&amp;l=4&#8243; background_color=&#8221;cat-create&#8221; reveal_effect=&#8221;&#8221; reveal_duration=&#8221;&#8221; reveal_delay=&#8221;&#8221;][elx_download_block text=&#8221;Cat\u00e1logo<br \/>\npreparaci\u00f3n din\u00e1mica&#8221; link=&#8221;files.professional.electrolux.com\/docs\/?n=BR-9JEEL&amp;b=5&amp;l=4&#8243; background_color=&#8221;cat-create&#8221; reveal_effect=&#8221;&#8221; reveal_duration=&#8221;&#8221; reveal_delay=&#8221;&#8221;][\/vc_column][vc_column width=&#8221;1\/3&#8243;][elx_download_block text=&#8221;TRK 45\/55\/70<br \/>\ncortadoras\/picadoras<br \/>\nfolleto&#8221; link=&#8221;files.professional.electrolux.com\/docs\/?n=CLF-9JER11&amp;b=5&amp;l=4&#8243; background_color=&#8221;cat-create&#8221; reveal_effect=&#8221;&#8221; reveal_duration=&#8221;&#8221; reveal_delay=&#8221;&#8221;][elx_download_block text=&#8221;TRS\/TRK<br \/>\ngu\u00eda de corte&#8221; link=&#8221;https:\/\/tools.professional.electrolux.com\/Mirror\/Doc\/BR\/BR_BR-9JE00066_1_5_4_7_9JEHJE.pdf&#8221; background_color=&#8221;cat-create&#8221; reveal_effect=&#8221;&#8221; reveal_duration=&#8221;&#8221; reveal_delay=&#8221;&#8221;][\/vc_column][\/vc_row][vc_row][vc_column][vc_empty_space][\/vc_column][\/vc_row][vc_row][vc_column width=&#8221;1\/3&#8243;][elx_heading font_size=&#8221;h3&#8243; text_color=&#8221;inherit&#8221; text_align=&#8221;text-left&#8221;]Trituradores port\u00e1tiles[\/elx_heading][elx_video_block background_image=&#8221;7666&#8243; video_link=&#8221;https:\/\/www.youtube.com\/watch?v=QFoR79b3sX0&#8243; minimum_height=&#8221;350px&#8221;][vc_column_text]<b>Triturador de mano multifuncional<\/b><\/p>\n<p>Consigue lo mejor de tus ingredientes con nuestro triturador port\u00e1til ergon\u00f3mico.<br \/>\nPrepara una variedad de cremas, sopas, salsas, pur\u00e9s, batidos y mousse.[\/vc_column_text][elx_download_block text=&#8221;Bermixer PRO<br \/>\ntrituradores port\u00e1tiles&#8221; link=&#8221;files.professional.electrolux.com\/docs\/?n=CLF-9JEHH&amp;b=5&amp;l=4&#8243; background_color=&#8221;cat-create&#8221; reveal_effect=&#8221;&#8221; reveal_duration=&#8221;&#8221; reveal_delay=&#8221;&#8221;][\/vc_column][vc_column width=&#8221;1\/3&#8243;][elx_heading font_size=&#8221;h3&#8243; text_color=&#8221;inherit&#8221; text_align=&#8221;text-left&#8221;]Turbotrituradores de suelo[\/elx_heading][elx_video_block background_image=&#8221;7665&#8243; video_link=&#8221;https:\/\/www.youtube.com\/watch?v=GJgjMNDvTQo&amp;list=PLn-GI5LWCZdQfAc-I-xlrNpX8WQA_mgWS&amp;index=2&#8243; minimum_height=&#8221;350px&#8221;][vc_column_text]<b>Turbotrituradores<\/b><\/p>\n<p>Dise\u00f1ados para uso intensivo, para mezclar, licuar y emulsionar en grandes cantidades sopas de verdura y pescado, pur\u00e9s de fruta y verduras, pastas l\u00edquidas y salsas directamente en\u00a0el recipiente de cocina.[\/vc_column_text][\/vc_column][vc_column width=&#8221;1\/3&#8243;][vc_empty_space][vc_row_inner][vc_column_inner width=&#8221;1\/4&#8243;][vc_single_image image=&#8221;2663&#8243;][\/vc_column_inner][vc_column_inner width=&#8221;3\/4&#8243;][vc_column_text]Panel de control<strong> ergon\u00f3mico y resistente al agua<\/strong>\u00a0(IP55)[\/vc_column_text][\/vc_column_inner][\/vc_row_inner][vc_row_inner][vc_column_inner width=&#8221;1\/4&#8243;][vc_single_image image=&#8221;978&#8243;][\/vc_column_inner][vc_column_inner width=&#8221;3\/4&#8243;][vc_column_text]<strong>Modo silencioso <\/strong>y larga vida asegurada gracias a su motor de inducci\u00f3n compacto de alta potencia[\/vc_column_text][\/vc_column_inner][\/vc_row_inner][vc_row_inner][vc_column_inner width=&#8221;1\/4&#8243;][vc_single_image image=&#8221;2662&#8243;][\/vc_column_inner][vc_column_inner width=&#8221;3\/4&#8243;][vc_column_text]<strong>Almacenamiento seguro<\/strong>\u00a0de las cuchillas gracias al soporte de pared[\/vc_column_text][\/vc_column_inner][\/vc_row_inner][vc_row_inner][vc_column_inner width=&#8221;1\/4&#8243;][vc_single_image image=&#8221;2664&#8243;][\/vc_column_inner][vc_column_inner width=&#8221;3\/4&#8243;][vc_column_text]<strong>Lavable 100% en lavavajillas<\/strong>: cuchilla, tapa, rascador y cuba de acero inoxidable[\/vc_column_text][\/vc_column_inner][\/vc_row_inner][\/vc_column][\/vc_row][vc_row][vc_column width=&#8221;1\/3&#8243;][elx_heading font_size=&#8221;h3&#8243; text_color=&#8221;inherit&#8221; text_align=&#8221;text-left&#8221;]Picadoras de carne[\/elx_heading][vc_single_image image=&#8221;2665&#8243; img_size=&#8221;full&#8221;][vc_column_text]Nuestras\u00a0<strong>picadoras de carne<\/strong>\u00a0son el complemento perfecto para cualquier tama\u00f1o de cocina. Gracias a una serie de accesorios, puede picar la carne, rallar pan, queso y nueces de una manera r\u00e1pida y sencilla.<\/p>\n<p>El cuerpo de la m\u00e1quina est\u00e1 fabricado de acero inoxidable para mayor resistencia. El motor de doble velocidad auto ventilado tiene un control de 24 voltios y est\u00e1 protegido de sobrecarga por un dispositivo de corte t\u00e9rmico.[\/vc_column_text][\/vc_column][vc_column width=&#8221;1\/3&#8243;][elx_heading font_size=&#8221;h3&#8243; text_color=&#8221;inherit&#8221; text_align=&#8221;text-left&#8221;]Cortadoras de fiambre[\/elx_heading][vc_single_image image=&#8221;2666&#8243; img_size=&#8221;full&#8221; alignment=&#8221;right&#8221;][vc_column_text]La amplia gama de <strong>cortadoras de fiambre<\/strong> de Electrolux Professional est\u00e1 dise\u00f1ada\u00a0para crear elegantes preparaciones, con la <strong>mayor calidad<\/strong>\u00a0y\u00a0<strong>nivel de higiene <\/strong>en la l\u00ednea de las cocinas profesionales. Nuestra <strong>cortadora de pan<\/strong>\u00a0est\u00e1 equipada con un <strong>dispositivo de seguridad \u00fanico<\/strong>\u00a0que evita el acceso a la cuchilla, especialmente durante la limpieza.[\/vc_column_text][\/vc_column][vc_column width=&#8221;1\/3&#8243;][\/vc_column][\/vc_row][vc_row][vc_column][vc_empty_space height=&#8221;50px&#8221;][\/vc_column][\/vc_row][vc_row content_placement=&#8221;middle&#8221; parallax=&#8221;content-moving&#8221; parallax_image=&#8221;652&#8243; css=&#8221;.vc_custom_1605767865752{background-image: url(https:\/\/www.electroluxprofessional.com\/es\/wp-content\/uploads\/2020\/11\/bpa-home.jpg?id=13084) !important;background-position: center;background-repeat: no-repeat;background-size:cover;}&#8221;][vc_column width=&#8221;1\/4&#8243;][vc_empty_space height=&#8221;22px&#8221;][vc_single_image image=&#8221;651&#8243; img_size=&#8221;medium&#8221; onclick=&#8221;custom_link&#8221; link=&#8221;https:\/\/www.electroluxprofessional.com\/for-the-better-sustainability\/safety\/&#8221;][vc_empty_space height=&#8221;22px&#8221;][\/vc_column][vc_column width=&#8221;3\/4&#8243;][vc_empty_space height=&#8221;22px&#8221;][elx_heading font_container=&#8221;h3&#8243; font_size=&#8221;h4&#8243; text_color=&#8221;inherit&#8221;]\u00a1Nuestra Preparaci\u00f3n Din\u00e1mica por la comida sana![\/elx_heading][elx_heading font_size=&#8221;h3&#8243; text_color=&#8221;inherit&#8221;]Seguridad alimentaria, sin contaminaci\u00f3n cruzada y con el mejor rendimiento[\/elx_heading][vc_column_text]De acuerdo con las normas que regulan el Contacto con Alimentos, Electrolux Professional suspendi\u00f3 el uso de BPA (Bisphenol A) en todos los componentes pl\u00e1sticos.[\/vc_column_text][\/vc_column][\/vc_row][vc_row][vc_column][vc_empty_space height=&#8221;50px&#8221;][elx_heading font_container=&#8221;h3&#8243; font_size=&#8221;h5&#8243; text_color=&#8221;inherit&#8221;]Descubre m\u00e1s sobre nuestras soluciones de preparaci\u00f3n[\/elx_heading][\/vc_column][\/vc_row][vc_row][vc_column width=&#8221;1\/3&#8243;][elx_button button_text=&#8221;Soluciones para modificar la textura de alimentos&#8221; button_style=&#8221;icon&#8221; button_link=&#8221;url:https%3A%2F%2Fwww.electroluxprofessional.com%2Fes%2Fsoluciones-para-modificar-texturas-alimentos%2F|title:Soluciones%20para%20modificar%20texturas%20de%20alimentos&#8221;][\/vc_column][vc_column width=&#8221;1\/3&#8243;][elx_button button_text=&#8221;Gu\u00eda de selecci\u00f3n de discos de corte&#8221; button_style=&#8221;icon&#8221; button_link=&#8221;url:https%3A%2F%2Fwww.electroluxprofessional.com%2Fes%2Fcortar-triturar-picar%2F&#8221;][\/vc_column][vc_column width=&#8221;1\/3&#8243;][elx_button button_text=&#8221;Descubre nuestras peladoras, lavaverduras y centr\u00edfugas&#8221; button_style=&#8221;icon&#8221; button_link=&#8221;url:https%3A%2F%2Fwww.electroluxprofessional.com%2Fes%2Fpelado-lavado-centrifugado%2F|||&#8221;][\/vc_column][\/vc_row][vc_row][vc_column][vc_empty_space height=&#8221;50px&#8221;][elx_heading font_size=&#8221;h3&#8243; text_color=&#8221;inherit&#8221; text_align=&#8221;text-left&#8221;]Encuentra la soluci\u00f3n ideal para tu negocio[\/elx_heading][\/vc_column][\/vc_row][vc_row][vc_column width=&#8221;1\/3&#8243;][elx_maylike_box id_box=&#8221;3881&#8243;][\/vc_column][vc_column width=&#8221;1\/3&#8243;][elx_maylike_box id_box=&#8221;4058&#8243;][\/vc_column][vc_column width=&#8221;1\/3&#8243;][elx_maylike_box id_box=&#8221;3888&#8243;][\/vc_column][\/vc_row][vc_row][vc_column][vc_empty_space height=&#8221;50px&#8221;][elx_heading font_size=&#8221;h3&#8243; text_color=&#8221;inherit&#8221; text_align=&#8221;text-left&#8221;]Descubre lo que podemos hacer por tu negocio[\/elx_heading][elx_o2000_contact_us s=&#8221;Petici\u00f3n de informaci\u00f3n sobre cortadoras, picadoras y trituradores&#8221; country=&#8221;Spain&#8221; container=&#8221;elxcontactus1479227516&#8243; r=&#8221;Me gustar\u00eda tener m\u00e1s informaci\u00f3n sobre cortadoras, picadoras y trituradores. Por favor, contacten conmigo.&#8221; l=&#8221;es&#8221; e=&#8221;foodservice@electrolux.es&#8221;][vc_empty_space height=&#8221;50px&#8221;][\/vc_column][\/vc_row][vc_row][vc_column][\/vc_column][\/vc_row]<\/p>\n","protected":false},"excerpt":{"rendered":"<p>[vc_row full_width=&#8221;electroluxpro-full-width-no-padding&#8221;][vc_column][vc_single_image image=&#8221;7648&#8243; img_size=&#8221;full&#8221;][\/vc_column][\/vc_row][vc_row][vc_column][vc_empty_space][elx_heading font_container=&#8221;h1&#8243; font_size=&#8221;h3&#8243; text_color=&#8221;inherit&#8221; text_align=&#8221;text-left&#8221;]Cortar, triturar y picar con nuestra gama de cortadoras de hortalizas, picadoras cutter, trituradores port\u00e1tiles, picadoras de carne y cortadoras de fiambre[\/elx_heading][vc_empty_space height=&#8221;22px&#8221;][vc_empty_space][\/vc_column][\/vc_row][vc_row][vc_column width=&#8221;1\/3&#8243;][elx_heading font_size=&#8221;h3&#8243; text_color=&#8221;inherit&#8221; text_align=&#8221;text-left&#8221;]Cortadoras de hortalizas[\/elx_heading][elx_video_block background_image=&#8221;3419&#8243; video_link=&#8221;https:\/\/www.youtube.com\/watch?v=STy0P-M73Wk&amp;feature=youtu.be&#8221; minimum_height=&#8221;340px&#8221;][vc_column_text]La gama de cortadoras de hortalizas Electrolux Professional cuenta con diferentes modelos &#8211; de sobremesa y de [&hellip;]<\/p>\n","protected":false},"author":3,"featured_media":0,"parent":0,"menu_order":0,"comment_status":"closed","ping_status":"closed","template":"","meta":{"footnotes":""},"class_list":["post-3389","page","type-page","status-publish","hentry"],"acf":[],"yoast_head":"<!-- This site is optimized with the Yoast SEO plugin v23.4 - https:\/\/yoast.com\/wordpress\/plugins\/seo\/ -->\n<title>Preparaci\u00f3n din\u00e1mica: cortar, triturar y picar | Electrolux Professional<\/title>\n<meta name=\"description\" content=\"Descubre nuestra gama de equipos para preparaci\u00f3n din\u00e1mica: cortadoras de hortalizas, picadoras cutter, trituradores port\u00e1tiles y m\u00e1s. Todos los componentes pl\u00e1sticos est\u00e1n libres de BPA.\" \/>\n<meta name=\"robots\" content=\"index, follow, max-snippet:-1, max-image-preview:large, max-video-preview:-1\" \/>\n<link rel=\"canonical\" href=\"https:\/\/www.electroluxprofessional.com\/es\/cortar-triturar-picar\/\" \/>\n<meta property=\"og:locale\" content=\"es_ES\" \/>\n<meta property=\"og:type\" content=\"article\" \/>\n<meta property=\"og:title\" content=\"Preparaci\u00f3n din\u00e1mica: cortar, triturar y picar | Electrolux Professional\" \/>\n<meta property=\"og:description\" content=\"Descubre nuestra gama de equipos para preparaci\u00f3n din\u00e1mica: cortadoras de hortalizas, picadoras cutter, trituradores port\u00e1tiles y m\u00e1s. Todos los componentes pl\u00e1sticos est\u00e1n libres de BPA.\" \/>\n<meta property=\"og:url\" content=\"https:\/\/www.electroluxprofessional.com\/es\/cortar-triturar-picar\/\" \/>\n<meta property=\"og:site_name\" content=\"Electrolux Professional Espa\u00f1a\" \/>\n<meta property=\"article:modified_time\" content=\"2026-03-31T06:51:08+00:00\" \/>\n<meta name=\"twitter:card\" content=\"summary_large_image\" \/>\n<meta name=\"twitter:label1\" content=\"Tiempo de lectura\" \/>\n\t<meta name=\"twitter:data1\" content=\"3 minutos\" \/>\n<script type=\"application\/ld+json\" class=\"yoast-schema-graph\">{\"@context\":\"https:\/\/schema.org\",\"@graph\":[{\"@type\":\"WebPage\",\"@id\":\"https:\/\/www.electroluxprofessional.com\/es\/cortar-triturar-picar\/\",\"url\":\"https:\/\/www.electroluxprofessional.com\/es\/cortar-triturar-picar\/\",\"name\":\"Preparaci\u00f3n din\u00e1mica: cortar, triturar y picar | Electrolux Professional\",\"isPartOf\":{\"@id\":\"https:\/\/www.electroluxprofessional.com\/es\/#website\"},\"datePublished\":\"2017-03-22T15:42:41+00:00\",\"dateModified\":\"2026-03-31T06:51:08+00:00\",\"description\":\"Descubre nuestra gama de equipos para preparaci\u00f3n din\u00e1mica: cortadoras de hortalizas, picadoras cutter, trituradores port\u00e1tiles y m\u00e1s. Todos los componentes pl\u00e1sticos est\u00e1n libres de BPA.\",\"breadcrumb\":{\"@id\":\"https:\/\/www.electroluxprofessional.com\/es\/cortar-triturar-picar\/#breadcrumb\"},\"inLanguage\":\"es\",\"potentialAction\":[{\"@type\":\"ReadAction\",\"target\":[\"https:\/\/www.electroluxprofessional.com\/es\/cortar-triturar-picar\/\"]}]},{\"@type\":\"BreadcrumbList\",\"@id\":\"https:\/\/www.electroluxprofessional.com\/es\/cortar-triturar-picar\/#breadcrumb\",\"itemListElement\":[{\"@type\":\"ListItem\",\"position\":1,\"name\":\"Home\",\"item\":\"https:\/\/www.electroluxprofessional.com\/es\/\"},{\"@type\":\"ListItem\",\"position\":2,\"name\":\"Preparaci\u00f3n din\u00e1mica: cortar, triturar y picar\"}]},{\"@type\":\"WebSite\",\"@id\":\"https:\/\/www.electroluxprofessional.com\/es\/#website\",\"url\":\"https:\/\/www.electroluxprofessional.com\/es\/\",\"name\":\"Electrolux Professional Espa\u00f1a\",\"description\":\"Equipamiento cocinas profesionales y lavander\u00edas comerciales. Excelencia en el suministro de soluciones profesionales.\",\"potentialAction\":[{\"@type\":\"SearchAction\",\"target\":{\"@type\":\"EntryPoint\",\"urlTemplate\":\"https:\/\/www.electroluxprofessional.com\/es\/?src={search_term_string}\"},\"query-input\":{\"@type\":\"PropertyValueSpecification\",\"valueRequired\":true,\"valueName\":\"search_term_string\"}}],\"inLanguage\":\"es\"}]}<\/script>\n<!-- \/ Yoast SEO plugin. -->","yoast_head_json":{"title":"Preparaci\u00f3n din\u00e1mica: cortar, triturar y picar | Electrolux Professional","description":"Descubre nuestra gama de equipos para preparaci\u00f3n din\u00e1mica: cortadoras de hortalizas, picadoras cutter, trituradores port\u00e1tiles y m\u00e1s. Todos los componentes pl\u00e1sticos est\u00e1n libres de BPA.","robots":{"index":"index","follow":"follow","max-snippet":"max-snippet:-1","max-image-preview":"max-image-preview:large","max-video-preview":"max-video-preview:-1"},"canonical":"https:\/\/www.electroluxprofessional.com\/es\/cortar-triturar-picar\/","og_locale":"es_ES","og_type":"article","og_title":"Preparaci\u00f3n din\u00e1mica: cortar, triturar y picar | Electrolux Professional","og_description":"Descubre nuestra gama de equipos para preparaci\u00f3n din\u00e1mica: cortadoras de hortalizas, picadoras cutter, trituradores port\u00e1tiles y m\u00e1s. Todos los componentes pl\u00e1sticos est\u00e1n libres de BPA.","og_url":"https:\/\/www.electroluxprofessional.com\/es\/cortar-triturar-picar\/","og_site_name":"Electrolux Professional Espa\u00f1a","article_modified_time":"2026-03-31T06:51:08+00:00","twitter_card":"summary_large_image","twitter_misc":{"Tiempo de lectura":"3 minutos"},"schema":{"@context":"https:\/\/schema.org","@graph":[{"@type":"WebPage","@id":"https:\/\/www.electroluxprofessional.com\/es\/cortar-triturar-picar\/","url":"https:\/\/www.electroluxprofessional.com\/es\/cortar-triturar-picar\/","name":"Preparaci\u00f3n din\u00e1mica: cortar, triturar y picar | Electrolux Professional","isPartOf":{"@id":"https:\/\/www.electroluxprofessional.com\/es\/#website"},"datePublished":"2017-03-22T15:42:41+00:00","dateModified":"2026-03-31T06:51:08+00:00","description":"Descubre nuestra gama de equipos para preparaci\u00f3n din\u00e1mica: cortadoras de hortalizas, picadoras cutter, trituradores port\u00e1tiles y m\u00e1s. Todos los componentes pl\u00e1sticos est\u00e1n libres de BPA.","breadcrumb":{"@id":"https:\/\/www.electroluxprofessional.com\/es\/cortar-triturar-picar\/#breadcrumb"},"inLanguage":"es","potentialAction":[{"@type":"ReadAction","target":["https:\/\/www.electroluxprofessional.com\/es\/cortar-triturar-picar\/"]}]},{"@type":"BreadcrumbList","@id":"https:\/\/www.electroluxprofessional.com\/es\/cortar-triturar-picar\/#breadcrumb","itemListElement":[{"@type":"ListItem","position":1,"name":"Home","item":"https:\/\/www.electroluxprofessional.com\/es\/"},{"@type":"ListItem","position":2,"name":"Preparaci\u00f3n din\u00e1mica: cortar, triturar y picar"}]},{"@type":"WebSite","@id":"https:\/\/www.electroluxprofessional.com\/es\/#website","url":"https:\/\/www.electroluxprofessional.com\/es\/","name":"Electrolux Professional Espa\u00f1a","description":"Equipamiento cocinas profesionales y lavander\u00edas comerciales. Excelencia en el suministro de soluciones profesionales.","potentialAction":[{"@type":"SearchAction","target":{"@type":"EntryPoint","urlTemplate":"https:\/\/www.electroluxprofessional.com\/es\/?src={search_term_string}"},"query-input":{"@type":"PropertyValueSpecification","valueRequired":true,"valueName":"search_term_string"}}],"inLanguage":"es"}]}},"_links":{"self":[{"href":"https:\/\/www.electroluxprofessional.com\/es\/wp-json\/wp\/v2\/pages\/3389"}],"collection":[{"href":"https:\/\/www.electroluxprofessional.com\/es\/wp-json\/wp\/v2\/pages"}],"about":[{"href":"https:\/\/www.electroluxprofessional.com\/es\/wp-json\/wp\/v2\/types\/page"}],"author":[{"embeddable":true,"href":"https:\/\/www.electroluxprofessional.com\/es\/wp-json\/wp\/v2\/users\/3"}],"replies":[{"embeddable":true,"href":"https:\/\/www.electroluxprofessional.com\/es\/wp-json\/wp\/v2\/comments?post=3389"}],"version-history":[{"count":50,"href":"https:\/\/www.electroluxprofessional.com\/es\/wp-json\/wp\/v2\/pages\/3389\/revisions"}],"predecessor-version":[{"id":26065,"href":"https:\/\/www.electroluxprofessional.com\/es\/wp-json\/wp\/v2\/pages\/3389\/revisions\/26065"}],"wp:attachment":[{"href":"https:\/\/www.electroluxprofessional.com\/es\/wp-json\/wp\/v2\/media?parent=3389"}],"curies":[{"name":"wp","href":"https:\/\/api.w.org\/{rel}","templated":true}]}}