{"id":3288,"date":"2017-03-16T12:01:42","date_gmt":"2017-03-16T12:01:42","guid":{"rendered":"https:\/\/www.electroluxprofessional.com\/es\/?page_id=3288"},"modified":"2026-03-28T18:57:53","modified_gmt":"2026-03-28T18:57:53","slug":"autoservicio","status":"publish","type":"page","link":"https:\/\/www.electroluxprofessional.com\/es\/autoservicio\/","title":{"rendered":"Autoservicio"},"content":{"rendered":"<p>[vc_row full_width=&#8221;electroluxpro-full-width-no-padding&#8221;][vc_column][elx_hero_slider text_position=&#8221;hero_slider_text_align_right&#8221; label_text_color=&#8221;inherit&#8221; images=&#8221;2617&#8243;][elx_heading font_container=&#8221;h1&#8243; font_size=&#8221;h2&#8243; text_color=&#8221;cat-servery&#8221;]Autoservicio[\/elx_heading][elx_heading font_size=&#8221;h3&#8243; text_color=&#8221;inherit&#8221;]Sirve tu comida con profesionalidad[\/elx_heading][\/elx_hero_slider][\/vc_column][\/vc_row][vc_row][vc_column][vc_empty_space][elx_heading font_container=&#8221;h3&#8243; text_color=&#8221;inherit&#8221; text_align=&#8221;text-center&#8221;]<strong>Nuestro equipamiento de autoservicio<\/strong> integra perfectamente<br \/>\ntodas las funciones <strong>necesarias<\/strong> para satisfacer las necesidades m\u00e1s demandadas por los clientes.[\/elx_heading][\/vc_column][\/vc_row][vc_row][vc_column][elx_image_block background_image=&#8221;1640&#8243; minimum_height=&#8221;500px&#8221;][vc_empty_space][elx_heading font_container=&#8221;h3&#8243; text_color=&#8221;inherit&#8221;]Esto es lo que Electrolux ofrece:[\/elx_heading][vc_empty_space][\/vc_column][\/vc_row][vc_row][vc_column width=&#8221;1\/2&#8243;][vc_empty_space height=&#8221;20px&#8221;][vc_column_text]<\/p>\n<h4><strong>Self-service<\/strong><\/h4>\n<p>Es la soluci\u00f3n personalizada para proveedores de servicios de restauraci\u00f3n que quieren recibir a sus clientes dando una imagen de calidad, dise\u00f1o y m\u00e1xima funcionalidad. lncluye opciones HACCP para garantizar la seguridad de los alimentos. Todas sus funciones garantizan una visibilidad perfecta y un f\u00e1cil acceso a los productos.[\/vc_column_text][\/vc_column][vc_column width=&#8221;1\/2&#8243;][elx_image_block background_image=&#8221;2614&#8243; vert_back_position=&#8221;bottom&#8221; minimum_height=&#8221;300px&#8221;][\/vc_column][\/vc_row][vc_row][vc_column][vc_empty_space][\/vc_column][\/vc_row][vc_row][vc_column width=&#8221;1\/2&#8243;][elx_image_block background_image=&#8221;2615&#8243; minimum_height=&#8221;300px&#8221;][\/vc_column][vc_column width=&#8221;1\/2&#8243;][vc_empty_space][vc_column_text]<\/p>\n<h4><strong>Fit system<\/strong><\/h4>\n<p>La elecci\u00f3n perfecta para servir comida diversa a un gran n\u00famero de personas en un espacio corto de tiempo. El Fit system encaja perfectamente con cualquier entorno gracias a su versatilidad: tiendas y complejos tur\u00edsticos, comedores, cafeter\u00edas y restaurantes.<\/p>\n<h4><\/h4>\n<p>[\/vc_column_text][\/vc_column][\/vc_row][vc_row][vc_column][vc_empty_space][\/vc_column][\/vc_row][vc_row][vc_column width=&#8221;1\/2&#8243;][vc_empty_space][vc_column_text]<\/p>\n<h4><strong>Drop-In<\/strong><\/h4>\n<p>La mejor soluci\u00f3n para el autoservicio moderno, permite una optimizaci\u00f3n est\u00e9tica ideal, y se adapta al entorno. Esta completa integraci\u00f3n convierte a esta gama en extremadamente vers\u00e1til, tanto para la l\u00ednea tradicional de sistemas de autoservicio como para sistemas libres. Todos los elementos son de f\u00e1cil limpieza, con altos est\u00e1ndares de higiene y son ecol\u00f3gicamente sostenibles.<\/p>\n<h4><\/h4>\n<p>[\/vc_column_text][\/vc_column][vc_column width=&#8221;1\/2&#8243;][elx_image_block background_image=&#8221;2616&#8243; minimum_height=&#8221;300px&#8221;][\/vc_column][\/vc_row][vc_row][vc_column][vc_empty_space height=&#8221;50px&#8221;][\/vc_column][\/vc_row][vc_row][vc_column width=&#8221;1\/3&#8243;][elx_download_block text=&#8221;Self Service&#8221; link=&#8221;files.professional.electrolux.com\/docs\/?n=BR-9JETN&amp;b=5&amp;l=4&#8243; background_color=&#8221;cat-servery&#8221; reveal_effect=&#8221;&#8221; reveal_duration=&#8221;&#8221; reveal_delay=&#8221;&#8221;][\/vc_column][vc_column width=&#8221;1\/3&#8243;][elx_download_block text=&#8221;Fit system&#8221; link=&#8221;files.professional.electrolux.com\/docs\/?n=BR-9JEDI&amp;b=5&amp;l=4&#8243; background_color=&#8221;cat-servery&#8221; reveal_effect=&#8221;&#8221; reveal_duration=&#8221;&#8221; reveal_delay=&#8221;&#8221;][\/vc_column][vc_column width=&#8221;1\/3&#8243;][elx_download_block text=&#8221;Drop-in&#8221; link=&#8221;files.professional.electrolux.com\/docs\/?n=BR-9JE00030&amp;b=5&amp;l=4&#8243; background_color=&#8221;cat-servery&#8221; reveal_effect=&#8221;&#8221; reveal_duration=&#8221;&#8221; reveal_delay=&#8221;&#8221;][\/vc_column][\/vc_row][vc_row][vc_column][vc_empty_space height=&#8221;50px&#8221;][elx_heading text_color=&#8221;inherit&#8221; text_align=&#8221;text-center&#8221;]Descubre lo que nuestro equipamiento de autoservicio puede hacer por tu negocio[\/elx_heading][elx_o2000_contact_us s=&#8221;Petici\u00f3n de informaci\u00f3n sobre equipamiento de autoservicio&#8221; country=&#8221;Spain&#8221; container=&#8221;elxcontactus1479284563&#8243; r=&#8221;Me gustar\u00eda tener m\u00e1s informaci\u00f3n sobre equipamiento de autoservicio. Por favor, contacten conmigo.&#8221; e=&#8221;foodservice@electrolux.es&#8221; l=&#8221;es&#8221;][vc_empty_space height=&#8221;50px&#8221;][\/vc_column][\/vc_row]<\/p>\n","protected":false},"excerpt":{"rendered":"<p>[vc_row full_width=&#8221;electroluxpro-full-width-no-padding&#8221;][vc_column][elx_hero_slider text_position=&#8221;hero_slider_text_align_right&#8221; label_text_color=&#8221;inherit&#8221; images=&#8221;2617&#8243;][elx_heading font_container=&#8221;h1&#8243; font_size=&#8221;h2&#8243; text_color=&#8221;cat-servery&#8221;]Autoservicio[\/elx_heading][elx_heading font_size=&#8221;h3&#8243; text_color=&#8221;inherit&#8221;]Sirve tu comida con profesionalidad[\/elx_heading][\/elx_hero_slider][\/vc_column][\/vc_row][vc_row][vc_column][vc_empty_space][elx_heading font_container=&#8221;h3&#8243; text_color=&#8221;inherit&#8221; text_align=&#8221;text-center&#8221;]Nuestro equipamiento de autoservicio integra perfectamente todas las funciones necesarias para satisfacer las necesidades m\u00e1s demandadas por los clientes.[\/elx_heading][\/vc_column][\/vc_row][vc_row][vc_column][elx_image_block background_image=&#8221;1640&#8243; minimum_height=&#8221;500px&#8221;][vc_empty_space][elx_heading font_container=&#8221;h3&#8243; text_color=&#8221;inherit&#8221;]Esto es lo que Electrolux ofrece:[\/elx_heading][vc_empty_space][\/vc_column][\/vc_row][vc_row][vc_column width=&#8221;1\/2&#8243;][vc_empty_space height=&#8221;20px&#8221;][vc_column_text] Self-service Es la soluci\u00f3n personalizada para proveedores de servicios [&hellip;]<\/p>\n","protected":false},"author":3,"featured_media":0,"parent":0,"menu_order":0,"comment_status":"closed","ping_status":"closed","template":"","meta":{"footnotes":""},"class_list":["post-3288","page","type-page","status-publish","hentry"],"acf":[],"yoast_head":"<!-- This site is optimized with the Yoast SEO plugin v23.4 - https:\/\/yoast.com\/wordpress\/plugins\/seo\/ -->\n<title>Autoservicio | Electrolux Professional<\/title>\n<meta name=\"description\" content=\"Electrolux Professional ofrece soluciones personalizadas de autoservicio para restaurantes, como Self-service, Fit system o Drop-In.\" \/>\n<meta name=\"robots\" content=\"index, follow, max-snippet:-1, max-image-preview:large, max-video-preview:-1\" \/>\n<link rel=\"canonical\" href=\"https:\/\/www.electroluxprofessional.com\/es\/autoservicio\/\" \/>\n<meta property=\"og:locale\" content=\"es_ES\" \/>\n<meta property=\"og:type\" content=\"article\" \/>\n<meta property=\"og:title\" content=\"Autoservicio | Electrolux Professional\" \/>\n<meta property=\"og:description\" content=\"Electrolux Professional ofrece soluciones personalizadas de autoservicio para restaurantes, como Self-service, Fit system o Drop-In.\" \/>\n<meta property=\"og:url\" content=\"https:\/\/www.electroluxprofessional.com\/es\/autoservicio\/\" \/>\n<meta property=\"og:site_name\" content=\"Electrolux Professional Espa\u00f1a\" \/>\n<meta property=\"article:modified_time\" content=\"2026-03-28T18:57:53+00:00\" \/>\n<meta name=\"twitter:card\" content=\"summary_large_image\" \/>\n<meta name=\"twitter:label1\" content=\"Tiempo de lectura\" \/>\n\t<meta name=\"twitter:data1\" content=\"2 minutos\" \/>\n<script type=\"application\/ld+json\" class=\"yoast-schema-graph\">{\"@context\":\"https:\/\/schema.org\",\"@graph\":[{\"@type\":\"WebPage\",\"@id\":\"https:\/\/www.electroluxprofessional.com\/es\/autoservicio\/\",\"url\":\"https:\/\/www.electroluxprofessional.com\/es\/autoservicio\/\",\"name\":\"Autoservicio | Electrolux Professional\",\"isPartOf\":{\"@id\":\"https:\/\/www.electroluxprofessional.com\/es\/#website\"},\"datePublished\":\"2017-03-16T12:01:42+00:00\",\"dateModified\":\"2026-03-28T18:57:53+00:00\",\"description\":\"Electrolux Professional ofrece soluciones personalizadas de autoservicio para restaurantes, como Self-service, Fit system o Drop-In.\",\"breadcrumb\":{\"@id\":\"https:\/\/www.electroluxprofessional.com\/es\/autoservicio\/#breadcrumb\"},\"inLanguage\":\"es\",\"potentialAction\":[{\"@type\":\"ReadAction\",\"target\":[\"https:\/\/www.electroluxprofessional.com\/es\/autoservicio\/\"]}]},{\"@type\":\"BreadcrumbList\",\"@id\":\"https:\/\/www.electroluxprofessional.com\/es\/autoservicio\/#breadcrumb\",\"itemListElement\":[{\"@type\":\"ListItem\",\"position\":1,\"name\":\"Home\",\"item\":\"https:\/\/www.electroluxprofessional.com\/es\/\"},{\"@type\":\"ListItem\",\"position\":2,\"name\":\"Autoservicio\"}]},{\"@type\":\"WebSite\",\"@id\":\"https:\/\/www.electroluxprofessional.com\/es\/#website\",\"url\":\"https:\/\/www.electroluxprofessional.com\/es\/\",\"name\":\"Electrolux Professional Espa\u00f1a\",\"description\":\"Equipamiento cocinas profesionales y lavander\u00edas comerciales. Excelencia en el suministro de soluciones profesionales.\",\"potentialAction\":[{\"@type\":\"SearchAction\",\"target\":{\"@type\":\"EntryPoint\",\"urlTemplate\":\"https:\/\/www.electroluxprofessional.com\/es\/?src={search_term_string}\"},\"query-input\":{\"@type\":\"PropertyValueSpecification\",\"valueRequired\":true,\"valueName\":\"search_term_string\"}}],\"inLanguage\":\"es\"}]}<\/script>\n<!-- \/ Yoast SEO plugin. -->","yoast_head_json":{"title":"Autoservicio | Electrolux Professional","description":"Electrolux Professional ofrece soluciones personalizadas de autoservicio para restaurantes, como Self-service, Fit system o Drop-In.","robots":{"index":"index","follow":"follow","max-snippet":"max-snippet:-1","max-image-preview":"max-image-preview:large","max-video-preview":"max-video-preview:-1"},"canonical":"https:\/\/www.electroluxprofessional.com\/es\/autoservicio\/","og_locale":"es_ES","og_type":"article","og_title":"Autoservicio | Electrolux Professional","og_description":"Electrolux Professional ofrece soluciones personalizadas de autoservicio para restaurantes, como Self-service, Fit system o Drop-In.","og_url":"https:\/\/www.electroluxprofessional.com\/es\/autoservicio\/","og_site_name":"Electrolux Professional Espa\u00f1a","article_modified_time":"2026-03-28T18:57:53+00:00","twitter_card":"summary_large_image","twitter_misc":{"Tiempo de lectura":"2 minutos"},"schema":{"@context":"https:\/\/schema.org","@graph":[{"@type":"WebPage","@id":"https:\/\/www.electroluxprofessional.com\/es\/autoservicio\/","url":"https:\/\/www.electroluxprofessional.com\/es\/autoservicio\/","name":"Autoservicio | Electrolux Professional","isPartOf":{"@id":"https:\/\/www.electroluxprofessional.com\/es\/#website"},"datePublished":"2017-03-16T12:01:42+00:00","dateModified":"2026-03-28T18:57:53+00:00","description":"Electrolux Professional ofrece soluciones personalizadas de autoservicio para restaurantes, como Self-service, Fit system o Drop-In.","breadcrumb":{"@id":"https:\/\/www.electroluxprofessional.com\/es\/autoservicio\/#breadcrumb"},"inLanguage":"es","potentialAction":[{"@type":"ReadAction","target":["https:\/\/www.electroluxprofessional.com\/es\/autoservicio\/"]}]},{"@type":"BreadcrumbList","@id":"https:\/\/www.electroluxprofessional.com\/es\/autoservicio\/#breadcrumb","itemListElement":[{"@type":"ListItem","position":1,"name":"Home","item":"https:\/\/www.electroluxprofessional.com\/es\/"},{"@type":"ListItem","position":2,"name":"Autoservicio"}]},{"@type":"WebSite","@id":"https:\/\/www.electroluxprofessional.com\/es\/#website","url":"https:\/\/www.electroluxprofessional.com\/es\/","name":"Electrolux Professional Espa\u00f1a","description":"Equipamiento cocinas profesionales y lavander\u00edas comerciales. Excelencia en el suministro de soluciones profesionales.","potentialAction":[{"@type":"SearchAction","target":{"@type":"EntryPoint","urlTemplate":"https:\/\/www.electroluxprofessional.com\/es\/?src={search_term_string}"},"query-input":{"@type":"PropertyValueSpecification","valueRequired":true,"valueName":"search_term_string"}}],"inLanguage":"es"}]}},"_links":{"self":[{"href":"https:\/\/www.electroluxprofessional.com\/es\/wp-json\/wp\/v2\/pages\/3288"}],"collection":[{"href":"https:\/\/www.electroluxprofessional.com\/es\/wp-json\/wp\/v2\/pages"}],"about":[{"href":"https:\/\/www.electroluxprofessional.com\/es\/wp-json\/wp\/v2\/types\/page"}],"author":[{"embeddable":true,"href":"https:\/\/www.electroluxprofessional.com\/es\/wp-json\/wp\/v2\/users\/3"}],"replies":[{"embeddable":true,"href":"https:\/\/www.electroluxprofessional.com\/es\/wp-json\/wp\/v2\/comments?post=3288"}],"version-history":[{"count":15,"href":"https:\/\/www.electroluxprofessional.com\/es\/wp-json\/wp\/v2\/pages\/3288\/revisions"}],"predecessor-version":[{"id":26026,"href":"https:\/\/www.electroluxprofessional.com\/es\/wp-json\/wp\/v2\/pages\/3288\/revisions\/26026"}],"wp:attachment":[{"href":"https:\/\/www.electroluxprofessional.com\/es\/wp-json\/wp\/v2\/media?parent=3288"}],"curies":[{"name":"wp","href":"https:\/\/api.w.org\/{rel}","templated":true}]}}