{"id":3274,"date":"2017-03-15T14:37:14","date_gmt":"2017-03-15T14:37:14","guid":{"rendered":"https:\/\/www.electroluxprofessional.com\/es\/?page_id=3274"},"modified":"2026-03-28T15:33:38","modified_gmt":"2026-03-28T15:33:38","slug":"sistema-de-tratamiento-de-residuos","status":"publish","type":"page","link":"https:\/\/www.electroluxprofessional.com\/es\/equipamiento-cocinas-profesionales\/sistema-de-tratamiento-de-residuos\/","title":{"rendered":"Sistema de Tratamiento de Residuos"},"content":{"rendered":"<p>[vc_row full_width=&#8221;electroluxpro-full-width-no-padding&#8221;][vc_column][elx_hero_slider label_text_color=&#8221;inherit&#8221; images=&#8221;2769&#8243;][elx_heading font_container=&#8221;p&#8221; font_size=&#8221;h2&#8243; text_color=&#8221;inherit&#8221;][\/elx_heading][\/elx_hero_slider][\/vc_column][\/vc_row][vc_row][vc_column][vc_empty_space][elx_heading font_container=&#8221;h1&#8243; text_color=&#8221;inherit&#8221;]Unidad de Eliminaci\u00f3n de Residuos[\/elx_heading][\/vc_column][\/vc_row][vc_row][vc_column width=&#8221;1\/2&#8243;][vc_single_image image=&#8221;2768&#8243; img_size=&#8221;full&#8221;][vc_empty_space][vc_column_text]Los desechos alimentarios se cargan por la boca de entrada, pasan a trav\u00e9s de un proceso de triturado y centrifugado, y finalmente son recogidos en un cubo en la parte frontal de la m\u00e1quina. \u00a1Todo en la misma unidad!<\/p>\n<p>La unidad de Eliminaci\u00f3n de Residuos es la elecci\u00f3n perfecta para sitios con mucho negocio y espacio limitado.[\/vc_column_text][\/vc_column][vc_column width=&#8221;1\/2&#8243;][vc_empty_space][elx_heading font_size=&#8221;h3&#8243; text_color=&#8221;inherit&#8221;]Unidad de Eliminaci\u00f3n de Residuos[\/elx_heading][vc_column_text]El <strong>Sistema de Tratamiento de Residuos <\/strong>de Electrolux es un sistema compacto e innovador de tratamiento de residuos org\u00e1nicos que permite:<\/p>\n<ul>\n<li>Hasta un\u00a0<strong>80% de reducci\u00f3n<\/strong>\u00a0del volumen de la basura org\u00e1nica, gracias a su proceso \u00fanico de tratamiento de residuos.<\/li>\n<li><strong>Reducci\u00f3n de los costes\u00a0de funcionamiento<\/strong> de la cocina, debido a que los residuos tratados no necesitan almacenarse en cuartos refrigerados espec\u00edficos para ello.<\/li>\n<li><strong>Reducci\u00f3n de los costes de recogida de residuos<\/strong>\u00a0y de la contaminaci\u00f3n ambiental relacionada.<\/li>\n<li>Producci\u00f3n de un residuo que puede usarse para producir biogas o compost, permitiendo la <strong>reutilizaci\u00f3n completa de los residuos org\u00e1nicos.\u00a0<\/strong><\/li>\n<\/ul>\n<p>[\/vc_column_text][\/vc_column][\/vc_row][vc_row][vc_column][vc_empty_space height=&#8221;50px&#8221;][elx_heading font_container=&#8221;h3&#8243; text_color=&#8221;inherit&#8221;]Descubre lo que las Unidades de Tratamiento de Residuos pueden hacer por tu negocio[\/elx_heading][elx_o2000_contact_us s=&#8221;Petici\u00f3n de informaci\u00f3n sobre Tratamiento de Residuos&#8221; country=&#8221;Spain&#8221; container=&#8221;elxcontactus1484212117&#8243; r=&#8221;Me gustar\u00eda tener m\u00e1s informaci\u00f3n sobre Tratamiento de Residuos. Por favor, contactad conmigo.&#8221; l=&#8221;es&#8221; e=&#8221;foodservice@electrolux.es&#8221;][\/vc_column][\/vc_row][vc_row css=&#8221;.vc_custom_1605680914018{background-color: #eeeeee !important;}&#8221;][vc_column css=&#8221;.vc_custom_1605680976739{margin-top: 0px !important;margin-right: 0px !important;margin-bottom: 0px !important;padding-top: 0px !important;padding-right: 0px !important;padding-bottom: 0px !important;}&#8221;][elx_heading text_color=&#8221;inherit&#8221;]Busca la combinaci\u00f3n adecuada para tu negocio[\/elx_heading][\/vc_column][\/vc_row][vc_row css=&#8221;.vc_custom_1605679616143{background-color: #eeeeee !important;}&#8221;][vc_column width=&#8221;1\/3&#8243;][elx_maylike_box id_box=&#8221;3881&#8243;][\/vc_column][vc_column width=&#8221;1\/3&#8243;][elx_maylike_box id_box=&#8221;3888&#8243;][\/vc_column][vc_column width=&#8221;1\/3&#8243;][elx_maylike_box id_box=&#8221;3922&#8243;][\/vc_column][\/vc_row]<\/p>\n","protected":false},"excerpt":{"rendered":"<p>[vc_row full_width=&#8221;electroluxpro-full-width-no-padding&#8221;][vc_column][elx_hero_slider label_text_color=&#8221;inherit&#8221; images=&#8221;2769&#8243;][elx_heading font_container=&#8221;p&#8221; font_size=&#8221;h2&#8243; text_color=&#8221;inherit&#8221;][\/elx_heading][\/elx_hero_slider][\/vc_column][\/vc_row][vc_row][vc_column][vc_empty_space][elx_heading font_container=&#8221;h1&#8243; text_color=&#8221;inherit&#8221;]Unidad de Eliminaci\u00f3n de Residuos[\/elx_heading][\/vc_column][\/vc_row][vc_row][vc_column width=&#8221;1\/2&#8243;][vc_single_image image=&#8221;2768&#8243; img_size=&#8221;full&#8221;][vc_empty_space][vc_column_text]Los desechos alimentarios se cargan por la boca de entrada, pasan a trav\u00e9s de un proceso de triturado y centrifugado, y finalmente son recogidos en un cubo en la parte frontal de la m\u00e1quina. \u00a1Todo en la misma unidad! La [&hellip;]<\/p>\n","protected":false},"author":3,"featured_media":0,"parent":4096,"menu_order":0,"comment_status":"closed","ping_status":"closed","template":"","meta":{"footnotes":""},"class_list":["post-3274","page","type-page","status-publish","hentry"],"acf":[],"yoast_head":"<!-- This site is optimized with the Yoast SEO plugin v23.4 - https:\/\/yoast.com\/wordpress\/plugins\/seo\/ -->\n<title>Unidad de Eliminaci\u00f3n de Residuos | Electrolux Professional<\/title>\n<meta name=\"description\" content=\"Sistemas eficientes para el tratamiento de residuos. Mejora la gesti\u00f3n de los restos de comida y reduce el impacto ambiental en tu cocina.\" \/>\n<meta name=\"robots\" content=\"index, follow, max-snippet:-1, max-image-preview:large, max-video-preview:-1\" \/>\n<link rel=\"canonical\" href=\"https:\/\/www.electroluxprofessional.com\/es\/equipamiento-cocinas-profesionales\/sistema-de-tratamiento-de-residuos\/\" \/>\n<meta property=\"og:locale\" content=\"es_ES\" \/>\n<meta property=\"og:type\" content=\"article\" \/>\n<meta property=\"og:title\" content=\"Unidad de Eliminaci\u00f3n de Residuos | Electrolux Professional\" \/>\n<meta property=\"og:description\" content=\"Sistemas eficientes para el tratamiento de residuos. Mejora la gesti\u00f3n de los restos de comida y reduce el impacto ambiental en tu cocina.\" \/>\n<meta property=\"og:url\" content=\"https:\/\/www.electroluxprofessional.com\/es\/equipamiento-cocinas-profesionales\/sistema-de-tratamiento-de-residuos\/\" \/>\n<meta property=\"og:site_name\" content=\"Electrolux Professional Espa\u00f1a\" \/>\n<meta property=\"article:modified_time\" content=\"2026-03-28T15:33:38+00:00\" \/>\n<meta name=\"twitter:card\" content=\"summary_large_image\" \/>\n<meta name=\"twitter:label1\" content=\"Tiempo de lectura\" \/>\n\t<meta name=\"twitter:data1\" content=\"2 minutos\" \/>\n<script type=\"application\/ld+json\" class=\"yoast-schema-graph\">{\"@context\":\"https:\/\/schema.org\",\"@graph\":[{\"@type\":\"WebPage\",\"@id\":\"https:\/\/www.electroluxprofessional.com\/es\/equipamiento-cocinas-profesionales\/sistema-de-tratamiento-de-residuos\/\",\"url\":\"https:\/\/www.electroluxprofessional.com\/es\/equipamiento-cocinas-profesionales\/sistema-de-tratamiento-de-residuos\/\",\"name\":\"Unidad de Eliminaci\u00f3n de Residuos | Electrolux Professional\",\"isPartOf\":{\"@id\":\"https:\/\/www.electroluxprofessional.com\/es\/#website\"},\"datePublished\":\"2017-03-15T14:37:14+00:00\",\"dateModified\":\"2026-03-28T15:33:38+00:00\",\"description\":\"Sistemas eficientes para el tratamiento de residuos. Mejora la gesti\u00f3n de los restos de comida y reduce el impacto ambiental en tu cocina.\",\"breadcrumb\":{\"@id\":\"https:\/\/www.electroluxprofessional.com\/es\/equipamiento-cocinas-profesionales\/sistema-de-tratamiento-de-residuos\/#breadcrumb\"},\"inLanguage\":\"es\",\"potentialAction\":[{\"@type\":\"ReadAction\",\"target\":[\"https:\/\/www.electroluxprofessional.com\/es\/equipamiento-cocinas-profesionales\/sistema-de-tratamiento-de-residuos\/\"]}]},{\"@type\":\"BreadcrumbList\",\"@id\":\"https:\/\/www.electroluxprofessional.com\/es\/equipamiento-cocinas-profesionales\/sistema-de-tratamiento-de-residuos\/#breadcrumb\",\"itemListElement\":[{\"@type\":\"ListItem\",\"position\":1,\"name\":\"Home\",\"item\":\"https:\/\/www.electroluxprofessional.com\/es\/\"},{\"@type\":\"ListItem\",\"position\":2,\"name\":\"Equipamiento de Cocinas\",\"item\":\"https:\/\/www.electroluxprofessional.com\/es\/equipamiento-cocinas-profesionales\/\"},{\"@type\":\"ListItem\",\"position\":3,\"name\":\"Sistema de Tratamiento de Residuos\"}]},{\"@type\":\"WebSite\",\"@id\":\"https:\/\/www.electroluxprofessional.com\/es\/#website\",\"url\":\"https:\/\/www.electroluxprofessional.com\/es\/\",\"name\":\"Electrolux Professional Espa\u00f1a\",\"description\":\"Equipamiento cocinas profesionales y lavander\u00edas comerciales. Excelencia en el suministro de soluciones profesionales.\",\"potentialAction\":[{\"@type\":\"SearchAction\",\"target\":{\"@type\":\"EntryPoint\",\"urlTemplate\":\"https:\/\/www.electroluxprofessional.com\/es\/?src={search_term_string}\"},\"query-input\":{\"@type\":\"PropertyValueSpecification\",\"valueRequired\":true,\"valueName\":\"search_term_string\"}}],\"inLanguage\":\"es\"}]}<\/script>\n<!-- \/ Yoast SEO plugin. -->","yoast_head_json":{"title":"Unidad de Eliminaci\u00f3n de Residuos | Electrolux Professional","description":"Sistemas eficientes para el tratamiento de residuos. Mejora la gesti\u00f3n de los restos de comida y reduce el impacto ambiental en tu cocina.","robots":{"index":"index","follow":"follow","max-snippet":"max-snippet:-1","max-image-preview":"max-image-preview:large","max-video-preview":"max-video-preview:-1"},"canonical":"https:\/\/www.electroluxprofessional.com\/es\/equipamiento-cocinas-profesionales\/sistema-de-tratamiento-de-residuos\/","og_locale":"es_ES","og_type":"article","og_title":"Unidad de Eliminaci\u00f3n de Residuos | Electrolux Professional","og_description":"Sistemas eficientes para el tratamiento de residuos. Mejora la gesti\u00f3n de los restos de comida y reduce el impacto ambiental en tu cocina.","og_url":"https:\/\/www.electroluxprofessional.com\/es\/equipamiento-cocinas-profesionales\/sistema-de-tratamiento-de-residuos\/","og_site_name":"Electrolux Professional Espa\u00f1a","article_modified_time":"2026-03-28T15:33:38+00:00","twitter_card":"summary_large_image","twitter_misc":{"Tiempo de lectura":"2 minutos"},"schema":{"@context":"https:\/\/schema.org","@graph":[{"@type":"WebPage","@id":"https:\/\/www.electroluxprofessional.com\/es\/equipamiento-cocinas-profesionales\/sistema-de-tratamiento-de-residuos\/","url":"https:\/\/www.electroluxprofessional.com\/es\/equipamiento-cocinas-profesionales\/sistema-de-tratamiento-de-residuos\/","name":"Unidad de Eliminaci\u00f3n de Residuos | Electrolux Professional","isPartOf":{"@id":"https:\/\/www.electroluxprofessional.com\/es\/#website"},"datePublished":"2017-03-15T14:37:14+00:00","dateModified":"2026-03-28T15:33:38+00:00","description":"Sistemas eficientes para el tratamiento de residuos. Mejora la gesti\u00f3n de los restos de comida y reduce el impacto ambiental en tu cocina.","breadcrumb":{"@id":"https:\/\/www.electroluxprofessional.com\/es\/equipamiento-cocinas-profesionales\/sistema-de-tratamiento-de-residuos\/#breadcrumb"},"inLanguage":"es","potentialAction":[{"@type":"ReadAction","target":["https:\/\/www.electroluxprofessional.com\/es\/equipamiento-cocinas-profesionales\/sistema-de-tratamiento-de-residuos\/"]}]},{"@type":"BreadcrumbList","@id":"https:\/\/www.electroluxprofessional.com\/es\/equipamiento-cocinas-profesionales\/sistema-de-tratamiento-de-residuos\/#breadcrumb","itemListElement":[{"@type":"ListItem","position":1,"name":"Home","item":"https:\/\/www.electroluxprofessional.com\/es\/"},{"@type":"ListItem","position":2,"name":"Equipamiento de Cocinas","item":"https:\/\/www.electroluxprofessional.com\/es\/equipamiento-cocinas-profesionales\/"},{"@type":"ListItem","position":3,"name":"Sistema de Tratamiento de Residuos"}]},{"@type":"WebSite","@id":"https:\/\/www.electroluxprofessional.com\/es\/#website","url":"https:\/\/www.electroluxprofessional.com\/es\/","name":"Electrolux Professional Espa\u00f1a","description":"Equipamiento cocinas profesionales y lavander\u00edas comerciales. Excelencia en el suministro de soluciones profesionales.","potentialAction":[{"@type":"SearchAction","target":{"@type":"EntryPoint","urlTemplate":"https:\/\/www.electroluxprofessional.com\/es\/?src={search_term_string}"},"query-input":{"@type":"PropertyValueSpecification","valueRequired":true,"valueName":"search_term_string"}}],"inLanguage":"es"}]}},"_links":{"self":[{"href":"https:\/\/www.electroluxprofessional.com\/es\/wp-json\/wp\/v2\/pages\/3274"}],"collection":[{"href":"https:\/\/www.electroluxprofessional.com\/es\/wp-json\/wp\/v2\/pages"}],"about":[{"href":"https:\/\/www.electroluxprofessional.com\/es\/wp-json\/wp\/v2\/types\/page"}],"author":[{"embeddable":true,"href":"https:\/\/www.electroluxprofessional.com\/es\/wp-json\/wp\/v2\/users\/3"}],"replies":[{"embeddable":true,"href":"https:\/\/www.electroluxprofessional.com\/es\/wp-json\/wp\/v2\/comments?post=3274"}],"version-history":[{"count":16,"href":"https:\/\/www.electroluxprofessional.com\/es\/wp-json\/wp\/v2\/pages\/3274\/revisions"}],"predecessor-version":[{"id":25990,"href":"https:\/\/www.electroluxprofessional.com\/es\/wp-json\/wp\/v2\/pages\/3274\/revisions\/25990"}],"up":[{"embeddable":true,"href":"https:\/\/www.electroluxprofessional.com\/es\/wp-json\/wp\/v2\/pages\/4096"}],"wp:attachment":[{"href":"https:\/\/www.electroluxprofessional.com\/es\/wp-json\/wp\/v2\/media?parent=3274"}],"curies":[{"name":"wp","href":"https:\/\/api.w.org\/{rel}","templated":true}]}}