{"id":3153,"date":"2017-03-09T11:44:47","date_gmt":"2017-03-09T11:44:47","guid":{"rendered":"https:\/\/www.electroluxprofessional.com\/es\/?page_id=3153"},"modified":"2025-05-22T08:26:34","modified_gmt":"2025-05-22T08:26:34","slug":"mesas-refrigeradas","status":"publish","type":"page","link":"https:\/\/www.electroluxprofessional.com\/es\/mesas-refrigeradas\/","title":{"rendered":"Mesas refrigeradas"},"content":{"rendered":"<p>[vc_row full_width=&#8221;electroluxpro-full-width-no-padding&#8221;][vc_column][elx_video_block background_image=&#8221;2689&#8243; video_link=&#8221;https:\/\/www.youtube.com\/watch?v=aWn0HnaU-ec&#8221; minimum_height=&#8221;500px&#8221;][\/vc_column][\/vc_row][vc_row full_width=&#8221;electroluxpro-full-width-no-padding&#8221; disable_element=&#8221;yes&#8221;][vc_column][elx_image_block background_image=&#8221;687&#8243; minimum_height=&#8221;400px&#8221;][\/vc_column][\/vc_row][vc_row][vc_column][vc_empty_space][elx_heading font_container=&#8221;h1&#8243; font_size=&#8221;h3&#8243; text_color=&#8221;inherit&#8221; text_align=&#8221;text-left&#8221;]Mesas Fr\u00edas ecostore<sup>HP<\/sup>[\/elx_heading][vc_empty_space height=&#8221;15px&#8221;][vc_column_text]Las mesas refrigeradas <strong>ecostore<sup>HP<\/sup><\/strong> son pioneras en eficiencia energ\u00e9tica <strong>con clase A y clase clim\u00e1tica 5.<\/strong>[\/vc_column_text][vc_empty_space height=&#8221;60px&#8221;][\/vc_column][\/vc_row][vc_row][vc_column width=&#8221;2\/3&#8243;][elx_heading font_container=&#8221;h3&#8243; text_color=&#8221;inherit&#8221;]ecostore<sup>HP<\/sup> Premium calidad extrA[\/elx_heading][vc_empty_space height=&#8221;15px&#8221;][vc_column_text]Electrolux Professional pone en marcha la eficiencia en la cocina con las nuevas mesas refrigeradas ecostore<sup>HP<\/sup>. Nos hemos superado y ya podemos ofertar una gama completa de armarios y mesas refrigeradas con la\u00a0<strong>combinaci\u00f3n \u00fanica de clase clim\u00e1tica 5 y clase de eficiencia energ\u00e9tica A, las m\u00e1s altas <\/strong>del mercado.<\/p>\n<p>HP significa\u00a0High Performance\u00a0y es que\u00a0<strong>las mesas fr\u00edas ecostore son las m\u00e1s eficientes energ\u00e9ticamente<\/strong>\u00a0adem\u00e1s de ser las que tienen mayor rendimiento, mayor seguridad alimentaria y mayor capacidad.[\/vc_column_text][\/vc_column][vc_column width=&#8221;1\/3&#8243;][vc_row_inner][vc_column_inner offset=&#8221;vc_hidden-sm vc_hidden-xs&#8221;][vc_empty_space height=&#8221;40px&#8221;][\/vc_column_inner][\/vc_row_inner][vc_single_image image=&#8221;1296&#8243; img_size=&#8221;full&#8221;][vc_empty_space][\/vc_column][\/vc_row][vc_row][vc_column width=&#8221;1\/3&#8243;][vc_single_image image=&#8221;682&#8243;][elx_heading font_container=&#8221;h3&#8243; font_size=&#8221;h4&#8243; text_color=&#8221;inherit&#8221; text_align=&#8221;text-left&#8221;]extrA<br \/>\ncapacidad[\/elx_heading][vc_column_text]Almacena m\u00e1s comida. Con 50 litros extra de volumen neto, lo que significa un 20% m\u00e1s de capacidad que otras mesas comparables.[\/vc_column_text][\/vc_column][vc_column width=&#8221;1\/3&#8243;][vc_single_image image=&#8221;4524&#8243;][elx_heading font_container=&#8221;h3&#8243; font_size=&#8221;h4&#8243; text_color=&#8221;inherit&#8221; text_align=&#8221;text-left&#8221;]extrA dise\u00f1o elegante[\/elx_heading][vc_column_text]Elegantes y ergon\u00f3micas, las mesas refrigeradas ecostore<sup>HP<\/sup> pueden tener el grupo independientes o incorporado para crear una combinaci\u00f3n aerodin\u00e1mica e integrada con la preparaci\u00f3n est\u00e1tica de Electrolux.[\/vc_column_text][\/vc_column][vc_column width=&#8221;1\/3&#8243;][vc_single_image image=&#8221;2693&#8243;][elx_heading font_container=&#8221;h3&#8243; font_size=&#8221;h4&#8243; text_color=&#8221;inherit&#8221; text_align=&#8221;text-left&#8221;]extrA<br \/>\npersonalizaci\u00f3n[\/elx_heading][vc_column_text]Con diferentes opciones personalizadas, Electrolux puede ofrecerte la mesa que necesitas. Pregunta a un Distribuidor Electrolux por tu soluci\u00f3n ideal.[\/vc_column_text][\/vc_column][\/vc_row][vc_row][vc_column width=&#8221;1\/3&#8243;][vc_single_image image=&#8221;2692&#8243;][elx_heading font_size=&#8221;h4&#8243; text_color=&#8221;inherit&#8221; text_align=&#8221;text-left&#8221;]extrA seguridad<br \/>\nalimentaria[\/elx_heading][vc_column_text]La comida permanece m\u00e1s fresca durante m\u00e1s tiempo con Optiflow, el sistema de circulaci\u00f3n de aire inteligente y clase clim\u00e1tica 5, lo que significa un excelente rendimiento incluso en las condiciones m\u00e1s duras.[\/vc_column_text][\/vc_column][vc_column width=&#8221;1\/3&#8243;][vc_single_image image=&#8221;683&#8243;][elx_heading font_size=&#8221;h4&#8243; text_color=&#8221;inherit&#8221; text_align=&#8221;text-left&#8221;]extrA ahorro<br \/>\ncon clase A[\/elx_heading][vc_column_text]La clase A de eficiencia energ\u00e9tica marca una verdadera diferencia en la factura de la luz. Ahorro energ\u00e9tico de hasta 480 \u20ac\/a\u00f1o asegurando un r\u00e1pido retorno de la inversi\u00f3n. Pide a un experto Electrolux que calcule cuanto puede ahorrarse tu negocio.[\/vc_column_text][\/vc_column][vc_column width=&#8221;1\/3&#8243;][vc_single_image image=&#8221;1051&#8243; img_size=&#8221;150&#215;300&#8243; css=&#8221;.vc_custom_1526482193900{margin-top: 0px !important;border-top-width: 0px !important;padding-top: 0px !important;}&#8221;][vc_empty_space height=&#8221;20px&#8221;][elx_floating_icon chevron_color=&#8221;icon-chevron-down-cta&#8221; scroll_to=&#8221;Calcula tu ahorro en refrigeraci\u00f3n&#8221;][vc_column_text]<\/p>\n<h4><a href=\"https:\/\/www.electroluxprofessional.com\/es\/calcula-tu-ahorro-en-refrigeracion\/\">Calcula tu ahorro en refrigeraci\u00f3n<\/a><\/h4>\n<p>[\/vc_column_text][\/vc_column][\/vc_row][vc_row][vc_column][elx_heading font_container=&#8221;h3&#8243; text_color=&#8221;cat-cool&#8221;]Conservaci\u00f3n \u00f3ptima con ecostore<sup>HP<\/sup>[\/elx_heading][vc_empty_space][\/vc_column][\/vc_row][vc_row][vc_column width=&#8221;1\/2&#8243;][vc_column_text]Reduce el desperdicio de comida con Optiflow y la clase clim\u00e1tica 5.<br \/>\n<strong>ecostore<sup>HP<\/sup> <\/strong>Premium alcanza la conservaci\u00f3n \u00f3ptima creando un microclima con las condiciones ideales para todos los diferentes tipos de alimentos que necesitan temperaturas y niveles de humedad espec\u00edficos.[\/vc_column_text][elx_button button_text=&#8221;Descubre nuestros accesorios&#8221; button_style=&#8221;icon&#8221; css=&#8221;.vc_custom_1489132616741{margin-top: 10px !important;border-top-width: 10px !important;padding-top: 10px !important;}&#8221; button_link=&#8221;url:https%3A%2F%2Fprofessional.electrolux.es%2Faccesorios-y-consumibles%2Faccesorios-y-consumibles-refrigeracion%2F|title:Accesorios%20y%20consumibles%20refrigeraci%C3%B3n||&#8221;][\/vc_column][vc_column width=&#8221;1\/2&#8243;][vc_single_image image=&#8221;2694&#8243; img_size=&#8221;150&#215;150&#8243; alignment=&#8221;center&#8221;][vc_single_image image=&#8221;2695&#8243; img_size=&#8221;full&#8221; alignment=&#8221;right&#8221;][\/vc_column][\/vc_row][vc_row][vc_column][vc_single_image image=&#8221;15982&#8243; img_size=&#8221;full&#8221; alignment=&#8221;center&#8221;][vc_column_text]<\/p>\n<h2 style=\"text-align: center;\">Extra sostenible<\/h2>\n<p style=\"text-align: center;\">Pioneros en negocios sostenibles y<br \/>\ny respetuosas con el medio ambiente a trav\u00e9s de la innovaci\u00f3n<\/p>\n<p>[\/vc_column_text][vc_row_inner][vc_column_inner width=&#8221;1\/2&#8243;][vc_empty_space][vc_column_text]<\/p>\n<h2>Electrolux Professional est\u00e1 impulsando el cambio, siendo uno de los primeros en los mercados con soluciones R290 de alta eficiencia<\/h2>\n<p>[\/vc_column_text][\/vc_column_inner][vc_column_inner width=&#8221;1\/2&#8243;][vc_empty_space][vc_single_image image=&#8221;15983&#8243; img_size=&#8221;full&#8221;][vc_empty_space][vc_column_text]El gas R290 reduce el impacto medioambiental y tiene un efecto menos agresivo sobre los componentes del frigor\u00edfico que el antiguo gas tradicional.[\/vc_column_text][\/vc_column_inner][\/vc_row_inner][vc_row_inner][vc_column_inner width=&#8221;1\/2&#8243;][vc_empty_space][vc_column_text]<\/p>\n<h2>La innovaci\u00f3n tecnol\u00f3gica es el n\u00facleo de las soluciones de Electrolux Professional, destinadas a disminuir el consumo de energ\u00eda y reducir significativamente el impacto en el medio ambiente<\/h2>\n<p>[\/vc_column_text][\/vc_column_inner][vc_column_inner width=&#8221;1\/2&#8243;][vc_empty_space][vc_single_image image=&#8221;15984&#8243; img_size=&#8221;full&#8221;][vc_empty_space][vc_column_text]<br \/>\nEl CO<sub>2<\/sub> es un refrigerante natural*, seguro para el medio ambiente. No es inflamable, no es t\u00f3xico y es un 20% m\u00e1s eficiente energ\u00e9ticamente**, con un intercambio de calor 5 veces mayor** que un sistema est\u00e1ndar de HFC. El CO<sub>2<\/sub> es respetuoso con el clima, no tiene potencial de agotamiento de la capa de ozono y su potencial de calentamiento global es uno. <span style=\"font-size: 12px;\">* Disponible en determinados modelos remotos<br \/>\n** Comparaci\u00f3n basada en un circuito de refrigeraci\u00f3n que utiliza HFC R404A, uno de los mejores refrigerantes utilizados en refrigeraci\u00f3n<\/span>[\/vc_column_text][\/vc_column_inner][\/vc_row_inner][vc_empty_space][\/vc_column][\/vc_row][vc_row][vc_column][vc_column_text]<\/p>\n<p>&nbsp;<\/p>\n<p>&nbsp;<\/p>\n<p>[\/vc_column_text][\/vc_column][\/vc_row][vc_row][vc_column][vc_empty_space height=&#8221;50px&#8221;][\/vc_column][\/vc_row][vc_row][vc_column width=&#8221;1\/3&#8243;][elx_download_block text=&#8221;Cat\u00e1logo Mesas Refrigeradas ecostore&#8221; document_type=&#8221;brochures&#8221; link=&#8221;http:\/\/tools.professional.electrolux.com\/Mirror\/Doc\/BR\/BR_BR-9JE00055_1_5_4_11_ecostore%20HP%20Premium%20refr%20counters_ES_LR.pdf?version=1504095132&#8243; background_color=&#8221;cat-cool&#8221; reveal_effect=&#8221;&#8221; reveal_duration=&#8221;&#8221; reveal_delay=&#8221;&#8221; br_document_number=&#8221;BR-9JE00156&#8243;][\/vc_column][vc_column width=&#8221;1\/3&#8243;][elx_download_block text=&#8221;Cat\u00e1logo Armarios refrigerados clase A 5&#8243; document_type=&#8221;brochures&#8221; background_color=&#8221;cat-cool&#8221; background_hover_color=&#8221;lighter-hover&#8221; background_image=&#8221;685&#8243; reveal_effect=&#8221;&#8221; reveal_duration=&#8221;&#8221; reveal_delay=&#8221;&#8221; br_document_number=&#8221;BR-9JE00158&#8243;][\/vc_column][vc_column width=&#8221;1\/3&#8243;][elx_download_block text=&#8221;Saladette&#8221; link_target=&#8221;self&#8221; link=&#8221;https:\/\/www.electroluxprofessional.com\/es\/saladette\/&#8221; background_color=&#8221;cat-cool&#8221; background_hover_color=&#8221;lighter-hover&#8221; background_image=&#8221;3183&#8243; reveal_effect=&#8221;&#8221; reveal_duration=&#8221;&#8221; reveal_delay=&#8221;&#8221;][\/vc_column][\/vc_row][vc_row][vc_column][vc_empty_space height=&#8221;50px&#8221;][vc_row_inner][vc_column_inner width=&#8221;2\/3&#8243;][elx_heading text_color=&#8221;inherit&#8221;]Descubre lo que podemos hacer por tu negocio[\/elx_heading][\/vc_column_inner][vc_column_inner width=&#8221;1\/3&#8243;][\/vc_column_inner][\/vc_row_inner][\/vc_column][\/vc_row][vc_row][vc_column width=&#8221;2\/3&#8243;][elx_o2000_contact_us s=&#8221;Petici\u00f3n de informaci\u00f3n sobre mesas fr\u00edas ecostoreHP&#8221; country=&#8221;Spain&#8221; container=&#8221;elxcontactus1480090979&#8243; r=&#8221;Me gustar\u00eda tener m\u00e1s informaci\u00f3n sobre mesas fr\u00edas ecostore. Por favor, contactad conmigo.&#8221; l=&#8221;es&#8221; e=&#8221;foodservice@electrolux.es&#8221;][vc_empty_space height=&#8221;50px&#8221;][\/vc_column][vc_column width=&#8221;1\/3&#8243;][elx_heading font_size=&#8221;h5&#8243; text_color=&#8221;inherit&#8221;]Pr\u00f3ximamente tendremos un configurador on-line para mesas refrigeradas.<br \/>\nSi necesitas crear una configuraci\u00f3n ya, por favor, contacta con nuestros expertos.[\/elx_heading][vc_empty_space][elx_download_block text=&#8221;ecogu\u00eda ecostore&#8221; document_type=&#8221;eco-guide&#8221; link=&#8221;files.professional.electrolux.com\/docs\/?n=ECO-9JEFT&amp;b=5&amp;l=4&#8243; background_color=&#8221;cat-cool&#8221; reveal_effect=&#8221;&#8221; reveal_duration=&#8221;&#8221; reveal_delay=&#8221;&#8221; eg_document_number=&#8221;ECO-9JE00001&#8243;][\/vc_column][\/vc_row]<\/p>\n","protected":false},"excerpt":{"rendered":"<p>[vc_row full_width=&#8221;electroluxpro-full-width-no-padding&#8221;][vc_column][elx_video_block background_image=&#8221;2689&#8243; video_link=&#8221;https:\/\/www.youtube.com\/watch?v=aWn0HnaU-ec&#8221; minimum_height=&#8221;500px&#8221;][\/vc_column][\/vc_row][vc_row full_width=&#8221;electroluxpro-full-width-no-padding&#8221; disable_element=&#8221;yes&#8221;][vc_column][elx_image_block background_image=&#8221;687&#8243; minimum_height=&#8221;400px&#8221;][\/vc_column][\/vc_row][vc_row][vc_column][vc_empty_space][elx_heading font_container=&#8221;h1&#8243; font_size=&#8221;h3&#8243; text_color=&#8221;inherit&#8221; text_align=&#8221;text-left&#8221;]Mesas Fr\u00edas ecostoreHP[\/elx_heading][vc_empty_space height=&#8221;15px&#8221;][vc_column_text]Las mesas refrigeradas ecostoreHP son pioneras en eficiencia energ\u00e9tica con clase A y clase clim\u00e1tica 5.[\/vc_column_text][vc_empty_space height=&#8221;60px&#8221;][\/vc_column][\/vc_row][vc_row][vc_column width=&#8221;2\/3&#8243;][elx_heading font_container=&#8221;h3&#8243; text_color=&#8221;inherit&#8221;]ecostoreHP Premium calidad extrA[\/elx_heading][vc_empty_space height=&#8221;15px&#8221;][vc_column_text]Electrolux Professional pone en marcha la eficiencia en la cocina con las nuevas mesas refrigeradas ecostoreHP. Nos [&hellip;]<\/p>\n","protected":false},"author":3,"featured_media":0,"parent":0,"menu_order":0,"comment_status":"closed","ping_status":"closed","template":"","meta":{"footnotes":""},"class_list":["post-3153","page","type-page","status-publish","hentry"],"acf":[],"yoast_head":"<!-- This site is optimized with the Yoast SEO plugin v23.4 - https:\/\/yoast.com\/wordpress\/plugins\/seo\/ -->\n<title>Mesas refrigeradas - Electrolux Professional Espa\u00f1a<\/title>\n<meta name=\"description\" content=\"Electrolux Professional ofrece mesas refrigeradas con tecnolog\u00eda innovadora y dise\u00f1os personalizables para cocinas profesionales.\" \/>\n<meta name=\"robots\" content=\"index, follow, max-snippet:-1, max-image-preview:large, max-video-preview:-1\" \/>\n<link rel=\"canonical\" href=\"https:\/\/www.electroluxprofessional.com\/es\/mesas-refrigeradas\/\" \/>\n<meta property=\"og:locale\" content=\"es_ES\" \/>\n<meta property=\"og:type\" content=\"article\" \/>\n<meta property=\"og:title\" content=\"Mesas refrigeradas - Electrolux Professional Espa\u00f1a\" \/>\n<meta property=\"og:description\" content=\"Electrolux Professional ofrece mesas refrigeradas con tecnolog\u00eda innovadora y dise\u00f1os personalizables para cocinas profesionales.\" \/>\n<meta property=\"og:url\" content=\"https:\/\/www.electroluxprofessional.com\/es\/mesas-refrigeradas\/\" \/>\n<meta property=\"og:site_name\" content=\"Electrolux Professional Espa\u00f1a\" \/>\n<meta property=\"article:modified_time\" content=\"2025-05-22T08:26:34+00:00\" \/>\n<meta name=\"twitter:card\" content=\"summary_large_image\" \/>\n<meta name=\"twitter:label1\" content=\"Tiempo de lectura\" \/>\n\t<meta name=\"twitter:data1\" content=\"4 minutos\" \/>\n<script type=\"application\/ld+json\" class=\"yoast-schema-graph\">{\"@context\":\"https:\/\/schema.org\",\"@graph\":[{\"@type\":\"WebPage\",\"@id\":\"https:\/\/www.electroluxprofessional.com\/es\/mesas-refrigeradas\/\",\"url\":\"https:\/\/www.electroluxprofessional.com\/es\/mesas-refrigeradas\/\",\"name\":\"Mesas refrigeradas - Electrolux Professional Espa\u00f1a\",\"isPartOf\":{\"@id\":\"https:\/\/www.electroluxprofessional.com\/es\/#website\"},\"datePublished\":\"2017-03-09T11:44:47+00:00\",\"dateModified\":\"2025-05-22T08:26:34+00:00\",\"description\":\"Electrolux Professional ofrece mesas refrigeradas con tecnolog\u00eda innovadora y dise\u00f1os personalizables para cocinas profesionales.\",\"breadcrumb\":{\"@id\":\"https:\/\/www.electroluxprofessional.com\/es\/mesas-refrigeradas\/#breadcrumb\"},\"inLanguage\":\"es\",\"potentialAction\":[{\"@type\":\"ReadAction\",\"target\":[\"https:\/\/www.electroluxprofessional.com\/es\/mesas-refrigeradas\/\"]}]},{\"@type\":\"BreadcrumbList\",\"@id\":\"https:\/\/www.electroluxprofessional.com\/es\/mesas-refrigeradas\/#breadcrumb\",\"itemListElement\":[{\"@type\":\"ListItem\",\"position\":1,\"name\":\"Home\",\"item\":\"https:\/\/www.electroluxprofessional.com\/es\/\"},{\"@type\":\"ListItem\",\"position\":2,\"name\":\"Mesas refrigeradas\"}]},{\"@type\":\"WebSite\",\"@id\":\"https:\/\/www.electroluxprofessional.com\/es\/#website\",\"url\":\"https:\/\/www.electroluxprofessional.com\/es\/\",\"name\":\"Electrolux Professional Espa\u00f1a\",\"description\":\"Equipamiento cocinas profesionales y lavander\u00edas comerciales. Excelencia en el suministro de soluciones profesionales.\",\"potentialAction\":[{\"@type\":\"SearchAction\",\"target\":{\"@type\":\"EntryPoint\",\"urlTemplate\":\"https:\/\/www.electroluxprofessional.com\/es\/?src={search_term_string}\"},\"query-input\":{\"@type\":\"PropertyValueSpecification\",\"valueRequired\":true,\"valueName\":\"search_term_string\"}}],\"inLanguage\":\"es\"}]}<\/script>\n<!-- \/ Yoast SEO plugin. -->","yoast_head_json":{"title":"Mesas refrigeradas - Electrolux Professional Espa\u00f1a","description":"Electrolux Professional ofrece mesas refrigeradas con tecnolog\u00eda innovadora y dise\u00f1os personalizables para cocinas profesionales.","robots":{"index":"index","follow":"follow","max-snippet":"max-snippet:-1","max-image-preview":"max-image-preview:large","max-video-preview":"max-video-preview:-1"},"canonical":"https:\/\/www.electroluxprofessional.com\/es\/mesas-refrigeradas\/","og_locale":"es_ES","og_type":"article","og_title":"Mesas refrigeradas - Electrolux Professional Espa\u00f1a","og_description":"Electrolux Professional ofrece mesas refrigeradas con tecnolog\u00eda innovadora y dise\u00f1os personalizables para cocinas profesionales.","og_url":"https:\/\/www.electroluxprofessional.com\/es\/mesas-refrigeradas\/","og_site_name":"Electrolux Professional Espa\u00f1a","article_modified_time":"2025-05-22T08:26:34+00:00","twitter_card":"summary_large_image","twitter_misc":{"Tiempo de lectura":"4 minutos"},"schema":{"@context":"https:\/\/schema.org","@graph":[{"@type":"WebPage","@id":"https:\/\/www.electroluxprofessional.com\/es\/mesas-refrigeradas\/","url":"https:\/\/www.electroluxprofessional.com\/es\/mesas-refrigeradas\/","name":"Mesas refrigeradas - Electrolux Professional Espa\u00f1a","isPartOf":{"@id":"https:\/\/www.electroluxprofessional.com\/es\/#website"},"datePublished":"2017-03-09T11:44:47+00:00","dateModified":"2025-05-22T08:26:34+00:00","description":"Electrolux Professional ofrece mesas refrigeradas con tecnolog\u00eda innovadora y dise\u00f1os personalizables para cocinas profesionales.","breadcrumb":{"@id":"https:\/\/www.electroluxprofessional.com\/es\/mesas-refrigeradas\/#breadcrumb"},"inLanguage":"es","potentialAction":[{"@type":"ReadAction","target":["https:\/\/www.electroluxprofessional.com\/es\/mesas-refrigeradas\/"]}]},{"@type":"BreadcrumbList","@id":"https:\/\/www.electroluxprofessional.com\/es\/mesas-refrigeradas\/#breadcrumb","itemListElement":[{"@type":"ListItem","position":1,"name":"Home","item":"https:\/\/www.electroluxprofessional.com\/es\/"},{"@type":"ListItem","position":2,"name":"Mesas refrigeradas"}]},{"@type":"WebSite","@id":"https:\/\/www.electroluxprofessional.com\/es\/#website","url":"https:\/\/www.electroluxprofessional.com\/es\/","name":"Electrolux Professional Espa\u00f1a","description":"Equipamiento cocinas profesionales y lavander\u00edas comerciales. Excelencia en el suministro de soluciones profesionales.","potentialAction":[{"@type":"SearchAction","target":{"@type":"EntryPoint","urlTemplate":"https:\/\/www.electroluxprofessional.com\/es\/?src={search_term_string}"},"query-input":{"@type":"PropertyValueSpecification","valueRequired":true,"valueName":"search_term_string"}}],"inLanguage":"es"}]}},"_links":{"self":[{"href":"https:\/\/www.electroluxprofessional.com\/es\/wp-json\/wp\/v2\/pages\/3153"}],"collection":[{"href":"https:\/\/www.electroluxprofessional.com\/es\/wp-json\/wp\/v2\/pages"}],"about":[{"href":"https:\/\/www.electroluxprofessional.com\/es\/wp-json\/wp\/v2\/types\/page"}],"author":[{"embeddable":true,"href":"https:\/\/www.electroluxprofessional.com\/es\/wp-json\/wp\/v2\/users\/3"}],"replies":[{"embeddable":true,"href":"https:\/\/www.electroluxprofessional.com\/es\/wp-json\/wp\/v2\/comments?post=3153"}],"version-history":[{"count":39,"href":"https:\/\/www.electroluxprofessional.com\/es\/wp-json\/wp\/v2\/pages\/3153\/revisions"}],"predecessor-version":[{"id":20392,"href":"https:\/\/www.electroluxprofessional.com\/es\/wp-json\/wp\/v2\/pages\/3153\/revisions\/20392"}],"wp:attachment":[{"href":"https:\/\/www.electroluxprofessional.com\/es\/wp-json\/wp\/v2\/media?parent=3153"}],"curies":[{"name":"wp","href":"https:\/\/api.w.org\/{rel}","templated":true}]}}