{"id":3123,"date":"2017-03-08T16:23:00","date_gmt":"2017-03-08T16:23:00","guid":{"rendered":"https:\/\/www.electroluxprofessional.com\/es\/?page_id=3123"},"modified":"2026-03-29T16:47:11","modified_gmt":"2026-03-29T16:47:11","slug":"calcula-tu-ahorro-en-refrigeracion","status":"publish","type":"page","link":"https:\/\/www.electroluxprofessional.com\/es\/calcula-tu-ahorro-en-refrigeracion\/","title":{"rendered":"Calcula tu ahorro en refrigeraci\u00f3n"},"content":{"rendered":"<p>[vc_row full_width=&#8221;electroluxpro-full-width-no-padding&#8221;][vc_column][elx_hero_slider label_text_color=&#8221;inherit&#8221; images=&#8221;2683&#8243;][elx_heading font_container=&#8221;h1&#8243; font_size=&#8221;h3&#8243; text_color=&#8221;inherit&#8221;]Calcula tu ahorro en refrigeraci\u00f3n[\/elx_heading][\/elx_hero_slider][\/vc_column][\/vc_row][vc_row][vc_column][vc_empty_space][elx_o2000_refrigeration_calculator emailcc=&#8221;javier.millan@electrolux.com&#8221; country=&#8221;Spain&#8221; language=&#8221;es&#8221;][\/vc_column][\/vc_row][vc_row][vc_column][vc_empty_space height=&#8221;50px&#8221;][\/vc_column][\/vc_row][vc_row][vc_column width=&#8221;1\/2&#8243;][elx_download_block text=&#8221;Descubre nuestros armarios refrigerados&#8221; link_target=&#8221;self&#8221; link=&#8221;https:\/\/www.electroluxprofessional.com\/es\/equipamiento-cocinas-profesionales\/armarios-refrigerados\/&#8221; background_color=&#8221;cat-cool&#8221; reveal_effect=&#8221;&#8221; reveal_duration=&#8221;&#8221; reveal_delay=&#8221;&#8221; background_image=&#8221;1295&#8243;][\/vc_column][vc_column width=&#8221;1\/2&#8243;][elx_download_block text=&#8221;Descubre nuestras mesas refrigeradas&#8221; link_target=&#8221;self&#8221; link=&#8221;https:\/\/www.electroluxprofessional.com\/es\/mesas-refrigeradas\/&#8221; background_color=&#8221;cat-cool&#8221; reveal_effect=&#8221;&#8221; reveal_duration=&#8221;&#8221; reveal_delay=&#8221;&#8221; background_image=&#8221;1296&#8243;][\/vc_column][\/vc_row][vc_row][vc_column][vc_empty_space height=&#8221;50px&#8221;][elx_heading font_size=&#8221;h3&#8243; text_color=&#8221;inherit&#8221; text_align=&#8221;text-left&#8221;]Contacta con nuestro equipo de expertos y cu\u00e9ntanos que podemos hacer por tu negocio[\/elx_heading][elx_o2000_contact_us s=&#8221;Petici\u00f3n de informaci\u00f3n sobre ahorro en refrigeraci\u00f3n&#8221; country=&#8221;Spain&#8221; container=&#8221;elxcontactus1480333446&#8243; r=&#8221;Me gustar\u00eda tener m\u00e1s informaci\u00f3n sobre ahorro en refrigeraci\u00f3n.&#8221; e=&#8221;foodservice@electrolux.es&#8221; l=&#8221;es&#8221;][vc_empty_space height=&#8221;50px&#8221;][\/vc_column][\/vc_row]<\/p>\n","protected":false},"excerpt":{"rendered":"<p>[vc_row full_width=&#8221;electroluxpro-full-width-no-padding&#8221;][vc_column][elx_hero_slider label_text_color=&#8221;inherit&#8221; images=&#8221;2683&#8243;][elx_heading font_container=&#8221;h1&#8243; font_size=&#8221;h3&#8243; text_color=&#8221;inherit&#8221;]Calcula tu ahorro en refrigeraci\u00f3n[\/elx_heading][\/elx_hero_slider][\/vc_column][\/vc_row][vc_row][vc_column][vc_empty_space][elx_o2000_refrigeration_calculator emailcc=&#8221;javier.millan@electrolux.com&#8221; country=&#8221;Spain&#8221; language=&#8221;es&#8221;][\/vc_column][\/vc_row][vc_row][vc_column][vc_empty_space height=&#8221;50px&#8221;][\/vc_column][\/vc_row][vc_row][vc_column width=&#8221;1\/2&#8243;][elx_download_block text=&#8221;Descubre nuestros armarios refrigerados&#8221; link_target=&#8221;self&#8221; link=&#8221;https:\/\/www.electroluxprofessional.com\/es\/equipamiento-cocinas-profesionales\/armarios-refrigerados\/&#8221; background_color=&#8221;cat-cool&#8221; reveal_effect=&#8221;&#8221; reveal_duration=&#8221;&#8221; reveal_delay=&#8221;&#8221; background_image=&#8221;1295&#8243;][\/vc_column][vc_column width=&#8221;1\/2&#8243;][elx_download_block text=&#8221;Descubre nuestras mesas refrigeradas&#8221; link_target=&#8221;self&#8221; link=&#8221;https:\/\/www.electroluxprofessional.com\/es\/mesas-refrigeradas\/&#8221; background_color=&#8221;cat-cool&#8221; reveal_effect=&#8221;&#8221; reveal_duration=&#8221;&#8221; reveal_delay=&#8221;&#8221; background_image=&#8221;1296&#8243;][\/vc_column][\/vc_row][vc_row][vc_column][vc_empty_space height=&#8221;50px&#8221;][elx_heading font_size=&#8221;h3&#8243; text_color=&#8221;inherit&#8221; text_align=&#8221;text-left&#8221;]Contacta con nuestro equipo de expertos y cu\u00e9ntanos que podemos hacer por tu [&hellip;]<\/p>\n","protected":false},"author":3,"featured_media":0,"parent":0,"menu_order":0,"comment_status":"closed","ping_status":"closed","template":"","meta":{"footnotes":""},"class_list":["post-3123","page","type-page","status-publish","hentry"],"acf":[],"yoast_head":"<!-- This site is optimized with the Yoast SEO plugin v23.4 - https:\/\/yoast.com\/wordpress\/plugins\/seo\/ -->\n<title>Ahorro en refrigeraci\u00f3n: calcula tu potencial de ahorro | Electrolux Professional<\/title>\n<meta name=\"description\" content=\"Calcula tu ahorro en refrigeraci\u00f3n con nuestro calculador online Life Cycle Cost (LCC). Esta herramienta objetiva te muestra una comparativa real del coste total del ciclo de vida de los diferentes frigor\u00edficos de Electrolux Professional.\" \/>\n<meta name=\"robots\" content=\"index, follow, max-snippet:-1, max-image-preview:large, max-video-preview:-1\" \/>\n<link rel=\"canonical\" href=\"https:\/\/www.electroluxprofessional.com\/es\/calcula-tu-ahorro-en-refrigeracion\/\" \/>\n<meta property=\"og:locale\" content=\"es_ES\" \/>\n<meta property=\"og:type\" content=\"article\" \/>\n<meta property=\"og:title\" content=\"Ahorro en refrigeraci\u00f3n: calcula tu potencial de ahorro | Electrolux Professional\" \/>\n<meta property=\"og:description\" content=\"Calcula tu ahorro en refrigeraci\u00f3n con nuestro calculador online Life Cycle Cost (LCC). Esta herramienta objetiva te muestra una comparativa real del coste total del ciclo de vida de los diferentes frigor\u00edficos de Electrolux Professional.\" \/>\n<meta property=\"og:url\" content=\"https:\/\/www.electroluxprofessional.com\/es\/calcula-tu-ahorro-en-refrigeracion\/\" \/>\n<meta property=\"og:site_name\" content=\"Electrolux Professional Espa\u00f1a\" \/>\n<meta property=\"article:modified_time\" content=\"2026-03-29T16:47:11+00:00\" \/>\n<meta name=\"twitter:card\" content=\"summary_large_image\" \/>\n<meta name=\"twitter:label1\" content=\"Tiempo de lectura\" \/>\n\t<meta name=\"twitter:data1\" content=\"1 minuto\" \/>\n<script type=\"application\/ld+json\" class=\"yoast-schema-graph\">{\"@context\":\"https:\/\/schema.org\",\"@graph\":[{\"@type\":\"WebPage\",\"@id\":\"https:\/\/www.electroluxprofessional.com\/es\/calcula-tu-ahorro-en-refrigeracion\/\",\"url\":\"https:\/\/www.electroluxprofessional.com\/es\/calcula-tu-ahorro-en-refrigeracion\/\",\"name\":\"Ahorro en refrigeraci\u00f3n: calcula tu potencial de ahorro | Electrolux Professional\",\"isPartOf\":{\"@id\":\"https:\/\/www.electroluxprofessional.com\/es\/#website\"},\"datePublished\":\"2017-03-08T16:23:00+00:00\",\"dateModified\":\"2026-03-29T16:47:11+00:00\",\"description\":\"Calcula tu ahorro en refrigeraci\u00f3n con nuestro calculador online Life Cycle Cost (LCC). Esta herramienta objetiva te muestra una comparativa real del coste total del ciclo de vida de los diferentes frigor\u00edficos de Electrolux Professional.\",\"breadcrumb\":{\"@id\":\"https:\/\/www.electroluxprofessional.com\/es\/calcula-tu-ahorro-en-refrigeracion\/#breadcrumb\"},\"inLanguage\":\"es\",\"potentialAction\":[{\"@type\":\"ReadAction\",\"target\":[\"https:\/\/www.electroluxprofessional.com\/es\/calcula-tu-ahorro-en-refrigeracion\/\"]}]},{\"@type\":\"BreadcrumbList\",\"@id\":\"https:\/\/www.electroluxprofessional.com\/es\/calcula-tu-ahorro-en-refrigeracion\/#breadcrumb\",\"itemListElement\":[{\"@type\":\"ListItem\",\"position\":1,\"name\":\"Home\",\"item\":\"https:\/\/www.electroluxprofessional.com\/es\/\"},{\"@type\":\"ListItem\",\"position\":2,\"name\":\"Calcula tu ahorro en refrigeraci\u00f3n\"}]},{\"@type\":\"WebSite\",\"@id\":\"https:\/\/www.electroluxprofessional.com\/es\/#website\",\"url\":\"https:\/\/www.electroluxprofessional.com\/es\/\",\"name\":\"Electrolux Professional Espa\u00f1a\",\"description\":\"Equipamiento cocinas profesionales y lavander\u00edas comerciales. Excelencia en el suministro de soluciones profesionales.\",\"potentialAction\":[{\"@type\":\"SearchAction\",\"target\":{\"@type\":\"EntryPoint\",\"urlTemplate\":\"https:\/\/www.electroluxprofessional.com\/es\/?src={search_term_string}\"},\"query-input\":{\"@type\":\"PropertyValueSpecification\",\"valueRequired\":true,\"valueName\":\"search_term_string\"}}],\"inLanguage\":\"es\"}]}<\/script>\n<!-- \/ Yoast SEO plugin. -->","yoast_head_json":{"title":"Ahorro en refrigeraci\u00f3n: calcula tu potencial de ahorro | Electrolux Professional","description":"Calcula tu ahorro en refrigeraci\u00f3n con nuestro calculador online Life Cycle Cost (LCC). Esta herramienta objetiva te muestra una comparativa real del coste total del ciclo de vida de los diferentes frigor\u00edficos de Electrolux Professional.","robots":{"index":"index","follow":"follow","max-snippet":"max-snippet:-1","max-image-preview":"max-image-preview:large","max-video-preview":"max-video-preview:-1"},"canonical":"https:\/\/www.electroluxprofessional.com\/es\/calcula-tu-ahorro-en-refrigeracion\/","og_locale":"es_ES","og_type":"article","og_title":"Ahorro en refrigeraci\u00f3n: calcula tu potencial de ahorro | Electrolux Professional","og_description":"Calcula tu ahorro en refrigeraci\u00f3n con nuestro calculador online Life Cycle Cost (LCC). Esta herramienta objetiva te muestra una comparativa real del coste total del ciclo de vida de los diferentes frigor\u00edficos de Electrolux Professional.","og_url":"https:\/\/www.electroluxprofessional.com\/es\/calcula-tu-ahorro-en-refrigeracion\/","og_site_name":"Electrolux Professional Espa\u00f1a","article_modified_time":"2026-03-29T16:47:11+00:00","twitter_card":"summary_large_image","twitter_misc":{"Tiempo de lectura":"1 minuto"},"schema":{"@context":"https:\/\/schema.org","@graph":[{"@type":"WebPage","@id":"https:\/\/www.electroluxprofessional.com\/es\/calcula-tu-ahorro-en-refrigeracion\/","url":"https:\/\/www.electroluxprofessional.com\/es\/calcula-tu-ahorro-en-refrigeracion\/","name":"Ahorro en refrigeraci\u00f3n: calcula tu potencial de ahorro | Electrolux Professional","isPartOf":{"@id":"https:\/\/www.electroluxprofessional.com\/es\/#website"},"datePublished":"2017-03-08T16:23:00+00:00","dateModified":"2026-03-29T16:47:11+00:00","description":"Calcula tu ahorro en refrigeraci\u00f3n con nuestro calculador online Life Cycle Cost (LCC). Esta herramienta objetiva te muestra una comparativa real del coste total del ciclo de vida de los diferentes frigor\u00edficos de Electrolux Professional.","breadcrumb":{"@id":"https:\/\/www.electroluxprofessional.com\/es\/calcula-tu-ahorro-en-refrigeracion\/#breadcrumb"},"inLanguage":"es","potentialAction":[{"@type":"ReadAction","target":["https:\/\/www.electroluxprofessional.com\/es\/calcula-tu-ahorro-en-refrigeracion\/"]}]},{"@type":"BreadcrumbList","@id":"https:\/\/www.electroluxprofessional.com\/es\/calcula-tu-ahorro-en-refrigeracion\/#breadcrumb","itemListElement":[{"@type":"ListItem","position":1,"name":"Home","item":"https:\/\/www.electroluxprofessional.com\/es\/"},{"@type":"ListItem","position":2,"name":"Calcula tu ahorro en refrigeraci\u00f3n"}]},{"@type":"WebSite","@id":"https:\/\/www.electroluxprofessional.com\/es\/#website","url":"https:\/\/www.electroluxprofessional.com\/es\/","name":"Electrolux Professional Espa\u00f1a","description":"Equipamiento cocinas profesionales y lavander\u00edas comerciales. Excelencia en el suministro de soluciones profesionales.","potentialAction":[{"@type":"SearchAction","target":{"@type":"EntryPoint","urlTemplate":"https:\/\/www.electroluxprofessional.com\/es\/?src={search_term_string}"},"query-input":{"@type":"PropertyValueSpecification","valueRequired":true,"valueName":"search_term_string"}}],"inLanguage":"es"}]}},"_links":{"self":[{"href":"https:\/\/www.electroluxprofessional.com\/es\/wp-json\/wp\/v2\/pages\/3123"}],"collection":[{"href":"https:\/\/www.electroluxprofessional.com\/es\/wp-json\/wp\/v2\/pages"}],"about":[{"href":"https:\/\/www.electroluxprofessional.com\/es\/wp-json\/wp\/v2\/types\/page"}],"author":[{"embeddable":true,"href":"https:\/\/www.electroluxprofessional.com\/es\/wp-json\/wp\/v2\/users\/3"}],"replies":[{"embeddable":true,"href":"https:\/\/www.electroluxprofessional.com\/es\/wp-json\/wp\/v2\/comments?post=3123"}],"version-history":[{"count":14,"href":"https:\/\/www.electroluxprofessional.com\/es\/wp-json\/wp\/v2\/pages\/3123\/revisions"}],"predecessor-version":[{"id":26050,"href":"https:\/\/www.electroluxprofessional.com\/es\/wp-json\/wp\/v2\/pages\/3123\/revisions\/26050"}],"wp:attachment":[{"href":"https:\/\/www.electroluxprofessional.com\/es\/wp-json\/wp\/v2\/media?parent=3123"}],"curies":[{"name":"wp","href":"https:\/\/api.w.org\/{rel}","templated":true}]}}