{"id":3001,"date":"2017-03-03T09:35:15","date_gmt":"2017-03-03T09:35:15","guid":{"rendered":"https:\/\/www.electroluxprofessional.com\/es\/?page_id=3001"},"modified":"2025-05-22T08:25:44","modified_gmt":"2025-05-22T08:25:44","slug":"login","status":"publish","type":"page","link":"https:\/\/www.electroluxprofessional.com\/es\/login\/","title":{"rendered":"Login"},"content":{"rendered":"<p>[vc_row][vc_column][vc_empty_space height=&#8221;50px&#8221;][\/vc_column][\/vc_row][vc_row][vc_column width=&#8221;3\/6&#8243;][vc_column_text]        <div class=\"login-form \">\n            <div class=\"error-messages\">\n                            <\/div>\n            \n            <form name=\"login-form\" id=\"login-form\" action=\"https:\/\/www.electroluxprofessional.com\/es\/wp-login.php\" method=\"post\">        <input type=\"hidden\" name=\"epr_login_form\" value=\"epr-login-form\"\/>\n        <input type=\"hidden\" name=\"epr_login_url\" value=\"https:\/\/www.electroluxprofessional.com\/es\/wp-json\/wp\/v2\/pages\/3001\"\/>\n        \n        \t\t<p class=\"login-username\">\n\t\t\t\t<label for=\"email\">Email<\/label>\n\t\t\t\t<input type=\"text\" name=\"log\" id=\"email\" autocomplete=\"username\" class=\"input\" value=\"\" size=\"20\" \/>\n\t\t\t<\/p><p class=\"login-password\">\n\t\t\t\t<label for=\"password\">Contrase\u00f1a<\/label>\n\t\t\t\t<input type=\"password\" name=\"pwd\" id=\"password\" autocomplete=\"current-password\" spellcheck=\"false\" class=\"input\" value=\"\" size=\"20\" \/>\n\t\t\t<\/p><div class=\"form-group\"><div class=\"g-recaptcha\" data-sitekey=\"6Ld_DxUUAAAAABBfcwOIlpvK_ddtGNYE-k7BlUq3\"><\/div><\/div><p class=\"login-remember\"><label><input name=\"rememberme\" type=\"checkbox\" id=\"remember-me\" value=\"forever\" \/> Recu\u00e9rdame<\/label><\/p><p class=\"login-submit\">\n\t\t\t\t<input type=\"submit\" name=\"wp-submit\" id=\"submit-login\" class=\"button button-primary\" value=\"Acceder\" \/>\n\t\t\t\t<input type=\"hidden\" name=\"redirect_to\" value=\"https:\/\/www.electroluxprofessional.com\/es\/my-professional\" \/>\n\t\t\t<\/p>        <p>\n                                            <a href=\"\/register\/\" class=\"register-link\">Registro<\/a>\n                                             |                 <a href=\"\/\" class=\"recover-password-link\">\u00bfPerdiste tu clave?<\/a>\n                                    <\/p>\n        <\/form>        <\/div>\n        [\/vc_column_text][\/vc_column][vc_column width=&#8221;1\/6&#8243;][vc_empty_space][\/vc_column][vc_column width=&#8221;2\/6&#8243; css=&#8221;.vc_custom_1488292312360{border-left-width: 1px !important;border-left-style: solid !important;}&#8221;][elx_heading font_container=&#8221;h1&#8243; font_size=&#8221;h3&#8243; text_color=&#8221;inherit&#8221;]Distribuidores y Servicios T\u00e9cnicos<br \/>\nde Lavander\u00eda[\/elx_heading][vc_column_text]<strong>MyProfessional<\/strong>\u00a0para Servicios T\u00e9cnicos se ha movido a un \u00e1rea segura llamada\u00a0<a href=\"https:\/\/toolbox.epr-apps.com\/\" target=\"_blank\" rel=\"noopener noreferrer\"><span style=\"color: #003366;\"><strong>ToolBox<\/strong><\/span><\/a>.<br \/>\n<span style=\"color: #ff0000;\">Si a\u00fan no tienes acceso,\u00a0<strong>solic\u00edtalo desde este enlace<\/strong><\/span><span style=\"color: #ff0000;\"><strong>.\u00a0<\/strong><\/span><br \/>\nEstamos tratando de proporcionarte las mejores herramientas en un entorno m\u00e1s seguro.[\/vc_column_text][elx_button button_text=&#8221;Acceso a ToolBox&#8221; button_style=&#8221;default&#8221; button_link=&#8221;url:https%3A%2F%2Ftoolbox.epr-apps.com|title:laundry%20dealers%20login%20(the%20old%20MyProfessional)|target:%20_blank|&#8221;][\/vc_column][\/vc_row][vc_row][vc_column][vc_empty_space height=&#8221;50px&#8221;][\/vc_column][\/vc_row]<\/p>\n","protected":false},"excerpt":{"rendered":"<p>[vc_row][vc_column][vc_empty_space height=&#8221;50px&#8221;][\/vc_column][\/vc_row][vc_row][vc_column width=&#8221;3\/6&#8243;][vc_column_text][\/vc_column_text][\/vc_column][vc_column width=&#8221;1\/6&#8243;][vc_empty_space][\/vc_column][vc_column width=&#8221;2\/6&#8243; css=&#8221;.vc_custom_1488292312360{border-left-width: 1px !important;border-left-style: solid !important;}&#8221;][elx_heading font_container=&#8221;h1&#8243; font_size=&#8221;h3&#8243; text_color=&#8221;inherit&#8221;]Distribuidores y Servicios T\u00e9cnicos de Lavander\u00eda[\/elx_heading][vc_column_text]MyProfessional\u00a0para Servicios T\u00e9cnicos se ha movido a un \u00e1rea segura llamada\u00a0ToolBox. Si a\u00fan no tienes acceso,\u00a0solic\u00edtalo desde este enlace.\u00a0 Estamos tratando de proporcionarte las mejores herramientas en un entorno m\u00e1s seguro.[\/vc_column_text][elx_button button_text=&#8221;Acceso a ToolBox&#8221; button_style=&#8221;default&#8221; button_link=&#8221;url:https%3A%2F%2Ftoolbox.epr-apps.com|title:laundry%20dealers%20login%20(the%20old%20MyProfessional)|target:%20_blank|&#8221;][\/vc_column][\/vc_row][vc_row][vc_column][vc_empty_space height=&#8221;50px&#8221;][\/vc_column][\/vc_row]<\/p>\n","protected":false},"author":3,"featured_media":0,"parent":0,"menu_order":0,"comment_status":"closed","ping_status":"closed","template":"","meta":{"footnotes":""},"class_list":["post-3001","page","type-page","status-publish","hentry"],"acf":[],"yoast_head":"<!-- This site is optimized with the Yoast SEO plugin v23.4 - https:\/\/yoast.com\/wordpress\/plugins\/seo\/ -->\n<title>Login - Electrolux Professional Espa\u00f1a<\/title>\n<meta name=\"description\" content=\"Inicio de sesi\u00f3n en MyProfessional de Electrolux Professional, acceso seguro y herramientas \u00f3ptimas.\" \/>\n<meta name=\"robots\" content=\"index, follow, max-snippet:-1, max-image-preview:large, max-video-preview:-1\" \/>\n<link rel=\"canonical\" href=\"https:\/\/www.electroluxprofessional.com\/es\/login\/\" \/>\n<meta property=\"og:locale\" content=\"es_ES\" \/>\n<meta property=\"og:type\" content=\"article\" \/>\n<meta property=\"og:title\" content=\"Login - Electrolux Professional Espa\u00f1a\" \/>\n<meta property=\"og:description\" content=\"Inicio de sesi\u00f3n en MyProfessional de Electrolux Professional, acceso seguro y herramientas \u00f3ptimas.\" \/>\n<meta property=\"og:url\" content=\"https:\/\/www.electroluxprofessional.com\/es\/login\/\" \/>\n<meta property=\"og:site_name\" content=\"Electrolux Professional Espa\u00f1a\" \/>\n<meta property=\"article:modified_time\" content=\"2025-05-22T08:25:44+00:00\" \/>\n<meta name=\"twitter:card\" content=\"summary_large_image\" \/>\n<meta name=\"twitter:label1\" content=\"Tiempo de lectura\" \/>\n\t<meta name=\"twitter:data1\" content=\"1 minuto\" \/>\n<script type=\"application\/ld+json\" class=\"yoast-schema-graph\">{\"@context\":\"https:\/\/schema.org\",\"@graph\":[{\"@type\":\"WebPage\",\"@id\":\"https:\/\/www.electroluxprofessional.com\/es\/login\/\",\"url\":\"https:\/\/www.electroluxprofessional.com\/es\/login\/\",\"name\":\"Login - Electrolux Professional Espa\u00f1a\",\"isPartOf\":{\"@id\":\"https:\/\/www.electroluxprofessional.com\/es\/#website\"},\"datePublished\":\"2017-03-03T09:35:15+00:00\",\"dateModified\":\"2025-05-22T08:25:44+00:00\",\"description\":\"Inicio de sesi\u00f3n en MyProfessional de Electrolux Professional, acceso seguro y herramientas \u00f3ptimas.\",\"breadcrumb\":{\"@id\":\"https:\/\/www.electroluxprofessional.com\/es\/login\/#breadcrumb\"},\"inLanguage\":\"es\",\"potentialAction\":[{\"@type\":\"ReadAction\",\"target\":[\"https:\/\/www.electroluxprofessional.com\/es\/login\/\"]}]},{\"@type\":\"BreadcrumbList\",\"@id\":\"https:\/\/www.electroluxprofessional.com\/es\/login\/#breadcrumb\",\"itemListElement\":[{\"@type\":\"ListItem\",\"position\":1,\"name\":\"Home\",\"item\":\"https:\/\/www.electroluxprofessional.com\/es\/\"},{\"@type\":\"ListItem\",\"position\":2,\"name\":\"Login\"}]},{\"@type\":\"WebSite\",\"@id\":\"https:\/\/www.electroluxprofessional.com\/es\/#website\",\"url\":\"https:\/\/www.electroluxprofessional.com\/es\/\",\"name\":\"Electrolux Professional Espa\u00f1a\",\"description\":\"Equipamiento cocinas profesionales y lavander\u00edas comerciales. Excelencia en el suministro de soluciones profesionales.\",\"potentialAction\":[{\"@type\":\"SearchAction\",\"target\":{\"@type\":\"EntryPoint\",\"urlTemplate\":\"https:\/\/www.electroluxprofessional.com\/es\/?src={search_term_string}\"},\"query-input\":{\"@type\":\"PropertyValueSpecification\",\"valueRequired\":true,\"valueName\":\"search_term_string\"}}],\"inLanguage\":\"es\"}]}<\/script>\n<!-- \/ Yoast SEO plugin. -->","yoast_head_json":{"title":"Login - Electrolux Professional Espa\u00f1a","description":"Inicio de sesi\u00f3n en MyProfessional de Electrolux Professional, acceso seguro y herramientas \u00f3ptimas.","robots":{"index":"index","follow":"follow","max-snippet":"max-snippet:-1","max-image-preview":"max-image-preview:large","max-video-preview":"max-video-preview:-1"},"canonical":"https:\/\/www.electroluxprofessional.com\/es\/login\/","og_locale":"es_ES","og_type":"article","og_title":"Login - Electrolux Professional Espa\u00f1a","og_description":"Inicio de sesi\u00f3n en MyProfessional de Electrolux Professional, acceso seguro y herramientas \u00f3ptimas.","og_url":"https:\/\/www.electroluxprofessional.com\/es\/login\/","og_site_name":"Electrolux Professional Espa\u00f1a","article_modified_time":"2025-05-22T08:25:44+00:00","twitter_card":"summary_large_image","twitter_misc":{"Tiempo de lectura":"1 minuto"},"schema":{"@context":"https:\/\/schema.org","@graph":[{"@type":"WebPage","@id":"https:\/\/www.electroluxprofessional.com\/es\/login\/","url":"https:\/\/www.electroluxprofessional.com\/es\/login\/","name":"Login - Electrolux Professional Espa\u00f1a","isPartOf":{"@id":"https:\/\/www.electroluxprofessional.com\/es\/#website"},"datePublished":"2017-03-03T09:35:15+00:00","dateModified":"2025-05-22T08:25:44+00:00","description":"Inicio de sesi\u00f3n en MyProfessional de Electrolux Professional, acceso seguro y herramientas \u00f3ptimas.","breadcrumb":{"@id":"https:\/\/www.electroluxprofessional.com\/es\/login\/#breadcrumb"},"inLanguage":"es","potentialAction":[{"@type":"ReadAction","target":["https:\/\/www.electroluxprofessional.com\/es\/login\/"]}]},{"@type":"BreadcrumbList","@id":"https:\/\/www.electroluxprofessional.com\/es\/login\/#breadcrumb","itemListElement":[{"@type":"ListItem","position":1,"name":"Home","item":"https:\/\/www.electroluxprofessional.com\/es\/"},{"@type":"ListItem","position":2,"name":"Login"}]},{"@type":"WebSite","@id":"https:\/\/www.electroluxprofessional.com\/es\/#website","url":"https:\/\/www.electroluxprofessional.com\/es\/","name":"Electrolux Professional Espa\u00f1a","description":"Equipamiento cocinas profesionales y lavander\u00edas comerciales. Excelencia en el suministro de soluciones profesionales.","potentialAction":[{"@type":"SearchAction","target":{"@type":"EntryPoint","urlTemplate":"https:\/\/www.electroluxprofessional.com\/es\/?src={search_term_string}"},"query-input":{"@type":"PropertyValueSpecification","valueRequired":true,"valueName":"search_term_string"}}],"inLanguage":"es"}]}},"_links":{"self":[{"href":"https:\/\/www.electroluxprofessional.com\/es\/wp-json\/wp\/v2\/pages\/3001"}],"collection":[{"href":"https:\/\/www.electroluxprofessional.com\/es\/wp-json\/wp\/v2\/pages"}],"about":[{"href":"https:\/\/www.electroluxprofessional.com\/es\/wp-json\/wp\/v2\/types\/page"}],"author":[{"embeddable":true,"href":"https:\/\/www.electroluxprofessional.com\/es\/wp-json\/wp\/v2\/users\/3"}],"replies":[{"embeddable":true,"href":"https:\/\/www.electroluxprofessional.com\/es\/wp-json\/wp\/v2\/comments?post=3001"}],"version-history":[{"count":11,"href":"https:\/\/www.electroluxprofessional.com\/es\/wp-json\/wp\/v2\/pages\/3001\/revisions"}],"predecessor-version":[{"id":20026,"href":"https:\/\/www.electroluxprofessional.com\/es\/wp-json\/wp\/v2\/pages\/3001\/revisions\/20026"}],"wp:attachment":[{"href":"https:\/\/www.electroluxprofessional.com\/es\/wp-json\/wp\/v2\/media?parent=3001"}],"curies":[{"name":"wp","href":"https:\/\/api.w.org\/{rel}","templated":true}]}}