{"id":25571,"date":"2026-02-23T16:05:58","date_gmt":"2026-02-23T16:05:58","guid":{"rendered":"https:\/\/www.electroluxprofessional.com\/es\/?page_id=25571"},"modified":"2026-03-17T14:47:21","modified_gmt":"2026-03-17T14:47:21","slug":"calificaciones-y-certificados-de-sostenibilidad","status":"publish","type":"page","link":"https:\/\/www.electroluxprofessional.com\/es\/soluciones-sostenibles\/calificaciones-y-certificados-de-sostenibilidad\/","title":{"rendered":"Calificaciones y Certificados de Sostenibilidad"},"content":{"rendered":"<p>[vc_row full_width=&#8221;electroluxpro-full-width-no-padding&#8221;][vc_column][elx_image_block background_image=&#8221;25568&#8243; minimum_height=&#8221;400px&#8221;][\/vc_column][\/vc_row][vc_row][vc_column][vc_row_inner][vc_column_inner offset=&#8221;vc_hidden-sm vc_hidden-xs&#8221;][vc_empty_space height=&#8221;80px&#8221;][\/vc_column_inner][\/vc_row_inner][vc_row_inner][vc_column_inner offset=&#8221;vc_hidden-lg vc_hidden-md&#8221;][vc_empty_space][\/vc_column_inner][\/vc_row_inner][elx_heading font_container=&#8221;h1&#8243; text_color=&#8221;electrolux-blue&#8221; text_align=&#8221;text-center&#8221;]Calificaciones y Certificados de Sostenibilidad[\/elx_heading][vc_empty_space height=&#8221;14px&#8221;][vc_column_text]<\/p>\n<p style=\"text-align: center;\">Estamos reforzando nuestro compromiso con un futuro sostenible a trav\u00e9s de la transparencia ambiental.<\/p>\n<p>[\/vc_column_text][vc_row_inner][vc_column_inner offset=&#8221;vc_hidden-sm vc_hidden-xs&#8221;][vc_empty_space height=&#8221;80px&#8221;][\/vc_column_inner][\/vc_row_inner][vc_row_inner][vc_column_inner offset=&#8221;vc_hidden-lg vc_hidden-md&#8221;][vc_empty_space][\/vc_column_inner][\/vc_row_inner][\/vc_column][\/vc_row][vc_row css=&#8221;.vc_custom_1758284570657{background-color: #F5F5F5 !important;}&#8221;][vc_column][vc_empty_space height=&#8221;50px&#8221;][\/vc_column][\/vc_row][vc_row equal_height=&#8221;yes&#8221; css=&#8221;.vc_custom_1758802186212{background-color: #F5F5F5 !important;}&#8221;][vc_column width=&#8221;3\/5&#8243; el_class=&#8221;align-vertical-center&#8221;][elx_heading font_size=&#8221;h4&#8243; text_color=&#8221;electrolux-blue&#8221; text_align=&#8221;text-left&#8221;]En 2025, nos enorgullece haber recibido la prestigiosa Calificaci\u00f3n de Oro en Sostenibilidad de EcoVadis, lo que nos sit\u00faa entre el 5 % de las empresas mejor evaluadas a nivel mundial.[\/elx_heading][vc_row_inner][vc_column_inner offset=&#8221;vc_hidden-lg vc_hidden-md vc_hidden-sm&#8221;][vc_empty_space][\/vc_column_inner][\/vc_row_inner][\/vc_column][vc_column width=&#8221;2\/5&#8243;][vc_single_image image=&#8221;25569&#8243; img_size=&#8221;200&#215;200&#8243; alignment=&#8221;center&#8221;][\/vc_column][\/vc_row][vc_row css=&#8221;.vc_custom_1771583221625{background-color: #f5f5f5 !important;}&#8221;][vc_column][vc_empty_space height=&#8221;50px&#8221;][\/vc_column][\/vc_row][vc_row][vc_column][vc_empty_space height=&#8221;80px&#8221;][\/vc_column][\/vc_row][vc_row css=&#8221;.vc_custom_1758794818846{background-image: url(https:\/\/eprdev.comunicazione21.com\/wp-content\/uploads\/2025\/09\/Screenshot-2025-09-25-115810.jpg?id=56214) !important;background-position: center !important;background-repeat: no-repeat !important;background-size: cover !important;}&#8221;][vc_column][vc_empty_space height=&#8221;64px&#8221;][vc_row_inner][vc_column_inner][vc_column_text]<\/p>\n<p style=\"text-align: center;\"><span style=\"color: #ffffff;\">LO QUE HEMOS LOGRADO HASTA AHORA<\/span><\/p>\n<p>[\/vc_column_text][vc_empty_space][elx_heading text_color=&#8221;white&#8221; text_align=&#8221;text-center&#8221;]En 2024, hemos logrado avances significativos<br \/>\nen todas las \u00e1reas de sostenibilidad desde 2019.<br \/>\n[\/elx_heading][vc_empty_space][\/vc_column_inner][\/vc_row_inner][vc_row_inner][vc_column_inner width=&#8221;1\/3&#8243;][vc_column_text]<\/p>\n<p style=\"font-size: 83px; text-align: center;\"><span style=\"color: #ffffff;\"><strong>-61%<\/strong><\/span><\/p>\n<p>[\/vc_column_text][elx_heading font_container=&#8221;h3&#8243; font_size=&#8221;p&#8221; text_color=&#8221;white&#8221; text_align=&#8221;text-center&#8221;]Emisiones de CO2<br \/>\nalcance 1 y 2[\/elx_heading][vc_empty_space][\/vc_column_inner][vc_column_inner width=&#8221;1\/3&#8243;][vc_column_text]<\/p>\n<p style=\"font-size: 83px; text-align: center;\"><span style=\"color: #ffffff;\"><strong>51%<\/strong><\/span><\/p>\n<p>[\/vc_column_text][elx_heading font_container=&#8221;h3&#8243; font_size=&#8221;p&#8221; text_color=&#8221;white&#8221; text_align=&#8221;text-center&#8221;]Energ\u00eda renovable[\/elx_heading][vc_empty_space][\/vc_column_inner][vc_column_inner width=&#8221;1\/3&#8243;][vc_column_text]<\/p>\n<p style=\"font-size: 83px; text-align: center;\"><span style=\"color: #ffffff;\"><strong>-35%<\/strong><\/span><\/p>\n<p>[\/vc_column_text][elx_heading font_container=&#8221;h3&#8243; font_size=&#8221;p&#8221; text_color=&#8221;white&#8221; text_align=&#8221;text-center&#8221;]Emisiones de CO de alcance 3[\/elx_heading][vc_empty_space][\/vc_column_inner][\/vc_row_inner][vc_empty_space height=&#8221;100px&#8221;][\/vc_column][\/vc_row][vc_row][vc_column offset=&#8221;vc_hidden-sm vc_hidden-xs&#8221;][vc_empty_space height=&#8221;80px&#8221;][\/vc_column][\/vc_row][vc_row][vc_column offset=&#8221;vc_hidden-lg vc_hidden-md&#8221;][vc_empty_space][\/vc_column][\/vc_row][vc_row][vc_column][elx_carousel_sust_ratings cards_bg_color=&#8221;card-bg-green&#8221; first_title=&#8221;Objetivos clim\u00e1ticos&#8221; first_paragraph=&#8221;El Grupo Electrolux Professional es el l\u00edder en sostenibilidad en nuestra industria. Nuestro objetivo general y ambicioso es ser clim\u00e1ticamente neutrales en nuestras propias operaciones para 2030.&#8221; card_1_image=&#8221;25599&#8243; card_1_title=&#8221;Reducir las emisiones de CO2 de alcance 1 y 2 de nuestras plantas industriales en un 70%, desde 2019&#8243; card_1_number=&#8221;-70%&#8221; card_1_number_text=&#8221;Logrado -61%, hasta ahora (2024)&#8221; card_2_image=&#8221;25599&#8243; card_2_title=&#8221;Reducir las emisiones de alcance 3 de la fase de uso de productos vendidos&#8221; card_2_number=&#8221;-27,5%&#8221; card_2_number_text=&#8221;Objetivo alcanzado en 2024&#8243;][vc_empty_space height=&#8221;64px&#8221;][elx_carousel_sust_ratings alignment=&#8221;right&#8221; first_title=&#8221;Objetivos para las personas&#8221; first_paragraph=&#8221;Nuestra misi\u00f3n es facilitar la vida laboral de nuestros clientes, hacerla m\u00e1s rentable y verdaderamente sostenible cada d\u00eda. Esto solo se puede lograr a trav\u00e9s de nuestro mayor activo: nuestra gente.&#8221; card_1_title=&#8221;Objetivo de salud y seguridad para 2025&#8243; card_1_number=&#8221;0,3&#8243; card_1_number_text=&#8221;Actualmente 0,66&#8243; card_2_title=&#8221;Objetivo de diversidad de g\u00e9nero para 2030&#8243; card_2_number=&#8221;40\/60&#8243; card_2_number_text=&#8221;Actualmente 28\/72&#8243; card_1_paragraph=&#8221;Medido por accidentes laborales por cada 200.000 horas trabajadas&#8221; card_2_paragraph=&#8221;Distribuci\u00f3n hombres\/mujeres o mujeres\/hombres&#8221;][\/vc_column][\/vc_row][vc_row][vc_column offset=&#8221;vc_hidden-sm vc_hidden-xs&#8221;][vc_empty_space height=&#8221;80px&#8221;][\/vc_column][\/vc_row][vc_row][vc_column offset=&#8221;vc_hidden-lg vc_hidden-md&#8221;][vc_empty_space][\/vc_column][\/vc_row][vc_row css=&#8221;.vc_custom_1758284570657{background-color: #F5F5F5 !important;}&#8221;][vc_column][vc_empty_space height=&#8221;50px&#8221;][\/vc_column][\/vc_row][vc_row content_placement=&#8221;middle&#8221; css=&#8221;.vc_custom_1758808799747{background-color: #F5F5F5 !important;}&#8221;][vc_column width=&#8221;1\/3&#8243; el_class=&#8221;align-vertical-center&#8221;][vc_row_inner][vc_column_inner][vc_empty_space height=&#8221;42px&#8221;][\/vc_column_inner][\/vc_row_inner][vc_single_image image=&#8221;25570&#8243; img_size=&#8221;400&#215;200&#8243; alignment=&#8221;center&#8221; el_class=&#8221;align-vertical-center&#8221;][\/vc_column][vc_column width=&#8221;2\/3&#8243;][elx_heading text_color=&#8221;electrolux-blue&#8221; text_align=&#8221;text-left&#8221;]Neutralidad clim\u00e1tica para 2030[\/elx_heading][vc_empty_space height=&#8221;16px&#8221;][vc_column_text]<\/p>\n<div class=\"ewa-rteLine\">Nuestro objetivo general y ambicioso es ser clim\u00e1ticamente neutrales en nuestras propias operaciones para 2030.<\/div>\n<div class=\"ewa-rteLine\">Apoyamos la Agenda 2030 de la ONU y los asociados \u201cObjetivos de Desarrollo Sostenible\u201d (ODS) y <strong>nos hemos comprometido a ser clim\u00e1ticamente neutrales para 2030.<\/strong><\/div>\n<p><strong>\u00a0<\/strong>[\/vc_column_text][vc_empty_space height=&#8221;28px&#8221;][elx_button button_text=&#8221;NUESTROS OBJETIVOS DE DESARROLLO SOSTENIBLE&#8221; button_display_block=&#8221;display_block_on&#8221; button_alignment_mobile=&#8221;text-left-mobile&#8221; button_link=&#8221;url:https%3A%2F%2Fwww.electroluxprofessionalgroup.com%2Fen%2Fsustainability%2Fsustainable-development-goals%2F|title:NUESTROS%20OBJETIVOS%20DE%20DESARROLLO%20SOSTENIBLE|target:_blank&#8221;][\/vc_column][\/vc_row][vc_row css=&#8221;.vc_custom_1758284570657{background-color: #F5F5F5 !important;}&#8221;][vc_column][vc_empty_space height=&#8221;50px&#8221;][\/vc_column][\/vc_row][vc_row][vc_column][vc_empty_space height=&#8221;80px&#8221;][\/vc_column][\/vc_row][vc_row][vc_column][elx_double_banner_sust tag_title=&#8221;h2&#8243; left_title=&#8221;Soluciones Alimentarias Sostenibles&#8221; left_link=&#8221;url:https%3A%2F%2Fwww.electroluxprofessional.com%2Fes%2Fsoluciones-sostenibles%2Fsoluciones-alimentarias-sostenibles%2F|title:Descubre%20m%C3%A1s&#8221; right_title=&#8221;Soluciones Lavander\u00eda Sostenibles&#8221; right_link=&#8221;url:https%3A%2F%2Fwww.electroluxprofessional.com%2Fes%2Fsoluciones-sostenibles%2Fmodelando-la-lavanderia-sostenible%2F|title:Descubre%20m%C3%A1s&#8221; left_image_media_library=&#8221;25574&#8243; right_image_media_library=&#8221;25575&#8243;][\/vc_column][\/vc_row][vc_row][vc_column][vc_empty_space height=&#8221;80px&#8221;][\/vc_column][\/vc_row]<\/p>\n","protected":false},"excerpt":{"rendered":"<p>[vc_row full_width=&#8221;electroluxpro-full-width-no-padding&#8221;][vc_column][elx_image_block background_image=&#8221;25568&#8243; minimum_height=&#8221;400px&#8221;][\/vc_column][\/vc_row][vc_row][vc_column][vc_row_inner][vc_column_inner offset=&#8221;vc_hidden-sm vc_hidden-xs&#8221;][vc_empty_space height=&#8221;80px&#8221;][\/vc_column_inner][\/vc_row_inner][vc_row_inner][vc_column_inner offset=&#8221;vc_hidden-lg vc_hidden-md&#8221;][vc_empty_space][\/vc_column_inner][\/vc_row_inner][elx_heading font_container=&#8221;h1&#8243; text_color=&#8221;electrolux-blue&#8221; text_align=&#8221;text-center&#8221;]Calificaciones y Certificados de Sostenibilidad[\/elx_heading][vc_empty_space height=&#8221;14px&#8221;][vc_column_text] Estamos reforzando nuestro compromiso con un futuro sostenible a trav\u00e9s de la transparencia ambiental. [\/vc_column_text][vc_row_inner][vc_column_inner offset=&#8221;vc_hidden-sm vc_hidden-xs&#8221;][vc_empty_space height=&#8221;80px&#8221;][\/vc_column_inner][\/vc_row_inner][vc_row_inner][vc_column_inner offset=&#8221;vc_hidden-lg vc_hidden-md&#8221;][vc_empty_space][\/vc_column_inner][\/vc_row_inner][\/vc_column][\/vc_row][vc_row css=&#8221;.vc_custom_1758284570657{background-color: #F5F5F5 !important;}&#8221;][vc_column][vc_empty_space height=&#8221;50px&#8221;][\/vc_column][\/vc_row][vc_row equal_height=&#8221;yes&#8221; css=&#8221;.vc_custom_1758802186212{background-color: #F5F5F5 !important;}&#8221;][vc_column width=&#8221;3\/5&#8243; el_class=&#8221;align-vertical-center&#8221;][elx_heading font_size=&#8221;h4&#8243; text_color=&#8221;electrolux-blue&#8221; text_align=&#8221;text-left&#8221;]En 2025, nos enorgullece haber recibido [&hellip;]<\/p>\n","protected":false},"author":1,"featured_media":25567,"parent":25529,"menu_order":0,"comment_status":"closed","ping_status":"closed","template":"","meta":{"footnotes":""},"class_list":["post-25571","page","type-page","status-publish","has-post-thumbnail","hentry"],"acf":[],"yoast_head":"<!-- This site is optimized with the Yoast SEO plugin v23.4 - https:\/\/yoast.com\/wordpress\/plugins\/seo\/ -->\n<title>Calificaciones y Certificados de Sostenibilidad - Electrolux Professional Espa\u00f1a<\/title>\n<meta name=\"description\" content=\"Calificaciones y certificaciones de sostenibilidad de Electrolux Professional. Descubre nuestros compromisos clim\u00e1ticos y los reconocimientos otorgados por los principales organismos internacionales de evaluaci\u00f3n por nuestro desempe\u00f1o en sostenibilidad.\" \/>\n<meta name=\"robots\" content=\"index, follow, max-snippet:-1, max-image-preview:large, max-video-preview:-1\" \/>\n<link rel=\"canonical\" href=\"https:\/\/www.electroluxprofessional.com\/es\/soluciones-sostenibles\/calificaciones-y-certificados-de-sostenibilidad\/\" \/>\n<meta property=\"og:locale\" content=\"es_ES\" \/>\n<meta property=\"og:type\" content=\"article\" \/>\n<meta property=\"og:title\" content=\"Calificaciones y Certificados de Sostenibilidad - Electrolux Professional Espa\u00f1a\" \/>\n<meta property=\"og:description\" content=\"Calificaciones y certificaciones de sostenibilidad de Electrolux Professional. Descubre nuestros compromisos clim\u00e1ticos y los reconocimientos otorgados por los principales organismos internacionales de evaluaci\u00f3n por nuestro desempe\u00f1o en sostenibilidad.\" \/>\n<meta property=\"og:url\" content=\"https:\/\/www.electroluxprofessional.com\/es\/soluciones-sostenibles\/calificaciones-y-certificados-de-sostenibilidad\/\" \/>\n<meta property=\"og:site_name\" content=\"Electrolux Professional Espa\u00f1a\" \/>\n<meta property=\"article:modified_time\" content=\"2026-03-17T14:47:21+00:00\" \/>\n<meta property=\"og:image\" content=\"https:\/\/www.electroluxprofessional.com\/es\/wp-content\/uploads\/2026\/02\/A-sustainable-approach_1-4.jpeg\" \/>\n\t<meta property=\"og:image:width\" content=\"577\" \/>\n\t<meta property=\"og:image:height\" content=\"540\" \/>\n\t<meta property=\"og:image:type\" content=\"image\/jpeg\" \/>\n<meta name=\"twitter:card\" content=\"summary_large_image\" \/>\n<meta name=\"twitter:label1\" content=\"Tiempo de lectura\" \/>\n\t<meta name=\"twitter:data1\" content=\"4 minutos\" \/>\n<script type=\"application\/ld+json\" class=\"yoast-schema-graph\">{\"@context\":\"https:\/\/schema.org\",\"@graph\":[{\"@type\":\"WebPage\",\"@id\":\"https:\/\/www.electroluxprofessional.com\/es\/soluciones-sostenibles\/calificaciones-y-certificados-de-sostenibilidad\/\",\"url\":\"https:\/\/www.electroluxprofessional.com\/es\/soluciones-sostenibles\/calificaciones-y-certificados-de-sostenibilidad\/\",\"name\":\"Calificaciones y Certificados de Sostenibilidad - Electrolux Professional Espa\u00f1a\",\"isPartOf\":{\"@id\":\"https:\/\/www.electroluxprofessional.com\/es\/#website\"},\"primaryImageOfPage\":{\"@id\":\"https:\/\/www.electroluxprofessional.com\/es\/soluciones-sostenibles\/calificaciones-y-certificados-de-sostenibilidad\/#primaryimage\"},\"image\":{\"@id\":\"https:\/\/www.electroluxprofessional.com\/es\/soluciones-sostenibles\/calificaciones-y-certificados-de-sostenibilidad\/#primaryimage\"},\"thumbnailUrl\":\"https:\/\/www.electroluxprofessional.com\/es\/wp-content\/uploads\/2026\/02\/A-sustainable-approach_1-4.jpeg\",\"datePublished\":\"2026-02-23T16:05:58+00:00\",\"dateModified\":\"2026-03-17T14:47:21+00:00\",\"description\":\"Calificaciones y certificaciones de sostenibilidad de Electrolux Professional. Descubre nuestros compromisos clim\u00e1ticos y los reconocimientos otorgados por los principales organismos internacionales de evaluaci\u00f3n por nuestro desempe\u00f1o en sostenibilidad.\",\"breadcrumb\":{\"@id\":\"https:\/\/www.electroluxprofessional.com\/es\/soluciones-sostenibles\/calificaciones-y-certificados-de-sostenibilidad\/#breadcrumb\"},\"inLanguage\":\"es\",\"potentialAction\":[{\"@type\":\"ReadAction\",\"target\":[\"https:\/\/www.electroluxprofessional.com\/es\/soluciones-sostenibles\/calificaciones-y-certificados-de-sostenibilidad\/\"]}]},{\"@type\":\"ImageObject\",\"inLanguage\":\"es\",\"@id\":\"https:\/\/www.electroluxprofessional.com\/es\/soluciones-sostenibles\/calificaciones-y-certificados-de-sostenibilidad\/#primaryimage\",\"url\":\"https:\/\/www.electroluxprofessional.com\/es\/wp-content\/uploads\/2026\/02\/A-sustainable-approach_1-4.jpeg\",\"contentUrl\":\"https:\/\/www.electroluxprofessional.com\/es\/wp-content\/uploads\/2026\/02\/A-sustainable-approach_1-4.jpeg\",\"width\":577,\"height\":540},{\"@type\":\"BreadcrumbList\",\"@id\":\"https:\/\/www.electroluxprofessional.com\/es\/soluciones-sostenibles\/calificaciones-y-certificados-de-sostenibilidad\/#breadcrumb\",\"itemListElement\":[{\"@type\":\"ListItem\",\"position\":1,\"name\":\"Home\",\"item\":\"https:\/\/www.electroluxprofessional.com\/es\/\"},{\"@type\":\"ListItem\",\"position\":2,\"name\":\"Soluciones Sostenibles\",\"item\":\"https:\/\/www.electroluxprofessional.com\/es\/soluciones-sostenibles\/\"},{\"@type\":\"ListItem\",\"position\":3,\"name\":\"Calificaciones y Certificados de Sostenibilidad\"}]},{\"@type\":\"WebSite\",\"@id\":\"https:\/\/www.electroluxprofessional.com\/es\/#website\",\"url\":\"https:\/\/www.electroluxprofessional.com\/es\/\",\"name\":\"Electrolux Professional Espa\u00f1a\",\"description\":\"Equipamiento cocinas profesionales y lavander\u00edas comerciales. Excelencia en el suministro de soluciones profesionales.\",\"potentialAction\":[{\"@type\":\"SearchAction\",\"target\":{\"@type\":\"EntryPoint\",\"urlTemplate\":\"https:\/\/www.electroluxprofessional.com\/es\/?src={search_term_string}\"},\"query-input\":{\"@type\":\"PropertyValueSpecification\",\"valueRequired\":true,\"valueName\":\"search_term_string\"}}],\"inLanguage\":\"es\"}]}<\/script>\n<!-- \/ Yoast SEO plugin. -->","yoast_head_json":{"title":"Calificaciones y Certificados de Sostenibilidad - Electrolux Professional Espa\u00f1a","description":"Calificaciones y certificaciones de sostenibilidad de Electrolux Professional. Descubre nuestros compromisos clim\u00e1ticos y los reconocimientos otorgados por los principales organismos internacionales de evaluaci\u00f3n por nuestro desempe\u00f1o en sostenibilidad.","robots":{"index":"index","follow":"follow","max-snippet":"max-snippet:-1","max-image-preview":"max-image-preview:large","max-video-preview":"max-video-preview:-1"},"canonical":"https:\/\/www.electroluxprofessional.com\/es\/soluciones-sostenibles\/calificaciones-y-certificados-de-sostenibilidad\/","og_locale":"es_ES","og_type":"article","og_title":"Calificaciones y Certificados de Sostenibilidad - Electrolux Professional Espa\u00f1a","og_description":"Calificaciones y certificaciones de sostenibilidad de Electrolux Professional. Descubre nuestros compromisos clim\u00e1ticos y los reconocimientos otorgados por los principales organismos internacionales de evaluaci\u00f3n por nuestro desempe\u00f1o en sostenibilidad.","og_url":"https:\/\/www.electroluxprofessional.com\/es\/soluciones-sostenibles\/calificaciones-y-certificados-de-sostenibilidad\/","og_site_name":"Electrolux Professional Espa\u00f1a","article_modified_time":"2026-03-17T14:47:21+00:00","og_image":[{"width":577,"height":540,"url":"https:\/\/www.electroluxprofessional.com\/es\/wp-content\/uploads\/2026\/02\/A-sustainable-approach_1-4.jpeg","type":"image\/jpeg"}],"twitter_card":"summary_large_image","twitter_misc":{"Tiempo de lectura":"4 minutos"},"schema":{"@context":"https:\/\/schema.org","@graph":[{"@type":"WebPage","@id":"https:\/\/www.electroluxprofessional.com\/es\/soluciones-sostenibles\/calificaciones-y-certificados-de-sostenibilidad\/","url":"https:\/\/www.electroluxprofessional.com\/es\/soluciones-sostenibles\/calificaciones-y-certificados-de-sostenibilidad\/","name":"Calificaciones y Certificados de Sostenibilidad - Electrolux Professional Espa\u00f1a","isPartOf":{"@id":"https:\/\/www.electroluxprofessional.com\/es\/#website"},"primaryImageOfPage":{"@id":"https:\/\/www.electroluxprofessional.com\/es\/soluciones-sostenibles\/calificaciones-y-certificados-de-sostenibilidad\/#primaryimage"},"image":{"@id":"https:\/\/www.electroluxprofessional.com\/es\/soluciones-sostenibles\/calificaciones-y-certificados-de-sostenibilidad\/#primaryimage"},"thumbnailUrl":"https:\/\/www.electroluxprofessional.com\/es\/wp-content\/uploads\/2026\/02\/A-sustainable-approach_1-4.jpeg","datePublished":"2026-02-23T16:05:58+00:00","dateModified":"2026-03-17T14:47:21+00:00","description":"Calificaciones y certificaciones de sostenibilidad de Electrolux Professional. Descubre nuestros compromisos clim\u00e1ticos y los reconocimientos otorgados por los principales organismos internacionales de evaluaci\u00f3n por nuestro desempe\u00f1o en sostenibilidad.","breadcrumb":{"@id":"https:\/\/www.electroluxprofessional.com\/es\/soluciones-sostenibles\/calificaciones-y-certificados-de-sostenibilidad\/#breadcrumb"},"inLanguage":"es","potentialAction":[{"@type":"ReadAction","target":["https:\/\/www.electroluxprofessional.com\/es\/soluciones-sostenibles\/calificaciones-y-certificados-de-sostenibilidad\/"]}]},{"@type":"ImageObject","inLanguage":"es","@id":"https:\/\/www.electroluxprofessional.com\/es\/soluciones-sostenibles\/calificaciones-y-certificados-de-sostenibilidad\/#primaryimage","url":"https:\/\/www.electroluxprofessional.com\/es\/wp-content\/uploads\/2026\/02\/A-sustainable-approach_1-4.jpeg","contentUrl":"https:\/\/www.electroluxprofessional.com\/es\/wp-content\/uploads\/2026\/02\/A-sustainable-approach_1-4.jpeg","width":577,"height":540},{"@type":"BreadcrumbList","@id":"https:\/\/www.electroluxprofessional.com\/es\/soluciones-sostenibles\/calificaciones-y-certificados-de-sostenibilidad\/#breadcrumb","itemListElement":[{"@type":"ListItem","position":1,"name":"Home","item":"https:\/\/www.electroluxprofessional.com\/es\/"},{"@type":"ListItem","position":2,"name":"Soluciones Sostenibles","item":"https:\/\/www.electroluxprofessional.com\/es\/soluciones-sostenibles\/"},{"@type":"ListItem","position":3,"name":"Calificaciones y Certificados de Sostenibilidad"}]},{"@type":"WebSite","@id":"https:\/\/www.electroluxprofessional.com\/es\/#website","url":"https:\/\/www.electroluxprofessional.com\/es\/","name":"Electrolux Professional Espa\u00f1a","description":"Equipamiento cocinas profesionales y lavander\u00edas comerciales. Excelencia en el suministro de soluciones profesionales.","potentialAction":[{"@type":"SearchAction","target":{"@type":"EntryPoint","urlTemplate":"https:\/\/www.electroluxprofessional.com\/es\/?src={search_term_string}"},"query-input":{"@type":"PropertyValueSpecification","valueRequired":true,"valueName":"search_term_string"}}],"inLanguage":"es"}]}},"_links":{"self":[{"href":"https:\/\/www.electroluxprofessional.com\/es\/wp-json\/wp\/v2\/pages\/25571"}],"collection":[{"href":"https:\/\/www.electroluxprofessional.com\/es\/wp-json\/wp\/v2\/pages"}],"about":[{"href":"https:\/\/www.electroluxprofessional.com\/es\/wp-json\/wp\/v2\/types\/page"}],"author":[{"embeddable":true,"href":"https:\/\/www.electroluxprofessional.com\/es\/wp-json\/wp\/v2\/users\/1"}],"replies":[{"embeddable":true,"href":"https:\/\/www.electroluxprofessional.com\/es\/wp-json\/wp\/v2\/comments?post=25571"}],"version-history":[{"count":11,"href":"https:\/\/www.electroluxprofessional.com\/es\/wp-json\/wp\/v2\/pages\/25571\/revisions"}],"predecessor-version":[{"id":25802,"href":"https:\/\/www.electroluxprofessional.com\/es\/wp-json\/wp\/v2\/pages\/25571\/revisions\/25802"}],"up":[{"embeddable":true,"href":"https:\/\/www.electroluxprofessional.com\/es\/wp-json\/wp\/v2\/pages\/25529"}],"wp:featuredmedia":[{"embeddable":true,"href":"https:\/\/www.electroluxprofessional.com\/es\/wp-json\/wp\/v2\/media\/25567"}],"wp:attachment":[{"href":"https:\/\/www.electroluxprofessional.com\/es\/wp-json\/wp\/v2\/media?parent=25571"}],"curies":[{"name":"wp","href":"https:\/\/api.w.org\/{rel}","templated":true}]}}