{"id":24638,"date":"2025-12-03T13:45:13","date_gmt":"2025-12-03T13:45:13","guid":{"rendered":"https:\/\/www.electroluxprofessional.com\/es\/?page_id=24638"},"modified":"2026-03-17T11:34:32","modified_gmt":"2026-03-17T11:34:32","slug":"induccion-free-zone-e-xp-900","status":"publish","type":"page","link":"https:\/\/www.electroluxprofessional.com\/es\/equipamiento-cocinas-profesionales\/coccion-modular-e-xp-700-900\/induccion-free-zone-e-xp-900\/","title":{"rendered":"Inducci\u00f3n Free-zone e-XP 900"},"content":{"rendered":"<p>[vc_row el_id=&#8221;contact-us&#8221;][vc_column][elx_heading font_size=&#8221;h3&#8243; text_color=&#8221;inherit&#8221; text_align=&#8221;text-center&#8221;]Cont\u00e1ctanos para m\u00e1s informaci\u00f3n<br \/>\nsobre Inducci\u00f3n Free-zone e-XP[\/elx_heading][elx_o2000_contact_us s=&#8221;Request for information: e-XP Free-zone Induction&#8221; request_type=&#8221;&#8221; container=&#8221;elxcontactus1466429401&#8243; r=&#8221;I would like to find out more about solutions for e-XP Free-zone Induction, please get in touch with me.&#8221;][\/vc_column][\/vc_row][vc_row matched_labels=&#8221;&#8221; css=&#8221;.vc_custom_1765531082440{margin-top: 150px !important;}&#8221; el_id=&#8221;products-filter&#8221;][vc_column][elx_heading font_size=&#8221;h3&#8243; text_color=&#8221;inherit&#8221; text_align=&#8221;text-center&#8221;]Inducci\u00f3n Free-zone e-XP 900<br \/>\nSelecciona tus productos[\/elx_heading]<div class=\"com21-product-filter-container 133\"><div class=\"\"><h4 class=\"text-center\">2 Productos<\/h4><hr><\/div>\n                    <!-- PROD LIST -->\n                    <div class=\"product-list container\">\n                        <!--Hidden parameters-->\n                        <input type=\"hidden\" name=\"navigation_level_1\" id=\"navigation_level_1\" value=\"C\">\n                        <input type=\"hidden\" name=\"navigation_level_2\" id=\"navigation_level_2\" value=\"I\">\n                        <input type=\"hidden\" name=\"navigation_level_3\" id=\"navigation_level_3\" value=\"W\">\n                        <input type=\"hidden\" name=\"navigation_level_4\" id=\"navigation_level_4\" value=\"\">\n                        <input type=\"hidden\" name=\"filter_id\" id=\"filter_id\" value=\"133\">\n                        <input type=\"hidden\" name=\"navigation_language\" id=\"navigation_language\" value=\"5004\">\n                        <input type=\"hidden\" name=\"navigation_language_code\" id=\"navigation_language\" value=\"5004\">\n                        <input type=\"hidden\" name=\"page_id\" id=\"page_id\" value=\"24638\">\n                        <!--END Hidden parameters--><ul class=\"row\" ><li data-product-paged=\"\" class=\"anchor_tags_prod col-sm-6 col-md-3 wow fadeIn single-product-list 391666\"><div class=\"product-list-item\"><div class=\"product-content\"><a href=\"https:\/\/www.electroluxprofessional.com\/es\/pd\/cocci\u00f3n-modular\/e-xp-900\/tops-de-inducci\u00f3n-free-zone\/l\u00ednea-de-cocci\u00f3n-modular-e-xp-900-top-de-inducci\u00f3n-de-superficie-completa-400-mm-391666\/\" target=\"_blank\" ><figure><img decoding=\"async\" src=\"https:\/\/tools.electroluxprofessional.com\/Mirror\/Doc\/PH_255x255%2FPH_391666_1_1_391666.jpg\" alt=\"L\u00ednea de Cocci\u00f3n Modulare-XP 900 TOP DE INDUCCI\u00d3N DE SUPERFICIE COMPLETA 400 mm\"\/><\/figure><div class=\"product-internal\"><div class=\"product-liv\">Tops de Inducci\u00f3n Free-zone<\/div><h3 class=\"product-title\">L\u00ednea de Cocci\u00f3n Modular<br>e-XP 900 TOP DE INDUCCI\u00d3N DE SUPERFICIE COMPLETA 400 mm<\/h3><div class=\"product-icons\"><div class=\"product-green\"><\/div><div class=\"product-cod\"><div class=\"hidden type_code\">0<\/div>COD <span class=\"product-code\" >391666<\/span><\/div><div class=\"product-fast\"><\/div>\n<\/div><div class=\"product-description-fast-green\"><\/div>\n<\/div><div class=\"product-actions\"><a href=\"https:\/\/www.electroluxprofessional.com\/es\/pd\/cocci\u00f3n-modular\/e-xp-900\/tops-de-inducci\u00f3n-free-zone\/l\u00ednea-de-cocci\u00f3n-modular-e-xp-900-top-de-inducci\u00f3n-de-superficie-completa-400-mm-391666\/\" class=\"btn btn-primary-blue\">View more<\/a><span class=\"compare-product\"><span class=\"compare-checkbox\"><span class=\"compare-checkbox-shape\"><input type=\"checkbox\" class=\"product-comparer\" id=\"prod_391666\"\/><label class=\"btn\" for=\"prod_391666\"><span class=\"label-bg\"><\/span>Comparar<\/label><\/span><\/span><\/span><\/div><\/a><\/div><\/div><\/li><li data-product-paged=\"\" class=\"anchor_tags_prod col-sm-6 col-md-3 wow fadeIn single-product-list 391667\"><div class=\"product-list-item\"><div class=\"product-content\"><a href=\"https:\/\/www.electroluxprofessional.com\/es\/pd\/cocci\u00f3n-modular\/e-xp-900\/tops-de-inducci\u00f3n-free-zone\/l\u00ednea-de-cocci\u00f3n-modular-e-xp-900-top-de-inducci\u00f3n-de-superf\u00edcie-completa-800mm-391667\/\" target=\"_blank\" ><figure><img decoding=\"async\" src=\"https:\/\/tools.electroluxprofessional.com\/Mirror\/Doc\/PH_255x255%2FPH_391667_1_1_391667.jpg\" alt=\"L\u00ednea de Cocci\u00f3n Modulare-XP 900 TOP DE INDUCCI\u00d3N DE SUPERF\u00cdCIE COMPLETA 800mm\"\/><\/figure><div class=\"product-internal\"><div class=\"product-liv\">Tops de Inducci\u00f3n Free-zone<\/div><h3 class=\"product-title\">L\u00ednea de Cocci\u00f3n Modular<br>e-XP 900 TOP DE INDUCCI\u00d3N DE SUPERF\u00cdCIE COMPLETA 800mm<\/h3><div class=\"product-icons\"><div class=\"product-green\"><\/div><div class=\"product-cod\"><div class=\"hidden type_code\">0<\/div>COD <span class=\"product-code\" >391667<\/span><\/div><div class=\"product-fast\"><\/div>\n<\/div><div class=\"product-description-fast-green\"><\/div>\n<\/div><div class=\"product-actions\"><a href=\"https:\/\/www.electroluxprofessional.com\/es\/pd\/cocci\u00f3n-modular\/e-xp-900\/tops-de-inducci\u00f3n-free-zone\/l\u00ednea-de-cocci\u00f3n-modular-e-xp-900-top-de-inducci\u00f3n-de-superf\u00edcie-completa-800mm-391667\/\" class=\"btn btn-primary-blue\">View more<\/a><span class=\"compare-product\"><span class=\"compare-checkbox\"><span class=\"compare-checkbox-shape\"><input type=\"checkbox\" class=\"product-comparer\" id=\"prod_391667\"\/><label class=\"btn\" for=\"prod_391667\"><span class=\"label-bg\"><\/span>Comparar<\/label><\/span><\/span><\/span><\/div><\/a><\/div><\/div><\/li>\n                        <\/ul>\n                        <div class=\"text-center more-products\">\n                        <\/div>\n                    <\/div>\n                    <!-- END PRODUCT LIST -->\n                    <\/div>\n                    <!-- END PRODUCT LIST -->[\/vc_column][\/vc_row]<\/p>\n","protected":false},"excerpt":{"rendered":"<p>[vc_row el_id=&#8221;contact-us&#8221;][vc_column][elx_heading font_size=&#8221;h3&#8243; text_color=&#8221;inherit&#8221; text_align=&#8221;text-center&#8221;]Cont\u00e1ctanos para m\u00e1s informaci\u00f3n sobre Inducci\u00f3n Free-zone e-XP[\/elx_heading][elx_o2000_contact_us s=&#8221;Request for information: e-XP Free-zone Induction&#8221; request_type=&#8221;&#8221; container=&#8221;elxcontactus1466429401&#8243; r=&#8221;I would like to find out more about solutions for e-XP Free-zone Induction, please get in touch with me.&#8221;][\/vc_column][\/vc_row][vc_row matched_labels=&#8221;&#8221; css=&#8221;.vc_custom_1765531082440{margin-top: 150px !important;}&#8221; el_id=&#8221;products-filter&#8221;][vc_column][elx_heading font_size=&#8221;h3&#8243; text_color=&#8221;inherit&#8221; text_align=&#8221;text-center&#8221;]Inducci\u00f3n Free-zone e-XP 900 Selecciona tus productos[\/elx_heading][\/vc_column][\/vc_row]<\/p>\n","protected":false},"author":406,"featured_media":0,"parent":24637,"menu_order":0,"comment_status":"closed","ping_status":"closed","template":"template-exp-ind.php","meta":{"footnotes":""},"class_list":["post-24638","page","type-page","status-publish","hentry"],"acf":[],"yoast_head":"<!-- This site is optimized with the Yoast SEO plugin v23.4 - https:\/\/yoast.com\/wordpress\/plugins\/seo\/ -->\n<title>Inducci\u00f3n Free-zone e-XP 900 - Electrolux Professional Espa\u00f1a<\/title>\n<meta name=\"description\" content=\"Descubre la Inducci\u00f3n Free-zone e-XP: m\u00e1xima libertad para cocinar, alta eficiencia y f\u00e1cil limpieza. Fiable, segura y lista para transformar tu cocina.\" \/>\n<meta name=\"robots\" content=\"index, follow, max-snippet:-1, max-image-preview:large, max-video-preview:-1\" \/>\n<link rel=\"canonical\" href=\"https:\/\/www.electroluxprofessional.com\/es\/equipamiento-cocinas-profesionales\/coccion-modular-e-xp-700-900\/induccion-free-zone-e-xp-900\/\" \/>\n<meta property=\"og:locale\" content=\"es_ES\" \/>\n<meta property=\"og:type\" content=\"article\" \/>\n<meta property=\"og:title\" content=\"Inducci\u00f3n Free-zone e-XP 900 - Electrolux Professional Espa\u00f1a\" \/>\n<meta property=\"og:description\" content=\"Descubre la Inducci\u00f3n Free-zone e-XP: m\u00e1xima libertad para cocinar, alta eficiencia y f\u00e1cil limpieza. Fiable, segura y lista para transformar tu cocina.\" \/>\n<meta property=\"og:url\" content=\"https:\/\/www.electroluxprofessional.com\/es\/equipamiento-cocinas-profesionales\/coccion-modular-e-xp-700-900\/induccion-free-zone-e-xp-900\/\" \/>\n<meta property=\"og:site_name\" content=\"Electrolux Professional Espa\u00f1a\" \/>\n<meta property=\"article:modified_time\" content=\"2026-03-17T11:34:32+00:00\" \/>\n<meta name=\"twitter:card\" content=\"summary_large_image\" \/>\n<meta name=\"twitter:label1\" content=\"Tiempo de lectura\" \/>\n\t<meta name=\"twitter:data1\" content=\"1 minuto\" \/>\n<script type=\"application\/ld+json\" class=\"yoast-schema-graph\">{\"@context\":\"https:\/\/schema.org\",\"@graph\":[{\"@type\":\"WebPage\",\"@id\":\"https:\/\/www.electroluxprofessional.com\/es\/equipamiento-cocinas-profesionales\/coccion-modular-e-xp-700-900\/induccion-free-zone-e-xp-900\/\",\"url\":\"https:\/\/www.electroluxprofessional.com\/es\/equipamiento-cocinas-profesionales\/coccion-modular-e-xp-700-900\/induccion-free-zone-e-xp-900\/\",\"name\":\"Inducci\u00f3n Free-zone e-XP 900 - Electrolux Professional Espa\u00f1a\",\"isPartOf\":{\"@id\":\"https:\/\/www.electroluxprofessional.com\/es\/#website\"},\"datePublished\":\"2025-12-03T13:45:13+00:00\",\"dateModified\":\"2026-03-17T11:34:32+00:00\",\"description\":\"Descubre la Inducci\u00f3n Free-zone e-XP: m\u00e1xima libertad para cocinar, alta eficiencia y f\u00e1cil limpieza. Fiable, segura y lista para transformar tu cocina.\",\"breadcrumb\":{\"@id\":\"https:\/\/www.electroluxprofessional.com\/es\/equipamiento-cocinas-profesionales\/coccion-modular-e-xp-700-900\/induccion-free-zone-e-xp-900\/#breadcrumb\"},\"inLanguage\":\"es\",\"potentialAction\":[{\"@type\":\"ReadAction\",\"target\":[\"https:\/\/www.electroluxprofessional.com\/es\/equipamiento-cocinas-profesionales\/coccion-modular-e-xp-700-900\/induccion-free-zone-e-xp-900\/\"]}]},{\"@type\":\"BreadcrumbList\",\"@id\":\"https:\/\/www.electroluxprofessional.com\/es\/equipamiento-cocinas-profesionales\/coccion-modular-e-xp-700-900\/induccion-free-zone-e-xp-900\/#breadcrumb\",\"itemListElement\":[{\"@type\":\"ListItem\",\"position\":1,\"name\":\"Home\",\"item\":\"https:\/\/www.electroluxprofessional.com\/es\/\"},{\"@type\":\"ListItem\",\"position\":2,\"name\":\"Equipamiento de Cocinas\",\"item\":\"https:\/\/www.electroluxprofessional.com\/es\/equipamiento-cocinas-profesionales\/\"},{\"@type\":\"ListItem\",\"position\":3,\"name\":\"Cocci\u00f3n Modular e-XP 700 &#038; 900\",\"item\":\"https:\/\/www.electroluxprofessional.com\/es\/equipamiento-cocinas-profesionales\/coccion-modular-e-xp-700-900\/\"},{\"@type\":\"ListItem\",\"position\":4,\"name\":\"Inducci\u00f3n Free-zone e-XP 900\"}]},{\"@type\":\"WebSite\",\"@id\":\"https:\/\/www.electroluxprofessional.com\/es\/#website\",\"url\":\"https:\/\/www.electroluxprofessional.com\/es\/\",\"name\":\"Electrolux Professional Espa\u00f1a\",\"description\":\"Equipamiento cocinas profesionales y lavander\u00edas comerciales. Excelencia en el suministro de soluciones profesionales.\",\"potentialAction\":[{\"@type\":\"SearchAction\",\"target\":{\"@type\":\"EntryPoint\",\"urlTemplate\":\"https:\/\/www.electroluxprofessional.com\/es\/?src={search_term_string}\"},\"query-input\":{\"@type\":\"PropertyValueSpecification\",\"valueRequired\":true,\"valueName\":\"search_term_string\"}}],\"inLanguage\":\"es\"}]}<\/script>\n<!-- \/ Yoast SEO plugin. -->","yoast_head_json":{"title":"Inducci\u00f3n Free-zone e-XP 900 - Electrolux Professional Espa\u00f1a","description":"Descubre la Inducci\u00f3n Free-zone e-XP: m\u00e1xima libertad para cocinar, alta eficiencia y f\u00e1cil limpieza. Fiable, segura y lista para transformar tu cocina.","robots":{"index":"index","follow":"follow","max-snippet":"max-snippet:-1","max-image-preview":"max-image-preview:large","max-video-preview":"max-video-preview:-1"},"canonical":"https:\/\/www.electroluxprofessional.com\/es\/equipamiento-cocinas-profesionales\/coccion-modular-e-xp-700-900\/induccion-free-zone-e-xp-900\/","og_locale":"es_ES","og_type":"article","og_title":"Inducci\u00f3n Free-zone e-XP 900 - Electrolux Professional Espa\u00f1a","og_description":"Descubre la Inducci\u00f3n Free-zone e-XP: m\u00e1xima libertad para cocinar, alta eficiencia y f\u00e1cil limpieza. Fiable, segura y lista para transformar tu cocina.","og_url":"https:\/\/www.electroluxprofessional.com\/es\/equipamiento-cocinas-profesionales\/coccion-modular-e-xp-700-900\/induccion-free-zone-e-xp-900\/","og_site_name":"Electrolux Professional Espa\u00f1a","article_modified_time":"2026-03-17T11:34:32+00:00","twitter_card":"summary_large_image","twitter_misc":{"Tiempo de lectura":"1 minuto"},"schema":{"@context":"https:\/\/schema.org","@graph":[{"@type":"WebPage","@id":"https:\/\/www.electroluxprofessional.com\/es\/equipamiento-cocinas-profesionales\/coccion-modular-e-xp-700-900\/induccion-free-zone-e-xp-900\/","url":"https:\/\/www.electroluxprofessional.com\/es\/equipamiento-cocinas-profesionales\/coccion-modular-e-xp-700-900\/induccion-free-zone-e-xp-900\/","name":"Inducci\u00f3n Free-zone e-XP 900 - Electrolux Professional Espa\u00f1a","isPartOf":{"@id":"https:\/\/www.electroluxprofessional.com\/es\/#website"},"datePublished":"2025-12-03T13:45:13+00:00","dateModified":"2026-03-17T11:34:32+00:00","description":"Descubre la Inducci\u00f3n Free-zone e-XP: m\u00e1xima libertad para cocinar, alta eficiencia y f\u00e1cil limpieza. Fiable, segura y lista para transformar tu cocina.","breadcrumb":{"@id":"https:\/\/www.electroluxprofessional.com\/es\/equipamiento-cocinas-profesionales\/coccion-modular-e-xp-700-900\/induccion-free-zone-e-xp-900\/#breadcrumb"},"inLanguage":"es","potentialAction":[{"@type":"ReadAction","target":["https:\/\/www.electroluxprofessional.com\/es\/equipamiento-cocinas-profesionales\/coccion-modular-e-xp-700-900\/induccion-free-zone-e-xp-900\/"]}]},{"@type":"BreadcrumbList","@id":"https:\/\/www.electroluxprofessional.com\/es\/equipamiento-cocinas-profesionales\/coccion-modular-e-xp-700-900\/induccion-free-zone-e-xp-900\/#breadcrumb","itemListElement":[{"@type":"ListItem","position":1,"name":"Home","item":"https:\/\/www.electroluxprofessional.com\/es\/"},{"@type":"ListItem","position":2,"name":"Equipamiento de Cocinas","item":"https:\/\/www.electroluxprofessional.com\/es\/equipamiento-cocinas-profesionales\/"},{"@type":"ListItem","position":3,"name":"Cocci\u00f3n Modular e-XP 700 &#038; 900","item":"https:\/\/www.electroluxprofessional.com\/es\/equipamiento-cocinas-profesionales\/coccion-modular-e-xp-700-900\/"},{"@type":"ListItem","position":4,"name":"Inducci\u00f3n Free-zone e-XP 900"}]},{"@type":"WebSite","@id":"https:\/\/www.electroluxprofessional.com\/es\/#website","url":"https:\/\/www.electroluxprofessional.com\/es\/","name":"Electrolux Professional Espa\u00f1a","description":"Equipamiento cocinas profesionales y lavander\u00edas comerciales. Excelencia en el suministro de soluciones profesionales.","potentialAction":[{"@type":"SearchAction","target":{"@type":"EntryPoint","urlTemplate":"https:\/\/www.electroluxprofessional.com\/es\/?src={search_term_string}"},"query-input":{"@type":"PropertyValueSpecification","valueRequired":true,"valueName":"search_term_string"}}],"inLanguage":"es"}]}},"_links":{"self":[{"href":"https:\/\/www.electroluxprofessional.com\/es\/wp-json\/wp\/v2\/pages\/24638"}],"collection":[{"href":"https:\/\/www.electroluxprofessional.com\/es\/wp-json\/wp\/v2\/pages"}],"about":[{"href":"https:\/\/www.electroluxprofessional.com\/es\/wp-json\/wp\/v2\/types\/page"}],"author":[{"embeddable":true,"href":"https:\/\/www.electroluxprofessional.com\/es\/wp-json\/wp\/v2\/users\/406"}],"replies":[{"embeddable":true,"href":"https:\/\/www.electroluxprofessional.com\/es\/wp-json\/wp\/v2\/comments?post=24638"}],"version-history":[{"count":22,"href":"https:\/\/www.electroluxprofessional.com\/es\/wp-json\/wp\/v2\/pages\/24638\/revisions"}],"predecessor-version":[{"id":25776,"href":"https:\/\/www.electroluxprofessional.com\/es\/wp-json\/wp\/v2\/pages\/24638\/revisions\/25776"}],"up":[{"embeddable":true,"href":"https:\/\/www.electroluxprofessional.com\/es\/wp-json\/wp\/v2\/pages\/24637"}],"wp:attachment":[{"href":"https:\/\/www.electroluxprofessional.com\/es\/wp-json\/wp\/v2\/media?parent=24638"}],"curies":[{"name":"wp","href":"https:\/\/api.w.org\/{rel}","templated":true}]}}