{"id":23401,"date":"2025-07-16T13:55:59","date_gmt":"2025-07-16T13:55:59","guid":{"rendered":"https:\/\/www.electroluxprofessional.com\/es\/?page_id=23401"},"modified":"2026-03-28T10:41:08","modified_gmt":"2026-03-28T10:41:08","slug":"pequenos-negocios","status":"publish","type":"page","link":"https:\/\/www.electroluxprofessional.com\/es\/tu-negocio\/pequenos-negocios\/","title":{"rendered":"Peque\u00f1os negocios"},"content":{"rendered":"<p>[vc_row full_width=&#8221;electroluxpro-full-width-no-padding&#8221; css=&#8221;.vc_custom_1569489800242{background-color: #041e41 !important;}&#8221;][vc_column][vc_single_image image=&#8221;23397&#8243; img_size=&#8221;full&#8221; alignment=&#8221;center&#8221;][\/vc_column][\/vc_row][vc_row][vc_column][vc_empty_space][\/vc_column][\/vc_row][vc_row][vc_column width=&#8221;2\/3&#8243;][elx_heading font_container=&#8221;h1&#8243; text_color=&#8221;electrolux-blue&#8221;]Soluciones para Peque\u00f1os Negocios[\/elx_heading][vc_column_text]Las aver\u00edas de las m\u00e1quinas, la lentitud de los programas y los malos resultados de lavado son algunos de los problemas a los que se enfrentan los empresarios cuando utilizan m\u00e1quinas dom\u00e9sticas en la lavander\u00eda.<br \/>\nCon myPRO, tendr\u00e1s <strong>una soluci\u00f3n de lavander\u00eda m\u00e1s duradera<\/strong> que te servir\u00e1 durante muchos a\u00f1os.<br \/>\n\u00a1S\u00f3lo tienes que cargar, poner en marcha y relajarte![\/vc_column_text][elx_button button_text=&#8221;Ir a productos&#8221; button_style=&#8221;icon&#8221; button_link=&#8221;url:https%3A%2F%2Fwww.electroluxprofessional.com%2Fes%2Fequipamiento-lavanderia-comercial%2Flavadoras-secadoras-y-calandras-para-pequenas-empresas%2F|title:myPRO%20washers%2C%20dryers%20and%20steam%20ironers%20for%20small%20businesses|target:_blank&#8221;][\/vc_column][vc_column width=&#8221;1\/3&#8243;][elx_heading text_color=&#8221;electrolux-blue&#8221;]Descarga el folleto[\/elx_heading][elx_download_block text=&#8221;Soluci\u00f3n lavander\u00eda myPRO&#8221; document_type=&#8221;leaflets&#8221; link=&#8221;https:\/\/webgate.electroluxprofessional.com\/PrIDE\/PrIDE_Attach_r\/ELS\/CLFL\/EPR_mypro-GENERALINFO_2021_ES_Low%20res.pdf&#8221; background_color=&#8221;laundry-solutions&#8221;][\/vc_column][\/vc_row][vc_row][vc_column][vc_single_image image=&#8221;10636&#8243; img_size=&#8221;full&#8221; alignment=&#8221;center&#8221;][\/vc_column][\/vc_row][vc_row content_placement=&#8221;top&#8221; el_class=&#8221;marginNegative&#8221;][vc_column width=&#8221;1\/3&#8243;][vc_empty_space][elx_heading font_container=&#8221;h5&#8243; font_size=&#8221;h5&#8243; text_color=&#8221;inherit&#8221;]Larga vida \u00fatil[\/elx_heading][vc_column_text]<strong>Dura 3 veces m\u00e1s que los equipos dom\u00e9sticos<\/strong> gracias a una construcci\u00f3n m\u00e1s duradera con componentes profesionales.[\/vc_column_text][\/vc_column][vc_column width=&#8221;1\/3&#8243;][vc_empty_space][elx_heading font_container=&#8221;h5&#8243; font_size=&#8221;h5&#8243; text_color=&#8221;inherit&#8221;]Eficiencia energ\u00e9tica A+++[\/elx_heading][vc_column_text]<strong>Ahorra agua, energ\u00eda y dinero<\/strong><\/p>\n<ul>\n<li>con lavadoras de eficiencia energ\u00e9tica<strong> A+++<\/strong><\/li>\n<li>con secadoras con bomba de calor de eficiencia energ\u00e9tica <strong>A++<\/strong><\/li>\n<\/ul>\n<p>[\/vc_column_text][\/vc_column][vc_column width=&#8221;1\/3&#8243;][vc_empty_space][elx_heading font_container=&#8221;h5&#8243; font_size=&#8221;h5&#8243; text_color=&#8221;inherit&#8221;]Programas profesionales[\/elx_heading][vc_column_text]Hasta un <strong>50% m\u00e1s r\u00e1pidas que las lavadoras dom\u00e9sticas<\/strong>, adem\u00e1s de una mayor flexibilidad, con programas para una amplia variedad de aplicaciones, incluidos programas de desinfecci\u00f3n.[\/vc_column_text][\/vc_column][\/vc_row][vc_row content_placement=&#8221;top&#8221; el_class=&#8221;marginNegative&#8221;][vc_column width=&#8221;1\/3&#8243;][vc_single_image image=&#8221;23398&#8243; img_size=&#8221;full&#8221;][elx_heading text_color=&#8221;inherit&#8221;]Resultados de m\u00e1xima calidad<br \/>\nsin complicaciones[\/elx_heading][vc_column_text css=&#8221;.vc_custom_1752675159034{margin-bottom: 0px !important;}&#8221; el_class=&#8221;minHeightCirclesText&#8221;]<em>&#8220;Mis clientes notar\u00e1n inmediatamente la mayor calidad textil. M\u00e1s limpio, m\u00e1s suave y con un olor m\u00e1s fresco&#8221;<\/em>[\/vc_column_text][vc_column_text css=&#8221;.vc_custom_1752675298680{margin-top: 15px !important;}&#8221;]<\/p>\n<ul>\n<li class=\"li1\"><span class=\"s1\"><b>Los mejores resultados de lavado<\/b><\/span> <strong>y cuidado de las prendas<\/strong> gracias al <em>exclusivo tambor\u00a0 SpeedCare d<\/em>e <em>Electrolux Professional<\/em><\/li>\n<li class=\"li1\">Funciona hoy, <span class=\"s1\"><b>funciona dentro de 10 a\u00f1os<\/b><\/span> \u2013 e incluye <em>garant\u00eda para aplicaciones profesionales<\/em><\/li>\n<\/ul>\n<p>[\/vc_column_text][\/vc_column][vc_column width=&#8221;1\/3&#8243;][vc_single_image image=&#8221;23399&#8243; img_size=&#8221;full&#8221;][elx_heading text_color=&#8221;inherit&#8221; css=&#8221;.vc_custom_1752675052674{margin-top: 0px !important;}&#8221;]Ahorra tiempo y energ\u00eda[\/elx_heading][vc_column_text css=&#8221;.vc_custom_1752675349109{margin-bottom: 0px !important;}&#8221; el_class=&#8221;minHeightCirclesText&#8221;]<em>&#8220;Lavo m\u00e1s ropa con procesos m\u00e1s r\u00e1pidos&#8221;<\/em>[\/vc_column_text][vc_column_text css=&#8221;.vc_custom_1752675496974{margin-top: 15px !important;}&#8221;]<\/p>\n<ul>\n<li class=\"li1\"><span class=\"s1\"><b>Hasta un 50% m\u00e1s r\u00e1pida<\/b><\/span> que las lavadoras dom\u00e9sticas gracias a los <em>programas profesionales<\/em><\/li>\n<li class=\"li1\"><span class=\"s1\"><b>Ciclo de secado m\u00e1s corto<\/b><\/span> gracias al <em>Control Autom\u00e1tico de Humedad (Automatic Moisture Control)<\/em><\/li>\n<li class=\"li1\">La lavadora profesional inteligente con <em>eficiencia energ\u00e9tica<\/em>\u00a0 <em>A+++\u00a0<\/em><\/li>\n<\/ul>\n<p>[\/vc_column_text][\/vc_column][vc_column width=&#8221;1\/3&#8243;][vc_single_image image=&#8221;23400&#8243; img_size=&#8221;full&#8221;][elx_heading text_color=&#8221;inherit&#8221;]Por fin, una soluci\u00f3n profesional para mis necesidades de lavander\u00eda m\u00e1s peque\u00f1as[\/elx_heading][vc_column_text css=&#8221;.vc_custom_1752675556349{margin-bottom: 0px !important;}&#8221; el_class=&#8221;minHeightCirclesText&#8221;]<em>&#8220;Tengo tranquilidad y no necesito pensar en posibles fallos&#8221;<\/em>[\/vc_column_text][vc_column_text css=&#8221;.vc_custom_1752675671780{margin-top: 15px !important;}&#8221;]<\/p>\n<ul>\n<li class=\"li1\"><span class=\"s1\"><b>Mayor flexibilidad<\/b><\/span> con la amplia variedad de <em>programas profesionales<\/em><\/li>\n<li class=\"li1\">Lavadora y secadora dise\u00f1adas para durar <span class=\"s1\"><b>3 veces m\u00e1s<\/b><\/span> que los equipos dom\u00e9sticos<\/li>\n<li class=\"li1\"><span class=\"s1\"><b>Ahorro de costes en detergente<\/b><\/span> gracias al <em>Sistema de Dosificaci\u00f3n Externa<\/em> opcional<\/li>\n<\/ul>\n<p>[\/vc_column_text][\/vc_column][\/vc_row][vc_row][vc_column][vc_empty_space][\/vc_column][\/vc_row][vc_row][vc_column][elx_o2000_contact_us s=&#8221;Solicitud de informaci\u00f3n sobre peque\u00f1os negocios&#8221; b=&#8221;laundry&#8221; r=&#8221;Me gustar\u00eda conocer m\u00e1s sobre vuestras soluciones myPRO para peque\u00f1os negocios&#8221; l=&#8221;en&#8221;][\/vc_column][\/vc_row][vc_row][vc_column][vc_empty_space][\/vc_column][\/vc_row][vc_row css=&#8221;.vc_custom_1572441069108{background-color: #eeeeee !important;}&#8221;][vc_column][vc_empty_space][elx_heading text_color=&#8221;inherit&#8221;]Elige la soluci\u00f3n de lavander\u00eda que mejor se adapte a tus necesidades[\/elx_heading][\/vc_column][vc_column width=&#8221;1\/4&#8243;][vc_empty_space height=&#8221;20px&#8221;][elx_simple_link_block link=&#8221;Enter the link of the block&#8221; text_align=&#8221;text-left&#8221; text_color=&#8221;inherit&#8221; background_color=&#8221;inherit&#8221; background_hover_color=&#8221;darker-hover&#8221; extra_class=&#8221;&#8221; reveal_effect=&#8221;&#8221; reveal_duration=&#8221;&#8221; reveal_delay=&#8221;&#8221;][elx_heading font_container=&#8221;h3&#8243; text_color=&#8221;inherit&#8221; text_align=&#8221;text-left&#8221; css=&#8221;.vc_custom_1752675791316{border-radius: 15px !important;}&#8221;]Lavadoras dom\u00e9sticas[\/elx_heading][vc_column_text]<strong>2.500 ciclos<\/strong>[\/vc_column_text][vc_single_image image=&#8221;11784&#8243; img_size=&#8221;full&#8221; css=&#8221;.vc_custom_1572859414027{padding-top: 20px !important;padding-right: 20px !important;padding-bottom: 20px !important;}&#8221;][\/elx_simple_link_block][\/vc_column][vc_column width=&#8221;1\/4&#8243;][vc_empty_space height=&#8221;20px&#8221;][elx_simple_link_block link=&#8221;url:https%3A%2F%2Fwww.electroluxprofessional.com%2Fes%2Fequipamiento-lavanderia-comercial%2Flavadoras-secadoras-y-calandras-para-pequenas-empresas%2F|title:myPRO%20washers%2C%20dryers%20and%20steam%20ironers%20for%20small%20businesses|target:_blank&#8221; text_align=&#8221;text-left&#8221; text_color=&#8221;inherit&#8221; background_color=&#8221;inherit&#8221; background_hover_color=&#8221;darker-hover&#8221; extra_class=&#8221;&#8221; reveal_effect=&#8221;&#8221; reveal_duration=&#8221;&#8221; reveal_delay=&#8221;&#8221;][elx_heading font_container=&#8221;h3&#8243; text_color=&#8221;inherit&#8221;]myPRO 8kg[\/elx_heading][vc_column_text]<strong>7.500 ciclos<\/strong>[\/vc_column_text][vc_single_image image=&#8221;11785&#8243; img_size=&#8221;full&#8221; css=&#8221;.vc_custom_1572859428231{padding-top: 20px !important;padding-right: 20px !important;padding-bottom: 20px !important;}&#8221;][\/elx_simple_link_block][\/vc_column][vc_column width=&#8221;1\/4&#8243;][vc_empty_space height=&#8221;20px&#8221;][elx_simple_link_block link=&#8221;url:https%3A%2F%2Fwww.electroluxprofessional.com%2Fes%2Flavanderia%2Flavanderia-mypro-xl-pequenos-negocios%2F|title:myPRO%20XL%20laundry%20solutions%20for%20small%20business%20with%20big%20loads|target:_blank&#8221; text_align=&#8221;text-left&#8221; text_color=&#8221;inherit&#8221; background_color=&#8221;inherit&#8221; background_hover_color=&#8221;darker-hover&#8221; extra_class=&#8221;&#8221; reveal_effect=&#8221;&#8221; reveal_duration=&#8221;&#8221; reveal_delay=&#8221;&#8221;][elx_heading font_container=&#8221;h3&#8243; text_color=&#8221;inherit&#8221;]myPRO<sup>XL<\/sup> 12kg[\/elx_heading][vc_column_text]<strong>15.000 ciclos<\/strong>[\/vc_column_text][vc_single_image image=&#8221;11786&#8243; img_size=&#8221;full&#8221; css=&#8221;.vc_custom_1572859443060{padding-top: 20px !important;padding-right: 20px !important;padding-bottom: 20px !important;}&#8221;][\/elx_simple_link_block][\/vc_column][vc_column width=&#8221;1\/4&#8243;][vc_empty_space height=&#8221;20px&#8221;][elx_simple_link_block link=&#8221;url:https%3A%2F%2Fwww.electroluxprofessional.com%2Fes%2Fequipamiento-lavanderia-comercial%2Flavadoras-comerciales%2F|title:Commercial%20washers|target:_blank&#8221; text_align=&#8221;text-left&#8221; text_color=&#8221;inherit&#8221; background_color=&#8221;inherit&#8221; background_hover_color=&#8221;darker-hover&#8221; extra_class=&#8221;&#8221; reveal_effect=&#8221;&#8221; reveal_duration=&#8221;&#8221; reveal_delay=&#8221;&#8221;][elx_heading font_container=&#8221;h3&#8243; text_color=&#8221;inherit&#8221;]Professional solutions[\/elx_heading][vc_column_text]<strong>30.000 ciclos<\/strong>[\/vc_column_text][vc_single_image image=&#8221;11787&#8243; img_size=&#8221;full&#8221; css=&#8221;.vc_custom_1572857336964{padding-top: 20px !important;padding-right: 20px !important;padding-bottom: 20px !important;}&#8221;][\/elx_simple_link_block][\/vc_column][vc_column][vc_empty_space][\/vc_column][\/vc_row][vc_row disable_element=&#8221;yes&#8221; css=&#8221;.vc_custom_1573047682726{background-color: #eeeeee !important;}&#8221;][vc_column width=&#8221;2\/3&#8243;][elx_heading font_size=&#8221;h3&#8243; text_color=&#8221;inherit&#8221;]Looking for more productive solutions?[\/elx_heading][elx_heading font_container=&#8221;h3&#8243; font_size=&#8221;h5&#8243; text_color=&#8221;inherit&#8221;]Go and see our commercial laundry solutions[\/elx_heading][vc_column_text]Electrolux Professional provides an all-round range of products for your professional laundry needs.[\/vc_column_text][elx_button button_text=&#8221;Discover our Commercial Laundry Solutions&#8221; button_style=&#8221;icon&#8221; button_link=&#8221;url:https%3A%2F%2Fwww.electroluxprofessional.com%2Fes%2Fcommercial-laundry-equipment%2F|title:Commercial%20Laundry%20Solutions%20||&#8221;][\/vc_column][vc_column width=&#8221;1\/3&#8243;][vc_empty_space][vc_single_image image=&#8221;1839&#8243; img_size=&#8221;700px&#8221; onclick=&#8221;custom_link&#8221; link=&#8221;http:\/\/https:\/\/www.electroluxprofessional.com\/es\/your-business\/commercial-laundries\/&#8221;][\/vc_column][\/vc_row]<\/p>\n","protected":false},"excerpt":{"rendered":"<p>[vc_row full_width=&#8221;electroluxpro-full-width-no-padding&#8221; css=&#8221;.vc_custom_1569489800242{background-color: #041e41 !important;}&#8221;][vc_column][vc_single_image image=&#8221;23397&#8243; img_size=&#8221;full&#8221; alignment=&#8221;center&#8221;][\/vc_column][\/vc_row][vc_row][vc_column][vc_empty_space][\/vc_column][\/vc_row][vc_row][vc_column width=&#8221;2\/3&#8243;][elx_heading font_container=&#8221;h1&#8243; text_color=&#8221;electrolux-blue&#8221;]Soluciones para Peque\u00f1os Negocios[\/elx_heading][vc_column_text]Las aver\u00edas de las m\u00e1quinas, la lentitud de los programas y los malos resultados de lavado son algunos de los problemas a los que se enfrentan los empresarios cuando utilizan m\u00e1quinas dom\u00e9sticas en la lavander\u00eda. Con myPRO, tendr\u00e1s una soluci\u00f3n de lavander\u00eda [&hellip;]<\/p>\n","protected":false},"author":368,"featured_media":0,"parent":3874,"menu_order":0,"comment_status":"closed","ping_status":"closed","template":"","meta":{"footnotes":""},"class_list":["post-23401","page","type-page","status-publish","hentry"],"acf":[],"yoast_head":"<!-- This site is optimized with the Yoast SEO plugin v23.4 - https:\/\/yoast.com\/wordpress\/plugins\/seo\/ -->\n<title>Soluciones para Peque\u00f1os Negocios | Electrolux Professional<\/title>\n<meta name=\"description\" content=\"Equipamiento de cocina y lavander\u00eda profesional dise\u00f1ado para peque\u00f1os negocios que buscan m\u00e1xima eficiencia y optimizaci\u00f3n de costes.\" \/>\n<meta name=\"robots\" content=\"index, follow, max-snippet:-1, max-image-preview:large, max-video-preview:-1\" \/>\n<link rel=\"canonical\" href=\"https:\/\/www.electroluxprofessional.com\/es\/tu-negocio\/pequenos-negocios\/\" \/>\n<meta property=\"og:locale\" content=\"es_ES\" \/>\n<meta property=\"og:type\" content=\"article\" \/>\n<meta property=\"og:title\" content=\"Soluciones para Peque\u00f1os Negocios | Electrolux Professional\" \/>\n<meta property=\"og:description\" content=\"Equipamiento de cocina y lavander\u00eda profesional dise\u00f1ado para peque\u00f1os negocios que buscan m\u00e1xima eficiencia y optimizaci\u00f3n de costes.\" \/>\n<meta property=\"og:url\" content=\"https:\/\/www.electroluxprofessional.com\/es\/tu-negocio\/pequenos-negocios\/\" \/>\n<meta property=\"og:site_name\" content=\"Electrolux Professional Espa\u00f1a\" \/>\n<meta property=\"article:modified_time\" content=\"2026-03-28T10:41:08+00:00\" \/>\n<meta name=\"twitter:card\" content=\"summary_large_image\" \/>\n<meta name=\"twitter:label1\" content=\"Tiempo de lectura\" \/>\n\t<meta name=\"twitter:data1\" content=\"5 minutos\" \/>\n<script type=\"application\/ld+json\" class=\"yoast-schema-graph\">{\"@context\":\"https:\/\/schema.org\",\"@graph\":[{\"@type\":\"WebPage\",\"@id\":\"https:\/\/www.electroluxprofessional.com\/es\/tu-negocio\/pequenos-negocios\/\",\"url\":\"https:\/\/www.electroluxprofessional.com\/es\/tu-negocio\/pequenos-negocios\/\",\"name\":\"Soluciones para Peque\u00f1os Negocios | Electrolux Professional\",\"isPartOf\":{\"@id\":\"https:\/\/www.electroluxprofessional.com\/es\/#website\"},\"datePublished\":\"2025-07-16T13:55:59+00:00\",\"dateModified\":\"2026-03-28T10:41:08+00:00\",\"description\":\"Equipamiento de cocina y lavander\u00eda profesional dise\u00f1ado para peque\u00f1os negocios que buscan m\u00e1xima eficiencia y optimizaci\u00f3n de costes.\",\"breadcrumb\":{\"@id\":\"https:\/\/www.electroluxprofessional.com\/es\/tu-negocio\/pequenos-negocios\/#breadcrumb\"},\"inLanguage\":\"es\",\"potentialAction\":[{\"@type\":\"ReadAction\",\"target\":[\"https:\/\/www.electroluxprofessional.com\/es\/tu-negocio\/pequenos-negocios\/\"]}]},{\"@type\":\"BreadcrumbList\",\"@id\":\"https:\/\/www.electroluxprofessional.com\/es\/tu-negocio\/pequenos-negocios\/#breadcrumb\",\"itemListElement\":[{\"@type\":\"ListItem\",\"position\":1,\"name\":\"Home\",\"item\":\"https:\/\/www.electroluxprofessional.com\/es\/\"},{\"@type\":\"ListItem\",\"position\":2,\"name\":\"Tu negocio\",\"item\":\"https:\/\/www.electroluxprofessional.com\/es\/tu-negocio\/\"},{\"@type\":\"ListItem\",\"position\":3,\"name\":\"Peque\u00f1os negocios\"}]},{\"@type\":\"WebSite\",\"@id\":\"https:\/\/www.electroluxprofessional.com\/es\/#website\",\"url\":\"https:\/\/www.electroluxprofessional.com\/es\/\",\"name\":\"Electrolux Professional Espa\u00f1a\",\"description\":\"Equipamiento cocinas profesionales y lavander\u00edas comerciales. Excelencia en el suministro de soluciones profesionales.\",\"potentialAction\":[{\"@type\":\"SearchAction\",\"target\":{\"@type\":\"EntryPoint\",\"urlTemplate\":\"https:\/\/www.electroluxprofessional.com\/es\/?src={search_term_string}\"},\"query-input\":{\"@type\":\"PropertyValueSpecification\",\"valueRequired\":true,\"valueName\":\"search_term_string\"}}],\"inLanguage\":\"es\"}]}<\/script>\n<!-- \/ Yoast SEO plugin. -->","yoast_head_json":{"title":"Soluciones para Peque\u00f1os Negocios | Electrolux Professional","description":"Equipamiento de cocina y lavander\u00eda profesional dise\u00f1ado para peque\u00f1os negocios que buscan m\u00e1xima eficiencia y optimizaci\u00f3n de costes.","robots":{"index":"index","follow":"follow","max-snippet":"max-snippet:-1","max-image-preview":"max-image-preview:large","max-video-preview":"max-video-preview:-1"},"canonical":"https:\/\/www.electroluxprofessional.com\/es\/tu-negocio\/pequenos-negocios\/","og_locale":"es_ES","og_type":"article","og_title":"Soluciones para Peque\u00f1os Negocios | Electrolux Professional","og_description":"Equipamiento de cocina y lavander\u00eda profesional dise\u00f1ado para peque\u00f1os negocios que buscan m\u00e1xima eficiencia y optimizaci\u00f3n de costes.","og_url":"https:\/\/www.electroluxprofessional.com\/es\/tu-negocio\/pequenos-negocios\/","og_site_name":"Electrolux Professional Espa\u00f1a","article_modified_time":"2026-03-28T10:41:08+00:00","twitter_card":"summary_large_image","twitter_misc":{"Tiempo de lectura":"5 minutos"},"schema":{"@context":"https:\/\/schema.org","@graph":[{"@type":"WebPage","@id":"https:\/\/www.electroluxprofessional.com\/es\/tu-negocio\/pequenos-negocios\/","url":"https:\/\/www.electroluxprofessional.com\/es\/tu-negocio\/pequenos-negocios\/","name":"Soluciones para Peque\u00f1os Negocios | Electrolux Professional","isPartOf":{"@id":"https:\/\/www.electroluxprofessional.com\/es\/#website"},"datePublished":"2025-07-16T13:55:59+00:00","dateModified":"2026-03-28T10:41:08+00:00","description":"Equipamiento de cocina y lavander\u00eda profesional dise\u00f1ado para peque\u00f1os negocios que buscan m\u00e1xima eficiencia y optimizaci\u00f3n de costes.","breadcrumb":{"@id":"https:\/\/www.electroluxprofessional.com\/es\/tu-negocio\/pequenos-negocios\/#breadcrumb"},"inLanguage":"es","potentialAction":[{"@type":"ReadAction","target":["https:\/\/www.electroluxprofessional.com\/es\/tu-negocio\/pequenos-negocios\/"]}]},{"@type":"BreadcrumbList","@id":"https:\/\/www.electroluxprofessional.com\/es\/tu-negocio\/pequenos-negocios\/#breadcrumb","itemListElement":[{"@type":"ListItem","position":1,"name":"Home","item":"https:\/\/www.electroluxprofessional.com\/es\/"},{"@type":"ListItem","position":2,"name":"Tu negocio","item":"https:\/\/www.electroluxprofessional.com\/es\/tu-negocio\/"},{"@type":"ListItem","position":3,"name":"Peque\u00f1os negocios"}]},{"@type":"WebSite","@id":"https:\/\/www.electroluxprofessional.com\/es\/#website","url":"https:\/\/www.electroluxprofessional.com\/es\/","name":"Electrolux Professional Espa\u00f1a","description":"Equipamiento cocinas profesionales y lavander\u00edas comerciales. Excelencia en el suministro de soluciones profesionales.","potentialAction":[{"@type":"SearchAction","target":{"@type":"EntryPoint","urlTemplate":"https:\/\/www.electroluxprofessional.com\/es\/?src={search_term_string}"},"query-input":{"@type":"PropertyValueSpecification","valueRequired":true,"valueName":"search_term_string"}}],"inLanguage":"es"}]}},"_links":{"self":[{"href":"https:\/\/www.electroluxprofessional.com\/es\/wp-json\/wp\/v2\/pages\/23401"}],"collection":[{"href":"https:\/\/www.electroluxprofessional.com\/es\/wp-json\/wp\/v2\/pages"}],"about":[{"href":"https:\/\/www.electroluxprofessional.com\/es\/wp-json\/wp\/v2\/types\/page"}],"author":[{"embeddable":true,"href":"https:\/\/www.electroluxprofessional.com\/es\/wp-json\/wp\/v2\/users\/368"}],"replies":[{"embeddable":true,"href":"https:\/\/www.electroluxprofessional.com\/es\/wp-json\/wp\/v2\/comments?post=23401"}],"version-history":[{"count":3,"href":"https:\/\/www.electroluxprofessional.com\/es\/wp-json\/wp\/v2\/pages\/23401\/revisions"}],"predecessor-version":[{"id":25955,"href":"https:\/\/www.electroluxprofessional.com\/es\/wp-json\/wp\/v2\/pages\/23401\/revisions\/25955"}],"up":[{"embeddable":true,"href":"https:\/\/www.electroluxprofessional.com\/es\/wp-json\/wp\/v2\/pages\/3874"}],"wp:attachment":[{"href":"https:\/\/www.electroluxprofessional.com\/es\/wp-json\/wp\/v2\/media?parent=23401"}],"curies":[{"name":"wp","href":"https:\/\/api.w.org\/{rel}","templated":true}]}}