{"id":23206,"date":"2025-07-02T12:14:44","date_gmt":"2025-07-02T12:14:44","guid":{"rendered":"https:\/\/www.electroluxprofessional.com\/es\/?page_id=23206"},"modified":"2025-10-15T12:20:16","modified_gmt":"2025-10-15T12:20:16","slug":"lavanderia","status":"publish","type":"page","link":"https:\/\/www.electroluxprofessional.com\/es\/lavanderia\/","title":{"rendered":"Soluciones complementarias para la excelencia en lavander\u00eda"},"content":{"rendered":"<p>[vc_row full_width=&#8221;electroluxpro-full-width-no-padding&#8221;][vc_column][elx_image_block background_image=&#8221;23201&#8243; minimum_height=&#8221;400px&#8221;][\/vc_column][\/vc_row][vc_row][vc_column][vc_empty_space height=&#8221;30px&#8221;][elx_heading font_size=&#8221;h1&#8243; text_color=&#8221;inherit&#8221;]Soluciones complementarias para la excelencia en lavander\u00eda[\/elx_heading][vc_empty_space height=&#8221;10px&#8221;][elx_heading font_size=&#8221;h5&#8243; text_color=&#8221;inherit&#8221;]Contratos de servicio, detergentes, sistemas de dosificaci\u00f3n y accesorios.<br \/>\nTodo lo que necesitas para obtener resultados excepcionales[\/elx_heading][vc_empty_space height=&#8221;10px&#8221;][vc_column_text]Electrolux Professional te ofrece una gama completa de soluciones complementarias para optimizar cada aspecto del funcionamiento de tu lavander\u00eda y mantener controlado el coste total de propiedad: desde dosificaci\u00f3n eficiente del detergente hasta productos ecol\u00f3gicos de alto rendimiento y accesorios ergon\u00f3micos.<br \/>\nTanto si quieres reducir costes como mejorar los niveles de higiene o dinamizar el flujo de trabajo diario, nuestras soluciones integradas para el cuidado de la ropa est\u00e1n dise\u00f1adas para proporcionar rendimiento duradero, facilidad de uso y calidad excepcional ciclo tras ciclo.[\/vc_column_text][vc_empty_space height=&#8221;20px&#8221;][\/vc_column][\/vc_row][vc_row custom_color_row=&#8221;bg-row-light-blue&#8221; full_width=&#8221;electroluxpro-full-width-no-padding&#8221; css=&#8221;.vc_custom_1746631002853{background-color: #e9eff5 !important;}&#8221;][vc_column][elx_features_download title=&#8221;Essentia<br \/>\nUn aliado permanente en el que puedes confiar&#8221; tag_title=&#8221;h2&#8243; title_download=&#8221;Descarga&#8221; bg_row=&#8221;bg-row-light-blue&#8221; values=&#8221;%5B%7B%22select_type%22%3A%22link%22%2C%22link_download%22%3A%22url%3Ahttps%253A%252F%252Ftools.electroluxprofessional.com%252FMirror%252FDoc%252FELS%252FBRO%252FEPR_Essentia_Brochure_20250527_one-page-view_EN.pdf%7Ctitle%3AAcuerdos%2520de%2520Servicio%2520Essentia%2520%7Ctarget%3A_blank%22%2C%22label_pride_document%22%3A%22Essentia%20-%20Acuerdos%20de%20Servicio%22%2C%22document_type%22%3A%22brochures%22%2C%22br_document_number%22%3A%22BRO-9JE00011%22%7D%5D&#8221; discover=&#8221;%5B%7B%7D%5D&#8221; features=&#8221;%5B%7B%7D%5D&#8221;]<img loading=\"lazy\" decoding=\"async\" class=\"alignleft\" src=\"https:\/\/www.electroluxprofessional.com\/wp-content\/uploads\/2025\/05\/ICON-essentia_700-300x300.webp\" width=\"183\" height=\"183\" \/><\/p>\n<p>Como los equipos de lavander\u00eda son el epicentro de tu negocio, mantenerlos en las mejores condiciones de funcionamiento no es solo cuesti\u00f3n de servicio t\u00e9cnico, es lo m\u00e1s inteligente.<\/p>\n<p><span class=\"TextRun Highlight SCXW195901378 BCX8\" lang=\"EN-US\" xml:lang=\"EN-US\" data-contrast=\"auto\"><span class=\"NormalTextRun SCXW195901378 BCX8\">Sin caras interrupciones de la actividad, <\/span><span class=\"NormalTextRun SCXW195901378 BCX8\">problemas<\/span><span class=\"NormalTextRun SCXW195901378 BCX8\"> imprevistos ni situaciones inoportunas: solo excepcionales resultados y productividad d\u00eda tras d\u00eda y ciclo tras ciclo. Esa es la esencia de los paquetes de <span class=\"NormalTextRun SCXW195901378 BCX8\">a<\/span><span class=\"NormalTextRun SCXW195901378 BCX8\">cuerdos<\/span> de <span class=\"NormalTextRun SCXW195901378 BCX8\">s<\/span><span class=\"NormalTextRun SCXW195901378 BCX8\">ervicio<\/span><\/span><span class=\"NormalTextRun SCXW195901378 BCX8\">Essentia<\/span>.<span class=\"NormalTextRun SCXW195901378 BCX8\"> Elige el <\/span><span class=\"NormalTextRun SCXW195901378 BCX8\">m\u00e1s adecuado a tus necesidades<\/span><span class=\"NormalTextRun SCXW195901378 BCX8\"> para disfrutar de mantenimiento a medida y cuidado proactivo.<\/span><\/span><span class=\"EOP SCXW195901378 BCX8\" data-ccp-props=\"{}\">\u00a0<\/span>[\/elx_features_download][\/vc_column][\/vc_row][vc_row][vc_column][vc_empty_space height=&#8221;60px&#8221;][\/vc_column][\/vc_row][vc_row][vc_column][elx_text_image style_image=&#8221;image_square&#8221; image_position_mobile=&#8221;mobile-order-4&#8243; bg_row=&#8221;bg-download-white&#8221; title=&#8221;Detergentes Eco<br \/>\nAumenta tus ahorros sin esfuerzo&#8221; lists=&#8221;%5B%7B%7D%5D&#8221; values=&#8221;%5B%7B%7D%5D&#8221; single_image=&#8221;23202&#8243; link=&#8221;url:https%3A%2F%2Fwebgate.electroluxprofessional.com%2FPrIDE%2FPrIDE_Attach_r%2FELS%2FCLFL%2FEPR-leaflet-DetergentsDosingSystems-Storage_ES_Single%2520page.pdf|title:Descubre%20la%20gama%20completa|target:_blank&#8221;]Nuestros <strong>detergentes L\u00ednea 6000 gama Eco<\/strong> proporcionan resultados de limpieza excepcionales con el m\u00ednimo impacto medioambiental. Con certificado <strong>Ecolabel<\/strong>, dermatol\u00f3gicamente probados e <strong>hipoalerg\u00e9nicos<\/strong>, son seguros para las personas y para el planeta.<\/p>\n<p>Priorizando el rendimiento, nuestros detergentes gama Eco evitan repeticiones de lavado, con el consiguiente ahorro de tiempo y dinero. La sostenibilidad est\u00e1 integrada en cada ciclo, lo que proporciona valor a largo plazo para tu negocio y para el medio ambiente.[\/elx_text_image][vc_empty_space height=&#8221;30px&#8221;][vc_tta_tabs][vc_tta_section title=&#8221;EU Ecolabel&#8221; tab_id=&#8221;1747126107885-02e07be3-4092&#8243;][vc_empty_space][elx_heading font_container=&#8221;h4&#8243; text_color=&#8221;inherit&#8221;]\u00bfQu\u00e9 es la etiqueta EU Ecolabel?[\/elx_heading][vc_column_text]<img loading=\"lazy\" decoding=\"async\" class=\"alignleft\" src=\"https:\/\/www.electroluxprofessional.com\/wp-content\/uploads\/2021\/04\/eurolabel.webp\" width=\"142\" height=\"127\" \/><strong data-start=\"114\" data-end=\"133\">EU Ecolabel<\/strong> es la etiqueta medioambiental oficial de la Uni\u00f3n Europea. Se otorga a los productos y servicios que cumplen exigentes requisitos ambientales y de rendimiento durante todo su ciclo de vida: desde la obtenci\u00f3n de la materia prima hasta la producci\u00f3n, el uso y la eliminaci\u00f3n. Es una etiqueta voluntaria certificada por terceros, de conformidad con la norma ISO 14024 tipo 1.[\/vc_column_text][\/vc_tta_section][vc_tta_section title=&#8221;Nordic Swan&#8221; tab_id=&#8221;1747126107898-b96ada50-779b&#8221;][vc_empty_space][elx_heading font_container=&#8221;h4&#8243; text_color=&#8221;inherit&#8221;]\u00bfQu\u00e9 es la etiqueta Nordic Swan?[\/elx_heading][vc_column_text]<strong data-start=\"99\" data-end=\"127\"><img loading=\"lazy\" decoding=\"async\" class=\"alignleft\" src=\"https:\/\/www.electroluxprofessional.com\/wp-content\/uploads\/2021\/04\/nordic-swan-X-FRONT-LABEL-1.webp\" width=\"134\" height=\"120\" \/>Nordic Swan Ecolabel<\/strong> es la certificaci\u00f3n medioambiental oficial empleada en los pa\u00edses n\u00f3rdicos (Dinamarca, Finlandia, Islandia, Noruega y Suecia). Establecida en 1989 por el Consejo de Ministros n\u00f3rdico, en cada pa\u00eds la administran organizaciones nacionales. Es una etiqueta voluntaria certificada por terceros, de conformidad con la norma ISO 14024 tipo 1.[\/vc_column_text][\/vc_tta_section][vc_tta_section title=&#8221;Tu certificado ecol\u00f3gico&#8221; tab_id=&#8221;1747126170759-c3b76b23-4c8f&#8221;][vc_empty_space][elx_text_image tag_title=&#8221;h4&#8243; style_image=&#8221;image_horizontal&#8221; bg_row=&#8221;bg-download-white&#8221; title=&#8221;M\u00e1s que ecol\u00f3gico:<br \/>\nSeguridad y rendimiento certificados&#8221; lists=&#8221;%5B%7B%7D%5D&#8221; single_image=&#8221;15677&#8243; values=&#8221;%5B%7B%7D%5D&#8221;]Al utilizar nuestros detergentes gama Eco, tu empresa puede obtener el Certificado Ecol\u00f3gico, un s\u00edmbolo indudable de tu compromiso con la sostenibilidad.<\/p>\n<p>Demuestra tu responsabilidad medioambiental con tus clientes y colaboradores.[\/elx_text_image][\/vc_tta_section][\/vc_tta_tabs][\/vc_column][\/vc_row][vc_row][vc_column][vc_empty_space height=&#8221;60&#8243;][\/vc_column][\/vc_row][vc_row][vc_column][elx_text_image style_image=&#8221;image_square&#8221; image_position_mobile=&#8221;mobile-order-4&#8243; bg_row=&#8221;bg-download-white&#8221; title=&#8221;Sistemas de dosificaci\u00f3n<br \/>\nPrecisi\u00f3n que compensa&#8221; lists=&#8221;%5B%7B%7D%5D&#8221; values=&#8221;%5B%7B%7D%5D&#8221; single_image=&#8221;23203&#8243; link=&#8221;url:https%3A%2F%2Fwebgate.electroluxprofessional.com%2FPrIDE%2FPrIDE_Attach_r%2FELS%2FCLFL%2FEPR-leaflet-DetergentsDosingSystems-Storage_ES_Single%2520page.pdf|title:Descubre%20la%20gama%20completa|target:_blank&#8221;]<strong>Maximiza la eficiencia y minimiza los residuos.<\/strong><br \/>\nIndependientemente de tu tipo de negocio, sustituir la dosificaci\u00f3n manual por la <strong>dosificaci\u00f3n autom\u00e1tica<\/strong> te aporta ahorro a largo plazo y te asegura el uso de la cantidad adecuada de producto, lo que contribuye a preservar la calidad de los tejidos m\u00e1s tiempo.<\/p>\n<p>En combinaci\u00f3n con las caracter\u00edsticas avanzadas de nuestras lavadoras, nuestros <strong>sistemas de dosificaci\u00f3n<\/strong> est\u00e1n dise\u00f1ados para optimizar el uso de detergente, reducir gastos de funcionamiento y garantizar resultados uniformes, ciclo tras ciclo.[\/elx_text_image][vc_empty_space height=&#8221;30&#8243;][vc_tta_tabs][vc_tta_section title=&#8221;MultiSave&#8221; tab_id=&#8221;1747127066104-74212627-c6b2&#8243;][vc_empty_space][elx_text_image style_image=&#8221;image_square&#8221; bg_row=&#8221;bg-download-white&#8221; lists=&#8221;%5B%7B%7D%5D&#8221; single_image=&#8221;21519&#8243; values=&#8221;%5B%7B%7D%5D&#8221;]La bomba MULTISAVE permite conectar <strong>hasta 7 lavadoras con solo 1 unidad.<\/strong><br \/>\nRequiere menos costes de mantenimiento e instalaci\u00f3n. Los costes de funcionamiento son bajos gracias a un control m\u00e1s preciso de los consumos.<\/p>\n<p><img loading=\"lazy\" decoding=\"async\" class=\"\" src=\"https:\/\/www.electroluxprofessional.com\/wp-content\/uploads\/2024\/12\/Compass-Pro_1-300x88.webp\" width=\"188\" height=\"55\" \/><img loading=\"lazy\" decoding=\"async\" class=\"\" src=\"https:\/\/www.electroluxprofessional.com\/wp-content\/uploads\/2024\/12\/Compass-Pro-300x115.webp\" width=\"151\" height=\"58\" \/>[\/elx_text_image][\/vc_tta_section][vc_tta_section title=&#8221;DOSAVE&#8221; tab_id=&#8221;1747127066128-f08dca09-5b5e&#8221;][vc_empty_space][elx_text_image style_image=&#8221;image_horizontal&#8221; bg_row=&#8221;bg-download-white&#8221; lists=&#8221;%5B%7B%7D%5D&#8221; single_image=&#8221;21521&#8243; values=&#8221;%5B%7B%7D%5D&#8221;]DOSAVE es una tecnolog\u00eda basada en el sistema perist\u00e1ltico, dise\u00f1ado para <strong>facilitar la instalaci\u00f3n<\/strong>, la programaci\u00f3n y un ahorro m\u00e1ximo. Requiere m\u00e1s mantenimiento que JETSAVE.<\/p>\n<p><img loading=\"lazy\" decoding=\"async\" class=\"\" src=\"https:\/\/www.electroluxprofessional.com\/wp-content\/uploads\/2024\/12\/Compass-Pro_1-300x88.webp\" width=\"211\" height=\"62\" \/>[\/elx_text_image][\/vc_tta_section][vc_tta_section title=&#8221;JETSAVE&#8221; tab_id=&#8221;1747127066152-9bcde592-e42c&#8221;][vc_empty_space][elx_text_image style_image=&#8221;image_horizontal&#8221; bg_row=&#8221;bg-download-white&#8221; lists=&#8221;%5B%7B%7D%5D&#8221; single_image=&#8221;21520&#8243; values=&#8221;%5B%7B%7D%5D&#8221;]La opci\u00f3n JETSAVE utiliza <strong>bombas basadas en el sistema venturi accionadas por agua<\/strong>, que requieren menos mantenimiento porque no es necesario sustituir piezas m\u00f3viles ni tubos dispensadores. La dosificaci\u00f3n es fiable y <strong>la instalaci\u00f3n es impecable y sencilla<\/strong> gracias al barrido integrado.<\/p>\n<p><img loading=\"lazy\" decoding=\"async\" class=\"\" src=\"https:\/\/www.electroluxprofessional.com\/wp-content\/uploads\/2024\/12\/Compass-Pro_1-300x88.webp\" width=\"215\" height=\"63\" \/>[\/elx_text_image][\/vc_tta_section][vc_tta_section title=&#8221;Dosificaci\u00f3n eficiente&#8221; tab_id=&#8221;1747127797131-829b3c0e-a40a&#8221;][vc_empty_space][elx_text_image style_image=&#8221;image_horizontal&#8221; bg_row=&#8221;bg-download-white&#8221; lists=&#8221;%5B%7B%7D%5D&#8221; single_image=&#8221;21522&#8243; values=&#8221;%5B%7B%7D%5D&#8221;]En los modelos CompassPro, Efficient Dosing ser\u00e1 tu socio de confianza para asegurar que <strong>solo se utilice la cantidad correcta de detergentes<\/strong> en cada ciclo, generando ahorros considerables.<\/p>\n<p><img loading=\"lazy\" decoding=\"async\" class=\"\" src=\"https:\/\/www.electroluxprofessional.com\/wp-content\/uploads\/2024\/12\/Compass-Pro-300x115.webp\" width=\"172\" height=\"66\" \/>[\/elx_text_image][\/vc_tta_section][\/vc_tta_tabs][\/vc_column][\/vc_row][vc_row][vc_column][vc_empty_space height=&#8221;60&#8243;][\/vc_column][\/vc_row][vc_row][vc_column][elx_text_image style_image=&#8221;image_vertical&#8221; bg_row=&#8221;bg-download-white&#8221; title=&#8221;Almacenamiento de detergente<br \/>\nOrganiza tu lavander\u00eda&#8221; lists=&#8221;%5B%7B%7D%5D&#8221; single_image=&#8221;23204&#8243; values=&#8221;%5B%7B%7D%5D&#8221; link=&#8221;url:https%3A%2F%2Fwebgate.electroluxprofessional.com%2FPrIDE%2FPrIDE_Attach_r%2FELS%2FCLFL%2FEPR-leaflet-DetergentsDosingSystems-Storage_ES_Single%2520page.pdf|title:Descubre%20la%20gama%20completa|target:_blank&#8221;]El sitio donde se almacena el detergente es fundamental en cualquier lavander\u00eda profesional. Te permite mantener organizado tu espacio de trabajo y mejorar la seguridad gracias al almacenamiento seguro de los recipientes de detergente.<\/p>\n<p>Algunos modelos van m\u00e1s all\u00e1, porque <strong>permiten integrar bombas y sistemas de dosificaci\u00f3n,<\/strong> lo que dinamiza el trabajo y revaloriza a\u00fan m\u00e1s tu lavander\u00eda.[\/elx_text_image][\/vc_column][\/vc_row][vc_row][vc_column][vc_empty_space height=&#8221;60&#8243;][\/vc_column][\/vc_row][vc_row][vc_column][elx_text_image style_image=&#8221;image_horizontal&#8221; bg_row=&#8221;bg-download-white&#8221; title=&#8221;Accesorios<br \/>\nDetalles inteligentes que marcan una gran diferencia&#8221; lists=&#8221;%5B%7B%7D%5D&#8221; single_image=&#8221;23205&#8243; values=&#8221;%5B%7B%7D%5D&#8221;]<strong>Los peque\u00f1os detalles suben el nivel de las operaciones de lavado.<\/strong><br \/>\nDesde <strong>carros ergon\u00f3micos<\/strong> hasta <strong>estantes de ahorro de espacio<\/strong>, nuestros accesorios est\u00e1n dise\u00f1ados para mejorar el flujo de trabajo, aumentar la comodidad del usuario y mantener un entorno de lavander\u00eda eficiente y profesional.<\/p>\n<p>Cualquiera que sea el tama\u00f1o o el tipo de tu negocio (hotel, centro de atenci\u00f3n sanitaria, lavander\u00eda comercial o de autoservicio), tenemos complementos inteligentes que te ayudan a aumentar la productividad con menos esfuerzo.[\/elx_text_image][\/vc_column][\/vc_row][vc_row][vc_column][vc_empty_space][elx_multiple_columns_features number_columns=&#8221;2&#8243; bg_row=&#8221;bg-download-white&#8221; title_position=&#8221;top&#8221; values=&#8221;%5B%7B%22icon_electroluxpro%22%3A%20%22elx-icon%20icon-circle-laundry-productivity-blue%22%2C%22title%22%3A%20%22Estantes%20vers%C3%A1tiles%22%2C%22text%22%3A%20%22Los%20estantes%20de%20ropa%20plegables%20son%20perfectos%20para%20lavander%C3%ADas%2C%20tiendas%20y%20boutiques%2C%20porque%20ofrecen%20flexibilidad%20con%20ahorro%20de%20espacio.%22%7D%2C%7B%22icon_electroluxpro%22%3A%20%22elx-icon%20icon-circle-laundry-basket-accessory%22%2C%22title%22%3A%20%22Cestos%20pr%C3%A1cticos%22%2C%22text%22%3A%20%22Los%20cestos%20helicoidales%20facilitan%20la%20carga%20y%20descarga%2C%20mientras%20que%20con%20los%20cestos%20plegables%20no%20cuesta%20nada%20preparar%20las%20s%C3%A1banas.%22%7D%2C%7B%22icon_electroluxpro%22%3A%20%22elx-icon%20icon-circle-laundry-clean-generic%22%2C%22title%22%3A%20%22Indispensables%20de%20limpieza%22%2C%22text%22%3A%20%22Las%20bolas%20para%20secadora%20recogen%20y%20separan%20la%20ropa%20para%20mejorar%20la%20circulaci%C3%B3n%20de%20aire%20sin%20energ%C3%ADa%20adicional.%22%7D%2C%7B%22icon_electroluxpro%22%3A%20%22elx-icon%20icon-circle-safe-blue%22%2C%22title%22%3A%20%22%C3%9Atiles%20de%20higiene%22%2C%22text%22%3A%20%22Los%20n%C3%BAmeros%20autoadhesivos%20ayudan%20a%20controlar%20los%20equipos%2C%20mientras%20que%20las%20bolsas%20hidrosolubles%20reducen%20la%20contaminaci%C3%B3n%20en%20los%20centros%20de%20atenci%C3%B3n%20sanitaria.%22%7D%5D&#8221;][\/vc_column][\/vc_row][vc_row][vc_column][vc_empty_space][elx_heading text_color=&#8221;inherit&#8221; text_align=&#8221;text-center&#8221;]Contacta con nosotros para saber c\u00f3mo puedes completar<br \/>\ntu soluci\u00f3n de lavander\u00eda[\/elx_heading][vc_empty_space][elx_o2000_contact_us][vc_empty_space][\/vc_column][\/vc_row]<\/p>\n","protected":false},"excerpt":{"rendered":"<p>[vc_row full_width=&#8221;electroluxpro-full-width-no-padding&#8221;][vc_column][elx_image_block background_image=&#8221;23201&#8243; minimum_height=&#8221;400px&#8221;][\/vc_column][\/vc_row][vc_row][vc_column][vc_empty_space height=&#8221;30px&#8221;][elx_heading font_size=&#8221;h1&#8243; text_color=&#8221;inherit&#8221;]Soluciones complementarias para la excelencia en lavander\u00eda[\/elx_heading][vc_empty_space height=&#8221;10px&#8221;][elx_heading font_size=&#8221;h5&#8243; text_color=&#8221;inherit&#8221;]Contratos de servicio, detergentes, sistemas de dosificaci\u00f3n y accesorios. Todo lo que necesitas para obtener resultados excepcionales[\/elx_heading][vc_empty_space height=&#8221;10px&#8221;][vc_column_text]Electrolux Professional te ofrece una gama completa de soluciones complementarias para optimizar cada aspecto del funcionamiento de tu lavander\u00eda y mantener controlado el [&hellip;]<\/p>\n","protected":false},"author":368,"featured_media":0,"parent":0,"menu_order":0,"comment_status":"closed","ping_status":"closed","template":"","meta":{"footnotes":""},"class_list":["post-23206","page","type-page","status-publish","hentry"],"acf":[],"yoast_head":"<!-- This site is optimized with the Yoast SEO plugin v23.4 - https:\/\/yoast.com\/wordpress\/plugins\/seo\/ -->\n<title>Soluciones complementarias para la excelencia en lavander\u00eda - Electrolux Professional Espa\u00f1a<\/title>\n<meta name=\"description\" content=\"Descubre nuestras soluciones complementarias para la excelencia en tu lavander\u00eda. Desde contratos de servicio hasta detergentes y accesorios.\" \/>\n<meta name=\"robots\" content=\"index, follow, max-snippet:-1, max-image-preview:large, max-video-preview:-1\" \/>\n<link rel=\"canonical\" href=\"https:\/\/www.electroluxprofessional.com\/es\/lavanderia\/\" \/>\n<meta property=\"og:locale\" content=\"es_ES\" \/>\n<meta property=\"og:type\" content=\"article\" \/>\n<meta property=\"og:title\" content=\"Soluciones complementarias para la excelencia en lavander\u00eda - Electrolux Professional Espa\u00f1a\" \/>\n<meta property=\"og:description\" content=\"Descubre nuestras soluciones complementarias para la excelencia en tu lavander\u00eda. Desde contratos de servicio hasta detergentes y accesorios.\" \/>\n<meta property=\"og:url\" content=\"https:\/\/www.electroluxprofessional.com\/es\/lavanderia\/\" \/>\n<meta property=\"og:site_name\" content=\"Electrolux Professional Espa\u00f1a\" \/>\n<meta property=\"article:modified_time\" content=\"2025-10-15T12:20:16+00:00\" \/>\n<meta property=\"og:image\" content=\"https:\/\/www.electroluxprofessional.com\/wp-content\/uploads\/2025\/05\/ICON-essentia_700-300x300.webp\" \/>\n<meta name=\"twitter:card\" content=\"summary_large_image\" \/>\n<meta name=\"twitter:label1\" content=\"Tiempo de lectura\" \/>\n\t<meta name=\"twitter:data1\" content=\"6 minutos\" \/>\n<script type=\"application\/ld+json\" class=\"yoast-schema-graph\">{\"@context\":\"https:\/\/schema.org\",\"@graph\":[{\"@type\":\"WebPage\",\"@id\":\"https:\/\/www.electroluxprofessional.com\/es\/lavanderia\/\",\"url\":\"https:\/\/www.electroluxprofessional.com\/es\/lavanderia\/\",\"name\":\"Soluciones complementarias para la excelencia en lavander\u00eda - Electrolux Professional Espa\u00f1a\",\"isPartOf\":{\"@id\":\"https:\/\/www.electroluxprofessional.com\/es\/#website\"},\"primaryImageOfPage\":{\"@id\":\"https:\/\/www.electroluxprofessional.com\/es\/lavanderia\/#primaryimage\"},\"image\":{\"@id\":\"https:\/\/www.electroluxprofessional.com\/es\/lavanderia\/#primaryimage\"},\"thumbnailUrl\":\"https:\/\/www.electroluxprofessional.com\/wp-content\/uploads\/2025\/05\/ICON-essentia_700-300x300.webp\",\"datePublished\":\"2025-07-02T12:14:44+00:00\",\"dateModified\":\"2025-10-15T12:20:16+00:00\",\"description\":\"Descubre nuestras soluciones complementarias para la excelencia en tu lavander\u00eda. Desde contratos de servicio hasta detergentes y accesorios.\",\"breadcrumb\":{\"@id\":\"https:\/\/www.electroluxprofessional.com\/es\/lavanderia\/#breadcrumb\"},\"inLanguage\":\"es\",\"potentialAction\":[{\"@type\":\"ReadAction\",\"target\":[\"https:\/\/www.electroluxprofessional.com\/es\/lavanderia\/\"]}]},{\"@type\":\"ImageObject\",\"inLanguage\":\"es\",\"@id\":\"https:\/\/www.electroluxprofessional.com\/es\/lavanderia\/#primaryimage\",\"url\":\"https:\/\/www.electroluxprofessional.com\/wp-content\/uploads\/2025\/05\/ICON-essentia_700-300x300.webp\",\"contentUrl\":\"https:\/\/www.electroluxprofessional.com\/wp-content\/uploads\/2025\/05\/ICON-essentia_700-300x300.webp\"},{\"@type\":\"BreadcrumbList\",\"@id\":\"https:\/\/www.electroluxprofessional.com\/es\/lavanderia\/#breadcrumb\",\"itemListElement\":[{\"@type\":\"ListItem\",\"position\":1,\"name\":\"Home\",\"item\":\"https:\/\/www.electroluxprofessional.com\/es\/\"},{\"@type\":\"ListItem\",\"position\":2,\"name\":\"Soluciones complementarias para la excelencia en lavander\u00eda\"}]},{\"@type\":\"WebSite\",\"@id\":\"https:\/\/www.electroluxprofessional.com\/es\/#website\",\"url\":\"https:\/\/www.electroluxprofessional.com\/es\/\",\"name\":\"Electrolux Professional Espa\u00f1a\",\"description\":\"Equipamiento cocinas profesionales y lavander\u00edas comerciales. Excelencia en el suministro de soluciones profesionales.\",\"potentialAction\":[{\"@type\":\"SearchAction\",\"target\":{\"@type\":\"EntryPoint\",\"urlTemplate\":\"https:\/\/www.electroluxprofessional.com\/es\/?src={search_term_string}\"},\"query-input\":{\"@type\":\"PropertyValueSpecification\",\"valueRequired\":true,\"valueName\":\"search_term_string\"}}],\"inLanguage\":\"es\"}]}<\/script>\n<!-- \/ Yoast SEO plugin. -->","yoast_head_json":{"title":"Soluciones complementarias para la excelencia en lavander\u00eda - Electrolux Professional Espa\u00f1a","description":"Descubre nuestras soluciones complementarias para la excelencia en tu lavander\u00eda. Desde contratos de servicio hasta detergentes y accesorios.","robots":{"index":"index","follow":"follow","max-snippet":"max-snippet:-1","max-image-preview":"max-image-preview:large","max-video-preview":"max-video-preview:-1"},"canonical":"https:\/\/www.electroluxprofessional.com\/es\/lavanderia\/","og_locale":"es_ES","og_type":"article","og_title":"Soluciones complementarias para la excelencia en lavander\u00eda - Electrolux Professional Espa\u00f1a","og_description":"Descubre nuestras soluciones complementarias para la excelencia en tu lavander\u00eda. Desde contratos de servicio hasta detergentes y accesorios.","og_url":"https:\/\/www.electroluxprofessional.com\/es\/lavanderia\/","og_site_name":"Electrolux Professional Espa\u00f1a","article_modified_time":"2025-10-15T12:20:16+00:00","og_image":[{"url":"https:\/\/www.electroluxprofessional.com\/wp-content\/uploads\/2025\/05\/ICON-essentia_700-300x300.webp"}],"twitter_card":"summary_large_image","twitter_misc":{"Tiempo de lectura":"6 minutos"},"schema":{"@context":"https:\/\/schema.org","@graph":[{"@type":"WebPage","@id":"https:\/\/www.electroluxprofessional.com\/es\/lavanderia\/","url":"https:\/\/www.electroluxprofessional.com\/es\/lavanderia\/","name":"Soluciones complementarias para la excelencia en lavander\u00eda - Electrolux Professional Espa\u00f1a","isPartOf":{"@id":"https:\/\/www.electroluxprofessional.com\/es\/#website"},"primaryImageOfPage":{"@id":"https:\/\/www.electroluxprofessional.com\/es\/lavanderia\/#primaryimage"},"image":{"@id":"https:\/\/www.electroluxprofessional.com\/es\/lavanderia\/#primaryimage"},"thumbnailUrl":"https:\/\/www.electroluxprofessional.com\/wp-content\/uploads\/2025\/05\/ICON-essentia_700-300x300.webp","datePublished":"2025-07-02T12:14:44+00:00","dateModified":"2025-10-15T12:20:16+00:00","description":"Descubre nuestras soluciones complementarias para la excelencia en tu lavander\u00eda. Desde contratos de servicio hasta detergentes y accesorios.","breadcrumb":{"@id":"https:\/\/www.electroluxprofessional.com\/es\/lavanderia\/#breadcrumb"},"inLanguage":"es","potentialAction":[{"@type":"ReadAction","target":["https:\/\/www.electroluxprofessional.com\/es\/lavanderia\/"]}]},{"@type":"ImageObject","inLanguage":"es","@id":"https:\/\/www.electroluxprofessional.com\/es\/lavanderia\/#primaryimage","url":"https:\/\/www.electroluxprofessional.com\/wp-content\/uploads\/2025\/05\/ICON-essentia_700-300x300.webp","contentUrl":"https:\/\/www.electroluxprofessional.com\/wp-content\/uploads\/2025\/05\/ICON-essentia_700-300x300.webp"},{"@type":"BreadcrumbList","@id":"https:\/\/www.electroluxprofessional.com\/es\/lavanderia\/#breadcrumb","itemListElement":[{"@type":"ListItem","position":1,"name":"Home","item":"https:\/\/www.electroluxprofessional.com\/es\/"},{"@type":"ListItem","position":2,"name":"Soluciones complementarias para la excelencia en lavander\u00eda"}]},{"@type":"WebSite","@id":"https:\/\/www.electroluxprofessional.com\/es\/#website","url":"https:\/\/www.electroluxprofessional.com\/es\/","name":"Electrolux Professional Espa\u00f1a","description":"Equipamiento cocinas profesionales y lavander\u00edas comerciales. Excelencia en el suministro de soluciones profesionales.","potentialAction":[{"@type":"SearchAction","target":{"@type":"EntryPoint","urlTemplate":"https:\/\/www.electroluxprofessional.com\/es\/?src={search_term_string}"},"query-input":{"@type":"PropertyValueSpecification","valueRequired":true,"valueName":"search_term_string"}}],"inLanguage":"es"}]}},"_links":{"self":[{"href":"https:\/\/www.electroluxprofessional.com\/es\/wp-json\/wp\/v2\/pages\/23206"}],"collection":[{"href":"https:\/\/www.electroluxprofessional.com\/es\/wp-json\/wp\/v2\/pages"}],"about":[{"href":"https:\/\/www.electroluxprofessional.com\/es\/wp-json\/wp\/v2\/types\/page"}],"author":[{"embeddable":true,"href":"https:\/\/www.electroluxprofessional.com\/es\/wp-json\/wp\/v2\/users\/368"}],"replies":[{"embeddable":true,"href":"https:\/\/www.electroluxprofessional.com\/es\/wp-json\/wp\/v2\/comments?post=23206"}],"version-history":[{"count":19,"href":"https:\/\/www.electroluxprofessional.com\/es\/wp-json\/wp\/v2\/pages\/23206\/revisions"}],"predecessor-version":[{"id":24249,"href":"https:\/\/www.electroluxprofessional.com\/es\/wp-json\/wp\/v2\/pages\/23206\/revisions\/24249"}],"wp:attachment":[{"href":"https:\/\/www.electroluxprofessional.com\/es\/wp-json\/wp\/v2\/media?parent=23206"}],"curies":[{"name":"wp","href":"https:\/\/api.w.org\/{rel}","templated":true}]}}