{"id":22879,"date":"2025-06-13T12:32:15","date_gmt":"2025-06-13T12:32:15","guid":{"rendered":"https:\/\/www.electroluxprofessional.com\/es\/?page_id=22879"},"modified":"2026-03-28T15:32:33","modified_gmt":"2026-03-28T15:32:33","slug":"reposicion-rapida-maquinaria","status":"publish","type":"page","link":"https:\/\/www.electroluxprofessional.com\/es\/equipamiento-cocinas-profesionales\/reposicion-rapida-maquinaria\/","title":{"rendered":"Fast Range"},"content":{"rendered":"<p>[vc_row full_width=&#8221;electroluxpro-full-width-no-padding&#8221;][vc_column][elx_image_block background_image=&#8221;22954&#8243; minimum_height=&#8221;360px&#8221;][vc_empty_space][\/vc_column][\/vc_row][vc_row][vc_column][elx_heading font_container=&#8221;h1&#8243; text_color=&#8221;cat-create&#8221; text_align=&#8221;text-left&#8221;]Servicio de Reposici\u00f3n R\u00e1pida de Maquinaria[\/elx_heading][elx_heading text_color=&#8221;inherit&#8221; text_align=&#8221;text-left&#8221;]Nueva tarifa de reposici\u00f3n r\u00e1pida de maquinaria para tu cocina profesional[\/elx_heading][vc_empty_space height=&#8221;50px&#8221;][\/vc_column][\/vc_row][vc_row custom_color_row=&#8221;bg-download-blue&#8221;][vc_column][elx_heading text_color=&#8221;white&#8221;]DISPONIBILIDAD INMEDIATA[\/elx_heading][vc_empty_space height=&#8221;12px&#8221;][\/vc_column][\/vc_row][vc_row custom_color_row=&#8221;bg-row-light-blue&#8221; full_width=&#8221;electroluxpro-container-no-padding&#8221;][vc_column][elx_features_download title=&#8221;&#8221; tag_title=&#8221;h3&#8243; button_style=&#8221;secondary-bordered&#8221; title_discover=&#8221;Descubre&#8221; button_style_box=&#8221;default&#8221; bg_row=&#8221;bg-row-light-blue&#8221; values=&#8221;%5B%7B%22select_type%22%3A%22link%22%7D%5D&#8221; discover=&#8221;%5B%7B%22link_discover%22%3A%22url%3A%2523GamaProductos%7Ctitle%3AGama%2520Reposici%25C3%25B3n%2520R%25C3%25A1pida%22%7D%5D&#8221; features=&#8221;%5B%7B%22icon_electroluxpro%22%3A%22elx-icon%20icon-circle-time-hand-blue%22%2C%22title_icon%22%3A%22Productos%20espec%C3%ADficos%20siempre%20disponibles%22%7D%2C%7B%22icon_electroluxpro%22%3A%22elx-icon%20icon-fast-range%22%2C%22title_icon%22%3A%22Plazos%20de%20reposici%C3%B3n%20fiables%20y%20fijos%22%7D%5D&#8221;][\/elx_features_download][\/vc_column][\/vc_row][vc_row][vc_column][vc_empty_space height=&#8221;65px&#8221;][elx_image_block background_image=&#8221;22895&#8243; minimum_height=&#8221;300px&#8221;][vc_empty_space height=&#8221;55px&#8221;][vc_column_text]<\/p>\n<hr \/>\n<p><strong>Electrolux Professional<\/strong> es uno de los <strong>principales proveedores mundiales de soluciones de maquinaria industrial<\/strong> para cocinas, bebidas y lavander\u00eda para usuarios profesionales, ofreciendo productos innovadores y una red mundial de servicios que hacen de la vida laboral de nuestros clientes m\u00e1s f\u00e1cil, m\u00e1s rentable y verdaderamente sostenible cada d\u00eda.<\/p>\n<p style=\"text-align: left;\">Por eso y con el af\u00e1n de aportar cada d\u00eda mayores y mejores soluciones a nuestros clientes, hemos lanzado <strong>FAST RANGE<\/strong>, un servicio de atenci\u00f3n r\u00e1pida que da respuesta de forma \u00e1gil a la <strong>reposici\u00f3n de maquinaria de tu negocio.<\/strong><\/p>\n<p>[\/vc_column_text][vc_empty_space height=&#8221;75px&#8221;][\/vc_column][\/vc_row][vc_row el_id=&#8221;GamaProductos&#8221;][vc_column][elx_heading font_container=&#8221;h1&#8243; text_color=&#8221;cat-create&#8221;]Gama de Productos[\/elx_heading]<div class=\"elx-accordion \">    <div class=\"elx-accordion-heading\">        <a class=\"elx-accordion-link elx-accordion-close\">            <h4 class=\" elx-accordion-title\">                Cocci\u00f3n Modular                <img decoding=\"async\" src=\"https:\/\/www.electroluxprofessional.com\/es\/wp-content\/themes\/electroluxpro\/assets\/epr-icon-minus-blue.svg\" class=\"elx-minus elx-hidden\" \/>                <img decoding=\"async\" src=\"https:\/\/www.electroluxprofessional.com\/es\/wp-content\/themes\/electroluxpro\/assets\/epr-icon-plus-blue.svg\" class=\"elx-plus\" \/>            <\/h4>        <\/a>    <\/div>    <div class=\"elx-accordion-body elx-accordion-close\"><p>[elx_text_image style_image=&#8221;image_horizontal&#8221; button_style=&#8221;default&#8221; bg_row=&#8221;bg-download-white&#8221; lists=&#8221;%5B%7B%7D%5D&#8221; values=&#8221;%5B%7B%7D%5D&#8221; title=&#8221;Versatilidad total en cocci\u00f3n profesional&#8221; single_image=&#8221;22587&#8243; link=&#8221;url:https%3A%2F%2Fwww.electroluxprofessional.com%2Fes%2F900xp-700xp-gama-de-coccion%2F|title:Descubre%20m%C3%A1s%20sobre%20XP|target:_blank&#8221;]<\/p>\n<h2><\/h2>\n<p>Contamos con equipos de las <strong>gamas 700XP y 900XP<\/strong>, <strong>disponibles para reposici\u00f3n r\u00e1pida<\/strong>: cocinas top a gas, tops de inducci\u00f3n, freidoras, cocedores de pasta y multiproducto, fry tops, parrillas PowerGrill HP, elementos neutros, bases abiertas y accesorios.<\/p>\n<p>Tambi\u00e9n incluimos <strong>freidoras industriales compactas<\/strong> para espacios reducidos sin comprometer el rendimiento sea cual sea tu negocio.[\/elx_text_image][vc_empty_space]<\/p>\n    <\/div><\/div><div class=\"elx-accordion \">    <div class=\"elx-accordion-heading\">        <a class=\"elx-accordion-link elx-accordion-close\">            <h4 class=\" elx-accordion-title\">                Cook&amp;Chill                <img decoding=\"async\" src=\"https:\/\/www.electroluxprofessional.com\/es\/wp-content\/themes\/electroluxpro\/assets\/epr-icon-minus-blue.svg\" class=\"elx-minus elx-hidden\" \/>                <img decoding=\"async\" src=\"https:\/\/www.electroluxprofessional.com\/es\/wp-content\/themes\/electroluxpro\/assets\/epr-icon-plus-blue.svg\" class=\"elx-plus\" \/>            <\/h4>        <\/a>    <\/div>    <div class=\"elx-accordion-body elx-accordion-close\"><p>[elx_text_image style_image=&#8221;image_horizontal&#8221; button_style=&#8221;default&#8221; bg_row=&#8221;bg-download-white&#8221; lists=&#8221;%5B%7B%7D%5D&#8221; values=&#8221;%5B%7B%22tag_icon_title%22%3A%22h4%22%7D%5D&#8221; title=&#8221;M\u00e1xima eficiencia en el flujo t\u00e9rmico&#8221; single_image=&#8221;21084&#8243; link=&#8221;url:https%3A%2F%2Fwww.electroluxprofessional.com%2Fes%2Fequipamiento-cocinas-profesionales%2Fskyline-cook-and-chill%2F|title:Descubre%20m%C3%A1s|target:_blank&#8221;]Implementa una <strong>cocina inteligente combinando cocci\u00f3n y abatimiento<\/strong> con nuestros equipos<strong> Cook&amp;Chill listos para entrega inmediata<\/strong>: hornos y abatidores SkyLine y hornos de convecci\u00f3n crosswise, as\u00ed como todos sus accesorios.<\/p>\n<p>Optimiza la conservaci\u00f3n de alimentos, reduce mermas y asegura la m\u00e1xima calidad en tus preparaciones.[\/elx_text_image][vc_empty_space]<\/p>\n    <\/div><\/div><div class=\"elx-accordion \">    <div class=\"elx-accordion-heading\">        <a class=\"elx-accordion-link elx-accordion-close\">            <h4 class=\" elx-accordion-title\">                Refrigeraci\u00f3n                <img decoding=\"async\" src=\"https:\/\/www.electroluxprofessional.com\/es\/wp-content\/themes\/electroluxpro\/assets\/epr-icon-minus-blue.svg\" class=\"elx-minus elx-hidden\" \/>                <img decoding=\"async\" src=\"https:\/\/www.electroluxprofessional.com\/es\/wp-content\/themes\/electroluxpro\/assets\/epr-icon-plus-blue.svg\" class=\"elx-plus\" \/>            <\/h4>        <\/a>    <\/div>    <div class=\"elx-accordion-body elx-accordion-close\"><p>[elx_text_image style_image=&#8221;image_horizontal&#8221; button_style=&#8221;default&#8221; bg_row=&#8221;bg-download-white&#8221; lists=&#8221;%5B%7B%7D%5D&#8221; values=&#8221;%5B%7B%7D%5D&#8221; title=&#8221;Fr\u00edo profesional, disponible ya&#8221; single_image=&#8221;22018&#8243; link=&#8221;url:https%3A%2F%2Fwww.electroluxprofessional.com%2Fes%2Farmarios-refrigerados-ecostore%2F|title:Descubre%20m%C3%A1s%20sobre%20armarios%20refrigerados|target:_blank&#8221;]Reposici\u00f3n r\u00e1pida de equipos de refrigeraci\u00f3n <strong>ecostore<\/strong>, tanto en <strong>armarios<\/strong> (<strong>frigor\u00edficos y congeladores digitales de 670 a 1430L<\/strong>) como en<strong> mesas refrigeradas<\/strong>, todos con gas ecol\u00f3gico <strong>R290<\/strong>.<\/p>\n<p>Disponemos tambi\u00e9n de accesorios como rejillas, recipientes y gu\u00edas.[\/elx_text_image][vc_empty_space]<\/p>\n    <\/div><\/div><div class=\"elx-accordion \">    <div class=\"elx-accordion-heading\">        <a class=\"elx-accordion-link elx-accordion-close\">            <h4 class=\" elx-accordion-title\">                Lavado de vajilla                <img decoding=\"async\" src=\"https:\/\/www.electroluxprofessional.com\/es\/wp-content\/themes\/electroluxpro\/assets\/epr-icon-minus-blue.svg\" class=\"elx-minus elx-hidden\" \/>                <img decoding=\"async\" src=\"https:\/\/www.electroluxprofessional.com\/es\/wp-content\/themes\/electroluxpro\/assets\/epr-icon-plus-blue.svg\" class=\"elx-plus\" \/>            <\/h4>        <\/a>    <\/div>    <div class=\"elx-accordion-body elx-accordion-close\"><p>[elx_text_image style_image=&#8221;image_horizontal&#8221; button_style=&#8221;default&#8221; bg_row=&#8221;bg-download-white&#8221; lists=&#8221;%5B%7B%7D%5D&#8221; values=&#8221;%5B%7B%7D%5D&#8221; title=&#8221;Soluciones inmediatas para una higiene impecable&#8221; single_image=&#8221;20323&#8243; link=&#8221;url:https%3A%2F%2Fwww.electroluxprofessional.com%2Fes%2Fequipamiento-cocinas-profesionales%2Flavado-de-vajilla-comercial%2F|title:Descubre%20m%C3%A1s|target:_blank&#8221;]L\u00ednea completa de lavado de vajilla <strong>disponible para entrega r\u00e1pida<\/strong>:<\/p>\n<ul>\n<li>Lavavasos de doble pared<\/li>\n<li>Lavavajillas bajomostradores como <strong>NeoBlue Touch<\/strong> o <strong>green&amp;clean<\/strong><\/li>\n<li>Lavavajillas de capota y lavacacerolas industriales<\/li>\n<li>Lavavajillas Rack Type: versiones<strong> Single Rinse (100c\/h)<\/strong> y <strong>Dual Rinse (200c\/h)<\/strong>, con m\u00f3dulos de secado y todos los accesorios necesarios.<\/li>\n<li>Asimismo, la tarifa incluye cestos para platos, filtros y soluciones para el tratamiento del agua.<\/li>\n<\/ul>\n<p>[\/elx_text_image]<\/p>\n    <\/div><\/div>[vc_empty_space][\/vc_column][\/vc_row][vc_row][vc_column][vc_empty_space height=&#8221;70px&#8221;][elx_heading font_container=&#8221;h1&#8243; text_color=&#8221;inherit&#8221; text_align=&#8221;text-center&#8221;]Contacta con nosotros para m\u00e1s informaci\u00f3n[\/elx_heading][vc_empty_space height=&#8221;25px&#8221;][elx_o2000_contact_us country=&#8221;Spain&#8221;][\/vc_column][\/vc_row]<\/p>\n","protected":false},"excerpt":{"rendered":"<p>[vc_row full_width=&#8221;electroluxpro-full-width-no-padding&#8221;][vc_column][elx_image_block background_image=&#8221;22954&#8243; minimum_height=&#8221;360px&#8221;][vc_empty_space][\/vc_column][\/vc_row][vc_row][vc_column][elx_heading font_container=&#8221;h1&#8243; text_color=&#8221;cat-create&#8221; text_align=&#8221;text-left&#8221;]Servicio de Reposici\u00f3n R\u00e1pida de Maquinaria[\/elx_heading][elx_heading text_color=&#8221;inherit&#8221; text_align=&#8221;text-left&#8221;]Nueva tarifa de reposici\u00f3n r\u00e1pida de maquinaria para tu cocina profesional[\/elx_heading][vc_empty_space height=&#8221;50px&#8221;][\/vc_column][\/vc_row][vc_row custom_color_row=&#8221;bg-download-blue&#8221;][vc_column][elx_heading text_color=&#8221;white&#8221;]DISPONIBILIDAD INMEDIATA[\/elx_heading][vc_empty_space height=&#8221;12px&#8221;][\/vc_column][\/vc_row][vc_row custom_color_row=&#8221;bg-row-light-blue&#8221; full_width=&#8221;electroluxpro-container-no-padding&#8221;][vc_column][elx_features_download title=&#8221;&#8221; tag_title=&#8221;h3&#8243; button_style=&#8221;secondary-bordered&#8221; title_discover=&#8221;Descubre&#8221; button_style_box=&#8221;default&#8221; bg_row=&#8221;bg-row-light-blue&#8221; values=&#8221;%5B%7B%22select_type%22%3A%22link%22%7D%5D&#8221; discover=&#8221;%5B%7B%22link_discover%22%3A%22url%3A%2523GamaProductos%7Ctitle%3AGama%2520Reposici%25C3%25B3n%2520R%25C3%25A1pida%22%7D%5D&#8221; features=&#8221;%5B%7B%22icon_electroluxpro%22%3A%22elx-icon%20icon-circle-time-hand-blue%22%2C%22title_icon%22%3A%22Productos%20espec%C3%ADficos%20siempre%20disponibles%22%7D%2C%7B%22icon_electroluxpro%22%3A%22elx-icon%20icon-fast-range%22%2C%22title_icon%22%3A%22Plazos%20de%20reposici%C3%B3n%20fiables%20y%20fijos%22%7D%5D&#8221;][\/elx_features_download][\/vc_column][\/vc_row][vc_row][vc_column][vc_empty_space height=&#8221;65px&#8221;][elx_image_block background_image=&#8221;22895&#8243; minimum_height=&#8221;300px&#8221;][vc_empty_space height=&#8221;55px&#8221;][vc_column_text] Electrolux Professional es uno de los principales proveedores mundiales de soluciones [&hellip;]<\/p>\n","protected":false},"author":368,"featured_media":0,"parent":4096,"menu_order":0,"comment_status":"closed","ping_status":"closed","template":"","meta":{"footnotes":""},"class_list":["post-22879","page","type-page","status-publish","hentry"],"acf":[],"yoast_head":"<!-- This site is optimized with the Yoast SEO plugin v23.4 - https:\/\/yoast.com\/wordpress\/plugins\/seo\/ -->\n<title>Reposici\u00f3n R\u00e1pida Maquinaria | Electrolux Professional<\/title>\n<meta name=\"description\" content=\"Servicio de reposici\u00f3n r\u00e1pida de maquinaria profesional. Minimiza el tiempo de inactividad de tu cocina y garantiza la continuidad operativa.\" \/>\n<meta name=\"robots\" content=\"index, follow, max-snippet:-1, max-image-preview:large, max-video-preview:-1\" \/>\n<link rel=\"canonical\" href=\"https:\/\/www.electroluxprofessional.com\/es\/equipamiento-cocinas-profesionales\/reposicion-rapida-maquinaria\/\" \/>\n<meta property=\"og:locale\" content=\"es_ES\" \/>\n<meta property=\"og:type\" content=\"article\" \/>\n<meta property=\"og:title\" content=\"Reposici\u00f3n R\u00e1pida Maquinaria | Electrolux Professional\" \/>\n<meta property=\"og:description\" content=\"Servicio de reposici\u00f3n r\u00e1pida de maquinaria profesional. Minimiza el tiempo de inactividad de tu cocina y garantiza la continuidad operativa.\" \/>\n<meta property=\"og:url\" content=\"https:\/\/www.electroluxprofessional.com\/es\/equipamiento-cocinas-profesionales\/reposicion-rapida-maquinaria\/\" \/>\n<meta property=\"og:site_name\" content=\"Electrolux Professional Espa\u00f1a\" \/>\n<meta property=\"article:modified_time\" content=\"2026-03-28T15:32:33+00:00\" \/>\n<meta name=\"twitter:card\" content=\"summary_large_image\" \/>\n<meta name=\"twitter:label1\" content=\"Tiempo de lectura\" \/>\n\t<meta name=\"twitter:data1\" content=\"4 minutos\" \/>\n<script type=\"application\/ld+json\" class=\"yoast-schema-graph\">{\"@context\":\"https:\/\/schema.org\",\"@graph\":[{\"@type\":\"WebPage\",\"@id\":\"https:\/\/www.electroluxprofessional.com\/es\/equipamiento-cocinas-profesionales\/reposicion-rapida-maquinaria\/\",\"url\":\"https:\/\/www.electroluxprofessional.com\/es\/equipamiento-cocinas-profesionales\/reposicion-rapida-maquinaria\/\",\"name\":\"Reposici\u00f3n R\u00e1pida Maquinaria | Electrolux Professional\",\"isPartOf\":{\"@id\":\"https:\/\/www.electroluxprofessional.com\/es\/#website\"},\"datePublished\":\"2025-06-13T12:32:15+00:00\",\"dateModified\":\"2026-03-28T15:32:33+00:00\",\"description\":\"Servicio de reposici\u00f3n r\u00e1pida de maquinaria profesional. Minimiza el tiempo de inactividad de tu cocina y garantiza la continuidad operativa.\",\"breadcrumb\":{\"@id\":\"https:\/\/www.electroluxprofessional.com\/es\/equipamiento-cocinas-profesionales\/reposicion-rapida-maquinaria\/#breadcrumb\"},\"inLanguage\":\"es\",\"potentialAction\":[{\"@type\":\"ReadAction\",\"target\":[\"https:\/\/www.electroluxprofessional.com\/es\/equipamiento-cocinas-profesionales\/reposicion-rapida-maquinaria\/\"]}]},{\"@type\":\"BreadcrumbList\",\"@id\":\"https:\/\/www.electroluxprofessional.com\/es\/equipamiento-cocinas-profesionales\/reposicion-rapida-maquinaria\/#breadcrumb\",\"itemListElement\":[{\"@type\":\"ListItem\",\"position\":1,\"name\":\"Home\",\"item\":\"https:\/\/www.electroluxprofessional.com\/es\/\"},{\"@type\":\"ListItem\",\"position\":2,\"name\":\"Equipamiento de Cocinas\",\"item\":\"https:\/\/www.electroluxprofessional.com\/es\/equipamiento-cocinas-profesionales\/\"},{\"@type\":\"ListItem\",\"position\":3,\"name\":\"Fast Range\"}]},{\"@type\":\"WebSite\",\"@id\":\"https:\/\/www.electroluxprofessional.com\/es\/#website\",\"url\":\"https:\/\/www.electroluxprofessional.com\/es\/\",\"name\":\"Electrolux Professional Espa\u00f1a\",\"description\":\"Equipamiento cocinas profesionales y lavander\u00edas comerciales. Excelencia en el suministro de soluciones profesionales.\",\"potentialAction\":[{\"@type\":\"SearchAction\",\"target\":{\"@type\":\"EntryPoint\",\"urlTemplate\":\"https:\/\/www.electroluxprofessional.com\/es\/?src={search_term_string}\"},\"query-input\":{\"@type\":\"PropertyValueSpecification\",\"valueRequired\":true,\"valueName\":\"search_term_string\"}}],\"inLanguage\":\"es\"}]}<\/script>\n<!-- \/ Yoast SEO plugin. -->","yoast_head_json":{"title":"Reposici\u00f3n R\u00e1pida Maquinaria | Electrolux Professional","description":"Servicio de reposici\u00f3n r\u00e1pida de maquinaria profesional. Minimiza el tiempo de inactividad de tu cocina y garantiza la continuidad operativa.","robots":{"index":"index","follow":"follow","max-snippet":"max-snippet:-1","max-image-preview":"max-image-preview:large","max-video-preview":"max-video-preview:-1"},"canonical":"https:\/\/www.electroluxprofessional.com\/es\/equipamiento-cocinas-profesionales\/reposicion-rapida-maquinaria\/","og_locale":"es_ES","og_type":"article","og_title":"Reposici\u00f3n R\u00e1pida Maquinaria | Electrolux Professional","og_description":"Servicio de reposici\u00f3n r\u00e1pida de maquinaria profesional. Minimiza el tiempo de inactividad de tu cocina y garantiza la continuidad operativa.","og_url":"https:\/\/www.electroluxprofessional.com\/es\/equipamiento-cocinas-profesionales\/reposicion-rapida-maquinaria\/","og_site_name":"Electrolux Professional Espa\u00f1a","article_modified_time":"2026-03-28T15:32:33+00:00","twitter_card":"summary_large_image","twitter_misc":{"Tiempo de lectura":"4 minutos"},"schema":{"@context":"https:\/\/schema.org","@graph":[{"@type":"WebPage","@id":"https:\/\/www.electroluxprofessional.com\/es\/equipamiento-cocinas-profesionales\/reposicion-rapida-maquinaria\/","url":"https:\/\/www.electroluxprofessional.com\/es\/equipamiento-cocinas-profesionales\/reposicion-rapida-maquinaria\/","name":"Reposici\u00f3n R\u00e1pida Maquinaria | Electrolux Professional","isPartOf":{"@id":"https:\/\/www.electroluxprofessional.com\/es\/#website"},"datePublished":"2025-06-13T12:32:15+00:00","dateModified":"2026-03-28T15:32:33+00:00","description":"Servicio de reposici\u00f3n r\u00e1pida de maquinaria profesional. Minimiza el tiempo de inactividad de tu cocina y garantiza la continuidad operativa.","breadcrumb":{"@id":"https:\/\/www.electroluxprofessional.com\/es\/equipamiento-cocinas-profesionales\/reposicion-rapida-maquinaria\/#breadcrumb"},"inLanguage":"es","potentialAction":[{"@type":"ReadAction","target":["https:\/\/www.electroluxprofessional.com\/es\/equipamiento-cocinas-profesionales\/reposicion-rapida-maquinaria\/"]}]},{"@type":"BreadcrumbList","@id":"https:\/\/www.electroluxprofessional.com\/es\/equipamiento-cocinas-profesionales\/reposicion-rapida-maquinaria\/#breadcrumb","itemListElement":[{"@type":"ListItem","position":1,"name":"Home","item":"https:\/\/www.electroluxprofessional.com\/es\/"},{"@type":"ListItem","position":2,"name":"Equipamiento de Cocinas","item":"https:\/\/www.electroluxprofessional.com\/es\/equipamiento-cocinas-profesionales\/"},{"@type":"ListItem","position":3,"name":"Fast Range"}]},{"@type":"WebSite","@id":"https:\/\/www.electroluxprofessional.com\/es\/#website","url":"https:\/\/www.electroluxprofessional.com\/es\/","name":"Electrolux Professional Espa\u00f1a","description":"Equipamiento cocinas profesionales y lavander\u00edas comerciales. Excelencia en el suministro de soluciones profesionales.","potentialAction":[{"@type":"SearchAction","target":{"@type":"EntryPoint","urlTemplate":"https:\/\/www.electroluxprofessional.com\/es\/?src={search_term_string}"},"query-input":{"@type":"PropertyValueSpecification","valueRequired":true,"valueName":"search_term_string"}}],"inLanguage":"es"}]}},"_links":{"self":[{"href":"https:\/\/www.electroluxprofessional.com\/es\/wp-json\/wp\/v2\/pages\/22879"}],"collection":[{"href":"https:\/\/www.electroluxprofessional.com\/es\/wp-json\/wp\/v2\/pages"}],"about":[{"href":"https:\/\/www.electroluxprofessional.com\/es\/wp-json\/wp\/v2\/types\/page"}],"author":[{"embeddable":true,"href":"https:\/\/www.electroluxprofessional.com\/es\/wp-json\/wp\/v2\/users\/368"}],"replies":[{"embeddable":true,"href":"https:\/\/www.electroluxprofessional.com\/es\/wp-json\/wp\/v2\/comments?post=22879"}],"version-history":[{"count":239,"href":"https:\/\/www.electroluxprofessional.com\/es\/wp-json\/wp\/v2\/pages\/22879\/revisions"}],"predecessor-version":[{"id":25988,"href":"https:\/\/www.electroluxprofessional.com\/es\/wp-json\/wp\/v2\/pages\/22879\/revisions\/25988"}],"up":[{"embeddable":true,"href":"https:\/\/www.electroluxprofessional.com\/es\/wp-json\/wp\/v2\/pages\/4096"}],"wp:attachment":[{"href":"https:\/\/www.electroluxprofessional.com\/es\/wp-json\/wp\/v2\/media?parent=22879"}],"curies":[{"name":"wp","href":"https:\/\/api.w.org\/{rel}","templated":true}]}}