{"id":22757,"date":"2025-05-30T13:01:11","date_gmt":"2025-05-30T13:01:11","guid":{"rendered":"https:\/\/www.electroluxprofessional.com\/es\/?page_id=22757"},"modified":"2026-03-31T09:16:02","modified_gmt":"2026-03-31T09:16:02","slug":"customer-care","status":"publish","type":"page","link":"https:\/\/www.electroluxprofessional.com\/es\/customer-care\/","title":{"rendered":"Essentia Customer Care"},"content":{"rendered":"<p>[vc_row full_width=&#8221;electroluxpro-full-width-no-padding&#8221;][vc_column][elx_image_block background_image=&#8221;22753&#8243; minimum_height=&#8221;400px&#8221;][\/vc_column][\/vc_row][vc_row][vc_column][elx_heading font_container=&#8221;h1&#8243; font_size=&#8221;h1&#8243; text_color=&#8221;inherit&#8221; text_align=&#8221;text-center&#8221;]Essentia,<br \/>\nel coraz\u00f3n de la atenci\u00f3n al cliente[\/elx_heading][vc_empty_space height=&#8221;22px&#8221;][\/vc_column][\/vc_row][vc_row][vc_column][vc_column_text]<\/p>\n<p style=\"text-align: center;\">Essentia eleva el servicio de <strong>Atenci\u00f3n al Cliente<\/strong> a un nuevo nivel, ofreciendo un servicio dedicado que se convierte en la ventaja competitiva m\u00e1s importante. Desde la instalaci\u00f3n hasta el final de la vida \u00fatil de cualquier equipo, tenemos preparados <strong>acuerdos de mantenimiento<\/strong> basados en nuestros amplios conocimientos, herencia y a\u00f1os de experiencia en el dise\u00f1o de equipamiento para cocinas, lavander\u00edas y bebidas.<\/p>\n<p>[\/vc_column_text][vc_empty_space][vc_single_image image=&#8221;6898&#8243; img_size=&#8221;150&#215;150&#8243; alignment=&#8221;center&#8221;][vc_empty_space][\/vc_column][\/vc_row][vc_row disable_element=&#8221;yes&#8221;][vc_column][vc_empty_space height=&#8221;50px&#8221;][elx_promo_video background_image=&#8221;6896&#8243; video_link=&#8221;https:\/\/www.youtube.com\/embed\/XVv24k2cXTU?si=5dz9b2EjEhos_BB5&#8243;][\/vc_column][\/vc_row][vc_row][vc_column][vc_empty_space height=&#8221;22px&#8221;][elx_heading font_size=&#8221;h1&#8243; text_color=&#8221;inherit&#8221; text_align=&#8221;text-center&#8221;]\u00a1Estamos a tu disposici\u00f3n![\/elx_heading][vc_empty_space height=&#8221;22px&#8221;][vc_column_text]<\/p>\n<p style=\"text-align: center;\">Ofrecemos piezas de recambios originales, accesorios de alta calidad y consumibles para garantizar que tu equipo se mantenga en las m\u00e1ximas condiciones.<\/p>\n<p>[\/vc_column_text][vc_empty_space height=&#8221;15px&#8221;][\/vc_column][\/vc_row][vc_row][vc_column width=&#8221;1\/3&#8243;][elx_heading font_container=&#8221;h3&#8243; font_size=&#8221;h5&#8243; text_color=&#8221;inherit&#8221; text_align=&#8221;text-center&#8221;]Accesorios[\/elx_heading][vc_single_image image=&#8221;22754&#8243; img_size=&#8221;400&#215;250&#8243; alignment=&#8221;center&#8221;][vc_empty_space height=&#8221;22px&#8221;][vc_column_text]<\/p>\n<p style=\"text-align: center;\">Puedes confiar en un env\u00edo r\u00e1pido de <strong>Accesorios originales<\/strong> rigurosamente <strong>testados por expertos de Electrolux Professional<\/strong> para <strong>garantizar la durabilidad y el rendimiento<\/strong> de tu equipo, junto con la <strong>seguridad de sus usuarios<\/strong>.<\/p>\n<p>[\/vc_column_text][vc_empty_space height=&#8221;22px&#8221;][elx_shop_now button_text=&#8221;COMPRAR AHORA&#8221; button_display_block=&#8221;display_block_on&#8221; button_alignment=&#8221;align_center&#8221; button_link=&#8221;url:https%3A%2F%2Fbuy.electroluxprofessional.com%2F&#8221;][vc_empty_space height=&#8221;35px&#8221;][\/vc_column][vc_column width=&#8221;1\/3&#8243;][elx_heading font_container=&#8221;h3&#8243; font_size=&#8221;h5&#8243; text_color=&#8221;inherit&#8221; text_align=&#8221;text-center&#8221;]Consumibles[\/elx_heading][vc_single_image image=&#8221;22755&#8243; img_size=&#8221;318&#215;225&#8243; alignment=&#8221;center&#8221;][vc_empty_space height=&#8221;22px&#8221;][vc_column_text]<\/p>\n<p style=\"text-align: center;\">Elige detergentes y consumibles certificados que han sido testados y <strong>aprobados por Electrolux Professional<\/strong>. Toma una decisi\u00f3n inteligente para <strong>optimizar el rendimiento<\/strong>, mejorar la eficiencia y <strong>lograr resultados excelentes<\/strong>.<\/p>\n<p>[\/vc_column_text][vc_empty_space height=&#8221;22px&#8221;][elx_shop_now button_text=&#8221;COMPRAR AHORA&#8221; button_display_block=&#8221;display_block_on&#8221; button_alignment=&#8221;align_center&#8221; button_link=&#8221;url:https%3A%2F%2Fbuy.electroluxprofessional.com%2F&#8221;][vc_empty_space height=&#8221;35px&#8221;][\/vc_column][vc_column width=&#8221;1\/3&#8243;][elx_heading font_container=&#8221;h3&#8243; font_size=&#8221;h5&#8243; text_color=&#8221;inherit&#8221; text_align=&#8221;text-center&#8221;]Recambios[\/elx_heading][vc_single_image image=&#8221;22756&#8243; img_size=&#8221;278&#215;225&#8243; alignment=&#8221;center&#8221;][vc_empty_space height=&#8221;22px&#8221;][vc_column_text]<\/p>\n<p style=\"text-align: center;\">\u00a155.000 recambios disponibles en stock! Disfruta de <strong>recambios originales garantizados durante al menos 10 a\u00f1os <\/strong>desde el final de la producci\u00f3n. Env\u00edo r\u00e1pido y fiable de <strong>recambios en todo el mundo en 24-48 horas<\/strong>.<\/p>\n<p>[\/vc_column_text][vc_empty_space height=&#8221;22px&#8221;][elx_shop_now button_text=&#8221;COMPRAR AHORA&#8221; button_display_block=&#8221;display_block_on&#8221; button_alignment=&#8221;align_center&#8221; button_link=&#8221;url:https%3A%2F%2Fbuy.electroluxprofessional.com%2F&#8221;][vc_empty_space height=&#8221;35px&#8221;][\/vc_column][\/vc_row][vc_row][vc_column][vc_empty_space height=&#8221;40px&#8221;][elx_heading font_size=&#8221;h1&#8243; text_color=&#8221;inherit&#8221; text_align=&#8221;text-center&#8221;]Eleva tus prestaciones con nuestros<br \/>\nacuerdos de servicio*<br \/>\n[\/elx_heading][vc_empty_space height=&#8221;12px&#8221;][vc_column_text]<\/p>\n<p style=\"text-align: center;\">Elige entre paquetes flexibles y a medida.<br \/>\nReduce el tiempo de inactividad de tu empresa, manteniendo el m\u00e1ximo rendimiento operativo.<br \/>\n(*) Sujeto a disponibilidad local<\/p>\n<p>[\/vc_column_text][vc_empty_space height=&#8221;12px&#8221;][\/vc_column][\/vc_row][vc_row][vc_column width=&#8221;1\/3&#8243;][vc_empty_space height=&#8221;28px&#8221; css=&#8221;.vc_custom_1731073396355{background-color: #9eb4b9 !important;}&#8221;][vc_empty_space height=&#8221;8px&#8221;][vc_column_text]<\/p>\n<h3>Rendimiento<\/h3>\n<h4>Eleva tus est\u00e1ndares<\/h4>\n<p style=\"font-size: 12px;\">Reduce los tiempos de inactividad imprevistos, mant\u00e9n las condiciones de garant\u00eda y un rendimiento operativo \u00f3ptimo.<\/p>\n<p>[\/vc_column_text][vc_empty_space height=&#8221;35px&#8221;][\/vc_column][vc_column width=&#8221;1\/3&#8243;][vc_empty_space height=&#8221;28px&#8221; css=&#8221;.vc_custom_1731073358914{background-color: #656664 !important;}&#8221;][vc_empty_space height=&#8221;8px&#8221;][vc_column_text]<\/p>\n<h3>Premium<\/h3>\n<h4>Mucho m\u00e1s para ti<\/h4>\n<p style=\"font-size: 12px;\">Ampl\u00eda la garant\u00eda en recambios o costes de mano de obra con intervenciones m\u00e1s r\u00e1pidas in situ\u00a0 y un descuento a\u00f1adido en Accesorios y Consumibles.<\/p>\n<p>[\/vc_column_text][vc_empty_space height=&#8221;35px&#8221;][\/vc_column][vc_column width=&#8221;1\/3&#8243;][vc_empty_space height=&#8221;28px&#8221; css=&#8221;.vc_custom_1731073402162{background-color: #bb8b46 !important;}&#8221;][vc_empty_space height=&#8221;8px&#8221;][vc_column_text]<\/p>\n<h3>Excelencia<\/h3>\n<h4>Tranquilidad asegurada<\/h4>\n<p style=\"font-size: 12px;\">Proporcionamos un programa de mantenimiento y servicio totalmente incluido a un precio fijo.<\/p>\n<p>[\/vc_column_text][vc_empty_space height=&#8221;35px&#8221;][\/vc_column][\/vc_row][vc_row][vc_column][vc_empty_space height=&#8221;12px&#8221;][elx_button button_text=&#8221;Descarga nuestro cat\u00e1logo de Acuerdos de Servicio&#8221; button_style=&#8221;secondary&#8221; button_display_block=&#8221;display_block_on&#8221; button_alignment=&#8221;align_center&#8221; button_alignment_mobile=&#8221;text-center-mobile&#8221; button_link=&#8221;url:http%3A%2F%2Fpride.int.electroluxprofessional.com%2FPrIDE%2FPrIDE_Attach_r%2FCLF%2FCLF_CLF-9JE00193_1_5_1_5_EPR_Essentia_Service%2520agreements_2020_ENG_LR.pdf|target:_blank&#8221;][vc_empty_space height=&#8221;50px&#8221;][\/vc_column][\/vc_row][vc_row custom_color_row=&#8221;bg-row-light-blue&#8221;][vc_column][vc_empty_space][elx_heading font_size=&#8221;h1&#8243; text_color=&#8221;inherit&#8221; text_align=&#8221;text-center&#8221;]Excelencia de Servicio \u00danica<br \/>\nSiempre cerca. Siempre a tu lado.<br \/>\n[\/elx_heading][vc_empty_space height=&#8221;22px&#8221;][\/vc_column][\/vc_row][vc_row custom_color_row=&#8221;bg-row-light-blue&#8221;][vc_column width=&#8221;1\/3&#8243;][vc_column_text]<strong>Equipo I+D: desde la perspectiva del cliente hasta la excelencia interna<\/strong><\/p>\n<p>Los equipos mundiales de I+D aprovechan las sinergias entre los sectores de dise\u00f1o internos para reducir los plazos de salida al mercado, mientras efect\u00faan investigaciones de mercado y buscan nuevas oportunidades.[\/vc_column_text][vc_empty_space height=&#8221;22px&#8221;][\/vc_column][vc_column width=&#8221;1\/3&#8243;][vc_column_text]<strong>La red de atenci\u00f3n al cliente m\u00e1s\u00a0<\/strong><strong>extensa de todo el mundo<\/strong><\/p>\n<p>Electrolux Professional ofrece la red de atenci\u00f3n al cliente m\u00e1s extensa del mundo, capaz de responder a tus necesidades con una amplia presencia local antes, durante y despu\u00e9s de la compra.[\/vc_column_text][vc_empty_space height=&#8221;22px&#8221;][\/vc_column][vc_column width=&#8221;1\/3&#8243;][vc_column_text]<strong>Certificaciones y Logros de Sostenibilidad<\/strong><\/p>\n<p>El Grupo Electrolux Professional es reconocido por sus logros en sostenibilidad, incluyendo una calificaci\u00f3n de plata de EcoVadis, una puntuaci\u00f3n B de CDP, una puntuaci\u00f3n baja de riesgo ESG de Sustainalytics y certificaciones ISO para sistemas de gesti\u00f3n medioambiental, energ\u00e9tica y de calidad.[\/vc_column_text][vc_empty_space height=&#8221;22px&#8221;][\/vc_column][\/vc_row][vc_row custom_color_row=&#8221;bg-row-light-blue&#8221;][vc_column][vc_empty_space height=&#8221;12px&#8221;][\/vc_column][\/vc_row][vc_row custom_color_row=&#8221;bg-row-light-blue&#8221;][vc_column width=&#8221;1\/4&#8243; offset=&#8221;vc_col-xs-6&#8243;][vc_column_text css=&#8221;.vc_custom_1748881767262{padding-top: 20px !important;padding-right: 20px !important;padding-bottom: 20px !important;padding-left: 20px !important;background-color: #ffffff !important;border-radius: 35px !important;}&#8221;]<\/p>\n<p style=\"text-align: center;\"><strong><span style=\"font-size: 30px;\">1.900<\/span><\/strong><br \/>\ncentros de servicio<br \/>\nautorizados<\/p>\n<p>[\/vc_column_text][vc_empty_space][\/vc_column][vc_column width=&#8221;1\/4&#8243; offset=&#8221;vc_col-xs-6&#8243;][vc_column_text css=&#8221;.vc_custom_1748881783114{padding-top: 20px !important;padding-right: 20px !important;padding-bottom: 20px !important;padding-left: 20px !important;background-color: #ffffff !important;border-radius: 35px !important;}&#8221;]<\/p>\n<p style=\"text-align: center;\"><strong><span style=\"font-size: 30px;\">7.000<\/span><\/strong><br \/>\nt\u00e9cnicos<br \/>\nespecializados<\/p>\n<p>[\/vc_column_text][vc_empty_space][\/vc_column][vc_column width=&#8221;1\/4&#8243; offset=&#8221;vc_col-xs-6&#8243;][vc_column_text css=&#8221;.vc_custom_1748881860846{padding-top: 20px !important;padding-right: 20px !important;padding-bottom: 20px !important;padding-left: 20px !important;background-color: #ffffff !important;border-radius: 35px !important;}&#8221;]<\/p>\n<p style=\"text-align: center;\"><strong><span style=\"font-size: 30px;\">55.000<\/span><\/strong><br \/>\nrecambios<br \/>\nen stock<\/p>\n<p>[\/vc_column_text][vc_empty_space][\/vc_column][vc_column width=&#8221;1\/4&#8243; offset=&#8221;vc_col-xs-6&#8243;][vc_column_text css=&#8221;.vc_custom_1748881889894{padding-top: 20px !important;padding-right: 20px !important;padding-bottom: 20px !important;padding-left: 20px !important;background-color: #ffffff !important;border-radius: 35px !important;}&#8221;]<\/p>\n<p style=\"text-align: center;\"><strong><span style=\"font-size: 30px;\">24-48 h<\/span><\/strong><br \/>\ndisponibilidad mundial<br \/>\nde recambios<\/p>\n<p>[\/vc_column_text][vc_empty_space][\/vc_column][\/vc_row][vc_row custom_color_row=&#8221;bg-row-light-blue&#8221;][vc_column][elx_button button_text=&#8221;Buscar partner de servicio&#8221; button_display_block=&#8221;display_block_on&#8221; button_alignment=&#8221;align_center&#8221; button_alignment_mobile=&#8221;text-center-mobile&#8221; button_link=&#8221;url:https%3A%2F%2Fwww.electroluxprofessional.com%2Fes%2Fpuntos-de-venta-y-servicio%2F|target:_blank&#8221;][vc_empty_space][\/vc_column][\/vc_row][vc_row][vc_column][vc_empty_space height=&#8221;40px&#8221;][elx_heading font_size=&#8221;h1&#8243; text_color=&#8221;inherit&#8221; text_align=&#8221;text-center&#8221;]Ponte en contacto con nuestra Atenci\u00f3n al Cliente<br \/>\n[\/elx_heading][vc_empty_space height=&#8221;22px&#8221;][elx_o2000_contact_us country=&#8221;Spain&#8221; r=&#8221;Me gustar\u00eda saber m\u00e1s sobre Essentia. Por favor, poneos en contacto conmigo.&#8221;][\/vc_column][\/vc_row]<\/p>\n","protected":false},"excerpt":{"rendered":"<p>[vc_row full_width=&#8221;electroluxpro-full-width-no-padding&#8221;][vc_column][elx_image_block background_image=&#8221;22753&#8243; minimum_height=&#8221;400px&#8221;][\/vc_column][\/vc_row][vc_row][vc_column][elx_heading font_container=&#8221;h1&#8243; font_size=&#8221;h1&#8243; text_color=&#8221;inherit&#8221; text_align=&#8221;text-center&#8221;]Essentia, el coraz\u00f3n de la atenci\u00f3n al cliente[\/elx_heading][vc_empty_space height=&#8221;22px&#8221;][\/vc_column][\/vc_row][vc_row][vc_column][vc_column_text] Essentia eleva el servicio de Atenci\u00f3n al Cliente a un nuevo nivel, ofreciendo un servicio dedicado que se convierte en la ventaja competitiva m\u00e1s importante. Desde la instalaci\u00f3n hasta el final de la vida \u00fatil de cualquier equipo, tenemos [&hellip;]<\/p>\n","protected":false},"author":368,"featured_media":22753,"parent":0,"menu_order":0,"comment_status":"closed","ping_status":"closed","template":"","meta":{"footnotes":""},"class_list":["post-22757","page","type-page","status-publish","has-post-thumbnail","hentry"],"acf":[],"yoast_head":"<!-- This site is optimized with the Yoast SEO plugin v23.4 - https:\/\/yoast.com\/wordpress\/plugins\/seo\/ -->\n<title>Essentia Customer Care | Electrolux Professional<\/title>\n<meta name=\"description\" content=\"Essentia ofrece soporte experto, recambios originales y mantenimiento fiable para maximizar el rendimiento y la eficiencia de tus equipos profesionales.\" \/>\n<meta name=\"robots\" content=\"index, follow, max-snippet:-1, max-image-preview:large, max-video-preview:-1\" \/>\n<link rel=\"canonical\" href=\"https:\/\/www.electroluxprofessional.com\/es\/customer-care\/\" \/>\n<meta property=\"og:locale\" content=\"es_ES\" \/>\n<meta property=\"og:type\" content=\"article\" \/>\n<meta property=\"og:title\" content=\"Essentia Customer Care | Electrolux Professional\" \/>\n<meta property=\"og:description\" content=\"Essentia ofrece soporte experto, recambios originales y mantenimiento fiable para maximizar el rendimiento y la eficiencia de tus equipos profesionales.\" \/>\n<meta property=\"og:url\" content=\"https:\/\/www.electroluxprofessional.com\/es\/customer-care\/\" \/>\n<meta property=\"og:site_name\" content=\"Electrolux Professional Espa\u00f1a\" \/>\n<meta property=\"article:modified_time\" content=\"2026-03-31T09:16:02+00:00\" \/>\n<meta property=\"og:image\" content=\"https:\/\/www.electroluxprofessional.com\/es\/wp-content\/uploads\/2025\/05\/Featured-Banner-H-banner-equipment-maintainance.webp\" \/>\n\t<meta property=\"og:image:width\" content=\"2000\" \/>\n\t<meta property=\"og:image:height\" content=\"350\" \/>\n\t<meta property=\"og:image:type\" content=\"image\/webp\" \/>\n<meta name=\"twitter:card\" content=\"summary_large_image\" \/>\n<meta name=\"twitter:label1\" content=\"Tiempo de lectura\" \/>\n\t<meta name=\"twitter:data1\" content=\"5 minutos\" \/>\n<script type=\"application\/ld+json\" class=\"yoast-schema-graph\">{\"@context\":\"https:\/\/schema.org\",\"@graph\":[{\"@type\":\"WebPage\",\"@id\":\"https:\/\/www.electroluxprofessional.com\/es\/customer-care\/\",\"url\":\"https:\/\/www.electroluxprofessional.com\/es\/customer-care\/\",\"name\":\"Essentia Customer Care | Electrolux Professional\",\"isPartOf\":{\"@id\":\"https:\/\/www.electroluxprofessional.com\/es\/#website\"},\"primaryImageOfPage\":{\"@id\":\"https:\/\/www.electroluxprofessional.com\/es\/customer-care\/#primaryimage\"},\"image\":{\"@id\":\"https:\/\/www.electroluxprofessional.com\/es\/customer-care\/#primaryimage\"},\"thumbnailUrl\":\"https:\/\/www.electroluxprofessional.com\/es\/wp-content\/uploads\/2025\/05\/Featured-Banner-H-banner-equipment-maintainance.webp\",\"datePublished\":\"2025-05-30T13:01:11+00:00\",\"dateModified\":\"2026-03-31T09:16:02+00:00\",\"description\":\"Essentia ofrece soporte experto, recambios originales y mantenimiento fiable para maximizar el rendimiento y la eficiencia de tus equipos profesionales.\",\"breadcrumb\":{\"@id\":\"https:\/\/www.electroluxprofessional.com\/es\/customer-care\/#breadcrumb\"},\"inLanguage\":\"es\",\"potentialAction\":[{\"@type\":\"ReadAction\",\"target\":[\"https:\/\/www.electroluxprofessional.com\/es\/customer-care\/\"]}]},{\"@type\":\"ImageObject\",\"inLanguage\":\"es\",\"@id\":\"https:\/\/www.electroluxprofessional.com\/es\/customer-care\/#primaryimage\",\"url\":\"https:\/\/www.electroluxprofessional.com\/es\/wp-content\/uploads\/2025\/05\/Featured-Banner-H-banner-equipment-maintainance.webp\",\"contentUrl\":\"https:\/\/www.electroluxprofessional.com\/es\/wp-content\/uploads\/2025\/05\/Featured-Banner-H-banner-equipment-maintainance.webp\",\"width\":2000,\"height\":350},{\"@type\":\"BreadcrumbList\",\"@id\":\"https:\/\/www.electroluxprofessional.com\/es\/customer-care\/#breadcrumb\",\"itemListElement\":[{\"@type\":\"ListItem\",\"position\":1,\"name\":\"Home\",\"item\":\"https:\/\/www.electroluxprofessional.com\/es\/\"},{\"@type\":\"ListItem\",\"position\":2,\"name\":\"Essentia Customer Care\"}]},{\"@type\":\"WebSite\",\"@id\":\"https:\/\/www.electroluxprofessional.com\/es\/#website\",\"url\":\"https:\/\/www.electroluxprofessional.com\/es\/\",\"name\":\"Electrolux Professional Espa\u00f1a\",\"description\":\"Equipamiento cocinas profesionales y lavander\u00edas comerciales. Excelencia en el suministro de soluciones profesionales.\",\"potentialAction\":[{\"@type\":\"SearchAction\",\"target\":{\"@type\":\"EntryPoint\",\"urlTemplate\":\"https:\/\/www.electroluxprofessional.com\/es\/?src={search_term_string}\"},\"query-input\":{\"@type\":\"PropertyValueSpecification\",\"valueRequired\":true,\"valueName\":\"search_term_string\"}}],\"inLanguage\":\"es\"}]}<\/script>\n<!-- \/ Yoast SEO plugin. -->","yoast_head_json":{"title":"Essentia Customer Care | Electrolux Professional","description":"Essentia ofrece soporte experto, recambios originales y mantenimiento fiable para maximizar el rendimiento y la eficiencia de tus equipos profesionales.","robots":{"index":"index","follow":"follow","max-snippet":"max-snippet:-1","max-image-preview":"max-image-preview:large","max-video-preview":"max-video-preview:-1"},"canonical":"https:\/\/www.electroluxprofessional.com\/es\/customer-care\/","og_locale":"es_ES","og_type":"article","og_title":"Essentia Customer Care | Electrolux Professional","og_description":"Essentia ofrece soporte experto, recambios originales y mantenimiento fiable para maximizar el rendimiento y la eficiencia de tus equipos profesionales.","og_url":"https:\/\/www.electroluxprofessional.com\/es\/customer-care\/","og_site_name":"Electrolux Professional Espa\u00f1a","article_modified_time":"2026-03-31T09:16:02+00:00","og_image":[{"width":2000,"height":350,"url":"https:\/\/www.electroluxprofessional.com\/es\/wp-content\/uploads\/2025\/05\/Featured-Banner-H-banner-equipment-maintainance.webp","type":"image\/webp"}],"twitter_card":"summary_large_image","twitter_misc":{"Tiempo de lectura":"5 minutos"},"schema":{"@context":"https:\/\/schema.org","@graph":[{"@type":"WebPage","@id":"https:\/\/www.electroluxprofessional.com\/es\/customer-care\/","url":"https:\/\/www.electroluxprofessional.com\/es\/customer-care\/","name":"Essentia Customer Care | Electrolux Professional","isPartOf":{"@id":"https:\/\/www.electroluxprofessional.com\/es\/#website"},"primaryImageOfPage":{"@id":"https:\/\/www.electroluxprofessional.com\/es\/customer-care\/#primaryimage"},"image":{"@id":"https:\/\/www.electroluxprofessional.com\/es\/customer-care\/#primaryimage"},"thumbnailUrl":"https:\/\/www.electroluxprofessional.com\/es\/wp-content\/uploads\/2025\/05\/Featured-Banner-H-banner-equipment-maintainance.webp","datePublished":"2025-05-30T13:01:11+00:00","dateModified":"2026-03-31T09:16:02+00:00","description":"Essentia ofrece soporte experto, recambios originales y mantenimiento fiable para maximizar el rendimiento y la eficiencia de tus equipos profesionales.","breadcrumb":{"@id":"https:\/\/www.electroluxprofessional.com\/es\/customer-care\/#breadcrumb"},"inLanguage":"es","potentialAction":[{"@type":"ReadAction","target":["https:\/\/www.electroluxprofessional.com\/es\/customer-care\/"]}]},{"@type":"ImageObject","inLanguage":"es","@id":"https:\/\/www.electroluxprofessional.com\/es\/customer-care\/#primaryimage","url":"https:\/\/www.electroluxprofessional.com\/es\/wp-content\/uploads\/2025\/05\/Featured-Banner-H-banner-equipment-maintainance.webp","contentUrl":"https:\/\/www.electroluxprofessional.com\/es\/wp-content\/uploads\/2025\/05\/Featured-Banner-H-banner-equipment-maintainance.webp","width":2000,"height":350},{"@type":"BreadcrumbList","@id":"https:\/\/www.electroluxprofessional.com\/es\/customer-care\/#breadcrumb","itemListElement":[{"@type":"ListItem","position":1,"name":"Home","item":"https:\/\/www.electroluxprofessional.com\/es\/"},{"@type":"ListItem","position":2,"name":"Essentia Customer Care"}]},{"@type":"WebSite","@id":"https:\/\/www.electroluxprofessional.com\/es\/#website","url":"https:\/\/www.electroluxprofessional.com\/es\/","name":"Electrolux Professional Espa\u00f1a","description":"Equipamiento cocinas profesionales y lavander\u00edas comerciales. Excelencia en el suministro de soluciones profesionales.","potentialAction":[{"@type":"SearchAction","target":{"@type":"EntryPoint","urlTemplate":"https:\/\/www.electroluxprofessional.com\/es\/?src={search_term_string}"},"query-input":{"@type":"PropertyValueSpecification","valueRequired":true,"valueName":"search_term_string"}}],"inLanguage":"es"}]}},"_links":{"self":[{"href":"https:\/\/www.electroluxprofessional.com\/es\/wp-json\/wp\/v2\/pages\/22757"}],"collection":[{"href":"https:\/\/www.electroluxprofessional.com\/es\/wp-json\/wp\/v2\/pages"}],"about":[{"href":"https:\/\/www.electroluxprofessional.com\/es\/wp-json\/wp\/v2\/types\/page"}],"author":[{"embeddable":true,"href":"https:\/\/www.electroluxprofessional.com\/es\/wp-json\/wp\/v2\/users\/368"}],"replies":[{"embeddable":true,"href":"https:\/\/www.electroluxprofessional.com\/es\/wp-json\/wp\/v2\/comments?post=22757"}],"version-history":[{"count":14,"href":"https:\/\/www.electroluxprofessional.com\/es\/wp-json\/wp\/v2\/pages\/22757\/revisions"}],"predecessor-version":[{"id":26087,"href":"https:\/\/www.electroluxprofessional.com\/es\/wp-json\/wp\/v2\/pages\/22757\/revisions\/26087"}],"wp:featuredmedia":[{"embeddable":true,"href":"https:\/\/www.electroluxprofessional.com\/es\/wp-json\/wp\/v2\/media\/22753"}],"wp:attachment":[{"href":"https:\/\/www.electroluxprofessional.com\/es\/wp-json\/wp\/v2\/media?parent=22757"}],"curies":[{"name":"wp","href":"https:\/\/api.w.org\/{rel}","templated":true}]}}