{"id":22321,"date":"2025-04-11T08:41:26","date_gmt":"2025-04-11T08:41:26","guid":{"rendered":"https:\/\/www.electroluxprofessional.com\/es\/?page_id=22321"},"modified":"2026-03-29T16:46:50","modified_gmt":"2026-03-29T16:46:50","slug":"calculadora-secadora-electrica-vs-bomba-calor","status":"publish","type":"page","link":"https:\/\/www.electroluxprofessional.com\/es\/calculadora-secadora-electrica-vs-bomba-calor\/","title":{"rendered":"Calculadora Secadora El\u00e9ctrica vs Bomba de Calor"},"content":{"rendered":"<p>[vc_row full_width=&#8221;electroluxpro-full-width-no-padding&#8221;][vc_column][elx_image align=&#8221;text-center&#8221; image_media_library=&#8221;22318&#8243; image_media_library_mobile=&#8221;22319&#8243;][\/vc_column][\/vc_row][vc_row][vc_column][elx_heading font_container=&#8221;h1&#8243; text_color=&#8221;inherit&#8221; text_align=&#8221;text-center&#8221;]Aumenta tu productividad ahorrando[\/elx_heading][vc_column_text]<\/p>\n<p style=\"text-align: center;\">Los precios de la energ\u00eda han ido subiendo de forma considerable, las secadoras con bomba de calor de la L\u00ednea 6000 proporcionan un elevado n\u00famero de ciclos con un ahorro sustancial de energ\u00eda.<\/p>\n<p>[\/vc_column_text][vc_empty_space][vc_column_text]<\/p>\n<h3 style=\"text-align: center;\">Descubre tu ahorro con las Secadoras con Bomba de Calor de la L\u00ednea 6000<\/h3>\n<p>[\/vc_column_text][vc_empty_space][elx_o2000_electric_vs_hp_dryer_calculator language=&#8221;es&#8221; country=&#8221;Spain&#8221;][vc_empty_space][\/vc_column][\/vc_row][vc_row full_width=&#8221;electroluxpro-container-no-padding&#8221; disable_element=&#8221;yes&#8221;][vc_column][vc_column_text]<\/p>\n<h3 style=\"text-align: center;\">Contact us now to discover how you can start saving money right away!<\/h3>\n<p>[\/vc_column_text][vc_empty_space][elx_o2000_contact_us flag_hide_request_type=&#8221;true&#8221; b=&#8221;laundry&#8221;][vc_empty_space][\/vc_column][\/vc_row]<\/p>\n","protected":false},"excerpt":{"rendered":"<p>[vc_row full_width=&#8221;electroluxpro-full-width-no-padding&#8221;][vc_column][elx_image align=&#8221;text-center&#8221; image_media_library=&#8221;22318&#8243; image_media_library_mobile=&#8221;22319&#8243;][\/vc_column][\/vc_row][vc_row][vc_column][elx_heading font_container=&#8221;h1&#8243; text_color=&#8221;inherit&#8221; text_align=&#8221;text-center&#8221;]Aumenta tu productividad ahorrando[\/elx_heading][vc_column_text] Los precios de la energ\u00eda han ido subiendo de forma considerable, las secadoras con bomba de calor de la L\u00ednea 6000 proporcionan un elevado n\u00famero de ciclos con un ahorro sustancial de energ\u00eda. [\/vc_column_text][vc_empty_space][vc_column_text] Descubre tu ahorro con las Secadoras con Bomba de Calor [&hellip;]<\/p>\n","protected":false},"author":368,"featured_media":0,"parent":0,"menu_order":0,"comment_status":"closed","ping_status":"closed","template":"","meta":{"footnotes":""},"class_list":["post-22321","page","type-page","status-publish","hentry"],"acf":[],"yoast_head":"<!-- This site is optimized with the Yoast SEO plugin v23.4 - https:\/\/yoast.com\/wordpress\/plugins\/seo\/ -->\n<title>Calculadora secadora: el\u00e9ctrica vs bomba de calor | Electrolux Professional<\/title>\n<meta name=\"description\" content=\"Utiliza nuestra calculadora para comparar el coste total del ciclo de vida de una secadora el\u00e9ctrica est\u00e1ndar frente a una secadora con bomba de calor. Descubre el ahorro potencial real para tu negocio.\" \/>\n<meta name=\"robots\" content=\"index, follow, max-snippet:-1, max-image-preview:large, max-video-preview:-1\" \/>\n<link rel=\"canonical\" href=\"https:\/\/www.electroluxprofessional.com\/es\/calculadora-secadora-electrica-vs-bomba-calor\/\" \/>\n<meta property=\"og:locale\" content=\"es_ES\" \/>\n<meta property=\"og:type\" content=\"article\" \/>\n<meta property=\"og:title\" content=\"Calculadora secadora: el\u00e9ctrica vs bomba de calor | Electrolux Professional\" \/>\n<meta property=\"og:description\" content=\"Utiliza nuestra calculadora para comparar el coste total del ciclo de vida de una secadora el\u00e9ctrica est\u00e1ndar frente a una secadora con bomba de calor. Descubre el ahorro potencial real para tu negocio.\" \/>\n<meta property=\"og:url\" content=\"https:\/\/www.electroluxprofessional.com\/es\/calculadora-secadora-electrica-vs-bomba-calor\/\" \/>\n<meta property=\"og:site_name\" content=\"Electrolux Professional Espa\u00f1a\" \/>\n<meta property=\"article:modified_time\" content=\"2026-03-29T16:46:50+00:00\" \/>\n<meta name=\"twitter:card\" content=\"summary_large_image\" \/>\n<meta name=\"twitter:label1\" content=\"Tiempo de lectura\" \/>\n\t<meta name=\"twitter:data1\" content=\"1 minuto\" \/>\n<script type=\"application\/ld+json\" class=\"yoast-schema-graph\">{\"@context\":\"https:\/\/schema.org\",\"@graph\":[{\"@type\":\"WebPage\",\"@id\":\"https:\/\/www.electroluxprofessional.com\/es\/calculadora-secadora-electrica-vs-bomba-calor\/\",\"url\":\"https:\/\/www.electroluxprofessional.com\/es\/calculadora-secadora-electrica-vs-bomba-calor\/\",\"name\":\"Calculadora secadora: el\u00e9ctrica vs bomba de calor | Electrolux Professional\",\"isPartOf\":{\"@id\":\"https:\/\/www.electroluxprofessional.com\/es\/#website\"},\"datePublished\":\"2025-04-11T08:41:26+00:00\",\"dateModified\":\"2026-03-29T16:46:50+00:00\",\"description\":\"Utiliza nuestra calculadora para comparar el coste total del ciclo de vida de una secadora el\u00e9ctrica est\u00e1ndar frente a una secadora con bomba de calor. Descubre el ahorro potencial real para tu negocio.\",\"breadcrumb\":{\"@id\":\"https:\/\/www.electroluxprofessional.com\/es\/calculadora-secadora-electrica-vs-bomba-calor\/#breadcrumb\"},\"inLanguage\":\"es\",\"potentialAction\":[{\"@type\":\"ReadAction\",\"target\":[\"https:\/\/www.electroluxprofessional.com\/es\/calculadora-secadora-electrica-vs-bomba-calor\/\"]}]},{\"@type\":\"BreadcrumbList\",\"@id\":\"https:\/\/www.electroluxprofessional.com\/es\/calculadora-secadora-electrica-vs-bomba-calor\/#breadcrumb\",\"itemListElement\":[{\"@type\":\"ListItem\",\"position\":1,\"name\":\"Home\",\"item\":\"https:\/\/www.electroluxprofessional.com\/es\/\"},{\"@type\":\"ListItem\",\"position\":2,\"name\":\"Calculadora Secadora El\u00e9ctrica vs Bomba de Calor\"}]},{\"@type\":\"WebSite\",\"@id\":\"https:\/\/www.electroluxprofessional.com\/es\/#website\",\"url\":\"https:\/\/www.electroluxprofessional.com\/es\/\",\"name\":\"Electrolux Professional Espa\u00f1a\",\"description\":\"Equipamiento cocinas profesionales y lavander\u00edas comerciales. Excelencia en el suministro de soluciones profesionales.\",\"potentialAction\":[{\"@type\":\"SearchAction\",\"target\":{\"@type\":\"EntryPoint\",\"urlTemplate\":\"https:\/\/www.electroluxprofessional.com\/es\/?src={search_term_string}\"},\"query-input\":{\"@type\":\"PropertyValueSpecification\",\"valueRequired\":true,\"valueName\":\"search_term_string\"}}],\"inLanguage\":\"es\"}]}<\/script>\n<!-- \/ Yoast SEO plugin. -->","yoast_head_json":{"title":"Calculadora secadora: el\u00e9ctrica vs bomba de calor | Electrolux Professional","description":"Utiliza nuestra calculadora para comparar el coste total del ciclo de vida de una secadora el\u00e9ctrica est\u00e1ndar frente a una secadora con bomba de calor. Descubre el ahorro potencial real para tu negocio.","robots":{"index":"index","follow":"follow","max-snippet":"max-snippet:-1","max-image-preview":"max-image-preview:large","max-video-preview":"max-video-preview:-1"},"canonical":"https:\/\/www.electroluxprofessional.com\/es\/calculadora-secadora-electrica-vs-bomba-calor\/","og_locale":"es_ES","og_type":"article","og_title":"Calculadora secadora: el\u00e9ctrica vs bomba de calor | Electrolux Professional","og_description":"Utiliza nuestra calculadora para comparar el coste total del ciclo de vida de una secadora el\u00e9ctrica est\u00e1ndar frente a una secadora con bomba de calor. Descubre el ahorro potencial real para tu negocio.","og_url":"https:\/\/www.electroluxprofessional.com\/es\/calculadora-secadora-electrica-vs-bomba-calor\/","og_site_name":"Electrolux Professional Espa\u00f1a","article_modified_time":"2026-03-29T16:46:50+00:00","twitter_card":"summary_large_image","twitter_misc":{"Tiempo de lectura":"1 minuto"},"schema":{"@context":"https:\/\/schema.org","@graph":[{"@type":"WebPage","@id":"https:\/\/www.electroluxprofessional.com\/es\/calculadora-secadora-electrica-vs-bomba-calor\/","url":"https:\/\/www.electroluxprofessional.com\/es\/calculadora-secadora-electrica-vs-bomba-calor\/","name":"Calculadora secadora: el\u00e9ctrica vs bomba de calor | Electrolux Professional","isPartOf":{"@id":"https:\/\/www.electroluxprofessional.com\/es\/#website"},"datePublished":"2025-04-11T08:41:26+00:00","dateModified":"2026-03-29T16:46:50+00:00","description":"Utiliza nuestra calculadora para comparar el coste total del ciclo de vida de una secadora el\u00e9ctrica est\u00e1ndar frente a una secadora con bomba de calor. Descubre el ahorro potencial real para tu negocio.","breadcrumb":{"@id":"https:\/\/www.electroluxprofessional.com\/es\/calculadora-secadora-electrica-vs-bomba-calor\/#breadcrumb"},"inLanguage":"es","potentialAction":[{"@type":"ReadAction","target":["https:\/\/www.electroluxprofessional.com\/es\/calculadora-secadora-electrica-vs-bomba-calor\/"]}]},{"@type":"BreadcrumbList","@id":"https:\/\/www.electroluxprofessional.com\/es\/calculadora-secadora-electrica-vs-bomba-calor\/#breadcrumb","itemListElement":[{"@type":"ListItem","position":1,"name":"Home","item":"https:\/\/www.electroluxprofessional.com\/es\/"},{"@type":"ListItem","position":2,"name":"Calculadora Secadora El\u00e9ctrica vs Bomba de Calor"}]},{"@type":"WebSite","@id":"https:\/\/www.electroluxprofessional.com\/es\/#website","url":"https:\/\/www.electroluxprofessional.com\/es\/","name":"Electrolux Professional Espa\u00f1a","description":"Equipamiento cocinas profesionales y lavander\u00edas comerciales. Excelencia en el suministro de soluciones profesionales.","potentialAction":[{"@type":"SearchAction","target":{"@type":"EntryPoint","urlTemplate":"https:\/\/www.electroluxprofessional.com\/es\/?src={search_term_string}"},"query-input":{"@type":"PropertyValueSpecification","valueRequired":true,"valueName":"search_term_string"}}],"inLanguage":"es"}]}},"_links":{"self":[{"href":"https:\/\/www.electroluxprofessional.com\/es\/wp-json\/wp\/v2\/pages\/22321"}],"collection":[{"href":"https:\/\/www.electroluxprofessional.com\/es\/wp-json\/wp\/v2\/pages"}],"about":[{"href":"https:\/\/www.electroluxprofessional.com\/es\/wp-json\/wp\/v2\/types\/page"}],"author":[{"embeddable":true,"href":"https:\/\/www.electroluxprofessional.com\/es\/wp-json\/wp\/v2\/users\/368"}],"replies":[{"embeddable":true,"href":"https:\/\/www.electroluxprofessional.com\/es\/wp-json\/wp\/v2\/comments?post=22321"}],"version-history":[{"count":3,"href":"https:\/\/www.electroluxprofessional.com\/es\/wp-json\/wp\/v2\/pages\/22321\/revisions"}],"predecessor-version":[{"id":26049,"href":"https:\/\/www.electroluxprofessional.com\/es\/wp-json\/wp\/v2\/pages\/22321\/revisions\/26049"}],"wp:attachment":[{"href":"https:\/\/www.electroluxprofessional.com\/es\/wp-json\/wp\/v2\/media?parent=22321"}],"curies":[{"name":"wp","href":"https:\/\/api.w.org\/{rel}","templated":true}]}}