{"id":22027,"date":"2025-03-14T14:21:00","date_gmt":"2025-03-14T14:21:00","guid":{"rendered":"https:\/\/www.electroluxprofessional.com\/es\/?page_id=22027"},"modified":"2026-03-29T16:50:25","modified_gmt":"2026-03-29T16:50:25","slug":"coccion-modular-2","status":"publish","type":"page","link":"https:\/\/www.electroluxprofessional.com\/es\/coccion-modular-2\/","title":{"rendered":"Accesorios y consumibles &#8211; Cocci\u00f3n modular"},"content":{"rendered":"<p>[vc_row full_width=&#8221;electroluxpro-full-width-no-padding&#8221;][vc_column css=&#8221;.vc_custom_1618358802266{margin-top: -40px !important;border-top-width: -40px !important;padding-top: -40px !important;}&#8221;][elx_full_banner title=&#8221;Accesorios y Consumibles para Cocci\u00f3n Modular&#8221; set_as_h1=&#8221;true&#8221; background_image_media_library=&#8221;15564&#8243; background_image_media_library_mobile=&#8221;15565&#8243; link=&#8221;url:%23contact|title:Descubre%20m%C3%A1s&#8221;][vc_row_inner full_width=&#8221;electroluxpro-full-width&#8221; gap=&#8221;15&#8243;][vc_column_inner width=&#8221;1\/4&#8243;][elx_download_block text=&#8221;Cat\u00e1logo de Accesorios de protecci\u00f3n, higienizaci\u00f3n y limpieza&#8221; document_type=&#8221;cat&#8221; file_picker=&#8221;21557&#8243; background_color=&#8221;electrolux-blue&#8221; background_hover_color=&#8221;lighter-hover&#8221;][\/vc_column_inner][vc_column_inner width=&#8221;1\/4&#8243;][elx_download_block text=&#8221;Cat\u00e1logo de Recambios Originales, Accesorios y Consumibles&#8221; document_type=&#8221;cat&#8221; file_picker=&#8221;21555&#8243; background_color=&#8221;electrolux-blue&#8221; background_hover_color=&#8221;lighter-hover&#8221;][\/vc_column_inner][vc_column_inner width=&#8221;1\/4&#8243;][elx_download_block text=&#8221;Cat\u00e1logo de kits de recambios&#8221; document_type=&#8221;cat&#8221; file_picker=&#8221;21556&#8243; background_color=&#8221;electrolux-blue&#8221; background_hover_color=&#8221;lighter-hover&#8221;][\/vc_column_inner][vc_column_inner width=&#8221;1\/4&#8243;][elx_download_block text=&#8221;Gu\u00eda de selecci\u00f3n de detergentes para la limpieza profesional&#8221; file_picker=&#8221;21561&#8243; background_color=&#8221;electrolux-blue&#8221;][\/vc_column_inner][\/vc_row_inner][\/vc_column][\/vc_row][vc_row][vc_column][vc_column_text][\/vc_column_text][\/vc_column][\/vc_row][vc_row][vc_column][elx_menu][vc_empty_space][vc_column_text]Cestos para cocer pasta, parrillas, desengrasantes profesionales y mucho m\u00e1s. Accesorios y consumibles originales para tu gama de cocci\u00f3n modular.[\/vc_column_text][\/vc_column][\/vc_row][vc_row][vc_column width=&#8221;1\/3&#8243;][vc_single_image image=&#8221;15559&#8243; img_size=&#8221;full&#8221; alignment=&#8221;center&#8221; css_animation=&#8221;none&#8221;][vc_empty_space height=&#8221;10px&#8221;][elx_heading font_size=&#8221;h5&#8243; text_color=&#8221;inherit&#8221;]Cestos cocedores de pasta[\/elx_heading][vc_column_text]Fabricados totalmente en AISI 304 para garantizar la m\u00e1xima higiene, nuestros cestos est\u00e1n dise\u00f1ados con la m\u00e1xima ergonom\u00eda.[\/vc_column_text][vc_empty_space height=&#8221;58px&#8221;][elx_shop_now button_text=&#8221;COMPRAR AHORA&#8221; button_display_block=&#8221;display_block_on&#8221; button_alignment=&#8221;align_center&#8221; button_link=&#8221;url:https%3A%2F%2Fbuy.electroluxprofessional.com%2Fparts%3Fq%3Dpasta%2520cooker%2520basket&#8221;][vc_empty_space height=&#8221;58px&#8221;][\/vc_column][vc_column width=&#8221;1\/3&#8243;][vc_single_image image=&#8221;15560&#8243; img_size=&#8221;full&#8221; css_animation=&#8221;none&#8221;][vc_empty_space height=&#8221;10px&#8221;][elx_heading font_size=&#8221;h5&#8243; text_color=&#8221;inherit&#8221;]Desengrasante profesional[\/elx_heading][vc_column_text]Nuestro desengrasante profesional es la soluci\u00f3n de limpieza perfecta para superficies de cocci\u00f3n a altas temperaturas. Recomendado para planchas fry top, sartenes y cocinas multiuso.[\/vc_column_text][vc_empty_space height=&#8221;20px&#8221;][elx_shop_now button_text=&#8221;COMPRAR AHORA&#8221; button_display_block=&#8221;display_block_on&#8221; button_alignment=&#8221;align_center&#8221; button_link=&#8221;url:https%3A%2F%2Fbuy.electroluxprofessional.com%2Felectrolux-professional%2Felx0s1841|||&#8221;][vc_empty_space height=&#8221;58px&#8221;][\/vc_column][vc_column width=&#8221;1\/3&#8243;][vc_single_image image=&#8221;15561&#8243; img_size=&#8221;large&#8221;][vc_empty_space height=&#8221;10px&#8221;][elx_heading font_size=&#8221;h5&#8243; text_color=&#8221;inherit&#8221;]Probador de aceite de cocina[\/elx_heading][vc_column_text]Evita el empleo de aceite usado en la preparaci\u00f3n de comidas con el sistema electr\u00f3nico de control de aceite, que garantiza operaciones sostenibles, ahorro de gastos y prevenci\u00f3n de riesgos sanitarios.[\/vc_column_text][vc_empty_space height=&#8221;58px&#8221;][\/vc_column][\/vc_row][vc_row][vc_column width=&#8221;1\/3&#8243;][vc_empty_space height=&#8221;58px&#8221;][vc_single_image image=&#8221;22024&#8243; img_size=&#8221;full&#8221; alignment=&#8221;center&#8221; css_animation=&#8221;none&#8221;][vc_empty_space height=&#8221;20px&#8221;][elx_heading font_size=&#8221;h5&#8243; text_color=&#8221;inherit&#8221;]Filtros de papel para sistema de filtrado de freidora de 23 L[\/elx_heading][vc_column_text]Kit para el sistema de filtrado avanzado de las freidoras de 23 litros, que permite eliminar los residuos m\u00e1s peque\u00f1os de los alimentos y prolongar la duraci\u00f3n del aceite.[\/vc_column_text][vc_empty_space height=&#8221;58px&#8221;][\/vc_column][vc_column width=&#8221;1\/3&#8243;][vc_empty_space height=&#8221;50px&#8221;][vc_single_image image=&#8221;22025&#8243; img_size=&#8221;medium&#8221; css_animation=&#8221;none&#8221;][vc_empty_space height=&#8221;50px&#8221;][elx_heading font_size=&#8221;h5&#8243; text_color=&#8221;inherit&#8221;]Cestos para freidoras [\/elx_heading][vc_column_text]Fabricados totalmente en AISI 304 para garantizar la m\u00e1xima higiene, nuestros cestos est\u00e1n dise\u00f1ados con la m\u00e1xima ergonom\u00eda.[\/vc_column_text][vc_empty_space height=&#8221;20px&#8221;][\/vc_column][vc_column width=&#8221;1\/3&#8243;][vc_empty_space height=&#8221;100px&#8221;][vc_single_image image=&#8221;22026&#8243; img_size=&#8221;large&#8221;][vc_empty_space height=&#8221;95px&#8221;][elx_heading font_size=&#8221;h5&#8243; text_color=&#8221;inherit&#8221;]Wok para inducci\u00f3n de acero inoxidable con asa<br \/>\n[\/elx_heading][vc_column_text]Wok que encaja a la perfecci\u00f3n en el wok de inducci\u00f3n para una distribuci\u00f3n \u00f3ptima del calor.[\/vc_column_text][vc_empty_space height=&#8221;20px&#8221;][\/vc_column][\/vc_row][vc_row][vc_column width=&#8221;1\/3&#8243;][elx_shop_now button_text=&#8221;COMPRAR AHORA&#8221; button_display_block=&#8221;display_block_on&#8221; button_alignment=&#8221;align_center&#8221; button_link=&#8221;url:https%3A%2F%2Fbuy.electroluxprofessional.com%2Felectrolux-professional%2Felx0cb513&#8243;][vc_empty_space height=&#8221;58px&#8221;][\/vc_column][vc_column width=&#8221;1\/3&#8243;][elx_shop_now button_text=&#8221;COMPRAR AHORA&#8221; button_display_block=&#8221;display_block_on&#8221; button_alignment=&#8221;align_center&#8221; button_link=&#8221;url:https%3A%2F%2Fbuy.electroluxprofessional.com%2Felectrolux-professional%2Felx006133&#8243;][vc_empty_space height=&#8221;58px&#8221;][\/vc_column][vc_column width=&#8221;1\/3&#8243;][elx_shop_now button_text=&#8221;COMPRAR AHORA&#8221; button_display_block=&#8221;display_block_on&#8221; button_alignment=&#8221;align_center&#8221; button_link=&#8221;url:https%3A%2F%2Fbuy.electroluxprofessional.com%2Felectrolux-professional%2Felx0s2062%3Fprofile%3Delectrolux&#8221;][vc_empty_space height=&#8221;58px&#8221;][\/vc_column][\/vc_row][vc_row][vc_column][elx_heading font_container=&#8221;h4&#8243; font_size=&#8221;h3&#8243; text_color=&#8221;inherit&#8221; text_align=&#8221;text-center&#8221;]Conoce nuestras gamas de cocina[\/elx_heading][\/vc_column][\/vc_row][vc_row disable_element=&#8221;yes&#8221;][vc_column width=&#8221;1\/3&#8243;][elx_maylike_box id_box=&#8221;1583&#8243;][\/vc_column][vc_column width=&#8221;1\/3&#8243;][elx_maylike_box id_box=&#8221;1524&#8243;][\/vc_column][vc_column width=&#8221;1\/3&#8243;][elx_maylike_box id_box=&#8221;1635&#8243; link_target=&#8221;blank&#8221;][\/vc_column][\/vc_row][vc_row el_id=&#8221;contact&#8221;][vc_column][vc_empty_space][elx_heading font_container=&#8221;h3&#8243; text_color=&#8221;inherit&#8221; text_align=&#8221;text-center&#8221;]Descubre c\u00f3mo personalizar tu cocina modular[\/elx_heading][elx_o2000_contact_us s=&#8221;Solicitud de informaci\u00f3n sobre accesorios y consumibles para cocina modular&#8221; container=&#8221;elxcontactus1484304163&#8243; r=&#8221;Me gustar\u00eda obtener m\u00e1s informaci\u00f3n sobre los accesorios y consumibles para la cocina modular. Por favor, poneos en contacto conmigo.&#8221;][vc_empty_space][\/vc_column][\/vc_row][vc_row][vc_column][vc_column_text][\/vc_column_text][\/vc_column][\/vc_row]<\/p>\n","protected":false},"excerpt":{"rendered":"<p>[vc_row full_width=&#8221;electroluxpro-full-width-no-padding&#8221;][vc_column css=&#8221;.vc_custom_1618358802266{margin-top: -40px !important;border-top-width: -40px !important;padding-top: -40px !important;}&#8221;][elx_full_banner title=&#8221;Accesorios y Consumibles para Cocci\u00f3n Modular&#8221; set_as_h1=&#8221;true&#8221; background_image_media_library=&#8221;15564&#8243; background_image_media_library_mobile=&#8221;15565&#8243; link=&#8221;url:%23contact|title:Descubre%20m%C3%A1s&#8221;][vc_row_inner full_width=&#8221;electroluxpro-full-width&#8221; gap=&#8221;15&#8243;][vc_column_inner width=&#8221;1\/4&#8243;][elx_download_block text=&#8221;Cat\u00e1logo de Accesorios de protecci\u00f3n, higienizaci\u00f3n y limpieza&#8221; document_type=&#8221;cat&#8221; file_picker=&#8221;21557&#8243; background_color=&#8221;electrolux-blue&#8221; background_hover_color=&#8221;lighter-hover&#8221;][\/vc_column_inner][vc_column_inner width=&#8221;1\/4&#8243;][elx_download_block text=&#8221;Cat\u00e1logo de Recambios Originales, Accesorios y Consumibles&#8221; document_type=&#8221;cat&#8221; file_picker=&#8221;21555&#8243; background_color=&#8221;electrolux-blue&#8221; background_hover_color=&#8221;lighter-hover&#8221;][\/vc_column_inner][vc_column_inner width=&#8221;1\/4&#8243;][elx_download_block text=&#8221;Cat\u00e1logo de kits de recambios&#8221; document_type=&#8221;cat&#8221; file_picker=&#8221;21556&#8243; background_color=&#8221;electrolux-blue&#8221; [&hellip;]<\/p>\n","protected":false},"author":368,"featured_media":1290,"parent":0,"menu_order":0,"comment_status":"closed","ping_status":"closed","template":"","meta":{"footnotes":""},"class_list":["post-22027","page","type-page","status-publish","has-post-thumbnail","hentry"],"acf":[],"yoast_head":"<!-- This site is optimized with the Yoast SEO plugin v23.4 - https:\/\/yoast.com\/wordpress\/plugins\/seo\/ -->\n<title>Cocci\u00f3n Modular: accesorios y consumibles | Electrolux Professional<\/title>\n<meta name=\"description\" content=\"Descubre nuestros accesorios clave para cocci\u00f3n modular: cocinas, cestas especializadas para cocer pasta, parrillas, desengrasadores profesionales y mucho m\u00e1s para tu cocina.\" \/>\n<meta name=\"robots\" content=\"index, follow, max-snippet:-1, max-image-preview:large, max-video-preview:-1\" \/>\n<link rel=\"canonical\" href=\"https:\/\/www.electroluxprofessional.com\/es\/coccion-modular-2\/\" \/>\n<meta property=\"og:locale\" content=\"es_ES\" \/>\n<meta property=\"og:type\" content=\"article\" \/>\n<meta property=\"og:title\" content=\"Cocci\u00f3n Modular: accesorios y consumibles | Electrolux Professional\" \/>\n<meta property=\"og:description\" content=\"Descubre nuestros accesorios clave para cocci\u00f3n modular: cocinas, cestas especializadas para cocer pasta, parrillas, desengrasadores profesionales y mucho m\u00e1s para tu cocina.\" \/>\n<meta property=\"og:url\" content=\"https:\/\/www.electroluxprofessional.com\/es\/coccion-modular-2\/\" \/>\n<meta property=\"og:site_name\" content=\"Electrolux Professional Espa\u00f1a\" \/>\n<meta property=\"article:modified_time\" content=\"2026-03-29T16:50:25+00:00\" \/>\n<meta property=\"og:image\" content=\"https:\/\/www.electroluxprofessional.com\/es\/wp-content\/uploads\/2016\/11\/xp1.jpg\" \/>\n\t<meta property=\"og:image:width\" content=\"2000\" \/>\n\t<meta property=\"og:image:height\" content=\"1333\" \/>\n\t<meta property=\"og:image:type\" content=\"image\/jpeg\" \/>\n<meta name=\"twitter:card\" content=\"summary_large_image\" \/>\n<meta name=\"twitter:label1\" content=\"Tiempo de lectura\" \/>\n\t<meta name=\"twitter:data1\" content=\"2 minutos\" \/>\n<script type=\"application\/ld+json\" class=\"yoast-schema-graph\">{\"@context\":\"https:\/\/schema.org\",\"@graph\":[{\"@type\":\"WebPage\",\"@id\":\"https:\/\/www.electroluxprofessional.com\/es\/coccion-modular-2\/\",\"url\":\"https:\/\/www.electroluxprofessional.com\/es\/coccion-modular-2\/\",\"name\":\"Cocci\u00f3n Modular: accesorios y consumibles | Electrolux Professional\",\"isPartOf\":{\"@id\":\"https:\/\/www.electroluxprofessional.com\/es\/#website\"},\"primaryImageOfPage\":{\"@id\":\"https:\/\/www.electroluxprofessional.com\/es\/coccion-modular-2\/#primaryimage\"},\"image\":{\"@id\":\"https:\/\/www.electroluxprofessional.com\/es\/coccion-modular-2\/#primaryimage\"},\"thumbnailUrl\":\"https:\/\/www.electroluxprofessional.com\/es\/wp-content\/uploads\/2016\/11\/xp1.jpg\",\"datePublished\":\"2025-03-14T14:21:00+00:00\",\"dateModified\":\"2026-03-29T16:50:25+00:00\",\"description\":\"Descubre nuestros accesorios clave para cocci\u00f3n modular: cocinas, cestas especializadas para cocer pasta, parrillas, desengrasadores profesionales y mucho m\u00e1s para tu cocina.\",\"breadcrumb\":{\"@id\":\"https:\/\/www.electroluxprofessional.com\/es\/coccion-modular-2\/#breadcrumb\"},\"inLanguage\":\"es\",\"potentialAction\":[{\"@type\":\"ReadAction\",\"target\":[\"https:\/\/www.electroluxprofessional.com\/es\/coccion-modular-2\/\"]}]},{\"@type\":\"ImageObject\",\"inLanguage\":\"es\",\"@id\":\"https:\/\/www.electroluxprofessional.com\/es\/coccion-modular-2\/#primaryimage\",\"url\":\"https:\/\/www.electroluxprofessional.com\/es\/wp-content\/uploads\/2016\/11\/xp1.jpg\",\"contentUrl\":\"https:\/\/www.electroluxprofessional.com\/es\/wp-content\/uploads\/2016\/11\/xp1.jpg\",\"width\":2000,\"height\":1333,\"caption\":\"900XP and 700XP\"},{\"@type\":\"BreadcrumbList\",\"@id\":\"https:\/\/www.electroluxprofessional.com\/es\/coccion-modular-2\/#breadcrumb\",\"itemListElement\":[{\"@type\":\"ListItem\",\"position\":1,\"name\":\"Home\",\"item\":\"https:\/\/www.electroluxprofessional.com\/es\/\"},{\"@type\":\"ListItem\",\"position\":2,\"name\":\"Accesorios y consumibles &#8211; Cocci\u00f3n modular\"}]},{\"@type\":\"WebSite\",\"@id\":\"https:\/\/www.electroluxprofessional.com\/es\/#website\",\"url\":\"https:\/\/www.electroluxprofessional.com\/es\/\",\"name\":\"Electrolux Professional Espa\u00f1a\",\"description\":\"Equipamiento cocinas profesionales y lavander\u00edas comerciales. Excelencia en el suministro de soluciones profesionales.\",\"potentialAction\":[{\"@type\":\"SearchAction\",\"target\":{\"@type\":\"EntryPoint\",\"urlTemplate\":\"https:\/\/www.electroluxprofessional.com\/es\/?src={search_term_string}\"},\"query-input\":{\"@type\":\"PropertyValueSpecification\",\"valueRequired\":true,\"valueName\":\"search_term_string\"}}],\"inLanguage\":\"es\"}]}<\/script>\n<!-- \/ Yoast SEO plugin. -->","yoast_head_json":{"title":"Cocci\u00f3n Modular: accesorios y consumibles | Electrolux Professional","description":"Descubre nuestros accesorios clave para cocci\u00f3n modular: cocinas, cestas especializadas para cocer pasta, parrillas, desengrasadores profesionales y mucho m\u00e1s para tu cocina.","robots":{"index":"index","follow":"follow","max-snippet":"max-snippet:-1","max-image-preview":"max-image-preview:large","max-video-preview":"max-video-preview:-1"},"canonical":"https:\/\/www.electroluxprofessional.com\/es\/coccion-modular-2\/","og_locale":"es_ES","og_type":"article","og_title":"Cocci\u00f3n Modular: accesorios y consumibles | Electrolux Professional","og_description":"Descubre nuestros accesorios clave para cocci\u00f3n modular: cocinas, cestas especializadas para cocer pasta, parrillas, desengrasadores profesionales y mucho m\u00e1s para tu cocina.","og_url":"https:\/\/www.electroluxprofessional.com\/es\/coccion-modular-2\/","og_site_name":"Electrolux Professional Espa\u00f1a","article_modified_time":"2026-03-29T16:50:25+00:00","og_image":[{"width":2000,"height":1333,"url":"https:\/\/www.electroluxprofessional.com\/es\/wp-content\/uploads\/2016\/11\/xp1.jpg","type":"image\/jpeg"}],"twitter_card":"summary_large_image","twitter_misc":{"Tiempo de lectura":"2 minutos"},"schema":{"@context":"https:\/\/schema.org","@graph":[{"@type":"WebPage","@id":"https:\/\/www.electroluxprofessional.com\/es\/coccion-modular-2\/","url":"https:\/\/www.electroluxprofessional.com\/es\/coccion-modular-2\/","name":"Cocci\u00f3n Modular: accesorios y consumibles | Electrolux Professional","isPartOf":{"@id":"https:\/\/www.electroluxprofessional.com\/es\/#website"},"primaryImageOfPage":{"@id":"https:\/\/www.electroluxprofessional.com\/es\/coccion-modular-2\/#primaryimage"},"image":{"@id":"https:\/\/www.electroluxprofessional.com\/es\/coccion-modular-2\/#primaryimage"},"thumbnailUrl":"https:\/\/www.electroluxprofessional.com\/es\/wp-content\/uploads\/2016\/11\/xp1.jpg","datePublished":"2025-03-14T14:21:00+00:00","dateModified":"2026-03-29T16:50:25+00:00","description":"Descubre nuestros accesorios clave para cocci\u00f3n modular: cocinas, cestas especializadas para cocer pasta, parrillas, desengrasadores profesionales y mucho m\u00e1s para tu cocina.","breadcrumb":{"@id":"https:\/\/www.electroluxprofessional.com\/es\/coccion-modular-2\/#breadcrumb"},"inLanguage":"es","potentialAction":[{"@type":"ReadAction","target":["https:\/\/www.electroluxprofessional.com\/es\/coccion-modular-2\/"]}]},{"@type":"ImageObject","inLanguage":"es","@id":"https:\/\/www.electroluxprofessional.com\/es\/coccion-modular-2\/#primaryimage","url":"https:\/\/www.electroluxprofessional.com\/es\/wp-content\/uploads\/2016\/11\/xp1.jpg","contentUrl":"https:\/\/www.electroluxprofessional.com\/es\/wp-content\/uploads\/2016\/11\/xp1.jpg","width":2000,"height":1333,"caption":"900XP and 700XP"},{"@type":"BreadcrumbList","@id":"https:\/\/www.electroluxprofessional.com\/es\/coccion-modular-2\/#breadcrumb","itemListElement":[{"@type":"ListItem","position":1,"name":"Home","item":"https:\/\/www.electroluxprofessional.com\/es\/"},{"@type":"ListItem","position":2,"name":"Accesorios y consumibles &#8211; Cocci\u00f3n modular"}]},{"@type":"WebSite","@id":"https:\/\/www.electroluxprofessional.com\/es\/#website","url":"https:\/\/www.electroluxprofessional.com\/es\/","name":"Electrolux Professional Espa\u00f1a","description":"Equipamiento cocinas profesionales y lavander\u00edas comerciales. Excelencia en el suministro de soluciones profesionales.","potentialAction":[{"@type":"SearchAction","target":{"@type":"EntryPoint","urlTemplate":"https:\/\/www.electroluxprofessional.com\/es\/?src={search_term_string}"},"query-input":{"@type":"PropertyValueSpecification","valueRequired":true,"valueName":"search_term_string"}}],"inLanguage":"es"}]}},"_links":{"self":[{"href":"https:\/\/www.electroluxprofessional.com\/es\/wp-json\/wp\/v2\/pages\/22027"}],"collection":[{"href":"https:\/\/www.electroluxprofessional.com\/es\/wp-json\/wp\/v2\/pages"}],"about":[{"href":"https:\/\/www.electroluxprofessional.com\/es\/wp-json\/wp\/v2\/types\/page"}],"author":[{"embeddable":true,"href":"https:\/\/www.electroluxprofessional.com\/es\/wp-json\/wp\/v2\/users\/368"}],"replies":[{"embeddable":true,"href":"https:\/\/www.electroluxprofessional.com\/es\/wp-json\/wp\/v2\/comments?post=22027"}],"version-history":[{"count":5,"href":"https:\/\/www.electroluxprofessional.com\/es\/wp-json\/wp\/v2\/pages\/22027\/revisions"}],"predecessor-version":[{"id":26054,"href":"https:\/\/www.electroluxprofessional.com\/es\/wp-json\/wp\/v2\/pages\/22027\/revisions\/26054"}],"wp:featuredmedia":[{"embeddable":true,"href":"https:\/\/www.electroluxprofessional.com\/es\/wp-json\/wp\/v2\/media\/1290"}],"wp:attachment":[{"href":"https:\/\/www.electroluxprofessional.com\/es\/wp-json\/wp\/v2\/media?parent=22027"}],"curies":[{"name":"wp","href":"https:\/\/api.w.org\/{rel}","templated":true}]}}