{"id":22023,"date":"2025-03-14T14:20:50","date_gmt":"2025-03-14T14:20:50","guid":{"rendered":"https:\/\/www.electroluxprofessional.com\/es\/?page_id=22023"},"modified":"2026-03-29T16:24:09","modified_gmt":"2026-03-29T16:24:09","slug":"sobre-nosotros","status":"publish","type":"page","link":"https:\/\/www.electroluxprofessional.com\/es\/sobre-nosotros\/","title":{"rendered":"Sobre nosotros"},"content":{"rendered":"<p>[vc_row full_width=&#8221;electroluxpro-full-width-no-padding&#8221;][vc_column][vc_single_image image=&#8221;22022&#8243; img_size=&#8221;2000&#215;400&#8243; alignment=&#8221;center&#8221;][\/vc_column][\/vc_row][vc_row][vc_column][vc_empty_space height=&#8221;50px&#8221;][elx_heading font_container=&#8221;h1&#8243; text_color=&#8221;inherit&#8221; text_align=&#8221;text-center&#8221;]Electrolux Professional es el partner OnE de confianza que hace que tu vida laboral sea cada d\u00eda m\u00e1s sencilla, m\u00e1s rentable y realmente sostenible.[\/elx_heading][vc_empty_space][\/vc_column][\/vc_row][vc_row][vc_column width=&#8221;1\/2&#8243;][vc_column_text]Sea cual sea tu negocio, lo transformaremos en la experiencia m\u00e1s sostenible de <strong>alimentaci\u00f3n<\/strong>, <strong>bebidas<\/strong> y <strong>lavander\u00eda<\/strong> durante toda la vida.<\/p>\n<p>Con la sostenibilidad en mente, lideramos el dise\u00f1o de soluciones completas e integradas que aumentan la productividad, reducen los costes del ciclo de vida \u00fatil y son las m\u00e1s f\u00e1ciles de usar y de mantener. A trav\u00e9s de <strong>una interfaz exclusiva<\/strong> que permite a los clientes gestionar todas sus operaciones mediante el uso de productos y servicios conectados y sincronizados, creamos el valor de negocio definitivo.<\/p>\n<p>Electrolux Professional es el partner OnE de confianza en soluciones individuales y completas, porque nuestra manera de elaborar los procesos y las soluciones surge de un <strong>legado centrado en las personas y de nuestro tradicional conocimiento<\/strong> sobre lo que da mayor eficiencia a tu negocio.[\/vc_column_text][\/vc_column][vc_column width=&#8221;1\/2&#8243;][elx_video_block background_image=&#8221;22020&#8243; minimum_height=&#8221;350px&#8221; video_link=&#8221;https:\/\/www.youtube.com\/watch?v=PVUc0vj9PEo&#8221;][\/vc_column][\/vc_row][vc_row css=&#8221;.vc_custom_1465566954449{padding-top: 20px !important;}&#8221;][vc_column][vc_empty_space][elx_heading text_color=&#8221;inherit&#8221; text_align=&#8221;text-center&#8221;]Nuestras soluciones se comercializan en 110 pa\u00edses,<br \/>\ncon un volumen de ventas total de 10.000 millones de euros.[\/elx_heading][vc_empty_space][\/vc_column][\/vc_row][vc_row][vc_column width=&#8221;1\/2&#8243;][elx_video_block background_image=&#8221;22021&#8243; minimum_height=&#8221;350px&#8221; video_link=&#8221;https:\/\/www.youtube.com\/watch?v=zJpGYzvbdxE&#8221;][\/vc_column][vc_column width=&#8221;1\/2&#8243;][vc_column_text]Marcamos la pauta en nuestro sector con innovaci\u00f3n, eficiencia energ\u00e9tica y objetivos de sostenibilidad espec\u00edficos: reducir las emisiones de CO<sub>2<\/sub> un 50 % y alcanzar la neutralidad clim\u00e1tica de nuestras operaciones industriales para 2030. Todo ello es posible gracias a 4.000 empleados entregados y una cultura expl\u00edcita, fiel a nuestros cuatro principios rectores:<\/p>\n<ul>\n<li>Obsesi\u00f3n por el cliente<\/li>\n<li>Generar confianza<\/li>\n<li>Ser audaces<\/li>\n<li>Actuar de manera sostenible<\/li>\n<\/ul>\n<p>[\/vc_column_text][\/vc_column][\/vc_row][vc_row css=&#8221;.vc_custom_1465566954449{padding-top: 20px !important;}&#8221;][vc_column][vc_empty_space][\/vc_column][\/vc_row][vc_row][vc_column width=&#8221;1\/3&#8243;][elx_maylike_box id_box=&#8221;12258&#8243;][\/vc_column][vc_column width=&#8221;1\/3&#8243;][elx_maylike_box id_box=&#8221;12261&#8243;][\/vc_column][vc_column width=&#8221;1\/3&#8243;][elx_maylike_box id_box=&#8221;12259&#8243;][\/vc_column][\/vc_row]<\/p>\n","protected":false},"excerpt":{"rendered":"<p>[vc_row full_width=&#8221;electroluxpro-full-width-no-padding&#8221;][vc_column][vc_single_image image=&#8221;22022&#8243; img_size=&#8221;2000&#215;400&#8243; alignment=&#8221;center&#8221;][\/vc_column][\/vc_row][vc_row][vc_column][vc_empty_space height=&#8221;50px&#8221;][elx_heading font_container=&#8221;h1&#8243; text_color=&#8221;inherit&#8221; text_align=&#8221;text-center&#8221;]Electrolux Professional es el partner OnE de confianza que hace que tu vida laboral sea cada d\u00eda m\u00e1s sencilla, m\u00e1s rentable y realmente sostenible.[\/elx_heading][vc_empty_space][\/vc_column][\/vc_row][vc_row][vc_column width=&#8221;1\/2&#8243;][vc_column_text]Sea cual sea tu negocio, lo transformaremos en la experiencia m\u00e1s sostenible de alimentaci\u00f3n, bebidas y lavander\u00eda durante toda la vida. Con la [&hellip;]<\/p>\n","protected":false},"author":368,"featured_media":22020,"parent":0,"menu_order":0,"comment_status":"closed","ping_status":"closed","template":"","meta":{"footnotes":""},"class_list":["post-22023","page","type-page","status-publish","has-post-thumbnail","hentry"],"acf":[],"yoast_head":"<!-- This site is optimized with the Yoast SEO plugin v23.4 - https:\/\/yoast.com\/wordpress\/plugins\/seo\/ -->\n<title>Sobre nosotros | Electrolux Professional<\/title>\n<meta name=\"description\" content=\"Descubre m\u00e1s sobre Electrolux Professional, el partner OnE de confianza que hace tu vida m\u00e1s f\u00e1cil, rentable y realmente sostenible cada d\u00eda.\" \/>\n<meta name=\"robots\" content=\"index, follow, max-snippet:-1, max-image-preview:large, max-video-preview:-1\" \/>\n<link rel=\"canonical\" href=\"https:\/\/www.electroluxprofessional.com\/es\/sobre-nosotros\/\" \/>\n<meta property=\"og:locale\" content=\"es_ES\" \/>\n<meta property=\"og:type\" content=\"article\" \/>\n<meta property=\"og:title\" content=\"Sobre nosotros | Electrolux Professional\" \/>\n<meta property=\"og:description\" content=\"Descubre m\u00e1s sobre Electrolux Professional, el partner OnE de confianza que hace tu vida m\u00e1s f\u00e1cil, rentable y realmente sostenible cada d\u00eda.\" \/>\n<meta property=\"og:url\" content=\"https:\/\/www.electroluxprofessional.com\/es\/sobre-nosotros\/\" \/>\n<meta property=\"og:site_name\" content=\"Electrolux Professional Espa\u00f1a\" \/>\n<meta property=\"article:modified_time\" content=\"2026-03-29T16:24:09+00:00\" \/>\n<meta property=\"og:image\" content=\"https:\/\/www.electroluxprofessional.com\/es\/wp-content\/uploads\/2025\/03\/video-one-cover.jpg\" \/>\n\t<meta property=\"og:image:width\" content=\"800\" \/>\n\t<meta property=\"og:image:height\" content=\"500\" \/>\n\t<meta property=\"og:image:type\" content=\"image\/jpeg\" \/>\n<meta name=\"twitter:card\" content=\"summary_large_image\" \/>\n<meta name=\"twitter:label1\" content=\"Tiempo de lectura\" \/>\n\t<meta name=\"twitter:data1\" content=\"3 minutos\" \/>\n<script type=\"application\/ld+json\" class=\"yoast-schema-graph\">{\"@context\":\"https:\/\/schema.org\",\"@graph\":[{\"@type\":\"WebPage\",\"@id\":\"https:\/\/www.electroluxprofessional.com\/es\/sobre-nosotros\/\",\"url\":\"https:\/\/www.electroluxprofessional.com\/es\/sobre-nosotros\/\",\"name\":\"Sobre nosotros | Electrolux Professional\",\"isPartOf\":{\"@id\":\"https:\/\/www.electroluxprofessional.com\/es\/#website\"},\"primaryImageOfPage\":{\"@id\":\"https:\/\/www.electroluxprofessional.com\/es\/sobre-nosotros\/#primaryimage\"},\"image\":{\"@id\":\"https:\/\/www.electroluxprofessional.com\/es\/sobre-nosotros\/#primaryimage\"},\"thumbnailUrl\":\"https:\/\/www.electroluxprofessional.com\/es\/wp-content\/uploads\/2025\/03\/video-one-cover.jpg\",\"datePublished\":\"2025-03-14T14:20:50+00:00\",\"dateModified\":\"2026-03-29T16:24:09+00:00\",\"description\":\"Descubre m\u00e1s sobre Electrolux Professional, el partner OnE de confianza que hace tu vida m\u00e1s f\u00e1cil, rentable y realmente sostenible cada d\u00eda.\",\"breadcrumb\":{\"@id\":\"https:\/\/www.electroluxprofessional.com\/es\/sobre-nosotros\/#breadcrumb\"},\"inLanguage\":\"es\",\"potentialAction\":[{\"@type\":\"ReadAction\",\"target\":[\"https:\/\/www.electroluxprofessional.com\/es\/sobre-nosotros\/\"]}]},{\"@type\":\"ImageObject\",\"inLanguage\":\"es\",\"@id\":\"https:\/\/www.electroluxprofessional.com\/es\/sobre-nosotros\/#primaryimage\",\"url\":\"https:\/\/www.electroluxprofessional.com\/es\/wp-content\/uploads\/2025\/03\/video-one-cover.jpg\",\"contentUrl\":\"https:\/\/www.electroluxprofessional.com\/es\/wp-content\/uploads\/2025\/03\/video-one-cover.jpg\",\"width\":800,\"height\":500},{\"@type\":\"BreadcrumbList\",\"@id\":\"https:\/\/www.electroluxprofessional.com\/es\/sobre-nosotros\/#breadcrumb\",\"itemListElement\":[{\"@type\":\"ListItem\",\"position\":1,\"name\":\"Home\",\"item\":\"https:\/\/www.electroluxprofessional.com\/es\/\"},{\"@type\":\"ListItem\",\"position\":2,\"name\":\"Sobre nosotros\"}]},{\"@type\":\"WebSite\",\"@id\":\"https:\/\/www.electroluxprofessional.com\/es\/#website\",\"url\":\"https:\/\/www.electroluxprofessional.com\/es\/\",\"name\":\"Electrolux Professional Espa\u00f1a\",\"description\":\"Equipamiento cocinas profesionales y lavander\u00edas comerciales. Excelencia en el suministro de soluciones profesionales.\",\"potentialAction\":[{\"@type\":\"SearchAction\",\"target\":{\"@type\":\"EntryPoint\",\"urlTemplate\":\"https:\/\/www.electroluxprofessional.com\/es\/?src={search_term_string}\"},\"query-input\":{\"@type\":\"PropertyValueSpecification\",\"valueRequired\":true,\"valueName\":\"search_term_string\"}}],\"inLanguage\":\"es\"}]}<\/script>\n<!-- \/ Yoast SEO plugin. -->","yoast_head_json":{"title":"Sobre nosotros | Electrolux Professional","description":"Descubre m\u00e1s sobre Electrolux Professional, el partner OnE de confianza que hace tu vida m\u00e1s f\u00e1cil, rentable y realmente sostenible cada d\u00eda.","robots":{"index":"index","follow":"follow","max-snippet":"max-snippet:-1","max-image-preview":"max-image-preview:large","max-video-preview":"max-video-preview:-1"},"canonical":"https:\/\/www.electroluxprofessional.com\/es\/sobre-nosotros\/","og_locale":"es_ES","og_type":"article","og_title":"Sobre nosotros | Electrolux Professional","og_description":"Descubre m\u00e1s sobre Electrolux Professional, el partner OnE de confianza que hace tu vida m\u00e1s f\u00e1cil, rentable y realmente sostenible cada d\u00eda.","og_url":"https:\/\/www.electroluxprofessional.com\/es\/sobre-nosotros\/","og_site_name":"Electrolux Professional Espa\u00f1a","article_modified_time":"2026-03-29T16:24:09+00:00","og_image":[{"width":800,"height":500,"url":"https:\/\/www.electroluxprofessional.com\/es\/wp-content\/uploads\/2025\/03\/video-one-cover.jpg","type":"image\/jpeg"}],"twitter_card":"summary_large_image","twitter_misc":{"Tiempo de lectura":"3 minutos"},"schema":{"@context":"https:\/\/schema.org","@graph":[{"@type":"WebPage","@id":"https:\/\/www.electroluxprofessional.com\/es\/sobre-nosotros\/","url":"https:\/\/www.electroluxprofessional.com\/es\/sobre-nosotros\/","name":"Sobre nosotros | Electrolux Professional","isPartOf":{"@id":"https:\/\/www.electroluxprofessional.com\/es\/#website"},"primaryImageOfPage":{"@id":"https:\/\/www.electroluxprofessional.com\/es\/sobre-nosotros\/#primaryimage"},"image":{"@id":"https:\/\/www.electroluxprofessional.com\/es\/sobre-nosotros\/#primaryimage"},"thumbnailUrl":"https:\/\/www.electroluxprofessional.com\/es\/wp-content\/uploads\/2025\/03\/video-one-cover.jpg","datePublished":"2025-03-14T14:20:50+00:00","dateModified":"2026-03-29T16:24:09+00:00","description":"Descubre m\u00e1s sobre Electrolux Professional, el partner OnE de confianza que hace tu vida m\u00e1s f\u00e1cil, rentable y realmente sostenible cada d\u00eda.","breadcrumb":{"@id":"https:\/\/www.electroluxprofessional.com\/es\/sobre-nosotros\/#breadcrumb"},"inLanguage":"es","potentialAction":[{"@type":"ReadAction","target":["https:\/\/www.electroluxprofessional.com\/es\/sobre-nosotros\/"]}]},{"@type":"ImageObject","inLanguage":"es","@id":"https:\/\/www.electroluxprofessional.com\/es\/sobre-nosotros\/#primaryimage","url":"https:\/\/www.electroluxprofessional.com\/es\/wp-content\/uploads\/2025\/03\/video-one-cover.jpg","contentUrl":"https:\/\/www.electroluxprofessional.com\/es\/wp-content\/uploads\/2025\/03\/video-one-cover.jpg","width":800,"height":500},{"@type":"BreadcrumbList","@id":"https:\/\/www.electroluxprofessional.com\/es\/sobre-nosotros\/#breadcrumb","itemListElement":[{"@type":"ListItem","position":1,"name":"Home","item":"https:\/\/www.electroluxprofessional.com\/es\/"},{"@type":"ListItem","position":2,"name":"Sobre nosotros"}]},{"@type":"WebSite","@id":"https:\/\/www.electroluxprofessional.com\/es\/#website","url":"https:\/\/www.electroluxprofessional.com\/es\/","name":"Electrolux Professional Espa\u00f1a","description":"Equipamiento cocinas profesionales y lavander\u00edas comerciales. Excelencia en el suministro de soluciones profesionales.","potentialAction":[{"@type":"SearchAction","target":{"@type":"EntryPoint","urlTemplate":"https:\/\/www.electroluxprofessional.com\/es\/?src={search_term_string}"},"query-input":{"@type":"PropertyValueSpecification","valueRequired":true,"valueName":"search_term_string"}}],"inLanguage":"es"}]}},"_links":{"self":[{"href":"https:\/\/www.electroluxprofessional.com\/es\/wp-json\/wp\/v2\/pages\/22023"}],"collection":[{"href":"https:\/\/www.electroluxprofessional.com\/es\/wp-json\/wp\/v2\/pages"}],"about":[{"href":"https:\/\/www.electroluxprofessional.com\/es\/wp-json\/wp\/v2\/types\/page"}],"author":[{"embeddable":true,"href":"https:\/\/www.electroluxprofessional.com\/es\/wp-json\/wp\/v2\/users\/368"}],"replies":[{"embeddable":true,"href":"https:\/\/www.electroluxprofessional.com\/es\/wp-json\/wp\/v2\/comments?post=22023"}],"version-history":[{"count":4,"href":"https:\/\/www.electroluxprofessional.com\/es\/wp-json\/wp\/v2\/pages\/22023\/revisions"}],"predecessor-version":[{"id":26038,"href":"https:\/\/www.electroluxprofessional.com\/es\/wp-json\/wp\/v2\/pages\/22023\/revisions\/26038"}],"wp:featuredmedia":[{"embeddable":true,"href":"https:\/\/www.electroluxprofessional.com\/es\/wp-json\/wp\/v2\/media\/22020"}],"wp:attachment":[{"href":"https:\/\/www.electroluxprofessional.com\/es\/wp-json\/wp\/v2\/media?parent=22023"}],"curies":[{"name":"wp","href":"https:\/\/api.w.org\/{rel}","templated":true}]}}