{"id":22019,"date":"2025-03-14T14:20:15","date_gmt":"2025-03-14T14:20:15","guid":{"rendered":"https:\/\/www.electroluxprofessional.com\/es\/?page_id=22019"},"modified":"2026-03-28T18:55:29","modified_gmt":"2026-03-28T18:55:29","slug":"accesorios-y-consumibles-refrigeracion","status":"publish","type":"page","link":"https:\/\/www.electroluxprofessional.com\/es\/accesorios-y-consumibles-refrigeracion\/","title":{"rendered":"Accesorios y consumibles &#8211; Refrigeraci\u00f3n"},"content":{"rendered":"<p>[vc_row full_width=&#8221;electroluxpro-full-width-no-padding&#8221;][vc_column css=&#8221;.vc_custom_1618358802266{margin-top: -40px !important;border-top-width: -40px !important;padding-top: -40px !important;}&#8221;][elx_full_banner title=&#8221;Accesorios y Consumibles para Refrigeraci\u00f3n&#8221; set_as_h1=&#8221;true&#8221; background_image_media_library=&#8221;15529&#8243; background_image_media_library_mobile=&#8221;15530&#8243; link=&#8221;url:%23contact|title:Descubre%20m%C3%A1s&#8221;][vc_row_inner full_width=&#8221;electroluxpro-full-width&#8221; gap=&#8221;15&#8243;][vc_column_inner width=&#8221;1\/4&#8243;][elx_download_block text=&#8221;Cat\u00e1logo de Accesorios de protecci\u00f3n, higienizaci\u00f3n y limpieza&#8221; document_type=&#8221;cat&#8221; file_picker=&#8221;21557&#8243; background_color=&#8221;electrolux-blue&#8221; background_hover_color=&#8221;lighter-hover&#8221;][\/vc_column_inner][vc_column_inner width=&#8221;1\/4&#8243;][elx_download_block text=&#8221;Cat\u00e1logo de Recambios Originales, Accesorios y Consumibles&#8221; document_type=&#8221;cat&#8221; file_picker=&#8221;21555&#8243; background_color=&#8221;electrolux-blue&#8221; background_hover_color=&#8221;lighter-hover&#8221;][\/vc_column_inner][vc_column_inner width=&#8221;1\/4&#8243;][elx_download_block text=&#8221;Cat\u00e1logo de kits de recambios&#8221; document_type=&#8221;cat&#8221; file_picker=&#8221;21556&#8243; background_color=&#8221;electrolux-blue&#8221; background_hover_color=&#8221;lighter-hover&#8221;][\/vc_column_inner][vc_column_inner width=&#8221;1\/4&#8243;][elx_download_block text=&#8221;Gu\u00eda de selecci\u00f3n de detergentes para la limpieza profesional&#8221; file_picker=&#8221;21561&#8243; background_color=&#8221;electrolux-blue&#8221;][\/vc_column_inner][\/vc_row_inner][\/vc_column][\/vc_row][vc_row][vc_column][elx_menu][vc_row_inner][vc_column_inner][vc_empty_space][vc_column_text]<\/p>\n<h3>A la hora de conservar los alimentos, elige los accesorios de refrigeraci\u00f3n adecuados para garantizar un funcionamiento correcto y eficiente.<\/h3>\n<p>[\/vc_column_text][vc_empty_space][\/vc_column_inner][\/vc_row_inner][vc_row_inner][vc_column_inner width=&#8221;1\/3&#8243;][vc_single_image image=&#8221;22012&#8243; img_size=&#8221;full&#8221; alignment=&#8221;center&#8221;][vc_empty_space][\/vc_column_inner][vc_column_inner width=&#8221;1\/3&#8243;][vc_single_image image=&#8221;22013&#8243; img_size=&#8221;full&#8221; alignment=&#8221;center&#8221;][vc_empty_space][\/vc_column_inner][vc_column_inner width=&#8221;1\/3&#8243;][vc_single_image image=&#8221;22014&#8243; alignment=&#8221;center&#8221;][vc_empty_space][\/vc_column_inner][\/vc_row_inner][vc_row_inner][vc_column_inner width=&#8221;1\/3&#8243;][elx_heading text_color=&#8221;inherit&#8221;]Kit de rejilla[\/elx_heading][vc_column_text]La rejilla de rilsan gris con 2 gu\u00edas ayuda a apilar y organizar los recipientes.[\/vc_column_text][vc_empty_space][\/vc_column_inner][vc_column_inner width=&#8221;1\/3&#8243;][elx_heading text_color=&#8221;inherit&#8221;]Cesta met\u00e1lica[\/elx_heading][vc_column_text]La cesta met\u00e1lica aumenta la productividad y garantiza la calidad y la seguridad de los productos almacenados o transportados.[\/vc_column_text][vc_empty_space][\/vc_column_inner][vc_column_inner width=&#8221;1\/3&#8243;][elx_heading text_color=&#8221;inherit&#8221;]Recipiente de pl\u00e1stico[\/elx_heading][vc_column_text]El recipiente de pl\u00e1stico con falso fondo perforado de policarbonato transparente para GN 1\/1 es vers\u00e1til y resistente.[\/vc_column_text][vc_empty_space][\/vc_column_inner][\/vc_row_inner][vc_row_inner][vc_column_inner width=&#8221;1\/3&#8243;][elx_shop_now button_text=&#8221;COMPRAR AHORA&#8221; button_display_block=&#8221;display_block_on&#8221; button_alignment=&#8221;align_center&#8221; button_link=&#8221;url:https%3A%2F%2Fbuy.electroluxprofessional.com%2Felectrolux-professional%2Felx097643&#8243; param_acs=&#8221;Grid kit for refrigeration&#8221;][vc_empty_space height=&#8221;60px&#8221;][\/vc_column_inner][vc_column_inner width=&#8221;1\/3&#8243;][elx_shop_now button_text=&#8221;COMPRAR AHORA&#8221; button_display_block=&#8221;display_block_on&#8221; button_alignment=&#8221;align_center&#8221; button_link=&#8221;url:https%3A%2F%2Fbuy.electroluxprofessional.com%2Felectrolux-professional%2Felx082794&#8243; param_acs=&#8221;Wire basket for refrigeration&#8221;][vc_empty_space height=&#8221;60px&#8221;][\/vc_column_inner][vc_column_inner width=&#8221;1\/3&#8243;][elx_shop_now button_text=&#8221;COMPRAR AHORA&#8221; button_display_block=&#8221;display_block_on&#8221; button_alignment=&#8221;align_center&#8221; button_link=&#8221;url:https%3A%2F%2Fbuy.electroluxprofessional.com%2Felectrolux-professional%2Felx097641&#8243; param_acs=&#8221;Plastic container for refrigeration&#8221;][vc_empty_space height=&#8221;60px&#8221;][\/vc_column_inner][\/vc_row_inner][vc_row_inner][vc_column_inner width=&#8221;1\/3&#8243;][vc_single_image image=&#8221;22015&#8243; img_size=&#8221;full&#8221; alignment=&#8221;center&#8221;][vc_empty_space][\/vc_column_inner][vc_column_inner width=&#8221;1\/3&#8243;][vc_single_image image=&#8221;22016&#8243; img_size=&#8221;full&#8221; alignment=&#8221;center&#8221;][vc_empty_space][\/vc_column_inner][vc_column_inner width=&#8221;1\/3&#8243;][vc_single_image image=&#8221;22017&#8243; img_size=&#8221;full&#8221; alignment=&#8221;center&#8221;][vc_empty_space][\/vc_column_inner][\/vc_row_inner][vc_row_inner][vc_column_inner width=&#8221;1\/3&#8243;][elx_heading text_color=&#8221;inherit&#8221;]Ruedas[\/elx_heading][vc_column_text]Las 4 ruedas giratorias facilitan el movimiento seguro y eficaz de objetos para mejorar la funcionalidad y la organizaci\u00f3n de tu entorno o espacio de trabajo.[\/vc_column_text][vc_empty_space][\/vc_column_inner][vc_column_inner width=&#8221;1\/3&#8243;][elx_heading text_color=&#8221;inherit&#8221;]Carro para bandejas[\/elx_heading][vc_column_text]El carro para bandejas 20 GN 2\/1 ayuda a tener un espacio culinario productivo y bien estructurado, con un funcionamiento fluido y un aprovechamiento \u00f3ptimo del espacio de almacenamiento de bandejas.[\/vc_column_text][vc_empty_space][\/vc_column_inner][vc_column_inner width=&#8221;1\/3&#8243;][elx_heading text_color=&#8221;inherit&#8221;]Bolsas de envasado al vac\u00edo[\/elx_heading][vc_column_text]Los accesorios de envasado al vac\u00edo son indispensables para cocinar al vac\u00edo y ayudan a conservar los alimentos y a protegerlos de los efectos nocivos de la humedad y el aire.[\/vc_column_text][vc_empty_space][\/vc_column_inner][\/vc_row_inner][vc_row_inner][vc_column_inner width=&#8221;1\/3&#8243;][elx_shop_now button_text=&#8221;COMPRAR AHORA&#8221; button_display_block=&#8221;display_block_on&#8221; button_alignment=&#8221;align_center&#8221; button_link=&#8221;url:https%3A%2F%2Fbuy.electroluxprofessional.com%2Felectrolux-professional%2Felx0s2633&#8243; param_acs=&#8221;Wheels for refrigeration&#8221;][vc_empty_space][\/vc_column_inner][vc_column_inner width=&#8221;1\/3&#8243;][elx_shop_now button_text=&#8221;COMPRAR AHORA&#8221; button_display_block=&#8221;display_block_on&#8221; button_alignment=&#8221;align_center&#8221; button_link=&#8221;url:https%3A%2F%2Fbuy.electroluxprofessional.com%2Felectrolux-professional%2Felx097642&#8243; param_acs=&#8221;Trolley tray rack for refrigeration&#8221;][vc_empty_space][\/vc_column_inner][vc_column_inner width=&#8221;1\/3&#8243;][elx_shop_now button_text=&#8221;COMPRAR AHORA&#8221; button_display_block=&#8221;display_block_on&#8221; button_alignment=&#8221;align_center&#8221; button_link=&#8221;url:https%3A%2F%2Fbuy.electroluxprofessional.com%2Felectrolux-professional%2Ffood-preparation-equipment-parts%2Fvacuum-machine-parts%2Fparts&#8221; param_acs=&#8221;Vacuum Packer Bags for refrigeration&#8221;][vc_empty_space][\/vc_column_inner][\/vc_row_inner][vc_empty_space][\/vc_column][\/vc_row][vc_row][vc_column][elx_double_banner text_colors_1=&#8221;text-blue&#8221; text_colors_2=&#8221;text-blue&#8221; title_1=&#8221;Armarios refrigerados&#8221; title_2=&#8221;Mesas refrigeradas&#8221; link_1=&#8221;url:https%3A%2F%2Fwww.electroluxprofessional.com%2Fes%2Farmarios-refrigerados-ecostore%2F|title:Descubre|target:_blank&#8221; background_image_media_library_1=&#8221;22018&#8243; link_2=&#8221;url:https%3A%2F%2Fwww.electroluxprofessional.com%2Fes%2Fmesas-refrigeradas-ecostore%2F|title:Descubre|target:_blank&#8221; background_image_media_library_2=&#8221;15531&#8243; background_image_media_library_mobile_2=&#8221;15532&#8243;][vc_empty_space][vc_empty_space][elx_shop_now button_text=&#8221;COMPRAR AHORA&#8221; button_display_block=&#8221;display_block_on&#8221; button_alignment=&#8221;align_center&#8221; button_link=&#8221;url:https%3A%2F%2Fbuy.electroluxprofessional.com%2Felectrolux-professional%2Frefrigeration-parts%2Fparts|||&#8221;][vc_empty_space][\/vc_column][\/vc_row][vc_row el_id=&#8221;contact&#8221;][vc_column][vc_empty_space][elx_heading font_container=&#8221;h3&#8243; text_color=&#8221;inherit&#8221;]Descubre c\u00f3mo personalizar tu equipo de refrigeraci\u00f3n[\/elx_heading][elx_o2000_contact_us s=&#8221;Solicitud de informaci\u00f3n sobre accesorios y consumibles.&#8221; container=&#8221;elxcontactus1484306106&#8243; r=&#8221;Me gustar\u00eda obtener m\u00e1s informaci\u00f3n sobre los accesorios y consumibles para refrigeraci\u00f3n. Por favor, poneos en contacto conmigo.&#8221;][\/vc_column][\/vc_row]<\/p>\n","protected":false},"excerpt":{"rendered":"<p>[vc_row full_width=&#8221;electroluxpro-full-width-no-padding&#8221;][vc_column css=&#8221;.vc_custom_1618358802266{margin-top: -40px !important;border-top-width: -40px !important;padding-top: -40px !important;}&#8221;][elx_full_banner title=&#8221;Accesorios y Consumibles para Refrigeraci\u00f3n&#8221; set_as_h1=&#8221;true&#8221; background_image_media_library=&#8221;15529&#8243; background_image_media_library_mobile=&#8221;15530&#8243; link=&#8221;url:%23contact|title:Descubre%20m%C3%A1s&#8221;][vc_row_inner full_width=&#8221;electroluxpro-full-width&#8221; gap=&#8221;15&#8243;][vc_column_inner width=&#8221;1\/4&#8243;][elx_download_block text=&#8221;Cat\u00e1logo de Accesorios de protecci\u00f3n, higienizaci\u00f3n y limpieza&#8221; document_type=&#8221;cat&#8221; file_picker=&#8221;21557&#8243; background_color=&#8221;electrolux-blue&#8221; background_hover_color=&#8221;lighter-hover&#8221;][\/vc_column_inner][vc_column_inner width=&#8221;1\/4&#8243;][elx_download_block text=&#8221;Cat\u00e1logo de Recambios Originales, Accesorios y Consumibles&#8221; document_type=&#8221;cat&#8221; file_picker=&#8221;21555&#8243; background_color=&#8221;electrolux-blue&#8221; background_hover_color=&#8221;lighter-hover&#8221;][\/vc_column_inner][vc_column_inner width=&#8221;1\/4&#8243;][elx_download_block text=&#8221;Cat\u00e1logo de kits de recambios&#8221; document_type=&#8221;cat&#8221; file_picker=&#8221;21556&#8243; background_color=&#8221;electrolux-blue&#8221; background_hover_color=&#8221;lighter-hover&#8221;][\/vc_column_inner][vc_column_inner [&hellip;]<\/p>\n","protected":false},"author":368,"featured_media":15529,"parent":0,"menu_order":0,"comment_status":"closed","ping_status":"closed","template":"","meta":{"footnotes":""},"class_list":["post-22019","page","type-page","status-publish","has-post-thumbnail","hentry"],"acf":[],"yoast_head":"<!-- This site is optimized with the Yoast SEO plugin v23.4 - https:\/\/yoast.com\/wordpress\/plugins\/seo\/ -->\n<title>Accesorios y consumibles Refrigeraci\u00f3n | Electrolux Professional<\/title>\n<meta name=\"description\" content=\"Para conservar los alimentos, los accesorios y consumibles son el activo m\u00e1s valioso de tu cocina. Elige el accesorio ideal de refrigeraci\u00f3n.\" \/>\n<meta name=\"robots\" content=\"index, follow, max-snippet:-1, max-image-preview:large, max-video-preview:-1\" \/>\n<link rel=\"canonical\" href=\"https:\/\/www.electroluxprofessional.com\/es\/accesorios-y-consumibles-refrigeracion\/\" \/>\n<meta property=\"og:locale\" content=\"es_ES\" \/>\n<meta property=\"og:type\" content=\"article\" \/>\n<meta property=\"og:title\" content=\"Accesorios y consumibles Refrigeraci\u00f3n | Electrolux Professional\" \/>\n<meta property=\"og:description\" content=\"Para conservar los alimentos, los accesorios y consumibles son el activo m\u00e1s valioso de tu cocina. Elige el accesorio ideal de refrigeraci\u00f3n.\" \/>\n<meta property=\"og:url\" content=\"https:\/\/www.electroluxprofessional.com\/es\/accesorios-y-consumibles-refrigeracion\/\" \/>\n<meta property=\"og:site_name\" content=\"Electrolux Professional Espa\u00f1a\" \/>\n<meta property=\"article:modified_time\" content=\"2026-03-28T18:55:29+00:00\" \/>\n<meta property=\"og:image\" content=\"https:\/\/www.electroluxprofessional.com\/es\/wp-content\/uploads\/2021\/11\/banner12312.jpg\" \/>\n\t<meta property=\"og:image:width\" content=\"1920\" \/>\n\t<meta property=\"og:image:height\" content=\"581\" \/>\n\t<meta property=\"og:image:type\" content=\"image\/jpeg\" \/>\n<meta name=\"twitter:card\" content=\"summary_large_image\" \/>\n<meta name=\"twitter:label1\" content=\"Tiempo de lectura\" \/>\n\t<meta name=\"twitter:data1\" content=\"2 minutos\" \/>\n<script type=\"application\/ld+json\" class=\"yoast-schema-graph\">{\"@context\":\"https:\/\/schema.org\",\"@graph\":[{\"@type\":\"WebPage\",\"@id\":\"https:\/\/www.electroluxprofessional.com\/es\/accesorios-y-consumibles-refrigeracion\/\",\"url\":\"https:\/\/www.electroluxprofessional.com\/es\/accesorios-y-consumibles-refrigeracion\/\",\"name\":\"Accesorios y consumibles Refrigeraci\u00f3n | Electrolux Professional\",\"isPartOf\":{\"@id\":\"https:\/\/www.electroluxprofessional.com\/es\/#website\"},\"primaryImageOfPage\":{\"@id\":\"https:\/\/www.electroluxprofessional.com\/es\/accesorios-y-consumibles-refrigeracion\/#primaryimage\"},\"image\":{\"@id\":\"https:\/\/www.electroluxprofessional.com\/es\/accesorios-y-consumibles-refrigeracion\/#primaryimage\"},\"thumbnailUrl\":\"https:\/\/www.electroluxprofessional.com\/es\/wp-content\/uploads\/2021\/11\/banner12312.jpg\",\"datePublished\":\"2025-03-14T14:20:15+00:00\",\"dateModified\":\"2026-03-28T18:55:29+00:00\",\"description\":\"Para conservar los alimentos, los accesorios y consumibles son el activo m\u00e1s valioso de tu cocina. Elige el accesorio ideal de refrigeraci\u00f3n.\",\"breadcrumb\":{\"@id\":\"https:\/\/www.electroluxprofessional.com\/es\/accesorios-y-consumibles-refrigeracion\/#breadcrumb\"},\"inLanguage\":\"es\",\"potentialAction\":[{\"@type\":\"ReadAction\",\"target\":[\"https:\/\/www.electroluxprofessional.com\/es\/accesorios-y-consumibles-refrigeracion\/\"]}]},{\"@type\":\"ImageObject\",\"inLanguage\":\"es\",\"@id\":\"https:\/\/www.electroluxprofessional.com\/es\/accesorios-y-consumibles-refrigeracion\/#primaryimage\",\"url\":\"https:\/\/www.electroluxprofessional.com\/es\/wp-content\/uploads\/2021\/11\/banner12312.jpg\",\"contentUrl\":\"https:\/\/www.electroluxprofessional.com\/es\/wp-content\/uploads\/2021\/11\/banner12312.jpg\",\"width\":1920,\"height\":581,\"caption\":\"banner12312\"},{\"@type\":\"BreadcrumbList\",\"@id\":\"https:\/\/www.electroluxprofessional.com\/es\/accesorios-y-consumibles-refrigeracion\/#breadcrumb\",\"itemListElement\":[{\"@type\":\"ListItem\",\"position\":1,\"name\":\"Home\",\"item\":\"https:\/\/www.electroluxprofessional.com\/es\/\"},{\"@type\":\"ListItem\",\"position\":2,\"name\":\"Accesorios y consumibles &#8211; Refrigeraci\u00f3n\"}]},{\"@type\":\"WebSite\",\"@id\":\"https:\/\/www.electroluxprofessional.com\/es\/#website\",\"url\":\"https:\/\/www.electroluxprofessional.com\/es\/\",\"name\":\"Electrolux Professional Espa\u00f1a\",\"description\":\"Equipamiento cocinas profesionales y lavander\u00edas comerciales. Excelencia en el suministro de soluciones profesionales.\",\"potentialAction\":[{\"@type\":\"SearchAction\",\"target\":{\"@type\":\"EntryPoint\",\"urlTemplate\":\"https:\/\/www.electroluxprofessional.com\/es\/?src={search_term_string}\"},\"query-input\":{\"@type\":\"PropertyValueSpecification\",\"valueRequired\":true,\"valueName\":\"search_term_string\"}}],\"inLanguage\":\"es\"}]}<\/script>\n<!-- \/ Yoast SEO plugin. -->","yoast_head_json":{"title":"Accesorios y consumibles Refrigeraci\u00f3n | Electrolux Professional","description":"Para conservar los alimentos, los accesorios y consumibles son el activo m\u00e1s valioso de tu cocina. Elige el accesorio ideal de refrigeraci\u00f3n.","robots":{"index":"index","follow":"follow","max-snippet":"max-snippet:-1","max-image-preview":"max-image-preview:large","max-video-preview":"max-video-preview:-1"},"canonical":"https:\/\/www.electroluxprofessional.com\/es\/accesorios-y-consumibles-refrigeracion\/","og_locale":"es_ES","og_type":"article","og_title":"Accesorios y consumibles Refrigeraci\u00f3n | Electrolux Professional","og_description":"Para conservar los alimentos, los accesorios y consumibles son el activo m\u00e1s valioso de tu cocina. Elige el accesorio ideal de refrigeraci\u00f3n.","og_url":"https:\/\/www.electroluxprofessional.com\/es\/accesorios-y-consumibles-refrigeracion\/","og_site_name":"Electrolux Professional Espa\u00f1a","article_modified_time":"2026-03-28T18:55:29+00:00","og_image":[{"width":1920,"height":581,"url":"https:\/\/www.electroluxprofessional.com\/es\/wp-content\/uploads\/2021\/11\/banner12312.jpg","type":"image\/jpeg"}],"twitter_card":"summary_large_image","twitter_misc":{"Tiempo de lectura":"2 minutos"},"schema":{"@context":"https:\/\/schema.org","@graph":[{"@type":"WebPage","@id":"https:\/\/www.electroluxprofessional.com\/es\/accesorios-y-consumibles-refrigeracion\/","url":"https:\/\/www.electroluxprofessional.com\/es\/accesorios-y-consumibles-refrigeracion\/","name":"Accesorios y consumibles Refrigeraci\u00f3n | Electrolux Professional","isPartOf":{"@id":"https:\/\/www.electroluxprofessional.com\/es\/#website"},"primaryImageOfPage":{"@id":"https:\/\/www.electroluxprofessional.com\/es\/accesorios-y-consumibles-refrigeracion\/#primaryimage"},"image":{"@id":"https:\/\/www.electroluxprofessional.com\/es\/accesorios-y-consumibles-refrigeracion\/#primaryimage"},"thumbnailUrl":"https:\/\/www.electroluxprofessional.com\/es\/wp-content\/uploads\/2021\/11\/banner12312.jpg","datePublished":"2025-03-14T14:20:15+00:00","dateModified":"2026-03-28T18:55:29+00:00","description":"Para conservar los alimentos, los accesorios y consumibles son el activo m\u00e1s valioso de tu cocina. Elige el accesorio ideal de refrigeraci\u00f3n.","breadcrumb":{"@id":"https:\/\/www.electroluxprofessional.com\/es\/accesorios-y-consumibles-refrigeracion\/#breadcrumb"},"inLanguage":"es","potentialAction":[{"@type":"ReadAction","target":["https:\/\/www.electroluxprofessional.com\/es\/accesorios-y-consumibles-refrigeracion\/"]}]},{"@type":"ImageObject","inLanguage":"es","@id":"https:\/\/www.electroluxprofessional.com\/es\/accesorios-y-consumibles-refrigeracion\/#primaryimage","url":"https:\/\/www.electroluxprofessional.com\/es\/wp-content\/uploads\/2021\/11\/banner12312.jpg","contentUrl":"https:\/\/www.electroluxprofessional.com\/es\/wp-content\/uploads\/2021\/11\/banner12312.jpg","width":1920,"height":581,"caption":"banner12312"},{"@type":"BreadcrumbList","@id":"https:\/\/www.electroluxprofessional.com\/es\/accesorios-y-consumibles-refrigeracion\/#breadcrumb","itemListElement":[{"@type":"ListItem","position":1,"name":"Home","item":"https:\/\/www.electroluxprofessional.com\/es\/"},{"@type":"ListItem","position":2,"name":"Accesorios y consumibles &#8211; Refrigeraci\u00f3n"}]},{"@type":"WebSite","@id":"https:\/\/www.electroluxprofessional.com\/es\/#website","url":"https:\/\/www.electroluxprofessional.com\/es\/","name":"Electrolux Professional Espa\u00f1a","description":"Equipamiento cocinas profesionales y lavander\u00edas comerciales. Excelencia en el suministro de soluciones profesionales.","potentialAction":[{"@type":"SearchAction","target":{"@type":"EntryPoint","urlTemplate":"https:\/\/www.electroluxprofessional.com\/es\/?src={search_term_string}"},"query-input":{"@type":"PropertyValueSpecification","valueRequired":true,"valueName":"search_term_string"}}],"inLanguage":"es"}]}},"_links":{"self":[{"href":"https:\/\/www.electroluxprofessional.com\/es\/wp-json\/wp\/v2\/pages\/22019"}],"collection":[{"href":"https:\/\/www.electroluxprofessional.com\/es\/wp-json\/wp\/v2\/pages"}],"about":[{"href":"https:\/\/www.electroluxprofessional.com\/es\/wp-json\/wp\/v2\/types\/page"}],"author":[{"embeddable":true,"href":"https:\/\/www.electroluxprofessional.com\/es\/wp-json\/wp\/v2\/users\/368"}],"replies":[{"embeddable":true,"href":"https:\/\/www.electroluxprofessional.com\/es\/wp-json\/wp\/v2\/comments?post=22019"}],"version-history":[{"count":4,"href":"https:\/\/www.electroluxprofessional.com\/es\/wp-json\/wp\/v2\/pages\/22019\/revisions"}],"predecessor-version":[{"id":26024,"href":"https:\/\/www.electroluxprofessional.com\/es\/wp-json\/wp\/v2\/pages\/22019\/revisions\/26024"}],"wp:featuredmedia":[{"embeddable":true,"href":"https:\/\/www.electroluxprofessional.com\/es\/wp-json\/wp\/v2\/media\/15529"}],"wp:attachment":[{"href":"https:\/\/www.electroluxprofessional.com\/es\/wp-json\/wp\/v2\/media?parent=22019"}],"curies":[{"name":"wp","href":"https:\/\/api.w.org\/{rel}","templated":true}]}}