{"id":22011,"date":"2025-03-14T14:19:46","date_gmt":"2025-03-14T14:19:46","guid":{"rendered":"https:\/\/www.electroluxprofessional.com\/es\/?page_id=22011"},"modified":"2026-03-31T07:11:57","modified_gmt":"2026-03-31T07:11:57","slug":"equipos-lavavajillas","status":"publish","type":"page","link":"https:\/\/www.electroluxprofessional.com\/es\/equipos-lavavajillas\/","title":{"rendered":"Accesorios y consumibles &#8211; Equipos de lavado de vajilla"},"content":{"rendered":"<p>[vc_row full_width=&#8221;electroluxpro-full-width-no-padding&#8221;][vc_column css=&#8221;.vc_custom_1618358802266{margin-top: -40px !important;border-top-width: -40px !important;padding-top: -40px !important;}&#8221;][elx_full_banner title=&#8221;Accesorios y Consumibles para Equipamiento de Lavavajillas&#8221; set_as_h1=&#8221;true&#8221; background_image_media_library=&#8221;15526&#8243; background_image_media_library_mobile=&#8221;15527&#8243; link=&#8221;url:%23contact|title:Descubre%20m%C3%A1s&#8221;][vc_row_inner full_width=&#8221;electroluxpro-full-width&#8221; gap=&#8221;15&#8243;][vc_column_inner width=&#8221;1\/4&#8243;][elx_download_block text=&#8221;Cat\u00e1logo de Accesorios de protecci\u00f3n, higienizaci\u00f3n y limpieza&#8221; document_type=&#8221;cat&#8221; file_picker=&#8221;21557&#8243; background_color=&#8221;electrolux-blue&#8221; background_hover_color=&#8221;lighter-hover&#8221;][\/vc_column_inner][vc_column_inner width=&#8221;1\/4&#8243;][elx_download_block text=&#8221;Cat\u00e1logo de Recambios Originales, Accesorios y Consumibles&#8221; document_type=&#8221;cat&#8221; file_picker=&#8221;21555&#8243; background_color=&#8221;electrolux-blue&#8221; background_hover_color=&#8221;lighter-hover&#8221;][\/vc_column_inner][vc_column_inner width=&#8221;1\/4&#8243;][elx_download_block text=&#8221;Cat\u00e1logo de kits de recambios&#8221; document_type=&#8221;cat&#8221; file_picker=&#8221;21556&#8243; background_color=&#8221;electrolux-blue&#8221; background_hover_color=&#8221;lighter-hover&#8221;][\/vc_column_inner][vc_column_inner width=&#8221;1\/4&#8243;][elx_download_block text=&#8221;Gu\u00eda de selecci\u00f3n de detergentes para la limpieza profesional&#8221; file_picker=&#8221;21561&#8243; background_color=&#8221;electrolux-blue&#8221;][\/vc_column_inner][\/vc_row_inner][\/vc_column][\/vc_row][vc_row][vc_column][elx_menu][vc_empty_space][vc_column_text]<\/p>\n<p style=\"text-align: center;\">Nuestra soluci\u00f3n solo puede alcanzar resultados extraordinarios y m\u00e1ximo rendimiento con nuestros accesorios y consumibles.<\/p>\n<p>[\/vc_column_text][vc_empty_space][elx_button button_text=&#8221;Descubre nuestros lavavajillas comerciales&#8221; button_link=&#8221;url:https%3A%2F%2Fwww.electroluxprofessional.com%2Fes%2Fequipamiento-cocinas-profesionales%2Flavado-de-vajilla-comercial%2F|target:_blank&#8221;][\/vc_column][\/vc_row][vc_row disable_element=&#8221;yes&#8221;][vc_column][vc_empty_space][vc_row_inner disable_element=&#8221;yes&#8221;][vc_column_inner width=&#8221;1\/2&#8243;][vc_single_image image=&#8221;15523&#8243; img_size=&#8221;530&#215;285&#8243; css_animation=&#8221;none&#8221;][\/vc_column_inner][vc_column_inner width=&#8221;1\/2&#8243;][elx_heading font_size=&#8221;h5&#8243; text_color=&#8221;inherit&#8221;]Grifos del agua[\/elx_heading][vc_column_text]Grifos mezcladores con una o m\u00e1s salidas, grifo mezclador de una salida accionado por infrarrojos, grifos de agua con unidades de ducha, grupos de lavado&#8230; elige los mejores accesorios para tu equipo de lavado de vajilla.[\/vc_column_text][vc_empty_space][elx_shop_now button_text=&#8221;COMPRAR AHORA&#8221; button_display_block=&#8221;display_block_on&#8221; button_alignment=&#8221;align_center&#8221; button_link=&#8221;url:https%3A%2F%2Fbuy.electroluxprofessional.com%2Felectrolux-professional%2Ftaps%2Fparts&#8221;][vc_empty_space][\/vc_column_inner][\/vc_row_inner][\/vc_column][\/vc_row][vc_row][vc_column][vc_empty_space][\/vc_column][vc_column][vc_empty_space][vc_row_inner][vc_column_inner width=&#8221;1\/2&#8243;][elx_heading font_size=&#8221;h5&#8243; text_color=&#8221;inherit&#8221;]Cestos de uso universal[\/elx_heading][vc_column_text]Elige entre nuestros distintos tipos de cestos:\u00a0 para platos o cuencos planos; con insertos de alambre para platos de pizza, tazas comunes o de caf\u00e9; con recipientes para cubiertos; con abertura lateral para bandejas, etc.[\/vc_column_text][vc_empty_space][elx_shop_now button_text=&#8221;COMPRAR AHORA&#8221; button_display_block=&#8221;display_block_on&#8221; button_alignment=&#8221;align_center&#8221; button_link=&#8221;url:https%3A%2F%2Fbuy.electroluxprofessional.com%2Fparts%3Fq%3Dbaskets&#8221;][vc_empty_space][\/vc_column_inner][vc_column_inner width=&#8221;1\/2&#8243;][vc_single_image image=&#8221;12703&#8243; img_size=&#8221;530*285&#8243; css_animation=&#8221;none&#8221;][\/vc_column_inner][\/vc_row_inner][vc_empty_space][vc_row_inner][vc_column_inner width=&#8221;1\/2&#8243;][vc_single_image image=&#8221;15524&#8243; img_size=&#8221;530*285&#8243; alignment=&#8221;center&#8221; css_animation=&#8221;none&#8221;][\/vc_column_inner][vc_column_inner width=&#8221;1\/2&#8243;][elx_heading font_size=&#8221;h5&#8243; text_color=&#8221;inherit&#8221;]Detergentes l\u00edquidos[\/elx_heading][vc_column_text]En cristales brillantes, estos detergentes eliminan por completo manchas y gotas y lo dejan todo perfectamente seco y limpio. Una f\u00f3rmula espec\u00edfica impide la formaci\u00f3n de acumulaciones calc\u00e1reas.[\/vc_column_text][elx_button button_text=&#8221;Lavavajillas comerciales&#8221; button_style=&#8221;icon&#8221; button_link=&#8221;url:https%3A%2F%2Fwww.electroluxprofessional.com%2Fes%2Fequipamiento-cocinas-profesionales%2Flavado-de-vajilla-comercial%2F|title:Lavavajillas%20comerciales|target:_blank&#8221;][vc_empty_space][elx_shop_now button_text=&#8221;COMPRAR AHORA&#8221; button_display_block=&#8221;display_block_on&#8221; button_alignment=&#8221;align_center&#8221; button_link=&#8221;url:https%3A%2F%2Fbuy.electroluxprofessional.com%2Felectrolux-professional%2Fcleaners-detergents%2Fparts|||&#8221;][vc_empty_space][\/vc_column_inner][\/vc_row_inner][vc_empty_space][\/vc_column][\/vc_row][vc_row css=&#8221;.vc_custom_1619575574189{background-color: #e8eff5 !important;}&#8221;][vc_column][vc_column_text]<\/p>\n<h3>\u00bfSab\u00edas que tus copas y vasos pierden \u201cpeso\u201d con cada ciclo y se van haciendo m\u00e1s fr\u00e1giles?<\/h3>\n<p>[\/vc_column_text][vc_single_image image=&#8221;15525&#8243; img_size=&#8221;full&#8221;][elx_download_block text=&#8221;The right solution-DISHWASHING CHEMICALS&#8221; document_type=&#8221;brochures&#8221; background_color=&#8221;inherit&#8221;][\/vc_column][\/vc_row][vc_row el_id=&#8221;contact&#8221;][vc_column][elx_heading font_container=&#8221;h3&#8243; text_color=&#8221;inherit&#8221;]Descubre c\u00f3mo personalizar tu equipo de lavado de vajilla[\/elx_heading][elx_o2000_contact_us s=&#8221;Solicitud de informaci\u00f3n sobre accesorios y consumibles para lavado de vajilla.&#8221; container=&#8221;elxcontactus1484553998&#8243; r=&#8221;Me gustar\u00eda obtener m\u00e1s informaci\u00f3n sobre los accesorios y consumibles para lavado de vajilla. Por favor, poneos en contacto conmigo.&#8221;][\/vc_column][\/vc_row]<\/p>\n","protected":false},"excerpt":{"rendered":"<p>[vc_row full_width=&#8221;electroluxpro-full-width-no-padding&#8221;][vc_column css=&#8221;.vc_custom_1618358802266{margin-top: -40px !important;border-top-width: -40px !important;padding-top: -40px !important;}&#8221;][elx_full_banner title=&#8221;Accesorios y Consumibles para Equipamiento de Lavavajillas&#8221; set_as_h1=&#8221;true&#8221; background_image_media_library=&#8221;15526&#8243; background_image_media_library_mobile=&#8221;15527&#8243; link=&#8221;url:%23contact|title:Descubre%20m%C3%A1s&#8221;][vc_row_inner full_width=&#8221;electroluxpro-full-width&#8221; gap=&#8221;15&#8243;][vc_column_inner width=&#8221;1\/4&#8243;][elx_download_block text=&#8221;Cat\u00e1logo de Accesorios de protecci\u00f3n, higienizaci\u00f3n y limpieza&#8221; document_type=&#8221;cat&#8221; file_picker=&#8221;21557&#8243; background_color=&#8221;electrolux-blue&#8221; background_hover_color=&#8221;lighter-hover&#8221;][\/vc_column_inner][vc_column_inner width=&#8221;1\/4&#8243;][elx_download_block text=&#8221;Cat\u00e1logo de Recambios Originales, Accesorios y Consumibles&#8221; document_type=&#8221;cat&#8221; file_picker=&#8221;21555&#8243; background_color=&#8221;electrolux-blue&#8221; background_hover_color=&#8221;lighter-hover&#8221;][\/vc_column_inner][vc_column_inner width=&#8221;1\/4&#8243;][elx_download_block text=&#8221;Cat\u00e1logo de kits de recambios&#8221; document_type=&#8221;cat&#8221; file_picker=&#8221;21556&#8243; [&hellip;]<\/p>\n","protected":false},"author":368,"featured_media":796,"parent":0,"menu_order":0,"comment_status":"closed","ping_status":"closed","template":"","meta":{"footnotes":""},"class_list":["post-22011","page","type-page","status-publish","has-post-thumbnail","hentry"],"acf":[],"yoast_head":"<!-- This site is optimized with the Yoast SEO plugin v23.4 - https:\/\/yoast.com\/wordpress\/plugins\/seo\/ -->\n<title>Lavavajillas: accesorios y consumibles | Electrolux Professional<\/title>\n<meta name=\"description\" content=\"Consigue resultados brillantes y el mejor rendimiento posible con nuestros accesorios y consumibles originales. Descubre la gama completa de detergentes para lavavajillas profesionales.\" \/>\n<meta name=\"robots\" content=\"index, follow, max-snippet:-1, max-image-preview:large, max-video-preview:-1\" \/>\n<link rel=\"canonical\" href=\"https:\/\/www.electroluxprofessional.com\/es\/equipos-lavavajillas\/\" \/>\n<meta property=\"og:locale\" content=\"es_ES\" \/>\n<meta property=\"og:type\" content=\"article\" \/>\n<meta property=\"og:title\" content=\"Lavavajillas: accesorios y consumibles | Electrolux Professional\" \/>\n<meta property=\"og:description\" content=\"Consigue resultados brillantes y el mejor rendimiento posible con nuestros accesorios y consumibles originales. Descubre la gama completa de detergentes para lavavajillas profesionales.\" \/>\n<meta property=\"og:url\" content=\"https:\/\/www.electroluxprofessional.com\/es\/equipos-lavavajillas\/\" \/>\n<meta property=\"og:site_name\" content=\"Electrolux Professional Espa\u00f1a\" \/>\n<meta property=\"article:modified_time\" content=\"2026-03-31T07:11:57+00:00\" \/>\n<meta property=\"og:image\" content=\"https:\/\/www.electroluxprofessional.com\/es\/wp-content\/uploads\/2016\/08\/detergent-washing-machine.jpg\" \/>\n\t<meta property=\"og:image:width\" content=\"750\" \/>\n\t<meta property=\"og:image:height\" content=\"617\" \/>\n\t<meta property=\"og:image:type\" content=\"image\/jpeg\" \/>\n<meta name=\"twitter:card\" content=\"summary_large_image\" \/>\n<meta name=\"twitter:label1\" content=\"Tiempo de lectura\" \/>\n\t<meta name=\"twitter:data1\" content=\"2 minutos\" \/>\n<script type=\"application\/ld+json\" class=\"yoast-schema-graph\">{\"@context\":\"https:\/\/schema.org\",\"@graph\":[{\"@type\":\"WebPage\",\"@id\":\"https:\/\/www.electroluxprofessional.com\/es\/equipos-lavavajillas\/\",\"url\":\"https:\/\/www.electroluxprofessional.com\/es\/equipos-lavavajillas\/\",\"name\":\"Lavavajillas: accesorios y consumibles | Electrolux Professional\",\"isPartOf\":{\"@id\":\"https:\/\/www.electroluxprofessional.com\/es\/#website\"},\"primaryImageOfPage\":{\"@id\":\"https:\/\/www.electroluxprofessional.com\/es\/equipos-lavavajillas\/#primaryimage\"},\"image\":{\"@id\":\"https:\/\/www.electroluxprofessional.com\/es\/equipos-lavavajillas\/#primaryimage\"},\"thumbnailUrl\":\"https:\/\/www.electroluxprofessional.com\/es\/wp-content\/uploads\/2016\/08\/detergent-washing-machine.jpg\",\"datePublished\":\"2025-03-14T14:19:46+00:00\",\"dateModified\":\"2026-03-31T07:11:57+00:00\",\"description\":\"Consigue resultados brillantes y el mejor rendimiento posible con nuestros accesorios y consumibles originales. Descubre la gama completa de detergentes para lavavajillas profesionales.\",\"breadcrumb\":{\"@id\":\"https:\/\/www.electroluxprofessional.com\/es\/equipos-lavavajillas\/#breadcrumb\"},\"inLanguage\":\"es\",\"potentialAction\":[{\"@type\":\"ReadAction\",\"target\":[\"https:\/\/www.electroluxprofessional.com\/es\/equipos-lavavajillas\/\"]}]},{\"@type\":\"ImageObject\",\"inLanguage\":\"es\",\"@id\":\"https:\/\/www.electroluxprofessional.com\/es\/equipos-lavavajillas\/#primaryimage\",\"url\":\"https:\/\/www.electroluxprofessional.com\/es\/wp-content\/uploads\/2016\/08\/detergent-washing-machine.jpg\",\"contentUrl\":\"https:\/\/www.electroluxprofessional.com\/es\/wp-content\/uploads\/2016\/08\/detergent-washing-machine.jpg\",\"width\":750,\"height\":617,\"caption\":\"dishwasher rinse\"},{\"@type\":\"BreadcrumbList\",\"@id\":\"https:\/\/www.electroluxprofessional.com\/es\/equipos-lavavajillas\/#breadcrumb\",\"itemListElement\":[{\"@type\":\"ListItem\",\"position\":1,\"name\":\"Home\",\"item\":\"https:\/\/www.electroluxprofessional.com\/es\/\"},{\"@type\":\"ListItem\",\"position\":2,\"name\":\"Accesorios y consumibles &#8211; Equipos de lavado de vajilla\"}]},{\"@type\":\"WebSite\",\"@id\":\"https:\/\/www.electroluxprofessional.com\/es\/#website\",\"url\":\"https:\/\/www.electroluxprofessional.com\/es\/\",\"name\":\"Electrolux Professional Espa\u00f1a\",\"description\":\"Equipamiento cocinas profesionales y lavander\u00edas comerciales. Excelencia en el suministro de soluciones profesionales.\",\"potentialAction\":[{\"@type\":\"SearchAction\",\"target\":{\"@type\":\"EntryPoint\",\"urlTemplate\":\"https:\/\/www.electroluxprofessional.com\/es\/?src={search_term_string}\"},\"query-input\":{\"@type\":\"PropertyValueSpecification\",\"valueRequired\":true,\"valueName\":\"search_term_string\"}}],\"inLanguage\":\"es\"}]}<\/script>\n<!-- \/ Yoast SEO plugin. -->","yoast_head_json":{"title":"Lavavajillas: accesorios y consumibles | Electrolux Professional","description":"Consigue resultados brillantes y el mejor rendimiento posible con nuestros accesorios y consumibles originales. Descubre la gama completa de detergentes para lavavajillas profesionales.","robots":{"index":"index","follow":"follow","max-snippet":"max-snippet:-1","max-image-preview":"max-image-preview:large","max-video-preview":"max-video-preview:-1"},"canonical":"https:\/\/www.electroluxprofessional.com\/es\/equipos-lavavajillas\/","og_locale":"es_ES","og_type":"article","og_title":"Lavavajillas: accesorios y consumibles | Electrolux Professional","og_description":"Consigue resultados brillantes y el mejor rendimiento posible con nuestros accesorios y consumibles originales. Descubre la gama completa de detergentes para lavavajillas profesionales.","og_url":"https:\/\/www.electroluxprofessional.com\/es\/equipos-lavavajillas\/","og_site_name":"Electrolux Professional Espa\u00f1a","article_modified_time":"2026-03-31T07:11:57+00:00","og_image":[{"width":750,"height":617,"url":"https:\/\/www.electroluxprofessional.com\/es\/wp-content\/uploads\/2016\/08\/detergent-washing-machine.jpg","type":"image\/jpeg"}],"twitter_card":"summary_large_image","twitter_misc":{"Tiempo de lectura":"2 minutos"},"schema":{"@context":"https:\/\/schema.org","@graph":[{"@type":"WebPage","@id":"https:\/\/www.electroluxprofessional.com\/es\/equipos-lavavajillas\/","url":"https:\/\/www.electroluxprofessional.com\/es\/equipos-lavavajillas\/","name":"Lavavajillas: accesorios y consumibles | Electrolux Professional","isPartOf":{"@id":"https:\/\/www.electroluxprofessional.com\/es\/#website"},"primaryImageOfPage":{"@id":"https:\/\/www.electroluxprofessional.com\/es\/equipos-lavavajillas\/#primaryimage"},"image":{"@id":"https:\/\/www.electroluxprofessional.com\/es\/equipos-lavavajillas\/#primaryimage"},"thumbnailUrl":"https:\/\/www.electroluxprofessional.com\/es\/wp-content\/uploads\/2016\/08\/detergent-washing-machine.jpg","datePublished":"2025-03-14T14:19:46+00:00","dateModified":"2026-03-31T07:11:57+00:00","description":"Consigue resultados brillantes y el mejor rendimiento posible con nuestros accesorios y consumibles originales. Descubre la gama completa de detergentes para lavavajillas profesionales.","breadcrumb":{"@id":"https:\/\/www.electroluxprofessional.com\/es\/equipos-lavavajillas\/#breadcrumb"},"inLanguage":"es","potentialAction":[{"@type":"ReadAction","target":["https:\/\/www.electroluxprofessional.com\/es\/equipos-lavavajillas\/"]}]},{"@type":"ImageObject","inLanguage":"es","@id":"https:\/\/www.electroluxprofessional.com\/es\/equipos-lavavajillas\/#primaryimage","url":"https:\/\/www.electroluxprofessional.com\/es\/wp-content\/uploads\/2016\/08\/detergent-washing-machine.jpg","contentUrl":"https:\/\/www.electroluxprofessional.com\/es\/wp-content\/uploads\/2016\/08\/detergent-washing-machine.jpg","width":750,"height":617,"caption":"dishwasher rinse"},{"@type":"BreadcrumbList","@id":"https:\/\/www.electroluxprofessional.com\/es\/equipos-lavavajillas\/#breadcrumb","itemListElement":[{"@type":"ListItem","position":1,"name":"Home","item":"https:\/\/www.electroluxprofessional.com\/es\/"},{"@type":"ListItem","position":2,"name":"Accesorios y consumibles &#8211; Equipos de lavado de vajilla"}]},{"@type":"WebSite","@id":"https:\/\/www.electroluxprofessional.com\/es\/#website","url":"https:\/\/www.electroluxprofessional.com\/es\/","name":"Electrolux Professional Espa\u00f1a","description":"Equipamiento cocinas profesionales y lavander\u00edas comerciales. Excelencia en el suministro de soluciones profesionales.","potentialAction":[{"@type":"SearchAction","target":{"@type":"EntryPoint","urlTemplate":"https:\/\/www.electroluxprofessional.com\/es\/?src={search_term_string}"},"query-input":{"@type":"PropertyValueSpecification","valueRequired":true,"valueName":"search_term_string"}}],"inLanguage":"es"}]}},"_links":{"self":[{"href":"https:\/\/www.electroluxprofessional.com\/es\/wp-json\/wp\/v2\/pages\/22011"}],"collection":[{"href":"https:\/\/www.electroluxprofessional.com\/es\/wp-json\/wp\/v2\/pages"}],"about":[{"href":"https:\/\/www.electroluxprofessional.com\/es\/wp-json\/wp\/v2\/types\/page"}],"author":[{"embeddable":true,"href":"https:\/\/www.electroluxprofessional.com\/es\/wp-json\/wp\/v2\/users\/368"}],"replies":[{"embeddable":true,"href":"https:\/\/www.electroluxprofessional.com\/es\/wp-json\/wp\/v2\/comments?post=22011"}],"version-history":[{"count":6,"href":"https:\/\/www.electroluxprofessional.com\/es\/wp-json\/wp\/v2\/pages\/22011\/revisions"}],"predecessor-version":[{"id":26081,"href":"https:\/\/www.electroluxprofessional.com\/es\/wp-json\/wp\/v2\/pages\/22011\/revisions\/26081"}],"wp:featuredmedia":[{"embeddable":true,"href":"https:\/\/www.electroluxprofessional.com\/es\/wp-json\/wp\/v2\/media\/796"}],"wp:attachment":[{"href":"https:\/\/www.electroluxprofessional.com\/es\/wp-json\/wp\/v2\/media?parent=22011"}],"curies":[{"name":"wp","href":"https:\/\/api.w.org\/{rel}","templated":true}]}}