{"id":21734,"date":"2025-02-14T13:01:29","date_gmt":"2025-02-14T13:01:29","guid":{"rendered":"https:\/\/www.electroluxprofessional.com\/es\/?page_id=21734"},"modified":"2026-03-28T11:11:24","modified_gmt":"2026-03-28T11:11:24","slug":"tu-negocio-soluciones-de-bebidas","status":"publish","type":"page","link":"https:\/\/www.electroluxprofessional.com\/es\/tu-negocio-soluciones-de-bebidas\/","title":{"rendered":"Soluciones integrales para bebidas"},"content":{"rendered":"<p>[vc_row full_width=&#8221;electroluxpro-full-width-no-padding&#8221;][vc_column][elx_image_block background_image=&#8221;21726&#8243; minimum_height=&#8221;400px&#8221;][vc_empty_space][\/vc_column][\/vc_row][vc_row][vc_column][elx_heading font_container=&#8221;h1&#8243; text_color=&#8221;inherit&#8221;]Soluciones de Bebidas para tu Negocio[\/elx_heading][vc_empty_space][vc_column_text]Ofrece una experiencia perfecta con nuestras soluciones a medida para preparar exquisitos caf\u00e9s, bebidas fr\u00edas y calientes, zumos y helados, dise\u00f1adas para satisfacer las necesidades espec\u00edficas de distintos entornos con una calidad y fiabilidad incomparables.[\/vc_column_text][vc_empty_space][elx_button button_text=&#8221;CONT\u00c1CTANOS&#8221; button_style=&#8221;default&#8221; button_link=&#8221;url:%23contactus&#8221;][vc_empty_space height=&#8221;60px&#8221;][\/vc_column][\/vc_row][vc_row full_width=&#8221;electroluxpro-full-width-no-padding&#8221;][vc_column][elx_features_download title=&#8221;\u00bfPor qu\u00e9 elegir las soluciones para bebidas de Electrolux Professional?&#8221; class_title=&#8221;h2&#8243; bg_discover_color=&#8221;bg-download-white&#8221; link_discover_color=&#8221;download-text-blue&#8221; title_position=&#8221;top&#8221; bg_row=&#8221;bg-row-light-blue&#8221; values=&#8221;%5B%7B%22select_type%22%3A%22link%22%7D%5D&#8221; discover=&#8221;%5B%7B%7D%5D&#8221; features=&#8221;%5B%7B%22icon_electroluxpro%22%3A%20%22elx-icon%20icon-circle-star-perfomance-blue%22%2C%22title_icon%22%3A%20%22Eficiencia%20y%20velocidad%22%2C%22text_icon%22%3A%20%22Nuestras%20soluciones%20para%20bebidas%20est%C3%A1n%20dise%C3%B1adas%20para%20seguir%20el%20ritmo%20de%20tu%20negocio.%20Nuestros%20productos%20proporcionan%20un%20rendimiento%20fiable%20e%20inmediato%20para%20responder%20f%C3%A1cilmente%20a%20las%20demandas%20de%20los%20entornos%20exigentes%2C%20ya%20se%20trate%20de%20moler%20caf%C3%A9%2C%20dispensar%20bebidas%20fr%C3%ADas%20o%20servir%20helados%20suaves.%22%7D%2C%7B%22icon_electroluxpro%22%3A%20%22elx-icon%20icon-circle-food-quality-blue%22%2C%22title_icon%22%3A%20%22Calidad%20uniforme%22%2C%22text_icon%22%3A%20%22La%20regularidad%20es%20la%20clave.%20Disfruta%20de%20resultados%20%C3%B3ptimos%20siempre%3A%20ya%20sea%20un%20caf%C3%A9%20expreso%20perfecto%2C%20una%20bebida%20enfriada%20a%20la%20temperatura%20ideal%20o%20un%20cremoso%20helado%20suave.%20Con%20nuestras%20soluciones%20tienes%20la%20seguridad%20de%20servir%20siempre%20productos%20de%20alta%20calidad%20que%20encantar%C3%A1n%20a%20tus%20clientes.%22%7D%2C%7B%22icon_electroluxpro%22%3A%20%22elx-icon%20icon-circle-easy-blue%22%2C%22title_icon%22%3A%20%22Funcionamiento%20sencillo%22%2C%22text_icon%22%3A%20%22Dise%C3%B1adas%20para%20la%20simplicidad%2C%20nuestras%20soluciones%20ofrecen%20controles%20intuitivos%20y%20procesos%20sencillos%20que%20facilitan%20un%20uso%20fluido.%20Desde%20la%20preparaci%C3%B3n%20r%C3%A1pida%20de%20bebidas%20hasta%20la%20facilidad%20de%20servicio%2C%20nuestros%20productos%20contribuyen%20a%20reducir%20el%20estr%C3%A9s%20y%20a%20aumentar%20la%20productividad%20de%20tus%20empleados.%22%7D%2C%7B%22icon_electroluxpro%22%3A%20%22elx-icon%20icon-glass-fork%22%2C%22title_icon%22%3A%20%22Higiene%20y%20f%C3%A1cil%20mantenimiento%22%2C%22text_icon%22%3A%20%22La%20limpieza%20es%20primordial.%20Nuestras%20soluciones%20est%C3%A1n%20pensadas%20para%20su%20f%C3%A1cil%20limpieza%20y%20mantenimiento%2C%20lo%20que%20te%20ayuda%20a%20respetar%20las%20normas%20de%20higiene%20y%20a%20la%20vez%20minimizar%20el%20tiempo%20de%20inactividad.%20Puedes%20centrarte%20en%20atender%20a%20tus%20clientes%2C%20no%20en%20el%20mantenimiento%20de%20los%20equipos.%22%7D%5D&#8221;][\/elx_features_download][vc_empty_space][\/vc_column][\/vc_row][vc_row el_id=&#8221;products&#8221;][vc_column][vc_empty_space][elx_heading text_color=&#8221;inherit&#8221; text_align=&#8221;text-center&#8221;]Descubre m\u00e1s soluciones para bebidas para el \u00e1mbito mar\u00edtimo[\/elx_heading][vc_empty_space][elx_product_showcase number_columns=&#8221;3&#8243; order_col1=&#8221;1&#8243; image_col1=&#8221;21727&#8243; order_col2=&#8221;2&#8243; image_col2=&#8221;21730&#8243; order_col3=&#8221;3&#8243; image_col3=&#8221;21732&#8243; order_col4=&#8221;4&#8243; bg_row=&#8221;bg-download-white&#8221; title_col1=&#8221;Molinillos de caf\u00e9&#8221; title_col2=&#8221;M\u00e1quinas de caf\u00e9 expreso&#8221; title_col3=&#8221;Dispensadores de bebidas calientes&#8221; link_col1=&#8221;url:https%3A%2F%2Fwww.electroluxprofessional.com%2Fes%2Fmolinillos-de-cafe%2F|target:_blank&#8221; link_col2=&#8221;url:https%3A%2F%2Fwww.electroluxprofessional.com%2Fes%2Fmaquinas-de-cafe-expreso%2F|target:_blank&#8221; link_col3=&#8221;url:https%3A%2F%2Fwww.electroluxprofessional.com%2Fes%2Fdispensadores-bebidas-calientes%2F|target:_blank&#8221;][vc_empty_space][elx_product_showcase number_columns=&#8221;3&#8243; order_col1=&#8221;1&#8243; image_col1=&#8221;21728&#8243; order_col2=&#8221;2&#8243; image_col2=&#8221;21731&#8243; order_col3=&#8221;3&#8243; image_col3=&#8221;21733&#8243; order_col4=&#8221;4&#8243; bg_row=&#8221;bg-download-white&#8221; title_col1=&#8221;Dispensadores de Bebidas Fr\u00edas&#8221; title_col2=&#8221;Dispensadores de zumos fr\u00edos&#8221; title_col3=&#8221;Dispensadores de bebidas y cremas heladas&#8221; link_col1=&#8221;url:https%3A%2F%2Fwww.electroluxprofessional.com%2Fes%2Fdispensadores-bebidas-frias%2F|target:_blank&#8221; link_col2=&#8221;url:https%3A%2F%2Fwww.electroluxprofessional.com%2Fes%2Fdispensadores-de-zumos-frios%2F|target:_blank&#8221; link_col3=&#8221;url:https%3A%2F%2Fwww.electroluxprofessional.com%2Fes%2Fdispensadores-bebidas-y-cremas-heladas%2F|target:_blank&#8221;][vc_empty_space][elx_product_showcase number_columns=&#8221;2&#8243; order_col1=&#8221;1&#8243; image_col1=&#8221;21729&#8243; order_col2=&#8221;2&#8243; order_col3=&#8221;3&#8243; order_col4=&#8221;4&#8243; bg_row=&#8221;bg-download-white&#8221; title_col1=&#8221;Soluciones de helados suaves&#8221; link_col1=&#8221;url:https%3A%2F%2Fwww.electroluxprofessional.com%2Fes%2Fhelados-suaves%2F|target:_blank&#8221;][vc_empty_space][\/vc_column][\/vc_row][vc_row el_id=&#8221;contactus&#8221;][vc_column][elx_heading text_color=&#8221;inherit&#8221; text_align=&#8221;text-center&#8221;]Descubre lo que nuestras soluciones para bebidas pueden aportar a tu negocio[\/elx_heading][vc_empty_space][elx_o2000_contact_us][\/vc_column][\/vc_row]<\/p>\n","protected":false},"excerpt":{"rendered":"<p>[vc_row full_width=&#8221;electroluxpro-full-width-no-padding&#8221;][vc_column][elx_image_block background_image=&#8221;21726&#8243; minimum_height=&#8221;400px&#8221;][vc_empty_space][\/vc_column][\/vc_row][vc_row][vc_column][elx_heading font_container=&#8221;h1&#8243; text_color=&#8221;inherit&#8221;]Soluciones de Bebidas para tu Negocio[\/elx_heading][vc_empty_space][vc_column_text]Ofrece una experiencia perfecta con nuestras soluciones a medida para preparar exquisitos caf\u00e9s, bebidas fr\u00edas y calientes, zumos y helados, dise\u00f1adas para satisfacer las necesidades espec\u00edficas de distintos entornos con una calidad y fiabilidad incomparables.[\/vc_column_text][vc_empty_space][elx_button button_text=&#8221;CONT\u00c1CTANOS&#8221; button_style=&#8221;default&#8221; button_link=&#8221;url:%23contactus&#8221;][vc_empty_space height=&#8221;60px&#8221;][\/vc_column][\/vc_row][vc_row full_width=&#8221;electroluxpro-full-width-no-padding&#8221;][vc_column][elx_features_download title=&#8221;\u00bfPor qu\u00e9 elegir las soluciones [&hellip;]<\/p>\n","protected":false},"author":368,"featured_media":21726,"parent":0,"menu_order":0,"comment_status":"closed","ping_status":"closed","template":"","meta":{"footnotes":""},"class_list":["post-21734","page","type-page","status-publish","has-post-thumbnail","hentry"],"acf":[],"yoast_head":"<!-- This site is optimized with the Yoast SEO plugin v23.4 - https:\/\/yoast.com\/wordpress\/plugins\/seo\/ -->\n<title>Soluciones de Bebidas para Negocios | Electrolux Professional<\/title>\n<meta name=\"description\" content=\"Descubre soluciones completas de bebidas, desde caf\u00e9 hasta zumos y helados, dise\u00f1adas para mejorar la rentabilidad y la satisfacci\u00f3n del cliente.\" \/>\n<meta name=\"robots\" content=\"index, follow, max-snippet:-1, max-image-preview:large, max-video-preview:-1\" \/>\n<link rel=\"canonical\" href=\"https:\/\/www.electroluxprofessional.com\/es\/tu-negocio-soluciones-de-bebidas\/\" \/>\n<meta property=\"og:locale\" content=\"es_ES\" \/>\n<meta property=\"og:type\" content=\"article\" \/>\n<meta property=\"og:title\" content=\"Soluciones de Bebidas para Negocios | Electrolux Professional\" \/>\n<meta property=\"og:description\" content=\"Descubre soluciones completas de bebidas, desde caf\u00e9 hasta zumos y helados, dise\u00f1adas para mejorar la rentabilidad y la satisfacci\u00f3n del cliente.\" \/>\n<meta property=\"og:url\" content=\"https:\/\/www.electroluxprofessional.com\/es\/tu-negocio-soluciones-de-bebidas\/\" \/>\n<meta property=\"og:site_name\" content=\"Electrolux Professional Espa\u00f1a\" \/>\n<meta property=\"article:modified_time\" content=\"2026-03-28T11:11:24+00:00\" \/>\n<meta property=\"og:image\" content=\"https:\/\/www.electroluxprofessional.com\/es\/wp-content\/uploads\/2025\/02\/Coffee-tea-and-beverages-homebanner-2000x580-1.jpg\" \/>\n\t<meta property=\"og:image:width\" content=\"2000\" \/>\n\t<meta property=\"og:image:height\" content=\"579\" \/>\n\t<meta property=\"og:image:type\" content=\"image\/jpeg\" \/>\n<meta name=\"twitter:card\" content=\"summary_large_image\" \/>\n<meta name=\"twitter:label1\" content=\"Tiempo de lectura\" \/>\n\t<meta name=\"twitter:data1\" content=\"3 minutos\" \/>\n<script type=\"application\/ld+json\" class=\"yoast-schema-graph\">{\"@context\":\"https:\/\/schema.org\",\"@graph\":[{\"@type\":\"WebPage\",\"@id\":\"https:\/\/www.electroluxprofessional.com\/es\/tu-negocio-soluciones-de-bebidas\/\",\"url\":\"https:\/\/www.electroluxprofessional.com\/es\/tu-negocio-soluciones-de-bebidas\/\",\"name\":\"Soluciones de Bebidas para Negocios | Electrolux Professional\",\"isPartOf\":{\"@id\":\"https:\/\/www.electroluxprofessional.com\/es\/#website\"},\"primaryImageOfPage\":{\"@id\":\"https:\/\/www.electroluxprofessional.com\/es\/tu-negocio-soluciones-de-bebidas\/#primaryimage\"},\"image\":{\"@id\":\"https:\/\/www.electroluxprofessional.com\/es\/tu-negocio-soluciones-de-bebidas\/#primaryimage\"},\"thumbnailUrl\":\"https:\/\/www.electroluxprofessional.com\/es\/wp-content\/uploads\/2025\/02\/Coffee-tea-and-beverages-homebanner-2000x580-1.jpg\",\"datePublished\":\"2025-02-14T13:01:29+00:00\",\"dateModified\":\"2026-03-28T11:11:24+00:00\",\"description\":\"Descubre soluciones completas de bebidas, desde caf\u00e9 hasta zumos y helados, dise\u00f1adas para mejorar la rentabilidad y la satisfacci\u00f3n del cliente.\",\"breadcrumb\":{\"@id\":\"https:\/\/www.electroluxprofessional.com\/es\/tu-negocio-soluciones-de-bebidas\/#breadcrumb\"},\"inLanguage\":\"es\",\"potentialAction\":[{\"@type\":\"ReadAction\",\"target\":[\"https:\/\/www.electroluxprofessional.com\/es\/tu-negocio-soluciones-de-bebidas\/\"]}]},{\"@type\":\"ImageObject\",\"inLanguage\":\"es\",\"@id\":\"https:\/\/www.electroluxprofessional.com\/es\/tu-negocio-soluciones-de-bebidas\/#primaryimage\",\"url\":\"https:\/\/www.electroluxprofessional.com\/es\/wp-content\/uploads\/2025\/02\/Coffee-tea-and-beverages-homebanner-2000x580-1.jpg\",\"contentUrl\":\"https:\/\/www.electroluxprofessional.com\/es\/wp-content\/uploads\/2025\/02\/Coffee-tea-and-beverages-homebanner-2000x580-1.jpg\",\"width\":2000,\"height\":579},{\"@type\":\"BreadcrumbList\",\"@id\":\"https:\/\/www.electroluxprofessional.com\/es\/tu-negocio-soluciones-de-bebidas\/#breadcrumb\",\"itemListElement\":[{\"@type\":\"ListItem\",\"position\":1,\"name\":\"Home\",\"item\":\"https:\/\/www.electroluxprofessional.com\/es\/\"},{\"@type\":\"ListItem\",\"position\":2,\"name\":\"Soluciones integrales para bebidas\"}]},{\"@type\":\"WebSite\",\"@id\":\"https:\/\/www.electroluxprofessional.com\/es\/#website\",\"url\":\"https:\/\/www.electroluxprofessional.com\/es\/\",\"name\":\"Electrolux Professional Espa\u00f1a\",\"description\":\"Equipamiento cocinas profesionales y lavander\u00edas comerciales. Excelencia en el suministro de soluciones profesionales.\",\"potentialAction\":[{\"@type\":\"SearchAction\",\"target\":{\"@type\":\"EntryPoint\",\"urlTemplate\":\"https:\/\/www.electroluxprofessional.com\/es\/?src={search_term_string}\"},\"query-input\":{\"@type\":\"PropertyValueSpecification\",\"valueRequired\":true,\"valueName\":\"search_term_string\"}}],\"inLanguage\":\"es\"}]}<\/script>\n<!-- \/ Yoast SEO plugin. -->","yoast_head_json":{"title":"Soluciones de Bebidas para Negocios | Electrolux Professional","description":"Descubre soluciones completas de bebidas, desde caf\u00e9 hasta zumos y helados, dise\u00f1adas para mejorar la rentabilidad y la satisfacci\u00f3n del cliente.","robots":{"index":"index","follow":"follow","max-snippet":"max-snippet:-1","max-image-preview":"max-image-preview:large","max-video-preview":"max-video-preview:-1"},"canonical":"https:\/\/www.electroluxprofessional.com\/es\/tu-negocio-soluciones-de-bebidas\/","og_locale":"es_ES","og_type":"article","og_title":"Soluciones de Bebidas para Negocios | Electrolux Professional","og_description":"Descubre soluciones completas de bebidas, desde caf\u00e9 hasta zumos y helados, dise\u00f1adas para mejorar la rentabilidad y la satisfacci\u00f3n del cliente.","og_url":"https:\/\/www.electroluxprofessional.com\/es\/tu-negocio-soluciones-de-bebidas\/","og_site_name":"Electrolux Professional Espa\u00f1a","article_modified_time":"2026-03-28T11:11:24+00:00","og_image":[{"width":2000,"height":579,"url":"https:\/\/www.electroluxprofessional.com\/es\/wp-content\/uploads\/2025\/02\/Coffee-tea-and-beverages-homebanner-2000x580-1.jpg","type":"image\/jpeg"}],"twitter_card":"summary_large_image","twitter_misc":{"Tiempo de lectura":"3 minutos"},"schema":{"@context":"https:\/\/schema.org","@graph":[{"@type":"WebPage","@id":"https:\/\/www.electroluxprofessional.com\/es\/tu-negocio-soluciones-de-bebidas\/","url":"https:\/\/www.electroluxprofessional.com\/es\/tu-negocio-soluciones-de-bebidas\/","name":"Soluciones de Bebidas para Negocios | Electrolux Professional","isPartOf":{"@id":"https:\/\/www.electroluxprofessional.com\/es\/#website"},"primaryImageOfPage":{"@id":"https:\/\/www.electroluxprofessional.com\/es\/tu-negocio-soluciones-de-bebidas\/#primaryimage"},"image":{"@id":"https:\/\/www.electroluxprofessional.com\/es\/tu-negocio-soluciones-de-bebidas\/#primaryimage"},"thumbnailUrl":"https:\/\/www.electroluxprofessional.com\/es\/wp-content\/uploads\/2025\/02\/Coffee-tea-and-beverages-homebanner-2000x580-1.jpg","datePublished":"2025-02-14T13:01:29+00:00","dateModified":"2026-03-28T11:11:24+00:00","description":"Descubre soluciones completas de bebidas, desde caf\u00e9 hasta zumos y helados, dise\u00f1adas para mejorar la rentabilidad y la satisfacci\u00f3n del cliente.","breadcrumb":{"@id":"https:\/\/www.electroluxprofessional.com\/es\/tu-negocio-soluciones-de-bebidas\/#breadcrumb"},"inLanguage":"es","potentialAction":[{"@type":"ReadAction","target":["https:\/\/www.electroluxprofessional.com\/es\/tu-negocio-soluciones-de-bebidas\/"]}]},{"@type":"ImageObject","inLanguage":"es","@id":"https:\/\/www.electroluxprofessional.com\/es\/tu-negocio-soluciones-de-bebidas\/#primaryimage","url":"https:\/\/www.electroluxprofessional.com\/es\/wp-content\/uploads\/2025\/02\/Coffee-tea-and-beverages-homebanner-2000x580-1.jpg","contentUrl":"https:\/\/www.electroluxprofessional.com\/es\/wp-content\/uploads\/2025\/02\/Coffee-tea-and-beverages-homebanner-2000x580-1.jpg","width":2000,"height":579},{"@type":"BreadcrumbList","@id":"https:\/\/www.electroluxprofessional.com\/es\/tu-negocio-soluciones-de-bebidas\/#breadcrumb","itemListElement":[{"@type":"ListItem","position":1,"name":"Home","item":"https:\/\/www.electroluxprofessional.com\/es\/"},{"@type":"ListItem","position":2,"name":"Soluciones integrales para bebidas"}]},{"@type":"WebSite","@id":"https:\/\/www.electroluxprofessional.com\/es\/#website","url":"https:\/\/www.electroluxprofessional.com\/es\/","name":"Electrolux Professional Espa\u00f1a","description":"Equipamiento cocinas profesionales y lavander\u00edas comerciales. Excelencia en el suministro de soluciones profesionales.","potentialAction":[{"@type":"SearchAction","target":{"@type":"EntryPoint","urlTemplate":"https:\/\/www.electroluxprofessional.com\/es\/?src={search_term_string}"},"query-input":{"@type":"PropertyValueSpecification","valueRequired":true,"valueName":"search_term_string"}}],"inLanguage":"es"}]}},"_links":{"self":[{"href":"https:\/\/www.electroluxprofessional.com\/es\/wp-json\/wp\/v2\/pages\/21734"}],"collection":[{"href":"https:\/\/www.electroluxprofessional.com\/es\/wp-json\/wp\/v2\/pages"}],"about":[{"href":"https:\/\/www.electroluxprofessional.com\/es\/wp-json\/wp\/v2\/types\/page"}],"author":[{"embeddable":true,"href":"https:\/\/www.electroluxprofessional.com\/es\/wp-json\/wp\/v2\/users\/368"}],"replies":[{"embeddable":true,"href":"https:\/\/www.electroluxprofessional.com\/es\/wp-json\/wp\/v2\/comments?post=21734"}],"version-history":[{"count":3,"href":"https:\/\/www.electroluxprofessional.com\/es\/wp-json\/wp\/v2\/pages\/21734\/revisions"}],"predecessor-version":[{"id":25977,"href":"https:\/\/www.electroluxprofessional.com\/es\/wp-json\/wp\/v2\/pages\/21734\/revisions\/25977"}],"wp:featuredmedia":[{"embeddable":true,"href":"https:\/\/www.electroluxprofessional.com\/es\/wp-json\/wp\/v2\/media\/21726"}],"wp:attachment":[{"href":"https:\/\/www.electroluxprofessional.com\/es\/wp-json\/wp\/v2\/media?parent=21734"}],"curies":[{"name":"wp","href":"https:\/\/api.w.org\/{rel}","templated":true}]}}