{"id":21721,"date":"2025-02-14T12:53:43","date_gmt":"2025-02-14T12:53:43","guid":{"rendered":"https:\/\/www.electroluxprofessional.com\/es\/?page_id=21721"},"modified":"2026-04-09T12:07:08","modified_gmt":"2026-04-09T12:07:08","slug":"myprozip-lavanderia-para-clientes","status":"publish","type":"page","link":"https:\/\/www.electroluxprofessional.com\/es\/equipamiento-lavanderia-comercial\/myprozip-lavanderia-para-clientes\/","title":{"rendered":"myPROzip para lavander\u00edas operadas por clientes"},"content":{"rendered":"<p>[vc_row full_width=&#8221;electroluxpro-full-width-no-padding&#8221;][vc_column][elx_full_banner title=&#8221;myPROzip &#8211; Lavadoras y Secadoras&#8221; background_image_media_library=&#8221;21719&#8243; background_image_media_library_mobile=&#8221;21720&#8243;][\/vc_column][\/vc_row][vc_row][vc_column width=&#8221;1\/2&#8243; css=&#8221;.vc_custom_1484574375079{margin-left: 0px !important;border-left-width: 0px !important;padding-left: 0px !important;}&#8221;][elx_simple_block background_color=&#8221;inherit&#8221;][elx_heading font_container=&#8221;h1&#8243; text_color=&#8221;inherit&#8221;]\u00bfTienes una<br \/>\nlavander\u00eda para el uso<br \/>\nde los hu\u00e9spedes?[\/elx_heading][elx_heading text_color=&#8221;inherit&#8221;]Lavadora y secadora myPROzip[\/elx_heading][vc_column_text]myPROzip es la l\u00ednea de Electrolux Professional para <strong>peque\u00f1os negocios<\/strong> que necesitan <strong>lavadoras y secadoras para lavander\u00edas operadas por clientes,<\/strong> <strong>m\u00e1s potentes<\/strong> y <strong>m\u00e1s r\u00e1pidas<\/strong> que los equipos dom\u00e9sticos habituales.[\/vc_column_text][vc_column_text]<\/p>\n<ul>\n<li><strong>F\u00e1ciles <\/strong> de usar<\/li>\n<li><strong>F\u00e1ciles<\/strong> de entender<\/li>\n<li>Dise\u00f1adas para el uso <strong>de tus clientes<\/strong><\/li>\n<li>Listas para <strong>integrarse<\/strong>\u00a0con tus sistemas de pago<\/li>\n<\/ul>\n<p>[\/vc_column_text][\/elx_simple_block][elx_download_block text=&#8221;myPROzip<br \/>\nguest-operated laundry&#8221; document_type=&#8221;leaflets&#8221; background_color=&#8221;electrolux-blue&#8221; background_hover_color=&#8221;lighter-hover&#8221; le_document_number=&#8221;CLF-9JE00128&#8243;][\/vc_column][vc_column width=&#8221;1\/2&#8243;][vc_empty_space][elx_image_block background_image=&#8221;21718&#8243; minimum_height=&#8221;400px&#8221;][elx_button button_text=&#8221;Ir a productos&#8221; button_style=&#8221;icon&#8221; button_link=&#8221;url:%23products|||&#8221;][elx_button button_text=&#8221;D\u00f3nde comprar&#8221; button_style=&#8221;icon&#8221; button_link=&#8221;url:%23wheretobuy|||&#8221;][elx_button button_text=&#8221;Asistente en l\u00ednea&#8221; button_style=&#8221;icon&#8221; button_link=&#8221;url:%23myassistant|||&#8221;][elx_button button_text=&#8221;Accesorios y consumibles&#8221; button_style=&#8221;icon&#8221; button_link=&#8221;url:https%3A%2F%2Fwww.electroluxprofessional.com%2Fes%2Fequipamiento-lavanderia-comercial%2Flavadoras-secadoras-y-rodillos-de-vapor-para-pequenas-empresas%2Faccesorios-y-consumibles-mypro%2F|target:_blank&#8221;][elx_button button_text=&#8221;Registra tu myPROzip&#8221; button_style=&#8221;icon&#8221; button_link=&#8221;url:https%3A%2F%2Fwww.electroluxprofessional.com%2Fes%2Fequipamiento-lavanderia-comercial%2Flavadoras-secadoras-y-rodillos-de-vapor-para-pequenas-empresas%2Fregistra-tu-mypro%2F|target:_blank&#8221;][vc_single_image image=&#8221;7533&#8243; img_size=&#8221;full&#8221;][\/vc_column][\/vc_row][vc_row][vc_column][vc_empty_space height=&#8221;50px&#8221;][\/vc_column][\/vc_row][vc_row][vc_column width=&#8221;1\/3&#8243;][elx_icons icon_size=&#8221;elx-icon-medium&#8221; icon_electroluxpro=&#8221;elx-icon icon-circle-food-quality-blue&#8221;][elx_heading font_container=&#8221;h3&#8243; font_size=&#8221;h5&#8243; text_color=&#8221;inherit&#8221; text_align=&#8221;text-center&#8221;]El triple de duraci\u00f3n[\/elx_heading][vc_column_text]<\/p>\n<p style=\"text-align: center;\">Vida \u00fatil 3 veces superior a los equipos dom\u00e9sticos, gracias a una construcci\u00f3n m\u00e1s duradera con componentes de categor\u00eda profesional.<\/p>\n<p>[\/vc_column_text][\/vc_column][vc_column width=&#8221;1\/3&#8243;][elx_icons icon_size=&#8221;elx-icon-medium&#8221; icon_electroluxpro=&#8221;elx-icon icon-circle-time-blue&#8221;][elx_heading font_container=&#8221;h3&#8243; font_size=&#8221;h5&#8243; text_color=&#8221;inherit&#8221; text_align=&#8221;text-center&#8221;]Hasta un 50 % m\u00e1s r\u00e1pidas[\/elx_heading][vc_column_text]<\/p>\n<p style=\"text-align: center;\">Ciclos de lavado el doble de r\u00e1pidos con programas profesionales, que garantizan velocidad, resultados de calidad y ahorro de costes.<\/p>\n<p>[\/vc_column_text][\/vc_column][vc_column width=&#8221;1\/3&#8243;][elx_icons icon_size=&#8221;elx-icon-medium&#8221; icon_electroluxpro=&#8221;elx-icon icon-circle-easy-blue&#8221;][elx_heading font_container=&#8221;h3&#8243; font_size=&#8221;h5&#8243; text_color=&#8221;inherit&#8221; text_align=&#8221;text-center&#8221;]Garant\u00eda[\/elx_heading][vc_column_text]<\/p>\n<p style=\"text-align: center;\">Garant\u00eda para usos profesionales de acuerdo con la normativa de tu pa\u00eds.<\/p>\n<p>[\/vc_column_text][\/vc_column][\/vc_row][vc_row custom_color_row=&#8221;bg-download-blue&#8221; css=&#8221;.vc_custom_1734435546071{padding-top: 30px !important;padding-bottom: 30px !important;}&#8221;][vc_column][elx_o2000_needs_matcher need_matcher=&#8221;myPRO_Matcher&#8221;][\/vc_column][\/vc_row][vc_row el_id=&#8221;myassistant&#8221;][vc_column][vc_empty_space][elx_heading text_color=&#8221;inherit&#8221; text_align=&#8221;text-center&#8221;]Asistente en l\u00ednea de myPRO[\/elx_heading][vc_column_text]<\/p>\n<p style=\"text-align: center;\"><strong>Saca el m\u00e1ximo partido a tu lavadora, secadora y calandra myPRO y myPROzip.<\/strong><br \/>\nEn esta p\u00e1gina encontrar\u00e1s diversos v\u00eddeos instructivos, preguntas frecuentes y m\u00e1s ayuda en l\u00ednea.<br \/>\nRegistra tus productos y descubre otros accesorios y consumibles que te ayudan a sacar el m\u00e1ximo partido a tu lavadora, secadora y calandra. No dudes en contactar con un experto si necesitas asistencia adicional.<\/p>\n<p>[\/vc_column_text][vc_empty_space][\/vc_column][\/vc_row][vc_row][vc_column][elx_heading font_container=&#8221;h3&#8243; text_color=&#8221;inherit&#8221; text_align=&#8221;text-center&#8221;]myPRO: v\u00eddeos instructivos[\/elx_heading][vc_empty_space][\/vc_column][\/vc_row][vc_row equal_height=&#8221;yes&#8221;][vc_column width=&#8221;1\/3&#8243; css=&#8221;.vc_custom_1572277047643{margin-right: 1px !important;margin-left: 1px !important;background-color: #eeeeee !important;}&#8221;][elx_video_block video_link=&#8221;https:\/\/www.youtube.com\/watch?v=OX3JTInT8A4&#8243; minimum_height=&#8221;100px&#8221;][vc_column_text]Lavadora myPROzip: Instrucciones de uso[\/vc_column_text][\/vc_column][vc_column width=&#8221;1\/3&#8243; css=&#8221;.vc_custom_1572277056700{margin-right: 1px !important;margin-left: 1px !important;background-color: #eeeeee !important;}&#8221;][elx_video_block video_link=&#8221;https:\/\/www.youtube.com\/watch?v=liScSk-1b1c&#8221; minimum_height=&#8221;100px&#8221;][vc_column_text]Secadora myPROzip: Instrucciones de uso[\/vc_column_text][\/vc_column][vc_column width=&#8221;1\/3&#8243; css=&#8221;.vc_custom_1572277012763{margin-right: 1px !important;margin-left: 1px !important;background-color: #eeeeee !important;}&#8221;][elx_video_block video_link=&#8221;https:\/\/www.youtube.com\/watch?v=IHJiqGrhOm8&#8243; minimum_height=&#8221;100px&#8221;][vc_column_text]myPROzip: Instrucciones de configuraci\u00f3n para lavadora y secadora[\/vc_column_text][\/vc_column][\/vc_row][vc_row][vc_column][vc_empty_space][\/vc_column][\/vc_row][vc_row equal_height=&#8221;yes&#8221; content_placement=&#8221;top&#8221;][vc_column width=&#8221;1\/2&#8243;][elx_simple_link_block link=&#8221;url:https%3A%2F%2Fwww.electroluxprofessional.com%2Fes%2Fequipamiento-lavanderia-comercial%2Flavadoras-secadoras-y-rodillos-de-vapor-para-pequenas-empresas%2Ffaq-mypro-washer%2F|target:_blank&#8221; text_align=&#8221;text-center&#8221; text_color=&#8221;white&#8221; background_color=&#8221;electrolux-blue-for-small&#8221; background_hover_color=&#8221;darker-hover&#8221; extra_class=&#8221;&#8221; reveal_effect=&#8221;&#8221; reveal_duration=&#8221;&#8221; reveal_delay=&#8221;&#8221;][elx_heading font_container=&#8221;h3&#8243; text_color=&#8221;inherit&#8221;]Ayuda en l\u00ednea para lavadora[\/elx_heading][\/elx_simple_link_block][\/vc_column][vc_column width=&#8221;1\/2&#8243;][elx_simple_link_block link=&#8221;url:https%3A%2F%2Fwww.electroluxprofessional.com%2Fes%2Fequipamiento-lavanderia-comercial%2Flavadoras-secadoras-y-rodillos-de-vapor-para-pequenas-empresas%2Fonline-help-dryer%2F|target:_blank&#8221; text_align=&#8221;text-center&#8221; text_color=&#8221;white&#8221; background_color=&#8221;electrolux-blue-for-small&#8221; background_hover_color=&#8221;darker-hover&#8221; extra_class=&#8221;&#8221; reveal_effect=&#8221;&#8221; reveal_duration=&#8221;&#8221; reveal_delay=&#8221;&#8221;][elx_heading font_container=&#8221;h3&#8243; text_color=&#8221;inherit&#8221;]Ayuda en l\u00ednea para secadora[\/elx_heading][\/elx_simple_link_block][\/vc_column][\/vc_row][vc_row el_id=&#8221;products&#8221;][vc_column][vc_empty_space][elx_heading text_color=&#8221;inherit&#8221; text_align=&#8221;text-center&#8221;]Lavadora y secadora myPROzip para lavander\u00edas usadas por hu\u00e9spedes[\/elx_heading]<div class=\"com21-product-filter-container 87\">[\/vc_column][\/vc_row][vc_row css=&#8221;.vc_custom_1534772259989{background-color: #eeeeee !important;}&#8221;][vc_column width=&#8221;2\/3&#8243;][elx_heading font_size=&#8221;h3&#8243; text_color=&#8221;inherit&#8221;]\u00bfBuscas soluciones m\u00e1s productivas?[\/elx_heading][elx_heading font_container=&#8221;h3&#8243; font_size=&#8221;h5&#8243; text_color=&#8221;inherit&#8221;]No te pierdas nuestras soluciones para lavander\u00eda comercial[\/elx_heading][vc_column_text]Electrolux Professional te ofrece una gama integral de productos para tus necesidades de lavander\u00eda profesional.[\/vc_column_text][elx_button button_text=&#8221;Descubre nuestras soluciones para lavander\u00eda comercial&#8221; button_style=&#8221;icon&#8221; button_link=&#8221;url:https%3A%2F%2Fwww.electroluxprofessional.com%2Fes%2Flavadoras-comerciales%2F|title:Commercial%20Laundry%20Solutions|target:_blank&#8221;][\/vc_column][vc_column width=&#8221;1\/3&#8243;][vc_empty_space][vc_single_image image=&#8221;21701&#8243; img_size=&#8221;700px&#8221; onclick=&#8221;custom_link&#8221; link=&#8221;http:\/\/https:\/\/www.electroluxprofessional.com\/es\/\/your-business\/commercial-laundries\/&#8221;][vc_empty_space][\/vc_column][\/vc_row][vc_row][vc_column][vc_empty_space][elx_heading text_color=&#8221;inherit&#8221; text_align=&#8221;text-center&#8221;]Contacta con nosotros para obtener informaci\u00f3n sobre myPROzip[\/elx_heading][vc_empty_space][elx_o2000_contact_us b=&#8221;laundry-semi-professional&#8221; r=&#8221;Me gustar\u00eda obtener m\u00e1s informaci\u00f3n sobre myPROzip&#8221;][\/vc_column][\/vc_row]<\/p>\n","protected":false},"excerpt":{"rendered":"<p>[vc_row full_width=&#8221;electroluxpro-full-width-no-padding&#8221;][vc_column][elx_full_banner title=&#8221;myPROzip &#8211; Lavadoras y Secadoras&#8221; background_image_media_library=&#8221;21719&#8243; background_image_media_library_mobile=&#8221;21720&#8243;][\/vc_column][\/vc_row][vc_row][vc_column width=&#8221;1\/2&#8243; css=&#8221;.vc_custom_1484574375079{margin-left: 0px !important;border-left-width: 0px !important;padding-left: 0px !important;}&#8221;][elx_simple_block background_color=&#8221;inherit&#8221;][elx_heading font_container=&#8221;h1&#8243; text_color=&#8221;inherit&#8221;]\u00bfTienes una lavander\u00eda para el uso de los hu\u00e9spedes?[\/elx_heading][elx_heading text_color=&#8221;inherit&#8221;]Lavadora y secadora myPROzip[\/elx_heading][vc_column_text]myPROzip es la l\u00ednea de Electrolux Professional para peque\u00f1os negocios que necesitan lavadoras y secadoras para lavander\u00edas operadas por clientes, m\u00e1s potentes y m\u00e1s [&hellip;]<\/p>\n","protected":false},"author":368,"featured_media":2532,"parent":1256,"menu_order":0,"comment_status":"closed","ping_status":"closed","template":"","meta":{"footnotes":""},"class_list":["post-21721","page","type-page","status-publish","has-post-thumbnail","hentry"],"acf":[],"yoast_head":"<!-- This site is optimized with the Yoast SEO plugin v23.4 - https:\/\/yoast.com\/wordpress\/plugins\/seo\/ -->\n<title>myPROzip para lavander\u00edas operadas por clientes - Electrolux Professional Espa\u00f1a<\/title>\n<meta name=\"description\" content=\"Lavadoras y secadoras myPROzip para peque\u00f1as lavander\u00edas para hu\u00e9spedes. M\u00e1s resistentes y r\u00e1pidas que los electrodom\u00e9sticos est\u00e1ndar.\" \/>\n<meta name=\"robots\" content=\"index, follow, max-snippet:-1, max-image-preview:large, max-video-preview:-1\" \/>\n<link rel=\"canonical\" href=\"https:\/\/www.electroluxprofessional.com\/es\/equipamiento-lavanderia-comercial\/myprozip-lavanderia-para-clientes\/\" \/>\n<meta property=\"og:locale\" content=\"es_ES\" \/>\n<meta property=\"og:type\" content=\"article\" \/>\n<meta property=\"og:title\" content=\"myPROzip para lavander\u00edas operadas por clientes - Electrolux Professional Espa\u00f1a\" \/>\n<meta property=\"og:description\" content=\"Lavadoras y secadoras myPROzip para peque\u00f1as lavander\u00edas para hu\u00e9spedes. M\u00e1s resistentes y r\u00e1pidas que los electrodom\u00e9sticos est\u00e1ndar.\" \/>\n<meta property=\"og:url\" content=\"https:\/\/www.electroluxprofessional.com\/es\/equipamiento-lavanderia-comercial\/myprozip-lavanderia-para-clientes\/\" \/>\n<meta property=\"og:site_name\" content=\"Electrolux Professional Espa\u00f1a\" \/>\n<meta property=\"article:modified_time\" content=\"2026-04-09T12:07:08+00:00\" \/>\n<meta property=\"og:image\" content=\"https:\/\/www.electroluxprofessional.com\/es\/wp-content\/uploads\/2016\/12\/banner-4.jpg\" \/>\n\t<meta property=\"og:image:width\" content=\"2000\" \/>\n\t<meta property=\"og:image:height\" content=\"1383\" \/>\n\t<meta property=\"og:image:type\" content=\"image\/jpeg\" \/>\n<meta name=\"twitter:card\" content=\"summary_large_image\" \/>\n<meta name=\"twitter:label1\" content=\"Tiempo de lectura\" \/>\n\t<meta name=\"twitter:data1\" content=\"4 minutos\" \/>\n<script type=\"application\/ld+json\" class=\"yoast-schema-graph\">{\"@context\":\"https:\/\/schema.org\",\"@graph\":[{\"@type\":\"WebPage\",\"@id\":\"https:\/\/www.electroluxprofessional.com\/es\/equipamiento-lavanderia-comercial\/myprozip-lavanderia-para-clientes\/\",\"url\":\"https:\/\/www.electroluxprofessional.com\/es\/equipamiento-lavanderia-comercial\/myprozip-lavanderia-para-clientes\/\",\"name\":\"myPROzip para lavander\u00edas operadas por clientes - Electrolux Professional Espa\u00f1a\",\"isPartOf\":{\"@id\":\"https:\/\/www.electroluxprofessional.com\/es\/#website\"},\"primaryImageOfPage\":{\"@id\":\"https:\/\/www.electroluxprofessional.com\/es\/equipamiento-lavanderia-comercial\/myprozip-lavanderia-para-clientes\/#primaryimage\"},\"image\":{\"@id\":\"https:\/\/www.electroluxprofessional.com\/es\/equipamiento-lavanderia-comercial\/myprozip-lavanderia-para-clientes\/#primaryimage\"},\"thumbnailUrl\":\"https:\/\/www.electroluxprofessional.com\/es\/wp-content\/uploads\/2016\/12\/banner-4.jpg\",\"datePublished\":\"2025-02-14T12:53:43+00:00\",\"dateModified\":\"2026-04-09T12:07:08+00:00\",\"description\":\"Lavadoras y secadoras myPROzip para peque\u00f1as lavander\u00edas para hu\u00e9spedes. M\u00e1s resistentes y r\u00e1pidas que los electrodom\u00e9sticos est\u00e1ndar.\",\"breadcrumb\":{\"@id\":\"https:\/\/www.electroluxprofessional.com\/es\/equipamiento-lavanderia-comercial\/myprozip-lavanderia-para-clientes\/#breadcrumb\"},\"inLanguage\":\"es\",\"potentialAction\":[{\"@type\":\"ReadAction\",\"target\":[\"https:\/\/www.electroluxprofessional.com\/es\/equipamiento-lavanderia-comercial\/myprozip-lavanderia-para-clientes\/\"]}]},{\"@type\":\"ImageObject\",\"inLanguage\":\"es\",\"@id\":\"https:\/\/www.electroluxprofessional.com\/es\/equipamiento-lavanderia-comercial\/myprozip-lavanderia-para-clientes\/#primaryimage\",\"url\":\"https:\/\/www.electroluxprofessional.com\/es\/wp-content\/uploads\/2016\/12\/banner-4.jpg\",\"contentUrl\":\"https:\/\/www.electroluxprofessional.com\/es\/wp-content\/uploads\/2016\/12\/banner-4.jpg\",\"width\":2000,\"height\":1383,\"caption\":\"Front load washers\"},{\"@type\":\"BreadcrumbList\",\"@id\":\"https:\/\/www.electroluxprofessional.com\/es\/equipamiento-lavanderia-comercial\/myprozip-lavanderia-para-clientes\/#breadcrumb\",\"itemListElement\":[{\"@type\":\"ListItem\",\"position\":1,\"name\":\"Home\",\"item\":\"https:\/\/www.electroluxprofessional.com\/es\/\"},{\"@type\":\"ListItem\",\"position\":2,\"name\":\"Equipamiento de Lavander\u00eda\",\"item\":\"https:\/\/www.electroluxprofessional.com\/es\/equipamiento-lavanderia-comercial\/\"},{\"@type\":\"ListItem\",\"position\":3,\"name\":\"myPROzip para lavander\u00edas operadas por clientes\"}]},{\"@type\":\"WebSite\",\"@id\":\"https:\/\/www.electroluxprofessional.com\/es\/#website\",\"url\":\"https:\/\/www.electroluxprofessional.com\/es\/\",\"name\":\"Electrolux Professional Espa\u00f1a\",\"description\":\"Equipamiento cocinas profesionales y lavander\u00edas comerciales. Excelencia en el suministro de soluciones profesionales.\",\"potentialAction\":[{\"@type\":\"SearchAction\",\"target\":{\"@type\":\"EntryPoint\",\"urlTemplate\":\"https:\/\/www.electroluxprofessional.com\/es\/?src={search_term_string}\"},\"query-input\":{\"@type\":\"PropertyValueSpecification\",\"valueRequired\":true,\"valueName\":\"search_term_string\"}}],\"inLanguage\":\"es\"}]}<\/script>\n<!-- \/ Yoast SEO plugin. -->","yoast_head_json":{"title":"myPROzip para lavander\u00edas operadas por clientes - Electrolux Professional Espa\u00f1a","description":"Lavadoras y secadoras myPROzip para peque\u00f1as lavander\u00edas para hu\u00e9spedes. M\u00e1s resistentes y r\u00e1pidas que los electrodom\u00e9sticos est\u00e1ndar.","robots":{"index":"index","follow":"follow","max-snippet":"max-snippet:-1","max-image-preview":"max-image-preview:large","max-video-preview":"max-video-preview:-1"},"canonical":"https:\/\/www.electroluxprofessional.com\/es\/equipamiento-lavanderia-comercial\/myprozip-lavanderia-para-clientes\/","og_locale":"es_ES","og_type":"article","og_title":"myPROzip para lavander\u00edas operadas por clientes - Electrolux Professional Espa\u00f1a","og_description":"Lavadoras y secadoras myPROzip para peque\u00f1as lavander\u00edas para hu\u00e9spedes. M\u00e1s resistentes y r\u00e1pidas que los electrodom\u00e9sticos est\u00e1ndar.","og_url":"https:\/\/www.electroluxprofessional.com\/es\/equipamiento-lavanderia-comercial\/myprozip-lavanderia-para-clientes\/","og_site_name":"Electrolux Professional Espa\u00f1a","article_modified_time":"2026-04-09T12:07:08+00:00","og_image":[{"width":2000,"height":1383,"url":"https:\/\/www.electroluxprofessional.com\/es\/wp-content\/uploads\/2016\/12\/banner-4.jpg","type":"image\/jpeg"}],"twitter_card":"summary_large_image","twitter_misc":{"Tiempo de lectura":"4 minutos"},"schema":{"@context":"https:\/\/schema.org","@graph":[{"@type":"WebPage","@id":"https:\/\/www.electroluxprofessional.com\/es\/equipamiento-lavanderia-comercial\/myprozip-lavanderia-para-clientes\/","url":"https:\/\/www.electroluxprofessional.com\/es\/equipamiento-lavanderia-comercial\/myprozip-lavanderia-para-clientes\/","name":"myPROzip para lavander\u00edas operadas por clientes - Electrolux Professional Espa\u00f1a","isPartOf":{"@id":"https:\/\/www.electroluxprofessional.com\/es\/#website"},"primaryImageOfPage":{"@id":"https:\/\/www.electroluxprofessional.com\/es\/equipamiento-lavanderia-comercial\/myprozip-lavanderia-para-clientes\/#primaryimage"},"image":{"@id":"https:\/\/www.electroluxprofessional.com\/es\/equipamiento-lavanderia-comercial\/myprozip-lavanderia-para-clientes\/#primaryimage"},"thumbnailUrl":"https:\/\/www.electroluxprofessional.com\/es\/wp-content\/uploads\/2016\/12\/banner-4.jpg","datePublished":"2025-02-14T12:53:43+00:00","dateModified":"2026-04-09T12:07:08+00:00","description":"Lavadoras y secadoras myPROzip para peque\u00f1as lavander\u00edas para hu\u00e9spedes. M\u00e1s resistentes y r\u00e1pidas que los electrodom\u00e9sticos est\u00e1ndar.","breadcrumb":{"@id":"https:\/\/www.electroluxprofessional.com\/es\/equipamiento-lavanderia-comercial\/myprozip-lavanderia-para-clientes\/#breadcrumb"},"inLanguage":"es","potentialAction":[{"@type":"ReadAction","target":["https:\/\/www.electroluxprofessional.com\/es\/equipamiento-lavanderia-comercial\/myprozip-lavanderia-para-clientes\/"]}]},{"@type":"ImageObject","inLanguage":"es","@id":"https:\/\/www.electroluxprofessional.com\/es\/equipamiento-lavanderia-comercial\/myprozip-lavanderia-para-clientes\/#primaryimage","url":"https:\/\/www.electroluxprofessional.com\/es\/wp-content\/uploads\/2016\/12\/banner-4.jpg","contentUrl":"https:\/\/www.electroluxprofessional.com\/es\/wp-content\/uploads\/2016\/12\/banner-4.jpg","width":2000,"height":1383,"caption":"Front load washers"},{"@type":"BreadcrumbList","@id":"https:\/\/www.electroluxprofessional.com\/es\/equipamiento-lavanderia-comercial\/myprozip-lavanderia-para-clientes\/#breadcrumb","itemListElement":[{"@type":"ListItem","position":1,"name":"Home","item":"https:\/\/www.electroluxprofessional.com\/es\/"},{"@type":"ListItem","position":2,"name":"Equipamiento de Lavander\u00eda","item":"https:\/\/www.electroluxprofessional.com\/es\/equipamiento-lavanderia-comercial\/"},{"@type":"ListItem","position":3,"name":"myPROzip para lavander\u00edas operadas por clientes"}]},{"@type":"WebSite","@id":"https:\/\/www.electroluxprofessional.com\/es\/#website","url":"https:\/\/www.electroluxprofessional.com\/es\/","name":"Electrolux Professional Espa\u00f1a","description":"Equipamiento cocinas profesionales y lavander\u00edas comerciales. Excelencia en el suministro de soluciones profesionales.","potentialAction":[{"@type":"SearchAction","target":{"@type":"EntryPoint","urlTemplate":"https:\/\/www.electroluxprofessional.com\/es\/?src={search_term_string}"},"query-input":{"@type":"PropertyValueSpecification","valueRequired":true,"valueName":"search_term_string"}}],"inLanguage":"es"}]}},"_links":{"self":[{"href":"https:\/\/www.electroluxprofessional.com\/es\/wp-json\/wp\/v2\/pages\/21721"}],"collection":[{"href":"https:\/\/www.electroluxprofessional.com\/es\/wp-json\/wp\/v2\/pages"}],"about":[{"href":"https:\/\/www.electroluxprofessional.com\/es\/wp-json\/wp\/v2\/types\/page"}],"author":[{"embeddable":true,"href":"https:\/\/www.electroluxprofessional.com\/es\/wp-json\/wp\/v2\/users\/368"}],"replies":[{"embeddable":true,"href":"https:\/\/www.electroluxprofessional.com\/es\/wp-json\/wp\/v2\/comments?post=21721"}],"version-history":[{"count":9,"href":"https:\/\/www.electroluxprofessional.com\/es\/wp-json\/wp\/v2\/pages\/21721\/revisions"}],"predecessor-version":[{"id":26138,"href":"https:\/\/www.electroluxprofessional.com\/es\/wp-json\/wp\/v2\/pages\/21721\/revisions\/26138"}],"up":[{"embeddable":true,"href":"https:\/\/www.electroluxprofessional.com\/es\/wp-json\/wp\/v2\/pages\/1256"}],"wp:featuredmedia":[{"embeddable":true,"href":"https:\/\/www.electroluxprofessional.com\/es\/wp-json\/wp\/v2\/media\/2532"}],"wp:attachment":[{"href":"https:\/\/www.electroluxprofessional.com\/es\/wp-json\/wp\/v2\/media?parent=21721"}],"curies":[{"name":"wp","href":"https:\/\/api.w.org\/{rel}","templated":true}]}}