{"id":21499,"date":"2025-02-05T07:58:23","date_gmt":"2025-02-05T07:58:23","guid":{"rendered":"https:\/\/www.electroluxprofessional.com\/es\/?page_id=21499"},"modified":"2026-03-28T10:53:24","modified_gmt":"2026-03-28T10:53:24","slug":"clubs-deportivos-gimnasios","status":"publish","type":"page","link":"https:\/\/www.electroluxprofessional.com\/es\/tu-negocio\/pequenos-negocios\/clubs-deportivos-gimnasios\/","title":{"rendered":"Gimnasios y Clubs deportivos"},"content":{"rendered":"<p>[vc_row full_width=&#8221;electroluxpro-full-width-no-padding&#8221; css=&#8221;.vc_custom_1663603533477{margin-top: -50px !important;}&#8221;][vc_column][elx_full_banner title=&#8221;Gimnasios y Clubs deportivos&#8221; background_image_media_library=&#8221;21497&#8243; background_image_media_library_mobile=&#8221;21498&#8243;][\/vc_column][\/vc_row][vc_row][vc_column][vc_empty_space][\/vc_column][\/vc_row][vc_row][vc_column width=&#8221;2\/3&#8243;][elx_heading font_container=&#8221;h1&#8243; text_color=&#8221;electrolux-blue&#8221;]Lavander\u00eda para Clubs Deportivos y Gimnasios[\/elx_heading][vc_column_text]<strong>Hay restos de grasa, suciedad y sudor<\/strong> que los equipos dom\u00e9sticos normales no pueden quitar.<br \/>\nCon myPRO, no tendr\u00e1s que preocuparte nunca por los resultados de lavado o por problemas con las m\u00e1quinas.\u00a0\u00a1Simplemente carga, empieza y rel\u00e1jate![\/vc_column_text][elx_button button_text=&#8221;Ir a productos&#8221; button_style=&#8221;icon&#8221; button_link=&#8221;url:https%3A%2F%2Fwww.electroluxprofessional.com%2Fes%2Faccesorios-consumibles-lavanderia%2Fmypro-xl-lavanderia-pequenas-empresas%2F|title:myPRO%20washers%2C%20dryers%20and%20steam%20ironers%20for%20small%20businesses|target:_blank&#8221;][\/vc_column][vc_column width=&#8221;1\/3&#8243;][elx_heading text_color=&#8221;electrolux-blue&#8221;]Desc\u00e1rgate el folleto[\/elx_heading][elx_download_block text=&#8221;Soluci\u00f3n de lavander\u00eda myPRO<br \/>\nGimnasios y Clubs deportivos&#8221; document_type=&#8221;leaflets&#8221; file_picker=&#8221;21778&#8243; background_color=&#8221;laundry-solutions&#8221;][\/vc_column][\/vc_row][vc_row][vc_column][vc_single_image image=&#8221;10636&#8243; img_size=&#8221;full&#8221; alignment=&#8221;center&#8221;][\/vc_column][\/vc_row][vc_row content_placement=&#8221;top&#8221; el_class=&#8221;marginNegative&#8221;][vc_column width=&#8221;1\/3&#8243;][vc_empty_space][elx_heading font_container=&#8221;h5&#8243; font_size=&#8221;h5&#8243; text_color=&#8221;inherit&#8221;]Perforaciones del tambor optimizadas[\/elx_heading][vc_column_text]Expulsi\u00f3n asegurada de todas las part\u00edculas y la suciedad.\u00a0Los <strong>grandes orificios de 4,5 mm<\/strong>\u00a0aseguran la expulsi\u00f3n eficaz de las part\u00edculas s\u00f3lidas fuera del tambor, lo que minimiza la abrasi\u00f3n de los tejidos.[\/vc_column_text][\/vc_column][vc_column width=&#8221;1\/3&#8243;][vc_empty_space][elx_heading font_container=&#8221;h5&#8243; font_size=&#8221;h5&#8243; text_color=&#8221;inherit&#8221;]Calidad superior en la mitad de tiempo[\/elx_heading][vc_column_text]<strong>El mejor sistema de desag\u00fce de su categor\u00eda<\/strong>, con <strong>ciclos m\u00e1s cortos<\/strong>, menos costes de funcionamiento y resultados excelentes siempre.[\/vc_column_text][\/vc_column][vc_column width=&#8221;1\/3&#8243;][vc_empty_space][elx_heading font_container=&#8221;h5&#8243; font_size=&#8221;h5&#8243; text_color=&#8221;inherit&#8221;]Tambor SpeedCare[\/elx_heading][vc_column_text]Ciclo de secado m\u00e1s corto con el <strong>control en tiempo real<\/strong>\u00a0del nivel de humedad de las prendas.<br \/>\nImpide el secado excesivo, ahorra tiempo y proporciona tranquilidad total a los usuarios.[\/vc_column_text][\/vc_column][\/vc_row][vc_row content_placement=&#8221;top&#8221; el_class=&#8221;marginNegative&#8221;][vc_column width=&#8221;1\/3&#8243;][vc_single_image image=&#8221;21493&#8243; img_size=&#8221;large&#8221;][elx_heading text_color=&#8221;inherit&#8221;]Ahorro de dinero, de energ\u00eda y de espacio[\/elx_heading][vc_column_text css=&#8221;.vc_custom_1571819645236{margin-bottom: 0px !important;}&#8221; el_class=&#8221;minHeightCirclesText&#8221;]<em>&#8220;La ropa de mi equipo siempre es la que tiene mejor aspecto&#8221;<\/em>[\/vc_column_text][vc_column_text css=&#8221;.vc_custom_1573204016295{margin-top: 15px !important;}&#8221;]<\/p>\n<ul>\n<li>Mejores resultados de lavado\u00a0con el exclusivo tambor SpeedCare de Electrolux<\/li>\n<li><strong>Ahorro de energ\u00eda y costes<\/strong> (lavadoras con calificaci\u00f3n de eficiencia energ\u00e9tica A+++)<\/li>\n<li>Lavander\u00eda de alta eficiencia en un formato compacto que optimiza el espacio<\/li>\n<\/ul>\n<p>[\/vc_column_text][\/vc_column][vc_column width=&#8221;1\/3&#8243;][vc_single_image image=&#8221;21494&#8243; img_size=&#8221;large&#8221;][elx_heading text_color=&#8221;inherit&#8221; css=&#8221;.vc_custom_1571819718816{margin-top: 0px !important;}&#8221;]Calidad superior en la mitad de tiempo[\/elx_heading][vc_column_text css=&#8221;.vc_custom_1571819703317{margin-bottom: 0px !important;}&#8221; el_class=&#8221;minHeightCirclesText&#8221;]<em>&#8220;Tengo la seguridad de que <\/em><em>la colada estar\u00e1 lista a tiempo antes de la competici\u00f3n&#8221;<\/em>[\/vc_column_text][vc_column_text css=&#8221;.vc_custom_1573204218930{margin-top: 15px !important;}&#8221;]<\/p>\n<ul>\n<li><strong>Lavander\u00eda de alta eficiencia<\/strong> en un formato compacto para terminar la tarea, \u00a1siempre a tiempo para la pr\u00f3xima competici\u00f3n!<\/li>\n<li>Expulsi\u00f3n eficaz de tierra y gravilla fuera del tambor por grandes orificios de 4,5 mm<\/li>\n<li><strong>Ciclo de secado m\u00e1s corto<\/strong> con control autom\u00e1tico de la humedad<\/li>\n<\/ul>\n<p>[\/vc_column_text][\/vc_column][vc_column width=&#8221;1\/3&#8243;][vc_single_image image=&#8221;21495&#8243; img_size=&#8221;large&#8221;][elx_heading text_color=&#8221;inherit&#8221;]Alta velocidad para tus necesidades profesionales[\/elx_heading][vc_column_text css=&#8221;.vc_custom_1571821257055{margin-bottom: 0px !important;}&#8221; el_class=&#8221;minHeightCirclesText&#8221;]<em>&#8220;Puedo alquilar toallas a los miembros de mi club para tener unos ingresos extra&#8221;<\/em>[\/vc_column_text][vc_column_text css=&#8221;.vc_custom_1573204252689{margin-top: 15px !important;}&#8221;]<\/p>\n<ul>\n<li><strong>Programas de desinfecci\u00f3n profesionales<\/strong> para garantizar altos niveles de higiene<\/li>\n<li>Soluci\u00f3n de calidad superior, fabricada para <strong>durar m\u00e1s<\/strong><\/li>\n<li><strong>Garant\u00eda <\/strong>para usos profesionales<\/li>\n<\/ul>\n<p>[\/vc_column_text][\/vc_column][\/vc_row][vc_row][vc_column][vc_empty_space][\/vc_column][\/vc_row][vc_row][vc_column][elx_o2000_contact_us s=&#8221;Solicitud de informaci\u00f3n sobre peluquer\u00edas y salones de belleza&#8221; b=&#8221;laundry&#8221; r=&#8221;Me gustar\u00eda obtener m\u00e1s informaci\u00f3n sobre las soluciones para clubs deportivos y gimnasios.&#8221; l=&#8221;en&#8221;][\/vc_column][\/vc_row][vc_row][vc_column][vc_empty_space][\/vc_column][\/vc_row][vc_row][vc_column width=&#8221;1\/2&#8243;][vc_single_image image=&#8221;21496&#8243; img_size=&#8221;full&#8221;][\/vc_column][vc_column width=&#8221;1\/2&#8243;][elx_heading font_container=&#8221;h5&#8243; text_color=&#8221;inherit&#8221;]Richmond Football Club, Melbourne (Australia)[\/elx_heading][vc_column_text]\u201cEn nuestra peque\u00f1a zona de lavander\u00eda ahora tenemos 3 lavadoras y secadoras; son compactas, silenciosas y hacen un trabajo incre\u00edble con 100-120 cargas de colada a la semana. Se acabaron las manchas de hierba y los residuos grasientos que podr\u00edan suponer un riesgo de incendio\u201d.<br \/>\n<strong>Giuseppe Mamone, gerente<\/strong>[\/vc_column_text][elx_button button_text=&#8221;Richmond Football Club&#8221; button_style=&#8221;icon&#8221; button_link=&#8221;url:https%3A%2F%2Fwww.electroluxprofessional.com%2Freferences%2Fmypro-for-richmond-football-club%2F|title:Richmond%20Football%20Club|target:_blank&#8221;][\/vc_column][\/vc_row][vc_row][vc_column][vc_empty_space][\/vc_column][\/vc_row][vc_row css=&#8221;.vc_custom_1534772259989{background-color: #eeeeee !important;}&#8221;][vc_column width=&#8221;2\/3&#8243;][elx_heading font_size=&#8221;h3&#8243; text_color=&#8221;inherit&#8221;]\u00bfBuscas soluciones m\u00e1s productivas?[\/elx_heading][elx_heading font_container=&#8221;h3&#8243; font_size=&#8221;h5&#8243; text_color=&#8221;inherit&#8221;]No te pierdas nuestras soluciones para lavander\u00eda comercial[\/elx_heading][vc_column_text]Electrolux Professional te ofrece una gama integral de productos para tus necesidades de lavander\u00eda profesional.[\/vc_column_text][elx_button button_text=&#8221;Descubre nuestras soluciones para lavander\u00eda comercial&#8221; button_style=&#8221;icon&#8221; button_link=&#8221;url:https%3A%2F%2Fwww.electroluxprofessional.com%2Fes%2Fequipamiento-lavanderia-comercial%2F|title:Commercial%20Laundry%20Solutions|target:_blank&#8221;][\/vc_column][vc_column width=&#8221;1\/3&#8243;][vc_empty_space][vc_single_image image=&#8221;1839&#8243; img_size=&#8221;700px&#8221;][\/vc_column][\/vc_row]<\/p>\n","protected":false},"excerpt":{"rendered":"<p>[vc_row full_width=&#8221;electroluxpro-full-width-no-padding&#8221; css=&#8221;.vc_custom_1663603533477{margin-top: -50px !important;}&#8221;][vc_column][elx_full_banner title=&#8221;Gimnasios y Clubs deportivos&#8221; background_image_media_library=&#8221;21497&#8243; background_image_media_library_mobile=&#8221;21498&#8243;][\/vc_column][\/vc_row][vc_row][vc_column][vc_empty_space][\/vc_column][\/vc_row][vc_row][vc_column width=&#8221;2\/3&#8243;][elx_heading font_container=&#8221;h1&#8243; text_color=&#8221;electrolux-blue&#8221;]Lavander\u00eda para Clubs Deportivos y Gimnasios[\/elx_heading][vc_column_text]Hay restos de grasa, suciedad y sudor que los equipos dom\u00e9sticos normales no pueden quitar. Con myPRO, no tendr\u00e1s que preocuparte nunca por los resultados de lavado o por problemas con las m\u00e1quinas.\u00a0\u00a1Simplemente carga, empieza y rel\u00e1jate![\/vc_column_text][elx_button [&hellip;]<\/p>\n","protected":false},"author":368,"featured_media":0,"parent":23401,"menu_order":0,"comment_status":"closed","ping_status":"closed","template":"","meta":{"footnotes":""},"class_list":["post-21499","page","type-page","status-publish","hentry"],"acf":[],"yoast_head":"<!-- This site is optimized with the Yoast SEO plugin v23.4 - https:\/\/yoast.com\/wordpress\/plugins\/seo\/ -->\n<title>Soluciones Clubs Deportivos y Gimnasios | Electrolux Professional<\/title>\n<meta name=\"description\" content=\"Soluciones de lavander\u00eda para gimnasios y clubs deportivos. Tiempos de ciclo m\u00e1s cortos, menores costes de funcionamiento y grandes resultados\" \/>\n<meta name=\"robots\" content=\"index, follow, max-snippet:-1, max-image-preview:large, max-video-preview:-1\" \/>\n<link rel=\"canonical\" href=\"https:\/\/www.electroluxprofessional.com\/es\/tu-negocio\/pequenos-negocios\/clubs-deportivos-gimnasios\/\" \/>\n<meta property=\"og:locale\" content=\"es_ES\" \/>\n<meta property=\"og:type\" content=\"article\" \/>\n<meta property=\"og:title\" content=\"Soluciones Clubs Deportivos y Gimnasios | Electrolux Professional\" \/>\n<meta property=\"og:description\" content=\"Soluciones de lavander\u00eda para gimnasios y clubs deportivos. Tiempos de ciclo m\u00e1s cortos, menores costes de funcionamiento y grandes resultados\" \/>\n<meta property=\"og:url\" content=\"https:\/\/www.electroluxprofessional.com\/es\/tu-negocio\/pequenos-negocios\/clubs-deportivos-gimnasios\/\" \/>\n<meta property=\"og:site_name\" content=\"Electrolux Professional Espa\u00f1a\" \/>\n<meta property=\"article:modified_time\" content=\"2026-03-28T10:53:24+00:00\" \/>\n<meta name=\"twitter:card\" content=\"summary_large_image\" \/>\n<meta name=\"twitter:label1\" content=\"Tiempo de lectura\" \/>\n\t<meta name=\"twitter:data1\" content=\"4 minutos\" \/>\n<script type=\"application\/ld+json\" class=\"yoast-schema-graph\">{\"@context\":\"https:\/\/schema.org\",\"@graph\":[{\"@type\":\"WebPage\",\"@id\":\"https:\/\/www.electroluxprofessional.com\/es\/tu-negocio\/pequenos-negocios\/clubs-deportivos-gimnasios\/\",\"url\":\"https:\/\/www.electroluxprofessional.com\/es\/tu-negocio\/pequenos-negocios\/clubs-deportivos-gimnasios\/\",\"name\":\"Soluciones Clubs Deportivos y Gimnasios | Electrolux Professional\",\"isPartOf\":{\"@id\":\"https:\/\/www.electroluxprofessional.com\/es\/#website\"},\"datePublished\":\"2025-02-05T07:58:23+00:00\",\"dateModified\":\"2026-03-28T10:53:24+00:00\",\"description\":\"Soluciones de lavander\u00eda para gimnasios y clubs deportivos. Tiempos de ciclo m\u00e1s cortos, menores costes de funcionamiento y grandes resultados\",\"breadcrumb\":{\"@id\":\"https:\/\/www.electroluxprofessional.com\/es\/tu-negocio\/pequenos-negocios\/clubs-deportivos-gimnasios\/#breadcrumb\"},\"inLanguage\":\"es\",\"potentialAction\":[{\"@type\":\"ReadAction\",\"target\":[\"https:\/\/www.electroluxprofessional.com\/es\/tu-negocio\/pequenos-negocios\/clubs-deportivos-gimnasios\/\"]}]},{\"@type\":\"BreadcrumbList\",\"@id\":\"https:\/\/www.electroluxprofessional.com\/es\/tu-negocio\/pequenos-negocios\/clubs-deportivos-gimnasios\/#breadcrumb\",\"itemListElement\":[{\"@type\":\"ListItem\",\"position\":1,\"name\":\"Home\",\"item\":\"https:\/\/www.electroluxprofessional.com\/es\/\"},{\"@type\":\"ListItem\",\"position\":2,\"name\":\"Tu negocio\",\"item\":\"https:\/\/www.electroluxprofessional.com\/es\/tu-negocio\/\"},{\"@type\":\"ListItem\",\"position\":3,\"name\":\"Peque\u00f1os negocios\",\"item\":\"https:\/\/www.electroluxprofessional.com\/es\/tu-negocio\/pequenos-negocios\/\"},{\"@type\":\"ListItem\",\"position\":4,\"name\":\"Gimnasios y Clubs deportivos\"}]},{\"@type\":\"WebSite\",\"@id\":\"https:\/\/www.electroluxprofessional.com\/es\/#website\",\"url\":\"https:\/\/www.electroluxprofessional.com\/es\/\",\"name\":\"Electrolux Professional Espa\u00f1a\",\"description\":\"Equipamiento cocinas profesionales y lavander\u00edas comerciales. Excelencia en el suministro de soluciones profesionales.\",\"potentialAction\":[{\"@type\":\"SearchAction\",\"target\":{\"@type\":\"EntryPoint\",\"urlTemplate\":\"https:\/\/www.electroluxprofessional.com\/es\/?src={search_term_string}\"},\"query-input\":{\"@type\":\"PropertyValueSpecification\",\"valueRequired\":true,\"valueName\":\"search_term_string\"}}],\"inLanguage\":\"es\"}]}<\/script>\n<!-- \/ Yoast SEO plugin. -->","yoast_head_json":{"title":"Soluciones Clubs Deportivos y Gimnasios | Electrolux Professional","description":"Soluciones de lavander\u00eda para gimnasios y clubs deportivos. Tiempos de ciclo m\u00e1s cortos, menores costes de funcionamiento y grandes resultados","robots":{"index":"index","follow":"follow","max-snippet":"max-snippet:-1","max-image-preview":"max-image-preview:large","max-video-preview":"max-video-preview:-1"},"canonical":"https:\/\/www.electroluxprofessional.com\/es\/tu-negocio\/pequenos-negocios\/clubs-deportivos-gimnasios\/","og_locale":"es_ES","og_type":"article","og_title":"Soluciones Clubs Deportivos y Gimnasios | Electrolux Professional","og_description":"Soluciones de lavander\u00eda para gimnasios y clubs deportivos. Tiempos de ciclo m\u00e1s cortos, menores costes de funcionamiento y grandes resultados","og_url":"https:\/\/www.electroluxprofessional.com\/es\/tu-negocio\/pequenos-negocios\/clubs-deportivos-gimnasios\/","og_site_name":"Electrolux Professional Espa\u00f1a","article_modified_time":"2026-03-28T10:53:24+00:00","twitter_card":"summary_large_image","twitter_misc":{"Tiempo de lectura":"4 minutos"},"schema":{"@context":"https:\/\/schema.org","@graph":[{"@type":"WebPage","@id":"https:\/\/www.electroluxprofessional.com\/es\/tu-negocio\/pequenos-negocios\/clubs-deportivos-gimnasios\/","url":"https:\/\/www.electroluxprofessional.com\/es\/tu-negocio\/pequenos-negocios\/clubs-deportivos-gimnasios\/","name":"Soluciones Clubs Deportivos y Gimnasios | Electrolux Professional","isPartOf":{"@id":"https:\/\/www.electroluxprofessional.com\/es\/#website"},"datePublished":"2025-02-05T07:58:23+00:00","dateModified":"2026-03-28T10:53:24+00:00","description":"Soluciones de lavander\u00eda para gimnasios y clubs deportivos. Tiempos de ciclo m\u00e1s cortos, menores costes de funcionamiento y grandes resultados","breadcrumb":{"@id":"https:\/\/www.electroluxprofessional.com\/es\/tu-negocio\/pequenos-negocios\/clubs-deportivos-gimnasios\/#breadcrumb"},"inLanguage":"es","potentialAction":[{"@type":"ReadAction","target":["https:\/\/www.electroluxprofessional.com\/es\/tu-negocio\/pequenos-negocios\/clubs-deportivos-gimnasios\/"]}]},{"@type":"BreadcrumbList","@id":"https:\/\/www.electroluxprofessional.com\/es\/tu-negocio\/pequenos-negocios\/clubs-deportivos-gimnasios\/#breadcrumb","itemListElement":[{"@type":"ListItem","position":1,"name":"Home","item":"https:\/\/www.electroluxprofessional.com\/es\/"},{"@type":"ListItem","position":2,"name":"Tu negocio","item":"https:\/\/www.electroluxprofessional.com\/es\/tu-negocio\/"},{"@type":"ListItem","position":3,"name":"Peque\u00f1os negocios","item":"https:\/\/www.electroluxprofessional.com\/es\/tu-negocio\/pequenos-negocios\/"},{"@type":"ListItem","position":4,"name":"Gimnasios y Clubs deportivos"}]},{"@type":"WebSite","@id":"https:\/\/www.electroluxprofessional.com\/es\/#website","url":"https:\/\/www.electroluxprofessional.com\/es\/","name":"Electrolux Professional Espa\u00f1a","description":"Equipamiento cocinas profesionales y lavander\u00edas comerciales. Excelencia en el suministro de soluciones profesionales.","potentialAction":[{"@type":"SearchAction","target":{"@type":"EntryPoint","urlTemplate":"https:\/\/www.electroluxprofessional.com\/es\/?src={search_term_string}"},"query-input":{"@type":"PropertyValueSpecification","valueRequired":true,"valueName":"search_term_string"}}],"inLanguage":"es"}]}},"_links":{"self":[{"href":"https:\/\/www.electroluxprofessional.com\/es\/wp-json\/wp\/v2\/pages\/21499"}],"collection":[{"href":"https:\/\/www.electroluxprofessional.com\/es\/wp-json\/wp\/v2\/pages"}],"about":[{"href":"https:\/\/www.electroluxprofessional.com\/es\/wp-json\/wp\/v2\/types\/page"}],"author":[{"embeddable":true,"href":"https:\/\/www.electroluxprofessional.com\/es\/wp-json\/wp\/v2\/users\/368"}],"replies":[{"embeddable":true,"href":"https:\/\/www.electroluxprofessional.com\/es\/wp-json\/wp\/v2\/comments?post=21499"}],"version-history":[{"count":14,"href":"https:\/\/www.electroluxprofessional.com\/es\/wp-json\/wp\/v2\/pages\/21499\/revisions"}],"predecessor-version":[{"id":25960,"href":"https:\/\/www.electroluxprofessional.com\/es\/wp-json\/wp\/v2\/pages\/21499\/revisions\/25960"}],"up":[{"embeddable":true,"href":"https:\/\/www.electroluxprofessional.com\/es\/wp-json\/wp\/v2\/pages\/23401"}],"wp:attachment":[{"href":"https:\/\/www.electroluxprofessional.com\/es\/wp-json\/wp\/v2\/media?parent=21499"}],"curies":[{"name":"wp","href":"https:\/\/api.w.org\/{rel}","templated":true}]}}