{"id":21484,"date":"2025-02-05T07:53:46","date_gmt":"2025-02-05T07:53:46","guid":{"rendered":"https:\/\/www.electroluxprofessional.com\/es\/?page_id=21484"},"modified":"2026-03-28T10:52:07","modified_gmt":"2026-03-28T10:52:07","slug":"pequenos-negocios-lavanderia-autoservicio","status":"publish","type":"page","link":"https:\/\/www.electroluxprofessional.com\/es\/tu-negocio\/pequenos-negocios\/pequenos-negocios-lavanderia-autoservicio\/","title":{"rendered":"Soluciones para lavander\u00eda de autoservicio"},"content":{"rendered":"<p>[vc_row full_width=&#8221;electroluxpro-full-width-no-padding&#8221; css=&#8221;.vc_custom_1663593385575{margin-top: -50px !important;}&#8221;][vc_column][elx_full_banner title=&#8221;Soluciones para lavander\u00eda de autoservicio&#8221; background_image_media_library=&#8221;21482&#8243; background_image_media_library_mobile=&#8221;21483&#8243;][\/vc_column][\/vc_row][vc_row][vc_column][vc_empty_space][\/vc_column][\/vc_row][vc_row][vc_column width=&#8221;2\/3&#8243;][elx_heading font_container=&#8221;h1&#8243; text_color=&#8221;electrolux-blue&#8221;]Lavander\u00eda de Autoservicio para Peque\u00f1os Negocios[\/elx_heading][vc_column_text]myPRO es ideal para viviendas compartidas y comunidades de vecinos peque\u00f1as y medianas, porque <strong>combina durabilidad y eficiencia<\/strong>, lo que proporciona a los residentes procesos de lavado y secado m\u00e1s r\u00e1pidos y sencillos.<\/p>\n<p>T\u00fa ahorras dinero y tus usuarios ahorran tiempo.[\/vc_column_text][elx_button button_text=&#8221;Ir a productos&#8221; button_style=&#8221;icon&#8221; button_link=&#8221;url:https%3A%2F%2Fwww.electroluxprofessional.com%2Fes%2Faccesorios-consumibles-lavanderia%2Fmypro-xl-lavanderia-pequenas-empresas%2F|title:myPRO%20washers%2C%20dryers%20and%20steam%20ironers%20for%20small%20businesses|target:_blank&#8221;][\/vc_column][vc_column width=&#8221;1\/3&#8243;][elx_heading text_color=&#8221;electrolux-blue&#8221;]Desc\u00e1rgate el folleto[\/elx_heading][elx_download_block text=&#8221;Soluci\u00f3n myPRO<br \/>\nlavander\u00eda de autoservicio&#8221; document_type=&#8221;leaflets&#8221; background_color=&#8221;laundry-solutions&#8221; le_document_number=&#8221;CLFL-9JE00002&#8243;][\/vc_column][\/vc_row][vc_row][vc_column][vc_single_image image=&#8221;10636&#8243; img_size=&#8221;full&#8221; alignment=&#8221;center&#8221;][\/vc_column][\/vc_row][vc_row content_placement=&#8221;top&#8221; el_class=&#8221;marginNegative&#8221;][vc_column width=&#8221;1\/3&#8243;][vc_empty_space][elx_heading font_container=&#8221;h5&#8243; font_size=&#8221;h5&#8243; text_color=&#8221;inherit&#8221;]Programas profesionales[\/elx_heading][vc_column_text]Hasta un<strong> 50 % m\u00e1s r\u00e1pidas que los equipos dom\u00e9sticos<\/strong> y m\u00e1s flexibles, con programas para todo tipo de necesidades, incluidos programas de desinfecci\u00f3n.[\/vc_column_text][\/vc_column][vc_column width=&#8221;1\/3&#8243;][vc_empty_space][elx_heading font_container=&#8221;h5&#8243; font_size=&#8221;h5&#8243; text_color=&#8221;inherit&#8221;]Programas de desinfecci\u00f3n[\/elx_heading][vc_column_text]Mayor flexibilidad, con programas para todo tipo de necesidades, incluidos <strong>programas de desinfecci\u00f3n<\/strong> que te ayudan a cumplir los requisitos de higiene y limpieza.[\/vc_column_text][\/vc_column][vc_column width=&#8221;1\/3&#8243;][vc_empty_space][elx_heading font_container=&#8221;h5&#8243; font_size=&#8221;h5&#8243; text_color=&#8221;inherit&#8221;]Control autom\u00e1tico de la humedad[\/elx_heading][vc_column_text]Ciclo de secado m\u00e1s corto con el <strong>control en tiempo real<\/strong>\u00a0del nivel de humedad de las prendas.<br \/>\nImpide el secado excesivo, ahorra tiempo y proporciona tranquilidad total a los usuarios.[\/vc_column_text][\/vc_column][\/vc_row][vc_row content_placement=&#8221;top&#8221; el_class=&#8221;marginNegative&#8221;][vc_column width=&#8221;1\/3&#8243;][vc_single_image image=&#8221;21480&#8243; img_size=&#8221;large&#8221;][elx_heading text_color=&#8221;inherit&#8221;]Eficiencia y fiabilidad[\/elx_heading][vc_column_text css=&#8221;.vc_custom_1571759201767{margin-bottom: 0px !important;}&#8221; el_class=&#8221;minHeightCirclesText&#8221;]<em>&#8220;No me preocupan las aver\u00edas en la lavander\u00eda&#8221;<\/em>[\/vc_column_text][vc_column_text css=&#8221;.vc_custom_1571759339208{margin-top: 15px !important;}&#8221;]<\/p>\n<ul>\n<li>Lavadoras y secadoras dise\u00f1adas para durar <span class=\"s1\"><b>3 veces m\u00e1s<\/b><\/span> que los equipos dom\u00e9sticos<\/li>\n<li>Garant\u00eda para<em>\u00a0usos profesionales<\/em><\/li>\n<li><b>M\u00e1s flexibilidad<\/b>\u00a0con el <em>sistema de dosificaci\u00f3n externo<\/em><\/li>\n<\/ul>\n<p>[\/vc_column_text][\/vc_column][vc_column width=&#8221;1\/3&#8243;][vc_single_image image=&#8221;21473&#8243; img_size=&#8221;full&#8221;][elx_heading text_color=&#8221;inherit&#8221; css=&#8221;.vc_custom_1571759363737{margin-top: 0px !important;}&#8221;]T\u00fa ahorras dinero y los usuarios ahorran tiempo[\/elx_heading][vc_column_text css=&#8221;.vc_custom_1571759219435{margin-bottom: 0px !important;}&#8221; el_class=&#8221;minHeightCirclesText&#8221;]<em>&#8220;Con los ciclos m\u00e1s cortos, tengo muchos usuarios contentos&#8221;<\/em>[\/vc_column_text][vc_column_text css=&#8221;.vc_custom_1571759350293{margin-top: 15px !important;}&#8221;]<\/p>\n<ul>\n<li><b>Hasta un 50\u2009% m\u00e1s r\u00e1pido<\/b> con <em>programas profesionales<\/em><\/li>\n<li><b>El mejor sistema de desag\u00fce de su categor\u00eda<\/b><span class=\"s2\"><em>\u00a0<\/em>para facilitar el secado y el planchado<\/span><\/li>\n<li><b>Ciclo de secado m\u00e1s corto<\/b>\u00a0con <em>control autom\u00e1tico de la humedad<\/em><\/li>\n<\/ul>\n<p>[\/vc_column_text][\/vc_column][vc_column width=&#8221;1\/3&#8243;][vc_single_image image=&#8221;21481&#8243; img_size=&#8221;large&#8221;][elx_heading text_color=&#8221;inherit&#8221;]Seguridad y ergonom\u00eda[\/elx_heading][vc_column_text css=&#8221;.vc_custom_1571759240723{margin-bottom: 0px !important;}&#8221; el_class=&#8221;minHeightCirclesText&#8221;]<em>&#8220;La puerta de seguridad da tranquilidad a mis clientes cuando hay ni\u00f1os&#8221;<\/em>[\/vc_column_text][vc_column_text css=&#8221;.vc_custom_1571759382429{margin-top: 15px !important;}&#8221;]<\/p>\n<ul>\n<li class=\"li1\">Tranquilidad total con\u00a0la <em>puerta de seguridad infantil<\/em>:\u00a0<span class=\"s1\"><b>f\u00e1cil de empujar<\/b><\/span>\u00a0para abrir desde dentro<\/li>\n<li class=\"li1\"><span class=\"s1\"><b>Visi\u00f3n f\u00e1cil y r\u00e1pida<\/b><\/span>\u00a0del\u00a0<em>interior del tambor con luz incorporada<\/em><\/li>\n<li class=\"li1\"><span class=\"s1\"><b>Menos vibraci\u00f3n y ruido<\/b><\/span>\u00a0<em>gracias al eficaz sistema de absorci\u00f3n de impactos<\/em><\/li>\n<\/ul>\n<p>[\/vc_column_text][\/vc_column][\/vc_row][vc_row][vc_column][vc_empty_space][\/vc_column][\/vc_row][vc_row][vc_column][elx_o2000_contact_us s=&#8221;Solicitud de informaci\u00f3n sobre peluquer\u00edas y salones de belleza&#8221; b=&#8221;laundry&#8221; r=&#8221;Me gustar\u00eda obtener m\u00e1s informaci\u00f3n sobre las soluciones para lavander\u00eda de autoservicio&#8221; l=&#8221;en&#8221;][\/vc_column][\/vc_row][vc_row][vc_column][vc_empty_space][\/vc_column][\/vc_row][vc_row css=&#8221;.vc_custom_1534772259989{background-color: #eeeeee !important;}&#8221;][vc_column width=&#8221;2\/3&#8243;][elx_heading font_size=&#8221;h3&#8243; text_color=&#8221;inherit&#8221;]\u00bfBuscas soluciones m\u00e1s productivas?[\/elx_heading][elx_heading font_container=&#8221;h3&#8243; font_size=&#8221;h5&#8243; text_color=&#8221;inherit&#8221;]No te pierdas nuestras soluciones para lavander\u00eda comercial[\/elx_heading][vc_column_text]Electrolux Professional te ofrece una gama integral de productos para tus necesidades de lavander\u00eda profesional.[\/vc_column_text][elx_button button_text=&#8221;Descubre nuestras soluciones para lavander\u00eda comercial&#8221; button_style=&#8221;icon&#8221; button_link=&#8221;url:https%3A%2F%2Fwww.electroluxprofessional.com%2Fes%2Fequipamiento-lavanderia-comercial%2F|title:Commercial%20Laundry%20Solutions|target:_blank&#8221;][\/vc_column][vc_column width=&#8221;1\/3&#8243;][vc_empty_space][vc_single_image image=&#8221;1839&#8243; img_size=&#8221;700px&#8221;][\/vc_column][\/vc_row]<\/p>\n","protected":false},"excerpt":{"rendered":"<p>[vc_row full_width=&#8221;electroluxpro-full-width-no-padding&#8221; css=&#8221;.vc_custom_1663593385575{margin-top: -50px !important;}&#8221;][vc_column][elx_full_banner title=&#8221;Soluciones para lavander\u00eda de autoservicio&#8221; background_image_media_library=&#8221;21482&#8243; background_image_media_library_mobile=&#8221;21483&#8243;][\/vc_column][\/vc_row][vc_row][vc_column][vc_empty_space][\/vc_column][\/vc_row][vc_row][vc_column width=&#8221;2\/3&#8243;][elx_heading font_container=&#8221;h1&#8243; text_color=&#8221;electrolux-blue&#8221;]Lavander\u00eda de Autoservicio para Peque\u00f1os Negocios[\/elx_heading][vc_column_text]myPRO es ideal para viviendas compartidas y comunidades de vecinos peque\u00f1as y medianas, porque combina durabilidad y eficiencia, lo que proporciona a los residentes procesos de lavado y secado m\u00e1s r\u00e1pidos y sencillos. T\u00fa ahorras dinero [&hellip;]<\/p>\n","protected":false},"author":368,"featured_media":21479,"parent":23401,"menu_order":0,"comment_status":"closed","ping_status":"closed","template":"","meta":{"footnotes":""},"class_list":["post-21484","page","type-page","status-publish","has-post-thumbnail","hentry"],"acf":[],"yoast_head":"<!-- This site is optimized with the Yoast SEO plugin v23.4 - https:\/\/yoast.com\/wordpress\/plugins\/seo\/ -->\n<title>Lavander\u00eda Autoservicio Peque\u00f1os Negocios | Electrolux Professional<\/title>\n<meta name=\"description\" content=\"Crea un negocio de lavander\u00eda de autoservicio rentable y de f\u00e1cil gesti\u00f3n. Ofrece un servicio de calidad con equipos fiables y duraderos.\" \/>\n<meta name=\"robots\" content=\"index, follow, max-snippet:-1, max-image-preview:large, max-video-preview:-1\" \/>\n<link rel=\"canonical\" href=\"https:\/\/www.electroluxprofessional.com\/es\/tu-negocio\/pequenos-negocios\/pequenos-negocios-lavanderia-autoservicio\/\" \/>\n<meta property=\"og:locale\" content=\"es_ES\" \/>\n<meta property=\"og:type\" content=\"article\" \/>\n<meta property=\"og:title\" content=\"Lavander\u00eda Autoservicio Peque\u00f1os Negocios | Electrolux Professional\" \/>\n<meta property=\"og:description\" content=\"Crea un negocio de lavander\u00eda de autoservicio rentable y de f\u00e1cil gesti\u00f3n. Ofrece un servicio de calidad con equipos fiables y duraderos.\" \/>\n<meta property=\"og:url\" content=\"https:\/\/www.electroluxprofessional.com\/es\/tu-negocio\/pequenos-negocios\/pequenos-negocios-lavanderia-autoservicio\/\" \/>\n<meta property=\"og:site_name\" content=\"Electrolux Professional Espa\u00f1a\" \/>\n<meta property=\"article:modified_time\" content=\"2026-03-28T10:52:07+00:00\" \/>\n<meta property=\"og:image\" content=\"https:\/\/www.electroluxprofessional.com\/es\/wp-content\/uploads\/2025\/02\/myPRO-zip-self-service-laundries-featured.jpg\" \/>\n\t<meta property=\"og:image:width\" content=\"800\" \/>\n\t<meta property=\"og:image:height\" content=\"500\" \/>\n\t<meta property=\"og:image:type\" content=\"image\/jpeg\" \/>\n<meta name=\"twitter:card\" content=\"summary_large_image\" \/>\n<meta name=\"twitter:label1\" content=\"Tiempo de lectura\" \/>\n\t<meta name=\"twitter:data1\" content=\"4 minutos\" \/>\n<script type=\"application\/ld+json\" class=\"yoast-schema-graph\">{\"@context\":\"https:\/\/schema.org\",\"@graph\":[{\"@type\":\"WebPage\",\"@id\":\"https:\/\/www.electroluxprofessional.com\/es\/tu-negocio\/pequenos-negocios\/pequenos-negocios-lavanderia-autoservicio\/\",\"url\":\"https:\/\/www.electroluxprofessional.com\/es\/tu-negocio\/pequenos-negocios\/pequenos-negocios-lavanderia-autoservicio\/\",\"name\":\"Lavander\u00eda Autoservicio Peque\u00f1os Negocios | Electrolux Professional\",\"isPartOf\":{\"@id\":\"https:\/\/www.electroluxprofessional.com\/es\/#website\"},\"primaryImageOfPage\":{\"@id\":\"https:\/\/www.electroluxprofessional.com\/es\/tu-negocio\/pequenos-negocios\/pequenos-negocios-lavanderia-autoservicio\/#primaryimage\"},\"image\":{\"@id\":\"https:\/\/www.electroluxprofessional.com\/es\/tu-negocio\/pequenos-negocios\/pequenos-negocios-lavanderia-autoservicio\/#primaryimage\"},\"thumbnailUrl\":\"https:\/\/www.electroluxprofessional.com\/es\/wp-content\/uploads\/2025\/02\/myPRO-zip-self-service-laundries-featured.jpg\",\"datePublished\":\"2025-02-05T07:53:46+00:00\",\"dateModified\":\"2026-03-28T10:52:07+00:00\",\"description\":\"Crea un negocio de lavander\u00eda de autoservicio rentable y de f\u00e1cil gesti\u00f3n. Ofrece un servicio de calidad con equipos fiables y duraderos.\",\"breadcrumb\":{\"@id\":\"https:\/\/www.electroluxprofessional.com\/es\/tu-negocio\/pequenos-negocios\/pequenos-negocios-lavanderia-autoservicio\/#breadcrumb\"},\"inLanguage\":\"es\",\"potentialAction\":[{\"@type\":\"ReadAction\",\"target\":[\"https:\/\/www.electroluxprofessional.com\/es\/tu-negocio\/pequenos-negocios\/pequenos-negocios-lavanderia-autoservicio\/\"]}]},{\"@type\":\"ImageObject\",\"inLanguage\":\"es\",\"@id\":\"https:\/\/www.electroluxprofessional.com\/es\/tu-negocio\/pequenos-negocios\/pequenos-negocios-lavanderia-autoservicio\/#primaryimage\",\"url\":\"https:\/\/www.electroluxprofessional.com\/es\/wp-content\/uploads\/2025\/02\/myPRO-zip-self-service-laundries-featured.jpg\",\"contentUrl\":\"https:\/\/www.electroluxprofessional.com\/es\/wp-content\/uploads\/2025\/02\/myPRO-zip-self-service-laundries-featured.jpg\",\"width\":800,\"height\":500},{\"@type\":\"BreadcrumbList\",\"@id\":\"https:\/\/www.electroluxprofessional.com\/es\/tu-negocio\/pequenos-negocios\/pequenos-negocios-lavanderia-autoservicio\/#breadcrumb\",\"itemListElement\":[{\"@type\":\"ListItem\",\"position\":1,\"name\":\"Home\",\"item\":\"https:\/\/www.electroluxprofessional.com\/es\/\"},{\"@type\":\"ListItem\",\"position\":2,\"name\":\"Tu negocio\",\"item\":\"https:\/\/www.electroluxprofessional.com\/es\/tu-negocio\/\"},{\"@type\":\"ListItem\",\"position\":3,\"name\":\"Peque\u00f1os negocios\",\"item\":\"https:\/\/www.electroluxprofessional.com\/es\/tu-negocio\/pequenos-negocios\/\"},{\"@type\":\"ListItem\",\"position\":4,\"name\":\"Soluciones para lavander\u00eda de autoservicio\"}]},{\"@type\":\"WebSite\",\"@id\":\"https:\/\/www.electroluxprofessional.com\/es\/#website\",\"url\":\"https:\/\/www.electroluxprofessional.com\/es\/\",\"name\":\"Electrolux Professional Espa\u00f1a\",\"description\":\"Equipamiento cocinas profesionales y lavander\u00edas comerciales. Excelencia en el suministro de soluciones profesionales.\",\"potentialAction\":[{\"@type\":\"SearchAction\",\"target\":{\"@type\":\"EntryPoint\",\"urlTemplate\":\"https:\/\/www.electroluxprofessional.com\/es\/?src={search_term_string}\"},\"query-input\":{\"@type\":\"PropertyValueSpecification\",\"valueRequired\":true,\"valueName\":\"search_term_string\"}}],\"inLanguage\":\"es\"}]}<\/script>\n<!-- \/ Yoast SEO plugin. -->","yoast_head_json":{"title":"Lavander\u00eda Autoservicio Peque\u00f1os Negocios | Electrolux Professional","description":"Crea un negocio de lavander\u00eda de autoservicio rentable y de f\u00e1cil gesti\u00f3n. Ofrece un servicio de calidad con equipos fiables y duraderos.","robots":{"index":"index","follow":"follow","max-snippet":"max-snippet:-1","max-image-preview":"max-image-preview:large","max-video-preview":"max-video-preview:-1"},"canonical":"https:\/\/www.electroluxprofessional.com\/es\/tu-negocio\/pequenos-negocios\/pequenos-negocios-lavanderia-autoservicio\/","og_locale":"es_ES","og_type":"article","og_title":"Lavander\u00eda Autoservicio Peque\u00f1os Negocios | Electrolux Professional","og_description":"Crea un negocio de lavander\u00eda de autoservicio rentable y de f\u00e1cil gesti\u00f3n. Ofrece un servicio de calidad con equipos fiables y duraderos.","og_url":"https:\/\/www.electroluxprofessional.com\/es\/tu-negocio\/pequenos-negocios\/pequenos-negocios-lavanderia-autoservicio\/","og_site_name":"Electrolux Professional Espa\u00f1a","article_modified_time":"2026-03-28T10:52:07+00:00","og_image":[{"width":800,"height":500,"url":"https:\/\/www.electroluxprofessional.com\/es\/wp-content\/uploads\/2025\/02\/myPRO-zip-self-service-laundries-featured.jpg","type":"image\/jpeg"}],"twitter_card":"summary_large_image","twitter_misc":{"Tiempo de lectura":"4 minutos"},"schema":{"@context":"https:\/\/schema.org","@graph":[{"@type":"WebPage","@id":"https:\/\/www.electroluxprofessional.com\/es\/tu-negocio\/pequenos-negocios\/pequenos-negocios-lavanderia-autoservicio\/","url":"https:\/\/www.electroluxprofessional.com\/es\/tu-negocio\/pequenos-negocios\/pequenos-negocios-lavanderia-autoservicio\/","name":"Lavander\u00eda Autoservicio Peque\u00f1os Negocios | Electrolux Professional","isPartOf":{"@id":"https:\/\/www.electroluxprofessional.com\/es\/#website"},"primaryImageOfPage":{"@id":"https:\/\/www.electroluxprofessional.com\/es\/tu-negocio\/pequenos-negocios\/pequenos-negocios-lavanderia-autoservicio\/#primaryimage"},"image":{"@id":"https:\/\/www.electroluxprofessional.com\/es\/tu-negocio\/pequenos-negocios\/pequenos-negocios-lavanderia-autoservicio\/#primaryimage"},"thumbnailUrl":"https:\/\/www.electroluxprofessional.com\/es\/wp-content\/uploads\/2025\/02\/myPRO-zip-self-service-laundries-featured.jpg","datePublished":"2025-02-05T07:53:46+00:00","dateModified":"2026-03-28T10:52:07+00:00","description":"Crea un negocio de lavander\u00eda de autoservicio rentable y de f\u00e1cil gesti\u00f3n. Ofrece un servicio de calidad con equipos fiables y duraderos.","breadcrumb":{"@id":"https:\/\/www.electroluxprofessional.com\/es\/tu-negocio\/pequenos-negocios\/pequenos-negocios-lavanderia-autoservicio\/#breadcrumb"},"inLanguage":"es","potentialAction":[{"@type":"ReadAction","target":["https:\/\/www.electroluxprofessional.com\/es\/tu-negocio\/pequenos-negocios\/pequenos-negocios-lavanderia-autoservicio\/"]}]},{"@type":"ImageObject","inLanguage":"es","@id":"https:\/\/www.electroluxprofessional.com\/es\/tu-negocio\/pequenos-negocios\/pequenos-negocios-lavanderia-autoservicio\/#primaryimage","url":"https:\/\/www.electroluxprofessional.com\/es\/wp-content\/uploads\/2025\/02\/myPRO-zip-self-service-laundries-featured.jpg","contentUrl":"https:\/\/www.electroluxprofessional.com\/es\/wp-content\/uploads\/2025\/02\/myPRO-zip-self-service-laundries-featured.jpg","width":800,"height":500},{"@type":"BreadcrumbList","@id":"https:\/\/www.electroluxprofessional.com\/es\/tu-negocio\/pequenos-negocios\/pequenos-negocios-lavanderia-autoservicio\/#breadcrumb","itemListElement":[{"@type":"ListItem","position":1,"name":"Home","item":"https:\/\/www.electroluxprofessional.com\/es\/"},{"@type":"ListItem","position":2,"name":"Tu negocio","item":"https:\/\/www.electroluxprofessional.com\/es\/tu-negocio\/"},{"@type":"ListItem","position":3,"name":"Peque\u00f1os negocios","item":"https:\/\/www.electroluxprofessional.com\/es\/tu-negocio\/pequenos-negocios\/"},{"@type":"ListItem","position":4,"name":"Soluciones para lavander\u00eda de autoservicio"}]},{"@type":"WebSite","@id":"https:\/\/www.electroluxprofessional.com\/es\/#website","url":"https:\/\/www.electroluxprofessional.com\/es\/","name":"Electrolux Professional Espa\u00f1a","description":"Equipamiento cocinas profesionales y lavander\u00edas comerciales. Excelencia en el suministro de soluciones profesionales.","potentialAction":[{"@type":"SearchAction","target":{"@type":"EntryPoint","urlTemplate":"https:\/\/www.electroluxprofessional.com\/es\/?src={search_term_string}"},"query-input":{"@type":"PropertyValueSpecification","valueRequired":true,"valueName":"search_term_string"}}],"inLanguage":"es"}]}},"_links":{"self":[{"href":"https:\/\/www.electroluxprofessional.com\/es\/wp-json\/wp\/v2\/pages\/21484"}],"collection":[{"href":"https:\/\/www.electroluxprofessional.com\/es\/wp-json\/wp\/v2\/pages"}],"about":[{"href":"https:\/\/www.electroluxprofessional.com\/es\/wp-json\/wp\/v2\/types\/page"}],"author":[{"embeddable":true,"href":"https:\/\/www.electroluxprofessional.com\/es\/wp-json\/wp\/v2\/users\/368"}],"replies":[{"embeddable":true,"href":"https:\/\/www.electroluxprofessional.com\/es\/wp-json\/wp\/v2\/comments?post=21484"}],"version-history":[{"count":12,"href":"https:\/\/www.electroluxprofessional.com\/es\/wp-json\/wp\/v2\/pages\/21484\/revisions"}],"predecessor-version":[{"id":25958,"href":"https:\/\/www.electroluxprofessional.com\/es\/wp-json\/wp\/v2\/pages\/21484\/revisions\/25958"}],"up":[{"embeddable":true,"href":"https:\/\/www.electroluxprofessional.com\/es\/wp-json\/wp\/v2\/pages\/23401"}],"wp:featuredmedia":[{"embeddable":true,"href":"https:\/\/www.electroluxprofessional.com\/es\/wp-json\/wp\/v2\/media\/21479"}],"wp:attachment":[{"href":"https:\/\/www.electroluxprofessional.com\/es\/wp-json\/wp\/v2\/media?parent=21484"}],"curies":[{"name":"wp","href":"https:\/\/api.w.org\/{rel}","templated":true}]}}