{"id":21478,"date":"2025-02-05T07:52:57","date_gmt":"2025-02-05T07:52:57","guid":{"rendered":"https:\/\/www.electroluxprofessional.com\/es\/?page_id=21478"},"modified":"2026-03-28T18:30:55","modified_gmt":"2026-03-28T18:30:55","slug":"pequenos-hoteles-y-restaurantes","status":"publish","type":"page","link":"https:\/\/www.electroluxprofessional.com\/es\/tu-negocio\/pequenos-negocios\/pequenos-hoteles-y-restaurantes\/","title":{"rendered":"Peque\u00f1os Hoteles y Restaurantes"},"content":{"rendered":"<p>[vc_row full_width=&#8221;electroluxpro-full-width-no-padding&#8221; css=&#8221;.vc_custom_1663604325303{margin-top: -50px !important;}&#8221;][vc_column][elx_full_banner title=&#8221;Peque\u00f1os Hoteles y Restaurantes&#8221; background_image_media_library=&#8221;21476&#8243; background_image_media_library_mobile=&#8221;21477&#8243;][\/vc_column][\/vc_row][vc_row][vc_column][vc_empty_space][\/vc_column][\/vc_row][vc_row][vc_column width=&#8221;2\/3&#8243;][elx_heading font_container=&#8221;h1&#8243; text_color=&#8221;electrolux-blue&#8221;]Soluciones para Peque\u00f1os Hoteles y Restaurantes[\/elx_heading][vc_column_text]Quitar manchas resistentes en los manteles, evitar los costes de subcontratar el servicio de lavander\u00eda o lavar la ropa de cama son algunos de los problemas cotidianos de los peque\u00f1os hoteles y restaurantes.<\/p>\n<p>myPRO <strong>te permite dedicar m\u00e1s tiempo a lo que m\u00e1s importa<\/strong>.<br \/>\nLavado de alta calidad de forma r\u00e1pida, sencilla y sin inconvenientes.[\/vc_column_text][elx_button button_text=&#8221;Ir a productos&#8221; button_style=&#8221;icon&#8221; button_link=&#8221;url:https%3A%2F%2Fwww.electroluxprofessional.com%2Fes%2Faccesorios-consumibles-lavanderia%2Fmypro-xl-lavanderia-pequenas-empresas%2F|title:myPRO%20washers%2C%20dryers%20and%20steam%20ironers%20for%20small%20businesses|target:_blank&#8221;][\/vc_column][vc_column width=&#8221;1\/3&#8243;][elx_heading text_color=&#8221;electrolux-blue&#8221;]Desc\u00e1rgate el folleto[\/elx_heading][elx_download_block text=&#8221;Soluci\u00f3n de lavander\u00eda myPRO<br \/>\nPeque\u00f1os Hoteles y Restaurantes&#8221; document_type=&#8221;leaflets&#8221; file_picker=&#8221;21782&#8243; background_color=&#8221;laundry-solutions&#8221;][\/vc_column][\/vc_row][vc_row][vc_column][vc_single_image image=&#8221;10636&#8243; img_size=&#8221;full&#8221; alignment=&#8221;center&#8221;][\/vc_column][\/vc_row][vc_row content_placement=&#8221;top&#8221; el_class=&#8221;marginNegative&#8221;][vc_column width=&#8221;1\/3&#8243;][vc_empty_space][elx_heading font_container=&#8221;h5&#8243; font_size=&#8221;h5&#8243; text_color=&#8221;inherit&#8221;]Flexibilidad y durabilidad[\/elx_heading][vc_column_text]Mayor durabilidad, m\u00e1s flexibilidad y resultados de excelente calidad en menos tiempo con las soluciones de lavander\u00eda myPRO, <strong>m\u00e1s potentes y m\u00e1s r\u00e1pidas que los equipos dom\u00e9sticos habituales<\/strong>.[\/vc_column_text][\/vc_column][vc_column width=&#8221;1\/3&#8243;][vc_empty_space][elx_heading font_container=&#8221;h5&#8243; font_size=&#8221;h5&#8243; text_color=&#8221;inherit&#8221;]Eficiencia energ\u00e9tica[\/elx_heading][vc_column_text]<strong>Ahorro de agua, energ\u00eda y dinero<\/strong><\/p>\n<ul>\n<li>con lavadoras de eficiencia energ\u00e9tica <strong>A+++<\/strong><\/li>\n<li>con secadora con bomba de calor de eficiencia energ\u00e9tica <strong>A++<\/strong><\/li>\n<\/ul>\n<p>[\/vc_column_text][\/vc_column][vc_column width=&#8221;1\/3&#8243;][vc_empty_space][elx_heading font_container=&#8221;h5&#8243; font_size=&#8221;h5&#8243; text_color=&#8221;inherit&#8221;]Garant\u00eda para uso profesional[\/elx_heading][vc_column_text]La gama myPRO incluye una <strong>garant\u00eda profesional<\/strong> que protege tu inversi\u00f3n. Este tipo de garant\u00eda no se aplica en muchos pa\u00edses cuando los electrodom\u00e9sticos se utilizan en \u00e1mbitos profesionales. Eso no sucede nunca con myPRO.[\/vc_column_text][\/vc_column][\/vc_row][vc_row content_placement=&#8221;top&#8221; el_class=&#8221;marginNegative&#8221;][vc_column width=&#8221;1\/3&#8243;][vc_single_image image=&#8221;21473&#8243; img_size=&#8221;large&#8221;][elx_heading text_color=&#8221;inherit&#8221;]Calidad superior y gran flexibilidad[\/elx_heading][vc_column_text css=&#8221;.vc_custom_1571839884168{margin-bottom: 0px !important;}&#8221; el_class=&#8221;minHeightCirclesText&#8221;]<em>&#8220;Mis clientes notan enseguida la mayor calidad de los tejidos. M\u00e1s limpios, m\u00e1s suaves y con un olor m\u00e1s fresco&#8221;<\/em>[\/vc_column_text][vc_column_text css=&#8221;.vc_custom_1573204903078{margin-top: 15px !important;}&#8221;]<\/p>\n<ul>\n<li class=\"li1\"><span class=\"s1\"><b>Mejores resultados de lavado<\/b><\/span>\u00a0con el <em>tambor SpeedCare de Electrolux<\/em><\/li>\n<li class=\"li1\"><span class=\"s1\"><b>Mayor flexibilidad<\/b><\/span>\u00a0con\u00a0<em>programas profesionales<\/em>\u00a0para todo tipo de necesidades<\/li>\n<li><strong>Producci\u00f3n<\/strong> <strong>de vapor duradera<\/strong> gracias a los dep\u00f3sitos de agua de alta capacidad (1,9 L)<\/li>\n<\/ul>\n<p>[\/vc_column_text][\/vc_column][vc_column width=&#8221;1\/3&#8243;][vc_single_image image=&#8221;21474&#8243; img_size=&#8221;large&#8221;][elx_heading text_color=&#8221;inherit&#8221; css=&#8221;.vc_custom_1571839852608{margin-top: 0px !important;}&#8221;]Alta velocidad y fiabilidad[\/elx_heading][vc_column_text css=&#8221;.vc_custom_1571839897583{margin-bottom: 0px !important;}&#8221; el_class=&#8221;minHeightCirclesText&#8221;]<em>&#8220;Tengo tranquilidad total y s\u00e9 que puedo asumir los picos de ocupaci\u00f3n sin problemas<\/em><em>&#8220;<\/em>[\/vc_column_text][vc_column_text css=&#8221;.vc_custom_1571839909101{margin-top: 15px !important;}&#8221;]<\/p>\n<ul>\n<li class=\"li1\"><span class=\"s1\"><b>Hasta un 50\u2009% m\u00e1s r\u00e1pido<\/b><\/span> con <em>programas profesionales<\/em><\/li>\n<li class=\"li1\"><span class=\"s1\"><b>Ciclo de secado m\u00e1s corto<\/b><\/span>\u00a0con <em>control autom\u00e1tico de la humedad<\/em><\/li>\n<li class=\"li1\"><strong>Ahorro de tiempo con planchado<\/strong>\u00a0<strong>f\u00e1cil<\/strong> de todo tipo de tejidos<\/li>\n<\/ul>\n<p>[\/vc_column_text][\/vc_column][vc_column width=&#8221;1\/3&#8243;][vc_single_image image=&#8221;21475&#8243; img_size=&#8221;large&#8221;][elx_heading text_color=&#8221;inherit&#8221;]Ahorros extra[\/elx_heading][vc_column_text css=&#8221;.vc_custom_1571841558848{margin-bottom: 0px !important;}&#8221; el_class=&#8221;minHeightCirclesText&#8221;]<em>&#8220;Con mi lavander\u00eda ecol\u00f3gica y duradera ahorro costes&#8221;<\/em>[\/vc_column_text][vc_column_text css=&#8221;.vc_custom_1573204926430{margin-top: 15px !important;}&#8221;]<\/p>\n<ul>\n<li class=\"li1\"><span class=\"s1\"><b>Ahorro de energ\u00eda y costes<\/b><\/span><br \/>\n<em>Lavadoras de eficiencia energ\u00e9tica A+++<br \/>\n<\/em><\/li>\n<li class=\"li1\">Lavadoras y secadoras dise\u00f1adas para durar <span class=\"s1\"><b>3 veces m\u00e1s<\/b><\/span> que los equipos dom\u00e9sticos<\/li>\n<li><strong>Ahorro de espacio<\/strong>\u00a0con la <strong>estructura plegable<\/strong>\u00a0de la calandra a vapor. (IS185)<\/li>\n<\/ul>\n<p>[\/vc_column_text][\/vc_column][\/vc_row][vc_row][vc_column][vc_empty_space][\/vc_column][\/vc_row][vc_row][vc_column width=&#8221;1\/2&#8243;][elx_video_block background_image=&#8221;21470&#8243; video_link=&#8221;https:\/\/www.youtube.com\/watch?v=r8AGBXW8uYg&#8221; minimum_height=&#8221;300px&#8221;][\/vc_column][vc_column width=&#8221;1\/2&#8243;][vc_empty_space][elx_heading font_container=&#8221;h5&#8243; text_color=&#8221;inherit&#8221;]Zuani Casa,<br \/>\nSan Floriano del Collio (Italia)[\/elx_heading][vc_column_text]\u201cSomos Zuani, una bodega familiar y peque\u00f1o hotel.<br \/>\nNuestros clientes se alojan durante 2-3 noches, as\u00ed que necesitamos hacer la colada con gran rapidez y manteniendo una alta calidad. Antes utiliz\u00e1bamos equipos dom\u00e9sticos, pero tardaban mucho y requer\u00edan un alto trabajo manual\u201d.[\/vc_column_text][\/vc_column][\/vc_row][vc_row][vc_column][vc_empty_space][\/vc_column][\/vc_row][vc_row][vc_column width=&#8221;1\/2&#8243;][elx_video_block background_image=&#8221;21471&#8243; video_link=&#8221;https:\/\/www.youtube.com\/watch?v=EJ4RMJFdkdo&#8221; minimum_height=&#8221;300px&#8221;][\/vc_column][vc_column width=&#8221;1\/2&#8243;][vc_empty_space][elx_heading font_container=&#8221;h5&#8243; text_color=&#8221;inherit&#8221;]Due Fiumi, Sacile (Italia)[\/elx_heading][vc_column_text]\u201cHola, me llamo Claudia.<br \/>\nUnos amigos y yo decidimos restaurar una casa rural para convertirla en un peque\u00f1o hostal.<br \/>\nUtilizamos una lavadora peque\u00f1a y dom\u00e9stica que no es suficiente para la carga de trabajo\u201d.[\/vc_column_text][\/vc_column][\/vc_row][vc_row][vc_column][vc_empty_space][\/vc_column][\/vc_row][vc_row][vc_column width=&#8221;1\/2&#8243;][elx_video_block background_image=&#8221;21472&#8243; video_link=&#8221;https:\/\/www.youtube.com\/watch?v=mk4zVX8F0BQ&#8221; minimum_height=&#8221;300px&#8221;][\/vc_column][vc_column width=&#8221;1\/2&#8243;][vc_empty_space][elx_heading font_container=&#8221;h5&#8243; text_color=&#8221;inherit&#8221;]Hospeder\u00eda Fraune, Salzkotten (Alemania)[\/elx_heading][vc_column_text]\u201cEl ahorro de tiempo es enorme en comparaci\u00f3n con las lavadoras dom\u00e9sticas tradicionales. Gracias al tambor especial SpeedCare y los programas de lavado profesionales, ahora hacemos la colada en la mitad de tiempo con resultados perfectos\u201d.<br \/>\n<strong>Stefanie L\u00fctkewitte-Fraune, propietaria<\/strong>[\/vc_column_text][\/vc_column][\/vc_row][vc_row][vc_column][vc_empty_space][\/vc_column][\/vc_row][vc_row][vc_column][elx_o2000_contact_us s=&#8221;Solicitud de informaci\u00f3n sobre peluquer\u00edas y salones de belleza&#8221; b=&#8221;laundry&#8221; r=&#8221;Me gustar\u00eda obtener m\u00e1s informaci\u00f3n sobre las soluciones para hoteles y B&amp;B&#8221; l=&#8221;en&#8221;][\/vc_column][\/vc_row][vc_row][vc_column][vc_empty_space][\/vc_column][\/vc_row][vc_row css=&#8221;.vc_custom_1534772259989{background-color: #eeeeee !important;}&#8221;][vc_column width=&#8221;2\/3&#8243;][elx_heading font_size=&#8221;h3&#8243; text_color=&#8221;inherit&#8221;]\u00bfBuscas soluciones m\u00e1s productivas?[\/elx_heading][elx_heading font_container=&#8221;h3&#8243; font_size=&#8221;h5&#8243; text_color=&#8221;inherit&#8221;]No te pierdas nuestras soluciones para lavander\u00eda comercial[\/elx_heading][vc_column_text]Electrolux Professional te ofrece una gama integral de productos para tus necesidades de lavander\u00eda profesional.[\/vc_column_text][elx_button button_text=&#8221;Descubre nuestras soluciones para lavander\u00eda comercial&#8221; button_style=&#8221;icon&#8221; button_link=&#8221;url:https%3A%2F%2Fwww.electroluxprofessional.com%2Fes%2Fequipamiento-lavanderia-comercial%2F|title:Commercial%20Laundry%20Solutions|target:_blank&#8221;][\/vc_column][vc_column width=&#8221;1\/3&#8243;][vc_empty_space][vc_single_image image=&#8221;1839&#8243; img_size=&#8221;700px&#8221;][\/vc_column][\/vc_row]<\/p>\n","protected":false},"excerpt":{"rendered":"<p>[vc_row full_width=&#8221;electroluxpro-full-width-no-padding&#8221; css=&#8221;.vc_custom_1663604325303{margin-top: -50px !important;}&#8221;][vc_column][elx_full_banner title=&#8221;Peque\u00f1os Hoteles y Restaurantes&#8221; background_image_media_library=&#8221;21476&#8243; background_image_media_library_mobile=&#8221;21477&#8243;][\/vc_column][\/vc_row][vc_row][vc_column][vc_empty_space][\/vc_column][\/vc_row][vc_row][vc_column width=&#8221;2\/3&#8243;][elx_heading font_container=&#8221;h1&#8243; text_color=&#8221;electrolux-blue&#8221;]Soluciones para Peque\u00f1os Hoteles y Restaurantes[\/elx_heading][vc_column_text]Quitar manchas resistentes en los manteles, evitar los costes de subcontratar el servicio de lavander\u00eda o lavar la ropa de cama son algunos de los problemas cotidianos de los peque\u00f1os hoteles y restaurantes. myPRO te permite dedicar [&hellip;]<\/p>\n","protected":false},"author":368,"featured_media":21469,"parent":23401,"menu_order":0,"comment_status":"closed","ping_status":"closed","template":"","meta":{"footnotes":""},"class_list":["post-21478","page","type-page","status-publish","has-post-thumbnail","hentry"],"acf":[],"yoast_head":"<!-- This site is optimized with the Yoast SEO plugin v23.4 - https:\/\/yoast.com\/wordpress\/plugins\/seo\/ -->\n<title>Soluciones Peque\u00f1os Hoteles y Restaurantes | Electrolux Professional<\/title>\n<meta name=\"description\" content=\"Equipamiento optimizado para peque\u00f1os hoteles y restaurantes. Soluciones eficientes que ofrecen calidad sin requerir grandes inversiones iniciales.\" \/>\n<meta name=\"robots\" content=\"index, follow, max-snippet:-1, max-image-preview:large, max-video-preview:-1\" \/>\n<link rel=\"canonical\" href=\"https:\/\/www.electroluxprofessional.com\/es\/tu-negocio\/pequenos-negocios\/pequenos-hoteles-y-restaurantes\/\" \/>\n<meta property=\"og:locale\" content=\"es_ES\" \/>\n<meta property=\"og:type\" content=\"article\" \/>\n<meta property=\"og:title\" content=\"Soluciones Peque\u00f1os Hoteles y Restaurantes | Electrolux Professional\" \/>\n<meta property=\"og:description\" content=\"Equipamiento optimizado para peque\u00f1os hoteles y restaurantes. Soluciones eficientes que ofrecen calidad sin requerir grandes inversiones iniciales.\" \/>\n<meta property=\"og:url\" content=\"https:\/\/www.electroluxprofessional.com\/es\/tu-negocio\/pequenos-negocios\/pequenos-hoteles-y-restaurantes\/\" \/>\n<meta property=\"og:site_name\" content=\"Electrolux Professional Espa\u00f1a\" \/>\n<meta property=\"article:modified_time\" content=\"2026-03-28T18:30:55+00:00\" \/>\n<meta property=\"og:image\" content=\"https:\/\/www.electroluxprofessional.com\/es\/wp-content\/uploads\/2025\/02\/hotel-BB-restaurant.jpg\" \/>\n\t<meta property=\"og:image:width\" content=\"800\" \/>\n\t<meta property=\"og:image:height\" content=\"500\" \/>\n\t<meta property=\"og:image:type\" content=\"image\/jpeg\" \/>\n<meta name=\"twitter:card\" content=\"summary_large_image\" \/>\n<meta name=\"twitter:label1\" content=\"Tiempo de lectura\" \/>\n\t<meta name=\"twitter:data1\" content=\"5 minutos\" \/>\n<script type=\"application\/ld+json\" class=\"yoast-schema-graph\">{\"@context\":\"https:\/\/schema.org\",\"@graph\":[{\"@type\":\"WebPage\",\"@id\":\"https:\/\/www.electroluxprofessional.com\/es\/tu-negocio\/pequenos-negocios\/pequenos-hoteles-y-restaurantes\/\",\"url\":\"https:\/\/www.electroluxprofessional.com\/es\/tu-negocio\/pequenos-negocios\/pequenos-hoteles-y-restaurantes\/\",\"name\":\"Soluciones Peque\u00f1os Hoteles y Restaurantes | Electrolux Professional\",\"isPartOf\":{\"@id\":\"https:\/\/www.electroluxprofessional.com\/es\/#website\"},\"primaryImageOfPage\":{\"@id\":\"https:\/\/www.electroluxprofessional.com\/es\/tu-negocio\/pequenos-negocios\/pequenos-hoteles-y-restaurantes\/#primaryimage\"},\"image\":{\"@id\":\"https:\/\/www.electroluxprofessional.com\/es\/tu-negocio\/pequenos-negocios\/pequenos-hoteles-y-restaurantes\/#primaryimage\"},\"thumbnailUrl\":\"https:\/\/www.electroluxprofessional.com\/es\/wp-content\/uploads\/2025\/02\/hotel-BB-restaurant.jpg\",\"datePublished\":\"2025-02-05T07:52:57+00:00\",\"dateModified\":\"2026-03-28T18:30:55+00:00\",\"description\":\"Equipamiento optimizado para peque\u00f1os hoteles y restaurantes. Soluciones eficientes que ofrecen calidad sin requerir grandes inversiones iniciales.\",\"breadcrumb\":{\"@id\":\"https:\/\/www.electroluxprofessional.com\/es\/tu-negocio\/pequenos-negocios\/pequenos-hoteles-y-restaurantes\/#breadcrumb\"},\"inLanguage\":\"es\",\"potentialAction\":[{\"@type\":\"ReadAction\",\"target\":[\"https:\/\/www.electroluxprofessional.com\/es\/tu-negocio\/pequenos-negocios\/pequenos-hoteles-y-restaurantes\/\"]}]},{\"@type\":\"ImageObject\",\"inLanguage\":\"es\",\"@id\":\"https:\/\/www.electroluxprofessional.com\/es\/tu-negocio\/pequenos-negocios\/pequenos-hoteles-y-restaurantes\/#primaryimage\",\"url\":\"https:\/\/www.electroluxprofessional.com\/es\/wp-content\/uploads\/2025\/02\/hotel-BB-restaurant.jpg\",\"contentUrl\":\"https:\/\/www.electroluxprofessional.com\/es\/wp-content\/uploads\/2025\/02\/hotel-BB-restaurant.jpg\",\"width\":800,\"height\":500},{\"@type\":\"BreadcrumbList\",\"@id\":\"https:\/\/www.electroluxprofessional.com\/es\/tu-negocio\/pequenos-negocios\/pequenos-hoteles-y-restaurantes\/#breadcrumb\",\"itemListElement\":[{\"@type\":\"ListItem\",\"position\":1,\"name\":\"Home\",\"item\":\"https:\/\/www.electroluxprofessional.com\/es\/\"},{\"@type\":\"ListItem\",\"position\":2,\"name\":\"Tu negocio\",\"item\":\"https:\/\/www.electroluxprofessional.com\/es\/tu-negocio\/\"},{\"@type\":\"ListItem\",\"position\":3,\"name\":\"Peque\u00f1os negocios\",\"item\":\"https:\/\/www.electroluxprofessional.com\/es\/tu-negocio\/pequenos-negocios\/\"},{\"@type\":\"ListItem\",\"position\":4,\"name\":\"Peque\u00f1os Hoteles y Restaurantes\"}]},{\"@type\":\"WebSite\",\"@id\":\"https:\/\/www.electroluxprofessional.com\/es\/#website\",\"url\":\"https:\/\/www.electroluxprofessional.com\/es\/\",\"name\":\"Electrolux Professional Espa\u00f1a\",\"description\":\"Equipamiento cocinas profesionales y lavander\u00edas comerciales. Excelencia en el suministro de soluciones profesionales.\",\"potentialAction\":[{\"@type\":\"SearchAction\",\"target\":{\"@type\":\"EntryPoint\",\"urlTemplate\":\"https:\/\/www.electroluxprofessional.com\/es\/?src={search_term_string}\"},\"query-input\":{\"@type\":\"PropertyValueSpecification\",\"valueRequired\":true,\"valueName\":\"search_term_string\"}}],\"inLanguage\":\"es\"}]}<\/script>\n<!-- \/ Yoast SEO plugin. -->","yoast_head_json":{"title":"Soluciones Peque\u00f1os Hoteles y Restaurantes | Electrolux Professional","description":"Equipamiento optimizado para peque\u00f1os hoteles y restaurantes. Soluciones eficientes que ofrecen calidad sin requerir grandes inversiones iniciales.","robots":{"index":"index","follow":"follow","max-snippet":"max-snippet:-1","max-image-preview":"max-image-preview:large","max-video-preview":"max-video-preview:-1"},"canonical":"https:\/\/www.electroluxprofessional.com\/es\/tu-negocio\/pequenos-negocios\/pequenos-hoteles-y-restaurantes\/","og_locale":"es_ES","og_type":"article","og_title":"Soluciones Peque\u00f1os Hoteles y Restaurantes | Electrolux Professional","og_description":"Equipamiento optimizado para peque\u00f1os hoteles y restaurantes. Soluciones eficientes que ofrecen calidad sin requerir grandes inversiones iniciales.","og_url":"https:\/\/www.electroluxprofessional.com\/es\/tu-negocio\/pequenos-negocios\/pequenos-hoteles-y-restaurantes\/","og_site_name":"Electrolux Professional Espa\u00f1a","article_modified_time":"2026-03-28T18:30:55+00:00","og_image":[{"width":800,"height":500,"url":"https:\/\/www.electroluxprofessional.com\/es\/wp-content\/uploads\/2025\/02\/hotel-BB-restaurant.jpg","type":"image\/jpeg"}],"twitter_card":"summary_large_image","twitter_misc":{"Tiempo de lectura":"5 minutos"},"schema":{"@context":"https:\/\/schema.org","@graph":[{"@type":"WebPage","@id":"https:\/\/www.electroluxprofessional.com\/es\/tu-negocio\/pequenos-negocios\/pequenos-hoteles-y-restaurantes\/","url":"https:\/\/www.electroluxprofessional.com\/es\/tu-negocio\/pequenos-negocios\/pequenos-hoteles-y-restaurantes\/","name":"Soluciones Peque\u00f1os Hoteles y Restaurantes | Electrolux Professional","isPartOf":{"@id":"https:\/\/www.electroluxprofessional.com\/es\/#website"},"primaryImageOfPage":{"@id":"https:\/\/www.electroluxprofessional.com\/es\/tu-negocio\/pequenos-negocios\/pequenos-hoteles-y-restaurantes\/#primaryimage"},"image":{"@id":"https:\/\/www.electroluxprofessional.com\/es\/tu-negocio\/pequenos-negocios\/pequenos-hoteles-y-restaurantes\/#primaryimage"},"thumbnailUrl":"https:\/\/www.electroluxprofessional.com\/es\/wp-content\/uploads\/2025\/02\/hotel-BB-restaurant.jpg","datePublished":"2025-02-05T07:52:57+00:00","dateModified":"2026-03-28T18:30:55+00:00","description":"Equipamiento optimizado para peque\u00f1os hoteles y restaurantes. Soluciones eficientes que ofrecen calidad sin requerir grandes inversiones iniciales.","breadcrumb":{"@id":"https:\/\/www.electroluxprofessional.com\/es\/tu-negocio\/pequenos-negocios\/pequenos-hoteles-y-restaurantes\/#breadcrumb"},"inLanguage":"es","potentialAction":[{"@type":"ReadAction","target":["https:\/\/www.electroluxprofessional.com\/es\/tu-negocio\/pequenos-negocios\/pequenos-hoteles-y-restaurantes\/"]}]},{"@type":"ImageObject","inLanguage":"es","@id":"https:\/\/www.electroluxprofessional.com\/es\/tu-negocio\/pequenos-negocios\/pequenos-hoteles-y-restaurantes\/#primaryimage","url":"https:\/\/www.electroluxprofessional.com\/es\/wp-content\/uploads\/2025\/02\/hotel-BB-restaurant.jpg","contentUrl":"https:\/\/www.electroluxprofessional.com\/es\/wp-content\/uploads\/2025\/02\/hotel-BB-restaurant.jpg","width":800,"height":500},{"@type":"BreadcrumbList","@id":"https:\/\/www.electroluxprofessional.com\/es\/tu-negocio\/pequenos-negocios\/pequenos-hoteles-y-restaurantes\/#breadcrumb","itemListElement":[{"@type":"ListItem","position":1,"name":"Home","item":"https:\/\/www.electroluxprofessional.com\/es\/"},{"@type":"ListItem","position":2,"name":"Tu negocio","item":"https:\/\/www.electroluxprofessional.com\/es\/tu-negocio\/"},{"@type":"ListItem","position":3,"name":"Peque\u00f1os negocios","item":"https:\/\/www.electroluxprofessional.com\/es\/tu-negocio\/pequenos-negocios\/"},{"@type":"ListItem","position":4,"name":"Peque\u00f1os Hoteles y Restaurantes"}]},{"@type":"WebSite","@id":"https:\/\/www.electroluxprofessional.com\/es\/#website","url":"https:\/\/www.electroluxprofessional.com\/es\/","name":"Electrolux Professional Espa\u00f1a","description":"Equipamiento cocinas profesionales y lavander\u00edas comerciales. Excelencia en el suministro de soluciones profesionales.","potentialAction":[{"@type":"SearchAction","target":{"@type":"EntryPoint","urlTemplate":"https:\/\/www.electroluxprofessional.com\/es\/?src={search_term_string}"},"query-input":{"@type":"PropertyValueSpecification","valueRequired":true,"valueName":"search_term_string"}}],"inLanguage":"es"}]}},"_links":{"self":[{"href":"https:\/\/www.electroluxprofessional.com\/es\/wp-json\/wp\/v2\/pages\/21478"}],"collection":[{"href":"https:\/\/www.electroluxprofessional.com\/es\/wp-json\/wp\/v2\/pages"}],"about":[{"href":"https:\/\/www.electroluxprofessional.com\/es\/wp-json\/wp\/v2\/types\/page"}],"author":[{"embeddable":true,"href":"https:\/\/www.electroluxprofessional.com\/es\/wp-json\/wp\/v2\/users\/368"}],"replies":[{"embeddable":true,"href":"https:\/\/www.electroluxprofessional.com\/es\/wp-json\/wp\/v2\/comments?post=21478"}],"version-history":[{"count":11,"href":"https:\/\/www.electroluxprofessional.com\/es\/wp-json\/wp\/v2\/pages\/21478\/revisions"}],"predecessor-version":[{"id":26006,"href":"https:\/\/www.electroluxprofessional.com\/es\/wp-json\/wp\/v2\/pages\/21478\/revisions\/26006"}],"up":[{"embeddable":true,"href":"https:\/\/www.electroluxprofessional.com\/es\/wp-json\/wp\/v2\/pages\/23401"}],"wp:featuredmedia":[{"embeddable":true,"href":"https:\/\/www.electroluxprofessional.com\/es\/wp-json\/wp\/v2\/media\/21469"}],"wp:attachment":[{"href":"https:\/\/www.electroluxprofessional.com\/es\/wp-json\/wp\/v2\/media?parent=21478"}],"curies":[{"name":"wp","href":"https:\/\/api.w.org\/{rel}","templated":true}]}}