{"id":21244,"date":"2025-01-07T09:32:21","date_gmt":"2025-01-07T09:32:21","guid":{"rendered":"https:\/\/www.electroluxprofessional.com\/es\/?page_id=21244"},"modified":"2026-03-28T11:02:46","modified_gmt":"2026-03-28T11:02:46","slug":"cocina-alta-velocidad","status":"publish","type":"page","link":"https:\/\/www.electroluxprofessional.com\/es\/equipamiento-cocinas-profesionales\/cocina-alta-velocidad\/","title":{"rendered":"Cocina Alta Velocidad"},"content":{"rendered":"<p>[vc_row full_width=&#8221;electroluxpro-full-width-no-padding&#8221;][vc_column][elx_image_block background_image=&#8221;21242&#8243; minimum_height=&#8221;400px&#8221;][vc_empty_space][\/vc_column][\/vc_row][vc_row][vc_column][vc_column_text]<\/p>\n<h1><span data-sheets-root=\"1\">Cocina de Alta Velocidad<\/span><\/h1>\n<p>[\/vc_column_text][vc_empty_space][\/vc_column][\/vc_row][vc_row][vc_column][vc_column_text]<\/p>\n<h2>Las soluciones de cocci\u00f3n de alta velocidad aumentan la productividad en tu cocina<\/h2>\n<p>En el vertiginoso sector alimentario actual, la velocidad y la calidad no son negociables. Con las <strong>soluciones de cocci\u00f3n de alta velocidad<\/strong> <strong>GourmeXpress<\/strong> y <strong>SpeeDelight<\/strong> de Electrolux Professional puedes servir diversos platos de alta calidad en tiempo r\u00e9cord.[\/vc_column_text][vc_empty_space height=&#8221;15px&#8221;][elx_o2000_contact_us form_alignment=&#8221;left&#8221; button_mode=&#8221;true&#8221; button_style=&#8221;secondary-bordered&#8221; postion_button=&#8221;text-left&#8221; postion_button_mobile=&#8221;text-left-mobile&#8221; text_btn_contact=&#8221;Cont\u00e1ctanos&#8221;][vc_empty_space height=&#8221;50px&#8221;][\/vc_column][\/vc_row][vc_row][vc_column width=&#8221;1\/6&#8243;][vc_empty_space][\/vc_column][vc_column width=&#8221;2\/6&#8243;][vc_single_image image=&#8221;18665&#8243; img_size=&#8221;medium&#8221; alignment=&#8221;center&#8221;][vc_column_text]<\/p>\n<h3>Horno de alta velocidad GourmeXpress<\/h3>\n<p>Descubre la potencia de GourmeXpress, un horno profesional de alta velocidad que acorta el tiempo de cocci\u00f3n con resultados perfectos. GourmeXpress te ayuda a ampliar tu carta f\u00e1cilmente, ya se trate de pescado, carne, verduras, pasta o muchos platos m\u00e1s.[\/vc_column_text][vc_empty_space height=&#8221;15px&#8221;][elx_button button_text=&#8221;Descubre m\u00e1s&#8221; button_style=&#8221;secondary-bordered&#8221; button_link=&#8221;url:https%3A%2F%2Fwww.electroluxprofessional.com%2Fes%2Fhorno-alta-velocidad-gourmexpress%2F|target:_blank&#8221;][vc_empty_space height=&#8221;50px&#8221;][\/vc_column][vc_column width=&#8221;2\/6&#8243;][vc_single_image image=&#8221;20707&#8243; img_size=&#8221;medium&#8221; alignment=&#8221;center&#8221;][vc_column_text]<\/p>\n<h3>Soluci\u00f3n de alta velocidad SpeeDelight<\/h3>\n<p>Te presentamos SpeeDelight, la soluci\u00f3n de alta velocidad vers\u00e1til que combina tecnolog\u00edas de cocci\u00f3n directas e indirectas para preparar en tiempo r\u00e9cord deliciosos snacks perfectamente crujientes. Por su dise\u00f1o energ\u00e9ticamente eficiente y su instalaci\u00f3n instant\u00e1nea, es id\u00f3neo para establecimientos de cualquier tama\u00f1o.[\/vc_column_text][vc_empty_space height=&#8221;15px&#8221;][elx_button button_text=&#8221;Descubre m\u00e1s&#8221; button_style=&#8221;secondary-bordered&#8221; button_link=&#8221;url:https%3A%2F%2Fwww.electroluxprofessional.com%2Fes%2Fspeedelight-solucion-alta-velocidad%2F|target:_blank&#8221;][vc_empty_space height=&#8221;50px&#8221;][\/vc_column][vc_column width=&#8221;1\/6&#8243;][vc_empty_space][\/vc_column][\/vc_row][vc_row custom_color_row=&#8221;bg-row-light-blue&#8221; css=&#8221;.vc_custom_1729151351892{background-color: #e9eff5 !important;}&#8221;][vc_column][elx_features_download title=&#8221;&#8221; tag_title=&#8221;h2&#8243; title_download=&#8221;Descarga&#8221; title_position=&#8221;top&#8221; bg_row=&#8221;bg-row-light-blue&#8221; values=&#8221;%5B%7B%22select_type%22%3A%22pride%22%2C%22label_pride_document%22%3A%22Cat%C3%A1logo%20GourmeXpress%22%2C%22document_type%22%3A%22brochures%22%2C%22br_document_number%22%3A%22BR-9JE00217%22%7D%2C%7B%22select_type%22%3A%22pride%22%2C%22label_pride_document%22%3A%22Cat%C3%A1logo%20SpeeDelight%22%2C%22document_type%22%3A%22brochures%22%2C%22br_document_number%22%3A%22BR-9JE00128%22%7D%5D&#8221; discover=&#8221;%5B%7B%7D%5D&#8221; features=&#8221;%5B%7B%22icon_electroluxpro%22%3A%22elx-icon%20icon-circle-easy-blue%22%2C%22title_icon%22%3A%22Facilidad%20de%20uso%22%2C%22text_icon%22%3A%22Las%20soluciones%20de%20cocci%C3%B3n%20de%20alta%20velocidad%20de%20Electrolux%20Professional%20te%20ofrecen%20calidad%20uniforme%2C%20facilidad%20de%20uso%20y%20versatilidad%20sin%20necesidad%20de%20cocina%20central.%22%7D%2C%7B%22icon_electroluxpro%22%3A%22elx-icon%20icon-tray%22%2C%22title_icon%22%3A%22Gran%20variedad%20de%20men%C3%BAs%22%2C%22text_icon%22%3A%22Combinadas%2C%20las%20soluciones%20de%20cocci%C3%B3n%20de%20alta%20velocidad%20GourmeXpress%20y%20SpeeDelight%20son%20perfectas%20para%20los%20peque%C3%B1os%20negocios%20que%20desean%20ofrecer%20una%20carta%20variada.%22%7D%2C%7B%22icon_electroluxpro%22%3A%22elx-icon%20icon-watch%22%2C%22title_icon%22%3A%22Platos%20servidos%20en%20muy%20poco%20tiempo%22%2C%22text_icon%22%3A%22En%20las%20cocinas%20de%20alto%20rendimiento%2C%20estas%20soluciones%20de%20cocci%C3%B3n%20de%20alta%20velocidad%20te%20ayudan%20a%20optimizar%20el%20servicio%20y%20tener%20listos%20los%20platos%20en%20tiempo%20r%C3%A9cord.%22%7D%2C%7B%22icon_electroluxpro%22%3A%22elx-icon%20icon-circle-star-perfomance-blue%22%2C%22title_icon%22%3A%22Resultados%20de%20cocci%C3%B3n%20homog%C3%A9neos%22%2C%22text_icon%22%3A%22Incluso%20los%20establecimientos%20con%20gran%20rotaci%C3%B3n%20de%20personal%20pueden%20mantener%20f%C3%A1cilmente%20altos%20niveles%20de%20calidad%20y%20uniformidad%20de%20la%20comida.%22%7D%5D&#8221;]<\/p>\n<h2>M\u00e1xima eficiencia y versatilidad de men\u00fas<\/h2>\n<p>[\/elx_features_download][vc_empty_space][\/vc_column][\/vc_row][vc_row][vc_column][vc_empty_space][elx_video_text link_video=&#8221;https:\/\/www.youtube.com\/watch?v=gXCTfjauEr4&#8243; title=&#8221;Observa en acci\u00f3n la cocina de alta velocidad&#8221; bg_row=&#8221;bg-download-blue&#8221; color_text_row=&#8221;text-white&#8221; image_preview=&#8221;21243&#8243;]Experimenta la potencia de SpeeDelight y GourmeXpress de primera mano. Observa c\u00f3mo estas soluciones de cocci\u00f3n de alta velocidad pueden transformar la eficiencia de tu cocina y ayudarte a servir platos de alta calidad f\u00e1cilmente en instantes.[\/elx_video_text][vc_empty_space][\/vc_column][\/vc_row][vc_row][vc_column][elx_multiple_columns number_columns=&#8221;4&#8243; tag_title_clm=&#8221;h2&#8243; bg_row=&#8221;bg-download-white&#8221; title=&#8221;Encuentra tu soluci\u00f3n completa&#8221; values=&#8221;%5B%7B%22image_section%22%3A%2220728%22%2C%22title_section%22%3A%22%3CH3%3EBares%20y%20cafeter%C3%ADas%3C%2FH3%3E%22%2C%22text_section%22%3A%22Explora%20toda%20una%20gama%20de%20soluciones%20dise%C3%B1adas%20a%20la%20medida%20de%20tus%20necesidades%20espec%C3%ADficas%2C%20que%20mejoran%20tu%20eficiencia%20y%20la%20experiencia%20de%20los%20clientes.%22%2C%22link_section%22%3A%22url%3Ahttps%253A%252F%252Fwww.electroluxprofessional.com%252Fes%252Fbares-y-cafes%252F%7Ctitle%3AENCUENTRA%2520TU%2520SOLUCI%25C3%2593N%7Ctarget%3A_blank%22%2C%22button_style%22%3A%22primary%22%7D%2C%7B%22image_section%22%3A%2220729%22%2C%22title_section%22%3A%22%3CH3%3ECadenas%20de%20restaurantes%3C%2FH3%3E%22%2C%22text_section%22%3A%22Con%20nuestras%20soluciones%20ganas%20flexibilidad%2C%20facilidad%20de%20uso%20y%20potentes%20prestaciones%2C%20que%20satisfacen%20las%20necesidades%20de%20tu%20negocio%20y%20te%20proporcionan%20resultados%20de%20m%C3%A1xima%20calidad.%22%2C%22link_section%22%3A%22url%3Ahttps%253A%252F%252Fwww.electroluxprofessional.com%252Fes%252Ftu-negocio%252Fcadenas-de-restaurantes%252F%7Ctitle%3ASOLUCIONES%2520PARA%2520RESTAURANTES%7Ctarget%3A_blank%22%2C%22button_style%22%3A%22primary%22%7D%2C%7B%22image_section%22%3A%2220730%22%2C%22title_section%22%3A%22%3CH3%3EComercio%2C%20transporte%20e%20industria%3C%2FH3%3E%22%2C%22text_section%22%3A%22Soluciones%20para%20comedores%20de%20empresa%2C%20centros%20de%20convenciones%2C%20gesti%C3%B3n%20de%20instalaciones%2C%20entornos%20mar%C3%ADtimos%20y%20sectores%20especiales.%22%2C%22link_section%22%3A%22url%3Ahttps%253A%252F%252Fwww.electroluxprofessional.com%252Fes%252Ftu-negocio%252Fnegocio-transporte-industria%252F%7Ctitle%3AMEJORA%2520TU%2520NEGOCIO%7Ctarget%3A_blank%22%2C%22button_style%22%3A%22primary%22%7D%5D&#8221;][\/elx_multiple_columns][\/vc_column][\/vc_row][vc_row][vc_column][vc_empty_space][elx_heading font_size=&#8221;h2&#8243; text_color=&#8221;electrolux-blue&#8221; text_align=&#8221;text-center&#8221;]Descubre lo que las soluciones de cocci\u00f3n de alta velocidad<br \/>\npueden aportar a tu negocio[\/elx_heading][vc_empty_space][elx_o2000_contact_us][\/vc_column][\/vc_row]<\/p>\n","protected":false},"excerpt":{"rendered":"<p>[vc_row full_width=&#8221;electroluxpro-full-width-no-padding&#8221;][vc_column][elx_image_block background_image=&#8221;21242&#8243; minimum_height=&#8221;400px&#8221;][vc_empty_space][\/vc_column][\/vc_row][vc_row][vc_column][vc_column_text] Cocina de Alta Velocidad [\/vc_column_text][vc_empty_space][\/vc_column][\/vc_row][vc_row][vc_column][vc_column_text] Las soluciones de cocci\u00f3n de alta velocidad aumentan la productividad en tu cocina En el vertiginoso sector alimentario actual, la velocidad y la calidad no son negociables. Con las soluciones de cocci\u00f3n de alta velocidad GourmeXpress y SpeeDelight de Electrolux Professional puedes servir diversos platos de [&hellip;]<\/p>\n","protected":false},"author":368,"featured_media":21241,"parent":4096,"menu_order":0,"comment_status":"closed","ping_status":"closed","template":"","meta":{"footnotes":""},"class_list":["post-21244","page","type-page","status-publish","has-post-thumbnail","hentry"],"acf":[],"yoast_head":"<!-- This site is optimized with the Yoast SEO plugin v23.4 - https:\/\/yoast.com\/wordpress\/plugins\/seo\/ -->\n<title>Cocina de Alta Velocidad | Electrolux Professional<\/title>\n<meta name=\"description\" content=\"Aumenta la productividad de tu cocina con las soluciones de cocci\u00f3n de alta velocidad de Electrolux Professional y logra resultados de calidad\" \/>\n<meta name=\"robots\" content=\"index, follow, max-snippet:-1, max-image-preview:large, max-video-preview:-1\" \/>\n<link rel=\"canonical\" href=\"https:\/\/www.electroluxprofessional.com\/es\/equipamiento-cocinas-profesionales\/cocina-alta-velocidad\/\" \/>\n<meta property=\"og:locale\" content=\"es_ES\" \/>\n<meta property=\"og:type\" content=\"article\" \/>\n<meta property=\"og:title\" content=\"Cocina de Alta Velocidad | Electrolux Professional\" \/>\n<meta property=\"og:description\" content=\"Aumenta la productividad de tu cocina con las soluciones de cocci\u00f3n de alta velocidad de Electrolux Professional y logra resultados de calidad\" \/>\n<meta property=\"og:url\" content=\"https:\/\/www.electroluxprofessional.com\/es\/equipamiento-cocinas-profesionales\/cocina-alta-velocidad\/\" \/>\n<meta property=\"og:site_name\" content=\"Electrolux Professional Espa\u00f1a\" \/>\n<meta property=\"article:modified_time\" content=\"2026-03-28T11:02:46+00:00\" \/>\n<meta property=\"og:image\" content=\"https:\/\/www.electroluxprofessional.com\/es\/wp-content\/uploads\/2025\/01\/High-Speed-Cooking-600x600-1.jpg\" \/>\n\t<meta property=\"og:image:width\" content=\"600\" \/>\n\t<meta property=\"og:image:height\" content=\"600\" \/>\n\t<meta property=\"og:image:type\" content=\"image\/jpeg\" \/>\n<meta name=\"twitter:card\" content=\"summary_large_image\" \/>\n<meta name=\"twitter:label1\" content=\"Tiempo de lectura\" \/>\n\t<meta name=\"twitter:data1\" content=\"3 minutos\" \/>\n<script type=\"application\/ld+json\" class=\"yoast-schema-graph\">{\"@context\":\"https:\/\/schema.org\",\"@graph\":[{\"@type\":\"WebPage\",\"@id\":\"https:\/\/www.electroluxprofessional.com\/es\/equipamiento-cocinas-profesionales\/cocina-alta-velocidad\/\",\"url\":\"https:\/\/www.electroluxprofessional.com\/es\/equipamiento-cocinas-profesionales\/cocina-alta-velocidad\/\",\"name\":\"Cocina de Alta Velocidad | Electrolux Professional\",\"isPartOf\":{\"@id\":\"https:\/\/www.electroluxprofessional.com\/es\/#website\"},\"primaryImageOfPage\":{\"@id\":\"https:\/\/www.electroluxprofessional.com\/es\/equipamiento-cocinas-profesionales\/cocina-alta-velocidad\/#primaryimage\"},\"image\":{\"@id\":\"https:\/\/www.electroluxprofessional.com\/es\/equipamiento-cocinas-profesionales\/cocina-alta-velocidad\/#primaryimage\"},\"thumbnailUrl\":\"https:\/\/www.electroluxprofessional.com\/es\/wp-content\/uploads\/2025\/01\/High-Speed-Cooking-600x600-1.jpg\",\"datePublished\":\"2025-01-07T09:32:21+00:00\",\"dateModified\":\"2026-03-28T11:02:46+00:00\",\"description\":\"Aumenta la productividad de tu cocina con las soluciones de cocci\u00f3n de alta velocidad de Electrolux Professional y logra resultados de calidad\",\"breadcrumb\":{\"@id\":\"https:\/\/www.electroluxprofessional.com\/es\/equipamiento-cocinas-profesionales\/cocina-alta-velocidad\/#breadcrumb\"},\"inLanguage\":\"es\",\"potentialAction\":[{\"@type\":\"ReadAction\",\"target\":[\"https:\/\/www.electroluxprofessional.com\/es\/equipamiento-cocinas-profesionales\/cocina-alta-velocidad\/\"]}]},{\"@type\":\"ImageObject\",\"inLanguage\":\"es\",\"@id\":\"https:\/\/www.electroluxprofessional.com\/es\/equipamiento-cocinas-profesionales\/cocina-alta-velocidad\/#primaryimage\",\"url\":\"https:\/\/www.electroluxprofessional.com\/es\/wp-content\/uploads\/2025\/01\/High-Speed-Cooking-600x600-1.jpg\",\"contentUrl\":\"https:\/\/www.electroluxprofessional.com\/es\/wp-content\/uploads\/2025\/01\/High-Speed-Cooking-600x600-1.jpg\",\"width\":600,\"height\":600},{\"@type\":\"BreadcrumbList\",\"@id\":\"https:\/\/www.electroluxprofessional.com\/es\/equipamiento-cocinas-profesionales\/cocina-alta-velocidad\/#breadcrumb\",\"itemListElement\":[{\"@type\":\"ListItem\",\"position\":1,\"name\":\"Home\",\"item\":\"https:\/\/www.electroluxprofessional.com\/es\/\"},{\"@type\":\"ListItem\",\"position\":2,\"name\":\"Equipamiento de Cocinas\",\"item\":\"https:\/\/www.electroluxprofessional.com\/es\/equipamiento-cocinas-profesionales\/\"},{\"@type\":\"ListItem\",\"position\":3,\"name\":\"Cocina Alta Velocidad\"}]},{\"@type\":\"WebSite\",\"@id\":\"https:\/\/www.electroluxprofessional.com\/es\/#website\",\"url\":\"https:\/\/www.electroluxprofessional.com\/es\/\",\"name\":\"Electrolux Professional Espa\u00f1a\",\"description\":\"Equipamiento cocinas profesionales y lavander\u00edas comerciales. Excelencia en el suministro de soluciones profesionales.\",\"potentialAction\":[{\"@type\":\"SearchAction\",\"target\":{\"@type\":\"EntryPoint\",\"urlTemplate\":\"https:\/\/www.electroluxprofessional.com\/es\/?src={search_term_string}\"},\"query-input\":{\"@type\":\"PropertyValueSpecification\",\"valueRequired\":true,\"valueName\":\"search_term_string\"}}],\"inLanguage\":\"es\"}]}<\/script>\n<!-- \/ Yoast SEO plugin. -->","yoast_head_json":{"title":"Cocina de Alta Velocidad | Electrolux Professional","description":"Aumenta la productividad de tu cocina con las soluciones de cocci\u00f3n de alta velocidad de Electrolux Professional y logra resultados de calidad","robots":{"index":"index","follow":"follow","max-snippet":"max-snippet:-1","max-image-preview":"max-image-preview:large","max-video-preview":"max-video-preview:-1"},"canonical":"https:\/\/www.electroluxprofessional.com\/es\/equipamiento-cocinas-profesionales\/cocina-alta-velocidad\/","og_locale":"es_ES","og_type":"article","og_title":"Cocina de Alta Velocidad | Electrolux Professional","og_description":"Aumenta la productividad de tu cocina con las soluciones de cocci\u00f3n de alta velocidad de Electrolux Professional y logra resultados de calidad","og_url":"https:\/\/www.electroluxprofessional.com\/es\/equipamiento-cocinas-profesionales\/cocina-alta-velocidad\/","og_site_name":"Electrolux Professional Espa\u00f1a","article_modified_time":"2026-03-28T11:02:46+00:00","og_image":[{"width":600,"height":600,"url":"https:\/\/www.electroluxprofessional.com\/es\/wp-content\/uploads\/2025\/01\/High-Speed-Cooking-600x600-1.jpg","type":"image\/jpeg"}],"twitter_card":"summary_large_image","twitter_misc":{"Tiempo de lectura":"3 minutos"},"schema":{"@context":"https:\/\/schema.org","@graph":[{"@type":"WebPage","@id":"https:\/\/www.electroluxprofessional.com\/es\/equipamiento-cocinas-profesionales\/cocina-alta-velocidad\/","url":"https:\/\/www.electroluxprofessional.com\/es\/equipamiento-cocinas-profesionales\/cocina-alta-velocidad\/","name":"Cocina de Alta Velocidad | Electrolux Professional","isPartOf":{"@id":"https:\/\/www.electroluxprofessional.com\/es\/#website"},"primaryImageOfPage":{"@id":"https:\/\/www.electroluxprofessional.com\/es\/equipamiento-cocinas-profesionales\/cocina-alta-velocidad\/#primaryimage"},"image":{"@id":"https:\/\/www.electroluxprofessional.com\/es\/equipamiento-cocinas-profesionales\/cocina-alta-velocidad\/#primaryimage"},"thumbnailUrl":"https:\/\/www.electroluxprofessional.com\/es\/wp-content\/uploads\/2025\/01\/High-Speed-Cooking-600x600-1.jpg","datePublished":"2025-01-07T09:32:21+00:00","dateModified":"2026-03-28T11:02:46+00:00","description":"Aumenta la productividad de tu cocina con las soluciones de cocci\u00f3n de alta velocidad de Electrolux Professional y logra resultados de calidad","breadcrumb":{"@id":"https:\/\/www.electroluxprofessional.com\/es\/equipamiento-cocinas-profesionales\/cocina-alta-velocidad\/#breadcrumb"},"inLanguage":"es","potentialAction":[{"@type":"ReadAction","target":["https:\/\/www.electroluxprofessional.com\/es\/equipamiento-cocinas-profesionales\/cocina-alta-velocidad\/"]}]},{"@type":"ImageObject","inLanguage":"es","@id":"https:\/\/www.electroluxprofessional.com\/es\/equipamiento-cocinas-profesionales\/cocina-alta-velocidad\/#primaryimage","url":"https:\/\/www.electroluxprofessional.com\/es\/wp-content\/uploads\/2025\/01\/High-Speed-Cooking-600x600-1.jpg","contentUrl":"https:\/\/www.electroluxprofessional.com\/es\/wp-content\/uploads\/2025\/01\/High-Speed-Cooking-600x600-1.jpg","width":600,"height":600},{"@type":"BreadcrumbList","@id":"https:\/\/www.electroluxprofessional.com\/es\/equipamiento-cocinas-profesionales\/cocina-alta-velocidad\/#breadcrumb","itemListElement":[{"@type":"ListItem","position":1,"name":"Home","item":"https:\/\/www.electroluxprofessional.com\/es\/"},{"@type":"ListItem","position":2,"name":"Equipamiento de Cocinas","item":"https:\/\/www.electroluxprofessional.com\/es\/equipamiento-cocinas-profesionales\/"},{"@type":"ListItem","position":3,"name":"Cocina Alta Velocidad"}]},{"@type":"WebSite","@id":"https:\/\/www.electroluxprofessional.com\/es\/#website","url":"https:\/\/www.electroluxprofessional.com\/es\/","name":"Electrolux Professional Espa\u00f1a","description":"Equipamiento cocinas profesionales y lavander\u00edas comerciales. Excelencia en el suministro de soluciones profesionales.","potentialAction":[{"@type":"SearchAction","target":{"@type":"EntryPoint","urlTemplate":"https:\/\/www.electroluxprofessional.com\/es\/?src={search_term_string}"},"query-input":{"@type":"PropertyValueSpecification","valueRequired":true,"valueName":"search_term_string"}}],"inLanguage":"es"}]}},"_links":{"self":[{"href":"https:\/\/www.electroluxprofessional.com\/es\/wp-json\/wp\/v2\/pages\/21244"}],"collection":[{"href":"https:\/\/www.electroluxprofessional.com\/es\/wp-json\/wp\/v2\/pages"}],"about":[{"href":"https:\/\/www.electroluxprofessional.com\/es\/wp-json\/wp\/v2\/types\/page"}],"author":[{"embeddable":true,"href":"https:\/\/www.electroluxprofessional.com\/es\/wp-json\/wp\/v2\/users\/368"}],"replies":[{"embeddable":true,"href":"https:\/\/www.electroluxprofessional.com\/es\/wp-json\/wp\/v2\/comments?post=21244"}],"version-history":[{"count":9,"href":"https:\/\/www.electroluxprofessional.com\/es\/wp-json\/wp\/v2\/pages\/21244\/revisions"}],"predecessor-version":[{"id":25963,"href":"https:\/\/www.electroluxprofessional.com\/es\/wp-json\/wp\/v2\/pages\/21244\/revisions\/25963"}],"up":[{"embeddable":true,"href":"https:\/\/www.electroluxprofessional.com\/es\/wp-json\/wp\/v2\/pages\/4096"}],"wp:featuredmedia":[{"embeddable":true,"href":"https:\/\/www.electroluxprofessional.com\/es\/wp-json\/wp\/v2\/media\/21241"}],"wp:attachment":[{"href":"https:\/\/www.electroluxprofessional.com\/es\/wp-json\/wp\/v2\/media?parent=21244"}],"curies":[{"name":"wp","href":"https:\/\/api.w.org\/{rel}","templated":true}]}}