{"id":21126,"date":"2024-12-19T10:05:26","date_gmt":"2024-12-19T10:05:26","guid":{"rendered":"https:\/\/www.electroluxprofessional.com\/es\/?page_id=21126"},"modified":"2026-04-09T12:09:06","modified_gmt":"2026-04-09T12:09:06","slug":"lavanderias-gran-produccion","status":"publish","type":"page","link":"https:\/\/www.electroluxprofessional.com\/es\/tu-negocio\/lavanderias-comerciales\/lavanderias-gran-produccion\/","title":{"rendered":"Lavander\u00edas de gran producci\u00f3n"},"content":{"rendered":"<p>[vc_row full_width=&#8221;electroluxpro-full-width-no-padding&#8221; equal_height=&#8221;yes&#8221;][vc_column reveal_effect=&#8221;&#8221;][elx_full_banner title=&#8221;Lavander\u00edas de gran producci\u00f3n&#8221; background_image_media_library=&#8221;21125&#8243; background_image_media_library_mobile=&#8221;21124&#8243;][\/vc_column][\/vc_row][vc_row][vc_column][vc_column_text]<\/p>\n<h1 style=\"text-align: left;\">Alto rendimiento, mayor productividad, menos costes de funcionamiento y m\u00e1xima transparencia en el proceso de lavado.<\/h1>\n<p>[\/vc_column_text][vc_empty_space][elx_heading text_color=&#8221;inherit&#8221;]Nuestras soluciones proporcionan importantes ahorros de tiempo y dinero[\/elx_heading][vc_column_text css_animation=&#8221;none&#8221;]<\/p>\n<ul>\n<li>Consumo optimizado de agua, energ\u00eda y detergente<br \/>\ngracias a la tecnolog\u00eda inteligente<\/li>\n<li>Ciclos m\u00e1s r\u00e1pidos<\/li>\n<li>Procesos de secado m\u00e1s r\u00e1pidos y econ\u00f3micos debido a la menor retenci\u00f3n de agua<\/li>\n<li>El mejor rendimiento de planchado del mercado<\/li>\n<li>Una amplia gama de soluciones de planchado, incluidos carriles de planchado completos con equipos de alimentaci\u00f3n y plegado<\/li>\n<li>Mayor flexibilidad de servicio:<br \/>\nexpertos, formaci\u00f3n y la mayor red de servicios del mundo<\/li>\n<\/ul>\n<p>[\/vc_column_text][vc_empty_space][\/vc_column][\/vc_row][vc_row equal_height=&#8221;yes&#8221;][vc_column width=&#8221;1\/2&#8243;][elx_image_block background_image=&#8221;710&#8243; minimum_height=&#8221;600px&#8221;][\/vc_column][vc_column width=&#8221;1\/2&#8243;][elx_simple_block background_color=&#8221;inherit&#8221;][elx_heading text_color=&#8221;inherit&#8221;]Lavander\u00eda comercial HIA[\/elx_heading][vc_column_text]<\/p>\n<h3><em>&#8220;Electrolux\u00a0Professional nos ha ayudado a dar un salto cualitativo&#8221;.<\/em><\/h3>\n<p><strong><br \/>\nEva-Maj Axelsson, gerente de la lavander\u00eda HIA <\/strong><br \/>\n<strong> Eksj\u00f6, Suecia<\/strong>[\/vc_column_text][\/elx_simple_block][\/vc_column][\/vc_row][vc_row][vc_column][vc_empty_space][elx_heading text_color=&#8221;inherit&#8221; text_align=&#8221;text-center&#8221;]Configuraci\u00f3n a la medida de tus requisitos.<br \/>\nElige tu paquete de soluciones.<\/p>\n<p>[\/elx_heading][\/vc_column][\/vc_row][vc_row equal_height=&#8221;yes&#8221;][vc_column width=&#8221;1\/2&#8243;][elx_image_block background_image=&#8221;711&#8243; minimum_height=&#8221;350px&#8221;][\/vc_column][vc_column width=&#8221;1\/2&#8243;][elx_simple_block background_color=&#8221;inherit&#8221;][elx_heading text_color=&#8221;inherit&#8221;]Soluci\u00f3n b\u00e1sica[\/elx_heading][vc_column_text]<\/p>\n<ul>\n<li>Consumo de agua y energ\u00eda extremadamente bajos y hasta un <strong>50 % de ahorro de agua a media carga<\/strong><\/li>\n<li><strong>30 % menos<\/strong> de tiempo de secado<\/li>\n<li>Funciones de cuidado especiales para tejidos lisos y finos, as\u00ed como <strong>correas de planchado<\/strong> dise\u00f1adas para un uso prolongado a altas temperaturas<\/li>\n<\/ul>\n<p>[\/vc_column_text][vc_column_text]2 lavadoras de carga frontal (33 kg)<br \/>\n1 secadora (30,5 kg)<br \/>\n1 calandra de cilindros (2065 mm)[\/vc_column_text][\/elx_simple_block][\/vc_column][\/vc_row][vc_row equal_height=&#8221;yes&#8221; css=&#8221;.vc_custom_1465207502266{padding-top: 30px !important;}&#8221;][vc_column width=&#8221;1\/2&#8243;][elx_image_block background_image=&#8221;709&#8243; minimum_height=&#8221;350px&#8221;][\/vc_column][vc_column width=&#8221;1\/2&#8243;][elx_simple_block background_color=&#8221;inherit&#8221;][elx_heading text_color=&#8221;inherit&#8221;]Soluci\u00f3n avanzada[\/elx_heading][vc_column_text]<\/p>\n<ul>\n<li><strong>Lavado<\/strong> y cuidado excelentes con el sistema Integrated Saving para una <strong>carga \u00f3ptima de la lavadora<\/strong><\/li>\n<li>Proceso de secado hasta un<strong> 10 % m\u00e1s r\u00e1pido y con un 15 % m\u00e1s de eficiencia energ\u00e9tica<\/strong><\/li>\n<li>Sistema de control avanzado directo de la humedad en la calandra<\/li>\n<\/ul>\n<p>[\/vc_column_text][vc_column_text]3 lavadoras de carga frontal (45 kg)<br \/>\n1 secadora (45 kg)<br \/>\n1 calandra de cilindros con alimentador, plegador y apilador (3170 mm)[\/vc_column_text][\/elx_simple_block][\/vc_column][\/vc_row][vc_row equal_height=&#8221;yes&#8221; css=&#8221;.vc_custom_1465208851809{padding-top: 30px !important;}&#8221;][vc_column width=&#8221;1\/2&#8243;][elx_image_block background_image=&#8221;713&#8243; minimum_height=&#8221;350px&#8221;][\/vc_column][vc_column width=&#8221;1\/2&#8243;][elx_simple_block background_color=&#8221;inherit&#8221;][elx_heading text_color=&#8221;inherit&#8221;]Soluci\u00f3n superior[\/elx_heading][vc_column_text]<\/p>\n<ul>\n<li><strong>Lavado excelente<\/strong> con el sistema Integrated Saving\u00a0para una <strong>carga \u00f3ptima de la lavadora<\/strong> y <strong>dosificaci\u00f3n de detergente<\/strong> y agua eficiente<\/li>\n<li>M\u00e1ximo rendimiento y alta productividad: hasta un<strong> 10 % m\u00e1s r\u00e1pido<\/strong> y un <strong>15 % m\u00e1s de eficiencia energ\u00e9tica<\/strong><\/li>\n<li><strong>Calandra industrial<\/strong> chest con caj\u00f3n m\u00f3vil Super Flexible y rodillo fijo, lo que ofrece una <strong>presi\u00f3n constante y una m\u00e1xima superficie de planchado<\/strong> con resultados de la m\u00e1xima calidad<\/li>\n<\/ul>\n<p>[\/vc_column_text][vc_column_text]3 lavadoras de carga frontal (120 kg)<br \/>\n2 lavadoras de carga frontal (65 kg)<br \/>\n1 lavadora de carga frontal (20 kg)<br \/>\n4 secadoras (60 kg)<br \/>\n1 secadora (20 kg)<br \/>\n1 calandra C-Flex[\/vc_column_text][\/elx_simple_block][\/vc_column][\/vc_row][vc_row][vc_column][vc_empty_space][\/vc_column][\/vc_row][vc_row el_id=&#8221;contactus&#8221;][vc_column][vc_empty_space][elx_heading text_color=&#8221;inherit&#8221;]Ponte en contacto con nuestros expertos para descubrir lo que Electrolux Professional puede hacer por tu negocio.[\/elx_heading][elx_o2000_contact_us s=&#8221;Solicitud de informaci\u00f3n: lavander\u00edas comerciales&#8221; container=&#8221;elxcontactus1466427204&#8243; r=&#8221;Me gustar\u00eda contactar con vuestros expertos y encontrar juntos una soluci\u00f3n para mi negocio.&#8221;][\/vc_column][\/vc_row][vc_row][vc_column][vc_empty_space][\/vc_column][\/vc_row]<\/p>\n","protected":false},"excerpt":{"rendered":"<p>[vc_row full_width=&#8221;electroluxpro-full-width-no-padding&#8221; equal_height=&#8221;yes&#8221;][vc_column reveal_effect=&#8221;&#8221;][elx_full_banner title=&#8221;Lavander\u00edas de gran producci\u00f3n&#8221; background_image_media_library=&#8221;21125&#8243; background_image_media_library_mobile=&#8221;21124&#8243;][\/vc_column][\/vc_row][vc_row][vc_column][vc_column_text] Alto rendimiento, mayor productividad, menos costes de funcionamiento y m\u00e1xima transparencia en el proceso de lavado. [\/vc_column_text][vc_empty_space][elx_heading text_color=&#8221;inherit&#8221;]Nuestras soluciones proporcionan importantes ahorros de tiempo y dinero[\/elx_heading][vc_column_text css_animation=&#8221;none&#8221;] Consumo optimizado de agua, energ\u00eda y detergente gracias a la tecnolog\u00eda inteligente Ciclos m\u00e1s r\u00e1pidos Procesos de secado [&hellip;]<\/p>\n","protected":false},"author":368,"featured_media":21124,"parent":4715,"menu_order":0,"comment_status":"closed","ping_status":"closed","template":"","meta":{"footnotes":""},"class_list":["post-21126","page","type-page","status-publish","has-post-thumbnail","hentry"],"acf":[],"yoast_head":"<!-- This site is optimized with the Yoast SEO plugin v23.4 - https:\/\/yoast.com\/wordpress\/plugins\/seo\/ -->\n<title>Lavander\u00edas de gran producci\u00f3n - Electrolux Professional Espa\u00f1a<\/title>\n<meta name=\"description\" content=\"Lavadoras, secadoras y calandras robustas que duran m\u00e1s. Gracias a su construcci\u00f3n mec\u00e1nica, nuestros equipos requieren menos mantenimiento.\" \/>\n<meta name=\"robots\" content=\"index, follow, max-snippet:-1, max-image-preview:large, max-video-preview:-1\" \/>\n<link rel=\"canonical\" href=\"https:\/\/www.electroluxprofessional.com\/es\/tu-negocio\/lavanderias-comerciales\/lavanderias-gran-produccion\/\" \/>\n<meta property=\"og:locale\" content=\"es_ES\" \/>\n<meta property=\"og:type\" content=\"article\" \/>\n<meta property=\"og:title\" content=\"Lavander\u00edas de gran producci\u00f3n - Electrolux Professional Espa\u00f1a\" \/>\n<meta property=\"og:description\" content=\"Lavadoras, secadoras y calandras robustas que duran m\u00e1s. Gracias a su construcci\u00f3n mec\u00e1nica, nuestros equipos requieren menos mantenimiento.\" \/>\n<meta property=\"og:url\" content=\"https:\/\/www.electroluxprofessional.com\/es\/tu-negocio\/lavanderias-comerciales\/lavanderias-gran-produccion\/\" \/>\n<meta property=\"og:site_name\" content=\"Electrolux Professional Espa\u00f1a\" \/>\n<meta property=\"article:modified_time\" content=\"2026-04-09T12:09:06+00:00\" \/>\n<meta property=\"og:image\" content=\"https:\/\/www.electroluxprofessional.com\/es\/wp-content\/uploads\/2024\/12\/Full-Banner-11251583.jpg\" \/>\n\t<meta property=\"og:image:width\" content=\"1125\" \/>\n\t<meta property=\"og:image:height\" content=\"1583\" \/>\n\t<meta property=\"og:image:type\" content=\"image\/jpeg\" \/>\n<meta name=\"twitter:card\" content=\"summary_large_image\" \/>\n<meta name=\"twitter:label1\" content=\"Tiempo de lectura\" \/>\n\t<meta name=\"twitter:data1\" content=\"3 minutos\" \/>\n<script type=\"application\/ld+json\" class=\"yoast-schema-graph\">{\"@context\":\"https:\/\/schema.org\",\"@graph\":[{\"@type\":\"WebPage\",\"@id\":\"https:\/\/www.electroluxprofessional.com\/es\/tu-negocio\/lavanderias-comerciales\/lavanderias-gran-produccion\/\",\"url\":\"https:\/\/www.electroluxprofessional.com\/es\/tu-negocio\/lavanderias-comerciales\/lavanderias-gran-produccion\/\",\"name\":\"Lavander\u00edas de gran producci\u00f3n - Electrolux Professional Espa\u00f1a\",\"isPartOf\":{\"@id\":\"https:\/\/www.electroluxprofessional.com\/es\/#website\"},\"primaryImageOfPage\":{\"@id\":\"https:\/\/www.electroluxprofessional.com\/es\/tu-negocio\/lavanderias-comerciales\/lavanderias-gran-produccion\/#primaryimage\"},\"image\":{\"@id\":\"https:\/\/www.electroluxprofessional.com\/es\/tu-negocio\/lavanderias-comerciales\/lavanderias-gran-produccion\/#primaryimage\"},\"thumbnailUrl\":\"https:\/\/www.electroluxprofessional.com\/es\/wp-content\/uploads\/2024\/12\/Full-Banner-11251583.jpg\",\"datePublished\":\"2024-12-19T10:05:26+00:00\",\"dateModified\":\"2026-04-09T12:09:06+00:00\",\"description\":\"Lavadoras, secadoras y calandras robustas que duran m\u00e1s. Gracias a su construcci\u00f3n mec\u00e1nica, nuestros equipos requieren menos mantenimiento.\",\"breadcrumb\":{\"@id\":\"https:\/\/www.electroluxprofessional.com\/es\/tu-negocio\/lavanderias-comerciales\/lavanderias-gran-produccion\/#breadcrumb\"},\"inLanguage\":\"es\",\"potentialAction\":[{\"@type\":\"ReadAction\",\"target\":[\"https:\/\/www.electroluxprofessional.com\/es\/tu-negocio\/lavanderias-comerciales\/lavanderias-gran-produccion\/\"]}]},{\"@type\":\"ImageObject\",\"inLanguage\":\"es\",\"@id\":\"https:\/\/www.electroluxprofessional.com\/es\/tu-negocio\/lavanderias-comerciales\/lavanderias-gran-produccion\/#primaryimage\",\"url\":\"https:\/\/www.electroluxprofessional.com\/es\/wp-content\/uploads\/2024\/12\/Full-Banner-11251583.jpg\",\"contentUrl\":\"https:\/\/www.electroluxprofessional.com\/es\/wp-content\/uploads\/2024\/12\/Full-Banner-11251583.jpg\",\"width\":1125,\"height\":1583},{\"@type\":\"BreadcrumbList\",\"@id\":\"https:\/\/www.electroluxprofessional.com\/es\/tu-negocio\/lavanderias-comerciales\/lavanderias-gran-produccion\/#breadcrumb\",\"itemListElement\":[{\"@type\":\"ListItem\",\"position\":1,\"name\":\"Home\",\"item\":\"https:\/\/www.electroluxprofessional.com\/es\/\"},{\"@type\":\"ListItem\",\"position\":2,\"name\":\"Tu negocio\",\"item\":\"https:\/\/www.electroluxprofessional.com\/es\/tu-negocio\/\"},{\"@type\":\"ListItem\",\"position\":3,\"name\":\"Lavander\u00edas Comerciales\",\"item\":\"https:\/\/www.electroluxprofessional.com\/es\/tu-negocio\/lavanderias-comerciales\/\"},{\"@type\":\"ListItem\",\"position\":4,\"name\":\"Lavander\u00edas de gran producci\u00f3n\"}]},{\"@type\":\"WebSite\",\"@id\":\"https:\/\/www.electroluxprofessional.com\/es\/#website\",\"url\":\"https:\/\/www.electroluxprofessional.com\/es\/\",\"name\":\"Electrolux Professional Espa\u00f1a\",\"description\":\"Equipamiento cocinas profesionales y lavander\u00edas comerciales. Excelencia en el suministro de soluciones profesionales.\",\"potentialAction\":[{\"@type\":\"SearchAction\",\"target\":{\"@type\":\"EntryPoint\",\"urlTemplate\":\"https:\/\/www.electroluxprofessional.com\/es\/?src={search_term_string}\"},\"query-input\":{\"@type\":\"PropertyValueSpecification\",\"valueRequired\":true,\"valueName\":\"search_term_string\"}}],\"inLanguage\":\"es\"}]}<\/script>\n<!-- \/ Yoast SEO plugin. -->","yoast_head_json":{"title":"Lavander\u00edas de gran producci\u00f3n - Electrolux Professional Espa\u00f1a","description":"Lavadoras, secadoras y calandras robustas que duran m\u00e1s. Gracias a su construcci\u00f3n mec\u00e1nica, nuestros equipos requieren menos mantenimiento.","robots":{"index":"index","follow":"follow","max-snippet":"max-snippet:-1","max-image-preview":"max-image-preview:large","max-video-preview":"max-video-preview:-1"},"canonical":"https:\/\/www.electroluxprofessional.com\/es\/tu-negocio\/lavanderias-comerciales\/lavanderias-gran-produccion\/","og_locale":"es_ES","og_type":"article","og_title":"Lavander\u00edas de gran producci\u00f3n - Electrolux Professional Espa\u00f1a","og_description":"Lavadoras, secadoras y calandras robustas que duran m\u00e1s. Gracias a su construcci\u00f3n mec\u00e1nica, nuestros equipos requieren menos mantenimiento.","og_url":"https:\/\/www.electroluxprofessional.com\/es\/tu-negocio\/lavanderias-comerciales\/lavanderias-gran-produccion\/","og_site_name":"Electrolux Professional Espa\u00f1a","article_modified_time":"2026-04-09T12:09:06+00:00","og_image":[{"width":1125,"height":1583,"url":"https:\/\/www.electroluxprofessional.com\/es\/wp-content\/uploads\/2024\/12\/Full-Banner-11251583.jpg","type":"image\/jpeg"}],"twitter_card":"summary_large_image","twitter_misc":{"Tiempo de lectura":"3 minutos"},"schema":{"@context":"https:\/\/schema.org","@graph":[{"@type":"WebPage","@id":"https:\/\/www.electroluxprofessional.com\/es\/tu-negocio\/lavanderias-comerciales\/lavanderias-gran-produccion\/","url":"https:\/\/www.electroluxprofessional.com\/es\/tu-negocio\/lavanderias-comerciales\/lavanderias-gran-produccion\/","name":"Lavander\u00edas de gran producci\u00f3n - Electrolux Professional Espa\u00f1a","isPartOf":{"@id":"https:\/\/www.electroluxprofessional.com\/es\/#website"},"primaryImageOfPage":{"@id":"https:\/\/www.electroluxprofessional.com\/es\/tu-negocio\/lavanderias-comerciales\/lavanderias-gran-produccion\/#primaryimage"},"image":{"@id":"https:\/\/www.electroluxprofessional.com\/es\/tu-negocio\/lavanderias-comerciales\/lavanderias-gran-produccion\/#primaryimage"},"thumbnailUrl":"https:\/\/www.electroluxprofessional.com\/es\/wp-content\/uploads\/2024\/12\/Full-Banner-11251583.jpg","datePublished":"2024-12-19T10:05:26+00:00","dateModified":"2026-04-09T12:09:06+00:00","description":"Lavadoras, secadoras y calandras robustas que duran m\u00e1s. Gracias a su construcci\u00f3n mec\u00e1nica, nuestros equipos requieren menos mantenimiento.","breadcrumb":{"@id":"https:\/\/www.electroluxprofessional.com\/es\/tu-negocio\/lavanderias-comerciales\/lavanderias-gran-produccion\/#breadcrumb"},"inLanguage":"es","potentialAction":[{"@type":"ReadAction","target":["https:\/\/www.electroluxprofessional.com\/es\/tu-negocio\/lavanderias-comerciales\/lavanderias-gran-produccion\/"]}]},{"@type":"ImageObject","inLanguage":"es","@id":"https:\/\/www.electroluxprofessional.com\/es\/tu-negocio\/lavanderias-comerciales\/lavanderias-gran-produccion\/#primaryimage","url":"https:\/\/www.electroluxprofessional.com\/es\/wp-content\/uploads\/2024\/12\/Full-Banner-11251583.jpg","contentUrl":"https:\/\/www.electroluxprofessional.com\/es\/wp-content\/uploads\/2024\/12\/Full-Banner-11251583.jpg","width":1125,"height":1583},{"@type":"BreadcrumbList","@id":"https:\/\/www.electroluxprofessional.com\/es\/tu-negocio\/lavanderias-comerciales\/lavanderias-gran-produccion\/#breadcrumb","itemListElement":[{"@type":"ListItem","position":1,"name":"Home","item":"https:\/\/www.electroluxprofessional.com\/es\/"},{"@type":"ListItem","position":2,"name":"Tu negocio","item":"https:\/\/www.electroluxprofessional.com\/es\/tu-negocio\/"},{"@type":"ListItem","position":3,"name":"Lavander\u00edas Comerciales","item":"https:\/\/www.electroluxprofessional.com\/es\/tu-negocio\/lavanderias-comerciales\/"},{"@type":"ListItem","position":4,"name":"Lavander\u00edas de gran producci\u00f3n"}]},{"@type":"WebSite","@id":"https:\/\/www.electroluxprofessional.com\/es\/#website","url":"https:\/\/www.electroluxprofessional.com\/es\/","name":"Electrolux Professional Espa\u00f1a","description":"Equipamiento cocinas profesionales y lavander\u00edas comerciales. Excelencia en el suministro de soluciones profesionales.","potentialAction":[{"@type":"SearchAction","target":{"@type":"EntryPoint","urlTemplate":"https:\/\/www.electroluxprofessional.com\/es\/?src={search_term_string}"},"query-input":{"@type":"PropertyValueSpecification","valueRequired":true,"valueName":"search_term_string"}}],"inLanguage":"es"}]}},"_links":{"self":[{"href":"https:\/\/www.electroluxprofessional.com\/es\/wp-json\/wp\/v2\/pages\/21126"}],"collection":[{"href":"https:\/\/www.electroluxprofessional.com\/es\/wp-json\/wp\/v2\/pages"}],"about":[{"href":"https:\/\/www.electroluxprofessional.com\/es\/wp-json\/wp\/v2\/types\/page"}],"author":[{"embeddable":true,"href":"https:\/\/www.electroluxprofessional.com\/es\/wp-json\/wp\/v2\/users\/368"}],"replies":[{"embeddable":true,"href":"https:\/\/www.electroluxprofessional.com\/es\/wp-json\/wp\/v2\/comments?post=21126"}],"version-history":[{"count":5,"href":"https:\/\/www.electroluxprofessional.com\/es\/wp-json\/wp\/v2\/pages\/21126\/revisions"}],"predecessor-version":[{"id":26140,"href":"https:\/\/www.electroluxprofessional.com\/es\/wp-json\/wp\/v2\/pages\/21126\/revisions\/26140"}],"up":[{"embeddable":true,"href":"https:\/\/www.electroluxprofessional.com\/es\/wp-json\/wp\/v2\/pages\/4715"}],"wp:featuredmedia":[{"embeddable":true,"href":"https:\/\/www.electroluxprofessional.com\/es\/wp-json\/wp\/v2\/media\/21124"}],"wp:attachment":[{"href":"https:\/\/www.electroluxprofessional.com\/es\/wp-json\/wp\/v2\/media?parent=21126"}],"curies":[{"name":"wp","href":"https:\/\/api.w.org\/{rel}","templated":true}]}}