{"id":21123,"date":"2024-12-19T10:04:25","date_gmt":"2024-12-19T10:04:25","guid":{"rendered":"https:\/\/www.electroluxprofessional.com\/es\/?page_id=21123"},"modified":"2025-10-15T12:28:31","modified_gmt":"2025-10-15T12:28:31","slug":"lavanderia-multipropiedad","status":"publish","type":"page","link":"https:\/\/www.electroluxprofessional.com\/es\/tu-negocio\/lavanderias-autoservicio\/lavanderia-multipropiedad\/","title":{"rendered":"Lavander\u00eda Multipropiedad"},"content":{"rendered":"<p>[vc_row full_width=&#8221;electroluxpro-full-width-no-padding&#8221; equal_height=&#8221;yes&#8221; css=&#8221;.vc_custom_1604054607517{margin-top: -30px !important;border-top-width: -30px !important;padding-top: -30px !important;}&#8221;][vc_column][elx_full_banner title=&#8221;Lavander\u00eda Multipropiedad&#8221; set_as_h1=&#8221;true&#8221; background_image_media_library=&#8221;14724&#8243; background_image_media_library_mobile=&#8221;14725&#8243;][\/vc_column][\/vc_row][vc_row][vc_column][vc_empty_space][elx_heading font_size=&#8221;h2&#8243; text_color=&#8221;inherit&#8221; text_align=&#8221;text-center&#8221;]Para edificios peque\u00f1os, residencias de estudiantes y lugares con espacio funcional limitado[\/elx_heading][vc_empty_space][vc_column_text]<\/p>\n<p style=\"text-align: center; font-size: 22px;\">\u00bfEres el presidente de la comunidad de vecinos? \u00bfQuieres facilitar el lavado de ropa de los dem\u00e1s residentes? Si buscas un equipo fiable, f\u00e1cil de usar y duradero, que realice una gran labor de lavado y secado, tenemos lo que necesitas.<\/p>\n<p>[\/vc_column_text][vc_empty_space][vc_row_inner][vc_column_inner width=&#8221;1\/2&#8243;][vc_column_text]<\/p>\n<ul>\n<li style=\"font-size: 20px;\">Edificios residenciales<\/li>\n<li style=\"font-size: 20px;\">Residencias universitarias<\/li>\n<li style=\"font-size: 20px;\">Colegios mayores<\/li>\n<li style=\"font-size: 20px;\">Hogares de estudiantes<\/li>\n<\/ul>\n<p>[\/vc_column_text][\/vc_column_inner][vc_column_inner width=&#8221;1\/2&#8243;][vc_column_text]<\/p>\n<ul>\n<li style=\"font-size: 20px;\">Viviendas para trabajadores j\u00f3venes<\/li>\n<li style=\"font-size: 20px;\">Viviendas de larga estancia para trabajadores<\/li>\n<li style=\"font-size: 20px;\">Hogares grupales<\/li>\n<\/ul>\n<p>[\/vc_column_text][\/vc_column_inner][\/vc_row_inner][vc_empty_space][\/vc_column][\/vc_row][vc_row full_width=&#8221;electroluxpro-full-width&#8221;][vc_column][elx_hero_slider text_position=&#8221;hero_slider_text_align_right&#8221; text_color=&#8221;electrolux-blue&#8221; label_text_color=&#8221;electrolux-blue&#8221; images=&#8221;14722&#8243;][elx_heading font_container=&#8221;h4&#8243; font_size=&#8221;h4&#8243; text_color=&#8221;electrolux-blue&#8221; text_align=&#8221;text-left&#8221;]M\u00e1xima eficiencia con los menores gastos en servicios[\/elx_heading][vc_column_text]<\/p>\n<p style=\"font-size: 20px;\">En cuanto a las lavander\u00edas de <strong>viviendas compartidas<\/strong>, la calidad significa: resultados de lavado \u00f3ptimos, tiempos de lavado breves, gastos corrientes bajos y fiabilidad total. Por eso necesitas un socio con <strong>conocimientos y experiencia<\/strong>, que conozca los equipos profesionales a la perfecci\u00f3n.<\/p>\n<p>[\/vc_column_text][\/elx_hero_slider][vc_empty_space][\/vc_column][\/vc_row][vc_row][vc_column][vc_empty_space][elx_heading font_size=&#8221;h2&#8243; text_color=&#8221;inherit&#8221; text_align=&#8221;text-center&#8221;]Soluciones a medida[\/elx_heading][vc_empty_space][vc_column_text]<\/p>\n<p style=\"font-size: 22px; text-align: center;\">Deseamos ayudarte a <strong>componer la mejor soluci\u00f3n para ti.<\/strong><br \/>\n<strong>No hay dos configuraciones iguales:<\/strong> adem\u00e1s del tama\u00f1o b\u00e1sico y de los par\u00e1metros de rendimiento, la tuya diferir\u00e1 en cuanto al tipo de manguera, la ventilaci\u00f3n, las fuentes de alimentaci\u00f3n y otros elementos que satisfar\u00e1n las necesidades de los inquilinos. Lavadoras, secadoras y accesorios, <strong>todas las soluciones de Electrolux Professional se dise\u00f1an para funcionar juntas y ofrecerte un rendimiento \u00f3ptimo.<\/strong>[\/vc_column_text][vc_empty_space][elx_double_banner title_1=&#8221;Lavadoras y Secadoras L\u00ednea 6000&#8243; title_2=&#8221;myPRO XL&#8221; link_1=&#8221;url:https%3A%2F%2Fwww.electroluxprofessional.com%2Fes%2Fwp-content%2Fuploads%2F2024%2F12%2FEPR_Line-6000-Washers-Dryers-brochure-04092024_ES_LR-1.pdf|title:Descargar%20cat%C3%A1logo|target:_blank&#8221; background_image_media_library_1=&#8221;14726&#8243; link_2=&#8221;url:https%3A%2F%2Ftools.electroluxprofessional.com%2FMirror%2FDoc%2FCLF%2FCLF_CLF-9JE00238_1_5_4_8_leaflet-General-myProXL_ES_Low%2520res.pdf|title:Descargar%20cat%C3%A1logo|target:_blank&#8221; background_image_media_library_2=&#8221;14728&#8243; background_image_media_library_mobile_1=&#8221;14727&#8243; background_image_media_library_mobile_2=&#8221;14728&#8243;][vc_empty_space][\/vc_column][\/vc_row][vc_row full_width=&#8221;electroluxpro-full-width&#8221;][vc_column][elx_hero_slider text_color=&#8221;electrolux-blue&#8221; label_text_color=&#8221;electrolux-blue&#8221; images=&#8221;14723&#8243;][elx_heading font_container=&#8221;h4&#8243; font_size=&#8221;h4&#8243; text_color=&#8221;electrolux-blue&#8221; text_align=&#8221;text-left&#8221;]A tu servicio[\/elx_heading][vc_column_text]<\/p>\n<p style=\"font-size: 20px;\">Ofrecemos las soluciones m\u00e1s innovadoras para satisfacer tus necesidades. Nuestros experimentados especialistas en lavander\u00eda, mediante herramientas de dise\u00f1o de realidad virtual, simular\u00e1n cualquier configuraci\u00f3n que desees ver.<br \/>\n<strong>Venta asesorada: somos tu socio a lo largo de todo el proceso.<\/strong>[\/vc_column_text][elx_button button_text=&#8221;Cont\u00e1ctanos&#8221; button_link=&#8221;url:%23contact|||&#8221;][\/elx_hero_slider][vc_empty_space][\/vc_column][\/vc_row][vc_row css=&#8221;.vc_custom_1604014478182{background-color: #efefef !important;}&#8221;][vc_column][vc_empty_space][elx_heading text_color=&#8221;inherit&#8221; text_align=&#8221;text-center&#8221;]Muchas opciones pr\u00e1cticas[\/elx_heading][vc_empty_space][\/vc_column][\/vc_row][vc_row css=&#8221;.vc_custom_1604014467256{background-color: #efefef !important;}&#8221;][vc_column][vc_row_inner][vc_column_inner width=&#8221;1\/3&#8243;][vc_single_image image=&#8221;14716&#8243; img_size=&#8221;100px&#8221; alignment=&#8221;center&#8221;][elx_heading font_container=&#8221;h6&#8243; font_size=&#8221;h6&#8243; text_color=&#8221;electrolux-blue&#8221; text_align=&#8221;text-center&#8221;]Monedero[\/elx_heading][vc_column_text]<\/p>\n<p style=\"font-size: 16px; text-align: center;\">Con fichas o monedas, mec\u00e1nico o electromec\u00e1nico<\/p>\n<p>[\/vc_column_text][vc_empty_space][\/vc_column_inner][vc_column_inner width=&#8221;1\/3&#8243;][vc_single_image image=&#8221;14717&#8243; img_size=&#8221;100px&#8221; alignment=&#8221;center&#8221;][elx_heading font_container=&#8221;h6&#8243; font_size=&#8221;h6&#8243; text_color=&#8221;electrolux-blue&#8221; text_align=&#8221;text-center&#8221;]Lectores de tarjetas[\/elx_heading][vc_column_text]<\/p>\n<p style=\"font-size: 16px; text-align: center;\">Prepago, tarjetas llave,<br \/>\ntarjetas bancarias[\/vc_column_text][vc_empty_space][\/vc_column_inner][vc_column_inner width=&#8221;1\/3&#8243;][vc_single_image image=&#8221;14718&#8243; img_size=&#8221;80px&#8221; alignment=&#8221;center&#8221;][elx_heading font_container=&#8221;h6&#8243; font_size=&#8221;h6&#8243; text_color=&#8221;electrolux-blue&#8221; text_align=&#8221;text-center&#8221;]Aplicaciones[\/elx_heading][vc_column_text]<\/p>\n<p style=\"font-size: 16px; text-align: center;\">Independiente<br \/>\nConectada a los sistemas de pago existentes<\/p>\n<p>[\/vc_column_text][vc_empty_space][\/vc_column_inner][\/vc_row_inner][vc_row_inner][vc_column_inner width=&#8221;1\/3&#8243;][vc_single_image image=&#8221;14719&#8243; img_size=&#8221;100px&#8221; alignment=&#8221;center&#8221;][elx_heading font_container=&#8221;h6&#8243; font_size=&#8221;h6&#8243; text_color=&#8221;electrolux-blue&#8221; text_align=&#8221;text-center&#8221;]Medidores inteligentes[\/elx_heading][vc_column_text]<\/p>\n<p style=\"font-size: 16px; text-align: center;\">Mecanismo independiente para activar o desactivar el suministro el\u00e9ctrico<\/p>\n<p>[\/vc_column_text][vc_empty_space][\/vc_column_inner][vc_column_inner width=&#8221;1\/3&#8243;][vc_single_image image=&#8221;14720&#8243; img_size=&#8221;100px&#8221; alignment=&#8221;center&#8221;][elx_heading font_container=&#8221;h6&#8243; font_size=&#8221;h6&#8243; text_color=&#8221;electrolux-blue&#8221; text_align=&#8221;text-center&#8221;]Sistemas de pago<br \/>\ncentralizados[\/elx_heading][vc_column_text]<\/p>\n<p style=\"font-size: 16px; text-align: center;\">Estaci\u00f3n de pago \u00fanica que supervisa varias m\u00e1quinas<\/p>\n<p>[\/vc_column_text][vc_empty_space][\/vc_column_inner][vc_column_inner width=&#8221;1\/3&#8243;][vc_single_image image=&#8221;14721&#8243; img_size=&#8221;100px&#8221; alignment=&#8221;center&#8221;][elx_heading font_container=&#8221;h6&#8243; font_size=&#8221;h6&#8243; text_color=&#8221;electrolux-blue&#8221; text_align=&#8221;text-center&#8221;]Sistemas de reserva<br \/>\ncon pago mensual[\/elx_heading][vc_column_text]<\/p>\n<p style=\"font-size: 16px; text-align: center;\">Un dispositivo por lavander\u00eda para reservar las m\u00e1quinas en persona o a distancia. Varias opciones de pago<\/p>\n<p>[\/vc_column_text][vc_empty_space][\/vc_column_inner][\/vc_row_inner][vc_empty_space height=&#8221;50px&#8221;][\/vc_column][\/vc_row][vc_row][vc_column][elx_heading text_color=&#8221;inherit&#8221; text_align=&#8221;text-center&#8221;]Opiniones de nuestros usuarios de lavander\u00eda[\/elx_heading][\/vc_column][\/vc_row][vc_row][vc_column width=&#8221;1\/3&#8243;][elx_image_block background_image=&#8221;1986&#8243; vert_back_position=&#8221;top&#8221; minimum_height=&#8221;300px&#8221;][elx_heading font_container=&#8221;h4&#8243; text_color=&#8221;inherit&#8221;]Residencias de estudiantes[\/elx_heading][vc_column_text]<\/p>\n<h4 class=\" h6 inherit inherit\"><strong>Campus Diemen Zuid<\/strong><\/h4>\n<p style=\"font-size: 18px;\"><b>Pa\u00edses Bajos<\/b><\/p>\n<p style=\"font-size: 16px;\">El campus Diemen Zuid necesitaba una lavander\u00eda moderna de hogar de apartamentos para sus residentes. Para ofrecer a los estudiantes unas instalaciones de m\u00e1xima calidad y m\u00e9todos de pago creativos, se eligieron equipos Electrolux L\u00ednea 5000 en combinaci\u00f3n con el sistema de pago por lavado.<\/p>\n<p>[\/vc_column_text][vc_empty_space][\/vc_column][vc_column width=&#8221;1\/3&#8243;][elx_image_block background_image=&#8221;2013&#8243; minimum_height=&#8221;300px&#8221;][elx_heading font_container=&#8221;h4&#8243; text_color=&#8221;inherit&#8221;]Edificios residenciales[\/elx_heading][vc_column_text]<\/p>\n<h4 class=\" h6 inherit inherit\"><strong>Charlottenborg<\/strong><\/h4>\n<p style=\"font-size: 18px;\"><b>Suecia<\/b><\/p>\n<p style=\"font-size: 16px;\">Charlottenborg, una asociaci\u00f3n de 311 apartamentos, ha ahorrado una buena suma de dinero al reducir el consumo de agua y electricidad. \u201cHemos conseguido un ahorro anual de SEK 52.000 [almost $8,500] al adoptar un nuevo equipo de bajo consumo para el lavado y secado\u201d.<br \/>\nRoland Bengtsson, t\u00e9cnico de HSB Sk\u00e5ne[\/vc_column_text][vc_empty_space][\/vc_column][vc_column width=&#8221;1\/3&#8243;][elx_image_block background_image=&#8221;2019&#8243; minimum_height=&#8221;300px&#8221;][elx_heading font_container=&#8221;h4&#8243; text_color=&#8221;inherit&#8221;]Residencias de estudiantes[\/elx_heading][vc_column_text]<\/p>\n<h4 class=\" h6 inherit inherit\"><strong>Residencia de estudiantes de Malm\u00f6<\/strong><\/h4>\n<p style=\"font-size: 18px;\"><b>Suecia<\/b><\/p>\n<p style=\"font-size: 16px;\">Las nuevas instalaciones son todo un \u00e9xito: se han convertido en un punto habitual de encuentro donde los estudiantes se re\u00fanen, comen algo y estudian mientras est\u00e1n atentos al lavado.<br \/>\nLos estudiantes necesitan una tarjeta llave o identificaci\u00f3n pre-programada para acceder, que tambi\u00e9n se utiliza para reservar horas en la lavander\u00eda y las salas de estudio, todo ello mediante el sistema Laundry Vision de Electrolux Professional.<\/p>\n<p>[\/vc_column_text][vc_empty_space][\/vc_column][\/vc_row][vc_row css=&#8221;.vc_custom_1603316831487{background-color: #14133b !important;}&#8221; el_id=&#8221;contact&#8221;][vc_column][vc_empty_space][elx_heading font_container=&#8221;h3&#8243; text_color=&#8221;white&#8221; text_align=&#8221;text-center&#8221;]M\u00e1s informaci\u00f3n. Ponte en contacto con nuestros expertos.[\/elx_heading][elx_o2000_contact_us s=&#8221;Solicitud de informaci\u00f3n sobre lavander\u00edas multifamiliares&#8221; b=&#8221;laundry&#8221; text_color=&#8221;#FFFFFF&#8221; container=&#8221;elxcontactus1482242857&#8243; flag_background=&#8221;true&#8221; r=&#8221;Me gustar\u00eda obtener m\u00e1s informaci\u00f3n sobre lavander\u00edas multifamiliares&#8221; l=&#8221;en&#8221;][\/vc_column][\/vc_row][vc_row][vc_column][vc_column_text][\/vc_column_text][\/vc_column][\/vc_row]<\/p>\n","protected":false},"excerpt":{"rendered":"<p>[vc_row full_width=&#8221;electroluxpro-full-width-no-padding&#8221; equal_height=&#8221;yes&#8221; css=&#8221;.vc_custom_1604054607517{margin-top: -30px !important;border-top-width: -30px !important;padding-top: -30px !important;}&#8221;][vc_column][elx_full_banner title=&#8221;Lavander\u00eda Multipropiedad&#8221; set_as_h1=&#8221;true&#8221; background_image_media_library=&#8221;14724&#8243; background_image_media_library_mobile=&#8221;14725&#8243;][\/vc_column][\/vc_row][vc_row][vc_column][vc_empty_space][elx_heading font_size=&#8221;h2&#8243; text_color=&#8221;inherit&#8221; text_align=&#8221;text-center&#8221;]Para edificios peque\u00f1os, residencias de estudiantes y lugares con espacio funcional limitado[\/elx_heading][vc_empty_space][vc_column_text] \u00bfEres el presidente de la comunidad de vecinos? \u00bfQuieres facilitar el lavado de ropa de los dem\u00e1s residentes? Si buscas un equipo fiable, f\u00e1cil de usar [&hellip;]<\/p>\n","protected":false},"author":368,"featured_media":13656,"parent":23341,"menu_order":0,"comment_status":"closed","ping_status":"closed","template":"","meta":{"footnotes":""},"class_list":["post-21123","page","type-page","status-publish","has-post-thumbnail","hentry"],"acf":[],"yoast_head":"<!-- This site is optimized with the Yoast SEO plugin v23.4 - https:\/\/yoast.com\/wordpress\/plugins\/seo\/ -->\n<title>Lavander\u00eda Multipropiedad - Electrolux Professional Espa\u00f1a<\/title>\n<meta name=\"description\" content=\"Descubre nuestras soluciones de lavander\u00eda multipropiedad como edificios de apartamentos, universidades y colegios mayores, residencias...\" \/>\n<meta name=\"robots\" content=\"index, follow, max-snippet:-1, max-image-preview:large, max-video-preview:-1\" \/>\n<link rel=\"canonical\" href=\"https:\/\/www.electroluxprofessional.com\/es\/tu-negocio\/lavanderias-autoservicio\/lavanderia-multipropiedad\/\" \/>\n<meta property=\"og:locale\" content=\"es_ES\" \/>\n<meta property=\"og:type\" content=\"article\" \/>\n<meta property=\"og:title\" content=\"Lavander\u00eda Multipropiedad - Electrolux Professional Espa\u00f1a\" \/>\n<meta property=\"og:description\" content=\"Descubre nuestras soluciones de lavander\u00eda multipropiedad como edificios de apartamentos, universidades y colegios mayores, residencias...\" \/>\n<meta property=\"og:url\" content=\"https:\/\/www.electroluxprofessional.com\/es\/tu-negocio\/lavanderias-autoservicio\/lavanderia-multipropiedad\/\" \/>\n<meta property=\"og:site_name\" content=\"Electrolux Professional Espa\u00f1a\" \/>\n<meta property=\"article:modified_time\" content=\"2025-10-15T12:28:31+00:00\" \/>\n<meta property=\"og:image\" content=\"https:\/\/www.electroluxprofessional.com\/es\/wp-content\/uploads\/2021\/02\/maylike-multihousing.jpg\" \/>\n\t<meta property=\"og:image:width\" content=\"700\" \/>\n\t<meta property=\"og:image:height\" content=\"700\" \/>\n\t<meta property=\"og:image:type\" content=\"image\/jpeg\" \/>\n<meta name=\"twitter:card\" content=\"summary_large_image\" \/>\n<meta name=\"twitter:label1\" content=\"Tiempo de lectura\" \/>\n\t<meta name=\"twitter:data1\" content=\"4 minutos\" \/>\n<script type=\"application\/ld+json\" class=\"yoast-schema-graph\">{\"@context\":\"https:\/\/schema.org\",\"@graph\":[{\"@type\":\"WebPage\",\"@id\":\"https:\/\/www.electroluxprofessional.com\/es\/tu-negocio\/lavanderias-autoservicio\/lavanderia-multipropiedad\/\",\"url\":\"https:\/\/www.electroluxprofessional.com\/es\/tu-negocio\/lavanderias-autoservicio\/lavanderia-multipropiedad\/\",\"name\":\"Lavander\u00eda Multipropiedad - Electrolux Professional Espa\u00f1a\",\"isPartOf\":{\"@id\":\"https:\/\/www.electroluxprofessional.com\/es\/#website\"},\"primaryImageOfPage\":{\"@id\":\"https:\/\/www.electroluxprofessional.com\/es\/tu-negocio\/lavanderias-autoservicio\/lavanderia-multipropiedad\/#primaryimage\"},\"image\":{\"@id\":\"https:\/\/www.electroluxprofessional.com\/es\/tu-negocio\/lavanderias-autoservicio\/lavanderia-multipropiedad\/#primaryimage\"},\"thumbnailUrl\":\"https:\/\/www.electroluxprofessional.com\/es\/wp-content\/uploads\/2021\/02\/maylike-multihousing.jpg\",\"datePublished\":\"2024-12-19T10:04:25+00:00\",\"dateModified\":\"2025-10-15T12:28:31+00:00\",\"description\":\"Descubre nuestras soluciones de lavander\u00eda multipropiedad como edificios de apartamentos, universidades y colegios mayores, residencias...\",\"breadcrumb\":{\"@id\":\"https:\/\/www.electroluxprofessional.com\/es\/tu-negocio\/lavanderias-autoservicio\/lavanderia-multipropiedad\/#breadcrumb\"},\"inLanguage\":\"es\",\"potentialAction\":[{\"@type\":\"ReadAction\",\"target\":[\"https:\/\/www.electroluxprofessional.com\/es\/tu-negocio\/lavanderias-autoservicio\/lavanderia-multipropiedad\/\"]}]},{\"@type\":\"ImageObject\",\"inLanguage\":\"es\",\"@id\":\"https:\/\/www.electroluxprofessional.com\/es\/tu-negocio\/lavanderias-autoservicio\/lavanderia-multipropiedad\/#primaryimage\",\"url\":\"https:\/\/www.electroluxprofessional.com\/es\/wp-content\/uploads\/2021\/02\/maylike-multihousing.jpg\",\"contentUrl\":\"https:\/\/www.electroluxprofessional.com\/es\/wp-content\/uploads\/2021\/02\/maylike-multihousing.jpg\",\"width\":700,\"height\":700,\"caption\":\"maylike-multihousing\"},{\"@type\":\"BreadcrumbList\",\"@id\":\"https:\/\/www.electroluxprofessional.com\/es\/tu-negocio\/lavanderias-autoservicio\/lavanderia-multipropiedad\/#breadcrumb\",\"itemListElement\":[{\"@type\":\"ListItem\",\"position\":1,\"name\":\"Home\",\"item\":\"https:\/\/www.electroluxprofessional.com\/es\/\"},{\"@type\":\"ListItem\",\"position\":2,\"name\":\"Tu negocio\",\"item\":\"https:\/\/www.electroluxprofessional.com\/es\/tu-negocio\/\"},{\"@type\":\"ListItem\",\"position\":3,\"name\":\"Lavander\u00edas de autoservicio\",\"item\":\"https:\/\/www.electroluxprofessional.com\/es\/tu-negocio\/lavanderias-autoservicio\/\"},{\"@type\":\"ListItem\",\"position\":4,\"name\":\"Lavander\u00eda Multipropiedad\"}]},{\"@type\":\"WebSite\",\"@id\":\"https:\/\/www.electroluxprofessional.com\/es\/#website\",\"url\":\"https:\/\/www.electroluxprofessional.com\/es\/\",\"name\":\"Electrolux Professional Espa\u00f1a\",\"description\":\"Equipamiento cocinas profesionales y lavander\u00edas comerciales. Excelencia en el suministro de soluciones profesionales.\",\"potentialAction\":[{\"@type\":\"SearchAction\",\"target\":{\"@type\":\"EntryPoint\",\"urlTemplate\":\"https:\/\/www.electroluxprofessional.com\/es\/?src={search_term_string}\"},\"query-input\":{\"@type\":\"PropertyValueSpecification\",\"valueRequired\":true,\"valueName\":\"search_term_string\"}}],\"inLanguage\":\"es\"}]}<\/script>\n<!-- \/ Yoast SEO plugin. -->","yoast_head_json":{"title":"Lavander\u00eda Multipropiedad - Electrolux Professional Espa\u00f1a","description":"Descubre nuestras soluciones de lavander\u00eda multipropiedad como edificios de apartamentos, universidades y colegios mayores, residencias...","robots":{"index":"index","follow":"follow","max-snippet":"max-snippet:-1","max-image-preview":"max-image-preview:large","max-video-preview":"max-video-preview:-1"},"canonical":"https:\/\/www.electroluxprofessional.com\/es\/tu-negocio\/lavanderias-autoservicio\/lavanderia-multipropiedad\/","og_locale":"es_ES","og_type":"article","og_title":"Lavander\u00eda Multipropiedad - Electrolux Professional Espa\u00f1a","og_description":"Descubre nuestras soluciones de lavander\u00eda multipropiedad como edificios de apartamentos, universidades y colegios mayores, residencias...","og_url":"https:\/\/www.electroluxprofessional.com\/es\/tu-negocio\/lavanderias-autoservicio\/lavanderia-multipropiedad\/","og_site_name":"Electrolux Professional Espa\u00f1a","article_modified_time":"2025-10-15T12:28:31+00:00","og_image":[{"width":700,"height":700,"url":"https:\/\/www.electroluxprofessional.com\/es\/wp-content\/uploads\/2021\/02\/maylike-multihousing.jpg","type":"image\/jpeg"}],"twitter_card":"summary_large_image","twitter_misc":{"Tiempo de lectura":"4 minutos"},"schema":{"@context":"https:\/\/schema.org","@graph":[{"@type":"WebPage","@id":"https:\/\/www.electroluxprofessional.com\/es\/tu-negocio\/lavanderias-autoservicio\/lavanderia-multipropiedad\/","url":"https:\/\/www.electroluxprofessional.com\/es\/tu-negocio\/lavanderias-autoservicio\/lavanderia-multipropiedad\/","name":"Lavander\u00eda Multipropiedad - Electrolux Professional Espa\u00f1a","isPartOf":{"@id":"https:\/\/www.electroluxprofessional.com\/es\/#website"},"primaryImageOfPage":{"@id":"https:\/\/www.electroluxprofessional.com\/es\/tu-negocio\/lavanderias-autoservicio\/lavanderia-multipropiedad\/#primaryimage"},"image":{"@id":"https:\/\/www.electroluxprofessional.com\/es\/tu-negocio\/lavanderias-autoservicio\/lavanderia-multipropiedad\/#primaryimage"},"thumbnailUrl":"https:\/\/www.electroluxprofessional.com\/es\/wp-content\/uploads\/2021\/02\/maylike-multihousing.jpg","datePublished":"2024-12-19T10:04:25+00:00","dateModified":"2025-10-15T12:28:31+00:00","description":"Descubre nuestras soluciones de lavander\u00eda multipropiedad como edificios de apartamentos, universidades y colegios mayores, residencias...","breadcrumb":{"@id":"https:\/\/www.electroluxprofessional.com\/es\/tu-negocio\/lavanderias-autoservicio\/lavanderia-multipropiedad\/#breadcrumb"},"inLanguage":"es","potentialAction":[{"@type":"ReadAction","target":["https:\/\/www.electroluxprofessional.com\/es\/tu-negocio\/lavanderias-autoservicio\/lavanderia-multipropiedad\/"]}]},{"@type":"ImageObject","inLanguage":"es","@id":"https:\/\/www.electroluxprofessional.com\/es\/tu-negocio\/lavanderias-autoservicio\/lavanderia-multipropiedad\/#primaryimage","url":"https:\/\/www.electroluxprofessional.com\/es\/wp-content\/uploads\/2021\/02\/maylike-multihousing.jpg","contentUrl":"https:\/\/www.electroluxprofessional.com\/es\/wp-content\/uploads\/2021\/02\/maylike-multihousing.jpg","width":700,"height":700,"caption":"maylike-multihousing"},{"@type":"BreadcrumbList","@id":"https:\/\/www.electroluxprofessional.com\/es\/tu-negocio\/lavanderias-autoservicio\/lavanderia-multipropiedad\/#breadcrumb","itemListElement":[{"@type":"ListItem","position":1,"name":"Home","item":"https:\/\/www.electroluxprofessional.com\/es\/"},{"@type":"ListItem","position":2,"name":"Tu negocio","item":"https:\/\/www.electroluxprofessional.com\/es\/tu-negocio\/"},{"@type":"ListItem","position":3,"name":"Lavander\u00edas de autoservicio","item":"https:\/\/www.electroluxprofessional.com\/es\/tu-negocio\/lavanderias-autoservicio\/"},{"@type":"ListItem","position":4,"name":"Lavander\u00eda Multipropiedad"}]},{"@type":"WebSite","@id":"https:\/\/www.electroluxprofessional.com\/es\/#website","url":"https:\/\/www.electroluxprofessional.com\/es\/","name":"Electrolux Professional Espa\u00f1a","description":"Equipamiento cocinas profesionales y lavander\u00edas comerciales. Excelencia en el suministro de soluciones profesionales.","potentialAction":[{"@type":"SearchAction","target":{"@type":"EntryPoint","urlTemplate":"https:\/\/www.electroluxprofessional.com\/es\/?src={search_term_string}"},"query-input":{"@type":"PropertyValueSpecification","valueRequired":true,"valueName":"search_term_string"}}],"inLanguage":"es"}]}},"_links":{"self":[{"href":"https:\/\/www.electroluxprofessional.com\/es\/wp-json\/wp\/v2\/pages\/21123"}],"collection":[{"href":"https:\/\/www.electroluxprofessional.com\/es\/wp-json\/wp\/v2\/pages"}],"about":[{"href":"https:\/\/www.electroluxprofessional.com\/es\/wp-json\/wp\/v2\/types\/page"}],"author":[{"embeddable":true,"href":"https:\/\/www.electroluxprofessional.com\/es\/wp-json\/wp\/v2\/users\/368"}],"replies":[{"embeddable":true,"href":"https:\/\/www.electroluxprofessional.com\/es\/wp-json\/wp\/v2\/comments?post=21123"}],"version-history":[{"count":5,"href":"https:\/\/www.electroluxprofessional.com\/es\/wp-json\/wp\/v2\/pages\/21123\/revisions"}],"predecessor-version":[{"id":24265,"href":"https:\/\/www.electroluxprofessional.com\/es\/wp-json\/wp\/v2\/pages\/21123\/revisions\/24265"}],"up":[{"embeddable":true,"href":"https:\/\/www.electroluxprofessional.com\/es\/wp-json\/wp\/v2\/pages\/23341"}],"wp:featuredmedia":[{"embeddable":true,"href":"https:\/\/www.electroluxprofessional.com\/es\/wp-json\/wp\/v2\/media\/13656"}],"wp:attachment":[{"href":"https:\/\/www.electroluxprofessional.com\/es\/wp-json\/wp\/v2\/media?parent=21123"}],"curies":[{"name":"wp","href":"https:\/\/api.w.org\/{rel}","templated":true}]}}