{"id":20971,"date":"2024-12-12T15:30:22","date_gmt":"2024-12-12T15:30:22","guid":{"rendered":"https:\/\/www.electroluxprofessional.com\/es\/?page_id=20971"},"modified":"2026-03-28T15:39:59","modified_gmt":"2026-03-28T15:39:59","slug":"comedores-empresa","status":"publish","type":"page","link":"https:\/\/www.electroluxprofessional.com\/es\/tu-negocio\/comedores-empresa\/","title":{"rendered":"Comedores de empresa"},"content":{"rendered":"<p>[vc_row full_width=&#8221;electroluxpro-full-width-no-padding&#8221; css=&#8221;.vc_custom_1663586747054{margin-top: -50px !important;}&#8221;][vc_column][elx_full_banner title=&#8221;Soluciones para Comedores de Empresa&#8221; set_as_h1=&#8221;true&#8221; background_image_media_library=&#8221;20969&#8243; background_image_media_library_mobile=&#8221;20970&#8243;][\/vc_column][\/vc_row][vc_row disable_element=&#8221;yes&#8221; css=&#8221;.vc_custom_1663586704023{background-color: #041e41 !important;}&#8221;][vc_column reveal_effect=&#8221;&#8221; width=&#8221;2\/3&#8243;][vc_empty_space][vc_row_inner full_width=&#8221;electroluxpro-full-width-no-padding&#8221;][vc_column_inner width=&#8221;1\/4&#8243;][vc_single_image image=&#8221;11968&#8243; img_size=&#8221;full&#8221;][\/vc_column_inner][vc_column_inner width=&#8221;3\/4&#8243;][vc_empty_space height=&#8221;25px&#8221;][elx_heading font_container=&#8221;h1&#8243; font_size=&#8221;h3&#8243; text_color=&#8221;business&#8221; text_align=&#8221;text-left&#8221;]Comedores de empresa[\/elx_heading][\/vc_column_inner][\/vc_row_inner][elx_heading font_size=&#8221;h5&#8243; text_color=&#8221;white&#8221;]\u201cNos sentimos muy afortunados al trabajar con los excelentes equipos de Electrolux Professional que, adem\u00e1s de proporcionarnos la comodidad y la sensaci\u00f3n de un espacio de lujo, nos permiten mantener en nuestras cocinas unos niveles internacionales de higiene y limpieza. Estamos muy orgullosos de nuestra asociaci\u00f3n con una gran empresa como Electrolux Professional\u201d.[\/elx_heading][vc_column_text]<\/p>\n<p style=\"color: #fff;\"><strong>Ramesh Palagiri<\/strong>, director general &amp; CEO<br \/>\n<strong>Maithili Bhojwani<\/strong>, administradora<br \/>\n<strong>Wirtgen Group<\/strong> &#8211; Pune, India<\/p>\n<p>[\/vc_column_text][vc_column reveal_effect=&#8221;&#8221; width=&#8221;1\/2&#8243;][\/vc_column][\/vc_column][vc_column reveal_effect=&#8221;&#8221; width=&#8221;1\/3&#8243;][elx_image_block background_image=&#8221;478&#8243; minimum_height=&#8221;580px&#8221;][\/vc_column][\/vc_row][vc_row][vc_column][vc_empty_space][elx_heading font_size=&#8221;h1&#8243; text_color=&#8221;inherit&#8221; text_align=&#8221;text-center&#8221;]Alto rendimiento innato[\/elx_heading][vc_empty_space][\/vc_column][\/vc_row][vc_row][vc_column width=&#8221;1\/3&#8243;][elx_icons icon_size=&#8221;elx-icon-medium&#8221; icon_electroluxpro=&#8221;elx-icon icon-circle-savings-green-blue&#8221;][elx_heading text_color=&#8221;inherit&#8221; text_align=&#8221;text-center&#8221;]Gastos de producci\u00f3n<br \/>\nreducidos[\/elx_heading][vc_empty_space][\/vc_column][vc_column width=&#8221;1\/3&#8243;][elx_icons icon_size=&#8221;elx-icon-medium&#8221; icon_electroluxpro=&#8221;elx-icon icon-circle-food-quality-blue&#8221;][elx_heading text_color=&#8221;inherit&#8221; text_align=&#8221;text-center&#8221;]Calidad y regularidad alimentaria garantizadas[\/elx_heading][\/vc_column][vc_column width=&#8221;1\/3&#8243;][vc_single_image image=&#8221;12310&#8243; img_size=&#8221;80&#215;80&#8243; alignment=&#8221;center&#8221;][elx_heading text_color=&#8221;inherit&#8221; text_align=&#8221;text-center&#8221;]Conforme con HACCP (seguridad alimentaria)[\/elx_heading][\/vc_column][\/vc_row][vc_row][vc_column][vc_empty_space][elx_heading font_size=&#8221;h1&#8243; text_color=&#8221;inherit&#8221; text_align=&#8221;text-center&#8221;]\u00bfQu\u00e9 puedes hacer<br \/>\nen menos de 10 m<sup>2<\/sup>?[\/elx_heading][vc_empty_space][\/vc_column][\/vc_row][vc_row][vc_column width=&#8221;1\/2&#8243; css=&#8221;.vc_custom_1590559110836{background-color: #deebec !important;}&#8221;][elx_heading font_size=&#8221;h1&#8243; text_color=&#8221;inherit&#8221; text_align=&#8221;text-center&#8221;]1013 platos<br \/>\nprincipales[\/elx_heading][vc_column_text]<\/p>\n<h3 style=\"text-align: center;\">150 g de gulash +<br \/>\n75 g de chucrut<\/h3>\n<p>[\/vc_column_text][vc_single_image image=&#8221;12710&#8243; img_size=&#8221;full&#8221; alignment=&#8221;center&#8221;][elx_heading font_size=&#8221;h1&#8243; text_color=&#8221;inherit&#8221; text_align=&#8221;text-center&#8221;]en menos de<br \/>\n8 horas[\/elx_heading][vc_single_image image=&#8221;12711&#8243; img_size=&#8221;full&#8221; alignment=&#8221;center&#8221;][\/vc_column][vc_column width=&#8221;1\/2&#8243;][elx_heading text_color=&#8221;inherit&#8221; text_align=&#8221;text-center&#8221;]Mira cu\u00e1ntas comidas puedes preparar en menos de 10 m<sup>2<\/sup>[\/elx_heading][elx_video_block background_image=&#8221;12712&#8243; video_link=&#8221;https:\/\/www.youtube.com\/watch?v=TvhF7dGZ3D4&#8243; minimum_height=&#8221;270px&#8221;][vc_empty_space][elx_heading text_color=&#8221;inherit&#8221; text_align=&#8221;text-center&#8221;]Desc\u00e1rgate el leaflet a continuaci\u00f3n[\/elx_heading][elx_download_block text=&#8221;Descarga<br \/>\nel Leaflet de Alto Rendimiento&#8221; document_type=&#8221;leaflets&#8221; background_color=&#8221;electrolux-blue&#8221; le_document_number=&#8221;CLF-9JE00254&#8243; background_image=&#8221;12713&#8243;][\/vc_column][\/vc_row][vc_row][vc_column][vc_empty_space][elx_heading font_size=&#8221;h3&#8243; text_color=&#8221;inherit&#8221;]Nuestro cliente[\/elx_heading][vc_empty_space][\/vc_column][\/vc_row][vc_row][vc_column width=&#8221;1\/2&#8243;][elx_image_block background_image=&#8221;490&#8243; minimum_height=&#8221;400px&#8221;][elx_heading font_container=&#8221;h3&#8243; font_size=&#8221;h5&#8243; text_color=&#8221;inherit&#8221;]GAI Industrie Spa[\/elx_heading][vc_column_text]Cuneo, Italia[\/vc_column_text][vc_column_text]La complejidad de la instalaci\u00f3n hizo necesario el uso de una gr\u00faa para subir los equipos a la 2\u00aa y 3\u00aa plantas, donde se encuentra el comedor. La particularidad de la cocina es la ausencia de paredes; de hecho, los cuatro lados son grandes cristaleras que permiten ver trabajar a los cocineros en todo momento.<\/p>\n<p>Todos los refrigeradores tienen puertas de cristal, para mostrar un gran estilo y una excelente organizaci\u00f3n del trabajo. En el centro de la cocina se encuentra el equipo de cocci\u00f3n modular thermaline, la gama alta de Electrolux Professional.[\/vc_column_text][\/vc_column][vc_column width=&#8221;1\/2&#8243;][vc_single_image image=&#8221;479&#8243; img_size=&#8221;555*400&#8243; alignment=&#8221;right&#8221;][elx_heading font_container=&#8221;h3&#8243; font_size=&#8221;h5&#8243; text_color=&#8221;inherit&#8221;]Wirtgen Group[\/elx_heading][vc_column_text]Pune, India<br \/>\n[\/vc_column_text][vc_column_text]El fabricante alem\u00e1n de equipos de construcci\u00f3n Wirtgen Group es l\u00edder del mercado en desarrollo y producci\u00f3n de maquinaria para la construcci\u00f3n y mantenimiento de carreteras, y dispone de una avanzada planta de fabricaci\u00f3n en Pune, India, la tercera que posee fuera de Alemania.<\/p>\n<p>La cocina comercial de gran producci\u00f3n para el personal est\u00e1 totalmente equipada por Electrolux Professional.<\/p>\n<p><em>\u201c&#8230; esto tambi\u00e9n ha incrementado la eficiencia de nuestro personal y nos ha permitido un gran ahorro en costes de energ\u00eda, adem\u00e1s de proporcionar nuevos niveles de cocci\u00f3n\u201d.<\/em><\/p>\n<p><strong>Chef Deepak<\/strong>[\/vc_column_text][vc_empty_space][\/vc_column][\/vc_row][vc_row css=&#8221;.vc_custom_1522939207643{background-color: #ededc9 !important;}&#8221;][vc_column][elx_heading font_size=&#8221;h3&#8243; text_color=&#8221;inherit&#8221; text_align=&#8221;text-left&#8221;]Soluciones para bebidas<br \/>\n[\/elx_heading][vc_empty_space][\/vc_column][\/vc_row][vc_row equal_height=&#8221;yes&#8221; css=&#8221;.vc_custom_1522941413247{background-color: #ededc9 !important;}&#8221;][vc_column width=&#8221;1\/2&#8243;][elx_simple_link_block link=&#8221;url:https%3A%2F%2Fwww.electroluxprofessional.com%2Fes%2Fsoluciones-de-bebidas%2F|title:Beverage%20solutions|target:_blank&#8221; text_align=&#8221;text-left&#8221; text_color=&#8221;inherit&#8221; background_color=&#8221;inherit&#8221; background_hover_color=&#8221;darker-hover&#8221; extra_class=&#8221;&#8221; reveal_effect=&#8221;&#8221; reveal_duration=&#8221;&#8221; reveal_delay=&#8221;&#8221;][vc_single_image image=&#8221;10489&#8243; img_size=&#8221;full&#8221;][\/elx_simple_link_block][\/vc_column][vc_column width=&#8221;1\/2&#8243;][elx_simple_link_block link=&#8221;url:https%3A%2F%2Fwww.electroluxprofessional.com%2Fes%2Fsoluciones-de-bebidas%2F|title:Beverage%20solutions|target:_blank&#8221; text_align=&#8221;text-left&#8221; text_color=&#8221;inherit&#8221; background_color=&#8221;inherit&#8221; background_hover_color=&#8221;darker-hover&#8221; extra_class=&#8221;&#8221; reveal_effect=&#8221;&#8221; reveal_duration=&#8221;&#8221; reveal_delay=&#8221;&#8221;][elx_heading font_container=&#8221;h3&#8243; font_size=&#8221;h5&#8243; text_color=&#8221;inherit&#8221;]Un completo servicio de hosteler\u00eda[\/elx_heading][vc_column_text]Amplia oferta de <strong>soluciones para caf\u00e9 y bebidas<\/strong>\u00a0que superar\u00e1n las expectativas de los clientes, adem\u00e1s de un equipo de expertos a cargo del servicio.<\/p>\n<ul>\n<li>M\u00e1quinas de caf\u00e9 y t\u00e9<\/li>\n<li>Molinillos de caf\u00e9<\/li>\n<li>Dispensadores de granizados<\/li>\n<li>Dispensadores de bebidas fr\u00edas y calientes<\/li>\n<li>y mucho m\u00e1s\u2026<\/li>\n<\/ul>\n<p>[\/vc_column_text][\/elx_simple_link_block][elx_button button_text=&#8221;Descubre la gama para caf\u00e9 y bebidas&#8221; button_style=&#8221;icon-blue&#8221; button_link=&#8221;url:https%3A%2F%2Fwww.electroluxprofessional.com%2Fes%2Fsoluciones-de-bebidas%2F|title:coffee%20and%20beverage%20solutions|target:_blank&#8221;][\/vc_column][\/vc_row][vc_row][vc_column][vc_empty_space height=&#8221;50px&#8221;][\/vc_column][\/vc_row][vc_row][vc_column][elx_heading font_size=&#8221;h3&#8243; text_color=&#8221;inherit&#8221; text_align=&#8221;text-left&#8221;]Nuestras tres principales soluciones para comedores de empresa[\/elx_heading][\/vc_column][\/vc_row][vc_row css=&#8221;.vc_custom_1465550821993{padding-top: 20px !important;padding-bottom: 20px !important;background-color: #f7f6f6 !important;}&#8221;][vc_column width=&#8221;1\/3&#8243;][elx_simple_link_block link=&#8221;url:https%3A%2F%2Fwww.electroluxprofessional.com%2Fcommercial-kitchen-equipment%2Fthermaline-cooking-ranges%2F|title:thermaline&#8221; text_align=&#8221;text-left&#8221; text_color=&#8221;inherit&#8221; background_color=&#8221;inherit&#8221; background_hover_color=&#8221;darker-hover&#8221; extra_class=&#8221;&#8221; reveal_effect=&#8221;&#8221; reveal_duration=&#8221;&#8221; reveal_delay=&#8221;&#8221;][vc_single_image image=&#8221;748&#8243; img_size=&#8221;full&#8221; alignment=&#8221;center&#8221;][elx_heading font_container=&#8221;h3&#8243; text_color=&#8221;inherit&#8221; text_align=&#8221;text-left&#8221;]therma<em>line<\/em><br \/>\n[\/elx_heading][vc_column_text]<\/p>\n<ul>\n<li>Ahorra hasta el 60% en gastos de energ\u00eda a la vez que aumentas el rendimiento con la gama de cocci\u00f3n premium therma<em>line<\/em>.<\/li>\n<li>La encimera con superficie total de inducci\u00f3n hace que cocinar muchos productos a la vez sea m\u00e1s f\u00e1cil que nunca.<\/li>\n<\/ul>\n<p>[\/vc_column_text][\/elx_simple_link_block][\/vc_column][vc_column width=&#8221;1\/3&#8243;][elx_simple_link_block link=&#8221;url:https%3A%2F%2Fwww.electroluxprofessional.com%2Fes%2F%2Fcommercial-kitchen-equipment%2Fcook-and-chill%2F|title:Cook%20and%20chill||&#8221; text_align=&#8221;text-left&#8221; text_color=&#8221;inherit&#8221; background_color=&#8221;inherit&#8221; background_hover_color=&#8221;darker-hover&#8221; extra_class=&#8221;&#8221; reveal_effect=&#8221;&#8221; reveal_duration=&#8221;&#8221; reveal_delay=&#8221;&#8221;][vc_single_image image=&#8221;20967&#8243; img_size=&#8221;large&#8221; alignment=&#8221;center&#8221;][elx_heading font_container=&#8221;h3&#8243; text_color=&#8221;inherit&#8221; text_align=&#8221;text-center&#8221;]Cook&amp;&amp;Chill<br \/>\n[\/elx_heading][vc_column_text]<\/p>\n<ul>\n<li>Cocina de manera eco-friendly con Touchline air-o-steam, el horno combi m\u00e1s sostenible del mercado.<\/li>\n<li>Men\u00fas m\u00e1s flexibles, flujos de trabajo m\u00e1s \u00e1giles y racionales, menos p\u00e9rdidas de tiempo, ahorros en costes y energ\u00eda.<\/li>\n<\/ul>\n<p>[\/vc_column_text][\/elx_simple_link_block][\/vc_column][vc_column width=&#8221;1\/3&#8243;][elx_simple_link_block link=&#8221;url:https%3A%2F%2Fwww.electroluxprofessional.com%2Fcommercial-kitchen-equipment%2Frefrigerated-counters%2F|title:ecostoreHP%20Refrigerated%20cabinets&#8221; text_align=&#8221;text-left&#8221; text_color=&#8221;inherit&#8221; background_color=&#8221;inherit&#8221; background_hover_color=&#8221;darker-hover&#8221; extra_class=&#8221;&#8221; reveal_effect=&#8221;&#8221; reveal_duration=&#8221;&#8221; reveal_delay=&#8221;&#8221;][vc_single_image image=&#8221;20968&#8243; img_size=&#8221;large&#8221;][elx_heading font_container=&#8221;h3&#8243; text_color=&#8221;inherit&#8221; text_align=&#8221;text-center&#8221;]Refrigeraci\u00f3n<br \/>\n[\/elx_heading][vc_column_text]<\/p>\n<ul>\n<li>Conserva los alimentos fr\u00edos con los armarios refrigerados ecostore, los de mayor eficiencia energ\u00e9tica.<\/li>\n<li>Haz que tu cocina sea m\u00e1s sostenible y productiva.<\/li>\n<\/ul>\n<p>[\/vc_column_text][\/elx_simple_link_block][\/vc_column][\/vc_row][vc_row][vc_column][elx_heading font_size=&#8221;h3&#8243; text_color=&#8221;inherit&#8221;]Descubre lo que Electrolux Professional puede hacer por tu negocio[\/elx_heading][elx_o2000_contact_us s=&#8221;Tu solicitud de informaci\u00f3n: comedores de empresa&#8221; container=&#8221;elxcontactus1466430938&#8243; r=&#8221;Me gustar\u00eda obtener m\u00e1s informaci\u00f3n sobre las soluciones para comedores de empresa.&#8221;][\/vc_column][\/vc_row]<\/p>\n","protected":false},"excerpt":{"rendered":"<p>[vc_row full_width=&#8221;electroluxpro-full-width-no-padding&#8221; css=&#8221;.vc_custom_1663586747054{margin-top: -50px !important;}&#8221;][vc_column][elx_full_banner title=&#8221;Soluciones para Comedores de Empresa&#8221; set_as_h1=&#8221;true&#8221; background_image_media_library=&#8221;20969&#8243; background_image_media_library_mobile=&#8221;20970&#8243;][\/vc_column][\/vc_row][vc_row disable_element=&#8221;yes&#8221; css=&#8221;.vc_custom_1663586704023{background-color: #041e41 !important;}&#8221;][vc_column reveal_effect=&#8221;&#8221; width=&#8221;2\/3&#8243;][vc_empty_space][vc_row_inner full_width=&#8221;electroluxpro-full-width-no-padding&#8221;][vc_column_inner width=&#8221;1\/4&#8243;][vc_single_image image=&#8221;11968&#8243; img_size=&#8221;full&#8221;][\/vc_column_inner][vc_column_inner width=&#8221;3\/4&#8243;][vc_empty_space height=&#8221;25px&#8221;][elx_heading font_container=&#8221;h1&#8243; font_size=&#8221;h3&#8243; text_color=&#8221;business&#8221; text_align=&#8221;text-left&#8221;]Comedores de empresa[\/elx_heading][\/vc_column_inner][\/vc_row_inner][elx_heading font_size=&#8221;h5&#8243; text_color=&#8221;white&#8221;]\u201cNos sentimos muy afortunados al trabajar con los excelentes equipos de Electrolux Professional que, adem\u00e1s de proporcionarnos la comodidad y la sensaci\u00f3n de [&hellip;]<\/p>\n","protected":false},"author":368,"featured_media":1847,"parent":3874,"menu_order":0,"comment_status":"closed","ping_status":"closed","template":"","meta":{"footnotes":""},"class_list":["post-20971","page","type-page","status-publish","has-post-thumbnail","hentry"],"acf":[],"yoast_head":"<!-- This site is optimized with the Yoast SEO plugin v23.4 - https:\/\/yoast.com\/wordpress\/plugins\/seo\/ -->\n<title>Soluciones Comedores de Empresa | Electrolux Professional<\/title>\n<meta name=\"description\" content=\"Equipamiento profesional para comedores de empresa. Ofrece un servicio de alta calidad con cocinas eficientes que minimizan los costes operativos.\" \/>\n<meta name=\"robots\" content=\"index, follow, max-snippet:-1, max-image-preview:large, max-video-preview:-1\" \/>\n<link rel=\"canonical\" href=\"https:\/\/www.electroluxprofessional.com\/es\/tu-negocio\/comedores-empresa\/\" \/>\n<meta property=\"og:locale\" content=\"es_ES\" \/>\n<meta property=\"og:type\" content=\"article\" \/>\n<meta property=\"og:title\" content=\"Soluciones Comedores de Empresa | Electrolux Professional\" \/>\n<meta property=\"og:description\" content=\"Equipamiento profesional para comedores de empresa. Ofrece un servicio de alta calidad con cocinas eficientes que minimizan los costes operativos.\" \/>\n<meta property=\"og:url\" content=\"https:\/\/www.electroluxprofessional.com\/es\/tu-negocio\/comedores-empresa\/\" \/>\n<meta property=\"og:site_name\" content=\"Electrolux Professional Espa\u00f1a\" \/>\n<meta property=\"article:modified_time\" content=\"2026-03-28T15:39:59+00:00\" \/>\n<meta property=\"og:image\" content=\"https:\/\/www.electroluxprofessional.com\/es\/wp-content\/uploads\/2016\/11\/staff-canteens1.jpg\" \/>\n\t<meta property=\"og:image:width\" content=\"700\" \/>\n\t<meta property=\"og:image:height\" content=\"700\" \/>\n\t<meta property=\"og:image:type\" content=\"image\/jpeg\" \/>\n<meta name=\"twitter:card\" content=\"summary_large_image\" \/>\n<meta name=\"twitter:label1\" content=\"Tiempo de lectura\" \/>\n\t<meta name=\"twitter:data1\" content=\"7 minutos\" \/>\n<script type=\"application\/ld+json\" class=\"yoast-schema-graph\">{\"@context\":\"https:\/\/schema.org\",\"@graph\":[{\"@type\":\"WebPage\",\"@id\":\"https:\/\/www.electroluxprofessional.com\/es\/tu-negocio\/comedores-empresa\/\",\"url\":\"https:\/\/www.electroluxprofessional.com\/es\/tu-negocio\/comedores-empresa\/\",\"name\":\"Soluciones Comedores de Empresa | Electrolux Professional\",\"isPartOf\":{\"@id\":\"https:\/\/www.electroluxprofessional.com\/es\/#website\"},\"primaryImageOfPage\":{\"@id\":\"https:\/\/www.electroluxprofessional.com\/es\/tu-negocio\/comedores-empresa\/#primaryimage\"},\"image\":{\"@id\":\"https:\/\/www.electroluxprofessional.com\/es\/tu-negocio\/comedores-empresa\/#primaryimage\"},\"thumbnailUrl\":\"https:\/\/www.electroluxprofessional.com\/es\/wp-content\/uploads\/2016\/11\/staff-canteens1.jpg\",\"datePublished\":\"2024-12-12T15:30:22+00:00\",\"dateModified\":\"2026-03-28T15:39:59+00:00\",\"description\":\"Equipamiento profesional para comedores de empresa. Ofrece un servicio de alta calidad con cocinas eficientes que minimizan los costes operativos.\",\"breadcrumb\":{\"@id\":\"https:\/\/www.electroluxprofessional.com\/es\/tu-negocio\/comedores-empresa\/#breadcrumb\"},\"inLanguage\":\"es\",\"potentialAction\":[{\"@type\":\"ReadAction\",\"target\":[\"https:\/\/www.electroluxprofessional.com\/es\/tu-negocio\/comedores-empresa\/\"]}]},{\"@type\":\"ImageObject\",\"inLanguage\":\"es\",\"@id\":\"https:\/\/www.electroluxprofessional.com\/es\/tu-negocio\/comedores-empresa\/#primaryimage\",\"url\":\"https:\/\/www.electroluxprofessional.com\/es\/wp-content\/uploads\/2016\/11\/staff-canteens1.jpg\",\"contentUrl\":\"https:\/\/www.electroluxprofessional.com\/es\/wp-content\/uploads\/2016\/11\/staff-canteens1.jpg\",\"width\":700,\"height\":700,\"caption\":\"Comedor de empleados\"},{\"@type\":\"BreadcrumbList\",\"@id\":\"https:\/\/www.electroluxprofessional.com\/es\/tu-negocio\/comedores-empresa\/#breadcrumb\",\"itemListElement\":[{\"@type\":\"ListItem\",\"position\":1,\"name\":\"Home\",\"item\":\"https:\/\/www.electroluxprofessional.com\/es\/\"},{\"@type\":\"ListItem\",\"position\":2,\"name\":\"Tu negocio\",\"item\":\"https:\/\/www.electroluxprofessional.com\/es\/tu-negocio\/\"},{\"@type\":\"ListItem\",\"position\":3,\"name\":\"Comedores de empresa\"}]},{\"@type\":\"WebSite\",\"@id\":\"https:\/\/www.electroluxprofessional.com\/es\/#website\",\"url\":\"https:\/\/www.electroluxprofessional.com\/es\/\",\"name\":\"Electrolux Professional Espa\u00f1a\",\"description\":\"Equipamiento cocinas profesionales y lavander\u00edas comerciales. Excelencia en el suministro de soluciones profesionales.\",\"potentialAction\":[{\"@type\":\"SearchAction\",\"target\":{\"@type\":\"EntryPoint\",\"urlTemplate\":\"https:\/\/www.electroluxprofessional.com\/es\/?src={search_term_string}\"},\"query-input\":{\"@type\":\"PropertyValueSpecification\",\"valueRequired\":true,\"valueName\":\"search_term_string\"}}],\"inLanguage\":\"es\"}]}<\/script>\n<!-- \/ Yoast SEO plugin. -->","yoast_head_json":{"title":"Soluciones Comedores de Empresa | Electrolux Professional","description":"Equipamiento profesional para comedores de empresa. Ofrece un servicio de alta calidad con cocinas eficientes que minimizan los costes operativos.","robots":{"index":"index","follow":"follow","max-snippet":"max-snippet:-1","max-image-preview":"max-image-preview:large","max-video-preview":"max-video-preview:-1"},"canonical":"https:\/\/www.electroluxprofessional.com\/es\/tu-negocio\/comedores-empresa\/","og_locale":"es_ES","og_type":"article","og_title":"Soluciones Comedores de Empresa | Electrolux Professional","og_description":"Equipamiento profesional para comedores de empresa. Ofrece un servicio de alta calidad con cocinas eficientes que minimizan los costes operativos.","og_url":"https:\/\/www.electroluxprofessional.com\/es\/tu-negocio\/comedores-empresa\/","og_site_name":"Electrolux Professional Espa\u00f1a","article_modified_time":"2026-03-28T15:39:59+00:00","og_image":[{"width":700,"height":700,"url":"https:\/\/www.electroluxprofessional.com\/es\/wp-content\/uploads\/2016\/11\/staff-canteens1.jpg","type":"image\/jpeg"}],"twitter_card":"summary_large_image","twitter_misc":{"Tiempo de lectura":"7 minutos"},"schema":{"@context":"https:\/\/schema.org","@graph":[{"@type":"WebPage","@id":"https:\/\/www.electroluxprofessional.com\/es\/tu-negocio\/comedores-empresa\/","url":"https:\/\/www.electroluxprofessional.com\/es\/tu-negocio\/comedores-empresa\/","name":"Soluciones Comedores de Empresa | Electrolux Professional","isPartOf":{"@id":"https:\/\/www.electroluxprofessional.com\/es\/#website"},"primaryImageOfPage":{"@id":"https:\/\/www.electroluxprofessional.com\/es\/tu-negocio\/comedores-empresa\/#primaryimage"},"image":{"@id":"https:\/\/www.electroluxprofessional.com\/es\/tu-negocio\/comedores-empresa\/#primaryimage"},"thumbnailUrl":"https:\/\/www.electroluxprofessional.com\/es\/wp-content\/uploads\/2016\/11\/staff-canteens1.jpg","datePublished":"2024-12-12T15:30:22+00:00","dateModified":"2026-03-28T15:39:59+00:00","description":"Equipamiento profesional para comedores de empresa. Ofrece un servicio de alta calidad con cocinas eficientes que minimizan los costes operativos.","breadcrumb":{"@id":"https:\/\/www.electroluxprofessional.com\/es\/tu-negocio\/comedores-empresa\/#breadcrumb"},"inLanguage":"es","potentialAction":[{"@type":"ReadAction","target":["https:\/\/www.electroluxprofessional.com\/es\/tu-negocio\/comedores-empresa\/"]}]},{"@type":"ImageObject","inLanguage":"es","@id":"https:\/\/www.electroluxprofessional.com\/es\/tu-negocio\/comedores-empresa\/#primaryimage","url":"https:\/\/www.electroluxprofessional.com\/es\/wp-content\/uploads\/2016\/11\/staff-canteens1.jpg","contentUrl":"https:\/\/www.electroluxprofessional.com\/es\/wp-content\/uploads\/2016\/11\/staff-canteens1.jpg","width":700,"height":700,"caption":"Comedor de empleados"},{"@type":"BreadcrumbList","@id":"https:\/\/www.electroluxprofessional.com\/es\/tu-negocio\/comedores-empresa\/#breadcrumb","itemListElement":[{"@type":"ListItem","position":1,"name":"Home","item":"https:\/\/www.electroluxprofessional.com\/es\/"},{"@type":"ListItem","position":2,"name":"Tu negocio","item":"https:\/\/www.electroluxprofessional.com\/es\/tu-negocio\/"},{"@type":"ListItem","position":3,"name":"Comedores de empresa"}]},{"@type":"WebSite","@id":"https:\/\/www.electroluxprofessional.com\/es\/#website","url":"https:\/\/www.electroluxprofessional.com\/es\/","name":"Electrolux Professional Espa\u00f1a","description":"Equipamiento cocinas profesionales y lavander\u00edas comerciales. Excelencia en el suministro de soluciones profesionales.","potentialAction":[{"@type":"SearchAction","target":{"@type":"EntryPoint","urlTemplate":"https:\/\/www.electroluxprofessional.com\/es\/?src={search_term_string}"},"query-input":{"@type":"PropertyValueSpecification","valueRequired":true,"valueName":"search_term_string"}}],"inLanguage":"es"}]}},"_links":{"self":[{"href":"https:\/\/www.electroluxprofessional.com\/es\/wp-json\/wp\/v2\/pages\/20971"}],"collection":[{"href":"https:\/\/www.electroluxprofessional.com\/es\/wp-json\/wp\/v2\/pages"}],"about":[{"href":"https:\/\/www.electroluxprofessional.com\/es\/wp-json\/wp\/v2\/types\/page"}],"author":[{"embeddable":true,"href":"https:\/\/www.electroluxprofessional.com\/es\/wp-json\/wp\/v2\/users\/368"}],"replies":[{"embeddable":true,"href":"https:\/\/www.electroluxprofessional.com\/es\/wp-json\/wp\/v2\/comments?post=20971"}],"version-history":[{"count":9,"href":"https:\/\/www.electroluxprofessional.com\/es\/wp-json\/wp\/v2\/pages\/20971\/revisions"}],"predecessor-version":[{"id":25999,"href":"https:\/\/www.electroluxprofessional.com\/es\/wp-json\/wp\/v2\/pages\/20971\/revisions\/25999"}],"up":[{"embeddable":true,"href":"https:\/\/www.electroluxprofessional.com\/es\/wp-json\/wp\/v2\/pages\/3874"}],"wp:featuredmedia":[{"embeddable":true,"href":"https:\/\/www.electroluxprofessional.com\/es\/wp-json\/wp\/v2\/media\/1847"}],"wp:attachment":[{"href":"https:\/\/www.electroluxprofessional.com\/es\/wp-json\/wp\/v2\/media?parent=20971"}],"curies":[{"name":"wp","href":"https:\/\/api.w.org\/{rel}","templated":true}]}}