{"id":20965,"date":"2024-12-12T09:29:16","date_gmt":"2024-12-12T09:29:16","guid":{"rendered":"https:\/\/www.electroluxprofessional.com\/es\/?page_id=20965"},"modified":"2026-03-28T11:05:41","modified_gmt":"2026-03-28T11:05:41","slug":"bares-y-cafes","status":"publish","type":"page","link":"https:\/\/www.electroluxprofessional.com\/es\/tu-negocio\/bares-y-cafes\/","title":{"rendered":"Bares y Cafeter\u00edas"},"content":{"rendered":"<p>[vc_row full_width=&#8221;electroluxpro-full-width-no-padding&#8221; css=&#8221;.vc_custom_1663584595514{margin-top: -50px !important;}&#8221;][vc_column][elx_full_banner title=&#8221;Bares y Caf\u00e9s&#8221; background_image_media_library=&#8221;20963&#8243; background_image_media_library_mobile=&#8221;20964&#8243;][\/vc_column][\/vc_row][vc_row full_width=&#8221;electroluxpro-full-width-no-padding&#8221; disable_element=&#8221;yes&#8221;][vc_column][vc_single_image image=&#8221;20960&#8243; img_size=&#8221;2000&#215;350&#8243; alignment=&#8221;center&#8221;][\/vc_column][\/vc_row][vc_row disable_element=&#8221;yes&#8221;][vc_column width=&#8221;1\/4&#8243;][vc_single_image image=&#8221;20961&#8243; img_size=&#8221;110*110&#8243; alignment=&#8221;center&#8221;][\/vc_column][vc_column width=&#8221;3\/4&#8243;][vc_empty_space height=&#8221;15px&#8221;][elx_heading font_container=&#8221;h1&#8243; font_size=&#8221;h3&#8243; text_color=&#8221;bars&#8221; text_align=&#8221;text-left&#8221;]Soluciones para Bares y Caf\u00e9s[\/elx_heading][\/vc_column][\/vc_row][vc_row][vc_column][vc_column_text]<\/p>\n<h1>Nuestras soluciones perfectas para tu bar o cafeter\u00eda<\/h1>\n<p>[\/vc_column_text][vc_empty_space][\/vc_column][\/vc_row][vc_row equal_height=&#8221;yes&#8221; content_placement=&#8221;middle&#8221; css=&#8221;.vc_custom_1517579733790{background-color: #f7f6f6 !important;}&#8221;][vc_column width=&#8221;1\/2&#8243;][elx_simple_link_block link=&#8221;url:https%3A%2F%2Fwww.electroluxprofessional.com%2Fes%2Fequipamiento-cocinas-profesionales%2Flavado-de-vajilla%2F|title:Glasswashers%20and%20undercounters|target:_blank&#8221; text_align=&#8221;text-left&#8221; text_color=&#8221;inherit&#8221; background_color=&#8221;inherit&#8221; background_hover_color=&#8221;darker-hover&#8221; extra_class=&#8221;&#8221; reveal_effect=&#8221;&#8221; reveal_duration=&#8221;&#8221; reveal_delay=&#8221;&#8221;][vc_single_image image=&#8221;20300&#8243; img_size=&#8221;full&#8221; onclick=&#8221;custom_link&#8221; css=&#8221;.vc_custom_1734100824847{padding-top: 60px !important;}&#8221; link=&#8221;https:\/\/www.electroluxprofessional.com\/es\/equipamiento-cocinas-profesionales\/lavado-de-vajilla\/&#8221;][elx_heading font_container=&#8221;h3&#8243; font_size=&#8221;h5&#8243; text_color=&#8221;electrolux-blue&#8221;]Lavavasos NeoBlue Touch[\/elx_heading][vc_column_text]<\/p>\n<ul>\n<li>Resultado perfecto de lavado y aclarado<\/li>\n<li>Ciclo silencioso<\/li>\n<li>Fiable y duradero<\/li>\n<\/ul>\n<p>[\/vc_column_text][\/elx_simple_link_block][\/vc_column][vc_column width=&#8221;1\/2&#8243;][elx_simple_link_block link=&#8221;url:https%3A%2F%2Fwww.electroluxprofessional.com%2Fes%2Fspeedelight-solucion-alta-velocidad%2F|title:SpeeDelight%20high%20speed%20cooking|target:_blank&#8221; text_align=&#8221;text-left&#8221; text_color=&#8221;inherit&#8221; background_color=&#8221;inherit&#8221; background_hover_color=&#8221;darker-hover&#8221; extra_class=&#8221;&#8221; reveal_effect=&#8221;&#8221; reveal_duration=&#8221;&#8221; reveal_delay=&#8221;&#8221;][vc_single_image image=&#8221;2712&#8243; img_size=&#8221;600&#215;575&#8243; onclick=&#8221;custom_link&#8221; css=&#8221;.vc_custom_1734100856503{padding-top: 60px !important;}&#8221; link=&#8221;https:\/\/www.electroluxprofessional.com\/es\/speedelight-solucion-alta-velocidad\/&#8221;][elx_heading font_container=&#8221;h3&#8243; font_size=&#8221;h5&#8243; text_color=&#8221;inherit&#8221;]SpeeDelight[\/elx_heading][vc_column_text]<\/p>\n<ul>\n<li>Prepara snacks saludables y deliciosos de forma r\u00e1pida y eficiente<\/li>\n<li>Calidad en todos los aspectos gracias a los <strong>tres\u00a0sistemas de cocci\u00f3n<\/strong><\/li>\n<li>La tapa se levanta autom\u00e1ticamente cuando el snack est\u00e1 listo<\/li>\n<\/ul>\n<p>[\/vc_column_text][\/elx_simple_link_block][\/vc_column][\/vc_row][vc_row css=&#8221;.vc_custom_1522939207643{background-color: #ededc9 !important;}&#8221;][vc_column][elx_heading text_color=&#8221;inherit&#8221; text_align=&#8221;text-left&#8221;]Soluciones para bebidas<br \/>\n[\/elx_heading][vc_empty_space][\/vc_column][\/vc_row][vc_row equal_height=&#8221;yes&#8221; css=&#8221;.vc_custom_1522941413247{background-color: #ededc9 !important;}&#8221;][vc_column width=&#8221;1\/2&#8243;][elx_simple_link_block link=&#8221;url:https%3A%2F%2Fwww.electroluxprofessional.com%2Fes%2Fsoluciones-de-bebidas%2F|title:Beverage%20solutions|target:_blank&#8221; text_align=&#8221;text-left&#8221; text_color=&#8221;inherit&#8221; background_color=&#8221;inherit&#8221; background_hover_color=&#8221;darker-hover&#8221; extra_class=&#8221;&#8221; reveal_effect=&#8221;&#8221; reveal_duration=&#8221;&#8221; reveal_delay=&#8221;&#8221;][vc_single_image image=&#8221;10489&#8243; img_size=&#8221;full&#8221;][\/elx_simple_link_block][\/vc_column][vc_column width=&#8221;1\/2&#8243;][elx_simple_link_block link=&#8221;url:https%3A%2F%2Fwww.electroluxprofessional.com%2Fes%2Fsoluciones-de-bebidas%2F|title:Beverage%20solutions&#8221; text_align=&#8221;text-left&#8221; text_color=&#8221;inherit&#8221; background_color=&#8221;inherit&#8221; background_hover_color=&#8221;darker-hover&#8221; extra_class=&#8221;&#8221; reveal_effect=&#8221;&#8221; reveal_duration=&#8221;&#8221; reveal_delay=&#8221;&#8221;][elx_heading font_container=&#8221;h3&#8243; font_size=&#8221;h5&#8243; text_color=&#8221;inherit&#8221;]Un completo servicio de hosteler\u00eda[\/elx_heading][vc_column_text]Amplia oferta de <strong>soluciones para caf\u00e9 y bebidas<\/strong>\u00a0que superar\u00e1n las expectativas de los clientes, adem\u00e1s de un equipo de expertos a cargo del servicio.<\/p>\n<ul>\n<li>M\u00e1quinas de caf\u00e9 y t\u00e9<\/li>\n<li>Molinillos de caf\u00e9<\/li>\n<li>Dispensadores de granizados<\/li>\n<li>Dispensadores de bebidas fr\u00edas y calientes<\/li>\n<li>y mucho m\u00e1s\u2026<\/li>\n<\/ul>\n<p>[\/vc_column_text][\/elx_simple_link_block][elx_button button_text=&#8221;Descubre la gama para caf\u00e9 y bebidas&#8221; button_style=&#8221;icon-blue&#8221; button_link=&#8221;url:https%3A%2F%2Fwww.electroluxprofessional.com%2Fes%2Fsoluciones-de-bebidas%2F|title:coffee%20and%20beverage%20solutions&#8221;][\/vc_column][\/vc_row][vc_row css=&#8221;.vc_custom_1480591577587{background-color: #f7f6f6 !important;}&#8221;][vc_column][vc_empty_space][\/vc_column][\/vc_row][vc_row equal_height=&#8221;yes&#8221; content_placement=&#8221;middle&#8221; css=&#8221;.vc_custom_1517579733790{background-color: #f7f6f6 !important;}&#8221;][vc_column width=&#8221;1\/3&#8243;][elx_simple_block text_align=&#8221;text-center&#8221; background_color=&#8221;inherit&#8221;][elx_heading text_color=&#8221;electrolux-blue&#8221;]Cadenas[\/elx_heading][vc_column_text]<\/p>\n<p style=\"text-align: center;\">\u00bfC\u00f3mo marcamos la diferencia?<\/p>\n<p>[\/vc_column_text][elx_button button_text=&#8221;Obt\u00e9n m\u00e1s informaci\u00f3n&#8221; button_style=&#8221;default&#8221; button_link=&#8221;url:https%3A%2F%2Fwww.electroluxprofessional.com%2Fes%2Ftu-negocio%2Fcadenas-de-restaurantes%2F|target:_blank&#8221;][\/elx_simple_block][\/vc_column][vc_column width=&#8221;1\/3&#8243;][vc_single_image image=&#8221;2354&#8243; img_size=&#8221;400*400&#8243;][\/vc_column][vc_column width=&#8221;1\/3&#8243;][vc_single_image image=&#8221;20962&#8243; img_size=&#8221;full&#8221;][\/vc_column][\/vc_row][vc_row css=&#8221;.vc_custom_1480591577587{background-color: #f7f6f6 !important;}&#8221;][vc_column][vc_empty_space][\/vc_column][\/vc_row][vc_row][vc_column][elx_heading font_container=&#8221;h3&#8243; font_size=&#8221;h5&#8243; text_color=&#8221;inherit&#8221; text_align=&#8221;text-left&#8221;]Descubre lo que Electrolux Professional puede hacer por tu negocio[\/elx_heading][elx_o2000_contact_us s=&#8221;Tu solicitud de informaci\u00f3n: Bares y cafeter\u00edas&#8221; container=&#8221;elxcontactus1469457379&#8243; r=&#8221;Me gustar\u00eda obtener m\u00e1s informaci\u00f3n sobre las soluciones para bares y cafeter\u00edas.&#8221; l=&#8221;en&#8221;][vc_empty_space height=&#8221;50px&#8221;][\/vc_column][\/vc_row]<\/p>\n","protected":false},"excerpt":{"rendered":"<p>[vc_row full_width=&#8221;electroluxpro-full-width-no-padding&#8221; css=&#8221;.vc_custom_1663584595514{margin-top: -50px !important;}&#8221;][vc_column][elx_full_banner title=&#8221;Bares y Caf\u00e9s&#8221; background_image_media_library=&#8221;20963&#8243; background_image_media_library_mobile=&#8221;20964&#8243;][\/vc_column][\/vc_row][vc_row full_width=&#8221;electroluxpro-full-width-no-padding&#8221; disable_element=&#8221;yes&#8221;][vc_column][vc_single_image image=&#8221;20960&#8243; img_size=&#8221;2000&#215;350&#8243; alignment=&#8221;center&#8221;][\/vc_column][\/vc_row][vc_row disable_element=&#8221;yes&#8221;][vc_column width=&#8221;1\/4&#8243;][vc_single_image image=&#8221;20961&#8243; img_size=&#8221;110*110&#8243; alignment=&#8221;center&#8221;][\/vc_column][vc_column width=&#8221;3\/4&#8243;][vc_empty_space height=&#8221;15px&#8221;][elx_heading font_container=&#8221;h1&#8243; font_size=&#8221;h3&#8243; text_color=&#8221;bars&#8221; text_align=&#8221;text-left&#8221;]Soluciones para Bares y Caf\u00e9s[\/elx_heading][\/vc_column][\/vc_row][vc_row][vc_column][vc_column_text] Nuestras soluciones perfectas para tu bar o cafeter\u00eda [\/vc_column_text][vc_empty_space][\/vc_column][\/vc_row][vc_row equal_height=&#8221;yes&#8221; content_placement=&#8221;middle&#8221; css=&#8221;.vc_custom_1517579733790{background-color: #f7f6f6 !important;}&#8221;][vc_column width=&#8221;1\/2&#8243;][elx_simple_link_block link=&#8221;url:https%3A%2F%2Fwww.electroluxprofessional.com%2Fes%2Fequipamiento-cocinas-profesionales%2Flavado-de-vajilla%2F|title:Glasswashers%20and%20undercounters|target:_blank&#8221; text_align=&#8221;text-left&#8221; text_color=&#8221;inherit&#8221; background_color=&#8221;inherit&#8221; background_hover_color=&#8221;darker-hover&#8221; extra_class=&#8221;&#8221; reveal_effect=&#8221;&#8221; reveal_duration=&#8221;&#8221; reveal_delay=&#8221;&#8221;][vc_single_image image=&#8221;20300&#8243; [&hellip;]<\/p>\n","protected":false},"author":368,"featured_media":1276,"parent":3874,"menu_order":0,"comment_status":"closed","ping_status":"closed","template":"","meta":{"footnotes":""},"class_list":["post-20965","page","type-page","status-publish","has-post-thumbnail","hentry"],"acf":[],"yoast_head":"<!-- This site is optimized with the Yoast SEO plugin v23.4 - https:\/\/yoast.com\/wordpress\/plugins\/seo\/ -->\n<title>Soluciones para Bares y Caf\u00e9s | Electrolux Professional<\/title>\n<meta name=\"description\" content=\"Soluciones de cocci\u00f3n y bebidas para bares y cafeter\u00edas. Equipos r\u00e1pidos, eficientes y dise\u00f1ados para maximizar la rentabilidad de tu negocio.\" \/>\n<meta name=\"robots\" content=\"index, follow, max-snippet:-1, max-image-preview:large, max-video-preview:-1\" \/>\n<link rel=\"canonical\" href=\"https:\/\/www.electroluxprofessional.com\/es\/tu-negocio\/bares-y-cafes\/\" \/>\n<meta property=\"og:locale\" content=\"es_ES\" \/>\n<meta property=\"og:type\" content=\"article\" \/>\n<meta property=\"og:title\" content=\"Soluciones para Bares y Caf\u00e9s | Electrolux Professional\" \/>\n<meta property=\"og:description\" content=\"Soluciones de cocci\u00f3n y bebidas para bares y cafeter\u00edas. Equipos r\u00e1pidos, eficientes y dise\u00f1ados para maximizar la rentabilidad de tu negocio.\" \/>\n<meta property=\"og:url\" content=\"https:\/\/www.electroluxprofessional.com\/es\/tu-negocio\/bares-y-cafes\/\" \/>\n<meta property=\"og:site_name\" content=\"Electrolux Professional Espa\u00f1a\" \/>\n<meta property=\"article:modified_time\" content=\"2026-03-28T11:05:41+00:00\" \/>\n<meta property=\"og:image\" content=\"https:\/\/www.electroluxprofessional.com\/es\/wp-content\/uploads\/2016\/11\/bar-cafe.jpg\" \/>\n\t<meta property=\"og:image:width\" content=\"700\" \/>\n\t<meta property=\"og:image:height\" content=\"700\" \/>\n\t<meta property=\"og:image:type\" content=\"image\/jpeg\" \/>\n<meta name=\"twitter:card\" content=\"summary_large_image\" \/>\n<meta name=\"twitter:label1\" content=\"Tiempo de lectura\" \/>\n\t<meta name=\"twitter:data1\" content=\"4 minutos\" \/>\n<script type=\"application\/ld+json\" class=\"yoast-schema-graph\">{\"@context\":\"https:\/\/schema.org\",\"@graph\":[{\"@type\":\"WebPage\",\"@id\":\"https:\/\/www.electroluxprofessional.com\/es\/tu-negocio\/bares-y-cafes\/\",\"url\":\"https:\/\/www.electroluxprofessional.com\/es\/tu-negocio\/bares-y-cafes\/\",\"name\":\"Soluciones para Bares y Caf\u00e9s | Electrolux Professional\",\"isPartOf\":{\"@id\":\"https:\/\/www.electroluxprofessional.com\/es\/#website\"},\"primaryImageOfPage\":{\"@id\":\"https:\/\/www.electroluxprofessional.com\/es\/tu-negocio\/bares-y-cafes\/#primaryimage\"},\"image\":{\"@id\":\"https:\/\/www.electroluxprofessional.com\/es\/tu-negocio\/bares-y-cafes\/#primaryimage\"},\"thumbnailUrl\":\"https:\/\/www.electroluxprofessional.com\/es\/wp-content\/uploads\/2016\/11\/bar-cafe.jpg\",\"datePublished\":\"2024-12-12T09:29:16+00:00\",\"dateModified\":\"2026-03-28T11:05:41+00:00\",\"description\":\"Soluciones de cocci\u00f3n y bebidas para bares y cafeter\u00edas. Equipos r\u00e1pidos, eficientes y dise\u00f1ados para maximizar la rentabilidad de tu negocio.\",\"breadcrumb\":{\"@id\":\"https:\/\/www.electroluxprofessional.com\/es\/tu-negocio\/bares-y-cafes\/#breadcrumb\"},\"inLanguage\":\"es\",\"potentialAction\":[{\"@type\":\"ReadAction\",\"target\":[\"https:\/\/www.electroluxprofessional.com\/es\/tu-negocio\/bares-y-cafes\/\"]}]},{\"@type\":\"ImageObject\",\"inLanguage\":\"es\",\"@id\":\"https:\/\/www.electroluxprofessional.com\/es\/tu-negocio\/bares-y-cafes\/#primaryimage\",\"url\":\"https:\/\/www.electroluxprofessional.com\/es\/wp-content\/uploads\/2016\/11\/bar-cafe.jpg\",\"contentUrl\":\"https:\/\/www.electroluxprofessional.com\/es\/wp-content\/uploads\/2016\/11\/bar-cafe.jpg\",\"width\":700,\"height\":700,\"caption\":\"Bars & Caf\u00e9s\"},{\"@type\":\"BreadcrumbList\",\"@id\":\"https:\/\/www.electroluxprofessional.com\/es\/tu-negocio\/bares-y-cafes\/#breadcrumb\",\"itemListElement\":[{\"@type\":\"ListItem\",\"position\":1,\"name\":\"Home\",\"item\":\"https:\/\/www.electroluxprofessional.com\/es\/\"},{\"@type\":\"ListItem\",\"position\":2,\"name\":\"Tu negocio\",\"item\":\"https:\/\/www.electroluxprofessional.com\/es\/tu-negocio\/\"},{\"@type\":\"ListItem\",\"position\":3,\"name\":\"Bares y Cafeter\u00edas\"}]},{\"@type\":\"WebSite\",\"@id\":\"https:\/\/www.electroluxprofessional.com\/es\/#website\",\"url\":\"https:\/\/www.electroluxprofessional.com\/es\/\",\"name\":\"Electrolux Professional Espa\u00f1a\",\"description\":\"Equipamiento cocinas profesionales y lavander\u00edas comerciales. Excelencia en el suministro de soluciones profesionales.\",\"potentialAction\":[{\"@type\":\"SearchAction\",\"target\":{\"@type\":\"EntryPoint\",\"urlTemplate\":\"https:\/\/www.electroluxprofessional.com\/es\/?src={search_term_string}\"},\"query-input\":{\"@type\":\"PropertyValueSpecification\",\"valueRequired\":true,\"valueName\":\"search_term_string\"}}],\"inLanguage\":\"es\"}]}<\/script>\n<!-- \/ Yoast SEO plugin. -->","yoast_head_json":{"title":"Soluciones para Bares y Caf\u00e9s | Electrolux Professional","description":"Soluciones de cocci\u00f3n y bebidas para bares y cafeter\u00edas. Equipos r\u00e1pidos, eficientes y dise\u00f1ados para maximizar la rentabilidad de tu negocio.","robots":{"index":"index","follow":"follow","max-snippet":"max-snippet:-1","max-image-preview":"max-image-preview:large","max-video-preview":"max-video-preview:-1"},"canonical":"https:\/\/www.electroluxprofessional.com\/es\/tu-negocio\/bares-y-cafes\/","og_locale":"es_ES","og_type":"article","og_title":"Soluciones para Bares y Caf\u00e9s | Electrolux Professional","og_description":"Soluciones de cocci\u00f3n y bebidas para bares y cafeter\u00edas. Equipos r\u00e1pidos, eficientes y dise\u00f1ados para maximizar la rentabilidad de tu negocio.","og_url":"https:\/\/www.electroluxprofessional.com\/es\/tu-negocio\/bares-y-cafes\/","og_site_name":"Electrolux Professional Espa\u00f1a","article_modified_time":"2026-03-28T11:05:41+00:00","og_image":[{"width":700,"height":700,"url":"https:\/\/www.electroluxprofessional.com\/es\/wp-content\/uploads\/2016\/11\/bar-cafe.jpg","type":"image\/jpeg"}],"twitter_card":"summary_large_image","twitter_misc":{"Tiempo de lectura":"4 minutos"},"schema":{"@context":"https:\/\/schema.org","@graph":[{"@type":"WebPage","@id":"https:\/\/www.electroluxprofessional.com\/es\/tu-negocio\/bares-y-cafes\/","url":"https:\/\/www.electroluxprofessional.com\/es\/tu-negocio\/bares-y-cafes\/","name":"Soluciones para Bares y Caf\u00e9s | Electrolux Professional","isPartOf":{"@id":"https:\/\/www.electroluxprofessional.com\/es\/#website"},"primaryImageOfPage":{"@id":"https:\/\/www.electroluxprofessional.com\/es\/tu-negocio\/bares-y-cafes\/#primaryimage"},"image":{"@id":"https:\/\/www.electroluxprofessional.com\/es\/tu-negocio\/bares-y-cafes\/#primaryimage"},"thumbnailUrl":"https:\/\/www.electroluxprofessional.com\/es\/wp-content\/uploads\/2016\/11\/bar-cafe.jpg","datePublished":"2024-12-12T09:29:16+00:00","dateModified":"2026-03-28T11:05:41+00:00","description":"Soluciones de cocci\u00f3n y bebidas para bares y cafeter\u00edas. Equipos r\u00e1pidos, eficientes y dise\u00f1ados para maximizar la rentabilidad de tu negocio.","breadcrumb":{"@id":"https:\/\/www.electroluxprofessional.com\/es\/tu-negocio\/bares-y-cafes\/#breadcrumb"},"inLanguage":"es","potentialAction":[{"@type":"ReadAction","target":["https:\/\/www.electroluxprofessional.com\/es\/tu-negocio\/bares-y-cafes\/"]}]},{"@type":"ImageObject","inLanguage":"es","@id":"https:\/\/www.electroluxprofessional.com\/es\/tu-negocio\/bares-y-cafes\/#primaryimage","url":"https:\/\/www.electroluxprofessional.com\/es\/wp-content\/uploads\/2016\/11\/bar-cafe.jpg","contentUrl":"https:\/\/www.electroluxprofessional.com\/es\/wp-content\/uploads\/2016\/11\/bar-cafe.jpg","width":700,"height":700,"caption":"Bars & Caf\u00e9s"},{"@type":"BreadcrumbList","@id":"https:\/\/www.electroluxprofessional.com\/es\/tu-negocio\/bares-y-cafes\/#breadcrumb","itemListElement":[{"@type":"ListItem","position":1,"name":"Home","item":"https:\/\/www.electroluxprofessional.com\/es\/"},{"@type":"ListItem","position":2,"name":"Tu negocio","item":"https:\/\/www.electroluxprofessional.com\/es\/tu-negocio\/"},{"@type":"ListItem","position":3,"name":"Bares y Cafeter\u00edas"}]},{"@type":"WebSite","@id":"https:\/\/www.electroluxprofessional.com\/es\/#website","url":"https:\/\/www.electroluxprofessional.com\/es\/","name":"Electrolux Professional Espa\u00f1a","description":"Equipamiento cocinas profesionales y lavander\u00edas comerciales. Excelencia en el suministro de soluciones profesionales.","potentialAction":[{"@type":"SearchAction","target":{"@type":"EntryPoint","urlTemplate":"https:\/\/www.electroluxprofessional.com\/es\/?src={search_term_string}"},"query-input":{"@type":"PropertyValueSpecification","valueRequired":true,"valueName":"search_term_string"}}],"inLanguage":"es"}]}},"_links":{"self":[{"href":"https:\/\/www.electroluxprofessional.com\/es\/wp-json\/wp\/v2\/pages\/20965"}],"collection":[{"href":"https:\/\/www.electroluxprofessional.com\/es\/wp-json\/wp\/v2\/pages"}],"about":[{"href":"https:\/\/www.electroluxprofessional.com\/es\/wp-json\/wp\/v2\/types\/page"}],"author":[{"embeddable":true,"href":"https:\/\/www.electroluxprofessional.com\/es\/wp-json\/wp\/v2\/users\/368"}],"replies":[{"embeddable":true,"href":"https:\/\/www.electroluxprofessional.com\/es\/wp-json\/wp\/v2\/comments?post=20965"}],"version-history":[{"count":17,"href":"https:\/\/www.electroluxprofessional.com\/es\/wp-json\/wp\/v2\/pages\/20965\/revisions"}],"predecessor-version":[{"id":25968,"href":"https:\/\/www.electroluxprofessional.com\/es\/wp-json\/wp\/v2\/pages\/20965\/revisions\/25968"}],"up":[{"embeddable":true,"href":"https:\/\/www.electroluxprofessional.com\/es\/wp-json\/wp\/v2\/pages\/3874"}],"wp:featuredmedia":[{"embeddable":true,"href":"https:\/\/www.electroluxprofessional.com\/es\/wp-json\/wp\/v2\/media\/1276"}],"wp:attachment":[{"href":"https:\/\/www.electroluxprofessional.com\/es\/wp-json\/wp\/v2\/media?parent=20965"}],"curies":[{"name":"wp","href":"https:\/\/api.w.org\/{rel}","templated":true}]}}