{"id":20606,"date":"2024-11-14T12:25:38","date_gmt":"2024-11-14T12:25:38","guid":{"rendered":"https:\/\/www.electroluxprofessional.com\/es\/?page_id=20606"},"modified":"2026-03-29T16:32:22","modified_gmt":"2026-03-29T16:32:22","slug":"zero-waste","status":"publish","type":"page","link":"https:\/\/www.electroluxprofessional.com\/es\/zero-waste\/","title":{"rendered":"Zero Waste"},"content":{"rendered":"<p>[vc_row full_width=&#8221;electroluxpro-full-width-no-padding&#8221;][vc_column][elx_image_block background_image=&#8221;20592&#8243; minimum_height=&#8221;400px&#8221;][vc_empty_space][\/vc_column][\/vc_row][vc_row][vc_column][elx_text_image tag_title=&#8221;h1&#8243; class_title=&#8221;h1&#8243; style_image=&#8221;image_vertical&#8221; bg_row=&#8221;bg-download-white&#8221; lists=&#8221;%5B%7B%7D%5D&#8221; values=&#8221;%5B%7B%22tag_icon_title%22%3A%22h4%22%7D%5D&#8221; single_image=&#8221;20593&#8243; title=&#8221;Zero Waste: donde t\u00fa ves desperdicios, nosotros vemos futuro&#8221;]<\/p>\n<h1><strong>Zero Waste: <\/strong><strong>donde t\u00fa ves desperdicios, nosotros vemos futuro<\/strong><\/h1>\n<p>&nbsp;<\/p>\n<p>El <strong>desperdicio de alimentos<\/strong> es un problema global que afecta a muchas empresas en todo el mundo.<br \/>\nRestaurantes, comedores colectivos y supermercados manejan <strong>grandes cantidades de productos frescos que a menudo se desechan <\/strong>en cuanto alcanzan la fecha de caducidad.<\/p>\n<p>En Electrolux Professional nos planteamos <strong>c\u00f3mo realizar un cambio positivo.<\/strong> A nuestros chefs les pareci\u00f3 una oportunidad innovar con recetas que aprovechen esos ingredientes que a\u00fan est\u00e1n en perfectas condiciones.<\/p>\n<p>As\u00ed surgi\u00f3 el programa <strong>Zero Waste<\/strong>, cuyo objetivo es demostrar que se puede <strong>crear un atractivo men\u00fa gourmet<\/strong> incluso a partir de los ingredientes m\u00e1s humildes y baratos que, con frecuencia, acaban en la basura.<\/p>\n<p><strong>\u00danete a nosotros para marcar una gran diferencia.<\/strong><strong> Adopta la iniciativa Zero Waste y cambia la manera de tratar los alimentos en tu negocio.<\/strong>[\/elx_text_image][elx_o2000_contact_us b=&#8221;food&#8221; button_mode=&#8221;true&#8221; button_style=&#8221;secondary-bordered&#8221; postion_button=&#8221;text-left&#8221; postion_button_mobile=&#8221;text-left-mobile&#8221; text_btn_contact=&#8221;Cont\u00e1ctanos&#8221;][\/vc_column][\/vc_row][vc_row][vc_column][vc_empty_space height=&#8221;60px&#8221;][elx_multiple_columns number_columns=&#8221;3&#8243; bg_row=&#8221;bg-download-white&#8221; values=&#8221;%5B%7B%22image_section%22%3A%2220602%22%2C%22title_section%22%3A%22Selecciona%20los%20ingredientes%22%2C%22text_section%22%3A%22Antes%20de%20desechar%20nada%2C%20comprueba%20qu%C3%A9%20ingredientes%20son%20a%C3%BAn%20aprovechables%2C%20pero%20ya%20no%20se%20pueden%20vender%20o%20servir%20en%20su%20estado%20actual.%22%2C%22button_style%22%3A%22primary%22%7D%2C%7B%22image_section%22%3A%2220603%22%2C%22title_section%22%3A%22Consulta%20la%20receta%22%2C%22text_section%22%3A%22Accede%20a%20la%20receta%20directamente%20desde%20el%20panel%20de%20control%20de%20tu%20horno%20Combi%20SkyLine.%22%2C%22button_style%22%3A%22primary%22%7D%2C%7B%22image_section%22%3A%2220604%22%2C%22title_section%22%3A%22Empieza%20a%20cocinar%22%2C%22text_section%22%3A%22Gracias%20a%20la%20integraci%C3%B3n%20de%20Zero%20Waste%20en%20nuestra%20soluci%C3%B3n%20SkyLine%20Cook%26Chill%2C%20el%20programa%20ajusta%20autom%C3%A1ticamente%20los%20valores%20%C3%B3ptimos%20y%20el%20tiempo%20de%20la%20receta%20elegida.%22%2C%22button_style%22%3A%22primary%22%7D%2C%7B%22image_section%22%3A%2220605%22%2C%22title_section%22%3A%22Reaprovecha%22%2C%22text_section%22%3A%22Cubre%20o%20sirve%20los%20platos%20preparados%20con%20ingredientes%20recuperados%20gracias%20al%20programa%20Zero%20Waste.%22%2C%22button_style%22%3A%22primary%22%7D%5D&#8221; title=&#8221;C\u00f3mo trabajar con Zero Waste&#8221;]Este programa <strong>ayuda a las empresas a obtener una rentabilidad considerable<\/strong>, pero tambi\u00e9n <strong>reduce su impacto medioambiental.<\/strong><\/p>\n<p>Nuestros <b>chefs<\/b> est\u00e1n a la disposici\u00f3n de nuestros clientes para ayudarles a encontrar soluciones a medida con el <b>objetivo de reducir desperdicios<\/b>.[\/elx_multiple_columns][vc_empty_space][\/vc_column][\/vc_row][vc_row disable_element=&#8221;yes&#8221;][vc_column][vc_tta_tabs active_section=&#8221;1&#8243;][vc_tta_section title=&#8221;Plumcake de pl\u00e1tano&#8221; tab_id=&#8221;1727106018841-6e4418a2-d711&#8243;][vc_empty_space height=&#8221;50px&#8221;][elx_text_image style_image=&#8221;image_square&#8221; button_style=&#8221;secondary-bordered&#8221; bg_row=&#8221;bg-download-white&#8221; lists=&#8221;%5B%7B%7D%5D&#8221; single_image=&#8221;20594&#8243; values=&#8221;%5B%7B%7D%5D&#8221; link=&#8221;url:https%3A%2F%2Fwww.electroluxprofessional.com%2Fes%2F%2Fcommercial-kitchen-equipment%2Fzero-waste%2Fzero-waste-banana-cranberry-bread%2F|title:Open%20the%20recipe|target:_blank&#8221;]<\/p>\n<h2>Plumcake de pl\u00e1tano<\/h2>\n<p>Descubre la receta y empieza a reducir el desperdicio de alimentos hoy mismo.[\/elx_text_image][\/vc_tta_section][vc_tta_section title=&#8221;Galletas de pl\u00e1tano&#8221; tab_id=&#8221;1727106018851-aa18af67-9502&#8243;][vc_empty_space height=&#8221;50px&#8221;][elx_text_image style_image=&#8221;image_square&#8221; button_style=&#8221;secondary-bordered&#8221; bg_row=&#8221;bg-download-white&#8221; lists=&#8221;%5B%7B%7D%5D&#8221; single_image=&#8221;20595&#8243; values=&#8221;%5B%7B%7D%5D&#8221; link=&#8221;url:https%3A%2F%2Fwww.electroluxprofessional.com%2Fes%2F%2Fcommercial-kitchen-equipment%2Fzero-waste%2Fzero-waste-banana-cookies%2F|title:Open%20the%20recipe|target:_blank&#8221;]<\/p>\n<h2>Galletas de pl\u00e1tano<\/h2>\n<p>Descubre la receta y empieza a reducir el desperdicio de alimentos hoy mismo.[\/elx_text_image][\/vc_tta_section][vc_tta_section title=&#8221;Chips de zanahorias&#8221; tab_id=&#8221;1727106083346-ba73d0f8-e849&#8243;][vc_empty_space height=&#8221;50px&#8221;][elx_text_image style_image=&#8221;image_square&#8221; button_style=&#8221;secondary-bordered&#8221; bg_row=&#8221;bg-download-white&#8221; lists=&#8221;%5B%7B%7D%5D&#8221; single_image=&#8221;20596&#8243; values=&#8221;%5B%7B%7D%5D&#8221; link=&#8221;url:https%3A%2F%2Fwww.electroluxprofessional.com%2Fes%2F%2Fcommercial-kitchen-equipment%2Fzero-waste%2Fzero-waste-carrot-chips%2F|title:Open%20the%20recipe|target:_blank&#8221;]<\/p>\n<h2>Chips de zanahorias<\/h2>\n<p>Descubre la receta y empieza a reducir el desperdicio de alimentos hoy mismo.[\/elx_text_image][\/vc_tta_section][vc_tta_section title=&#8221;Yogur de zanahoria&#8221; tab_id=&#8221;1727106416267-ecc6333f-cffe&#8221;][vc_empty_space height=&#8221;50px&#8221;][elx_text_image style_image=&#8221;image_square&#8221; bg_row=&#8221;bg-download-white&#8221; lists=&#8221;%5B%7B%7D%5D&#8221; single_image=&#8221;20597&#8243; values=&#8221;%5B%7B%7D%5D&#8221; link=&#8221;url:https%3A%2F%2Fwww.electroluxprofessional.com%2Fes%2F%2Fcommercial-kitchen-equipment%2Fzero-waste%2Fzero-waste-carrot-yoghurt%2F|title:Open%20the%20recipe|target:_blank&#8221;]<\/p>\n<h2>Yogur de zanahoria<\/h2>\n<p>Descubre la receta y empieza a reducir el desperdicio de alimentos hoy mismo.[\/elx_text_image][\/vc_tta_section][vc_tta_section title=&#8221;Brownie de berenjena&#8221; tab_id=&#8221;1727106431904-bd9085e4-1ac8&#8243;][vc_empty_space height=&#8221;50px&#8221;][elx_text_image style_image=&#8221;image_square&#8221; button_style=&#8221;secondary-bordered&#8221; bg_row=&#8221;bg-download-white&#8221; lists=&#8221;%5B%7B%7D%5D&#8221; single_image=&#8221;20598&#8243; values=&#8221;%5B%7B%7D%5D&#8221; link=&#8221;url:https%3A%2F%2Fwww.electroluxprofessional.com%2Fes%2F%2Fcommercial-kitchen-equipment%2Fzero-waste%2Fzero-waste-eggplant-brownies%2F|title:Open%20the%20recipe|target:_blank&#8221;]<\/p>\n<h2>Brownie de berenjena<\/h2>\n<p>Descubre la receta y empieza a reducir el desperdicio de alimentos hoy mismo.[\/elx_text_image][\/vc_tta_section][vc_tta_section title=&#8221;Sopa de zanahoria&#8221; tab_id=&#8221;1727106450402-8c7aa73d-7794&#8243;][vc_empty_space height=&#8221;50px&#8221;][elx_text_image style_image=&#8221;image_square&#8221; button_style=&#8221;secondary-bordered&#8221; bg_row=&#8221;bg-download-white&#8221; lists=&#8221;%5B%7B%7D%5D&#8221; single_image=&#8221;20599&#8243; values=&#8221;%5B%7B%7D%5D&#8221; link=&#8221;url:https%3A%2F%2Fwww.electroluxprofessional.com%2Fes%2F%2Fcommercial-kitchen-equipment%2Fzero-waste%2Fzero-waste-thai-carrot-soup%2F|title:Open%20the%20recipe|target:_blank&#8221;]<\/p>\n<h2>Sopa de zanahoria<\/h2>\n<p>Descubre la receta y empieza a reducir el desperdicio de alimentos hoy mismo.[\/elx_text_image][\/vc_tta_section][vc_tta_section title=&#8221;Caldo de restos en polvo&#8221; tab_id=&#8221;1727106465259-ac58caaf-37c3&#8243;][vc_empty_space height=&#8221;50px&#8221;][elx_text_image style_image=&#8221;image_square&#8221; bg_row=&#8221;bg-download-white&#8221; lists=&#8221;%5B%7B%7D%5D&#8221; single_image=&#8221;20600&#8243; values=&#8221;%5B%7B%7D%5D&#8221; link=&#8221;url:https%3A%2F%2Fwww.electroluxprofessional.com%2Fes%2F%2Fcommercial-kitchen-equipment%2Fzero-waste%2Fzero-waste-vegetable-stock-powder%2F|title:Open%20the%20recipe|target:_blank&#8221;]<\/p>\n<h2>Caldo de restos en polvo<\/h2>\n<p>Descubre la receta y empieza a reducir el desperdicio de alimentos hoy mismo.[\/elx_text_image][\/vc_tta_section][\/vc_tta_tabs][\/vc_column][\/vc_row][vc_row][vc_column][vc_empty_space][\/vc_column][\/vc_row][vc_row css=&#8221;.vc_custom_1744193276669{background-color: #c4d69a !important;}&#8221;][vc_column][elx_features_download title=&#8221;&#8221; title_position=&#8221;top&#8221; bg_row=&#8221;bg-row-sustainability-green&#8221; values=&#8221;%5B%7B%22select_type%22%3A%22link%22%7D%5D&#8221; discover=&#8221;%5B%7B%7D%5D&#8221; features=&#8221;%5B%7B%22icon_electroluxpro%22%3A%22elx-icon%20icon-circle-green-blue%22%2C%22title_icon%22%3A%22La%20importancia%20de%20la%20sostenibilidad%20para%20nuestros%20clientes%22%2C%22text_icon%22%3A%22Desde%20hace%20unos%20a%C3%B1os%2C%20los%20%3Cb%3Econsumidores%3C%2Fb%3E%20se%20interesan%20m%C3%A1s%20por%20la%20salud%20y%20por%20lo%20que%20comen%2C%20y%20est%C3%A1n%20%3Cb%3Ecada%20vez%20m%C3%A1s%20preocupados%20por%20problemas%20como%20el%20desperdicio%20de%20alimentos%20y%20la%20sostenibilidad%3C%2Fb%3E.%20Ese%20inter%C3%A9s%20abarca%20desde%20el%20%C3%A1mbito%20privado%20hasta%20restaurantes%2C%20comedores%20escolares%20y%20de%20empresa.%20El%20programa%20%3Cb%3EZero%20Waste%3C%2Fb%3E%20puede%20ser%20un%20valioso%20recurso%20comunicativo%20para%20%3Cb%3Eatraer%20a%20ese%20p%C3%BAblico%20con%20conciencia%20medioambiental%3C%2Fb%3E.%22%7D%5D&#8221;][\/elx_features_download][\/vc_column][\/vc_row][vc_row][vc_column][vc_empty_space][elx_text_image style_image=&#8221;image_vertical&#8221; bg_row=&#8221;bg-download-white&#8221; lists=&#8221;%5B%7B%22title_list%22%3A%22%20%22%7D%2C%7B%22icon_electroluxpro%22%3A%22elx-icon%20icon-circle-checkmark-blue%22%2C%22title_list%22%3A%22Acceso%20directo%22%2C%22text_list%22%3A%22El%20icono%20de%20Zero%20Waste%20del%20panel%20de%20control%20del%20horno%20Combi%20SkyLine%20y%20del%20abatidor%20SkyLine%20te%20proporciona%20acceso%20inmediato.%22%7D%2C%7B%22icon_electroluxpro%22%3A%22elx-icon%20icon-circle-checkmark-blue%22%2C%22title_list%22%3A%22Par%C3%A1metros%20integrados%22%2C%22text_list%22%3A%22Con%20nuestra%20soluci%C3%B3n%20SkyLine%20Cook%26Chill%20no%20hay%20que%20ajustar%20a%20mano%20los%20par%C3%A1metros%20de%20las%20recetas%20de%20Zero%20Waste.%20Tras%20seleccionar%20la%20receta%2C%20el%20horno%20y%20el%20abatidor%20ajustan%20autom%C3%A1ticamente%20las%20temperaturas%2C%20los%20m%C3%A9todos%20de%20cocci%C3%B3n%20y%20el%20tiempo.%22%7D%2C%7B%22icon_electroluxpro%22%3A%22elx-icon%20icon-circle-checkmark-blue%22%2C%22title_list%22%3A%22Comunicaci%C3%B3n%20mediante%20SkyDuo%22%2C%22text_list%22%3A%22Los%20hornos%20Combi%20y%20los%20abatidores%20SkyLine%20est%C3%A1n%20interconectados%3A%20el%20horno%20avisa%20al%20abatidor%20cu%C3%A1ndo%20debe%20prepararse%20para%20enfriar%2C%20lo%20que%20asegura%20un%20proceso%20culinario%20fluido.%22%7D%5D&#8221; values=&#8221;%5B%7B%7D%5D&#8221; single_image=&#8221;20601&#8243; title=&#8221;Saca el m\u00e1ximo partido a Zero Waste con SkyLine Cook&amp;Chill&#8221;]Todas las recetas de Zero Waste est\u00e1n integradas en nuestra soluci\u00f3n SkyLine Cook&amp;Chill, para que puedas acceder a ellas enseguida y cocinarlas f\u00e1cilmente. Disfruta de todas las ventajas que te aporta una cocina Electrolux Professional.[\/elx_text_image][\/vc_column][\/vc_row][vc_row][vc_column width=&#8221;2\/3&#8243;][vc_empty_space][\/vc_column][vc_column width=&#8221;1\/3&#8243;][elx_button button_text=&#8221;Descubre nuestra gama Cook &amp; Chill&#8221; button_link=&#8221;url:https%3A%2F%2Fwww.electroluxprofessional.com%2Fes%2F%2Fcommercial-kitchen-equipment%2Fcook-and-chill%2F&#8221;][\/vc_column][\/vc_row][vc_row][vc_column][vc_empty_space height=&#8221;50px&#8221;][elx_heading text_color=&#8221;inherit&#8221; text_align=&#8221;text-center&#8221;]Escr\u00edbenos para obtener m\u00e1s informaci\u00f3n<br \/>\nsobre Zero Waste[\/elx_heading][vc_empty_space][elx_o2000_contact_us b=&#8221;food&#8221;][\/vc_column][\/vc_row]<\/p>\n","protected":false},"excerpt":{"rendered":"<p>[vc_row full_width=&#8221;electroluxpro-full-width-no-padding&#8221;][vc_column][elx_image_block background_image=&#8221;20592&#8243; minimum_height=&#8221;400px&#8221;][vc_empty_space][\/vc_column][\/vc_row][vc_row][vc_column][elx_text_image tag_title=&#8221;h1&#8243; class_title=&#8221;h1&#8243; style_image=&#8221;image_vertical&#8221; bg_row=&#8221;bg-download-white&#8221; lists=&#8221;%5B%7B%7D%5D&#8221; values=&#8221;%5B%7B%22tag_icon_title%22%3A%22h4%22%7D%5D&#8221; single_image=&#8221;20593&#8243; title=&#8221;Zero Waste: donde t\u00fa ves desperdicios, nosotros vemos futuro&#8221;] Zero Waste: donde t\u00fa ves desperdicios, nosotros vemos futuro &nbsp; El desperdicio de alimentos es un problema global que afecta a muchas empresas en todo el mundo. Restaurantes, comedores colectivos y supermercados manejan grandes cantidades [&hellip;]<\/p>\n","protected":false},"author":21,"featured_media":20591,"parent":0,"menu_order":0,"comment_status":"closed","ping_status":"closed","template":"","meta":{"footnotes":""},"class_list":["post-20606","page","type-page","status-publish","has-post-thumbnail","hentry"],"acf":[],"yoast_head":"<!-- This site is optimized with the Yoast SEO plugin v23.4 - https:\/\/yoast.com\/wordpress\/plugins\/seo\/ -->\n<title>Zero waste | Electrolux Professional<\/title>\n<meta name=\"description\" content=\"Descubre el programa Zero Waste de Electrolux Professional, una soluci\u00f3n innovadora para reducir el desperdicio de alimentos en restaurantes, comedores y supermercados. Aprende a transformar los ingredientes sobrantes en platos gourmet a la vez que impactas positivamente en tu negocio y en el medio ambiente\" \/>\n<meta name=\"robots\" content=\"index, follow, max-snippet:-1, max-image-preview:large, max-video-preview:-1\" \/>\n<link rel=\"canonical\" href=\"https:\/\/www.electroluxprofessional.com\/es\/zero-waste\/\" \/>\n<meta property=\"og:locale\" content=\"es_ES\" \/>\n<meta property=\"og:type\" content=\"article\" \/>\n<meta property=\"og:title\" content=\"Zero waste | Electrolux Professional\" \/>\n<meta property=\"og:description\" content=\"Descubre el programa Zero Waste de Electrolux Professional, una soluci\u00f3n innovadora para reducir el desperdicio de alimentos en restaurantes, comedores y supermercados. Aprende a transformar los ingredientes sobrantes en platos gourmet a la vez que impactas positivamente en tu negocio y en el medio ambiente\" \/>\n<meta property=\"og:url\" content=\"https:\/\/www.electroluxprofessional.com\/es\/zero-waste\/\" \/>\n<meta property=\"og:site_name\" content=\"Electrolux Professional Espa\u00f1a\" \/>\n<meta property=\"article:modified_time\" content=\"2026-03-29T16:32:22+00:00\" \/>\n<meta property=\"og:image\" content=\"https:\/\/www.electroluxprofessional.com\/es\/wp-content\/uploads\/2024\/11\/Zero-Waste-600x600-1.jpg\" \/>\n\t<meta property=\"og:image:width\" content=\"600\" \/>\n\t<meta property=\"og:image:height\" content=\"600\" \/>\n\t<meta property=\"og:image:type\" content=\"image\/jpeg\" \/>\n<meta name=\"twitter:card\" content=\"summary_large_image\" \/>\n<meta name=\"twitter:label1\" content=\"Tiempo de lectura\" \/>\n\t<meta name=\"twitter:data1\" content=\"5 minutos\" \/>\n<script type=\"application\/ld+json\" class=\"yoast-schema-graph\">{\"@context\":\"https:\/\/schema.org\",\"@graph\":[{\"@type\":\"WebPage\",\"@id\":\"https:\/\/www.electroluxprofessional.com\/es\/zero-waste\/\",\"url\":\"https:\/\/www.electroluxprofessional.com\/es\/zero-waste\/\",\"name\":\"Zero waste | Electrolux Professional\",\"isPartOf\":{\"@id\":\"https:\/\/www.electroluxprofessional.com\/es\/#website\"},\"primaryImageOfPage\":{\"@id\":\"https:\/\/www.electroluxprofessional.com\/es\/zero-waste\/#primaryimage\"},\"image\":{\"@id\":\"https:\/\/www.electroluxprofessional.com\/es\/zero-waste\/#primaryimage\"},\"thumbnailUrl\":\"https:\/\/www.electroluxprofessional.com\/es\/wp-content\/uploads\/2024\/11\/Zero-Waste-600x600-1.jpg\",\"datePublished\":\"2024-11-14T12:25:38+00:00\",\"dateModified\":\"2026-03-29T16:32:22+00:00\",\"description\":\"Descubre el programa Zero Waste de Electrolux Professional, una soluci\u00f3n innovadora para reducir el desperdicio de alimentos en restaurantes, comedores y supermercados. Aprende a transformar los ingredientes sobrantes en platos gourmet a la vez que impactas positivamente en tu negocio y en el medio ambiente\",\"breadcrumb\":{\"@id\":\"https:\/\/www.electroluxprofessional.com\/es\/zero-waste\/#breadcrumb\"},\"inLanguage\":\"es\",\"potentialAction\":[{\"@type\":\"ReadAction\",\"target\":[\"https:\/\/www.electroluxprofessional.com\/es\/zero-waste\/\"]}]},{\"@type\":\"ImageObject\",\"inLanguage\":\"es\",\"@id\":\"https:\/\/www.electroluxprofessional.com\/es\/zero-waste\/#primaryimage\",\"url\":\"https:\/\/www.electroluxprofessional.com\/es\/wp-content\/uploads\/2024\/11\/Zero-Waste-600x600-1.jpg\",\"contentUrl\":\"https:\/\/www.electroluxprofessional.com\/es\/wp-content\/uploads\/2024\/11\/Zero-Waste-600x600-1.jpg\",\"width\":600,\"height\":600},{\"@type\":\"BreadcrumbList\",\"@id\":\"https:\/\/www.electroluxprofessional.com\/es\/zero-waste\/#breadcrumb\",\"itemListElement\":[{\"@type\":\"ListItem\",\"position\":1,\"name\":\"Home\",\"item\":\"https:\/\/www.electroluxprofessional.com\/es\/\"},{\"@type\":\"ListItem\",\"position\":2,\"name\":\"Zero Waste\"}]},{\"@type\":\"WebSite\",\"@id\":\"https:\/\/www.electroluxprofessional.com\/es\/#website\",\"url\":\"https:\/\/www.electroluxprofessional.com\/es\/\",\"name\":\"Electrolux Professional Espa\u00f1a\",\"description\":\"Equipamiento cocinas profesionales y lavander\u00edas comerciales. Excelencia en el suministro de soluciones profesionales.\",\"potentialAction\":[{\"@type\":\"SearchAction\",\"target\":{\"@type\":\"EntryPoint\",\"urlTemplate\":\"https:\/\/www.electroluxprofessional.com\/es\/?src={search_term_string}\"},\"query-input\":{\"@type\":\"PropertyValueSpecification\",\"valueRequired\":true,\"valueName\":\"search_term_string\"}}],\"inLanguage\":\"es\"}]}<\/script>\n<!-- \/ Yoast SEO plugin. -->","yoast_head_json":{"title":"Zero waste | Electrolux Professional","description":"Descubre el programa Zero Waste de Electrolux Professional, una soluci\u00f3n innovadora para reducir el desperdicio de alimentos en restaurantes, comedores y supermercados. Aprende a transformar los ingredientes sobrantes en platos gourmet a la vez que impactas positivamente en tu negocio y en el medio ambiente","robots":{"index":"index","follow":"follow","max-snippet":"max-snippet:-1","max-image-preview":"max-image-preview:large","max-video-preview":"max-video-preview:-1"},"canonical":"https:\/\/www.electroluxprofessional.com\/es\/zero-waste\/","og_locale":"es_ES","og_type":"article","og_title":"Zero waste | Electrolux Professional","og_description":"Descubre el programa Zero Waste de Electrolux Professional, una soluci\u00f3n innovadora para reducir el desperdicio de alimentos en restaurantes, comedores y supermercados. Aprende a transformar los ingredientes sobrantes en platos gourmet a la vez que impactas positivamente en tu negocio y en el medio ambiente","og_url":"https:\/\/www.electroluxprofessional.com\/es\/zero-waste\/","og_site_name":"Electrolux Professional Espa\u00f1a","article_modified_time":"2026-03-29T16:32:22+00:00","og_image":[{"width":600,"height":600,"url":"https:\/\/www.electroluxprofessional.com\/es\/wp-content\/uploads\/2024\/11\/Zero-Waste-600x600-1.jpg","type":"image\/jpeg"}],"twitter_card":"summary_large_image","twitter_misc":{"Tiempo de lectura":"5 minutos"},"schema":{"@context":"https:\/\/schema.org","@graph":[{"@type":"WebPage","@id":"https:\/\/www.electroluxprofessional.com\/es\/zero-waste\/","url":"https:\/\/www.electroluxprofessional.com\/es\/zero-waste\/","name":"Zero waste | Electrolux Professional","isPartOf":{"@id":"https:\/\/www.electroluxprofessional.com\/es\/#website"},"primaryImageOfPage":{"@id":"https:\/\/www.electroluxprofessional.com\/es\/zero-waste\/#primaryimage"},"image":{"@id":"https:\/\/www.electroluxprofessional.com\/es\/zero-waste\/#primaryimage"},"thumbnailUrl":"https:\/\/www.electroluxprofessional.com\/es\/wp-content\/uploads\/2024\/11\/Zero-Waste-600x600-1.jpg","datePublished":"2024-11-14T12:25:38+00:00","dateModified":"2026-03-29T16:32:22+00:00","description":"Descubre el programa Zero Waste de Electrolux Professional, una soluci\u00f3n innovadora para reducir el desperdicio de alimentos en restaurantes, comedores y supermercados. Aprende a transformar los ingredientes sobrantes en platos gourmet a la vez que impactas positivamente en tu negocio y en el medio ambiente","breadcrumb":{"@id":"https:\/\/www.electroluxprofessional.com\/es\/zero-waste\/#breadcrumb"},"inLanguage":"es","potentialAction":[{"@type":"ReadAction","target":["https:\/\/www.electroluxprofessional.com\/es\/zero-waste\/"]}]},{"@type":"ImageObject","inLanguage":"es","@id":"https:\/\/www.electroluxprofessional.com\/es\/zero-waste\/#primaryimage","url":"https:\/\/www.electroluxprofessional.com\/es\/wp-content\/uploads\/2024\/11\/Zero-Waste-600x600-1.jpg","contentUrl":"https:\/\/www.electroluxprofessional.com\/es\/wp-content\/uploads\/2024\/11\/Zero-Waste-600x600-1.jpg","width":600,"height":600},{"@type":"BreadcrumbList","@id":"https:\/\/www.electroluxprofessional.com\/es\/zero-waste\/#breadcrumb","itemListElement":[{"@type":"ListItem","position":1,"name":"Home","item":"https:\/\/www.electroluxprofessional.com\/es\/"},{"@type":"ListItem","position":2,"name":"Zero Waste"}]},{"@type":"WebSite","@id":"https:\/\/www.electroluxprofessional.com\/es\/#website","url":"https:\/\/www.electroluxprofessional.com\/es\/","name":"Electrolux Professional Espa\u00f1a","description":"Equipamiento cocinas profesionales y lavander\u00edas comerciales. Excelencia en el suministro de soluciones profesionales.","potentialAction":[{"@type":"SearchAction","target":{"@type":"EntryPoint","urlTemplate":"https:\/\/www.electroluxprofessional.com\/es\/?src={search_term_string}"},"query-input":{"@type":"PropertyValueSpecification","valueRequired":true,"valueName":"search_term_string"}}],"inLanguage":"es"}]}},"_links":{"self":[{"href":"https:\/\/www.electroluxprofessional.com\/es\/wp-json\/wp\/v2\/pages\/20606"}],"collection":[{"href":"https:\/\/www.electroluxprofessional.com\/es\/wp-json\/wp\/v2\/pages"}],"about":[{"href":"https:\/\/www.electroluxprofessional.com\/es\/wp-json\/wp\/v2\/types\/page"}],"author":[{"embeddable":true,"href":"https:\/\/www.electroluxprofessional.com\/es\/wp-json\/wp\/v2\/users\/21"}],"replies":[{"embeddable":true,"href":"https:\/\/www.electroluxprofessional.com\/es\/wp-json\/wp\/v2\/comments?post=20606"}],"version-history":[{"count":4,"href":"https:\/\/www.electroluxprofessional.com\/es\/wp-json\/wp\/v2\/pages\/20606\/revisions"}],"predecessor-version":[{"id":26048,"href":"https:\/\/www.electroluxprofessional.com\/es\/wp-json\/wp\/v2\/pages\/20606\/revisions\/26048"}],"wp:featuredmedia":[{"embeddable":true,"href":"https:\/\/www.electroluxprofessional.com\/es\/wp-json\/wp\/v2\/media\/20591"}],"wp:attachment":[{"href":"https:\/\/www.electroluxprofessional.com\/es\/wp-json\/wp\/v2\/media?parent=20606"}],"curies":[{"name":"wp","href":"https:\/\/api.w.org\/{rel}","templated":true}]}}