{"id":20328,"date":"2024-09-19T10:14:56","date_gmt":"2024-09-19T10:14:56","guid":{"rendered":"https:\/\/www.electroluxprofessional.com\/es\/?page_id=20328"},"modified":"2026-04-01T10:00:08","modified_gmt":"2026-04-01T10:00:08","slug":"lavavajillas-bajomostrador-greenclean","status":"publish","type":"page","link":"https:\/\/www.electroluxprofessional.com\/es\/equipamiento-cocinas-profesionales\/lavado-de-vajilla-comercial\/lavavajillas-bajomostrador-greenclean\/","title":{"rendered":"Lavavajillas Bajomostrador green&#038;clean"},"content":{"rendered":"<p>[vc_row full_width=&#8221;electroluxpro-full-width-no-padding&#8221;][vc_column][elx_image_block background_image=&#8221;20317&#8243; minimum_height=&#8221;400px&#8221;][vc_empty_space][\/vc_column][\/vc_row][vc_row][vc_column][elx_text_image tag_title=&#8221;h1&#8243; style_image=&#8221;image_square&#8221; bg_row=&#8221;bg-download-white&#8221; title=&#8221;Lavavajillas Bajomostrador green&amp;clean:<br \/>\nfiables, f\u00e1ciles y seguros&#8221; lists=&#8221;%5B%7B%7D%5D&#8221; values=&#8221;%5B%7B%7D%5D&#8221; single_image=&#8221;20320&#8243;]Los nuevos Lavavajillas Bajomostrador green&amp;clean son soluciones modernas dise\u00f1adas para bares, pubs, cafeter\u00edas, peque\u00f1os restaurantes y QSR&#8217;s, que tienen muy en cuenta el dise\u00f1o y el ahorro sin comprometer el rendimiento.[\/elx_text_image][elx_o2000_contact_us b=&#8221;food&#8221; button_mode=&#8221;true&#8221; button_style=&#8221;secondary-bordered&#8221; postion_button=&#8221;text-left&#8221; postion_button_mobile=&#8221;text-left-mobile&#8221; text_btn_contact=&#8221;CONT\u00c1CTANOS&#8221;][vc_empty_space][\/vc_column][\/vc_row][vc_row custom_color_row=&#8221;bg-row-light-blue&#8221;][vc_column][elx_features_download title=&#8221;La soluci\u00f3n ideal para un alto rendimiento y bajos costes de funcionamiento&#8221; tag_title=&#8221;h2&#8243; class_title=&#8221;h1&#8243; title_download=&#8221;Descargar&#8221; title_discover=&#8221;Descubre&#8221; bg_discover_color=&#8221;bg-download-white&#8221; link_discover_color=&#8221;download-text-blue&#8221; title_position=&#8221;top&#8221; bg_row=&#8221;bg-row-light-blue&#8221; values=&#8221;%5B%7B%22select_type%22%3A%22pride%22%2C%22label_pride_document%22%3A%22Cat%C3%A1logo%20Lavavasos%20y%20Lavavajillas%20Bajomostrador%20green%26clean%20%22%2C%22document_type%22%3A%22brochures%22%2C%22br_document_number%22%3A%22BR-9JE00171%22%7D%5D&#8221; discover=&#8221;%5B%7B%22link_discover%22%3A%22url%3Ahttps%253A%252F%252Fwww.electroluxprofessional.com%252Fes%252Flavavajillas-bajomostrador-neoblue-touch%252F%7Ctitle%3ABajomostrador%2520NeoBlue%2520Touch%7Ctarget%3A_blank%22%7D%2C%7B%22link_discover%22%3A%22url%3Ahttps%253A%252F%252Fwww.electroluxprofessional.com%252Fcommercial-kitchen-equipment%252Fcommercial-dishwasher%252Fneoblue-touch-undercounter-dishwasher%252F%7Ctitle%3ALavavasos%2520NeoBlue%7Ctarget%3A_blank%22%7D%2C%7B%22link_discover%22%3A%22url%3A%2523%7Ctitle%3AAccessorios%7Ctarget%3A_blank%22%7D%5D&#8221; features=&#8221;%5B%7B%22icon_electroluxpro%22%3A%22elx-icon%20icon-circle-clean-blue%22%2C%22title_icon%22%3A%22Excelente%20rendimiento%20de%20lavado%20y%20aclarado%22%2C%22tag_icon_title%22%3A%22h4%22%2C%22text_icon%22%3A%22Eliminaci%C3%B3n%20total%20del%20detergente%20y%20m%C3%A1ximo%20rendimiento%20gracias%20al%20doble%20brazo%20superior%20e%20inferior%20de%20lavado%20y%20aclarado.%22%7D%2C%7B%22icon_electroluxpro%22%3A%22elx-icon%20icon-circle-safe-blue%22%2C%22title_icon%22%3A%22Saneamiento%20garantizado%22%2C%22tag_icon_title%22%3A%22h4%22%2C%22text_icon%22%3A%22Higiene%20superior%20y%20resultados%20de%20aclarado%20%C3%B3ptimos%20con%20Wash-Safe%20Control%20que%20garantiza%20una%20%3Cb%3Etemperatura%20de%20aclarado%20constante%20de%2084%20%C2%B0C%3C%2Fb%3E.%22%7D%2C%7B%22icon_electroluxpro%22%3A%22elx-icon%20icon-circle-easy-blue%22%2C%22title_icon%22%3A%22Ergonom%C3%ADa%20Sencilla%22%2C%22tag_icon_title%22%3A%22h4%22%2C%22text_icon%22%3A%22Puerta%20de%20contrapeso%20segura%20y%20ergon%C3%B3mica%20para%20una%20apertura%20y%20cierre%20suaves%20con%20un%20asa%20de%20f%C3%A1cil%20agarre.%22%7D%5D&#8221;][\/elx_features_download][vc_empty_space][\/vc_column][\/vc_row][vc_row css=&#8221;.vc_custom_1744193284954{background-color: #c4d69a !important;}&#8221;][vc_column][elx_features_download title=&#8221;&#8221; title_download=&#8221;Descargar&#8221; title_discover=&#8221;Descubre&#8221; title_position=&#8221;top&#8221; bg_row=&#8221;bg-row-sustainability-green&#8221; values=&#8221;%5B%7B%22select_type%22%3A%22link%22%7D%5D&#8221; discover=&#8221;%5B%7B%7D%5D&#8221; features=&#8221;%5B%7B%22icon_electroluxpro%22%3A%22elx-icon%20icon-circle-savings-green-blue%22%2C%22title_icon%22%3A%22Menos%20consumos%22%2C%22text_icon%22%3A%22Menor%20consumo%20de%20agua%2C%20energ%C3%ADa%2C%20detergente%20y%20abrillantador%20para%20reducir%20los%20costes%20de%20funcionamiento%20y%20el%20impacto%20medioambiental.%22%7D%5D&#8221;][\/elx_features_download][\/vc_column][\/vc_row][vc_row][vc_column][vc_empty_space][elx_text_image style_image=&#8221;image_vertical&#8221; bg_row=&#8221;bg-download-white&#8221; title=&#8221;Reducir los costes de funcionamiento con un bajo impacto en el medio ambiente&#8221; lists=&#8221;%5B%7B%22icon_electroluxpro%22%3A%22elx-icon%20icon-circle-checkmark-blue%22%2C%22title_list%22%3A%22Ahorro%20excepcional%3A%20730%20euros*%20al%20a%C3%B1o%22%2C%22text_list%22%3A%22Disfruta%20de%20730%E2%82%AC*%20al%20a%C3%B1o%20en%20tu%20bolsillo%20con%20el%20mismo%20rendimiento%20%C3%B3ptimo%20gracias%20al%20ahorro%20de%20agua%2C%20energ%C3%ADa%2C%20detergente%20y%20abrillantador.%22%7D%2C%7B%22icon_electroluxpro%22%3A%22elx-icon%20icon-circle-checkmark-blue%22%2C%22title_list%22%3A%22Bajo%20consumo%20de%20agua%22%2C%22text_list%22%3A%22Se%20necesitan%202%2C5lt%2Fciclo%20de%20agua%20dulce%20para%20el%20aclarado%20independientemente%20de%20las%20condiciones%20de%20entrada%20de%20agua.%22%7D%2C%7B%22icon_electroluxpro%22%3A%22elx-icon%20icon-circle-checkmark-blue%22%2C%22title_list%22%3A%22Bajo%20consumo%20de%20energ%C3%ADa%22%2C%22text_list%22%3A%22Disminuye%20un%2025%25%2C%20ya%20que%20se%20utiliza%20menos%20agua%20para%20el%20aclarado.%22%7D%2C%7B%22icon_electroluxpro%22%3A%22elx-icon%20icon-circle-checkmark-blue%22%2C%22title_list%22%3A%22Menor%20consumo%20de%20detergente%20y%20abrillantador%22%2C%22text_list%22%3A%22Simplemente%20la%20cantidad%20adecuada%20de%20productos%20qu%C3%ADmicos%20para%20cada%20ciclo.%22%7D%5D&#8221; values=&#8221;%5B%7B%7D%5D&#8221; note=&#8221;*El ahorro de costes ha sido calculado por Electrolux Professional Lab, acreditado por Intertek. Comparaci\u00f3n realizada entre el lavavajillas bajomostrador green&amp;clean y un equipo convencional equivalente utilizando 3,5 litros\/ciclo por aclarado, 70 ciclos\/d\u00eda, 300 d\u00edas laborables anuales, agua de entrada a 15 \u00b0C.&#8221; single_image=&#8221;20321&#8243;]Descubre c\u00f3mo los lavavajillas bajomostrador green&amp;clean ofrecen el equilibrio perfecto entre rendimiento \u00f3ptimo y bajos costes de funcionamiento.[\/elx_text_image][vc_empty_space][\/vc_column][\/vc_row][vc_row][vc_column][elx_multiple_columns number_columns=&#8221;4&#8243; bg_row=&#8221;bg-download-white&#8221; title=&#8221;Aligera y facilita las operaciones de trabajo con los lavavajillas bajomostrador green&amp;clean&#8221; values=&#8221;%5B%7B%22image_section%22%3A%2220322%22%2C%22title_section%22%3A%22Aclarado%20perfecto%22%2C%22text_section%22%3A%22Los%20brazos%20de%20lavado%20inclinados*%20y%20la%20pausa%20de%204%20segundos%20tras%20el%20lavado%20y%20antes%20del%20aclarado%20garantizan%20que%20el%20agua%20de%20lavado%20ya%20no%20caiga%20sobre%20la%20vajilla%20limpia%20tras%20el%20ciclo%20de%20aclarado.%22%2C%22note_section%22%3A%22*En%20modelos%20seleccionados.%22%2C%22button_style%22%3A%22secondary%22%7D%2C%7B%22image_section%22%3A%2220323%22%2C%22title_section%22%3A%22Condiciones%20higi%C3%A9nicas%20perfectas%22%2C%22text_section%22%3A%22Las%20bacterias%20encuentran%20su%20condici%C3%B3n%20ideal%20para%20crecer%20en%20un%20entorno%20con%20una%20temperatura%20entre%2020%20y%2060*%20%C2%B0C%20(m%C3%A1x.%2075%20%C2%B0C).%20Wash-Safe%20Control%20elimina%20las%20bacterias%20gracias%20a%20la%20temperatura%20de%20aclarado%20constante%20de%2084%20%C2%B0C.%22%2C%22button_style%22%3A%22secondary%22%7D%2C%7B%22image_section%22%3A%2220324%22%2C%22title_section%22%3A%22Ergonom%C3%ADa%20perfecta%22%2C%22text_section%22%3A%22Olv%C3%ADdate%20del%20trabajo%20duro%20y%20la%20fatiga.%20La%20ligera%20puerta%20contrapesada%20equipada%20con%20muelles%20garantiza%20una%20apertura%20y%20un%20cierre%20suaves%2C%20mientras%20que%20la%20puerta%20y%20el%20armario%20aislados%20de%20doble%20pared*%20garantizan%20un%20entorno%20de%20trabajo%20silencioso%20y%20una%20menor%20dispersi%C3%B3n%20del%20calor.%22%2C%22note_section%22%3A%22*En%20modelos%20seleccionados.%22%2C%22button_style%22%3A%22secondary%22%7D%5D&#8221;][\/elx_multiple_columns][vc_empty_space][\/vc_column][\/vc_row][vc_row][vc_column]<div class=\"elx-accordion \">    <div class=\"elx-accordion-heading\">        <a class=\"elx-accordion-link elx-accordion-open\">            <h4 class=\" elx-accordion-title\">                Accesorios y detergentes                <img decoding=\"async\" src=\"https:\/\/www.electroluxprofessional.com\/es\/wp-content\/themes\/electroluxpro\/assets\/epr-icon-minus-blue.svg\" class=\"elx-minus\" \/>                <img decoding=\"async\" src=\"https:\/\/www.electroluxprofessional.com\/es\/wp-content\/themes\/electroluxpro\/assets\/epr-icon-plus-blue.svg\" class=\"elx-plus elx-hidden\" \/>            <\/h4>        <\/a>    <\/div>    <div class=\"elx-accordion-body elx-accordion-open\"><p>[vc_row_inner][vc_column_inner width=&#8221;1\/2&#8243;][elx_heading font_size=&#8221;h5&#8243; text_color=&#8221;inherit&#8221;]Cestos de uso universal[\/elx_heading][vc_column_text]Elige entre nuestros diferentes tipos de cestos: para platos llanos o cuencos; con inserci\u00f3n de alambre para platos de pizza, tazas o tazas de caf\u00e9; con contenedores para cubiertos; con lado abierto apto para bandejas y mucho m\u00e1s.[\/vc_column_text][vc_empty_space][elx_shop_now button_text=&#8221;COMPRAR AHORA&#8221; button_display_block=&#8221;display_block_on&#8221; button_alignment=&#8221;align_center&#8221; button_link=&#8221;url:https%3A%2F%2Fbuy.electroluxprofessional.com%2Fparts%3Fq%3Dbaskets&#8221;][vc_empty_space][\/vc_column_inner][vc_column_inner width=&#8221;1\/2&#8243;][vc_single_image image=&#8221;20318&#8243; img_size=&#8221;530*285&#8243; css_animation=&#8221;none&#8221;][\/vc_column_inner][\/vc_row_inner][vc_row_inner][vc_column_inner width=&#8221;1\/2&#8243;][vc_single_image image=&#8221;20319&#8243; img_size=&#8221;530*285&#8243; alignment=&#8221;center&#8221; css_animation=&#8221;none&#8221;][\/vc_column_inner][vc_column_inner width=&#8221;1\/2&#8243;][elx_heading font_size=&#8221;h5&#8243; text_color=&#8221;inherit&#8221;]Detergentes l\u00edquidos[\/elx_heading][vc_column_text]Para cristales brillantes, estos detergentes eliminan completamente las gotas y las manchas, dej\u00e1ndolo todo perfectamente seco y limpio. Gracias a una f\u00f3rmula espec\u00edfica evitamos la formaci\u00f3n de cal.[\/vc_column_text][elx_button button_text=&#8221;Lavavajillas comerciales&#8221; button_style=&#8221;icon&#8221; button_link=&#8221;url:https%3A%2F%2Fwww.electroluxprofessional.com%2Fes%2Fequipamiento-cocinas-profesionales%2Flavado-de-vajilla%2F|title:Lavavajillas%20Comerciales&#8221;][vc_empty_space][elx_shop_now button_text=&#8221;COMPRAR AHORA&#8221; button_display_block=&#8221;display_block_on&#8221; button_alignment=&#8221;align_center&#8221; button_link=&#8221;url:https%3A%2F%2Fbuy.electroluxprofessional.com%2Felectrolux-professional%2Fcleaners-detergents%2Fparts|||&#8221;][vc_empty_space][\/vc_column_inner][\/vc_row_inner]<\/p>\n    <\/div><\/div>[\/vc_column][\/vc_row][vc_row][vc_column][vc_empty_space][elx_multiple_columns number_columns=&#8221;4&#8243; bg_row=&#8221;bg-download-white&#8221; title=&#8221;Encuentra tu soluci\u00f3n completa&#8221; values=&#8221;%5B%7B%22image_section%22%3A%2220325%22%2C%22title_section%22%3A%22Bares%20y%20caf%C3%A9s%22%2C%22text_section%22%3A%22Para%20establecimientos%20que%20sirven%20comida%20todo%20el%20d%C3%ADa.%22%2C%22link_section%22%3A%22url%3Ahttps%253A%252F%252Fwww.electroluxprofessional.com%252Fes%252Ftu-negocio%252Fbares-y-cafes%252F%7Ctitle%3AEncuentra%2520la%2520soluci%25C3%25B3n%2520que%2520necesitas%7Ctarget%3A_blank%22%2C%22button_style%22%3A%22secondary-bordered%22%7D%2C%7B%22image_section%22%3A%2220326%22%2C%22title_section%22%3A%22Vinotecas%22%2C%22text_section%22%3A%22Las%20copas%20brillantes%20son%20la%20mejor%20presentaci%C3%B3n%20para%20restaurantes%20y%20vinotecas.%22%2C%22link_section%22%3A%22url%3Ahttps%253A%252F%252Fwww.electroluxprofessional.com%252Fes%252Fequipamiento-cocinas-profesionales%252Fvinotecas%252F%7Ctitle%3ACausa%2520la%2520mejor%2520impresi%25C3%25B3n%7Ctarget%3A_blank%22%2C%22button_style%22%3A%22secondary-bordered%22%7D%2C%7B%22image_section%22%3A%2220327%22%2C%22title_section%22%3A%22Pasteler%C3%ADa%2C%20panader%C3%ADa%20y%20pizza%22%2C%22text_section%22%3A%22Encuentra%20soluciones%20extremadamente%20vers%C3%A1tiles%20para%20todas%20sus%20necesidades.%22%2C%22link_section%22%3A%22url%3Ahttps%253A%252F%252Fwww.electroluxprofessional.com%252Fes%252Flinea-reposteria-panaderia%252F%7Ctitle%3ADESCUBRE%2520NUESTRA%2520GAMA%7Ctarget%3A_blank%22%2C%22button_style%22%3A%22secondary-bordered%22%7D%5D&#8221;][\/elx_multiple_columns][\/vc_column][\/vc_row]<\/p>\n","protected":false},"excerpt":{"rendered":"<p>[vc_row full_width=&#8221;electroluxpro-full-width-no-padding&#8221;][vc_column][elx_image_block background_image=&#8221;20317&#8243; minimum_height=&#8221;400px&#8221;][vc_empty_space][\/vc_column][\/vc_row][vc_row][vc_column][elx_text_image tag_title=&#8221;h1&#8243; style_image=&#8221;image_square&#8221; bg_row=&#8221;bg-download-white&#8221; title=&#8221;Lavavajillas Bajomostrador green&amp;clean: fiables, f\u00e1ciles y seguros&#8221; lists=&#8221;%5B%7B%7D%5D&#8221; values=&#8221;%5B%7B%7D%5D&#8221; single_image=&#8221;20320&#8243;]Los nuevos Lavavajillas Bajomostrador green&amp;clean son soluciones modernas dise\u00f1adas para bares, pubs, cafeter\u00edas, peque\u00f1os restaurantes y QSR&#8217;s, que tienen muy en cuenta el dise\u00f1o y el ahorro sin comprometer el rendimiento.[\/elx_text_image][elx_o2000_contact_us b=&#8221;food&#8221; button_mode=&#8221;true&#8221; button_style=&#8221;secondary-bordered&#8221; postion_button=&#8221;text-left&#8221; postion_button_mobile=&#8221;text-left-mobile&#8221; text_btn_contact=&#8221;CONT\u00c1CTANOS&#8221;][vc_empty_space][\/vc_column][\/vc_row][vc_row custom_color_row=&#8221;bg-row-light-blue&#8221;][vc_column][elx_features_download title=&#8221;La [&hellip;]<\/p>\n","protected":false},"author":21,"featured_media":20316,"parent":22576,"menu_order":0,"comment_status":"closed","ping_status":"closed","template":"","meta":{"footnotes":""},"class_list":["post-20328","page","type-page","status-publish","has-post-thumbnail","hentry"],"acf":[],"yoast_head":"<!-- This site is optimized with the Yoast SEO plugin v23.4 - https:\/\/yoast.com\/wordpress\/plugins\/seo\/ -->\n<title>Lavavajillas Bajomostrador green&amp;clean - Electrolux Professional Espa\u00f1a<\/title>\n<meta name=\"description\" content=\"Descubre nuestra soluci\u00f3n green&amp;clean lavavasos y lavavajillas bajomostrador\" \/>\n<meta name=\"robots\" content=\"index, follow, max-snippet:-1, max-image-preview:large, max-video-preview:-1\" \/>\n<link rel=\"canonical\" href=\"https:\/\/www.electroluxprofessional.com\/es\/equipamiento-cocinas-profesionales\/lavado-de-vajilla-comercial\/lavavajillas-bajomostrador-greenclean\/\" \/>\n<meta property=\"og:locale\" content=\"es_ES\" \/>\n<meta property=\"og:type\" content=\"article\" \/>\n<meta property=\"og:title\" content=\"Lavavajillas Bajomostrador green&amp;clean - Electrolux Professional Espa\u00f1a\" \/>\n<meta property=\"og:description\" content=\"Descubre nuestra soluci\u00f3n green&amp;clean lavavasos y lavavajillas bajomostrador\" \/>\n<meta property=\"og:url\" content=\"https:\/\/www.electroluxprofessional.com\/es\/equipamiento-cocinas-profesionales\/lavado-de-vajilla-comercial\/lavavajillas-bajomostrador-greenclean\/\" \/>\n<meta property=\"og:site_name\" content=\"Electrolux Professional Espa\u00f1a\" \/>\n<meta property=\"article:modified_time\" content=\"2026-04-01T10:00:08+00:00\" \/>\n<meta property=\"og:image\" content=\"https:\/\/www.electroluxprofessional.com\/es\/wp-content\/uploads\/2024\/09\/hero-mobile-dishes.jpg\" \/>\n\t<meta property=\"og:image:width\" content=\"1125\" \/>\n\t<meta property=\"og:image:height\" content=\"1583\" \/>\n\t<meta property=\"og:image:type\" content=\"image\/jpeg\" \/>\n<meta name=\"twitter:card\" content=\"summary_large_image\" \/>\n<meta name=\"twitter:label1\" content=\"Tiempo de lectura\" \/>\n\t<meta name=\"twitter:data1\" content=\"2 minutos\" \/>\n<script type=\"application\/ld+json\" class=\"yoast-schema-graph\">{\"@context\":\"https:\/\/schema.org\",\"@graph\":[{\"@type\":\"WebPage\",\"@id\":\"https:\/\/www.electroluxprofessional.com\/es\/equipamiento-cocinas-profesionales\/lavado-de-vajilla-comercial\/lavavajillas-bajomostrador-greenclean\/\",\"url\":\"https:\/\/www.electroluxprofessional.com\/es\/equipamiento-cocinas-profesionales\/lavado-de-vajilla-comercial\/lavavajillas-bajomostrador-greenclean\/\",\"name\":\"Lavavajillas Bajomostrador green&clean - Electrolux Professional Espa\u00f1a\",\"isPartOf\":{\"@id\":\"https:\/\/www.electroluxprofessional.com\/es\/#website\"},\"primaryImageOfPage\":{\"@id\":\"https:\/\/www.electroluxprofessional.com\/es\/equipamiento-cocinas-profesionales\/lavado-de-vajilla-comercial\/lavavajillas-bajomostrador-greenclean\/#primaryimage\"},\"image\":{\"@id\":\"https:\/\/www.electroluxprofessional.com\/es\/equipamiento-cocinas-profesionales\/lavado-de-vajilla-comercial\/lavavajillas-bajomostrador-greenclean\/#primaryimage\"},\"thumbnailUrl\":\"https:\/\/www.electroluxprofessional.com\/es\/wp-content\/uploads\/2024\/09\/hero-mobile-dishes.jpg\",\"datePublished\":\"2024-09-19T10:14:56+00:00\",\"dateModified\":\"2026-04-01T10:00:08+00:00\",\"description\":\"Descubre nuestra soluci\u00f3n green&clean lavavasos y lavavajillas bajomostrador\",\"breadcrumb\":{\"@id\":\"https:\/\/www.electroluxprofessional.com\/es\/equipamiento-cocinas-profesionales\/lavado-de-vajilla-comercial\/lavavajillas-bajomostrador-greenclean\/#breadcrumb\"},\"inLanguage\":\"es\",\"potentialAction\":[{\"@type\":\"ReadAction\",\"target\":[\"https:\/\/www.electroluxprofessional.com\/es\/equipamiento-cocinas-profesionales\/lavado-de-vajilla-comercial\/lavavajillas-bajomostrador-greenclean\/\"]}]},{\"@type\":\"ImageObject\",\"inLanguage\":\"es\",\"@id\":\"https:\/\/www.electroluxprofessional.com\/es\/equipamiento-cocinas-profesionales\/lavado-de-vajilla-comercial\/lavavajillas-bajomostrador-greenclean\/#primaryimage\",\"url\":\"https:\/\/www.electroluxprofessional.com\/es\/wp-content\/uploads\/2024\/09\/hero-mobile-dishes.jpg\",\"contentUrl\":\"https:\/\/www.electroluxprofessional.com\/es\/wp-content\/uploads\/2024\/09\/hero-mobile-dishes.jpg\",\"width\":1125,\"height\":1583},{\"@type\":\"BreadcrumbList\",\"@id\":\"https:\/\/www.electroluxprofessional.com\/es\/equipamiento-cocinas-profesionales\/lavado-de-vajilla-comercial\/lavavajillas-bajomostrador-greenclean\/#breadcrumb\",\"itemListElement\":[{\"@type\":\"ListItem\",\"position\":1,\"name\":\"Home\",\"item\":\"https:\/\/www.electroluxprofessional.com\/es\/\"},{\"@type\":\"ListItem\",\"position\":2,\"name\":\"Equipamiento de Cocinas\",\"item\":\"https:\/\/www.electroluxprofessional.com\/es\/equipamiento-cocinas-profesionales\/\"},{\"@type\":\"ListItem\",\"position\":3,\"name\":\"Gu\u00eda de selecci\u00f3n de lavavajillas\",\"item\":\"https:\/\/www.electroluxprofessional.com\/es\/equipamiento-cocinas-profesionales\/lavado-de-vajilla-comercial\/\"},{\"@type\":\"ListItem\",\"position\":4,\"name\":\"Lavavajillas Bajomostrador green&#038;clean\"}]},{\"@type\":\"WebSite\",\"@id\":\"https:\/\/www.electroluxprofessional.com\/es\/#website\",\"url\":\"https:\/\/www.electroluxprofessional.com\/es\/\",\"name\":\"Electrolux Professional Espa\u00f1a\",\"description\":\"Equipamiento cocinas profesionales y lavander\u00edas comerciales. Excelencia en el suministro de soluciones profesionales.\",\"potentialAction\":[{\"@type\":\"SearchAction\",\"target\":{\"@type\":\"EntryPoint\",\"urlTemplate\":\"https:\/\/www.electroluxprofessional.com\/es\/?src={search_term_string}\"},\"query-input\":{\"@type\":\"PropertyValueSpecification\",\"valueRequired\":true,\"valueName\":\"search_term_string\"}}],\"inLanguage\":\"es\"}]}<\/script>\n<!-- \/ Yoast SEO plugin. -->","yoast_head_json":{"title":"Lavavajillas Bajomostrador green&clean - Electrolux Professional Espa\u00f1a","description":"Descubre nuestra soluci\u00f3n green&clean lavavasos y lavavajillas bajomostrador","robots":{"index":"index","follow":"follow","max-snippet":"max-snippet:-1","max-image-preview":"max-image-preview:large","max-video-preview":"max-video-preview:-1"},"canonical":"https:\/\/www.electroluxprofessional.com\/es\/equipamiento-cocinas-profesionales\/lavado-de-vajilla-comercial\/lavavajillas-bajomostrador-greenclean\/","og_locale":"es_ES","og_type":"article","og_title":"Lavavajillas Bajomostrador green&clean - Electrolux Professional Espa\u00f1a","og_description":"Descubre nuestra soluci\u00f3n green&clean lavavasos y lavavajillas bajomostrador","og_url":"https:\/\/www.electroluxprofessional.com\/es\/equipamiento-cocinas-profesionales\/lavado-de-vajilla-comercial\/lavavajillas-bajomostrador-greenclean\/","og_site_name":"Electrolux Professional Espa\u00f1a","article_modified_time":"2026-04-01T10:00:08+00:00","og_image":[{"width":1125,"height":1583,"url":"https:\/\/www.electroluxprofessional.com\/es\/wp-content\/uploads\/2024\/09\/hero-mobile-dishes.jpg","type":"image\/jpeg"}],"twitter_card":"summary_large_image","twitter_misc":{"Tiempo de lectura":"2 minutos"},"schema":{"@context":"https:\/\/schema.org","@graph":[{"@type":"WebPage","@id":"https:\/\/www.electroluxprofessional.com\/es\/equipamiento-cocinas-profesionales\/lavado-de-vajilla-comercial\/lavavajillas-bajomostrador-greenclean\/","url":"https:\/\/www.electroluxprofessional.com\/es\/equipamiento-cocinas-profesionales\/lavado-de-vajilla-comercial\/lavavajillas-bajomostrador-greenclean\/","name":"Lavavajillas Bajomostrador green&clean - Electrolux Professional Espa\u00f1a","isPartOf":{"@id":"https:\/\/www.electroluxprofessional.com\/es\/#website"},"primaryImageOfPage":{"@id":"https:\/\/www.electroluxprofessional.com\/es\/equipamiento-cocinas-profesionales\/lavado-de-vajilla-comercial\/lavavajillas-bajomostrador-greenclean\/#primaryimage"},"image":{"@id":"https:\/\/www.electroluxprofessional.com\/es\/equipamiento-cocinas-profesionales\/lavado-de-vajilla-comercial\/lavavajillas-bajomostrador-greenclean\/#primaryimage"},"thumbnailUrl":"https:\/\/www.electroluxprofessional.com\/es\/wp-content\/uploads\/2024\/09\/hero-mobile-dishes.jpg","datePublished":"2024-09-19T10:14:56+00:00","dateModified":"2026-04-01T10:00:08+00:00","description":"Descubre nuestra soluci\u00f3n green&clean lavavasos y lavavajillas bajomostrador","breadcrumb":{"@id":"https:\/\/www.electroluxprofessional.com\/es\/equipamiento-cocinas-profesionales\/lavado-de-vajilla-comercial\/lavavajillas-bajomostrador-greenclean\/#breadcrumb"},"inLanguage":"es","potentialAction":[{"@type":"ReadAction","target":["https:\/\/www.electroluxprofessional.com\/es\/equipamiento-cocinas-profesionales\/lavado-de-vajilla-comercial\/lavavajillas-bajomostrador-greenclean\/"]}]},{"@type":"ImageObject","inLanguage":"es","@id":"https:\/\/www.electroluxprofessional.com\/es\/equipamiento-cocinas-profesionales\/lavado-de-vajilla-comercial\/lavavajillas-bajomostrador-greenclean\/#primaryimage","url":"https:\/\/www.electroluxprofessional.com\/es\/wp-content\/uploads\/2024\/09\/hero-mobile-dishes.jpg","contentUrl":"https:\/\/www.electroluxprofessional.com\/es\/wp-content\/uploads\/2024\/09\/hero-mobile-dishes.jpg","width":1125,"height":1583},{"@type":"BreadcrumbList","@id":"https:\/\/www.electroluxprofessional.com\/es\/equipamiento-cocinas-profesionales\/lavado-de-vajilla-comercial\/lavavajillas-bajomostrador-greenclean\/#breadcrumb","itemListElement":[{"@type":"ListItem","position":1,"name":"Home","item":"https:\/\/www.electroluxprofessional.com\/es\/"},{"@type":"ListItem","position":2,"name":"Equipamiento de Cocinas","item":"https:\/\/www.electroluxprofessional.com\/es\/equipamiento-cocinas-profesionales\/"},{"@type":"ListItem","position":3,"name":"Gu\u00eda de selecci\u00f3n de lavavajillas","item":"https:\/\/www.electroluxprofessional.com\/es\/equipamiento-cocinas-profesionales\/lavado-de-vajilla-comercial\/"},{"@type":"ListItem","position":4,"name":"Lavavajillas Bajomostrador green&#038;clean"}]},{"@type":"WebSite","@id":"https:\/\/www.electroluxprofessional.com\/es\/#website","url":"https:\/\/www.electroluxprofessional.com\/es\/","name":"Electrolux Professional Espa\u00f1a","description":"Equipamiento cocinas profesionales y lavander\u00edas comerciales. Excelencia en el suministro de soluciones profesionales.","potentialAction":[{"@type":"SearchAction","target":{"@type":"EntryPoint","urlTemplate":"https:\/\/www.electroluxprofessional.com\/es\/?src={search_term_string}"},"query-input":{"@type":"PropertyValueSpecification","valueRequired":true,"valueName":"search_term_string"}}],"inLanguage":"es"}]}},"_links":{"self":[{"href":"https:\/\/www.electroluxprofessional.com\/es\/wp-json\/wp\/v2\/pages\/20328"}],"collection":[{"href":"https:\/\/www.electroluxprofessional.com\/es\/wp-json\/wp\/v2\/pages"}],"about":[{"href":"https:\/\/www.electroluxprofessional.com\/es\/wp-json\/wp\/v2\/types\/page"}],"author":[{"embeddable":true,"href":"https:\/\/www.electroluxprofessional.com\/es\/wp-json\/wp\/v2\/users\/21"}],"replies":[{"embeddable":true,"href":"https:\/\/www.electroluxprofessional.com\/es\/wp-json\/wp\/v2\/comments?post=20328"}],"version-history":[{"count":9,"href":"https:\/\/www.electroluxprofessional.com\/es\/wp-json\/wp\/v2\/pages\/20328\/revisions"}],"predecessor-version":[{"id":26100,"href":"https:\/\/www.electroluxprofessional.com\/es\/wp-json\/wp\/v2\/pages\/20328\/revisions\/26100"}],"up":[{"embeddable":true,"href":"https:\/\/www.electroluxprofessional.com\/es\/wp-json\/wp\/v2\/pages\/22576"}],"wp:featuredmedia":[{"embeddable":true,"href":"https:\/\/www.electroluxprofessional.com\/es\/wp-json\/wp\/v2\/media\/20316"}],"wp:attachment":[{"href":"https:\/\/www.electroluxprofessional.com\/es\/wp-json\/wp\/v2\/media?parent=20328"}],"curies":[{"name":"wp","href":"https:\/\/api.w.org\/{rel}","templated":true}]}}