{"id":18809,"date":"2023-12-20T15:49:26","date_gmt":"2023-12-20T15:49:26","guid":{"rendered":"https:\/\/www.electroluxprofessional.com\/es\/?page_id=18809"},"modified":"2025-10-15T12:17:11","modified_gmt":"2025-10-15T12:17:11","slug":"soluciones-linea-6000","status":"publish","type":"page","link":"https:\/\/www.electroluxprofessional.com\/es\/equipamiento-lavanderia-comercial\/soluciones-linea-6000\/","title":{"rendered":"Soluciones L\u00ednea 6000"},"content":{"rendered":"<p>[vc_row full_width=&#8221;electroluxpro-full-width-no-padding&#8221;][vc_column][elx_image_block background_image=&#8221;18808&#8243; minimum_height=&#8221;400px&#8221;][vc_empty_space][\/vc_column][\/vc_row][vc_row][vc_column][elx_heading font_container=&#8221;h1&#8243; text_color=&#8221;inherit&#8221;]Soluciones de ahorro energ\u00e9tico para tu lavander\u00eda profesional[\/elx_heading][vc_empty_space][vc_column_text]Recorta los costes operativos totales de tu lavander\u00eda profesional sin concesiones en producci\u00f3n.<\/p>\n<p>Combina <strong>lavadoras comerciales de alta velocidad<\/strong> y una nueva generaci\u00f3n de <strong>secadoras con bomba de calor<\/strong> para compensar el impacto de los crecientes costes energ\u00e9ticos y preservar tu competitividad. \u00a1Completa el ciclo de lavado con nuestras calandras para lograr resultados perfectos![\/vc_column_text][vc_empty_space][elx_button button_text=&#8221;IR A PRODUCTOS&#8221; button_style=&#8221;secondary&#8221; button_link=&#8221;url:%23products|title:GO%20TO%20PRODUCTS&#8221;][vc_empty_space][\/vc_column][\/vc_row][vc_row full_width=&#8221;electroluxpro-container-no-padding&#8221; matched_labels=&#8221;&#8221; css=&#8221;.vc_custom_1747653989179{background-color: #c4d69a !important;}&#8221;][vc_column][elx_features_download title=&#8221;&#8221; title_download=&#8221;Descargar&#8221; title_discover=&#8221;Descubre&#8221; bg_row=&#8221;bg-row-sustainability-green&#8221; values=&#8221;%5B%7B%22select_type%22%3A%22link%22%7D%5D&#8221; discover=&#8221;%5B%7B%7D%5D&#8221; features=&#8221;%5B%7B%22icon_electroluxpro%22%3A%22elx-icon%20icon-70-energy-savings-white%22%2C%22title_icon%22%3A%22Ahorro%20de%20energ%C3%ADa%22%2C%22text_icon%22%3A%22Una%20inversi%C3%B3n%20inteligente%20con%20beneficios%20tangibles%3A%20ahorra%20m%C3%A1s%20del%2070%25%20en%20los%20costes%20de%20funcionamiento%20de%20tu%20lavander%C3%ADa%20profesional%20combinando%20una%20lavadora%20de%20alta%20velocidad%20L%C3%ADnea%206000%20y%20una%20secadora%20con%20bomba%20de%20calor.%20%3Cbr%3E%20%3Cbr%3E%20%3Csup%3E*comparaci%C3%B3n%20de%20lavadora%20de%20velocidad%20normal%20y%20secadora%20de%20evacuaci%C3%B3n%20(WN6-14%20y%20TD6-14)%20con%20WH6-14%20y%20TD6-14HP.%3C%2Fsup%3E%22%7D%5D&#8221;][\/elx_features_download][\/vc_column][vc_column width=&#8221;1\/12&#8243;][vc_empty_space height=&#8221;5px&#8221;][\/vc_column][vc_column width=&#8221;11\/12&#8243;][elx_button button_text=&#8221;Calcular ahorro&#8221; button_style=&#8221;secondary&#8221; button_link=&#8221;url:https%3A%2F%2Fwww.electroluxprofessional.com%2Fes%2Fequipamiento-lavanderia-comercial-soluciones-linea-6000%2Fcalculadora-sustitucion%2F|target:_blank&#8221;][vc_empty_space][\/vc_column][\/vc_row][vc_row full_width=&#8221;electroluxpro-full-width-no-padding&#8221;][vc_column][elx_features_download title=&#8221;Damos forma a la lavander\u00eda sostenible&#8221; class_title=&#8221;h2&#8243; title_download=&#8221;Descargar&#8221; title_discover=&#8221;Descubre&#8221; bg_discover_color=&#8221;bg-download-white&#8221; link_discover_color=&#8221;download-text-blue&#8221; bg_row=&#8221;bg-row-light-blue&#8221; values=&#8221;%5B%7B%22select_type%22%3A%22link%22%2C%22link_download%22%3A%22url%3Ahttps%253A%252F%252Fwww.electroluxprofessional.com%252Fes%252Fwp-content%252Fuploads%252F2024%252F03%252FElectrolux-Professional-Sostenibilidad_ES_Low-res.pdf%7Ctitle%3ACat%25C3%25A1logo%2520de%2520Sostenibilidad%7Ctarget%3A_blank%22%7D%2C%7B%22select_type%22%3A%22link%22%2C%22link_download%22%3A%22url%3Ahttps%253A%252F%252Fwww.electroluxprofessional.com%252Fes%252Fwp-content%252Fuploads%252F2024%252F12%252FEPR_Line-6000-Washers-Dryers-brochure-04092024_ES_LR-1.pdf%7Ctitle%3ALavadoras%2520y%2520Secadoras%2520L%25C3%25ADnea%25206000%7Ctarget%3A_blank%22%2C%22label_pride_document%22%3A%22L%C3%ADnea%206000%20Lavadoras%20y%20Secadoras%22%2C%22document_type%22%3A%22brochures%22%7D%2C%7B%22select_type%22%3A%22link%22%2C%22link_download%22%3A%22url%3Ahttps%253A%252F%252Fwww.electroluxprofessional.com%252Fwp-content%252Fuploads%252F2023%252F09%252FEPR_Leaflet-Detergents_Ecolabel_ENG_05102021_LR.pdf%7Ctitle%3ADetergentes%2520Ecolabel%2520L%25C3%25ADnea%25206000%7Ctarget%3A_blank%22%2C%22label_pride_document%22%3A%22Detergentes%20con%20etiqueta%20ecol%C3%B3gica%22%2C%22document_type%22%3A%22brochures%22%7D%2C%7B%22select_type%22%3A%22pride%22%2C%22label_pride_document%22%3A%22Descripci%C3%B3n%20gama%20Lavander%C3%ADa%202024%22%2C%22document_type%22%3A%22range-overviews%22%2C%22ro_document_number%22%3A%22RAN-9JE00031%22%7D%5D&#8221; discover=&#8221;%5B%7B%22link_discover%22%3A%22url%3Ahttps%253A%252F%252Fwww.electroluxprofessional.com%252Fes%252Fgarantizar-la-rentabilidad-con-la-eficacia-de-la-lavanderia-interna%252F%7Ctitle%3ALavadora%2520de%2520gran%2520centrifugado%2520y%2520secadora%2520con%2520bomba%2520de%2520calor%253A%2520la%2520pareja%2520perfecta%7Ctarget%3A_blank%22%7D%2C%7B%22link_discover%22%3A%22url%3Ahttps%253A%252F%252Fwww.electroluxprofessional.com%252Fes%252Fcomo-las-secadoras-con-bomba-de-calor-pueden-superar-la-crisis-energetica%252F%7Ctitle%3AAhorra%2520un%252065%2525%2520con%2520tu%2520secadora%2520de%2520bomba%2520de%2520calor%7Ctarget%3A_blank%22%7D%2C%7B%22link_discover%22%3A%22url%3Ahttps%253A%252F%252Fwww.electroluxprofessional.com%252Fes%252Fcustomer-care%252F%7Ctitle%3AEssentia%253A%2520el%2520coraz%25C3%25B3n%2520del%2520servicio%2520al%2520cliente%7Ctarget%3A_blank%22%7D%5D&#8221; features=&#8221;%5B%7B%22icon_electroluxpro%22%3A%22elx-icon%20icon-circle-savings-green-blue%22%2C%22title_icon%22%3A%22Menor%20consumo%20de%20detergentes%20y%20sustancias%20qu%C3%ADmicas%22%2C%22text_icon%22%3A%22Menos%20costes%20de%20ciclo%20de%20vida%20con%20las%20funciones%20de%20dosificaci%C3%B3n%20inteligente%22%7D%2C%7B%22icon_electroluxpro%22%3A%22elx-icon%20icon-circle-graphic-blue%22%2C%22title_icon%22%3A%22M%C3%A1xima%20eliminaci%C3%B3n%20de%20agua%22%2C%22text_icon%22%3A%22Altas%20velocidades%20de%20extracci%C3%B3n%20para%20racionalizar%20el%20uso%20de%20agua%22%7D%2C%7B%22icon_electroluxpro%22%3A%22elx-icon%20icon-circle-laundry-productivity-blue%22%2C%22title_icon%22%3A%22Alta%20capacidad%20con%20un%2065%25%20menos%20de%20energ%C3%ADa%22%2C%22text_icon%22%3A%22Ciclos%20de%20secado%20m%C3%A1s%20r%C3%A1pidos%20con%20la%20nueva%20tecnolog%C3%ADa%20de%20bomba%20de%20calor%22%7D%5D&#8221;][\/elx_features_download][vc_empty_space][\/vc_column][\/vc_row][vc_row][vc_column][elx_text_image style_image=&#8221;image_square&#8221; bg_row=&#8221;bg-download-white&#8221; title=&#8221;Menor consumo de detergentes y sustancias qu\u00edmicas&#8221; lists=&#8221;%5B%7B%7D%5D&#8221; values=&#8221;%5B%7B%7D%5D&#8221; single_image=&#8221;18827&#8243;]Los detergentes, las sustancias qu\u00edmicas y los suministros p\u00fablicos representan el 90% del coste del ciclo de vida de una lavadora comercial.<\/p>\n<p>Las funciones inteligentes de los modelos Clarus Vibe acaban con la sobredosificaci\u00f3n y mejoran el coste total de propiedad. La <strong>dosificaci\u00f3n inteligente<\/strong> ajusta la cantidad de detergente al peso de la carga, mientras que la funci\u00f3n de <strong>ahorro integrado<\/strong> te proporciona datos en tiempo real para evitar el exceso y la escasez de carga.[\/elx_text_image][\/vc_column][\/vc_row][vc_row][vc_column][elx_text_image number_images=&#8221;n&#8221; style_image=&#8221;image_square&#8221; image_position=&#8221;image_left&#8221; bg_row=&#8221;bg-download-white&#8221; title=&#8221;M\u00e1xima eliminaci\u00f3n de agua&#8221; lists=&#8221;%5B%7B%7D%5D&#8221; values=&#8221;%5B%7B%7D%5D&#8221; multi_images=&#8221;18829&#8243;]La eliminaci\u00f3n m\u00e1xima de agua en la fase de lavado minimiza el contenido de humedad y acorta el tiempo de secado.<\/p>\n<p>La funci\u00f3n de <strong>ahorro autom\u00e1tico<\/strong> pesa la ropa y ajusta autom\u00e1ticamente la entrada de agua a la carga real. Esto ayuda a ahorrar agua, energ\u00eda y detergente en cualquier carga que sea inferior a una completa.<\/p>\n<p>La funci\u00f3n <strong>Power Balance<\/strong> consigue la menor retenci\u00f3n de agua posible antes de la fase de secado mediante la supervisi\u00f3n del desequilibrio en tiempo real y el ajuste del factor G durante toda la secuencia de extracci\u00f3n.[\/elx_text_image][vc_empty_space][\/vc_column][\/vc_row][vc_row][vc_column][elx_text_image number_images=&#8221;n&#8221; style_image=&#8221;image_square&#8221; bg_row=&#8221;bg-download-white&#8221; title=&#8221;Alta capacidad de secado con un 65% menos de energ\u00eda&#8221; lists=&#8221;%5B%7B%7D%5D&#8221; values=&#8221;%5B%7B%7D%5D&#8221; multi_images=&#8221;18831&#8243;]Disfruta de duraciones de ciclos de secado equiparables a las secadoras de evacuaci\u00f3n comerciales con una fracci\u00f3n de consumo de energ\u00eda.<\/p>\n<p>La nueva tecnolog\u00eda inspirada en las aplicaciones avanzadas de aire acondicionado dom\u00e9stico ofrece ciclos de secado de 35 minutos (el doble de velocidad que las secadoras con bomba de calor convencionales) para que disfrutes de mayor productividad, un funcionamiento silencioso y una r\u00e1pida rentabilidad.[\/elx_text_image][vc_empty_space][\/vc_column][\/vc_row][vc_row disable_element=&#8221;yes&#8221; css=&#8221;.vc_custom_1699948553798{background-color: #e9eff5 !important;}&#8221;][vc_column][elx_multiple_columns number_columns=&#8221;4&#8243; title=&#8221;Soluciones industriales&#8221; values=&#8221;%5B%0D%0A%20%20%7B%0D%0A%20%20%20%20%22image_section%22%3A%20%2250198%22%2C%0D%0A%20%20%20%20%22title_section%22%3A%20%22Lavander%C3%ADas%22%2C%0D%0A%20%20%20%20%22text_section%22%3A%20%22Reduce%20los%20tiempos%20de%20secado%20para%20maximizar%20la%20afluencia%20de%20clientes%20y%20aumentar%20los%20ingresos.%22%2C%0D%0A%20%20%20%20%22link_section%22%3A%20%22url%3Ahttps%253A%252F%252Fwww.electroluxprofessional.com%252Fyour-business%252Fself-service-laundries%252Flaundromats%252F%7Ctitle%3ADiscover%22%0D%0A%20%20%7D%2C%0D%0A%20%20%7B%0D%0A%20%20%20%20%22image_section%22%3A%20%2250199%22%2C%0D%0A%20%20%20%20%22title_section%22%3A%20%22Hosteler%C3%ADa%22%2C%0D%0A%20%20%20%20%22text_section%22%3A%20%22Reduce%20el%20consumo%20de%20suministros%20y%20optimiza%20el%20aprovechamiento%20de%20las%20m%C3%A1quinas%20para%20compensar%20los%20crecientes%20costes%20de%20la%20energ%C3%ADa.%22%2C%0D%0A%20%20%20%20%22link_section%22%3A%20%22url%3Ahttps%253A%252F%252Fwww.electroluxprofessional.com%252Fyour-business%252Fhotels%252F%7Ctitle%3ADiscover%22%0D%0A%20%20%7D%2C%0D%0A%20%20%7B%0D%0A%20%20%20%20%22image_section%22%3A%20%2250200%22%2C%0D%0A%20%20%20%20%22title_section%22%3A%20%22Lavander%C3%ADas%20multifamiliares%22%2C%0D%0A%20%20%20%20%22text_section%22%3A%20%22Minimiza%20los%20ruidos%20molestos%20con%20el%20funcionamiento%20silencioso%20de%20la%20bomba%20de%20calor%20y%20ofrece%20costes%20por%20ciclo%20asequibles.%22%2C%0D%0A%20%20%20%20%22link_section%22%3A%20%22url%3Ahttps%253A%252F%252Fwww.electroluxprofessional.com%252Fyour-business%252Fself-service-laundries%252Fmulti-housing-laundry%252F%7Ctitle%3ADiscover%22%0D%0A%20%20%7D%0D%0A%5D&#8221;][\/elx_multiple_columns][\/vc_column][\/vc_row][vc_row css=&#8221;.vc_custom_1697797242921{background-color: rgba(136,184,204,0.8) !important;*background-color: rgb(136,184,204) !important;}&#8221;][vc_column][elx_heading text_color=&#8221;inherit&#8221;]D\u00f3nde puedes encontrar nuestras soluciones[\/elx_heading][vc_empty_space][\/vc_column][\/vc_row][vc_row css=&#8221;.vc_custom_1697795488697{background-color: rgba(136,184,204,0.8) !important;*background-color: rgb(136,184,204) !important;}&#8221;][vc_column width=&#8221;1\/3&#8243;][elx_simple_link_block link=&#8221;url:https%3A%2F%2Fwww.electroluxprofessional.com%2Fes%2Fautoservicio-lavanderias%2F|target:_blank&#8221; text_align=&#8221;text-left&#8221; text_color=&#8221;inherit&#8221; background_color=&#8221;inherit&#8221; background_hover_color=&#8221;darker-hover&#8221; extra_class=&#8221;&#8221; reveal_effect=&#8221;&#8221; reveal_duration=&#8221;&#8221; reveal_delay=&#8221;&#8221;][vc_single_image image=&#8221;18806&#8243;][elx_heading text_color=&#8221;inherit&#8221;]Lavander\u00edas[\/elx_heading][vc_column_text]Reduce los tiempos de secado para maximizar la afluencia de clientes y aumentar los ingresos.[\/vc_column_text][\/elx_simple_link_block][\/vc_column][vc_column width=&#8221;1\/3&#8243;][elx_simple_link_block link=&#8221;url:https%3A%2F%2Fwww.electroluxprofessional.com%2Fes%2Fhoteles%2F|target:_blank&#8221; text_align=&#8221;text-left&#8221; text_color=&#8221;inherit&#8221; background_color=&#8221;inherit&#8221; background_hover_color=&#8221;darker-hover&#8221; extra_class=&#8221;&#8221; reveal_effect=&#8221;&#8221; reveal_duration=&#8221;&#8221; reveal_delay=&#8221;&#8221;][vc_single_image image=&#8221;18740&#8243;][elx_heading text_color=&#8221;inherit&#8221;]Hoteles[\/elx_heading][vc_column_text]Reduce el consumo de suministros y optimiza el aprovechamiento de las m\u00e1quinas para compensar los crecientes costes de la energ\u00eda.[\/vc_column_text][\/elx_simple_link_block][\/vc_column][vc_column width=&#8221;1\/3&#8243;][elx_simple_link_block link=&#8221;url:https%3A%2F%2Fwww.electroluxprofessional.com%2Fes%2Flavanderia-multipropiedad%2F|target:_blank&#8221; text_align=&#8221;text-left&#8221; text_color=&#8221;inherit&#8221; background_color=&#8221;inherit&#8221; background_hover_color=&#8221;darker-hover&#8221; extra_class=&#8221;&#8221; reveal_effect=&#8221;&#8221; reveal_duration=&#8221;&#8221; reveal_delay=&#8221;&#8221;][vc_single_image image=&#8221;18807&#8243;][elx_heading text_color=&#8221;inherit&#8221;]Lavander\u00eda multifamiliar[\/elx_heading][vc_column_text]Minimiza los ruidos molestos con el funcionamiento silencioso de la bomba de calor y ofrece costes por ciclo asequibles.[\/vc_column_text][\/elx_simple_link_block][\/vc_column][\/vc_row][vc_row el_id=&#8221;products&#8221;][vc_column][vc_empty_space][elx_heading text_color=&#8221;inherit&#8221; text_align=&#8221;text-center&#8221;]Conoce mejor todos los dem\u00e1s productos de la L\u00ednea 6000[\/elx_heading][vc_empty_space][elx_product_showcase number_columns=&#8221;3&#8243; order_col1=&#8221;1&#8243; image_col1=&#8221;18833&#8243; order_col2=&#8221;2&#8243; image_col2=&#8221;18834&#8243; order_col3=&#8221;3&#8243; image_col3=&#8221;18835&#8243; order_col4=&#8221;4&#8243; bg_row=&#8221;bg-download-white&#8221; title_col1=&#8221;Lavadoras comerciales&#8221; title_col2=&#8221;Lavadoras de barrera sanitaria&#8221; title_col3=&#8221;Secadoras&#8221; link_col1=&#8221;url:https%3A%2F%2Fwww.electroluxprofessional.com%2Fes%2Flavadoras-comerciales%2F&#8221; link_col2=&#8221;url:https%3A%2F%2Fwww.electroluxprofessional.com%2Fes%2Flavadoras-de-barrera-sanitaria-linea-6000%2F&#8221; link_col3=&#8221;url:https%3A%2F%2Fwww.electroluxprofessional.com%2Fes%2Fsecadoras%2F|target:_blank&#8221;][vc_empty_space][elx_product_showcase number_columns=&#8221;2&#8243; order_col1=&#8221;1&#8243; image_col1=&#8221;18837&#8243; order_col2=&#8221;2&#8243; image_col2=&#8221;18838&#8243; order_col3=&#8221;3&#8243; order_col4=&#8221;4&#8243; bg_row=&#8221;bg-download-white&#8221; title_col1=&#8221;Cabinas de secado&#8221; title_col2=&#8221;Calandras con cilindro caliente&#8221; link_col1=&#8221;url:https%3A%2F%2Fwww.electroluxprofessional.com%2Fes%2Fcabinas-secado%2F&#8221; link_col2=&#8221;url:https%3A%2F%2Fwww.electroluxprofessional.com%2Fes%2Falta-productividad-linea-6000-calandras-flatwork%2F&#8221;][\/vc_column][\/vc_row][vc_row full_width=&#8221;electroluxpro-full-width-no-padding&#8221;][vc_column][elx_features_download title=&#8221;Essentia: el coraz\u00f3n de la mejor atenci\u00f3n al cliente&#8221; title_download=&#8221;&#8221; title_discover=&#8221;Descubre&#8221; bg_row=&#8221;bg-row-light-blue&#8221; values=&#8221;%5B%7B%22select_type%22%3A%22link%22%2C%22link_download%22%3A%22url%3Ahttps%253A%252F%252Fwww.electroluxprofessional.com%252Fwp-content%252Fuploads%252F2022%252F01%252FCLF_CLF-9JE00193_1_5_1_5_EPR_Essentia_Service-agreements_2020_ENG_LR.pdf%7Ctitle%3ADescubre%2520Essentia%7Ctarget%3A_blank%22%7D%5D&#8221; discover=&#8221;%5B%7B%7D%5D&#8221; features=&#8221;%5B%7B%7D%5D&#8221;]Ofrece la asistencia que necesitas y se ocupa de los procesos a trav\u00e9s de una red de servicios fiable, una gama de servicios exclusivos a medida y una tecnolog\u00eda innovadora.[\/elx_features_download][\/vc_column][\/vc_row]<\/p>\n","protected":false},"excerpt":{"rendered":"<p>[vc_row full_width=&#8221;electroluxpro-full-width-no-padding&#8221;][vc_column][elx_image_block background_image=&#8221;18808&#8243; minimum_height=&#8221;400px&#8221;][vc_empty_space][\/vc_column][\/vc_row][vc_row][vc_column][elx_heading font_container=&#8221;h1&#8243; text_color=&#8221;inherit&#8221;]Soluciones de ahorro energ\u00e9tico para tu lavander\u00eda profesional[\/elx_heading][vc_empty_space][vc_column_text]Recorta los costes operativos totales de tu lavander\u00eda profesional sin concesiones en producci\u00f3n. Combina lavadoras comerciales de alta velocidad y una nueva generaci\u00f3n de secadoras con bomba de calor para compensar el impacto de los crecientes costes energ\u00e9ticos y preservar tu competitividad. \u00a1Completa [&hellip;]<\/p>\n","protected":false},"author":21,"featured_media":0,"parent":1256,"menu_order":0,"comment_status":"closed","ping_status":"closed","template":"","meta":{"footnotes":""},"class_list":["post-18809","page","type-page","status-publish","hentry"],"acf":[],"yoast_head":"<!-- This site is optimized with the Yoast SEO plugin v23.4 - https:\/\/yoast.com\/wordpress\/plugins\/seo\/ -->\n<title>Soluciones L\u00ednea 6000 - Electrolux Professional Espa\u00f1a<\/title>\n<meta name=\"description\" content=\"Soluciones L\u00ednea 6000 de Electrolux Professional, donde encontrar\u00e1s lavadoras y secadoras de alto rendimiento y ahorro para tu negocio.\" \/>\n<meta name=\"robots\" content=\"index, follow, max-snippet:-1, max-image-preview:large, max-video-preview:-1\" \/>\n<link rel=\"canonical\" href=\"https:\/\/www.electroluxprofessional.com\/es\/equipamiento-lavanderia-comercial\/soluciones-linea-6000\/\" \/>\n<meta property=\"og:locale\" content=\"es_ES\" \/>\n<meta property=\"og:type\" content=\"article\" \/>\n<meta property=\"og:title\" content=\"Soluciones L\u00ednea 6000 - Electrolux Professional Espa\u00f1a\" \/>\n<meta property=\"og:description\" content=\"Soluciones L\u00ednea 6000 de Electrolux Professional, donde encontrar\u00e1s lavadoras y secadoras de alto rendimiento y ahorro para tu negocio.\" \/>\n<meta property=\"og:url\" content=\"https:\/\/www.electroluxprofessional.com\/es\/equipamiento-lavanderia-comercial\/soluciones-linea-6000\/\" \/>\n<meta property=\"og:site_name\" content=\"Electrolux Professional Espa\u00f1a\" \/>\n<meta property=\"article:modified_time\" content=\"2025-10-15T12:17:11+00:00\" \/>\n<meta name=\"twitter:card\" content=\"summary_large_image\" \/>\n<meta name=\"twitter:label1\" content=\"Tiempo de lectura\" \/>\n\t<meta name=\"twitter:data1\" content=\"3 minutos\" \/>\n<script type=\"application\/ld+json\" class=\"yoast-schema-graph\">{\"@context\":\"https:\/\/schema.org\",\"@graph\":[{\"@type\":\"WebPage\",\"@id\":\"https:\/\/www.electroluxprofessional.com\/es\/equipamiento-lavanderia-comercial\/soluciones-linea-6000\/\",\"url\":\"https:\/\/www.electroluxprofessional.com\/es\/equipamiento-lavanderia-comercial\/soluciones-linea-6000\/\",\"name\":\"Soluciones L\u00ednea 6000 - Electrolux Professional Espa\u00f1a\",\"isPartOf\":{\"@id\":\"https:\/\/www.electroluxprofessional.com\/es\/#website\"},\"datePublished\":\"2023-12-20T15:49:26+00:00\",\"dateModified\":\"2025-10-15T12:17:11+00:00\",\"description\":\"Soluciones L\u00ednea 6000 de Electrolux Professional, donde encontrar\u00e1s lavadoras y secadoras de alto rendimiento y ahorro para tu negocio.\",\"breadcrumb\":{\"@id\":\"https:\/\/www.electroluxprofessional.com\/es\/equipamiento-lavanderia-comercial\/soluciones-linea-6000\/#breadcrumb\"},\"inLanguage\":\"es\",\"potentialAction\":[{\"@type\":\"ReadAction\",\"target\":[\"https:\/\/www.electroluxprofessional.com\/es\/equipamiento-lavanderia-comercial\/soluciones-linea-6000\/\"]}]},{\"@type\":\"BreadcrumbList\",\"@id\":\"https:\/\/www.electroluxprofessional.com\/es\/equipamiento-lavanderia-comercial\/soluciones-linea-6000\/#breadcrumb\",\"itemListElement\":[{\"@type\":\"ListItem\",\"position\":1,\"name\":\"Home\",\"item\":\"https:\/\/www.electroluxprofessional.com\/es\/\"},{\"@type\":\"ListItem\",\"position\":2,\"name\":\"Equipamiento de Lavander\u00eda\",\"item\":\"https:\/\/www.electroluxprofessional.com\/es\/equipamiento-lavanderia-comercial\/\"},{\"@type\":\"ListItem\",\"position\":3,\"name\":\"Soluciones L\u00ednea 6000\"}]},{\"@type\":\"WebSite\",\"@id\":\"https:\/\/www.electroluxprofessional.com\/es\/#website\",\"url\":\"https:\/\/www.electroluxprofessional.com\/es\/\",\"name\":\"Electrolux Professional Espa\u00f1a\",\"description\":\"Equipamiento cocinas profesionales y lavander\u00edas comerciales. Excelencia en el suministro de soluciones profesionales.\",\"potentialAction\":[{\"@type\":\"SearchAction\",\"target\":{\"@type\":\"EntryPoint\",\"urlTemplate\":\"https:\/\/www.electroluxprofessional.com\/es\/?src={search_term_string}\"},\"query-input\":{\"@type\":\"PropertyValueSpecification\",\"valueRequired\":true,\"valueName\":\"search_term_string\"}}],\"inLanguage\":\"es\"}]}<\/script>\n<!-- \/ Yoast SEO plugin. -->","yoast_head_json":{"title":"Soluciones L\u00ednea 6000 - Electrolux Professional Espa\u00f1a","description":"Soluciones L\u00ednea 6000 de Electrolux Professional, donde encontrar\u00e1s lavadoras y secadoras de alto rendimiento y ahorro para tu negocio.","robots":{"index":"index","follow":"follow","max-snippet":"max-snippet:-1","max-image-preview":"max-image-preview:large","max-video-preview":"max-video-preview:-1"},"canonical":"https:\/\/www.electroluxprofessional.com\/es\/equipamiento-lavanderia-comercial\/soluciones-linea-6000\/","og_locale":"es_ES","og_type":"article","og_title":"Soluciones L\u00ednea 6000 - Electrolux Professional Espa\u00f1a","og_description":"Soluciones L\u00ednea 6000 de Electrolux Professional, donde encontrar\u00e1s lavadoras y secadoras de alto rendimiento y ahorro para tu negocio.","og_url":"https:\/\/www.electroluxprofessional.com\/es\/equipamiento-lavanderia-comercial\/soluciones-linea-6000\/","og_site_name":"Electrolux Professional Espa\u00f1a","article_modified_time":"2025-10-15T12:17:11+00:00","twitter_card":"summary_large_image","twitter_misc":{"Tiempo de lectura":"3 minutos"},"schema":{"@context":"https:\/\/schema.org","@graph":[{"@type":"WebPage","@id":"https:\/\/www.electroluxprofessional.com\/es\/equipamiento-lavanderia-comercial\/soluciones-linea-6000\/","url":"https:\/\/www.electroluxprofessional.com\/es\/equipamiento-lavanderia-comercial\/soluciones-linea-6000\/","name":"Soluciones L\u00ednea 6000 - Electrolux Professional Espa\u00f1a","isPartOf":{"@id":"https:\/\/www.electroluxprofessional.com\/es\/#website"},"datePublished":"2023-12-20T15:49:26+00:00","dateModified":"2025-10-15T12:17:11+00:00","description":"Soluciones L\u00ednea 6000 de Electrolux Professional, donde encontrar\u00e1s lavadoras y secadoras de alto rendimiento y ahorro para tu negocio.","breadcrumb":{"@id":"https:\/\/www.electroluxprofessional.com\/es\/equipamiento-lavanderia-comercial\/soluciones-linea-6000\/#breadcrumb"},"inLanguage":"es","potentialAction":[{"@type":"ReadAction","target":["https:\/\/www.electroluxprofessional.com\/es\/equipamiento-lavanderia-comercial\/soluciones-linea-6000\/"]}]},{"@type":"BreadcrumbList","@id":"https:\/\/www.electroluxprofessional.com\/es\/equipamiento-lavanderia-comercial\/soluciones-linea-6000\/#breadcrumb","itemListElement":[{"@type":"ListItem","position":1,"name":"Home","item":"https:\/\/www.electroluxprofessional.com\/es\/"},{"@type":"ListItem","position":2,"name":"Equipamiento de Lavander\u00eda","item":"https:\/\/www.electroluxprofessional.com\/es\/equipamiento-lavanderia-comercial\/"},{"@type":"ListItem","position":3,"name":"Soluciones L\u00ednea 6000"}]},{"@type":"WebSite","@id":"https:\/\/www.electroluxprofessional.com\/es\/#website","url":"https:\/\/www.electroluxprofessional.com\/es\/","name":"Electrolux Professional Espa\u00f1a","description":"Equipamiento cocinas profesionales y lavander\u00edas comerciales. Excelencia en el suministro de soluciones profesionales.","potentialAction":[{"@type":"SearchAction","target":{"@type":"EntryPoint","urlTemplate":"https:\/\/www.electroluxprofessional.com\/es\/?src={search_term_string}"},"query-input":{"@type":"PropertyValueSpecification","valueRequired":true,"valueName":"search_term_string"}}],"inLanguage":"es"}]}},"_links":{"self":[{"href":"https:\/\/www.electroluxprofessional.com\/es\/wp-json\/wp\/v2\/pages\/18809"}],"collection":[{"href":"https:\/\/www.electroluxprofessional.com\/es\/wp-json\/wp\/v2\/pages"}],"about":[{"href":"https:\/\/www.electroluxprofessional.com\/es\/wp-json\/wp\/v2\/types\/page"}],"author":[{"embeddable":true,"href":"https:\/\/www.electroluxprofessional.com\/es\/wp-json\/wp\/v2\/users\/21"}],"replies":[{"embeddable":true,"href":"https:\/\/www.electroluxprofessional.com\/es\/wp-json\/wp\/v2\/comments?post=18809"}],"version-history":[{"count":32,"href":"https:\/\/www.electroluxprofessional.com\/es\/wp-json\/wp\/v2\/pages\/18809\/revisions"}],"predecessor-version":[{"id":24237,"href":"https:\/\/www.electroluxprofessional.com\/es\/wp-json\/wp\/v2\/pages\/18809\/revisions\/24237"}],"up":[{"embeddable":true,"href":"https:\/\/www.electroluxprofessional.com\/es\/wp-json\/wp\/v2\/pages\/1256"}],"wp:attachment":[{"href":"https:\/\/www.electroluxprofessional.com\/es\/wp-json\/wp\/v2\/media?parent=18809"}],"curies":[{"name":"wp","href":"https:\/\/api.w.org\/{rel}","templated":true}]}}