{"id":18636,"date":"2023-11-14T11:57:48","date_gmt":"2023-11-14T11:57:48","guid":{"rendered":"https:\/\/www.electroluxprofessional.com\/es\/?page_id=18636"},"modified":"2024-07-01T15:34:55","modified_gmt":"2024-07-01T15:34:55","slug":"speedelight","status":"publish","type":"page","link":"https:\/\/www.electroluxprofessional.com\/es\/speedelight\/","title":{"rendered":"Accesorios y consumibles: SpeeDelight"},"content":{"rendered":"<p>[vc_row full_width=&#8221;electroluxpro-full-width-no-padding&#8221;][vc_column css=&#8221;.vc_custom_1618358802266{margin-top: -40px !important;border-top-width: -40px !important;padding-top: -40px !important;}&#8221;][elx_full_banner title=&#8221;Accessories and Consumables SpeeDelight&#8221; set_as_h1=&#8221;true&#8221; background_image_media_library=&#8221;15555&#8243; background_image_media_library_mobile=&#8221;15556&#8243; link=&#8221;url:%23contact|title:Discover%20more||&#8221;][vc_row_inner full_width=&#8221;electroluxpro-full-width&#8221; gap=&#8221;15&#8243;][vc_column_inner width=&#8221;1\/4&#8243;][elx_download_block text=&#8221;Cat\u00e1logo de accesorios de protecci\u00f3n, higienizaci\u00f3n y limpieza&#8221; document_type=&#8221;cat&#8221; link=&#8221;https:\/\/tools.electroluxprofessional.com\/Mirror\/Doc\/CAT\/CAT_CAT10_1_5_1_3_Protection_Sanitizing%20and%20Cleaning%20Catalogue%202023_LR.pdf&#8221; background_color=&#8221;electrolux-blue&#8221; background_hover_color=&#8221;lighter-hover&#8221;][\/vc_column_inner][vc_column_inner width=&#8221;1\/4&#8243;][elx_download_block text=&#8221;Genuine Replacement Parts, Accessories &amp; Consumables catalogue&#8221; document_type=&#8221;cat&#8221; link=&#8221;https:\/\/tools.electroluxprofessional.com\/Mirror\/Doc\/CAT\/CAT_CAT19_1_5_1_1_Repl.Parts_Acc_Cons_Catalogue%202023.pdf&#8221; background_color=&#8221;electrolux-blue&#8221; background_hover_color=&#8221;lighter-hover&#8221;][\/vc_column_inner][vc_column_inner width=&#8221;1\/4&#8243;][elx_download_block text=&#8221;Spare Part Kits catalogue&#8221; document_type=&#8221;cat&#8221; link=&#8221;https:\/\/tools.electroluxprofessional.com\/Mirror\/Doc\/CAT\/CAT_CAT9_1_5_1_4_Spare%20Part%20Kits%20Catalogue%202023_LR.pdf&#8221; background_color=&#8221;electrolux-blue&#8221; background_hover_color=&#8221;lighter-hover&#8221;][\/vc_column_inner][vc_column_inner width=&#8221;1\/4&#8243;][elx_download_block text=&#8221;Professional cleaning detergents Selection Guide&#8221; link=&#8221;https:\/\/www.electroluxprofessional.com\/wp-content\/uploads\/2023\/01\/EPR_Detergent_selection_guide_ENG_with-edits-2023_LR.pdf&#8221; background_color=&#8221;electrolux-blue&#8221;][\/vc_column_inner][\/vc_row_inner][\/vc_column][\/vc_row][vc_row][vc_column][elx_menu][vc_column_text]<\/p>\n<p style=\"text-align: center;\">SpeeDelight te proporciona la libertad de combinar rapidez, calidad y creatividad. Con los accesorios y consumibles adecuados puedes mantener tu SpeeDelight en forma.<\/p>\n<p>[\/vc_column_text][vc_empty_space][\/vc_column][\/vc_row][vc_row disable_element=&#8221;yes&#8221; css=&#8221;.vc_custom_1677145462044{background-position: center !important;background-repeat: no-repeat !important;background-size: cover !important;}&#8221;][vc_column width=&#8221;1\/2&#8243;][elx_heading font_size=&#8221;h5&#8243; text_color=&#8221;inherit&#8221;]Accesorios y consumibles para un\u00a0mantenimiento de primera[\/elx_heading][vc_column_text]Este kit mantiene en forma tu SpeeDelight para que funcione a pleno rendimiento: cepillo, esp\u00e1tula, rascador, placa de tefl\u00f3n extra\u00edble, papel de horno, protector de silicona, soluciones de limpieza y desengrasante r\u00e1pido.[\/vc_column_text][vc_empty_space][\/vc_column][vc_column width=&#8221;1\/2&#8243;][vc_single_image image=&#8221;15553&#8243; img_size=&#8221;full&#8221; css_animation=&#8221;none&#8221;][vc_empty_space][elx_shop_now button_text=&#8221;Shop now&#8221; button_link=&#8221;url:https%3A%2F%2Fbuy.electroluxprofessional.com%2Felectrolux-professional%2Fspeedelight%2Fparts|title:Shop%20&#8243;][vc_empty_space][\/vc_column][\/vc_row][vc_row][vc_column width=&#8221;1\/3&#8243;][vc_single_image image=&#8221;18630&#8243; img_size=&#8221;medium&#8221;][vc_empty_space height=&#8221;45px&#8221;][elx_heading text_color=&#8221;inherit&#8221;]Desengrasante a alta temperatura[\/elx_heading][vc_column_text]Para limpieza y uso espec\u00edfico a alta temperatura.[\/vc_column_text][vc_empty_space height=&#8221;58px&#8221;][\/vc_column][vc_column width=&#8221;1\/3&#8243;][vc_empty_space height=&#8221;90px&#8221;][vc_single_image image=&#8221;18631&#8243; img_size=&#8221;medium&#8221;][vc_empty_space height=&#8221;48px&#8221;][elx_heading text_color=&#8221;inherit&#8221;]Bandeja antiadherente [\/elx_heading][vc_column_text]La bandeja antiadherente mantiene SpeeDelight m\u00e1s limpio y ahorra tiempo de limpieza.<\/p>\n<p>[\/vc_column_text][vc_empty_space height=&#8221;58px&#8221;][\/vc_column][vc_column width=&#8221;1\/3&#8243;][vc_empty_space height=&#8221;80px&#8221;][vc_single_image image=&#8221;18632&#8243; img_size=&#8221;medium&#8221;][vc_empty_space height=&#8221;50px&#8221;][elx_heading text_color=&#8221;inherit&#8221;]Cepillo con cerdas de lat\u00f3n [\/elx_heading][vc_column_text]Peque\u00f1o cepillo con cerdas met\u00e1licas para eliminar todas las incrustaciones de alimentos. Usar solo en la tapa.[\/vc_column_text][vc_empty_space height=&#8221;58px&#8221;][\/vc_column][\/vc_row][vc_row][vc_column width=&#8221;1\/3&#8243;][elx_shop_now button_text=&#8221;shop now&#8221; button_link=&#8221;url:https%3A%2F%2Fbuy.electroluxprofessional.com%2Felectrolux-professional%2Felx0s2292&#8243;][vc_empty_space height=&#8221;58px&#8221;][\/vc_column][vc_column width=&#8221;1\/3&#8243;][elx_shop_now button_text=&#8221;shop now&#8221; button_link=&#8221;url:https%3A%2F%2Fbuy.electroluxprofessional.com%2Felectrolux-professional%2Felx0cb905%3Fprofile%3Delectrolux&#8221;][vc_empty_space height=&#8221;58px&#8221;][\/vc_column][vc_column width=&#8221;1\/3&#8243;][elx_shop_now button_text=&#8221;SHOP NOW&#8221; button_link=&#8221;url:https%3A%2F%2Fbuy.electroluxprofessional.com%2Felectrolux-professional%2Felx0cb904%3Fprofile%3Delectrolux&#8221;][vc_empty_space height=&#8221;58px&#8221;][\/vc_column][\/vc_row][vc_row][vc_column width=&#8221;1\/3&#8243;][vc_single_image image=&#8221;18633&#8243; img_size=&#8221;medium&#8221;][vc_empty_space height=&#8221;50px&#8221;][elx_heading text_color=&#8221;inherit&#8221;]Papel para hornear[\/elx_heading][vc_column_text]Apto para modelos con horneado.[\/vc_column_text][vc_empty_space height=&#8221;58px&#8221;][\/vc_column][vc_column width=&#8221;1\/3&#8243;][vc_empty_space height=&#8221;80px&#8221;][vc_single_image image=&#8221;18634&#8243; img_size=&#8221;LARGE&#8221;][vc_empty_space height=&#8221;90px&#8221;][elx_heading text_color=&#8221;inherit&#8221;]Esp\u00e1tula de silicona [\/elx_heading][vc_column_text]Vers\u00e1til con m\u00faltiples usos.[\/vc_column_text][vc_empty_space height=&#8221;58px&#8221;][\/vc_column][vc_column width=&#8221;1\/3&#8243;][vc_empty_space height=&#8221;80px&#8221;][vc_single_image image=&#8221;18635&#8243; img_size=&#8221;medium&#8221;][vc_empty_space height=&#8221;45px&#8221;][elx_heading text_color=&#8221;inherit&#8221;]Cepillo [\/elx_heading][vc_column_text]Para eliminar las migas de la placa de grill y de las superficies de cocci\u00f3n.[\/vc_column_text][vc_empty_space height=&#8221;58px&#8221;][\/vc_column][\/vc_row][vc_row][vc_column width=&#8221;1\/3&#8243;][elx_shop_now button_text=&#8221;shop now&#8221; button_link=&#8221;url:https%3A%2F%2Fbuy.electroluxprofessional.com%2Felectrolux-professional%2Felx0s2225&#8243;][vc_empty_space height=&#8221;58px&#8221;][\/vc_column][vc_column width=&#8221;1\/3&#8243;][elx_shop_now button_text=&#8221;shop now&#8221; button_link=&#8221;url:https%3A%2F%2Fbuy.electroluxprofessional.com%2Felectrolux-professional%2Felx0d4063%3Fprofile%3Delectrolux&#8221;][vc_empty_space height=&#8221;58px&#8221;][\/vc_column][vc_column width=&#8221;1\/3&#8243;][elx_shop_now button_text=&#8221;shop now&#8221; button_link=&#8221;url:https%3A%2F%2Fbuy.electroluxprofessional.com%2Felectrolux-professional%2Felx0d7015&#8243;][vc_empty_space height=&#8221;58px&#8221;][\/vc_column][\/vc_row][vc_row][vc_column][vc_empty_space][elx_heading font_container=&#8221;h3&#8243; text_color=&#8221;inherit&#8221;]Descubre c\u00f3mo personalizar tu SpeeDelight[\/elx_heading][elx_o2000_contact_us s=&#8221;Request of information about accessories and consumables for SpeeDelight&#8221; container=&#8221;elxcontactus1484315184&#8243; r=&#8221;I would like to find out more about accessories and consumables for SpeeDelight. Please get in touch with me.&#8221;][\/vc_column][\/vc_row]<\/p>\n","protected":false},"excerpt":{"rendered":"<p>[vc_row full_width=&#8221;electroluxpro-full-width-no-padding&#8221;][vc_column css=&#8221;.vc_custom_1618358802266{margin-top: -40px !important;border-top-width: -40px !important;padding-top: -40px !important;}&#8221;][elx_full_banner title=&#8221;Accessories and Consumables SpeeDelight&#8221; set_as_h1=&#8221;true&#8221; background_image_media_library=&#8221;15555&#8243; background_image_media_library_mobile=&#8221;15556&#8243; link=&#8221;url:%23contact|title:Discover%20more||&#8221;][vc_row_inner full_width=&#8221;electroluxpro-full-width&#8221; gap=&#8221;15&#8243;][vc_column_inner width=&#8221;1\/4&#8243;][elx_download_block text=&#8221;Cat\u00e1logo de accesorios de protecci\u00f3n, higienizaci\u00f3n y limpieza&#8221; document_type=&#8221;cat&#8221; link=&#8221;https:\/\/tools.electroluxprofessional.com\/Mirror\/Doc\/CAT\/CAT_CAT10_1_5_1_3_Protection_Sanitizing%20and%20Cleaning%20Catalogue%202023_LR.pdf&#8221; background_color=&#8221;electrolux-blue&#8221; background_hover_color=&#8221;lighter-hover&#8221;][\/vc_column_inner][vc_column_inner width=&#8221;1\/4&#8243;][elx_download_block text=&#8221;Genuine Replacement Parts, Accessories &amp; Consumables catalogue&#8221; document_type=&#8221;cat&#8221; link=&#8221;https:\/\/tools.electroluxprofessional.com\/Mirror\/Doc\/CAT\/CAT_CAT19_1_5_1_1_Repl.Parts_Acc_Cons_Catalogue%202023.pdf&#8221; background_color=&#8221;electrolux-blue&#8221; background_hover_color=&#8221;lighter-hover&#8221;][\/vc_column_inner][vc_column_inner width=&#8221;1\/4&#8243;][elx_download_block text=&#8221;Spare Part Kits catalogue&#8221; document_type=&#8221;cat&#8221; link=&#8221;https:\/\/tools.electroluxprofessional.com\/Mirror\/Doc\/CAT\/CAT_CAT9_1_5_1_4_Spare%20Part%20Kits%20Catalogue%202023_LR.pdf&#8221; background_color=&#8221;electrolux-blue&#8221; background_hover_color=&#8221;lighter-hover&#8221;][\/vc_column_inner][vc_column_inner width=&#8221;1\/4&#8243;][elx_download_block text=&#8221;Professional [&hellip;]<\/p>\n","protected":false},"author":243,"featured_media":1955,"parent":0,"menu_order":0,"comment_status":"closed","ping_status":"closed","template":"","meta":{"footnotes":""},"class_list":["post-18636","page","type-page","status-publish","has-post-thumbnail","hentry"],"acf":[],"yoast_head":"<!-- This site is optimized with the Yoast SEO plugin v23.4 - https:\/\/yoast.com\/wordpress\/plugins\/seo\/ -->\n<title>Accesorios y consumibles: SpeeDelight - Electrolux Professional Espa\u00f1a<\/title>\n<meta name=\"description\" content=\"Discover our accessories and consumables for premium maintenance. Brush, spatula, scraper, rapid grease will keep your SpeeDelight snack grill in peak form.\" \/>\n<meta name=\"robots\" content=\"index, follow, max-snippet:-1, max-image-preview:large, max-video-preview:-1\" \/>\n<link rel=\"canonical\" href=\"https:\/\/www.electroluxprofessional.com\/es\/accesorios-y-consumibles__trashed\/speedelight\/\" \/>\n<meta property=\"og:locale\" content=\"es_ES\" \/>\n<meta property=\"og:type\" content=\"article\" \/>\n<meta property=\"og:title\" content=\"Accesorios y consumibles: SpeeDelight - Electrolux Professional Espa\u00f1a\" \/>\n<meta property=\"og:description\" content=\"Discover our accessories and consumables for premium maintenance. Brush, spatula, scraper, rapid grease will keep your SpeeDelight snack grill in peak form.\" \/>\n<meta property=\"og:url\" content=\"https:\/\/www.electroluxprofessional.com\/es\/accesorios-y-consumibles__trashed\/speedelight\/\" \/>\n<meta property=\"og:site_name\" content=\"Electrolux Professional Espa\u00f1a\" \/>\n<meta property=\"article:modified_time\" content=\"2024-07-01T15:34:55+00:00\" \/>\n<meta property=\"og:image\" content=\"https:\/\/www.electroluxprofessional.com\/es\/wp-content\/uploads\/2016\/12\/speedelight.jpg\" \/>\n\t<meta property=\"og:image:width\" content=\"700\" \/>\n\t<meta property=\"og:image:height\" content=\"700\" \/>\n\t<meta property=\"og:image:type\" content=\"image\/jpeg\" \/>\n<meta name=\"twitter:card\" content=\"summary_large_image\" \/>\n<meta name=\"twitter:label1\" content=\"Tiempo de lectura\" \/>\n\t<meta name=\"twitter:data1\" content=\"2 minutos\" \/>\n<script type=\"application\/ld+json\" class=\"yoast-schema-graph\">{\"@context\":\"https:\/\/schema.org\",\"@graph\":[{\"@type\":\"WebPage\",\"@id\":\"https:\/\/www.electroluxprofessional.com\/es\/accesorios-y-consumibles__trashed\/speedelight\/\",\"url\":\"https:\/\/www.electroluxprofessional.com\/es\/accesorios-y-consumibles__trashed\/speedelight\/\",\"name\":\"Accesorios y consumibles: SpeeDelight - Electrolux Professional Espa\u00f1a\",\"isPartOf\":{\"@id\":\"https:\/\/www.electroluxprofessional.com\/es\/#website\"},\"primaryImageOfPage\":{\"@id\":\"https:\/\/www.electroluxprofessional.com\/es\/accesorios-y-consumibles__trashed\/speedelight\/#primaryimage\"},\"image\":{\"@id\":\"https:\/\/www.electroluxprofessional.com\/es\/accesorios-y-consumibles__trashed\/speedelight\/#primaryimage\"},\"thumbnailUrl\":\"https:\/\/www.electroluxprofessional.com\/es\/wp-content\/uploads\/2016\/12\/speedelight.jpg\",\"datePublished\":\"2023-11-14T11:57:48+00:00\",\"dateModified\":\"2024-07-01T15:34:55+00:00\",\"description\":\"Discover our accessories and consumables for premium maintenance. Brush, spatula, scraper, rapid grease will keep your SpeeDelight snack grill in peak form.\",\"breadcrumb\":{\"@id\":\"https:\/\/www.electroluxprofessional.com\/es\/accesorios-y-consumibles__trashed\/speedelight\/#breadcrumb\"},\"inLanguage\":\"es\",\"potentialAction\":[{\"@type\":\"ReadAction\",\"target\":[\"https:\/\/www.electroluxprofessional.com\/es\/accesorios-y-consumibles__trashed\/speedelight\/\"]}]},{\"@type\":\"ImageObject\",\"inLanguage\":\"es\",\"@id\":\"https:\/\/www.electroluxprofessional.com\/es\/accesorios-y-consumibles__trashed\/speedelight\/#primaryimage\",\"url\":\"https:\/\/www.electroluxprofessional.com\/es\/wp-content\/uploads\/2016\/12\/speedelight.jpg\",\"contentUrl\":\"https:\/\/www.electroluxprofessional.com\/es\/wp-content\/uploads\/2016\/12\/speedelight.jpg\",\"width\":700,\"height\":700,\"caption\":\"SpeeDelight\"},{\"@type\":\"BreadcrumbList\",\"@id\":\"https:\/\/www.electroluxprofessional.com\/es\/accesorios-y-consumibles__trashed\/speedelight\/#breadcrumb\",\"itemListElement\":[{\"@type\":\"ListItem\",\"position\":1,\"name\":\"Home\",\"item\":\"https:\/\/www.electroluxprofessional.com\/es\/\"},{\"@type\":\"ListItem\",\"position\":2,\"name\":\"Accesorios y consumibles: SpeeDelight\"}]},{\"@type\":\"WebSite\",\"@id\":\"https:\/\/www.electroluxprofessional.com\/es\/#website\",\"url\":\"https:\/\/www.electroluxprofessional.com\/es\/\",\"name\":\"Electrolux Professional Espa\u00f1a\",\"description\":\"Equipamiento cocinas profesionales y lavander\u00edas comerciales. Excelencia en el suministro de soluciones profesionales.\",\"potentialAction\":[{\"@type\":\"SearchAction\",\"target\":{\"@type\":\"EntryPoint\",\"urlTemplate\":\"https:\/\/www.electroluxprofessional.com\/es\/?src={search_term_string}\"},\"query-input\":{\"@type\":\"PropertyValueSpecification\",\"valueRequired\":true,\"valueName\":\"search_term_string\"}}],\"inLanguage\":\"es\"}]}<\/script>\n<!-- \/ Yoast SEO plugin. -->","yoast_head_json":{"title":"Accesorios y consumibles: SpeeDelight - Electrolux Professional Espa\u00f1a","description":"Discover our accessories and consumables for premium maintenance. Brush, spatula, scraper, rapid grease will keep your SpeeDelight snack grill in peak form.","robots":{"index":"index","follow":"follow","max-snippet":"max-snippet:-1","max-image-preview":"max-image-preview:large","max-video-preview":"max-video-preview:-1"},"canonical":"https:\/\/www.electroluxprofessional.com\/es\/accesorios-y-consumibles__trashed\/speedelight\/","og_locale":"es_ES","og_type":"article","og_title":"Accesorios y consumibles: SpeeDelight - Electrolux Professional Espa\u00f1a","og_description":"Discover our accessories and consumables for premium maintenance. Brush, spatula, scraper, rapid grease will keep your SpeeDelight snack grill in peak form.","og_url":"https:\/\/www.electroluxprofessional.com\/es\/accesorios-y-consumibles__trashed\/speedelight\/","og_site_name":"Electrolux Professional Espa\u00f1a","article_modified_time":"2024-07-01T15:34:55+00:00","og_image":[{"width":700,"height":700,"url":"https:\/\/www.electroluxprofessional.com\/es\/wp-content\/uploads\/2016\/12\/speedelight.jpg","type":"image\/jpeg"}],"twitter_card":"summary_large_image","twitter_misc":{"Tiempo de lectura":"2 minutos"},"schema":{"@context":"https:\/\/schema.org","@graph":[{"@type":"WebPage","@id":"https:\/\/www.electroluxprofessional.com\/es\/accesorios-y-consumibles__trashed\/speedelight\/","url":"https:\/\/www.electroluxprofessional.com\/es\/accesorios-y-consumibles__trashed\/speedelight\/","name":"Accesorios y consumibles: SpeeDelight - Electrolux Professional Espa\u00f1a","isPartOf":{"@id":"https:\/\/www.electroluxprofessional.com\/es\/#website"},"primaryImageOfPage":{"@id":"https:\/\/www.electroluxprofessional.com\/es\/accesorios-y-consumibles__trashed\/speedelight\/#primaryimage"},"image":{"@id":"https:\/\/www.electroluxprofessional.com\/es\/accesorios-y-consumibles__trashed\/speedelight\/#primaryimage"},"thumbnailUrl":"https:\/\/www.electroluxprofessional.com\/es\/wp-content\/uploads\/2016\/12\/speedelight.jpg","datePublished":"2023-11-14T11:57:48+00:00","dateModified":"2024-07-01T15:34:55+00:00","description":"Discover our accessories and consumables for premium maintenance. Brush, spatula, scraper, rapid grease will keep your SpeeDelight snack grill in peak form.","breadcrumb":{"@id":"https:\/\/www.electroluxprofessional.com\/es\/accesorios-y-consumibles__trashed\/speedelight\/#breadcrumb"},"inLanguage":"es","potentialAction":[{"@type":"ReadAction","target":["https:\/\/www.electroluxprofessional.com\/es\/accesorios-y-consumibles__trashed\/speedelight\/"]}]},{"@type":"ImageObject","inLanguage":"es","@id":"https:\/\/www.electroluxprofessional.com\/es\/accesorios-y-consumibles__trashed\/speedelight\/#primaryimage","url":"https:\/\/www.electroluxprofessional.com\/es\/wp-content\/uploads\/2016\/12\/speedelight.jpg","contentUrl":"https:\/\/www.electroluxprofessional.com\/es\/wp-content\/uploads\/2016\/12\/speedelight.jpg","width":700,"height":700,"caption":"SpeeDelight"},{"@type":"BreadcrumbList","@id":"https:\/\/www.electroluxprofessional.com\/es\/accesorios-y-consumibles__trashed\/speedelight\/#breadcrumb","itemListElement":[{"@type":"ListItem","position":1,"name":"Home","item":"https:\/\/www.electroluxprofessional.com\/es\/"},{"@type":"ListItem","position":2,"name":"Accesorios y consumibles: SpeeDelight"}]},{"@type":"WebSite","@id":"https:\/\/www.electroluxprofessional.com\/es\/#website","url":"https:\/\/www.electroluxprofessional.com\/es\/","name":"Electrolux Professional Espa\u00f1a","description":"Equipamiento cocinas profesionales y lavander\u00edas comerciales. Excelencia en el suministro de soluciones profesionales.","potentialAction":[{"@type":"SearchAction","target":{"@type":"EntryPoint","urlTemplate":"https:\/\/www.electroluxprofessional.com\/es\/?src={search_term_string}"},"query-input":{"@type":"PropertyValueSpecification","valueRequired":true,"valueName":"search_term_string"}}],"inLanguage":"es"}]}},"_links":{"self":[{"href":"https:\/\/www.electroluxprofessional.com\/es\/wp-json\/wp\/v2\/pages\/18636"}],"collection":[{"href":"https:\/\/www.electroluxprofessional.com\/es\/wp-json\/wp\/v2\/pages"}],"about":[{"href":"https:\/\/www.electroluxprofessional.com\/es\/wp-json\/wp\/v2\/types\/page"}],"author":[{"embeddable":true,"href":"https:\/\/www.electroluxprofessional.com\/es\/wp-json\/wp\/v2\/users\/243"}],"replies":[{"embeddable":true,"href":"https:\/\/www.electroluxprofessional.com\/es\/wp-json\/wp\/v2\/comments?post=18636"}],"version-history":[{"count":8,"href":"https:\/\/www.electroluxprofessional.com\/es\/wp-json\/wp\/v2\/pages\/18636\/revisions"}],"predecessor-version":[{"id":20006,"href":"https:\/\/www.electroluxprofessional.com\/es\/wp-json\/wp\/v2\/pages\/18636\/revisions\/20006"}],"wp:featuredmedia":[{"embeddable":true,"href":"https:\/\/www.electroluxprofessional.com\/es\/wp-json\/wp\/v2\/media\/1955"}],"wp:attachment":[{"href":"https:\/\/www.electroluxprofessional.com\/es\/wp-json\/wp\/v2\/media?parent=18636"}],"curies":[{"name":"wp","href":"https:\/\/api.w.org\/{rel}","templated":true}]}}