{"id":1785,"date":"2017-02-22T11:57:09","date_gmt":"2017-02-22T11:57:09","guid":{"rendered":"https:\/\/www.electroluxprofessional.com\/es\/?page_id=1785"},"modified":"2025-10-15T12:20:38","modified_gmt":"2025-10-15T12:20:38","slug":"sistemas-de-pago","status":"publish","type":"page","link":"https:\/\/www.electroluxprofessional.com\/es\/equipamiento-lavanderia-comercial\/sistemas-de-pago\/","title":{"rendered":"Sistemas de Pago"},"content":{"rendered":"<p>[vc_row full_width=&#8221;electroluxpro-full-width-no-padding&#8221;][vc_column][elx_full_banner title=&#8221;Sistemas de pago&#8221; set_as_h1=&#8221;true&#8221; link=&#8221;url:https%3A%2F%2Fwww.electroluxprofessional.com%2Fes%2Fsistemas-de-pago%2F|title:DESCUBRE%20M%C3%81S&#8221; background_image_media_library=&#8221;19324&#8243; background_image_media_library_mobile=&#8221;19324&#8243;][\/vc_column][\/vc_row][vc_row full_width=&#8221;electroluxpro-full-width-no-padding&#8221; css=&#8221;.vc_custom_1709409734153{background-color: #14133b !important;}&#8221;][vc_column][elx_download_block text=&#8221;Descubre nuestros sistemas de pago para tu lavander\u00eda&#8221; link=&#8221;https:\/\/www.electroluxprofessional.com\/wp-content\/uploads\/2016\/11\/Payment-Systems-Self-Service-Laundries-Electrolux-Professional.pdf&#8221; background_color=&#8221;inherit&#8221;][\/vc_column][\/vc_row][vc_row][vc_column][vc_empty_space][elx_heading font_size=&#8221;h3&#8243; text_color=&#8221;inherit&#8221;]Desde el pago en la m\u00e1quina con tarjeta, moneda o ficha hasta la posibilidad de conectar las m\u00e1quinas a sistemas de pago centralizados.[\/elx_heading][vc_empty_space][elx_heading font_container=&#8221;h3&#8243; text_color=&#8221;inherit&#8221;]Una amplia gama de sistemas de pago[\/elx_heading][\/vc_column][\/vc_row][vc_row][vc_column][vc_empty_space][vc_column_text]Los sistemas de pago para lavadoras y secadoras est\u00e1n disponibles como kits de solo monedero, solo cajones de monedas o kits completos con monederos y cajones de monedas.<\/p>\n<p>Bajo pedido, nuestras lavadoras y secadoras est\u00e1n listas para conectar a la gran mayor\u00eda de sistemas de pago disponibles en la actualidad en todo el mundo.<\/p>\n<p>Ponte en contacto con nosotros, tenemos una amplia gama de soluciones y sistemas de pago para ti.[\/vc_column_text][\/vc_column][\/vc_row][vc_row css=&#8221;.vc_custom_1709410806026{background-color: #efefef !important;}&#8221;][vc_column][vc_empty_space][elx_heading text_color=&#8221;electrolux-blue&#8221; text_align=&#8221;text-center&#8221;]Muchas opciones pr\u00e1cticas[\/elx_heading][vc_empty_space][vc_row_inner css=&#8221;.vc_custom_1709410775978{background-color: #efefef !important;}&#8221;][vc_column_inner width=&#8221;1\/3&#8243;][vc_empty_space][vc_single_image image=&#8221;19336&#8243; img_size=&#8221;full&#8221; alignment=&#8221;center&#8221;][elx_heading font_container=&#8221;h6&#8243; text_color=&#8221;inherit&#8221; text_align=&#8221;text-center&#8221;]Contadores de monedas[\/elx_heading][vc_column_text]<\/p>\n<p class=\"p1\" style=\"text-align: center;\">Fichas o monedas, mec\u00e1nicas o electromec\u00e1nicas<\/p>\n<p>[\/vc_column_text][vc_empty_space][\/vc_column_inner][vc_column_inner width=&#8221;1\/3&#8243;][vc_empty_space][vc_single_image image=&#8221;19339&#8243; img_size=&#8221;full&#8221; alignment=&#8221;center&#8221;][elx_heading font_container=&#8221;h6&#8243; text_color=&#8221;inherit&#8221; text_align=&#8221;text-center&#8221;]Lectores de tarjetas[\/elx_heading][vc_column_text]<\/p>\n<p class=\"p1\" style=\"text-align: center;\">Prepago, tarjetas llave, tarjetas bancarias<\/p>\n<p>[\/vc_column_text][vc_empty_space][\/vc_column_inner][vc_column_inner width=&#8221;1\/3&#8243;][vc_empty_space][vc_single_image image=&#8221;19340&#8243; img_size=&#8221;full&#8221; alignment=&#8221;center&#8221;][elx_heading font_container=&#8221;h6&#8243; text_color=&#8221;inherit&#8221; text_align=&#8221;text-center&#8221;]Aplicaciones[\/elx_heading][vc_column_text]<\/p>\n<p class=\"p1\" style=\"text-align: center;\">Independiente<br \/>\nConectadas a sistemas de pago existentes<\/p>\n<p>[\/vc_column_text][vc_empty_space][\/vc_column_inner][\/vc_row_inner][vc_row_inner css=&#8221;.vc_custom_1709410775978{background-color: #efefef !important;}&#8221;][vc_column_inner width=&#8221;1\/3&#8243;][vc_empty_space][vc_single_image image=&#8221;19347&#8243; img_size=&#8221;full&#8221; alignment=&#8221;center&#8221;][elx_heading font_container=&#8221;h6&#8243; text_color=&#8221;inherit&#8221; text_align=&#8221;text-center&#8221;]Contadores inteligentes[\/elx_heading][vc_column_text]<\/p>\n<p class=\"p1\" style=\"text-align: center;\">Mecanismo aut\u00f3nomo para encender o apagar el suministro el\u00e9ctrico<\/p>\n<p>[\/vc_column_text][vc_empty_space][\/vc_column_inner][vc_column_inner width=&#8221;1\/3&#8243;][vc_empty_space][vc_single_image image=&#8221;19348&#8243; img_size=&#8221;full&#8221; alignment=&#8221;center&#8221;][elx_heading font_container=&#8221;h6&#8243; text_color=&#8221;inherit&#8221; text_align=&#8221;text-center&#8221;]Sistemas centrales de pago[\/elx_heading][vc_column_text]<\/p>\n<p class=\"p1\" style=\"text-align: center;\">Una \u00fanica estaci\u00f3n de pago para controlar varias m\u00e1quinas<\/p>\n<p>[\/vc_column_text][vc_empty_space][\/vc_column_inner][vc_column_inner width=&#8221;1\/3&#8243;][vc_empty_space][vc_single_image image=&#8221;19349&#8243; img_size=&#8221;full&#8221; alignment=&#8221;center&#8221;][elx_heading font_container=&#8221;h6&#8243; text_color=&#8221;inherit&#8221; text_align=&#8221;text-center&#8221;]Sistemas de reserva con pago mensual[\/elx_heading][vc_column_text]<\/p>\n<p class=\"p1\" style=\"text-align: center;\">Un dispositivo por lavander\u00eda para reservar m\u00e1quinas en persona o a distancia.<br \/>\nVarias opciones de pago<\/p>\n<p>[\/vc_column_text][vc_empty_space][\/vc_column_inner][\/vc_row_inner][\/vc_column][\/vc_row][vc_row][vc_column][elx_heading font_size=&#8221;h3&#8243; text_color=&#8221;inherit&#8221;]Descubre lo que Electrolux puede hacer por tu negocio[\/elx_heading][vc_empty_space][elx_o2000_contact_us s=&#8221;Petici\u00f3n de informaci\u00f3n sobre Sistemas de Pago&#8230;&#8221; country=&#8221;Spain&#8221; b=&#8221;laundry&#8221; container=&#8221;elxcontactus1478764167&#8243; r=&#8221;Me gustar\u00eda tener m\u00e1s informaci\u00f3n sobre Sistemas de Pago de Lavander\u00eda, por favor, contacten conmigo&#8221; e=&#8221;foodservice@electrolux.es&#8221; l=&#8221;es&#8221;][\/vc_column][\/vc_row]<\/p>\n","protected":false},"excerpt":{"rendered":"<p>[vc_row full_width=&#8221;electroluxpro-full-width-no-padding&#8221;][vc_column][elx_full_banner title=&#8221;Sistemas de pago&#8221; set_as_h1=&#8221;true&#8221; link=&#8221;url:https%3A%2F%2Fwww.electroluxprofessional.com%2Fes%2Fsistemas-de-pago%2F|title:DESCUBRE%20M%C3%81S&#8221; background_image_media_library=&#8221;19324&#8243; background_image_media_library_mobile=&#8221;19324&#8243;][\/vc_column][\/vc_row][vc_row full_width=&#8221;electroluxpro-full-width-no-padding&#8221; css=&#8221;.vc_custom_1709409734153{background-color: #14133b !important;}&#8221;][vc_column][elx_download_block text=&#8221;Descubre nuestros sistemas de pago para tu lavander\u00eda&#8221; link=&#8221;https:\/\/www.electroluxprofessional.com\/wp-content\/uploads\/2016\/11\/Payment-Systems-Self-Service-Laundries-Electrolux-Professional.pdf&#8221; background_color=&#8221;inherit&#8221;][\/vc_column][\/vc_row][vc_row][vc_column][vc_empty_space][elx_heading font_size=&#8221;h3&#8243; text_color=&#8221;inherit&#8221;]Desde el pago en la m\u00e1quina con tarjeta, moneda o ficha hasta la posibilidad de conectar las m\u00e1quinas a sistemas de pago centralizados.[\/elx_heading][vc_empty_space][elx_heading font_container=&#8221;h3&#8243; text_color=&#8221;inherit&#8221;]Una amplia gama de sistemas de pago[\/elx_heading][\/vc_column][\/vc_row][vc_row][vc_column][vc_empty_space][vc_column_text]Los [&hellip;]<\/p>\n","protected":false},"author":3,"featured_media":0,"parent":1256,"menu_order":0,"comment_status":"closed","ping_status":"closed","template":"","meta":{"footnotes":""},"class_list":["post-1785","page","type-page","status-publish","hentry"],"acf":[],"yoast_head":"<!-- This site is optimized with the Yoast SEO plugin v23.4 - https:\/\/yoast.com\/wordpress\/plugins\/seo\/ -->\n<title>Sistemas de Pago - Electrolux Professional Espa\u00f1a<\/title>\n<meta name=\"description\" content=\"Electrolux Professional ofrece una variedad de sistemas de pago para lavander\u00edas, desde contadores de monedas hasta lectores de tarjetas y aplicaciones conectadas.\" \/>\n<meta name=\"robots\" content=\"index, follow, max-snippet:-1, max-image-preview:large, max-video-preview:-1\" \/>\n<link rel=\"canonical\" href=\"https:\/\/www.electroluxprofessional.com\/es\/equipamiento-lavanderia-comercial\/sistemas-de-pago\/\" \/>\n<meta property=\"og:locale\" content=\"es_ES\" \/>\n<meta property=\"og:type\" content=\"article\" \/>\n<meta property=\"og:title\" content=\"Sistemas de Pago - Electrolux Professional Espa\u00f1a\" \/>\n<meta property=\"og:description\" content=\"Electrolux Professional ofrece una variedad de sistemas de pago para lavander\u00edas, desde contadores de monedas hasta lectores de tarjetas y aplicaciones conectadas.\" \/>\n<meta property=\"og:url\" content=\"https:\/\/www.electroluxprofessional.com\/es\/equipamiento-lavanderia-comercial\/sistemas-de-pago\/\" \/>\n<meta property=\"og:site_name\" content=\"Electrolux Professional Espa\u00f1a\" \/>\n<meta property=\"article:modified_time\" content=\"2025-10-15T12:20:38+00:00\" \/>\n<meta name=\"twitter:card\" content=\"summary_large_image\" \/>\n<meta name=\"twitter:label1\" content=\"Tiempo de lectura\" \/>\n\t<meta name=\"twitter:data1\" content=\"2 minutos\" \/>\n<script type=\"application\/ld+json\" class=\"yoast-schema-graph\">{\"@context\":\"https:\/\/schema.org\",\"@graph\":[{\"@type\":\"WebPage\",\"@id\":\"https:\/\/www.electroluxprofessional.com\/es\/equipamiento-lavanderia-comercial\/sistemas-de-pago\/\",\"url\":\"https:\/\/www.electroluxprofessional.com\/es\/equipamiento-lavanderia-comercial\/sistemas-de-pago\/\",\"name\":\"Sistemas de Pago - Electrolux Professional Espa\u00f1a\",\"isPartOf\":{\"@id\":\"https:\/\/www.electroluxprofessional.com\/es\/#website\"},\"datePublished\":\"2017-02-22T11:57:09+00:00\",\"dateModified\":\"2025-10-15T12:20:38+00:00\",\"description\":\"Electrolux Professional ofrece una variedad de sistemas de pago para lavander\u00edas, desde contadores de monedas hasta lectores de tarjetas y aplicaciones conectadas.\",\"breadcrumb\":{\"@id\":\"https:\/\/www.electroluxprofessional.com\/es\/equipamiento-lavanderia-comercial\/sistemas-de-pago\/#breadcrumb\"},\"inLanguage\":\"es\",\"potentialAction\":[{\"@type\":\"ReadAction\",\"target\":[\"https:\/\/www.electroluxprofessional.com\/es\/equipamiento-lavanderia-comercial\/sistemas-de-pago\/\"]}]},{\"@type\":\"BreadcrumbList\",\"@id\":\"https:\/\/www.electroluxprofessional.com\/es\/equipamiento-lavanderia-comercial\/sistemas-de-pago\/#breadcrumb\",\"itemListElement\":[{\"@type\":\"ListItem\",\"position\":1,\"name\":\"Home\",\"item\":\"https:\/\/www.electroluxprofessional.com\/es\/\"},{\"@type\":\"ListItem\",\"position\":2,\"name\":\"Equipamiento de Lavander\u00eda\",\"item\":\"https:\/\/www.electroluxprofessional.com\/es\/equipamiento-lavanderia-comercial\/\"},{\"@type\":\"ListItem\",\"position\":3,\"name\":\"Sistemas de Pago\"}]},{\"@type\":\"WebSite\",\"@id\":\"https:\/\/www.electroluxprofessional.com\/es\/#website\",\"url\":\"https:\/\/www.electroluxprofessional.com\/es\/\",\"name\":\"Electrolux Professional Espa\u00f1a\",\"description\":\"Equipamiento cocinas profesionales y lavander\u00edas comerciales. Excelencia en el suministro de soluciones profesionales.\",\"potentialAction\":[{\"@type\":\"SearchAction\",\"target\":{\"@type\":\"EntryPoint\",\"urlTemplate\":\"https:\/\/www.electroluxprofessional.com\/es\/?src={search_term_string}\"},\"query-input\":{\"@type\":\"PropertyValueSpecification\",\"valueRequired\":true,\"valueName\":\"search_term_string\"}}],\"inLanguage\":\"es\"}]}<\/script>\n<!-- \/ Yoast SEO plugin. -->","yoast_head_json":{"title":"Sistemas de Pago - Electrolux Professional Espa\u00f1a","description":"Electrolux Professional ofrece una variedad de sistemas de pago para lavander\u00edas, desde contadores de monedas hasta lectores de tarjetas y aplicaciones conectadas.","robots":{"index":"index","follow":"follow","max-snippet":"max-snippet:-1","max-image-preview":"max-image-preview:large","max-video-preview":"max-video-preview:-1"},"canonical":"https:\/\/www.electroluxprofessional.com\/es\/equipamiento-lavanderia-comercial\/sistemas-de-pago\/","og_locale":"es_ES","og_type":"article","og_title":"Sistemas de Pago - Electrolux Professional Espa\u00f1a","og_description":"Electrolux Professional ofrece una variedad de sistemas de pago para lavander\u00edas, desde contadores de monedas hasta lectores de tarjetas y aplicaciones conectadas.","og_url":"https:\/\/www.electroluxprofessional.com\/es\/equipamiento-lavanderia-comercial\/sistemas-de-pago\/","og_site_name":"Electrolux Professional Espa\u00f1a","article_modified_time":"2025-10-15T12:20:38+00:00","twitter_card":"summary_large_image","twitter_misc":{"Tiempo de lectura":"2 minutos"},"schema":{"@context":"https:\/\/schema.org","@graph":[{"@type":"WebPage","@id":"https:\/\/www.electroluxprofessional.com\/es\/equipamiento-lavanderia-comercial\/sistemas-de-pago\/","url":"https:\/\/www.electroluxprofessional.com\/es\/equipamiento-lavanderia-comercial\/sistemas-de-pago\/","name":"Sistemas de Pago - Electrolux Professional Espa\u00f1a","isPartOf":{"@id":"https:\/\/www.electroluxprofessional.com\/es\/#website"},"datePublished":"2017-02-22T11:57:09+00:00","dateModified":"2025-10-15T12:20:38+00:00","description":"Electrolux Professional ofrece una variedad de sistemas de pago para lavander\u00edas, desde contadores de monedas hasta lectores de tarjetas y aplicaciones conectadas.","breadcrumb":{"@id":"https:\/\/www.electroluxprofessional.com\/es\/equipamiento-lavanderia-comercial\/sistemas-de-pago\/#breadcrumb"},"inLanguage":"es","potentialAction":[{"@type":"ReadAction","target":["https:\/\/www.electroluxprofessional.com\/es\/equipamiento-lavanderia-comercial\/sistemas-de-pago\/"]}]},{"@type":"BreadcrumbList","@id":"https:\/\/www.electroluxprofessional.com\/es\/equipamiento-lavanderia-comercial\/sistemas-de-pago\/#breadcrumb","itemListElement":[{"@type":"ListItem","position":1,"name":"Home","item":"https:\/\/www.electroluxprofessional.com\/es\/"},{"@type":"ListItem","position":2,"name":"Equipamiento de Lavander\u00eda","item":"https:\/\/www.electroluxprofessional.com\/es\/equipamiento-lavanderia-comercial\/"},{"@type":"ListItem","position":3,"name":"Sistemas de Pago"}]},{"@type":"WebSite","@id":"https:\/\/www.electroluxprofessional.com\/es\/#website","url":"https:\/\/www.electroluxprofessional.com\/es\/","name":"Electrolux Professional Espa\u00f1a","description":"Equipamiento cocinas profesionales y lavander\u00edas comerciales. Excelencia en el suministro de soluciones profesionales.","potentialAction":[{"@type":"SearchAction","target":{"@type":"EntryPoint","urlTemplate":"https:\/\/www.electroluxprofessional.com\/es\/?src={search_term_string}"},"query-input":{"@type":"PropertyValueSpecification","valueRequired":true,"valueName":"search_term_string"}}],"inLanguage":"es"}]}},"_links":{"self":[{"href":"https:\/\/www.electroluxprofessional.com\/es\/wp-json\/wp\/v2\/pages\/1785"}],"collection":[{"href":"https:\/\/www.electroluxprofessional.com\/es\/wp-json\/wp\/v2\/pages"}],"about":[{"href":"https:\/\/www.electroluxprofessional.com\/es\/wp-json\/wp\/v2\/types\/page"}],"author":[{"embeddable":true,"href":"https:\/\/www.electroluxprofessional.com\/es\/wp-json\/wp\/v2\/users\/3"}],"replies":[{"embeddable":true,"href":"https:\/\/www.electroluxprofessional.com\/es\/wp-json\/wp\/v2\/comments?post=1785"}],"version-history":[{"count":30,"href":"https:\/\/www.electroluxprofessional.com\/es\/wp-json\/wp\/v2\/pages\/1785\/revisions"}],"predecessor-version":[{"id":24250,"href":"https:\/\/www.electroluxprofessional.com\/es\/wp-json\/wp\/v2\/pages\/1785\/revisions\/24250"}],"up":[{"embeddable":true,"href":"https:\/\/www.electroluxprofessional.com\/es\/wp-json\/wp\/v2\/pages\/1256"}],"wp:attachment":[{"href":"https:\/\/www.electroluxprofessional.com\/es\/wp-json\/wp\/v2\/media?parent=1785"}],"curies":[{"name":"wp","href":"https:\/\/api.w.org\/{rel}","templated":true}]}}