{"id":17725,"date":"2023-04-13T13:47:00","date_gmt":"2023-04-13T13:47:00","guid":{"rendered":"https:\/\/www.electroluxprofessional.com\/es\/?page_id=17725"},"modified":"2025-07-15T16:42:15","modified_gmt":"2025-07-15T16:42:15","slug":"linea-6000-detergentes-ecologicos","status":"publish","type":"page","link":"https:\/\/www.electroluxprofessional.com\/es\/linea-6000-detergentes-ecologicos\/","title":{"rendered":"Detergentes ecol\u00f3gicos"},"content":{"rendered":"<p>[vc_row full_width=&#8221;electroluxpro-full-width-no-padding&#8221;][vc_column][elx_image_block background_image=&#8221;17706&#8243; minimum_height=&#8221;350px&#8221;][vc_empty_space][\/vc_column][\/vc_row][vc_row][vc_column][vc_column_text]<\/p>\n<h1 style=\"text-align: center;\">Detergentes ecol\u00f3gicos de la L\u00ednea 6000:<br \/>\nLa elecci\u00f3n natural para limpiar toda la ropa y tejidos<\/h1>\n<p>[\/vc_column_text][vc_empty_space][\/vc_column][\/vc_row][vc_row disable_element=&#8221;yes&#8221;][vc_column width=&#8221;1\/2&#8243;][vc_column_text]<\/p>\n<p style=\"text-align: center; font-size: 40px;\">Ampl\u00eda la sostenibilidad de tu empresa<br \/>\neligiendo a los compa\u00f1eros adecuados<\/p>\n<p>[\/vc_column_text][\/vc_column][vc_column width=&#8221;1\/2&#8243;][elx_download_block background_color=&#8221;electrolux-blue&#8221;][\/vc_column][\/vc_row][vc_row][vc_column][vc_empty_space][\/vc_column][\/vc_row][vc_row equal_height=&#8221;yes&#8221; content_placement=&#8221;middle&#8221;][vc_column width=&#8221;1\/2&#8243; css=&#8221;.vc_custom_1634290239036{padding-right: 0px !important;padding-left: 0px !important;}&#8221;][elx_image_block background_image=&#8221;17705&#8243; minimum_height=&#8221;500px&#8221;][\/vc_column][vc_column width=&#8221;1\/2&#8243; css=&#8221;.vc_custom_1634290612414{padding-left: 0px !important;background-color: #e8eff5 !important;}&#8221;][vc_column_text css=&#8221;.vc_custom_1681393854089{padding-top: 160px !important;padding-right: 50px !important;padding-bottom: 160px !important;padding-left: 50px !important;}&#8221;]<span style=\"font-size: 30px;\">Experiencia certificada para garantizarte un rendimiento y unos resultados inigualables cada d\u00eda<\/span>[\/vc_column_text][\/vc_column][\/vc_row][vc_row][vc_column][vc_empty_space][elx_download_block text=&#8221;Descarga el leaflet sobre Detergentes, Sistemas de Dosificaci\u00f3n y Almacenamiento&#8221; document_type=&#8221;brochures&#8221; link=&#8221;https:\/\/webgate.electroluxprofessional.com\/PrIDE\/PrIDE_Attach_r\/ELS\/CLFL\/EPR-leaflet-DetergentsDosingSystems-Storage_ES_Single%20page.pdf?csrt=17546710202590329897&#8243; background_color=&#8221;electrolux-blue&#8221;][vc_empty_space][vc_column_text]<\/p>\n<h2 style=\"text-align: center;\">Ampl\u00eda la sostenibilidad de tu empresa<br \/>\neligiendo a los compa\u00f1eros adecuados<\/h2>\n<p>[\/vc_column_text][vc_empty_space][\/vc_column][\/vc_row][vc_row css=&#8221;.vc_custom_1634290625159{background-color: #e8eff5 !important;}&#8221;][vc_column][vc_empty_space height=&#8221;60px&#8221;][vc_row_inner][vc_column_inner width=&#8221;1\/4&#8243;][vc_empty_space][\/vc_column_inner][vc_column_inner width=&#8221;1\/2&#8243;][vc_single_image image=&#8221;17707&#8243; img_size=&#8221;medium&#8221; alignment=&#8221;center&#8221;][\/vc_column_inner][vc_column_inner width=&#8221;1\/4&#8243;][vc_empty_space][\/vc_column_inner][\/vc_row_inner][vc_empty_space][vc_column_text]<\/p>\n<h3 style=\"text-align: center;\">Cumple con los requisitos de la ETIQUETA ECOL\u00d3GICA EUROPEA<\/h3>\n<p style=\"text-align: center;\">Y esto significa respetar especificaciones muy estrictas sobre materias primas, criterios de alto rendimiento y un riguroso planteamiento de respeto con el Medio Ambiente.<\/p>\n<p>[\/vc_column_text][vc_empty_space][vc_row_inner][vc_column_inner width=&#8221;1\/4&#8243;][vc_empty_space][\/vc_column_inner][vc_column_inner width=&#8221;1\/4&#8243;][vc_single_image image=&#8221;17708&#8243; img_size=&#8221;medium&#8221; alignment=&#8221;center&#8221;][\/vc_column_inner][vc_column_inner width=&#8221;1\/4&#8243;][vc_single_image image=&#8221;17709&#8243; img_size=&#8221;medium&#8221; alignment=&#8221;center&#8221;][\/vc_column_inner][vc_column_inner width=&#8221;1\/4&#8243;][vc_empty_space][\/vc_column_inner][\/vc_row_inner][vc_empty_space][vc_column_text]<\/p>\n<h3 style=\"text-align: center;\">Certificado Ecolabel, dermatol\u00f3gicamente testado e hipoalerg\u00e9nico.<\/h3>\n<p style=\"text-align: center;\">Los detergentes de la gama ecol\u00f3gica L\u00ednea 6000 han sido desarrollados para ofrecer una alta calidad, seguridad y eficacia inigualables garantizando un bajo impacto medioambiental.<\/p>\n<p>[\/vc_column_text][vc_empty_space][vc_row_inner][vc_column_inner width=&#8221;1\/3&#8243;][vc_single_image image=&#8221;17710&#8243; img_size=&#8221;medium&#8221; alignment=&#8221;center&#8221;][vc_column_text]<\/p>\n<h5 style=\"text-align: center;\">L02 &#8211; Lavado ecol\u00f3gico<\/h5>\n<p>[\/vc_column_text][\/vc_column_inner][vc_column_inner width=&#8221;1\/3&#8243;][vc_single_image image=&#8221;17711&#8243; img_size=&#8221;medium&#8221; alignment=&#8221;center&#8221;][vc_column_text]<\/p>\n<h5 style=\"text-align: center;\">L01 &#8211; Polvo ecol\u00f3gico<\/h5>\n<p>[\/vc_column_text][\/vc_column_inner][vc_column_inner width=&#8221;1\/3&#8243;][vc_single_image image=&#8221;17712&#8243; img_size=&#8221;medium&#8221; alignment=&#8221;center&#8221;][vc_column_text]<\/p>\n<h5 style=\"text-align: center;\">L00 &#8211; Desengrasante ecol\u00f3gico<\/h5>\n<p>[\/vc_column_text][\/vc_column_inner][\/vc_row_inner][vc_empty_space][vc_row_inner][vc_column_inner width=&#8221;1\/3&#8243;][vc_single_image image=&#8221;17713&#8243; img_size=&#8221;medium&#8221; alignment=&#8221;center&#8221;][vc_column_text]<\/p>\n<h4 style=\"text-align: center;\">L05 &#8211; Suavizante Eco<\/h4>\n<p>[\/vc_column_text][\/vc_column_inner][vc_column_inner width=&#8221;1\/3&#8243;][vc_single_image image=&#8221;17714&#8243; img_size=&#8221;medium&#8221; alignment=&#8221;center&#8221;][vc_column_text]<\/p>\n<h5 style=\"text-align: center;\">L04 &#8211; Lej\u00eda ecol\u00f3gica<\/h5>\n<p>[\/vc_column_text][\/vc_column_inner][vc_column_inner width=&#8221;1\/3&#8243;][vc_single_image image=&#8221;17715&#8243; img_size=&#8221;medium&#8221; alignment=&#8221;center&#8221;][vc_column_text]<\/p>\n<h5 style=\"text-align: center;\">L03 &#8211; Refuerzo Eco<\/h5>\n<p>[\/vc_column_text][\/vc_column_inner][\/vc_row_inner][vc_empty_space height=&#8221;100px&#8221;][\/vc_column][\/vc_row][vc_row][vc_column][vc_empty_space height=&#8221;100px&#8221;][\/vc_column][\/vc_row][vc_row css=&#8221;.vc_custom_1634293530612{background-color: #f9f9f9 !important;}&#8221;][vc_column][vc_empty_space height=&#8221;60px&#8221;][vc_row_inner][vc_column_inner width=&#8221;1\/4&#8243;][vc_empty_space][\/vc_column_inner][vc_column_inner width=&#8221;1\/2&#8243;][vc_single_image image=&#8221;17716&#8243; img_size=&#8221;medium&#8221; alignment=&#8221;center&#8221;][\/vc_column_inner][vc_column_inner width=&#8221;1\/4&#8243;][vc_empty_space][\/vc_column_inner][\/vc_row_inner][vc_empty_space][vc_column_text]<\/p>\n<h3 style=\"text-align: center;\">La etiqueta ecol\u00f3gica Nordic Swan es un sistema de etiquetado ecol\u00f3gico ISO 14024 tipo 1<br \/>\ny es un \u00f3rgano de control de terceros.<\/h3>\n<p style=\"text-align: center;\">Los productos que llevan la etiqueta ecol\u00f3gica Nordic Swan cumplen con unos requisitos medioambientales muy estrictos.<\/p>\n<p>[\/vc_column_text][vc_empty_space height=&#8221;50px&#8221;][vc_row_inner][vc_column_inner width=&#8221;1\/5&#8243;][vc_empty_space][\/vc_column_inner][vc_column_inner width=&#8221;1\/5&#8243;][vc_single_image image=&#8221;17717&#8243; img_size=&#8221;full&#8221; alignment=&#8221;center&#8221;][\/vc_column_inner][vc_column_inner width=&#8221;1\/5&#8243;][vc_single_image image=&#8221;17708&#8243; img_size=&#8221;full&#8221; alignment=&#8221;center&#8221;][\/vc_column_inner][vc_column_inner width=&#8221;1\/5&#8243;][vc_single_image image=&#8221;17709&#8243; img_size=&#8221;full&#8221; alignment=&#8221;center&#8221;][\/vc_column_inner][vc_column_inner width=&#8221;1\/5&#8243;][vc_empty_space][\/vc_column_inner][\/vc_row_inner][vc_empty_space height=&#8221;50px&#8221;][vc_column_text]<\/p>\n<h3 style=\"text-align: center;\">Certificado Ecolabel, dermatol\u00f3gicamente testado e hipoalerg\u00e9nico.<\/h3>\n<p style=\"text-align: center;\">Los detergentes de la gama ecol\u00f3gica L\u00ednea 6000 han sido desarrollados para ofrecer una alta calidad, seguridad y eficacia garantizando un bajo impacto medioambiental.<\/p>\n<p>[\/vc_column_text][vc_empty_space height=&#8221;50px&#8221;][vc_row_inner][vc_column_inner width=&#8221;1\/4&#8243;][vc_empty_space][\/vc_column_inner][vc_column_inner width=&#8221;1\/4&#8243;][vc_single_image image=&#8221;17718&#8243; img_size=&#8221;full&#8221; alignment=&#8221;center&#8221;][vc_column_text]<\/p>\n<h4 style=\"text-align: center;\">L06 &#8211; Detergente Swan<\/h4>\n<p>[\/vc_column_text][\/vc_column_inner][vc_column_inner width=&#8221;1\/4&#8243;][vc_single_image image=&#8221;17719&#8243; img_size=&#8221;full&#8221; alignment=&#8221;center&#8221;][vc_column_text]<\/p>\n<h4 style=\"text-align: center;\">L07 \u2013 Detergente Soft Swan<\/h4>\n<h4 style=\"text-align: center;\"><\/h4>\n<p>[\/vc_column_text][\/vc_column_inner][vc_column_inner width=&#8221;1\/4&#8243;][vc_empty_space][\/vc_column_inner][\/vc_row_inner][vc_empty_space][vc_row_inner][vc_column_inner width=&#8221;1\/4&#8243;][vc_empty_space][\/vc_column_inner][vc_column_inner width=&#8221;1\/4&#8243;][vc_single_image image=&#8221;17720&#8243; img_size=&#8221;full&#8221; alignment=&#8221;center&#8221;][vc_column_text]<\/p>\n<h4 style=\"text-align: center;\">L08 &#8211; Lej\u00eda Swan<\/h4>\n<p>[\/vc_column_text][\/vc_column_inner][vc_column_inner width=&#8221;1\/4&#8243;][vc_single_image image=&#8221;17721&#8243; img_size=&#8221;full&#8221; alignment=&#8221;center&#8221;][vc_column_text]<\/p>\n<h4 style=\"text-align: center;\">L09 \u2013Descalcificador Swan<\/h4>\n<p>[\/vc_column_text][\/vc_column_inner][vc_column_inner width=&#8221;1\/4&#8243;][vc_empty_space][\/vc_column_inner][\/vc_row_inner][vc_empty_space height=&#8221;100px&#8221;][\/vc_column][\/vc_row][vc_row][vc_column][vc_column_text]<\/p>\n<h2 style=\"text-align: center;\">Para una lavander\u00eda completa<\/h2>\n<p>[\/vc_column_text][vc_empty_space height=&#8221;50px&#8221;][vc_row_inner][vc_column_inner width=&#8221;1\/2&#8243;][vc_single_image image=&#8221;17722&#8243; img_size=&#8221;large&#8221; alignment=&#8221;center&#8221;][vc_column_text]<\/p>\n<h5 style=\"text-align: center;\">Productos de pretratamiento y precepillado<\/h5>\n<p>[\/vc_column_text][\/vc_column_inner][vc_column_inner width=&#8221;1\/2&#8243;][vc_single_image image=&#8221;17723&#8243; img_size=&#8221;large&#8221; alignment=&#8221;center&#8221;][vc_column_text]<\/p>\n<h5 style=\"text-align: center;\">Producto desincrustante<\/h5>\n<p>[\/vc_column_text][\/vc_column_inner][\/vc_row_inner][vc_empty_space height=&#8221;50px&#8221;][\/vc_column][\/vc_row][vc_row css=&#8221;.vc_custom_1634628370087{background-color: #f9f9f9 !important;}&#8221;][vc_column][vc_empty_space height=&#8221;50px&#8221;][vc_column_text]<\/p>\n<h2 style=\"text-align: center;\">Todo un orgullo ser ecol\u00f3gicos<\/h2>\n<p style=\"text-align: center;\">Comunica tu elecci\u00f3n a tus clientes y<br \/>\nobt\u00e9n la preferencia y confianza que te definen<\/p>\n<p>[\/vc_column_text][vc_empty_space height=&#8221;50px&#8221;][vc_single_image image=&#8221;17724&#8243; img_size=&#8221;full&#8221; alignment=&#8221;center&#8221;][vc_empty_space height=&#8221;50px&#8221;][\/vc_column][\/vc_row][vc_row][vc_column][elx_heading text_color=&#8221;inherit&#8221; text_align=&#8221;text-left&#8221;]Contacta con nosotros para obtener m\u00e1s informaci\u00f3n sobre nuestros detergentes[\/elx_heading][elx_o2000_contact_us s=&#8221;Solicitud de informaci\u00f3n sobre&#8230;&#8221; r=&#8221;Me gustar\u00eda obtener m\u00e1s informaci\u00f3n sobre&#8230;&#8221;][\/vc_column][\/vc_row]<\/p>\n","protected":false},"excerpt":{"rendered":"<p>[vc_row full_width=&#8221;electroluxpro-full-width-no-padding&#8221;][vc_column][elx_image_block background_image=&#8221;17706&#8243; minimum_height=&#8221;350px&#8221;][vc_empty_space][\/vc_column][\/vc_row][vc_row][vc_column][vc_column_text] Detergentes ecol\u00f3gicos de la L\u00ednea 6000: La elecci\u00f3n natural para limpiar toda la ropa y tejidos [\/vc_column_text][vc_empty_space][\/vc_column][\/vc_row][vc_row disable_element=&#8221;yes&#8221;][vc_column width=&#8221;1\/2&#8243;][vc_column_text] Ampl\u00eda la sostenibilidad de tu empresa eligiendo a los compa\u00f1eros adecuados [\/vc_column_text][\/vc_column][vc_column width=&#8221;1\/2&#8243;][elx_download_block background_color=&#8221;electrolux-blue&#8221;][\/vc_column][\/vc_row][vc_row][vc_column][vc_empty_space][\/vc_column][\/vc_row][vc_row equal_height=&#8221;yes&#8221; content_placement=&#8221;middle&#8221;][vc_column width=&#8221;1\/2&#8243; css=&#8221;.vc_custom_1634290239036{padding-right: 0px !important;padding-left: 0px !important;}&#8221;][elx_image_block background_image=&#8221;17705&#8243; minimum_height=&#8221;500px&#8221;][\/vc_column][vc_column width=&#8221;1\/2&#8243; css=&#8221;.vc_custom_1634290612414{padding-left: 0px !important;background-color: #e8eff5 !important;}&#8221;][vc_column_text css=&#8221;.vc_custom_1681393854089{padding-top: 160px [&hellip;]<\/p>\n","protected":false},"author":300,"featured_media":17705,"parent":0,"menu_order":0,"comment_status":"closed","ping_status":"closed","template":"","meta":{"footnotes":""},"class_list":["post-17725","page","type-page","status-publish","has-post-thumbnail","hentry"],"acf":[],"yoast_head":"<!-- This site is optimized with the Yoast SEO plugin v23.4 - https:\/\/yoast.com\/wordpress\/plugins\/seo\/ -->\n<title>Detergentes ecol\u00f3gicos - Electrolux Professional Espa\u00f1a<\/title>\n<meta name=\"description\" content=\"Elige nuestros detergentes ecol\u00f3gicos para obtener un rendimiento y resultado inigualable cada d\u00eda. Experiencia certificada.\" \/>\n<meta name=\"robots\" content=\"index, follow, max-snippet:-1, max-image-preview:large, max-video-preview:-1\" \/>\n<link rel=\"canonical\" href=\"https:\/\/www.electroluxprofessional.com\/es\/linea-6000-detergentes-ecologicos\/\" \/>\n<meta property=\"og:locale\" content=\"es_ES\" \/>\n<meta property=\"og:type\" content=\"article\" \/>\n<meta property=\"og:title\" content=\"Detergentes ecol\u00f3gicos - Electrolux Professional Espa\u00f1a\" \/>\n<meta property=\"og:description\" content=\"Elige nuestros detergentes ecol\u00f3gicos para obtener un rendimiento y resultado inigualable cada d\u00eda. Experiencia certificada.\" \/>\n<meta property=\"og:url\" content=\"https:\/\/www.electroluxprofessional.com\/es\/linea-6000-detergentes-ecologicos\/\" \/>\n<meta property=\"og:site_name\" content=\"Electrolux Professional Espa\u00f1a\" \/>\n<meta property=\"article:modified_time\" content=\"2025-07-15T16:42:15+00:00\" \/>\n<meta property=\"og:image\" content=\"https:\/\/www.electroluxprofessional.com\/es\/wp-content\/uploads\/2023\/04\/Calla.jpg\" \/>\n\t<meta property=\"og:image:width\" content=\"500\" \/>\n\t<meta property=\"og:image:height\" content=\"500\" \/>\n\t<meta property=\"og:image:type\" content=\"image\/jpeg\" \/>\n<meta name=\"twitter:card\" content=\"summary_large_image\" \/>\n<meta name=\"twitter:label1\" content=\"Tiempo de lectura\" \/>\n\t<meta name=\"twitter:data1\" content=\"3 minutos\" \/>\n<script type=\"application\/ld+json\" class=\"yoast-schema-graph\">{\"@context\":\"https:\/\/schema.org\",\"@graph\":[{\"@type\":\"WebPage\",\"@id\":\"https:\/\/www.electroluxprofessional.com\/es\/linea-6000-detergentes-ecologicos\/\",\"url\":\"https:\/\/www.electroluxprofessional.com\/es\/linea-6000-detergentes-ecologicos\/\",\"name\":\"Detergentes ecol\u00f3gicos - Electrolux Professional Espa\u00f1a\",\"isPartOf\":{\"@id\":\"https:\/\/www.electroluxprofessional.com\/es\/#website\"},\"primaryImageOfPage\":{\"@id\":\"https:\/\/www.electroluxprofessional.com\/es\/linea-6000-detergentes-ecologicos\/#primaryimage\"},\"image\":{\"@id\":\"https:\/\/www.electroluxprofessional.com\/es\/linea-6000-detergentes-ecologicos\/#primaryimage\"},\"thumbnailUrl\":\"https:\/\/www.electroluxprofessional.com\/es\/wp-content\/uploads\/2023\/04\/Calla.jpg\",\"datePublished\":\"2023-04-13T13:47:00+00:00\",\"dateModified\":\"2025-07-15T16:42:15+00:00\",\"description\":\"Elige nuestros detergentes ecol\u00f3gicos para obtener un rendimiento y resultado inigualable cada d\u00eda. Experiencia certificada.\",\"breadcrumb\":{\"@id\":\"https:\/\/www.electroluxprofessional.com\/es\/linea-6000-detergentes-ecologicos\/#breadcrumb\"},\"inLanguage\":\"es\",\"potentialAction\":[{\"@type\":\"ReadAction\",\"target\":[\"https:\/\/www.electroluxprofessional.com\/es\/linea-6000-detergentes-ecologicos\/\"]}]},{\"@type\":\"ImageObject\",\"inLanguage\":\"es\",\"@id\":\"https:\/\/www.electroluxprofessional.com\/es\/linea-6000-detergentes-ecologicos\/#primaryimage\",\"url\":\"https:\/\/www.electroluxprofessional.com\/es\/wp-content\/uploads\/2023\/04\/Calla.jpg\",\"contentUrl\":\"https:\/\/www.electroluxprofessional.com\/es\/wp-content\/uploads\/2023\/04\/Calla.jpg\",\"width\":500,\"height\":500,\"caption\":\"Calla\"},{\"@type\":\"BreadcrumbList\",\"@id\":\"https:\/\/www.electroluxprofessional.com\/es\/linea-6000-detergentes-ecologicos\/#breadcrumb\",\"itemListElement\":[{\"@type\":\"ListItem\",\"position\":1,\"name\":\"Home\",\"item\":\"https:\/\/www.electroluxprofessional.com\/es\/\"},{\"@type\":\"ListItem\",\"position\":2,\"name\":\"Detergentes ecol\u00f3gicos\"}]},{\"@type\":\"WebSite\",\"@id\":\"https:\/\/www.electroluxprofessional.com\/es\/#website\",\"url\":\"https:\/\/www.electroluxprofessional.com\/es\/\",\"name\":\"Electrolux Professional Espa\u00f1a\",\"description\":\"Equipamiento cocinas profesionales y lavander\u00edas comerciales. Excelencia en el suministro de soluciones profesionales.\",\"potentialAction\":[{\"@type\":\"SearchAction\",\"target\":{\"@type\":\"EntryPoint\",\"urlTemplate\":\"https:\/\/www.electroluxprofessional.com\/es\/?src={search_term_string}\"},\"query-input\":{\"@type\":\"PropertyValueSpecification\",\"valueRequired\":true,\"valueName\":\"search_term_string\"}}],\"inLanguage\":\"es\"}]}<\/script>\n<!-- \/ Yoast SEO plugin. -->","yoast_head_json":{"title":"Detergentes ecol\u00f3gicos - Electrolux Professional Espa\u00f1a","description":"Elige nuestros detergentes ecol\u00f3gicos para obtener un rendimiento y resultado inigualable cada d\u00eda. Experiencia certificada.","robots":{"index":"index","follow":"follow","max-snippet":"max-snippet:-1","max-image-preview":"max-image-preview:large","max-video-preview":"max-video-preview:-1"},"canonical":"https:\/\/www.electroluxprofessional.com\/es\/linea-6000-detergentes-ecologicos\/","og_locale":"es_ES","og_type":"article","og_title":"Detergentes ecol\u00f3gicos - Electrolux Professional Espa\u00f1a","og_description":"Elige nuestros detergentes ecol\u00f3gicos para obtener un rendimiento y resultado inigualable cada d\u00eda. Experiencia certificada.","og_url":"https:\/\/www.electroluxprofessional.com\/es\/linea-6000-detergentes-ecologicos\/","og_site_name":"Electrolux Professional Espa\u00f1a","article_modified_time":"2025-07-15T16:42:15+00:00","og_image":[{"width":500,"height":500,"url":"https:\/\/www.electroluxprofessional.com\/es\/wp-content\/uploads\/2023\/04\/Calla.jpg","type":"image\/jpeg"}],"twitter_card":"summary_large_image","twitter_misc":{"Tiempo de lectura":"3 minutos"},"schema":{"@context":"https:\/\/schema.org","@graph":[{"@type":"WebPage","@id":"https:\/\/www.electroluxprofessional.com\/es\/linea-6000-detergentes-ecologicos\/","url":"https:\/\/www.electroluxprofessional.com\/es\/linea-6000-detergentes-ecologicos\/","name":"Detergentes ecol\u00f3gicos - Electrolux Professional Espa\u00f1a","isPartOf":{"@id":"https:\/\/www.electroluxprofessional.com\/es\/#website"},"primaryImageOfPage":{"@id":"https:\/\/www.electroluxprofessional.com\/es\/linea-6000-detergentes-ecologicos\/#primaryimage"},"image":{"@id":"https:\/\/www.electroluxprofessional.com\/es\/linea-6000-detergentes-ecologicos\/#primaryimage"},"thumbnailUrl":"https:\/\/www.electroluxprofessional.com\/es\/wp-content\/uploads\/2023\/04\/Calla.jpg","datePublished":"2023-04-13T13:47:00+00:00","dateModified":"2025-07-15T16:42:15+00:00","description":"Elige nuestros detergentes ecol\u00f3gicos para obtener un rendimiento y resultado inigualable cada d\u00eda. Experiencia certificada.","breadcrumb":{"@id":"https:\/\/www.electroluxprofessional.com\/es\/linea-6000-detergentes-ecologicos\/#breadcrumb"},"inLanguage":"es","potentialAction":[{"@type":"ReadAction","target":["https:\/\/www.electroluxprofessional.com\/es\/linea-6000-detergentes-ecologicos\/"]}]},{"@type":"ImageObject","inLanguage":"es","@id":"https:\/\/www.electroluxprofessional.com\/es\/linea-6000-detergentes-ecologicos\/#primaryimage","url":"https:\/\/www.electroluxprofessional.com\/es\/wp-content\/uploads\/2023\/04\/Calla.jpg","contentUrl":"https:\/\/www.electroluxprofessional.com\/es\/wp-content\/uploads\/2023\/04\/Calla.jpg","width":500,"height":500,"caption":"Calla"},{"@type":"BreadcrumbList","@id":"https:\/\/www.electroluxprofessional.com\/es\/linea-6000-detergentes-ecologicos\/#breadcrumb","itemListElement":[{"@type":"ListItem","position":1,"name":"Home","item":"https:\/\/www.electroluxprofessional.com\/es\/"},{"@type":"ListItem","position":2,"name":"Detergentes ecol\u00f3gicos"}]},{"@type":"WebSite","@id":"https:\/\/www.electroluxprofessional.com\/es\/#website","url":"https:\/\/www.electroluxprofessional.com\/es\/","name":"Electrolux Professional Espa\u00f1a","description":"Equipamiento cocinas profesionales y lavander\u00edas comerciales. Excelencia en el suministro de soluciones profesionales.","potentialAction":[{"@type":"SearchAction","target":{"@type":"EntryPoint","urlTemplate":"https:\/\/www.electroluxprofessional.com\/es\/?src={search_term_string}"},"query-input":{"@type":"PropertyValueSpecification","valueRequired":true,"valueName":"search_term_string"}}],"inLanguage":"es"}]}},"_links":{"self":[{"href":"https:\/\/www.electroluxprofessional.com\/es\/wp-json\/wp\/v2\/pages\/17725"}],"collection":[{"href":"https:\/\/www.electroluxprofessional.com\/es\/wp-json\/wp\/v2\/pages"}],"about":[{"href":"https:\/\/www.electroluxprofessional.com\/es\/wp-json\/wp\/v2\/types\/page"}],"author":[{"embeddable":true,"href":"https:\/\/www.electroluxprofessional.com\/es\/wp-json\/wp\/v2\/users\/300"}],"replies":[{"embeddable":true,"href":"https:\/\/www.electroluxprofessional.com\/es\/wp-json\/wp\/v2\/comments?post=17725"}],"version-history":[{"count":14,"href":"https:\/\/www.electroluxprofessional.com\/es\/wp-json\/wp\/v2\/pages\/17725\/revisions"}],"predecessor-version":[{"id":22614,"href":"https:\/\/www.electroluxprofessional.com\/es\/wp-json\/wp\/v2\/pages\/17725\/revisions\/22614"}],"wp:featuredmedia":[{"embeddable":true,"href":"https:\/\/www.electroluxprofessional.com\/es\/wp-json\/wp\/v2\/media\/17705"}],"wp:attachment":[{"href":"https:\/\/www.electroluxprofessional.com\/es\/wp-json\/wp\/v2\/media?parent=17725"}],"curies":[{"name":"wp","href":"https:\/\/api.w.org\/{rel}","templated":true}]}}