{"id":17558,"date":"2023-03-23T09:49:34","date_gmt":"2023-03-23T09:49:34","guid":{"rendered":"https:\/\/www.electroluxprofessional.com\/es\/?page_id=17558"},"modified":"2026-03-28T18:56:03","modified_gmt":"2026-03-28T18:56:03","slug":"accesorios-y-consumibles-speedelight","status":"publish","type":"page","link":"https:\/\/www.electroluxprofessional.com\/es\/accesorios-y-consumibles-speedelight\/","title":{"rendered":"Accesorios y consumibles &#8211; SpeeDelight"},"content":{"rendered":"<p>[vc_row full_width=&#8221;electroluxpro-full-width-no-padding&#8221;][vc_column css=&#8221;.vc_custom_1618358802266{margin-top: -40px !important;border-top-width: -40px !important;padding-top: -40px !important;}&#8221;][elx_full_banner title=&#8221;Accesorios y consumibles para tu SpeeDelight&#8221; set_as_h1=&#8221;true&#8221; background_image_media_library=&#8221;17557&#8243; background_image_media_library_mobile=&#8221;35069&#8243; link=&#8221;url:%23contact|title:Descubre%20m%C3%A1s&#8221;][vc_row_inner full_width=&#8221;electroluxpro-full-width&#8221; gap=&#8221;15&#8243;][vc_column_inner width=&#8221;1\/3&#8243;][elx_download_block text=&#8221;Cat\u00e1logo de accesorios de protecci\u00f3n, higienizaci\u00f3n y limpieza&#8221; document_type=&#8221;cat&#8221; file_picker=&#8221;17507&#8243; background_color=&#8221;electrolux-blue&#8221;][\/vc_column_inner][vc_column_inner width=&#8221;1\/3&#8243;][elx_download_block text=&#8221;Cat\u00e1logo de Accesorios y Consumibles&#8221; document_type=&#8221;cat&#8221; file_picker=&#8221;17508&#8243; background_color=&#8221;electrolux-blue&#8221;][\/vc_column_inner][vc_column_inner width=&#8221;1\/3&#8243;][elx_download_block text=&#8221;Gu\u00eda de selecci\u00f3n de detergentes de limpieza profesionales&#8221; file_picker=&#8221;17509&#8243; background_color=&#8221;electrolux-blue&#8221;][\/vc_column_inner][\/vc_row_inner][\/vc_column][\/vc_row][vc_row][vc_column][elx_menu][vc_column_text]<\/p>\n<p style=\"text-align: center;\">SpeeDelight te ofrece la libertad de combinar velocidad, calidad y creatividad. S\u00f3lo con los Accesorios y Consumibles adecuados podr\u00e1s mantener tu SpeeDelight en plena forma.<\/p>\n<p>[\/vc_column_text][vc_empty_space][\/vc_column][\/vc_row][vc_row disable_element=&#8221;yes&#8221; css=&#8221;.vc_custom_1677145462044{background-position: center !important;background-repeat: no-repeat !important;background-size: cover !important;}&#8221;][vc_column width=&#8221;1\/2&#8243;][elx_heading font_size=&#8221;h5&#8243; text_color=&#8221;inherit&#8221;]Accesorios y consumibles para un mantenimiento de primera[\/elx_heading][vc_column_text]<\/p>\n<p>Este kit mantendr\u00e1 tu SpeeDelight en plena forma para que pueda hacer lo que mejor sabe: cepillo, esp\u00e1tula, rascador, placa de tefl\u00f3n extra\u00edble, papel de hornear, protector de silicona, soluciones de limpieza, grasa r\u00e1pida.<\/p>\n<p>[\/vc_column_text][vc_empty_space][\/vc_column][vc_column width=&#8221;1\/2&#8243;][vc_single_image image=&#8221;17550&#8243; img_size=&#8221;full&#8221; css_animation=&#8221;none&#8221;][vc_empty_space][elx_shop_now button_text=&#8221;COMPRAR&#8221; button_link=&#8221;url:https%3A%2F%2Fbuy.electroluxprofessional.com%2Felectrolux-professional%2Fspeedelight%2Fparts|title:Shop%20&#8243;][vc_empty_space][\/vc_column][\/vc_row][vc_row][vc_column width=&#8221;1\/3&#8243;][vc_single_image image=&#8221;17551&#8243; img_size=&#8221;medium&#8221;][vc_empty_space height=&#8221;45px&#8221;][elx_heading text_color=&#8221;inherit&#8221;]Desengrasante Hi-Temp[\/elx_heading][vc_column_text]<\/p>\n<p>Uso especial para limpiar a altas temperaturas.<\/p>\n<p>[\/vc_column_text][vc_empty_space height=&#8221;58px&#8221;][\/vc_column][vc_column width=&#8221;1\/3&#8243;][vc_empty_space height=&#8221;90px&#8221;][vc_single_image image=&#8221;17552&#8243; img_size=&#8221;medium&#8221;][vc_empty_space height=&#8221;48px&#8221;][elx_heading text_color=&#8221;inherit&#8221;]Bandeja antiadherente[\/elx_heading][vc_column_text]<\/p>\n<p>La bandeja antiadherente te permite mantener m\u00e1s limpio el SpeeDelight y reducir el tiempo de limpieza.<\/p>\n<p>[\/vc_column_text][vc_empty_space height=&#8221;58px&#8221;][\/vc_column][vc_column width=&#8221;1\/3&#8243;][vc_empty_space height=&#8221;80px&#8221;][vc_single_image image=&#8221;17553&#8243; img_size=&#8221;medium&#8221;][vc_empty_space height=&#8221;50px&#8221;][elx_heading text_color=&#8221;inherit&#8221;]Cepillo de lat\u00f3n[\/elx_heading][vc_column_text]Utilice el peque\u00f1o cepillo con cerdas met\u00e1licas para eliminar cualquier incrustaci\u00f3n de comida. Utilizar s\u00f3lo para la tapa.[\/vc_column_text][vc_empty_space height=&#8221;58px&#8221;][\/vc_column][\/vc_row][vc_row][vc_column width=&#8221;1\/3&#8243;][elx_shop_now button_text=&#8221;COMPRAR&#8221; button_link=&#8221;url:https%3A%2F%2Fbuy.electroluxprofessional.com%2Felectrolux-professional%2Felx0s2292&#8243;][vc_empty_space height=&#8221;58px&#8221;][\/vc_column][vc_column width=&#8221;1\/3&#8243;][elx_shop_now button_text=&#8221;COMPRAR&#8221; button_link=&#8221;url:https%3A%2F%2Fbuy.electroluxprofessional.com%2Felectrolux-professional%2Felx0cb905%3Fprofile%3Delectrolux&#8221;][vc_empty_space height=&#8221;58px&#8221;][\/vc_column][vc_column width=&#8221;1\/3&#8243;][elx_shop_now button_text=&#8221;COMPRAR&#8221; button_link=&#8221;url:https%3A%2F%2Fbuy.electroluxprofessional.com%2Felectrolux-professional%2Felx0cb904%3Fprofile%3Delectrolux&#8221;][vc_empty_space height=&#8221;58px&#8221;][\/vc_column][\/vc_row][vc_row][vc_column width=&#8221;1\/3&#8243;][vc_single_image image=&#8221;17554&#8243; img_size=&#8221;medium&#8221;][vc_empty_space height=&#8221;50px&#8221;][elx_heading text_color=&#8221;inherit&#8221;]Papel de horno[\/elx_heading][vc_column_text]Adecuado para todos los modelos[\/vc_column_text][vc_empty_space height=&#8221;58px&#8221;][\/vc_column][vc_column width=&#8221;1\/3&#8243;][vc_empty_space height=&#8221;80px&#8221;][vc_single_image image=&#8221;17555&#8243; img_size=&#8221;LARGE&#8221;][vc_empty_space height=&#8221;90px&#8221;][elx_heading text_color=&#8221;inherit&#8221;]Esp\u00e1tula de silicona[\/elx_heading][vc_column_text]<\/p>\n<p>Vers\u00e1til para m\u00faltiples usos.<\/p>\n<p>[\/vc_column_text][vc_empty_space height=&#8221;58px&#8221;][\/vc_column][vc_column width=&#8221;1\/3&#8243;][vc_empty_space height=&#8221;80px&#8221;][vc_single_image image=&#8221;17556&#8243; img_size=&#8221;medium&#8221;][vc_empty_space height=&#8221;45px&#8221;][elx_heading text_color=&#8221;inherit&#8221;]Cepillo[\/elx_heading][vc_column_text]Para limpiar el pan rallado de la placa del grill y de las superficies de horneado.[\/vc_column_text][vc_empty_space height=&#8221;58px&#8221;][\/vc_column][\/vc_row][vc_row][vc_column width=&#8221;1\/3&#8243;][elx_shop_now button_text=&#8221;COMPRAR&#8221; button_link=&#8221;url:https%3A%2F%2Fbuy.electroluxprofessional.com%2Felectrolux-professional%2Felx0s2225&#8243;][vc_empty_space height=&#8221;58px&#8221;][\/vc_column][vc_column width=&#8221;1\/3&#8243;][elx_shop_now button_text=&#8221;COMPRAR&#8221; button_link=&#8221;url:https%3A%2F%2Fbuy.electroluxprofessional.com%2Felectrolux-professional%2Felx0d4063%3Fprofile%3Delectrolux&#8221;][vc_empty_space height=&#8221;58px&#8221;][\/vc_column][vc_column width=&#8221;1\/3&#8243;][elx_shop_now button_text=&#8221;COMPRAR&#8221; button_link=&#8221;url:https%3A%2F%2Fbuy.electroluxprofessional.com%2Felectrolux-professional%2Felx0d7015&#8243;][vc_empty_space height=&#8221;58px&#8221;][\/vc_column][\/vc_row][vc_row][vc_column][vc_empty_space][elx_heading font_container=&#8221;h3&#8243; text_color=&#8221;inherit&#8221;]Descubre c\u00f3mo personalizar tu SpeeDelight[\/elx_heading][elx_o2000_contact_us s=&#8221;Solicitud de informaci\u00f3n sobre accesorios y consumibles para SpeeDelight&#8221; container=&#8221;elxcontactus1484315184&#8243; r=&#8221;Me gustar\u00eda obtener m\u00e1s informaci\u00f3n sobre accesorios y consumibles para SpeeDelight. P\u00f3ngase en contacto conmigo.&#8221;][\/vc_column][\/vc_row]<\/p>\n","protected":false},"excerpt":{"rendered":"<p>[vc_row full_width=&#8221;electroluxpro-full-width-no-padding&#8221;][vc_column css=&#8221;.vc_custom_1618358802266{margin-top: -40px !important;border-top-width: -40px !important;padding-top: -40px !important;}&#8221;][elx_full_banner title=&#8221;Accesorios y consumibles para tu SpeeDelight&#8221; set_as_h1=&#8221;true&#8221; background_image_media_library=&#8221;17557&#8243; background_image_media_library_mobile=&#8221;35069&#8243; link=&#8221;url:%23contact|title:Descubre%20m%C3%A1s&#8221;][vc_row_inner full_width=&#8221;electroluxpro-full-width&#8221; gap=&#8221;15&#8243;][vc_column_inner width=&#8221;1\/3&#8243;][elx_download_block text=&#8221;Cat\u00e1logo de accesorios de protecci\u00f3n, higienizaci\u00f3n y limpieza&#8221; document_type=&#8221;cat&#8221; file_picker=&#8221;17507&#8243; background_color=&#8221;electrolux-blue&#8221;][\/vc_column_inner][vc_column_inner width=&#8221;1\/3&#8243;][elx_download_block text=&#8221;Cat\u00e1logo de Accesorios y Consumibles&#8221; document_type=&#8221;cat&#8221; file_picker=&#8221;17508&#8243; background_color=&#8221;electrolux-blue&#8221;][\/vc_column_inner][vc_column_inner width=&#8221;1\/3&#8243;][elx_download_block text=&#8221;Gu\u00eda de selecci\u00f3n de detergentes de limpieza profesionales&#8221; file_picker=&#8221;17509&#8243; background_color=&#8221;electrolux-blue&#8221;][\/vc_column_inner][\/vc_row_inner][\/vc_column][\/vc_row][vc_row][vc_column][elx_menu][vc_column_text] SpeeDelight te [&hellip;]<\/p>\n","protected":false},"author":300,"featured_media":1955,"parent":0,"menu_order":0,"comment_status":"closed","ping_status":"closed","template":"","meta":{"footnotes":""},"class_list":["post-17558","page","type-page","status-publish","has-post-thumbnail","hentry"],"acf":[],"yoast_head":"<!-- This site is optimized with the Yoast SEO plugin v23.4 - https:\/\/yoast.com\/wordpress\/plugins\/seo\/ -->\n<title>Accesorios y consumibles Speedelight | Electrolux Professional<\/title>\n<meta name=\"description\" content=\"Descubre nuestros accesorios y consumibles para un mantenimiento de primera. Cepillo, esp\u00e1tula, desengrasante r\u00e1pido, papel de horno y bandeja antiadherente que mantendr\u00e1n tu snack grill SpeeDelight en plena forma.\" \/>\n<meta name=\"robots\" content=\"index, follow, max-snippet:-1, max-image-preview:large, max-video-preview:-1\" \/>\n<link rel=\"canonical\" href=\"https:\/\/www.electroluxprofessional.com\/es\/accesorios-y-consumibles-speedelight\/\" \/>\n<meta property=\"og:locale\" content=\"es_ES\" \/>\n<meta property=\"og:type\" content=\"article\" \/>\n<meta property=\"og:title\" content=\"Accesorios y consumibles Speedelight | Electrolux Professional\" \/>\n<meta property=\"og:description\" content=\"Descubre nuestros accesorios y consumibles para un mantenimiento de primera. Cepillo, esp\u00e1tula, desengrasante r\u00e1pido, papel de horno y bandeja antiadherente que mantendr\u00e1n tu snack grill SpeeDelight en plena forma.\" \/>\n<meta property=\"og:url\" content=\"https:\/\/www.electroluxprofessional.com\/es\/accesorios-y-consumibles-speedelight\/\" \/>\n<meta property=\"og:site_name\" content=\"Electrolux Professional Espa\u00f1a\" \/>\n<meta property=\"article:modified_time\" content=\"2026-03-28T18:56:03+00:00\" \/>\n<meta property=\"og:image\" content=\"https:\/\/www.electroluxprofessional.com\/es\/wp-content\/uploads\/2016\/12\/speedelight.jpg\" \/>\n\t<meta property=\"og:image:width\" content=\"700\" \/>\n\t<meta property=\"og:image:height\" content=\"700\" \/>\n\t<meta property=\"og:image:type\" content=\"image\/jpeg\" \/>\n<meta name=\"twitter:card\" content=\"summary_large_image\" \/>\n<meta name=\"twitter:label1\" content=\"Tiempo de lectura\" \/>\n\t<meta name=\"twitter:data1\" content=\"2 minutos\" \/>\n<script type=\"application\/ld+json\" class=\"yoast-schema-graph\">{\"@context\":\"https:\/\/schema.org\",\"@graph\":[{\"@type\":\"WebPage\",\"@id\":\"https:\/\/www.electroluxprofessional.com\/es\/accesorios-y-consumibles-speedelight\/\",\"url\":\"https:\/\/www.electroluxprofessional.com\/es\/accesorios-y-consumibles-speedelight\/\",\"name\":\"Accesorios y consumibles Speedelight | Electrolux Professional\",\"isPartOf\":{\"@id\":\"https:\/\/www.electroluxprofessional.com\/es\/#website\"},\"primaryImageOfPage\":{\"@id\":\"https:\/\/www.electroluxprofessional.com\/es\/accesorios-y-consumibles-speedelight\/#primaryimage\"},\"image\":{\"@id\":\"https:\/\/www.electroluxprofessional.com\/es\/accesorios-y-consumibles-speedelight\/#primaryimage\"},\"thumbnailUrl\":\"https:\/\/www.electroluxprofessional.com\/es\/wp-content\/uploads\/2016\/12\/speedelight.jpg\",\"datePublished\":\"2023-03-23T09:49:34+00:00\",\"dateModified\":\"2026-03-28T18:56:03+00:00\",\"description\":\"Descubre nuestros accesorios y consumibles para un mantenimiento de primera. Cepillo, esp\u00e1tula, desengrasante r\u00e1pido, papel de horno y bandeja antiadherente que mantendr\u00e1n tu snack grill SpeeDelight en plena forma.\",\"breadcrumb\":{\"@id\":\"https:\/\/www.electroluxprofessional.com\/es\/accesorios-y-consumibles-speedelight\/#breadcrumb\"},\"inLanguage\":\"es\",\"potentialAction\":[{\"@type\":\"ReadAction\",\"target\":[\"https:\/\/www.electroluxprofessional.com\/es\/accesorios-y-consumibles-speedelight\/\"]}]},{\"@type\":\"ImageObject\",\"inLanguage\":\"es\",\"@id\":\"https:\/\/www.electroluxprofessional.com\/es\/accesorios-y-consumibles-speedelight\/#primaryimage\",\"url\":\"https:\/\/www.electroluxprofessional.com\/es\/wp-content\/uploads\/2016\/12\/speedelight.jpg\",\"contentUrl\":\"https:\/\/www.electroluxprofessional.com\/es\/wp-content\/uploads\/2016\/12\/speedelight.jpg\",\"width\":700,\"height\":700,\"caption\":\"SpeeDelight\"},{\"@type\":\"BreadcrumbList\",\"@id\":\"https:\/\/www.electroluxprofessional.com\/es\/accesorios-y-consumibles-speedelight\/#breadcrumb\",\"itemListElement\":[{\"@type\":\"ListItem\",\"position\":1,\"name\":\"Home\",\"item\":\"https:\/\/www.electroluxprofessional.com\/es\/\"},{\"@type\":\"ListItem\",\"position\":2,\"name\":\"Accesorios y consumibles &#8211; SpeeDelight\"}]},{\"@type\":\"WebSite\",\"@id\":\"https:\/\/www.electroluxprofessional.com\/es\/#website\",\"url\":\"https:\/\/www.electroluxprofessional.com\/es\/\",\"name\":\"Electrolux Professional Espa\u00f1a\",\"description\":\"Equipamiento cocinas profesionales y lavander\u00edas comerciales. Excelencia en el suministro de soluciones profesionales.\",\"potentialAction\":[{\"@type\":\"SearchAction\",\"target\":{\"@type\":\"EntryPoint\",\"urlTemplate\":\"https:\/\/www.electroluxprofessional.com\/es\/?src={search_term_string}\"},\"query-input\":{\"@type\":\"PropertyValueSpecification\",\"valueRequired\":true,\"valueName\":\"search_term_string\"}}],\"inLanguage\":\"es\"}]}<\/script>\n<!-- \/ Yoast SEO plugin. -->","yoast_head_json":{"title":"Accesorios y consumibles Speedelight | Electrolux Professional","description":"Descubre nuestros accesorios y consumibles para un mantenimiento de primera. Cepillo, esp\u00e1tula, desengrasante r\u00e1pido, papel de horno y bandeja antiadherente que mantendr\u00e1n tu snack grill SpeeDelight en plena forma.","robots":{"index":"index","follow":"follow","max-snippet":"max-snippet:-1","max-image-preview":"max-image-preview:large","max-video-preview":"max-video-preview:-1"},"canonical":"https:\/\/www.electroluxprofessional.com\/es\/accesorios-y-consumibles-speedelight\/","og_locale":"es_ES","og_type":"article","og_title":"Accesorios y consumibles Speedelight | Electrolux Professional","og_description":"Descubre nuestros accesorios y consumibles para un mantenimiento de primera. Cepillo, esp\u00e1tula, desengrasante r\u00e1pido, papel de horno y bandeja antiadherente que mantendr\u00e1n tu snack grill SpeeDelight en plena forma.","og_url":"https:\/\/www.electroluxprofessional.com\/es\/accesorios-y-consumibles-speedelight\/","og_site_name":"Electrolux Professional Espa\u00f1a","article_modified_time":"2026-03-28T18:56:03+00:00","og_image":[{"width":700,"height":700,"url":"https:\/\/www.electroluxprofessional.com\/es\/wp-content\/uploads\/2016\/12\/speedelight.jpg","type":"image\/jpeg"}],"twitter_card":"summary_large_image","twitter_misc":{"Tiempo de lectura":"2 minutos"},"schema":{"@context":"https:\/\/schema.org","@graph":[{"@type":"WebPage","@id":"https:\/\/www.electroluxprofessional.com\/es\/accesorios-y-consumibles-speedelight\/","url":"https:\/\/www.electroluxprofessional.com\/es\/accesorios-y-consumibles-speedelight\/","name":"Accesorios y consumibles Speedelight | Electrolux Professional","isPartOf":{"@id":"https:\/\/www.electroluxprofessional.com\/es\/#website"},"primaryImageOfPage":{"@id":"https:\/\/www.electroluxprofessional.com\/es\/accesorios-y-consumibles-speedelight\/#primaryimage"},"image":{"@id":"https:\/\/www.electroluxprofessional.com\/es\/accesorios-y-consumibles-speedelight\/#primaryimage"},"thumbnailUrl":"https:\/\/www.electroluxprofessional.com\/es\/wp-content\/uploads\/2016\/12\/speedelight.jpg","datePublished":"2023-03-23T09:49:34+00:00","dateModified":"2026-03-28T18:56:03+00:00","description":"Descubre nuestros accesorios y consumibles para un mantenimiento de primera. Cepillo, esp\u00e1tula, desengrasante r\u00e1pido, papel de horno y bandeja antiadherente que mantendr\u00e1n tu snack grill SpeeDelight en plena forma.","breadcrumb":{"@id":"https:\/\/www.electroluxprofessional.com\/es\/accesorios-y-consumibles-speedelight\/#breadcrumb"},"inLanguage":"es","potentialAction":[{"@type":"ReadAction","target":["https:\/\/www.electroluxprofessional.com\/es\/accesorios-y-consumibles-speedelight\/"]}]},{"@type":"ImageObject","inLanguage":"es","@id":"https:\/\/www.electroluxprofessional.com\/es\/accesorios-y-consumibles-speedelight\/#primaryimage","url":"https:\/\/www.electroluxprofessional.com\/es\/wp-content\/uploads\/2016\/12\/speedelight.jpg","contentUrl":"https:\/\/www.electroluxprofessional.com\/es\/wp-content\/uploads\/2016\/12\/speedelight.jpg","width":700,"height":700,"caption":"SpeeDelight"},{"@type":"BreadcrumbList","@id":"https:\/\/www.electroluxprofessional.com\/es\/accesorios-y-consumibles-speedelight\/#breadcrumb","itemListElement":[{"@type":"ListItem","position":1,"name":"Home","item":"https:\/\/www.electroluxprofessional.com\/es\/"},{"@type":"ListItem","position":2,"name":"Accesorios y consumibles &#8211; SpeeDelight"}]},{"@type":"WebSite","@id":"https:\/\/www.electroluxprofessional.com\/es\/#website","url":"https:\/\/www.electroluxprofessional.com\/es\/","name":"Electrolux Professional Espa\u00f1a","description":"Equipamiento cocinas profesionales y lavander\u00edas comerciales. Excelencia en el suministro de soluciones profesionales.","potentialAction":[{"@type":"SearchAction","target":{"@type":"EntryPoint","urlTemplate":"https:\/\/www.electroluxprofessional.com\/es\/?src={search_term_string}"},"query-input":{"@type":"PropertyValueSpecification","valueRequired":true,"valueName":"search_term_string"}}],"inLanguage":"es"}]}},"_links":{"self":[{"href":"https:\/\/www.electroluxprofessional.com\/es\/wp-json\/wp\/v2\/pages\/17558"}],"collection":[{"href":"https:\/\/www.electroluxprofessional.com\/es\/wp-json\/wp\/v2\/pages"}],"about":[{"href":"https:\/\/www.electroluxprofessional.com\/es\/wp-json\/wp\/v2\/types\/page"}],"author":[{"embeddable":true,"href":"https:\/\/www.electroluxprofessional.com\/es\/wp-json\/wp\/v2\/users\/300"}],"replies":[{"embeddable":true,"href":"https:\/\/www.electroluxprofessional.com\/es\/wp-json\/wp\/v2\/comments?post=17558"}],"version-history":[{"count":11,"href":"https:\/\/www.electroluxprofessional.com\/es\/wp-json\/wp\/v2\/pages\/17558\/revisions"}],"predecessor-version":[{"id":26025,"href":"https:\/\/www.electroluxprofessional.com\/es\/wp-json\/wp\/v2\/pages\/17558\/revisions\/26025"}],"wp:featuredmedia":[{"embeddable":true,"href":"https:\/\/www.electroluxprofessional.com\/es\/wp-json\/wp\/v2\/media\/1955"}],"wp:attachment":[{"href":"https:\/\/www.electroluxprofessional.com\/es\/wp-json\/wp\/v2\/media?parent=17558"}],"curies":[{"name":"wp","href":"https:\/\/api.w.org\/{rel}","templated":true}]}}