{"id":17271,"date":"2023-02-01T10:43:41","date_gmt":"2023-02-01T10:43:41","guid":{"rendered":"https:\/\/www.electroluxprofessional.com\/es\/?page_id=17271"},"modified":"2026-03-31T09:12:24","modified_gmt":"2026-03-31T09:12:24","slug":"electrolux-professional-chef-academy","status":"publish","type":"page","link":"https:\/\/www.electroluxprofessional.com\/es\/chefs-hub\/electrolux-professional-chef-academy\/","title":{"rendered":"Electrolux Professional Chef Academy"},"content":{"rendered":"<p>[vc_row full_width=&#8221;electroluxpro-full-width-no-padding&#8221;][vc_column][elx_image_block background_image=&#8221;2746&#8243; minimum_height=&#8221;350px&#8221;][\/vc_column][\/vc_row][vc_row][vc_column][elx_heading font_container=&#8221;h1&#8243; font_size=&#8221;h3&#8243; text_color=&#8221;inherit&#8221;]Electrolux Professional Chef Academy[\/elx_heading][vc_empty_space][elx_heading font_size=&#8221;h5&#8243; text_color=&#8221;inherit&#8221;]Tenemos una cultura global de dedicaci\u00f3n al cliente[\/elx_heading][vc_empty_space][\/vc_column][\/vc_row][vc_row][vc_column][\/vc_column][\/vc_row][vc_row][vc_column width=&#8221;2\/3&#8243;][vc_column_text]La<strong> Electrolux Professional Chef Academy<\/strong> es un centro mundial de inspiraci\u00f3n. Dirigida por un equipo de<strong> mentores culinarios experimentados<\/strong> y chefs expertos, esta red mundial es realmente \u00fanica.<\/p>\n<p>Se compromete plenamente <strong>a escuchar, anticipar las necesidades y expectativas de los clientes, <\/strong> para proporcionarles\u00a0la respuesta m\u00e1s adecuada para desarrollar y hacer crecer su negocio.[\/vc_column_text][vc_empty_space][vc_column_text]La Electrolux Professional Chef Academy naci\u00f3 para introducir una <strong>nueva forma de hacer negocios<\/strong>, cuyos ingredientes son el di\u00e1logo continuo con el cliente y una oferta educativa de aprendizaje en el puesto de trabajo.<\/p>\n<p>Durante las demostraciones de cocina en directo y las presentaciones de productos realizadas por los chefs, todo el mundo <strong>es bienvenido para compartir ideas, mejores pr\u00e1cticas y retos. <\/strong>\u00a0Las soluciones se prueban y se usan mediante una experiencia pr\u00e1ctica del cliente con nuestros chefs.<\/p>\n<p>[\/vc_column_text][\/vc_column][vc_column width=&#8221;1\/3&#8243;][vc_single_image image=&#8221;17328&#8243; img_size=&#8221;full&#8221;][vc_empty_space][\/vc_column][\/vc_row][vc_row][vc_column][vc_empty_space][elx_heading font_container=&#8221;h3&#8243; text_color=&#8221;inherit&#8221; text_align=&#8221;text-center&#8221;]Contacta con nosotros para m\u00e1s informaci\u00f3n[\/elx_heading][elx_o2000_contact_us s=&#8221;Request of information about chef sessions&#8221; container=&#8221;elxcontactus1482162874&#8243; r=&#8221;I would like to find out more about your chef sessions, please get in touch with me.&#8221;][vc_empty_space][\/vc_column][\/vc_row][vc_row][vc_column width=&#8221;1\/3&#8243;][elx_maylike_box id_box=&#8221;12127&#8243;][\/vc_column][vc_column width=&#8221;1\/3&#8243;][elx_maylike_box id_box=&#8221;17330&#8243;][\/vc_column][vc_column width=&#8221;1\/3&#8243;][elx_maylike_box id_box=&#8221;3592&#8243;][\/vc_column][\/vc_row]<\/p>\n","protected":false},"excerpt":{"rendered":"<p>[vc_row full_width=&#8221;electroluxpro-full-width-no-padding&#8221;][vc_column][elx_image_block background_image=&#8221;2746&#8243; minimum_height=&#8221;350px&#8221;][\/vc_column][\/vc_row][vc_row][vc_column][elx_heading font_container=&#8221;h1&#8243; font_size=&#8221;h3&#8243; text_color=&#8221;inherit&#8221;]Electrolux Professional Chef Academy[\/elx_heading][vc_empty_space][elx_heading font_size=&#8221;h5&#8243; text_color=&#8221;inherit&#8221;]Tenemos una cultura global de dedicaci\u00f3n al cliente[\/elx_heading][vc_empty_space][\/vc_column][\/vc_row][vc_row][vc_column][\/vc_column][\/vc_row][vc_row][vc_column width=&#8221;2\/3&#8243;][vc_column_text]La Electrolux Professional Chef Academy es un centro mundial de inspiraci\u00f3n. Dirigida por un equipo de mentores culinarios experimentados y chefs expertos, esta red mundial es realmente \u00fanica. Se compromete plenamente a escuchar, anticipar las necesidades [&hellip;]<\/p>\n","protected":false},"author":19,"featured_media":2746,"parent":13239,"menu_order":0,"comment_status":"closed","ping_status":"closed","template":"","meta":{"footnotes":""},"class_list":["post-17271","page","type-page","status-publish","has-post-thumbnail","hentry"],"acf":[],"yoast_head":"<!-- This site is optimized with the Yoast SEO plugin v23.4 - https:\/\/yoast.com\/wordpress\/plugins\/seo\/ -->\n<title>Electrolux Professional Chef Academy | Electrolux Professional<\/title>\n<meta name=\"description\" content=\"\u00danete a la Chef Academy. Formaci\u00f3n pr\u00e1ctica de alto nivel, impartida por expertos, para dominar la tecnolog\u00eda y t\u00e9cnicas culinarias modernas.\" \/>\n<meta name=\"robots\" content=\"index, follow, max-snippet:-1, max-image-preview:large, max-video-preview:-1\" \/>\n<link rel=\"canonical\" href=\"https:\/\/www.electroluxprofessional.com\/es\/chefs-hub\/electrolux-professional-chef-academy\/\" \/>\n<meta property=\"og:locale\" content=\"es_ES\" \/>\n<meta property=\"og:type\" content=\"article\" \/>\n<meta property=\"og:title\" content=\"Electrolux Professional Chef Academy | Electrolux Professional\" \/>\n<meta property=\"og:description\" content=\"\u00danete a la Chef Academy. Formaci\u00f3n pr\u00e1ctica de alto nivel, impartida por expertos, para dominar la tecnolog\u00eda y t\u00e9cnicas culinarias modernas.\" \/>\n<meta property=\"og:url\" content=\"https:\/\/www.electroluxprofessional.com\/es\/chefs-hub\/electrolux-professional-chef-academy\/\" \/>\n<meta property=\"og:site_name\" content=\"Electrolux Professional Espa\u00f1a\" \/>\n<meta property=\"article:modified_time\" content=\"2026-03-31T09:12:24+00:00\" \/>\n<meta property=\"og:image\" content=\"https:\/\/www.electroluxprofessional.com\/es\/wp-content\/uploads\/2016\/12\/recipe.jpg\" \/>\n\t<meta property=\"og:image:width\" content=\"2000\" \/>\n\t<meta property=\"og:image:height\" content=\"1331\" \/>\n\t<meta property=\"og:image:type\" content=\"image\/jpeg\" \/>\n<meta name=\"twitter:card\" content=\"summary_large_image\" \/>\n<meta name=\"twitter:label1\" content=\"Tiempo de lectura\" \/>\n\t<meta name=\"twitter:data1\" content=\"2 minutos\" \/>\n<script type=\"application\/ld+json\" class=\"yoast-schema-graph\">{\"@context\":\"https:\/\/schema.org\",\"@graph\":[{\"@type\":\"WebPage\",\"@id\":\"https:\/\/www.electroluxprofessional.com\/es\/chefs-hub\/electrolux-professional-chef-academy\/\",\"url\":\"https:\/\/www.electroluxprofessional.com\/es\/chefs-hub\/electrolux-professional-chef-academy\/\",\"name\":\"Electrolux Professional Chef Academy | Electrolux Professional\",\"isPartOf\":{\"@id\":\"https:\/\/www.electroluxprofessional.com\/es\/#website\"},\"primaryImageOfPage\":{\"@id\":\"https:\/\/www.electroluxprofessional.com\/es\/chefs-hub\/electrolux-professional-chef-academy\/#primaryimage\"},\"image\":{\"@id\":\"https:\/\/www.electroluxprofessional.com\/es\/chefs-hub\/electrolux-professional-chef-academy\/#primaryimage\"},\"thumbnailUrl\":\"https:\/\/www.electroluxprofessional.com\/es\/wp-content\/uploads\/2016\/12\/recipe.jpg\",\"datePublished\":\"2023-02-01T10:43:41+00:00\",\"dateModified\":\"2026-03-31T09:12:24+00:00\",\"description\":\"\u00danete a la Chef Academy. Formaci\u00f3n pr\u00e1ctica de alto nivel, impartida por expertos, para dominar la tecnolog\u00eda y t\u00e9cnicas culinarias modernas.\",\"breadcrumb\":{\"@id\":\"https:\/\/www.electroluxprofessional.com\/es\/chefs-hub\/electrolux-professional-chef-academy\/#breadcrumb\"},\"inLanguage\":\"es\",\"potentialAction\":[{\"@type\":\"ReadAction\",\"target\":[\"https:\/\/www.electroluxprofessional.com\/es\/chefs-hub\/electrolux-professional-chef-academy\/\"]}]},{\"@type\":\"ImageObject\",\"inLanguage\":\"es\",\"@id\":\"https:\/\/www.electroluxprofessional.com\/es\/chefs-hub\/electrolux-professional-chef-academy\/#primaryimage\",\"url\":\"https:\/\/www.electroluxprofessional.com\/es\/wp-content\/uploads\/2016\/12\/recipe.jpg\",\"contentUrl\":\"https:\/\/www.electroluxprofessional.com\/es\/wp-content\/uploads\/2016\/12\/recipe.jpg\",\"width\":2000,\"height\":1331,\"caption\":\"Electrolux Professional chef academy\"},{\"@type\":\"BreadcrumbList\",\"@id\":\"https:\/\/www.electroluxprofessional.com\/es\/chefs-hub\/electrolux-professional-chef-academy\/#breadcrumb\",\"itemListElement\":[{\"@type\":\"ListItem\",\"position\":1,\"name\":\"Home\",\"item\":\"https:\/\/www.electroluxprofessional.com\/es\/\"},{\"@type\":\"ListItem\",\"position\":2,\"name\":\"Chef&#8217;s Hub\",\"item\":\"https:\/\/www.electroluxprofessional.com\/es\/chefs-hub\/\"},{\"@type\":\"ListItem\",\"position\":3,\"name\":\"Electrolux Professional Chef Academy\"}]},{\"@type\":\"WebSite\",\"@id\":\"https:\/\/www.electroluxprofessional.com\/es\/#website\",\"url\":\"https:\/\/www.electroluxprofessional.com\/es\/\",\"name\":\"Electrolux Professional Espa\u00f1a\",\"description\":\"Equipamiento cocinas profesionales y lavander\u00edas comerciales. Excelencia en el suministro de soluciones profesionales.\",\"potentialAction\":[{\"@type\":\"SearchAction\",\"target\":{\"@type\":\"EntryPoint\",\"urlTemplate\":\"https:\/\/www.electroluxprofessional.com\/es\/?src={search_term_string}\"},\"query-input\":{\"@type\":\"PropertyValueSpecification\",\"valueRequired\":true,\"valueName\":\"search_term_string\"}}],\"inLanguage\":\"es\"}]}<\/script>\n<!-- \/ Yoast SEO plugin. -->","yoast_head_json":{"title":"Electrolux Professional Chef Academy | Electrolux Professional","description":"\u00danete a la Chef Academy. Formaci\u00f3n pr\u00e1ctica de alto nivel, impartida por expertos, para dominar la tecnolog\u00eda y t\u00e9cnicas culinarias modernas.","robots":{"index":"index","follow":"follow","max-snippet":"max-snippet:-1","max-image-preview":"max-image-preview:large","max-video-preview":"max-video-preview:-1"},"canonical":"https:\/\/www.electroluxprofessional.com\/es\/chefs-hub\/electrolux-professional-chef-academy\/","og_locale":"es_ES","og_type":"article","og_title":"Electrolux Professional Chef Academy | Electrolux Professional","og_description":"\u00danete a la Chef Academy. Formaci\u00f3n pr\u00e1ctica de alto nivel, impartida por expertos, para dominar la tecnolog\u00eda y t\u00e9cnicas culinarias modernas.","og_url":"https:\/\/www.electroluxprofessional.com\/es\/chefs-hub\/electrolux-professional-chef-academy\/","og_site_name":"Electrolux Professional Espa\u00f1a","article_modified_time":"2026-03-31T09:12:24+00:00","og_image":[{"width":2000,"height":1331,"url":"https:\/\/www.electroluxprofessional.com\/es\/wp-content\/uploads\/2016\/12\/recipe.jpg","type":"image\/jpeg"}],"twitter_card":"summary_large_image","twitter_misc":{"Tiempo de lectura":"2 minutos"},"schema":{"@context":"https:\/\/schema.org","@graph":[{"@type":"WebPage","@id":"https:\/\/www.electroluxprofessional.com\/es\/chefs-hub\/electrolux-professional-chef-academy\/","url":"https:\/\/www.electroluxprofessional.com\/es\/chefs-hub\/electrolux-professional-chef-academy\/","name":"Electrolux Professional Chef Academy | Electrolux Professional","isPartOf":{"@id":"https:\/\/www.electroluxprofessional.com\/es\/#website"},"primaryImageOfPage":{"@id":"https:\/\/www.electroluxprofessional.com\/es\/chefs-hub\/electrolux-professional-chef-academy\/#primaryimage"},"image":{"@id":"https:\/\/www.electroluxprofessional.com\/es\/chefs-hub\/electrolux-professional-chef-academy\/#primaryimage"},"thumbnailUrl":"https:\/\/www.electroluxprofessional.com\/es\/wp-content\/uploads\/2016\/12\/recipe.jpg","datePublished":"2023-02-01T10:43:41+00:00","dateModified":"2026-03-31T09:12:24+00:00","description":"\u00danete a la Chef Academy. Formaci\u00f3n pr\u00e1ctica de alto nivel, impartida por expertos, para dominar la tecnolog\u00eda y t\u00e9cnicas culinarias modernas.","breadcrumb":{"@id":"https:\/\/www.electroluxprofessional.com\/es\/chefs-hub\/electrolux-professional-chef-academy\/#breadcrumb"},"inLanguage":"es","potentialAction":[{"@type":"ReadAction","target":["https:\/\/www.electroluxprofessional.com\/es\/chefs-hub\/electrolux-professional-chef-academy\/"]}]},{"@type":"ImageObject","inLanguage":"es","@id":"https:\/\/www.electroluxprofessional.com\/es\/chefs-hub\/electrolux-professional-chef-academy\/#primaryimage","url":"https:\/\/www.electroluxprofessional.com\/es\/wp-content\/uploads\/2016\/12\/recipe.jpg","contentUrl":"https:\/\/www.electroluxprofessional.com\/es\/wp-content\/uploads\/2016\/12\/recipe.jpg","width":2000,"height":1331,"caption":"Electrolux Professional chef academy"},{"@type":"BreadcrumbList","@id":"https:\/\/www.electroluxprofessional.com\/es\/chefs-hub\/electrolux-professional-chef-academy\/#breadcrumb","itemListElement":[{"@type":"ListItem","position":1,"name":"Home","item":"https:\/\/www.electroluxprofessional.com\/es\/"},{"@type":"ListItem","position":2,"name":"Chef&#8217;s Hub","item":"https:\/\/www.electroluxprofessional.com\/es\/chefs-hub\/"},{"@type":"ListItem","position":3,"name":"Electrolux Professional Chef Academy"}]},{"@type":"WebSite","@id":"https:\/\/www.electroluxprofessional.com\/es\/#website","url":"https:\/\/www.electroluxprofessional.com\/es\/","name":"Electrolux Professional Espa\u00f1a","description":"Equipamiento cocinas profesionales y lavander\u00edas comerciales. Excelencia en el suministro de soluciones profesionales.","potentialAction":[{"@type":"SearchAction","target":{"@type":"EntryPoint","urlTemplate":"https:\/\/www.electroluxprofessional.com\/es\/?src={search_term_string}"},"query-input":{"@type":"PropertyValueSpecification","valueRequired":true,"valueName":"search_term_string"}}],"inLanguage":"es"}]}},"_links":{"self":[{"href":"https:\/\/www.electroluxprofessional.com\/es\/wp-json\/wp\/v2\/pages\/17271"}],"collection":[{"href":"https:\/\/www.electroluxprofessional.com\/es\/wp-json\/wp\/v2\/pages"}],"about":[{"href":"https:\/\/www.electroluxprofessional.com\/es\/wp-json\/wp\/v2\/types\/page"}],"author":[{"embeddable":true,"href":"https:\/\/www.electroluxprofessional.com\/es\/wp-json\/wp\/v2\/users\/19"}],"replies":[{"embeddable":true,"href":"https:\/\/www.electroluxprofessional.com\/es\/wp-json\/wp\/v2\/comments?post=17271"}],"version-history":[{"count":15,"href":"https:\/\/www.electroluxprofessional.com\/es\/wp-json\/wp\/v2\/pages\/17271\/revisions"}],"predecessor-version":[{"id":26084,"href":"https:\/\/www.electroluxprofessional.com\/es\/wp-json\/wp\/v2\/pages\/17271\/revisions\/26084"}],"up":[{"embeddable":true,"href":"https:\/\/www.electroluxprofessional.com\/es\/wp-json\/wp\/v2\/pages\/13239"}],"wp:featuredmedia":[{"embeddable":true,"href":"https:\/\/www.electroluxprofessional.com\/es\/wp-json\/wp\/v2\/media\/2746"}],"wp:attachment":[{"href":"https:\/\/www.electroluxprofessional.com\/es\/wp-json\/wp\/v2\/media?parent=17271"}],"curies":[{"name":"wp","href":"https:\/\/api.w.org\/{rel}","templated":true}]}}