{"id":17107,"date":"2022-11-22T15:16:33","date_gmt":"2022-11-22T15:16:33","guid":{"rendered":"https:\/\/www.electroluxprofessional.com\/es\/?page_id=17107"},"modified":"2026-03-29T16:48:04","modified_gmt":"2026-03-29T16:48:04","slug":"centro-de-excelencia-de-electrolux-professional","status":"publish","type":"page","link":"https:\/\/www.electroluxprofessional.com\/es\/centro-de-excelencia-de-electrolux-professional\/","title":{"rendered":"Centro de Excelencia Electrolux Professional"},"content":{"rendered":"<p>[vc_row full_width=&#8221;electroluxpro-full-width-no-padding&#8221;][vc_column][elx_full_banner title=&#8221;Centro de Excelencia Electrolux Professional&#8221; set_as_h1=&#8221;true&#8221; background_image_media_library=&#8221;16155&#8243; background_image_media_library_mobile=&#8221;16154&#8243;][\/vc_column][\/vc_row][vc_row content_placement=&#8221;middle&#8221; disable_element=&#8221;yes&#8221; el_id=&#8221;DEMOSTRACIONES PRODUCTO&#8221;][vc_column][elx_heading font_container=&#8221;h1&#8243; text_color=&#8221;electrolux-blue&#8221; text_align=&#8221;text-left&#8221;]<strong>Pr\u00f3ximas demostraciones de producto<\/strong>[\/elx_heading][vc_empty_space height=&#8221;35px&#8221;][vc_row_inner equal_height=&#8221;yes&#8221; content_placement=&#8221;middle&#8221;][vc_column_inner width=&#8221;1\/6&#8243;][\/vc_column_inner][vc_column_inner width=&#8221;2\/3&#8243;][elx_maylike_box id_box=&#8221;21601&#8243;][\/vc_column_inner][vc_column_inner width=&#8221;1\/6&#8243;][\/vc_column_inner][\/vc_row_inner][vc_row_inner equal_height=&#8221;yes&#8221; content_placement=&#8221;middle&#8221;][vc_column_inner width=&#8221;1\/6&#8243;][\/vc_column_inner][vc_column_inner width=&#8221;2\/3&#8243;][\/vc_column_inner][vc_column_inner width=&#8221;1\/6&#8243;][\/vc_column_inner][\/vc_row_inner][\/vc_column][\/vc_row][vc_row content_placement=&#8221;middle&#8221; disable_element=&#8221;yes&#8221;][vc_column][elx_heading font_container=&#8221;h1&#8243; text_color=&#8221;electrolux-blue&#8221; text_align=&#8221;text-left&#8221;]<strong>Pr\u00f3ximas demostraciones de producto<\/strong>[\/elx_heading][vc_row_inner equal_height=&#8221;yes&#8221; content_placement=&#8221;middle&#8221;][vc_column_inner width=&#8221;1\/6&#8243;][\/vc_column_inner][vc_column_inner width=&#8221;2\/6&#8243;][\/vc_column_inner][vc_column_inner width=&#8221;2\/6&#8243;][\/vc_column_inner][vc_column_inner width=&#8221;1\/6&#8243;][\/vc_column_inner][\/vc_row_inner][vc_row_inner equal_height=&#8221;yes&#8221; content_placement=&#8221;middle&#8221;][vc_column_inner width=&#8221;1\/6&#8243;][\/vc_column_inner][vc_column_inner width=&#8221;2\/6&#8243;][\/vc_column_inner][vc_column_inner width=&#8221;2\/6&#8243;][\/vc_column_inner][vc_column_inner width=&#8221;1\/6&#8243;][\/vc_column_inner][\/vc_row_inner][\/vc_column][\/vc_row][vc_row][vc_column][vc_empty_space height=&#8221;28px&#8221;][elx_heading font_container=&#8221;h1&#8243; text_color=&#8221;inherit&#8221;]Centro de Excelencia[\/elx_heading][vc_empty_space height=&#8221;16px&#8221;][\/vc_column][\/vc_row][vc_row][vc_column width=&#8221;2\/3&#8243;][vc_column_text]Ofrecer a los clientes <strong>formaci\u00f3n sobre productos y formatos innovadores<\/strong> y proporcionarles experiencias memorables con nuestras soluciones y nuestra marca, este es nuestro compromiso en Electrolux Professional.<\/p>\n<p>Experiencias de intercambio, reuniones, formaci\u00f3n en un di\u00e1logo continuo entre los <strong>profesionales de la restauraci\u00f3n y de la hosteler\u00eda<\/strong> y Electrolux Professional, para enfocar el negocio de forma diferente.[\/vc_column_text][\/vc_column][vc_column width=&#8221;1\/3&#8243;][vc_empty_space height=&#8221;16px&#8221;][vc_single_image image=&#8221;17097&#8243; img_size=&#8221;full&#8221;][\/vc_column][\/vc_row][vc_row][vc_column][vc_row_inner][vc_column_inner][vc_empty_space][elx_heading text_color=&#8221;inherit&#8221; text_align=&#8221;text-center&#8221;]Nuestros centros de excelencia en todo el mundo[\/elx_heading][vc_empty_space][vc_column_text]<\/p>\n<p dir=\"ltr\" style=\"text-align: center;\" data-placeholder=\"Traduzione\">Haga clic en el mapa para sumergirse en una experiencia 3D<br \/>\ndentro de nuestro showroom[\/vc_column_text][vc_single_image image=&#8221;17254&#8243; img_size=&#8221;full&#8221; alignment=&#8221;center&#8221; onclick=&#8221;custom_link&#8221; img_link_target=&#8221;_blank&#8221; link=&#8221;https:\/\/tourmake.it\/es\/tour\/e21383bbcda259db89878af11f8be397&#8243;][\/vc_column_inner][\/vc_row_inner][\/vc_column][\/vc_row][vc_row][vc_column][vc_empty_space][vc_column_text]<strong>El showroom, los Centros de Excelencia<\/strong> y las actividades de formaci\u00f3n <strong>de Electrolux Professional<\/strong> se crearon con este prop\u00f3sito.<\/p>\n<p>Est\u00e1n equipados con las soluciones m\u00e1s innovadoras y representativas para el mundo de la<strong> Hosteler\u00eda<\/strong>, de las m\u00e1quinas de<strong>\u00a0Caf\u00e9 &amp; Bebidas y la Lavander\u00eda Profesional<\/strong> porque Electrolux Professional es &#8220;The OnE&#8221;: el socio de confianza que le ayuda a hacer su vida laboral m\u00e1s f\u00e1cil, m\u00e1s rentable y verdaderamente sostenible, cada d\u00eda.[\/vc_column_text][\/vc_column][\/vc_row][vc_row][vc_column][vc_empty_space height=&#8221;16px&#8221;][elx_heading text_color=&#8221;inherit&#8221;]Experiencia formativa en nuestros Centros de Excelencia[\/elx_heading][vc_empty_space height=&#8221;16px&#8221;][\/vc_column][\/vc_row][vc_row][vc_column][vc_column_text]En nuestro <strong>Centro de Excelencia<\/strong>, queremos ofrecer a nuestros clientes una<strong> experiencia completa, adaptada a sus necesidades.<\/strong> En <strong>nuestros seminarios, eventos y demostraciones en vivo<\/strong>, los clientes pueden conocer las \u00faltimas innovaciones en el mundo de la restauraci\u00f3n, el caf\u00e9 &amp; las bebidas y la lavander\u00eda profesional y ver toda la gama de productos que ofrece Electrolux Professional.[\/vc_column_text][vc_empty_space][\/vc_column][\/vc_row][vc_row][vc_column width=&#8221;1\/4&#8243;][elx_image_block background_image=&#8221;17089&#8243; minimum_height=&#8221;300px&#8221;][\/vc_column][vc_column width=&#8221;1\/4&#8243;][elx_image_block background_image=&#8221;17090&#8243; minimum_height=&#8221;300px&#8221;][\/vc_column][vc_column width=&#8221;1\/4&#8243;][elx_image_block background_image=&#8221;17091&#8243; minimum_height=&#8221;300px&#8221;][\/vc_column][vc_column width=&#8221;1\/4&#8243;][elx_image_block background_image=&#8221;17092&#8243; minimum_height=&#8221;300px&#8221;][\/vc_column][\/vc_row][vc_row disable_element=&#8221;yes&#8221;][vc_column width=&#8221;1\/2&#8243;][elx_image_block background_image=&#8221;17093&#8243; minimum_height=&#8221;300px&#8221;][\/vc_column][vc_column width=&#8221;1\/2&#8243;][elx_image_block background_image=&#8221;17094&#8243; minimum_height=&#8221;300px&#8221;][\/vc_column][\/vc_row][vc_row][vc_column][vc_empty_space][vc_column_text]Un equipo de<strong> chefs<\/strong> de la <a href=\"https:\/\/www.electroluxprofessional.com\/es\/chefs-hub\/electrolux-professional-chef-academy\/\">Academia de Chefs de Electrolux Profesional<\/a> , as\u00ed como expertos en productos y servicios, est\u00e1n presentes para apoyar al cliente y responder a sus necesidades. Esto garantiza que <strong>cada visita sea \u00fanica, adaptada a la actividad y las prioridades del cliente<\/strong>, est\u00e9 donde est\u00e9 en el mundo.<\/p>\n<p>Nuestros Centros de Excelencia son tambi\u00e9n n\u00facleos mundiales en los que podr\u00e1 descubrir las \u00faltimas tendencias en materia de gastronom\u00eda y t\u00e9cnicas culinarias, un espacio en el que podr\u00e1 <strong>aprovechar las oportunidades de debate, formaci\u00f3n y networking.<\/strong>[\/vc_column_text][vc_empty_space][\/vc_column][\/vc_row][vc_row][vc_column width=&#8221;1\/3&#8243;][vc_single_image image=&#8221;17099&#8243; img_size=&#8221;full&#8221; alignment=&#8221;center&#8221;][\/vc_column][vc_column width=&#8221;1\/3&#8243;][vc_single_image image=&#8221;17100&#8243; img_size=&#8221;full&#8221; alignment=&#8221;center&#8221;][\/vc_column][vc_column width=&#8221;1\/3&#8243;][vc_single_image image=&#8221;17101&#8243; img_size=&#8221;full&#8221; alignment=&#8221;center&#8221;][\/vc_column][\/vc_row][vc_row][vc_column][vc_empty_space][elx_heading text_color=&#8221;inherit&#8221;]Centro de Excelencia en Espa\u00f1a[\/elx_heading][vc_empty_space][\/vc_column][\/vc_row][vc_row][vc_column width=&#8221;1\/2&#8243;][vc_column_text]El Centro de Excelencia en Espa\u00f1a est\u00e1 en Alcobendas, <strong>Madrid<\/strong>. Un moderno espacio de aproximadamente <strong>180 m2 completamente dedicado a actividades de formaci\u00f3n y demostraci\u00f3n,<\/strong> donde se exponen nuestras soluciones m\u00e1s innovadoras dedicadas a la Restauraci\u00f3n, m\u00e1quinas de Caf\u00e9 y de Bebidas y la Lavander\u00eda Profesional.<\/p>\n<p><strong>2 cocinas totalmente funcionales<\/strong> y equipadas para ofrecer a los invitados la oportunidad de <strong>asistir a demostraciones pr\u00e1cticas<\/strong> impartidas por la Electrolux Professional Chef Academy, y por nuestros expertos en productos o servicios.[\/vc_column_text][vc_empty_space][vc_empty_space][\/vc_column][vc_column width=&#8221;1\/2&#8243;][elx_image_block background_image=&#8221;17258&#8243; minimum_height=&#8221;300px&#8221;][vc_empty_space][\/vc_column][\/vc_row][vc_row][vc_column width=&#8221;1\/2&#8243;][elx_simple_link_block link=&#8221;Enter the link of the block&#8221; text_align=&#8221;text-left&#8221; text_color=&#8221;inherit&#8221; background_color=&#8221;inherit&#8221; background_hover_color=&#8221;darker-hover&#8221; extra_class=&#8221;&#8221; reveal_effect=&#8221;&#8221; reveal_duration=&#8221;&#8221; reveal_delay=&#8221;&#8221;][vc_single_image image=&#8221;17257&#8243; img_size=&#8221;full&#8221;][\/elx_simple_link_block][\/vc_column][vc_column width=&#8221;1\/2&#8243;][vc_column_text]Los clientes tienen la oportunidad de asistir a <strong>demostraciones en directo<\/strong> que muestran c\u00f3mo, haciendo el mejor uso de las soluciones de Electrolux Professional, se puede optimizar el trabajo en la cocina haci\u00e9ndolo m\u00e1s sencillo, fluido y rentable.[\/vc_column_text][vc_empty_space][vc_column_text]P\u00f3ngase en contacto con su distribuidor de ventas m\u00e1s cercano y concierte una visita a uno de nuestros Centros de Excelencia.<\/p>\n<p><strong>Descubra el mundo de oportunidades que hemos dise\u00f1ado pensando en sus necesidades.<\/strong>[\/vc_column_text][\/vc_column][\/vc_row][vc_row][vc_column][vc_empty_space][elx_heading font_container=&#8221;h3&#8243; text_color=&#8221;inherit&#8221;]Contacte con nosotros para m\u00e1s informaci\u00f3n[\/elx_heading][elx_o2000_contact_us request_type=&#8221;Customer support&#8221; country=&#8221;Spain&#8221;][vc_empty_space][\/vc_column][\/vc_row][vc_row][vc_column][vc_empty_space height=&#8221;50px&#8221;][elx_heading font_container=&#8221;h3&#8243; text_color=&#8221;inherit&#8221;]Tambi\u00e9n puede interesarle[\/elx_heading][\/vc_column][\/vc_row][vc_row][vc_column width=&#8221;1\/3&#8243;][elx_maylike_box id_box=&#8221;17104&#8243;][\/vc_column][vc_column width=&#8221;1\/3&#8243;][elx_maylike_box id_box=&#8221;17330&#8243;][\/vc_column][\/vc_row]<\/p>\n","protected":false},"excerpt":{"rendered":"<p>[vc_row full_width=&#8221;electroluxpro-full-width-no-padding&#8221;][vc_column][elx_full_banner title=&#8221;Centro de Excelencia Electrolux Professional&#8221; set_as_h1=&#8221;true&#8221; background_image_media_library=&#8221;16155&#8243; background_image_media_library_mobile=&#8221;16154&#8243;][\/vc_column][\/vc_row][vc_row content_placement=&#8221;middle&#8221; disable_element=&#8221;yes&#8221; el_id=&#8221;DEMOSTRACIONES PRODUCTO&#8221;][vc_column][elx_heading font_container=&#8221;h1&#8243; text_color=&#8221;electrolux-blue&#8221; text_align=&#8221;text-left&#8221;]Pr\u00f3ximas demostraciones de producto[\/elx_heading][vc_empty_space height=&#8221;35px&#8221;][vc_row_inner equal_height=&#8221;yes&#8221; content_placement=&#8221;middle&#8221;][vc_column_inner width=&#8221;1\/6&#8243;][\/vc_column_inner][vc_column_inner width=&#8221;2\/3&#8243;][elx_maylike_box id_box=&#8221;21601&#8243;][\/vc_column_inner][vc_column_inner width=&#8221;1\/6&#8243;][\/vc_column_inner][\/vc_row_inner][vc_row_inner equal_height=&#8221;yes&#8221; content_placement=&#8221;middle&#8221;][vc_column_inner width=&#8221;1\/6&#8243;][\/vc_column_inner][vc_column_inner width=&#8221;2\/3&#8243;][\/vc_column_inner][vc_column_inner width=&#8221;1\/6&#8243;][\/vc_column_inner][\/vc_row_inner][\/vc_column][\/vc_row][vc_row content_placement=&#8221;middle&#8221; disable_element=&#8221;yes&#8221;][vc_column][elx_heading font_container=&#8221;h1&#8243; text_color=&#8221;electrolux-blue&#8221; text_align=&#8221;text-left&#8221;]Pr\u00f3ximas demostraciones de producto[\/elx_heading][vc_row_inner equal_height=&#8221;yes&#8221; content_placement=&#8221;middle&#8221;][vc_column_inner width=&#8221;1\/6&#8243;][\/vc_column_inner][vc_column_inner width=&#8221;2\/6&#8243;][\/vc_column_inner][vc_column_inner width=&#8221;2\/6&#8243;][\/vc_column_inner][vc_column_inner width=&#8221;1\/6&#8243;][\/vc_column_inner][\/vc_row_inner][vc_row_inner equal_height=&#8221;yes&#8221; content_placement=&#8221;middle&#8221;][vc_column_inner width=&#8221;1\/6&#8243;][\/vc_column_inner][vc_column_inner width=&#8221;2\/6&#8243;][\/vc_column_inner][vc_column_inner width=&#8221;2\/6&#8243;][\/vc_column_inner][vc_column_inner width=&#8221;1\/6&#8243;][\/vc_column_inner][\/vc_row_inner][\/vc_column][\/vc_row][vc_row][vc_column][vc_empty_space height=&#8221;28px&#8221;][elx_heading font_container=&#8221;h1&#8243; text_color=&#8221;inherit&#8221;]Centro [&hellip;]<\/p>\n","protected":false},"author":19,"featured_media":0,"parent":0,"menu_order":0,"comment_status":"closed","ping_status":"closed","template":"","meta":{"footnotes":""},"class_list":["post-17107","page","type-page","status-publish","hentry"],"acf":[],"yoast_head":"<!-- This site is optimized with the Yoast SEO plugin v23.4 - https:\/\/yoast.com\/wordpress\/plugins\/seo\/ -->\n<title>Centro de Excelencia: innovaci\u00f3n y formaci\u00f3n | Electrolux Professional<\/title>\n<meta name=\"description\" content=\"M\u00e1s de 17 Centros de Excelencia y m\u00e1s de 70 chefs de la Electrolux Professional Chef Academy est\u00e1n activos con seminarios, formaci\u00f3n pr\u00e1ctica, talleres y eventos culinarios en todo el mundo.\" \/>\n<meta name=\"robots\" content=\"index, follow, max-snippet:-1, max-image-preview:large, max-video-preview:-1\" \/>\n<link rel=\"canonical\" href=\"https:\/\/www.electroluxprofessional.com\/es\/centro-de-excelencia-de-electrolux-professional\/\" \/>\n<meta property=\"og:locale\" content=\"es_ES\" \/>\n<meta property=\"og:type\" content=\"article\" \/>\n<meta property=\"og:title\" content=\"Centro de Excelencia: innovaci\u00f3n y formaci\u00f3n | Electrolux Professional\" \/>\n<meta property=\"og:description\" content=\"M\u00e1s de 17 Centros de Excelencia y m\u00e1s de 70 chefs de la Electrolux Professional Chef Academy est\u00e1n activos con seminarios, formaci\u00f3n pr\u00e1ctica, talleres y eventos culinarios en todo el mundo.\" \/>\n<meta property=\"og:url\" content=\"https:\/\/www.electroluxprofessional.com\/es\/centro-de-excelencia-de-electrolux-professional\/\" \/>\n<meta property=\"og:site_name\" content=\"Electrolux Professional Espa\u00f1a\" \/>\n<meta property=\"article:modified_time\" content=\"2026-03-29T16:48:04+00:00\" \/>\n<meta name=\"twitter:card\" content=\"summary_large_image\" \/>\n<meta name=\"twitter:label1\" content=\"Tiempo de lectura\" \/>\n\t<meta name=\"twitter:data1\" content=\"3 minutos\" \/>\n<script type=\"application\/ld+json\" class=\"yoast-schema-graph\">{\"@context\":\"https:\/\/schema.org\",\"@graph\":[{\"@type\":\"WebPage\",\"@id\":\"https:\/\/www.electroluxprofessional.com\/es\/centro-de-excelencia-de-electrolux-professional\/\",\"url\":\"https:\/\/www.electroluxprofessional.com\/es\/centro-de-excelencia-de-electrolux-professional\/\",\"name\":\"Centro de Excelencia: innovaci\u00f3n y formaci\u00f3n | Electrolux Professional\",\"isPartOf\":{\"@id\":\"https:\/\/www.electroluxprofessional.com\/es\/#website\"},\"datePublished\":\"2022-11-22T15:16:33+00:00\",\"dateModified\":\"2026-03-29T16:48:04+00:00\",\"description\":\"M\u00e1s de 17 Centros de Excelencia y m\u00e1s de 70 chefs de la Electrolux Professional Chef Academy est\u00e1n activos con seminarios, formaci\u00f3n pr\u00e1ctica, talleres y eventos culinarios en todo el mundo.\",\"breadcrumb\":{\"@id\":\"https:\/\/www.electroluxprofessional.com\/es\/centro-de-excelencia-de-electrolux-professional\/#breadcrumb\"},\"inLanguage\":\"es\",\"potentialAction\":[{\"@type\":\"ReadAction\",\"target\":[\"https:\/\/www.electroluxprofessional.com\/es\/centro-de-excelencia-de-electrolux-professional\/\"]}]},{\"@type\":\"BreadcrumbList\",\"@id\":\"https:\/\/www.electroluxprofessional.com\/es\/centro-de-excelencia-de-electrolux-professional\/#breadcrumb\",\"itemListElement\":[{\"@type\":\"ListItem\",\"position\":1,\"name\":\"Home\",\"item\":\"https:\/\/www.electroluxprofessional.com\/es\/\"},{\"@type\":\"ListItem\",\"position\":2,\"name\":\"Centro de Excelencia Electrolux Professional\"}]},{\"@type\":\"WebSite\",\"@id\":\"https:\/\/www.electroluxprofessional.com\/es\/#website\",\"url\":\"https:\/\/www.electroluxprofessional.com\/es\/\",\"name\":\"Electrolux Professional Espa\u00f1a\",\"description\":\"Equipamiento cocinas profesionales y lavander\u00edas comerciales. Excelencia en el suministro de soluciones profesionales.\",\"potentialAction\":[{\"@type\":\"SearchAction\",\"target\":{\"@type\":\"EntryPoint\",\"urlTemplate\":\"https:\/\/www.electroluxprofessional.com\/es\/?src={search_term_string}\"},\"query-input\":{\"@type\":\"PropertyValueSpecification\",\"valueRequired\":true,\"valueName\":\"search_term_string\"}}],\"inLanguage\":\"es\"}]}<\/script>\n<!-- \/ Yoast SEO plugin. -->","yoast_head_json":{"title":"Centro de Excelencia: innovaci\u00f3n y formaci\u00f3n | Electrolux Professional","description":"M\u00e1s de 17 Centros de Excelencia y m\u00e1s de 70 chefs de la Electrolux Professional Chef Academy est\u00e1n activos con seminarios, formaci\u00f3n pr\u00e1ctica, talleres y eventos culinarios en todo el mundo.","robots":{"index":"index","follow":"follow","max-snippet":"max-snippet:-1","max-image-preview":"max-image-preview:large","max-video-preview":"max-video-preview:-1"},"canonical":"https:\/\/www.electroluxprofessional.com\/es\/centro-de-excelencia-de-electrolux-professional\/","og_locale":"es_ES","og_type":"article","og_title":"Centro de Excelencia: innovaci\u00f3n y formaci\u00f3n | Electrolux Professional","og_description":"M\u00e1s de 17 Centros de Excelencia y m\u00e1s de 70 chefs de la Electrolux Professional Chef Academy est\u00e1n activos con seminarios, formaci\u00f3n pr\u00e1ctica, talleres y eventos culinarios en todo el mundo.","og_url":"https:\/\/www.electroluxprofessional.com\/es\/centro-de-excelencia-de-electrolux-professional\/","og_site_name":"Electrolux Professional Espa\u00f1a","article_modified_time":"2026-03-29T16:48:04+00:00","twitter_card":"summary_large_image","twitter_misc":{"Tiempo de lectura":"3 minutos"},"schema":{"@context":"https:\/\/schema.org","@graph":[{"@type":"WebPage","@id":"https:\/\/www.electroluxprofessional.com\/es\/centro-de-excelencia-de-electrolux-professional\/","url":"https:\/\/www.electroluxprofessional.com\/es\/centro-de-excelencia-de-electrolux-professional\/","name":"Centro de Excelencia: innovaci\u00f3n y formaci\u00f3n | Electrolux Professional","isPartOf":{"@id":"https:\/\/www.electroluxprofessional.com\/es\/#website"},"datePublished":"2022-11-22T15:16:33+00:00","dateModified":"2026-03-29T16:48:04+00:00","description":"M\u00e1s de 17 Centros de Excelencia y m\u00e1s de 70 chefs de la Electrolux Professional Chef Academy est\u00e1n activos con seminarios, formaci\u00f3n pr\u00e1ctica, talleres y eventos culinarios en todo el mundo.","breadcrumb":{"@id":"https:\/\/www.electroluxprofessional.com\/es\/centro-de-excelencia-de-electrolux-professional\/#breadcrumb"},"inLanguage":"es","potentialAction":[{"@type":"ReadAction","target":["https:\/\/www.electroluxprofessional.com\/es\/centro-de-excelencia-de-electrolux-professional\/"]}]},{"@type":"BreadcrumbList","@id":"https:\/\/www.electroluxprofessional.com\/es\/centro-de-excelencia-de-electrolux-professional\/#breadcrumb","itemListElement":[{"@type":"ListItem","position":1,"name":"Home","item":"https:\/\/www.electroluxprofessional.com\/es\/"},{"@type":"ListItem","position":2,"name":"Centro de Excelencia Electrolux Professional"}]},{"@type":"WebSite","@id":"https:\/\/www.electroluxprofessional.com\/es\/#website","url":"https:\/\/www.electroluxprofessional.com\/es\/","name":"Electrolux Professional Espa\u00f1a","description":"Equipamiento cocinas profesionales y lavander\u00edas comerciales. Excelencia en el suministro de soluciones profesionales.","potentialAction":[{"@type":"SearchAction","target":{"@type":"EntryPoint","urlTemplate":"https:\/\/www.electroluxprofessional.com\/es\/?src={search_term_string}"},"query-input":{"@type":"PropertyValueSpecification","valueRequired":true,"valueName":"search_term_string"}}],"inLanguage":"es"}]}},"_links":{"self":[{"href":"https:\/\/www.electroluxprofessional.com\/es\/wp-json\/wp\/v2\/pages\/17107"}],"collection":[{"href":"https:\/\/www.electroluxprofessional.com\/es\/wp-json\/wp\/v2\/pages"}],"about":[{"href":"https:\/\/www.electroluxprofessional.com\/es\/wp-json\/wp\/v2\/types\/page"}],"author":[{"embeddable":true,"href":"https:\/\/www.electroluxprofessional.com\/es\/wp-json\/wp\/v2\/users\/19"}],"replies":[{"embeddable":true,"href":"https:\/\/www.electroluxprofessional.com\/es\/wp-json\/wp\/v2\/comments?post=17107"}],"version-history":[{"count":40,"href":"https:\/\/www.electroluxprofessional.com\/es\/wp-json\/wp\/v2\/pages\/17107\/revisions"}],"predecessor-version":[{"id":26052,"href":"https:\/\/www.electroluxprofessional.com\/es\/wp-json\/wp\/v2\/pages\/17107\/revisions\/26052"}],"wp:attachment":[{"href":"https:\/\/www.electroluxprofessional.com\/es\/wp-json\/wp\/v2\/media?parent=17107"}],"curies":[{"name":"wp","href":"https:\/\/api.w.org\/{rel}","templated":true}]}}