{"id":16902,"date":"2022-08-05T10:30:04","date_gmt":"2022-08-05T10:30:04","guid":{"rendered":"https:\/\/www.electroluxprofessional.com\/es\/?page_id=16902"},"modified":"2025-03-20T11:46:11","modified_gmt":"2025-03-20T11:46:11","slug":"mylaundry-concept-store","status":"publish","type":"page","link":"https:\/\/www.electroluxprofessional.com\/es\/mylaundry-concept-store\/","title":{"rendered":"myLaundry Concept Store"},"content":{"rendered":"<p>[vc_row full_width=&#8221;electroluxpro-full-width-no-padding&#8221;][vc_column reveal_effect=&#8221;&#8221; css=&#8221;.vc_custom_1657191704700{margin-top: -30px !important;}&#8221;][elx_full_banner title=&#8221;myLaundry Concept Store&#8221; set_as_h1=&#8221;true&#8221; link=&#8221;url:%23contactus|title:Pide%20m%C3%A1s%20informaci%C3%B3n&#8221; background_image_media_library=&#8221;16901&#8243; background_image_media_library_mobile=&#8221;16898&#8243;][\/vc_column][\/vc_row][vc_row][vc_column][vc_empty_space height=&#8221;12px&#8221;][elx_heading text_color=&#8221;inherit&#8221; text_align=&#8221;text-center&#8221;]Un <strong>concepto de lavander\u00eda<\/strong> rompedor<br \/>\nque fusiona lo cultural y lo comercial[\/elx_heading][vc_empty_space height=&#8221;12px&#8221;][\/vc_column][\/vc_row][vc_row][vc_column][vc_empty_space height=&#8221;22px&#8221;][\/vc_column][\/vc_row][vc_row][vc_column width=&#8221;1\/2&#8243;][vc_column_text]\u25ba Un verdadero <strong>concepto exclusivo de lavander\u00eda de autoservicio<\/strong><\/p>\n<p>\u25ba Con las ventajas que te da <strong>la marca l\u00edder<br \/>\n<\/strong>mundial Electrolux Professional<\/p>\n<p>\u25ba Diferencia tu lavander\u00eda de autoservicio con<br \/>\nla sostenibilidad<strong> ecol\u00f3gica<\/strong><\/p>\n<p>\u25ba Equipos con eficiencia energ\u00e9tica, acabados naturales, est\u00e9tica contempor\u00e1nea y soporte de marketing <strong>totalmente personalizado<\/strong><\/p>\n<p>\u25ba myLaundry Concept Store de Electrolux Professional es una<br \/>\nsoluci\u00f3n integral <strong>concebida para los beneficios<\/strong>.[\/vc_column_text][vc_empty_space height=&#8221;22px&#8221;][elx_download_block text=&#8221;Descarga el folleto de myLaundry<br \/>\nConcept Store&#8221; document_type=&#8221;brochures&#8221; link=&#8221;https:\/\/www.electroluxprofessional.com\/es\/\/wp-content\/uploads\/2017\/04\/concept-store-brochure.pdf&#8221; background_color=&#8221;cat-mylaundry-concept-store&#8221; br_document_number=&#8221;BRO-9JE00002&#8243;][\/vc_column][vc_column width=&#8221;1\/2&#8243;][vc_single_image image=&#8221;16899&#8243; img_size=&#8221;full&#8221;][\/vc_column][\/vc_row][vc_row][vc_column][vc_empty_space height=&#8221;22px&#8221;][elx_heading font_size=&#8221;h3&#8243; text_color=&#8221;inherit&#8221;]Soluciones personalizadas: actualizadas o totalmente nuevas<br \/>\n<strong>Cualquier local puede convertirse en el establecimiento de tus sue\u00f1os<\/strong>[\/elx_heading][vc_empty_space height=&#8221;22px&#8221;][\/vc_column][\/vc_row][vc_row][vc_column][elx_heading font_size=&#8221;h5&#8243; text_color=&#8221;electrolux-blue&#8221;]Brinda la mejor experiencia de lavado y secado a tus clientes y maximiza tus beneficios[\/elx_heading][\/vc_column][\/vc_row][vc_row][vc_column width=&#8221;1\/2&#8243;][elx_heading font_container=&#8221;h3&#8243; font_size=&#8221;h3&#8243; text_color=&#8221;inherit&#8221;]<strong>Te lo ponemos f\u00e1cil:<\/strong>[\/elx_heading][vc_empty_space height=&#8221;10px&#8221;][vc_column_text]<\/p>\n<h4>Sostenibilidad<\/h4>\n<p>myLaundry Concept Store refleja nuestra pasi\u00f3n y nuestro liderazgo en sostenibilidad dentro del sector<\/p>\n<h4>Calidad premium<\/h4>\n<p>myLaundry Concept Store de Electrolux Professional es una soluci\u00f3n de lavander\u00eda premium que te har\u00e1 destacar y te diferenciar\u00e1 claramente de la competencia<\/p>\n<h4>Llave en mano<\/h4>\n<p>Te facilitamos todo el proceso de apertura de tu lavander\u00eda, ayud\u00e1ndote desde la b\u00fasqueda del local ideal hasta el dise\u00f1o, la construcci\u00f3n y el marketing<\/p>\n<h4>Rentabilidad<\/h4>\n<p>La m\u00e1xima eficiencia en consumo de energ\u00eda\/agua de nuestros equipos de lavander\u00eda te ofrece una r\u00e1pida rentabilizaci\u00f3n de la inversi\u00f3n e importantes ingresos[\/vc_column_text][\/vc_column][vc_column width=&#8221;1\/2&#8243;][vc_empty_space height=&#8221;50px&#8221;][vc_single_image image=&#8221;16900&#8243; img_size=&#8221;full&#8221; alignment=&#8221;center&#8221;][\/vc_column][\/vc_row][vc_row el_id=&#8221;contactus&#8221;][vc_column][vc_empty_space][elx_heading font_size=&#8221;h3&#8243; text_color=&#8221;inherit&#8221; text_align=&#8221;text-center&#8221;]Ponte en contacto con nuestros profesionales[\/elx_heading][vc_empty_space][elx_o2000_contact_us s=&#8221;Request of information about myLaundry concept store&#8221; b=&#8221;laundry&#8221; container=&#8221;elxcontactus1491376825&#8243; r=&#8221;Me gustar\u00eda m\u00e1s informaci\u00f3n sobre lavander\u00edas de autoservicio&#8230;&#8221; e=&#8221;christelle.querry@electrolux.com&#8221;][vc_empty_space][\/vc_column][\/vc_row][vc_row css=&#8221;.vc_custom_1555677167297{background-color: #eeeeee !important;}&#8221;][vc_column][elx_heading font_size=&#8221;h3&#8243; text_color=&#8221;inherit&#8221; text_align=&#8221;text-left&#8221;]Tambi\u00e9n te puede interesar:[\/elx_heading][\/vc_column][\/vc_row][vc_row css=&#8221;.vc_custom_1555677176402{background-color: #eeeeee !important;}&#8221;][vc_column width=&#8221;1\/3&#8243;][elx_maylike_box id_box=&#8221;11976&#8243;][\/vc_column][vc_column width=&#8221;1\/3&#8243;][elx_maylike_box id_box=&#8221;7082&#8243;][\/vc_column][vc_column width=&#8221;1\/3&#8243;][\/vc_column][\/vc_row]<\/p>\n","protected":false},"excerpt":{"rendered":"<p>[vc_row full_width=&#8221;electroluxpro-full-width-no-padding&#8221;][vc_column reveal_effect=&#8221;&#8221; css=&#8221;.vc_custom_1657191704700{margin-top: -30px !important;}&#8221;][elx_full_banner title=&#8221;myLaundry Concept Store&#8221; set_as_h1=&#8221;true&#8221; link=&#8221;url:%23contactus|title:Pide%20m%C3%A1s%20informaci%C3%B3n&#8221; background_image_media_library=&#8221;16901&#8243; background_image_media_library_mobile=&#8221;16898&#8243;][\/vc_column][\/vc_row][vc_row][vc_column][vc_empty_space height=&#8221;12px&#8221;][elx_heading text_color=&#8221;inherit&#8221; text_align=&#8221;text-center&#8221;]Un concepto de lavander\u00eda rompedor que fusiona lo cultural y lo comercial[\/elx_heading][vc_empty_space height=&#8221;12px&#8221;][\/vc_column][\/vc_row][vc_row][vc_column][vc_empty_space height=&#8221;22px&#8221;][\/vc_column][\/vc_row][vc_row][vc_column width=&#8221;1\/2&#8243;][vc_column_text]\u25ba Un verdadero concepto exclusivo de lavander\u00eda de autoservicio \u25ba Con las ventajas que te da la marca l\u00edder mundial Electrolux Professional \u25ba Diferencia tu lavander\u00eda [&hellip;]<\/p>\n","protected":false},"author":21,"featured_media":16898,"parent":0,"menu_order":0,"comment_status":"closed","ping_status":"closed","template":"","meta":{"footnotes":""},"class_list":["post-16902","page","type-page","status-publish","has-post-thumbnail","hentry"],"acf":[],"yoast_head":"<!-- This site is optimized with the Yoast SEO plugin v23.4 - https:\/\/yoast.com\/wordpress\/plugins\/seo\/ -->\n<title>myLaundry Concept Store - Electrolux Professional Espa\u00f1a<\/title>\n<meta name=\"description\" content=\"Una experiencia de lavander\u00eda al por menor que cambia el juego, mezclando la cultura con el comercio. \u00a1Actualice o construya una nueva! Cualquier ubicaci\u00f3n puede transformarse en la tienda de sus sue\u00f1os.\" \/>\n<meta name=\"robots\" content=\"index, follow, max-snippet:-1, max-image-preview:large, max-video-preview:-1\" \/>\n<link rel=\"canonical\" href=\"https:\/\/www.electroluxprofessional.com\/es\/mylaundry-concept-store\/\" \/>\n<meta property=\"og:locale\" content=\"es_ES\" \/>\n<meta property=\"og:type\" content=\"article\" \/>\n<meta property=\"og:title\" content=\"myLaundry Concept Store - Electrolux Professional Espa\u00f1a\" \/>\n<meta property=\"og:description\" content=\"Una experiencia de lavander\u00eda al por menor que cambia el juego, mezclando la cultura con el comercio. \u00a1Actualice o construya una nueva! Cualquier ubicaci\u00f3n puede transformarse en la tienda de sus sue\u00f1os.\" \/>\n<meta property=\"og:url\" content=\"https:\/\/www.electroluxprofessional.com\/es\/mylaundry-concept-store\/\" \/>\n<meta property=\"og:site_name\" content=\"Electrolux Professional Espa\u00f1a\" \/>\n<meta property=\"article:modified_time\" content=\"2025-03-20T11:46:11+00:00\" \/>\n<meta property=\"og:image\" content=\"https:\/\/www.electroluxprofessional.com\/es\/wp-content\/uploads\/2022\/08\/full-banner-1125.jpg\" \/>\n\t<meta property=\"og:image:width\" content=\"1125\" \/>\n\t<meta property=\"og:image:height\" content=\"1583\" \/>\n\t<meta property=\"og:image:type\" content=\"image\/jpeg\" \/>\n<meta name=\"twitter:card\" content=\"summary_large_image\" \/>\n<meta name=\"twitter:label1\" content=\"Tiempo de lectura\" \/>\n\t<meta name=\"twitter:data1\" content=\"2 minutos\" \/>\n<script type=\"application\/ld+json\" class=\"yoast-schema-graph\">{\"@context\":\"https:\/\/schema.org\",\"@graph\":[{\"@type\":\"WebPage\",\"@id\":\"https:\/\/www.electroluxprofessional.com\/es\/mylaundry-concept-store\/\",\"url\":\"https:\/\/www.electroluxprofessional.com\/es\/mylaundry-concept-store\/\",\"name\":\"myLaundry Concept Store - Electrolux Professional Espa\u00f1a\",\"isPartOf\":{\"@id\":\"https:\/\/www.electroluxprofessional.com\/es\/#website\"},\"primaryImageOfPage\":{\"@id\":\"https:\/\/www.electroluxprofessional.com\/es\/mylaundry-concept-store\/#primaryimage\"},\"image\":{\"@id\":\"https:\/\/www.electroluxprofessional.com\/es\/mylaundry-concept-store\/#primaryimage\"},\"thumbnailUrl\":\"https:\/\/www.electroluxprofessional.com\/es\/wp-content\/uploads\/2022\/08\/full-banner-1125.jpg\",\"datePublished\":\"2022-08-05T10:30:04+00:00\",\"dateModified\":\"2025-03-20T11:46:11+00:00\",\"description\":\"Una experiencia de lavander\u00eda al por menor que cambia el juego, mezclando la cultura con el comercio. \u00a1Actualice o construya una nueva! Cualquier ubicaci\u00f3n puede transformarse en la tienda de sus sue\u00f1os.\",\"breadcrumb\":{\"@id\":\"https:\/\/www.electroluxprofessional.com\/es\/mylaundry-concept-store\/#breadcrumb\"},\"inLanguage\":\"es\",\"potentialAction\":[{\"@type\":\"ReadAction\",\"target\":[\"https:\/\/www.electroluxprofessional.com\/es\/mylaundry-concept-store\/\"]}]},{\"@type\":\"ImageObject\",\"inLanguage\":\"es\",\"@id\":\"https:\/\/www.electroluxprofessional.com\/es\/mylaundry-concept-store\/#primaryimage\",\"url\":\"https:\/\/www.electroluxprofessional.com\/es\/wp-content\/uploads\/2022\/08\/full-banner-1125.jpg\",\"contentUrl\":\"https:\/\/www.electroluxprofessional.com\/es\/wp-content\/uploads\/2022\/08\/full-banner-1125.jpg\",\"width\":1125,\"height\":1583,\"caption\":\"full-banner-1125\"},{\"@type\":\"BreadcrumbList\",\"@id\":\"https:\/\/www.electroluxprofessional.com\/es\/mylaundry-concept-store\/#breadcrumb\",\"itemListElement\":[{\"@type\":\"ListItem\",\"position\":1,\"name\":\"Home\",\"item\":\"https:\/\/www.electroluxprofessional.com\/es\/\"},{\"@type\":\"ListItem\",\"position\":2,\"name\":\"myLaundry Concept Store\"}]},{\"@type\":\"WebSite\",\"@id\":\"https:\/\/www.electroluxprofessional.com\/es\/#website\",\"url\":\"https:\/\/www.electroluxprofessional.com\/es\/\",\"name\":\"Electrolux Professional Espa\u00f1a\",\"description\":\"Equipamiento cocinas profesionales y lavander\u00edas comerciales. Excelencia en el suministro de soluciones profesionales.\",\"potentialAction\":[{\"@type\":\"SearchAction\",\"target\":{\"@type\":\"EntryPoint\",\"urlTemplate\":\"https:\/\/www.electroluxprofessional.com\/es\/?src={search_term_string}\"},\"query-input\":{\"@type\":\"PropertyValueSpecification\",\"valueRequired\":true,\"valueName\":\"search_term_string\"}}],\"inLanguage\":\"es\"}]}<\/script>\n<!-- \/ Yoast SEO plugin. -->","yoast_head_json":{"title":"myLaundry Concept Store - Electrolux Professional Espa\u00f1a","description":"Una experiencia de lavander\u00eda al por menor que cambia el juego, mezclando la cultura con el comercio. \u00a1Actualice o construya una nueva! Cualquier ubicaci\u00f3n puede transformarse en la tienda de sus sue\u00f1os.","robots":{"index":"index","follow":"follow","max-snippet":"max-snippet:-1","max-image-preview":"max-image-preview:large","max-video-preview":"max-video-preview:-1"},"canonical":"https:\/\/www.electroluxprofessional.com\/es\/mylaundry-concept-store\/","og_locale":"es_ES","og_type":"article","og_title":"myLaundry Concept Store - Electrolux Professional Espa\u00f1a","og_description":"Una experiencia de lavander\u00eda al por menor que cambia el juego, mezclando la cultura con el comercio. \u00a1Actualice o construya una nueva! Cualquier ubicaci\u00f3n puede transformarse en la tienda de sus sue\u00f1os.","og_url":"https:\/\/www.electroluxprofessional.com\/es\/mylaundry-concept-store\/","og_site_name":"Electrolux Professional Espa\u00f1a","article_modified_time":"2025-03-20T11:46:11+00:00","og_image":[{"width":1125,"height":1583,"url":"https:\/\/www.electroluxprofessional.com\/es\/wp-content\/uploads\/2022\/08\/full-banner-1125.jpg","type":"image\/jpeg"}],"twitter_card":"summary_large_image","twitter_misc":{"Tiempo de lectura":"2 minutos"},"schema":{"@context":"https:\/\/schema.org","@graph":[{"@type":"WebPage","@id":"https:\/\/www.electroluxprofessional.com\/es\/mylaundry-concept-store\/","url":"https:\/\/www.electroluxprofessional.com\/es\/mylaundry-concept-store\/","name":"myLaundry Concept Store - Electrolux Professional Espa\u00f1a","isPartOf":{"@id":"https:\/\/www.electroluxprofessional.com\/es\/#website"},"primaryImageOfPage":{"@id":"https:\/\/www.electroluxprofessional.com\/es\/mylaundry-concept-store\/#primaryimage"},"image":{"@id":"https:\/\/www.electroluxprofessional.com\/es\/mylaundry-concept-store\/#primaryimage"},"thumbnailUrl":"https:\/\/www.electroluxprofessional.com\/es\/wp-content\/uploads\/2022\/08\/full-banner-1125.jpg","datePublished":"2022-08-05T10:30:04+00:00","dateModified":"2025-03-20T11:46:11+00:00","description":"Una experiencia de lavander\u00eda al por menor que cambia el juego, mezclando la cultura con el comercio. \u00a1Actualice o construya una nueva! Cualquier ubicaci\u00f3n puede transformarse en la tienda de sus sue\u00f1os.","breadcrumb":{"@id":"https:\/\/www.electroluxprofessional.com\/es\/mylaundry-concept-store\/#breadcrumb"},"inLanguage":"es","potentialAction":[{"@type":"ReadAction","target":["https:\/\/www.electroluxprofessional.com\/es\/mylaundry-concept-store\/"]}]},{"@type":"ImageObject","inLanguage":"es","@id":"https:\/\/www.electroluxprofessional.com\/es\/mylaundry-concept-store\/#primaryimage","url":"https:\/\/www.electroluxprofessional.com\/es\/wp-content\/uploads\/2022\/08\/full-banner-1125.jpg","contentUrl":"https:\/\/www.electroluxprofessional.com\/es\/wp-content\/uploads\/2022\/08\/full-banner-1125.jpg","width":1125,"height":1583,"caption":"full-banner-1125"},{"@type":"BreadcrumbList","@id":"https:\/\/www.electroluxprofessional.com\/es\/mylaundry-concept-store\/#breadcrumb","itemListElement":[{"@type":"ListItem","position":1,"name":"Home","item":"https:\/\/www.electroluxprofessional.com\/es\/"},{"@type":"ListItem","position":2,"name":"myLaundry Concept Store"}]},{"@type":"WebSite","@id":"https:\/\/www.electroluxprofessional.com\/es\/#website","url":"https:\/\/www.electroluxprofessional.com\/es\/","name":"Electrolux Professional Espa\u00f1a","description":"Equipamiento cocinas profesionales y lavander\u00edas comerciales. Excelencia en el suministro de soluciones profesionales.","potentialAction":[{"@type":"SearchAction","target":{"@type":"EntryPoint","urlTemplate":"https:\/\/www.electroluxprofessional.com\/es\/?src={search_term_string}"},"query-input":{"@type":"PropertyValueSpecification","valueRequired":true,"valueName":"search_term_string"}}],"inLanguage":"es"}]}},"_links":{"self":[{"href":"https:\/\/www.electroluxprofessional.com\/es\/wp-json\/wp\/v2\/pages\/16902"}],"collection":[{"href":"https:\/\/www.electroluxprofessional.com\/es\/wp-json\/wp\/v2\/pages"}],"about":[{"href":"https:\/\/www.electroluxprofessional.com\/es\/wp-json\/wp\/v2\/types\/page"}],"author":[{"embeddable":true,"href":"https:\/\/www.electroluxprofessional.com\/es\/wp-json\/wp\/v2\/users\/21"}],"replies":[{"embeddable":true,"href":"https:\/\/www.electroluxprofessional.com\/es\/wp-json\/wp\/v2\/comments?post=16902"}],"version-history":[{"count":2,"href":"https:\/\/www.electroluxprofessional.com\/es\/wp-json\/wp\/v2\/pages\/16902\/revisions"}],"predecessor-version":[{"id":22210,"href":"https:\/\/www.electroluxprofessional.com\/es\/wp-json\/wp\/v2\/pages\/16902\/revisions\/22210"}],"wp:featuredmedia":[{"embeddable":true,"href":"https:\/\/www.electroluxprofessional.com\/es\/wp-json\/wp\/v2\/media\/16898"}],"wp:attachment":[{"href":"https:\/\/www.electroluxprofessional.com\/es\/wp-json\/wp\/v2\/media?parent=16902"}],"curies":[{"name":"wp","href":"https:\/\/api.w.org\/{rel}","templated":true}]}}