{"id":16280,"date":"2022-03-18T10:24:02","date_gmt":"2022-03-18T10:24:02","guid":{"rendered":"https:\/\/www.electroluxprofessional.com\/?page_id=39404"},"modified":"2026-03-29T16:17:47","modified_gmt":"2026-03-29T16:17:47","slug":"plataforma-the-one","status":"publish","type":"page","link":"https:\/\/www.electroluxprofessional.com\/es\/plataforma-the-one\/","title":{"rendered":"La plataforma OnE"},"content":{"rendered":"<p>[vc_row][vc_column][vc_empty_space height=&#8221;20px&#8221;][elx_heading font_container=&#8221;h1&#8243; text_color=&#8221;inherit&#8221; text_align=&#8221;text-center&#8221;]La plataforma The OnE[\/elx_heading][vc_empty_space height=&#8221;20px&#8221;][\/vc_column][\/vc_row][vc_row full_width=&#8221;electroluxpro-full-width-no-padding&#8221; css=&#8221;.vc_custom_1646412809704{padding-top: 50px !important;padding-bottom: 50px !important;background-image: url(https:\/\/www.electroluxprofessional.com\/es\/\/wp-content\/uploads\/2022\/03\/OnE_background_3000px.jpg?id=39405) !important;background-position: center !important;background-repeat: no-repeat !important;background-size: cover !important;}&#8221;][vc_column][vc_row_inner][vc_column_inner][vc_empty_space height=&#8221;180px&#8221;][vc_single_image image=&#8221;16270&#8243; img_size=&#8221;large&#8221; alignment=&#8221;center&#8221; css=&#8221;.vc_custom_1646660670418{padding-right: 50px !important;padding-left: 50px !important;}&#8221;][vc_empty_space][vc_column_text css=&#8221;.vc_custom_1646660690049{padding-right: 50px !important;padding-left: 50px !important;}&#8221;]<\/p>\n<h2 style=\"text-align: center; font-size: 50px; line-height: 50px;\"><span style=\"color: #ffffff;\">Un centro integral de autoservicio ininterrumpido<\/span><br \/>\n<span style=\"color: #ffffff;\">ideado para facilitarte la vida<\/span><\/h2>\n<p>[\/vc_column_text][vc_empty_space height=&#8221;380px&#8221;][\/vc_column_inner][\/vc_row_inner][\/vc_column][\/vc_row][vc_row][vc_column][vc_empty_space][\/vc_column][\/vc_row][vc_row][vc_column][vc_column_text]<\/p>\n<h3 style=\"text-align: center;\">Un medio m\u00e1s simple e inteligente para interactuar.<\/h3>\n<p>[\/vc_column_text][\/vc_column][\/vc_row][vc_row][vc_column][vc_empty_space][\/vc_column][\/vc_row][vc_row equal_height=&#8221;yes&#8221; content_placement=&#8221;middle&#8221;][vc_column width=&#8221;1\/2&#8243; css=&#8221;.vc_custom_1646413185903{padding-left: 30px !important;}&#8221;][elx_simple_block text_align=&#8221;text-right&#8221; background_color=&#8221;inherit&#8221;][vc_single_image image=&#8221;16271&#8243; img_size=&#8221;large&#8221; alignment=&#8221;right&#8221;][\/elx_simple_block][\/vc_column][vc_column width=&#8221;1\/2&#8243; css=&#8221;.vc_custom_1646413192471{padding-right: 30px !important;}&#8221;][elx_simple_block background_color=&#8221;inherit&#8221;][vc_column_text]<\/p>\n<h3>La plataforma The OnE es un portal de autoservicio en la nube para nuestros distribuidores y partners.<\/h3>\n<p>Ha sido desarrollada y probada en estrecha colaboraci\u00f3n con partners de Reino Unido, Suecia y Alemania.[\/vc_column_text][\/elx_simple_block][\/vc_column][\/vc_row][vc_row][vc_column][vc_empty_space][\/vc_column][\/vc_row][vc_row][vc_column width=&#8221;1\/5&#8243;][vc_empty_space height=&#8221;20px&#8221;][vc_single_image image=&#8221;16272&#8243; img_size=&#8221;medium&#8221; alignment=&#8221;center&#8221;][vc_column_text]<\/p>\n<h6 style=\"text-align: center;\">F\u00e1cil pedido de<br \/>\nproductos y piezas<\/h6>\n<p>[\/vc_column_text][\/vc_column][vc_column width=&#8221;1\/5&#8243;][vc_empty_space height=&#8221;20px&#8221;][vc_single_image image=&#8221;16273&#8243; img_size=&#8221;medium&#8221; alignment=&#8221;center&#8221;][vc_column_text]<\/p>\n<h6 style=\"text-align: center;\">Seguimiento de<br \/>\nenv\u00edos<\/h6>\n<p>[\/vc_column_text][\/vc_column][vc_column width=&#8221;1\/5&#8243;][vc_empty_space height=&#8221;20px&#8221;][vc_single_image image=&#8221;16274&#8243; img_size=&#8221;medium&#8221; alignment=&#8221;center&#8221;][vc_column_text]<\/p>\n<h6 style=\"text-align: center;\">Consulta de<br \/>\nfacturas<\/h6>\n<p>[\/vc_column_text][\/vc_column][vc_column width=&#8221;1\/5&#8243;][vc_empty_space height=&#8221;20px&#8221;][vc_single_image image=&#8221;16275&#8243; img_size=&#8221;medium&#8221; alignment=&#8221;center&#8221;][vc_column_text]<\/p>\n<h6 style=\"text-align: center;\">Seguimiento de<br \/>\nprocesos de asistencia<\/h6>\n<p>[\/vc_column_text][\/vc_column][vc_column width=&#8221;1\/5&#8243;][vc_empty_space height=&#8221;20px&#8221;][vc_single_image image=&#8221;16276&#8243; img_size=&#8221;medium&#8221; alignment=&#8221;center&#8221;][vc_column_text]<\/p>\n<h6 style=\"text-align: center;\">Consulta de<br \/>\ndatos operativos<\/h6>\n<p>[\/vc_column_text][\/vc_column][\/vc_row][vc_row][vc_column][vc_empty_space height=&#8221;20px&#8221;][vc_empty_space height=&#8221;20px&#8221;][elx_heading text_color=&#8221;inherit&#8221; text_align=&#8221;text-center&#8221;]Conf\u00eda en tus semejantes[\/elx_heading][vc_empty_space height=&#8221;20px&#8221;][\/vc_column][\/vc_row][vc_row][vc_column][vc_single_image image=&#8221;16277&#8243; img_size=&#8221;full&#8221; alignment=&#8221;center&#8221;][vc_empty_space][\/vc_column][\/vc_row][vc_row][vc_column width=&#8221;1\/2&#8243;][vc_column_text css=&#8221;.vc_custom_1646660491464{padding-left: 50px !important;}&#8221;]<\/p>\n<p style=\"font-size: 114px; text-align: center;\">El <strong>94%<\/strong><\/p>\n<p>[\/vc_column_text][\/vc_column][vc_column width=&#8221;1\/2&#8243; offset=&#8221;vc_hidden-xs&#8221;][vc_empty_space][vc_column_text css=&#8221;.vc_custom_1646660417499{padding-right: 105px !important;}&#8221;]<\/p>\n<p style=\"text-align: left; font-size: 25px;\">de nuestros partners que han usado la plataforma <strong>la recomendar\u00edan a otras personas<\/strong><\/p>\n<p>[\/vc_column_text][\/vc_column][\/vc_row][vc_row][vc_column width=&#8221;1\/2&#8243; offset=&#8221;vc_hidden-lg vc_hidden-md vc_hidden-sm&#8221;][vc_empty_space][vc_column_text]<\/p>\n<p style=\"font-size: 20px; text-align: center;\">de nuestros partners que han usado la plataforma <strong>la recomendar\u00edan a otras personas<\/strong><\/p>\n<p>[\/vc_column_text][\/vc_column][\/vc_row][vc_row][vc_column][vc_empty_space][\/vc_column][\/vc_row][vc_row equal_height=&#8221;yes&#8221; content_placement=&#8221;middle&#8221; css=&#8221;.vc_custom_1646660009348{padding-top: 80px !important;padding-bottom: 80px !important;background-color: #dfe7ea !important;}&#8221;][vc_column width=&#8221;3\/4&#8243;][elx_simple_block background_color=&#8221;inherit&#8221;][vc_column_text]<em>\u201c<strong>Todos los partners disfrutar\u00e1n de acceso a una amplia variedad de datos en tiempo real, para facilitar y agilizar el trabajo, no solo en beneficio de nuestra red de socios, sino tambi\u00e9n de su base de clientes finales<\/strong>. Al unificar en una sola plataforma f\u00e1cil de usar todas nuestras soluciones de negocio (desde la preoferta hasta el servicio y la atenci\u00f3n posventa), <strong>queremos brindar a nuestros partners una manera de trabajar mejor y m\u00e1s eficiente, acorde con el car\u00e1cter din\u00e1mico del mercado contempor\u00e1neo<\/strong>.\u201d<\/em>[\/vc_column_text][vc_column_text]<\/p>\n<p style=\"text-align: right; margin-top: 15px;\">Darren Lockley<br \/>\nResponsable regional de Electrolux Professional para Reino Unido &amp; Irlanda<\/p>\n<p>[\/vc_column_text][\/elx_simple_block][\/vc_column][vc_column width=&#8221;1\/4&#8243;][elx_simple_block background_color=&#8221;inherit&#8221;][vc_single_image image=&#8221;16278&#8243; img_size=&#8221;large&#8221; alignment=&#8221;center&#8221;][\/elx_simple_block][\/vc_column][\/vc_row][vc_row][vc_column][vc_empty_space][vc_single_image image=&#8221;16279&#8243; img_size=&#8221;large&#8221; alignment=&#8221;center&#8221;][vc_empty_space height=&#8221;15px&#8221;][vc_column_text]<\/p>\n<h2 style=\"text-align: center;\">La digitalizaci\u00f3n de Electrolux Professional contin\u00faa mientras prestamos servicio a m\u00e1s de 10.000 clientes en 110 pa\u00edses de todo el mundo.<\/h2>\n<p>[\/vc_column_text][vc_empty_space height=&#8221;110px&#8221;][vc_column_text]<\/p>\n<h2 style=\"text-align: center;\">\u00bfQuieres hacer negocios con nosotros? Cont\u00e1ctanos<\/h2>\n<p>[\/vc_column_text][vc_empty_space height=&#8221;15px&#8221;][elx_o2000_contact_us][vc_empty_space][\/vc_column][\/vc_row][vc_row][vc_column][vc_column_text][vc_raw_html]JTNDc3R5bGUlM0UlMEFpbWcudmNfc2luZ2xlX2ltYWdlLWltZy5hdHRhY2htZW50LW1lZGl1bSUyMCU3QiUwQSUyMCUyMCUyMCUyMHdpZHRoJTNBJTIwMTIwcHglM0IlMEElMjAlMjAlMjAlMjBoZWlnaHQlM0ElMjBhdXRvJTNCJTBBJTdEJTBBJTQwbWVkaWElMjBvbmx5JTIwc2NyZWVuJTIwYW5kJTIwJTI4bWluLXdpZHRoJTNBJTIwNzY4cHglMjklN0IlMEEuc2ltcGxlLWJsb2NrJTIwLnNpbXBsZS1ibG9jay1jb250ZW50JTIwJTdCJTBBJTIwJTIwJTIwJTIwcGFkZGluZyUzQSUyMDBweCUzQiUwQSU3RCUwQSU3RCUwQSUzQyUyRnN0eWxlJTNF[\/vc_raw_html][\/vc_column_text][\/vc_column][\/vc_row]<\/p>\n","protected":false},"excerpt":{"rendered":"<p>[vc_row][vc_column][vc_empty_space height=&#8221;20px&#8221;][elx_heading font_container=&#8221;h1&#8243; text_color=&#8221;inherit&#8221; text_align=&#8221;text-center&#8221;]La plataforma The OnE[\/elx_heading][vc_empty_space height=&#8221;20px&#8221;][\/vc_column][\/vc_row][vc_row full_width=&#8221;electroluxpro-full-width-no-padding&#8221; css=&#8221;.vc_custom_1646412809704{padding-top: 50px !important;padding-bottom: 50px !important;background-image: url(https:\/\/www.electroluxprofessional.com\/es\/\/wp-content\/uploads\/2022\/03\/OnE_background_3000px.jpg?id=39405) !important;background-position: center !important;background-repeat: no-repeat !important;background-size: cover !important;}&#8221;][vc_column][vc_row_inner][vc_column_inner][vc_empty_space height=&#8221;180px&#8221;][vc_single_image image=&#8221;16270&#8243; img_size=&#8221;large&#8221; alignment=&#8221;center&#8221; css=&#8221;.vc_custom_1646660670418{padding-right: 50px !important;padding-left: 50px !important;}&#8221;][vc_empty_space][vc_column_text css=&#8221;.vc_custom_1646660690049{padding-right: 50px !important;padding-left: 50px !important;}&#8221;] Un centro integral de autoservicio ininterrumpido ideado para facilitarte la vida [\/vc_column_text][vc_empty_space height=&#8221;380px&#8221;][\/vc_column_inner][\/vc_row_inner][\/vc_column][\/vc_row][vc_row][vc_column][vc_empty_space][\/vc_column][\/vc_row][vc_row][vc_column][vc_column_text] Un medio m\u00e1s simple e [&hellip;]<\/p>\n","protected":false},"author":21,"featured_media":16269,"parent":0,"menu_order":0,"comment_status":"closed","ping_status":"closed","template":"","meta":{"footnotes":""},"class_list":["post-16280","page","type-page","status-publish","has-post-thumbnail","hentry"],"acf":[],"yoast_head":"<!-- This site is optimized with the Yoast SEO plugin v23.4 - https:\/\/yoast.com\/wordpress\/plugins\/seo\/ -->\n<title>Plataforma OnE | Electrolux Professional<\/title>\n<meta name=\"description\" content=\"La plataforma The OnE es un portal de autoservicio basado en la nube para nuestros distribuidores y socios. Una ventanilla \u00fanica de autoservicio dise\u00f1ada para facilitar tu vida laboral.\" \/>\n<meta name=\"robots\" content=\"index, follow, max-snippet:-1, max-image-preview:large, max-video-preview:-1\" \/>\n<link rel=\"canonical\" href=\"https:\/\/www.electroluxprofessional.com\/es\/plataforma-the-one\/\" \/>\n<meta property=\"og:locale\" content=\"es_ES\" \/>\n<meta property=\"og:type\" content=\"article\" \/>\n<meta property=\"og:title\" content=\"Plataforma OnE | Electrolux Professional\" \/>\n<meta property=\"og:description\" content=\"La plataforma The OnE es un portal de autoservicio basado en la nube para nuestros distribuidores y socios. Una ventanilla \u00fanica de autoservicio dise\u00f1ada para facilitar tu vida laboral.\" \/>\n<meta property=\"og:url\" content=\"https:\/\/www.electroluxprofessional.com\/es\/plataforma-the-one\/\" \/>\n<meta property=\"og:site_name\" content=\"Electrolux Professional Espa\u00f1a\" \/>\n<meta property=\"article:modified_time\" content=\"2026-03-29T16:17:47+00:00\" \/>\n<meta property=\"og:image\" content=\"https:\/\/www.electroluxprofessional.com\/es\/wp-content\/uploads\/2022\/03\/OnE_background_3000px.jpg\" \/>\n\t<meta property=\"og:image:width\" content=\"2000\" \/>\n\t<meta property=\"og:image:height\" content=\"1125\" \/>\n\t<meta property=\"og:image:type\" content=\"image\/jpeg\" \/>\n<meta name=\"twitter:card\" content=\"summary_large_image\" \/>\n<meta name=\"twitter:label1\" content=\"Tiempo de lectura\" \/>\n\t<meta name=\"twitter:data1\" content=\"4 minutos\" \/>\n<script type=\"application\/ld+json\" class=\"yoast-schema-graph\">{\"@context\":\"https:\/\/schema.org\",\"@graph\":[{\"@type\":\"WebPage\",\"@id\":\"https:\/\/www.electroluxprofessional.com\/es\/plataforma-the-one\/\",\"url\":\"https:\/\/www.electroluxprofessional.com\/es\/plataforma-the-one\/\",\"name\":\"Plataforma OnE | Electrolux Professional\",\"isPartOf\":{\"@id\":\"https:\/\/www.electroluxprofessional.com\/es\/#website\"},\"primaryImageOfPage\":{\"@id\":\"https:\/\/www.electroluxprofessional.com\/es\/plataforma-the-one\/#primaryimage\"},\"image\":{\"@id\":\"https:\/\/www.electroluxprofessional.com\/es\/plataforma-the-one\/#primaryimage\"},\"thumbnailUrl\":\"https:\/\/www.electroluxprofessional.com\/es\/wp-content\/uploads\/2022\/03\/OnE_background_3000px.jpg\",\"datePublished\":\"2022-03-18T10:24:02+00:00\",\"dateModified\":\"2026-03-29T16:17:47+00:00\",\"description\":\"La plataforma The OnE es un portal de autoservicio basado en la nube para nuestros distribuidores y socios. Una ventanilla \u00fanica de autoservicio dise\u00f1ada para facilitar tu vida laboral.\",\"breadcrumb\":{\"@id\":\"https:\/\/www.electroluxprofessional.com\/es\/plataforma-the-one\/#breadcrumb\"},\"inLanguage\":\"es\",\"potentialAction\":[{\"@type\":\"ReadAction\",\"target\":[\"https:\/\/www.electroluxprofessional.com\/es\/plataforma-the-one\/\"]}]},{\"@type\":\"ImageObject\",\"inLanguage\":\"es\",\"@id\":\"https:\/\/www.electroluxprofessional.com\/es\/plataforma-the-one\/#primaryimage\",\"url\":\"https:\/\/www.electroluxprofessional.com\/es\/wp-content\/uploads\/2022\/03\/OnE_background_3000px.jpg\",\"contentUrl\":\"https:\/\/www.electroluxprofessional.com\/es\/wp-content\/uploads\/2022\/03\/OnE_background_3000px.jpg\",\"width\":2000,\"height\":1125,\"caption\":\"OnE_background_3000px\"},{\"@type\":\"BreadcrumbList\",\"@id\":\"https:\/\/www.electroluxprofessional.com\/es\/plataforma-the-one\/#breadcrumb\",\"itemListElement\":[{\"@type\":\"ListItem\",\"position\":1,\"name\":\"Home\",\"item\":\"https:\/\/www.electroluxprofessional.com\/es\/\"},{\"@type\":\"ListItem\",\"position\":2,\"name\":\"La plataforma OnE\"}]},{\"@type\":\"WebSite\",\"@id\":\"https:\/\/www.electroluxprofessional.com\/es\/#website\",\"url\":\"https:\/\/www.electroluxprofessional.com\/es\/\",\"name\":\"Electrolux Professional Espa\u00f1a\",\"description\":\"Equipamiento cocinas profesionales y lavander\u00edas comerciales. Excelencia en el suministro de soluciones profesionales.\",\"potentialAction\":[{\"@type\":\"SearchAction\",\"target\":{\"@type\":\"EntryPoint\",\"urlTemplate\":\"https:\/\/www.electroluxprofessional.com\/es\/?src={search_term_string}\"},\"query-input\":{\"@type\":\"PropertyValueSpecification\",\"valueRequired\":true,\"valueName\":\"search_term_string\"}}],\"inLanguage\":\"es\"}]}<\/script>\n<!-- \/ Yoast SEO plugin. -->","yoast_head_json":{"title":"Plataforma OnE | Electrolux Professional","description":"La plataforma The OnE es un portal de autoservicio basado en la nube para nuestros distribuidores y socios. Una ventanilla \u00fanica de autoservicio dise\u00f1ada para facilitar tu vida laboral.","robots":{"index":"index","follow":"follow","max-snippet":"max-snippet:-1","max-image-preview":"max-image-preview:large","max-video-preview":"max-video-preview:-1"},"canonical":"https:\/\/www.electroluxprofessional.com\/es\/plataforma-the-one\/","og_locale":"es_ES","og_type":"article","og_title":"Plataforma OnE | Electrolux Professional","og_description":"La plataforma The OnE es un portal de autoservicio basado en la nube para nuestros distribuidores y socios. Una ventanilla \u00fanica de autoservicio dise\u00f1ada para facilitar tu vida laboral.","og_url":"https:\/\/www.electroluxprofessional.com\/es\/plataforma-the-one\/","og_site_name":"Electrolux Professional Espa\u00f1a","article_modified_time":"2026-03-29T16:17:47+00:00","og_image":[{"width":2000,"height":1125,"url":"https:\/\/www.electroluxprofessional.com\/es\/wp-content\/uploads\/2022\/03\/OnE_background_3000px.jpg","type":"image\/jpeg"}],"twitter_card":"summary_large_image","twitter_misc":{"Tiempo de lectura":"4 minutos"},"schema":{"@context":"https:\/\/schema.org","@graph":[{"@type":"WebPage","@id":"https:\/\/www.electroluxprofessional.com\/es\/plataforma-the-one\/","url":"https:\/\/www.electroluxprofessional.com\/es\/plataforma-the-one\/","name":"Plataforma OnE | Electrolux Professional","isPartOf":{"@id":"https:\/\/www.electroluxprofessional.com\/es\/#website"},"primaryImageOfPage":{"@id":"https:\/\/www.electroluxprofessional.com\/es\/plataforma-the-one\/#primaryimage"},"image":{"@id":"https:\/\/www.electroluxprofessional.com\/es\/plataforma-the-one\/#primaryimage"},"thumbnailUrl":"https:\/\/www.electroluxprofessional.com\/es\/wp-content\/uploads\/2022\/03\/OnE_background_3000px.jpg","datePublished":"2022-03-18T10:24:02+00:00","dateModified":"2026-03-29T16:17:47+00:00","description":"La plataforma The OnE es un portal de autoservicio basado en la nube para nuestros distribuidores y socios. Una ventanilla \u00fanica de autoservicio dise\u00f1ada para facilitar tu vida laboral.","breadcrumb":{"@id":"https:\/\/www.electroluxprofessional.com\/es\/plataforma-the-one\/#breadcrumb"},"inLanguage":"es","potentialAction":[{"@type":"ReadAction","target":["https:\/\/www.electroluxprofessional.com\/es\/plataforma-the-one\/"]}]},{"@type":"ImageObject","inLanguage":"es","@id":"https:\/\/www.electroluxprofessional.com\/es\/plataforma-the-one\/#primaryimage","url":"https:\/\/www.electroluxprofessional.com\/es\/wp-content\/uploads\/2022\/03\/OnE_background_3000px.jpg","contentUrl":"https:\/\/www.electroluxprofessional.com\/es\/wp-content\/uploads\/2022\/03\/OnE_background_3000px.jpg","width":2000,"height":1125,"caption":"OnE_background_3000px"},{"@type":"BreadcrumbList","@id":"https:\/\/www.electroluxprofessional.com\/es\/plataforma-the-one\/#breadcrumb","itemListElement":[{"@type":"ListItem","position":1,"name":"Home","item":"https:\/\/www.electroluxprofessional.com\/es\/"},{"@type":"ListItem","position":2,"name":"La plataforma OnE"}]},{"@type":"WebSite","@id":"https:\/\/www.electroluxprofessional.com\/es\/#website","url":"https:\/\/www.electroluxprofessional.com\/es\/","name":"Electrolux Professional Espa\u00f1a","description":"Equipamiento cocinas profesionales y lavander\u00edas comerciales. Excelencia en el suministro de soluciones profesionales.","potentialAction":[{"@type":"SearchAction","target":{"@type":"EntryPoint","urlTemplate":"https:\/\/www.electroluxprofessional.com\/es\/?src={search_term_string}"},"query-input":{"@type":"PropertyValueSpecification","valueRequired":true,"valueName":"search_term_string"}}],"inLanguage":"es"}]}},"_links":{"self":[{"href":"https:\/\/www.electroluxprofessional.com\/es\/wp-json\/wp\/v2\/pages\/16280"}],"collection":[{"href":"https:\/\/www.electroluxprofessional.com\/es\/wp-json\/wp\/v2\/pages"}],"about":[{"href":"https:\/\/www.electroluxprofessional.com\/es\/wp-json\/wp\/v2\/types\/page"}],"author":[{"embeddable":true,"href":"https:\/\/www.electroluxprofessional.com\/es\/wp-json\/wp\/v2\/users\/21"}],"replies":[{"embeddable":true,"href":"https:\/\/www.electroluxprofessional.com\/es\/wp-json\/wp\/v2\/comments?post=16280"}],"version-history":[{"count":4,"href":"https:\/\/www.electroluxprofessional.com\/es\/wp-json\/wp\/v2\/pages\/16280\/revisions"}],"predecessor-version":[{"id":26032,"href":"https:\/\/www.electroluxprofessional.com\/es\/wp-json\/wp\/v2\/pages\/16280\/revisions\/26032"}],"wp:featuredmedia":[{"embeddable":true,"href":"https:\/\/www.electroluxprofessional.com\/es\/wp-json\/wp\/v2\/media\/16269"}],"wp:attachment":[{"href":"https:\/\/www.electroluxprofessional.com\/es\/wp-json\/wp\/v2\/media?parent=16280"}],"curies":[{"name":"wp","href":"https:\/\/api.w.org\/{rel}","templated":true}]}}