{"id":16204,"date":"2022-03-08T12:30:19","date_gmt":"2022-03-08T12:30:19","guid":{"rendered":"https:\/\/www.electroluxprofessional.com\/?page_id=39070"},"modified":"2026-03-28T18:26:45","modified_gmt":"2026-03-28T18:26:45","slug":"supermercados","status":"publish","type":"page","link":"https:\/\/www.electroluxprofessional.com\/es\/tu-negocio\/supermercados\/","title":{"rendered":"Supermercados"},"content":{"rendered":"<p>[vc_row full_width=&#8221;electroluxpro-full-width-no-padding&#8221;][vc_column][elx_full_banner title=&#8221;Soluciones para Supermercados&#8221; set_as_h1=&#8221;true&#8221; link=&#8221;url:https%3A%2F%2Fwww.electroluxprofessional.com%2Fwp-content%2Fuploads%2F2022%2F02%2FBR_BR-9JE00196_1_5_1_1_EPR-BrochureSkyLine-SupermarketSegment-EN-20211221-LR.pdf|title:Descargar%20el%20cat%C3%A1logo|target:%20_blank|&#8221; background_image_media_library=&#8221;16194&#8243; background_image_media_library_mobile=&#8221;16203&#8243;][vc_empty_space][elx_heading text_color=&#8221;inherit&#8221; text_align=&#8221;text-center&#8221;]La soluci\u00f3n para la<br \/>\ncomida preparada de todo supermercado[\/elx_heading][vc_empty_space][elx_button button_text=&#8221;DESCARGAR EL CAT\u00c1LOGO&#8221; button_display_block=&#8221;display_block_on&#8221; button_alignment=&#8221;align_center&#8221; button_link=&#8221;url:https%3A%2F%2Fwww.electroluxprofessional.com%2Fwp-content%2Fuploads%2F2022%2F02%2FBR_BR-9JE00196_1_5_1_1_EPR-BrochureSkyLine-SupermarketSegment-EN-20211221-LR.pdf||target:%20_blank|&#8221;][vc_empty_space height=&#8221;50px&#8221;][\/vc_column][\/vc_row][vc_row][vc_column][elx_heading text_color=&#8221;inherit&#8221; text_align=&#8221;text-center&#8221;]Delicias horneadas, siempre como reci\u00e9n hechas[\/elx_heading][vc_column_text]<\/p>\n<p style=\"text-align: center;\">La \u00faltima generaci\u00f3n de equipos para hornear de Electrolux Professional te ayuda a ofrecer panes y pasteles de alta calidad en todo momento. Revoluciona tu productividad. Ten la masa fresca siempre lista.<\/p>\n<p>[\/vc_column_text][vc_empty_space][\/vc_column][\/vc_row][vc_row][vc_column width=&#8221;1\/2&#8243;][vc_single_image image=&#8221;16267&#8243; img_size=&#8221;full&#8221; alignment=&#8221;center&#8221;][\/vc_column][vc_column width=&#8221;1\/2&#8243;][elx_heading font_container=&#8221;h3&#8243; text_color=&#8221;inherit&#8221;]Hornea lo que necesites cuando lo necesites[\/elx_heading][vc_column_text]El ventilador de <strong>velocidad variable<\/strong> <a href=\"https:\/\/www.electroluxprofessional.com\/es\/horno-combi-skyline\/\">SkyLine<\/a> te permite cocinar distintos productos a lo largo de la jornada: desde cruasanes por la ma\u00f1ana hasta pan durante todo el d\u00eda. Resultados uniformes e impecables con el <strong>revolucionario sistema de circulaci\u00f3n OptiFlow, que garantiza una distribuci\u00f3n homog\u00e9nea del<\/strong> <strong>calor<\/strong> y una temperatura constante.[\/vc_column_text][vc_empty_space height=&#8221;15px&#8221;][elx_heading font_container=&#8221;h3&#8243; text_color=&#8221;inherit&#8221;]PRODUCTIVIDAD CON RECETAS*[\/elx_heading][vc_column_text]<\/p>\n<table>\n<tbody>\n<tr>\n<td style=\"padding-right: 20px;\"><strong>Panes de mantequilla<\/strong><\/td>\n<td>Hasta 240 panes de mantequilla en menos de 13\u2019\u2019<\/td>\n<\/tr>\n<tr>\n<td style=\"padding-right: 20px;\"><strong>Baguettes<\/strong><\/td>\n<td>Hasta 80 baguettes en 25 minutos<\/td>\n<\/tr>\n<tr>\n<td style=\"padding-right: 20px;\"><strong>Cookies<\/strong><\/td>\n<td>Hasta 384 cookies en 12 minutos<\/td>\n<\/tr>\n<tr>\n<td style=\"padding-right: 20px;\"><strong>Muffins<\/strong><\/td>\n<td>Hasta 640 muffins en 14 minutos<\/td>\n<\/tr>\n<\/tbody>\n<\/table>\n<p>[\/vc_column_text][vc_single_image image=&#8221;16196&#8243; img_size=&#8221;full&#8221; alignment=&#8221;center&#8221; css=&#8221;.vc_custom_1644848975284{padding-top: 30px !important;}&#8221;][\/vc_column][\/vc_row][vc_row][vc_column][vc_empty_space height=&#8221;50px&#8221;][\/vc_column][\/vc_row][vc_row][vc_column][elx_heading text_color=&#8221;inherit&#8221; text_align=&#8221;text-center&#8221;]Ofrece irresistible comida para llevar en tu local de comida r\u00e1pida[\/elx_heading][vc_column_text]<\/p>\n<p style=\"text-align: center;\">Ampl\u00eda tu men\u00fa con platos calientes de alta calidad que puedes repetir perfectamente una y otra vez. Preparaci\u00f3n f\u00e1cil y r\u00e1pida de alb\u00f3ndigas, verduras a la parrilla, filetes empanados, frituras y otras delicias para fidelizar a tus clientes<\/p>\n<p>[\/vc_column_text][vc_empty_space][\/vc_column][\/vc_row][vc_row][vc_column width=&#8221;1\/2&#8243;][vc_single_image image=&#8221;16197&#8243; img_size=&#8221;large&#8221; alignment=&#8221;center&#8221;][\/vc_column][vc_column width=&#8221;1\/2&#8243;][elx_heading font_container=&#8221;h3&#8243; text_color=&#8221;inherit&#8221;]Con el sistema de reducci\u00f3n de olores<br \/>\nde la campana de recirculaci\u00f3n se acabaron los olores persistentes[\/elx_heading][vc_column_text]<strong>Los filtros de aire y las l\u00e1mparas UVC mantienen tu cocina limpia e higienizada<\/strong> aunque no puedas conectar tu <a href=\"https:\/\/www.electroluxprofessional.com\/es\/horno-combi-skyline\/\">horno<\/a> a un sistema de ventilaci\u00f3n centralizado. La campana tambi\u00e9n puede funcionar como purificador de aire, una enorme ventaja en espacios reducidos.[\/vc_column_text][vc_single_image image=&#8221;16198&#8243; img_size=&#8221;full&#8221; alignment=&#8221;center&#8221; css=&#8221;.vc_custom_1644849324090{padding-top: 30px !important;}&#8221;][vc_empty_space height=&#8221;15px&#8221;][elx_heading font_container=&#8221;h3&#8243; text_color=&#8221;inherit&#8221;]PRODUCTIVIDAD CON RECETAS*[\/elx_heading][vc_column_text]<\/p>\n<table>\n<tbody>\n<tr>\n<td style=\"padding-right: 20px;\"><strong>Pollo asado<\/strong><\/td>\n<td>Hasta 384 pollos asados en 35&#8221;<\/td>\n<\/tr>\n<tr>\n<td style=\"padding-right: 20px;\"><strong>Patatas asadas<\/strong><\/td>\n<td>Hasta 500 patatas asadas en 40&#8221;<\/td>\n<\/tr>\n<tr>\n<td style=\"padding-right: 20px;\"><strong>Fritura mixta <\/strong><\/td>\n<td>Hasta 300 raciones de fritura mixta en 30&#8221;<\/td>\n<\/tr>\n<\/tbody>\n<\/table>\n<p>[\/vc_column_text][\/vc_column][\/vc_row][vc_row][vc_column][vc_empty_space height=&#8221;50px&#8221;][\/vc_column][\/vc_row][vc_row][vc_column][elx_heading text_color=&#8221;inherit&#8221; text_align=&#8221;text-center&#8221;]Sube el list\u00f3n con pescado y sushi reci\u00e9n hecho[\/elx_heading][vc_column_text]<\/p>\n<p style=\"text-align: center;\">Un pescado saludable, sabroso y bien cocinado es irresistible. \u00bfY qu\u00e9 ser\u00eda de un supermercado actual<br \/>\nsin un rinc\u00f3n de sushi? En ambos casos es imprescindible un equipo adecuado.<\/p>\n<p>[\/vc_column_text][vc_empty_space][\/vc_column][\/vc_row][vc_row][vc_column width=&#8221;1\/2&#8243;][vc_single_image image=&#8221;16199&#8243; img_size=&#8221;large&#8221; alignment=&#8221;center&#8221;][\/vc_column][vc_column width=&#8221;1\/2&#8243;][elx_heading font_container=&#8221;h3&#8243; text_color=&#8221;inherit&#8221;]La importancia de los Cycles+ especiales[\/elx_heading][vc_column_text]Elige el ciclo dise\u00f1ado expresamente para sushi y sashimi en la categor\u00eda de pescados y <a href=\"https:\/\/www.electroluxprofessional.com\/es\/abatidores-y-congeladores\/\"><strong>SkyLine ChillS<\/strong><\/a> har\u00e1 el resto. Para garantizar la ausencia de anisakis, el sushi se abate a &#8211; 20 \u00b0C y se conserva a esa temperatura durante 24** horas antes de descongelarlo y dejarlo listo para servir.<\/p>\n<p style=\"font-size: 12px;\">** De conformidad con el reglamento europeo 853\/2004<\/p>\n<p>[\/vc_column_text][vc_single_image image=&#8221;16200&#8243; img_size=&#8221;full&#8221; alignment=&#8221;center&#8221; css=&#8221;.vc_custom_1644850049446{padding-top: 30px !important;}&#8221;][\/vc_column][\/vc_row][vc_row][vc_column][vc_empty_space height=&#8221;50px&#8221;][\/vc_column][\/vc_row][vc_row][vc_column][elx_heading text_color=&#8221;inherit&#8221; text_align=&#8221;text-center&#8221;]El nuevo bistr\u00f3 de tu ciudad[\/elx_heading][vc_column_text]<\/p>\n<p style=\"text-align: center;\">No cabe duda de que <strong>la comida para llevar est\u00e1 aqu\u00ed para quedarse<\/strong>. Atrae a tus clientes con irresistibles platos listos para comer<br \/>\ndirectamente o llevar a la oficina, al parque o a casa en una noche de relax<\/p>\n<p>[\/vc_column_text][vc_empty_space][\/vc_column][\/vc_row][vc_row][vc_column width=&#8221;1\/2&#8243;][vc_single_image image=&#8221;16201&#8243; img_size=&#8221;large&#8221; alignment=&#8221;center&#8221;][\/vc_column][vc_column width=&#8221;1\/2&#8243;][elx_heading font_container=&#8221;h3&#8243; text_color=&#8221;inherit&#8221;]Mantener caliente &amp; regenerar[\/elx_heading][vc_column_text]Prepara, mant\u00e9n caliente o regenera con los ciclos autom\u00e1ticos especiales de los <a href=\"https:\/\/www.electroluxprofessional.com\/es\/horno-combi-skyline\/\"><strong>Hornos SkyLine<\/strong><\/a> y sus accesorios espec\u00edficos, como las bases calientes. Tus alimentos se regeneran r\u00e1pidamente controlando la humedad, listos para emplatar y servir.[\/vc_column_text][vc_empty_space height=&#8221;15px&#8221;][elx_heading font_container=&#8221;h3&#8243; text_color=&#8221;inherit&#8221;]Tentaciones calientes[\/elx_heading][vc_column_text]\u00a1<strong>S\u00e1ndwiches, bocadillos crujientes y mucho m\u00e1s<\/strong>! Con <a href=\"https:\/\/www.electroluxprofessional.com\/es\/speedelight-solucion-cocina-alta-velocidad\/\"><strong>SpeeDelight<\/strong><\/a> puedes calentar lasa\u00f1a, pasta, verduras o postres y servirlos perfectos en un instante.[\/vc_column_text][vc_single_image image=&#8221;16202&#8243; img_size=&#8221;full&#8221; alignment=&#8221;center&#8221; css=&#8221;.vc_custom_1644920763274{padding-top: 30px !important;}&#8221;][vc_empty_space height=&#8221;15px&#8221;][elx_heading font_container=&#8221;h3&#8243; text_color=&#8221;inherit&#8221;]PRODUCTIVIDAD CON RECETAS*[\/elx_heading][vc_column_text]<\/p>\n<table>\n<tbody>\n<tr>\n<td style=\"padding-right: 20px;\"><strong>Focaccia <\/strong><\/td>\n<td>Hasta 256 focaccias en menos de 21&#8221;<\/td>\n<\/tr>\n<tr>\n<td style=\"padding-right: 20px; min-width: 185px;\"><strong>Quiche lorraine<\/strong><\/td>\n<td>Hasta 256 quiches en menos de 30&#8221;<\/td>\n<\/tr>\n<tr>\n<td style=\"padding-right: 20px;\"><strong>Pizza<\/strong><\/td>\n<td>Hasta 256 pizzas<\/td>\n<\/tr>\n<\/tbody>\n<\/table>\n<p>[\/vc_column_text][\/vc_column][\/vc_row][vc_row][vc_column][vc_empty_space height=&#8221;50px&#8221;][vc_column_text]<\/p>\n<p style=\"text-align: center;\">* Los datos anteriores se basan en pruebas de cocci\u00f3n efectuadas por nuestros chefs con la capacidad m\u00e1xima estimada del equipo.<br \/>\nLos resultados pueden variar ligeramente seg\u00fan la receta y los ingredientes utilizados.<\/p>\n<p>[\/vc_column_text][vc_empty_space height=&#8221;50px&#8221;][elx_heading text_color=&#8221;inherit&#8221; text_align=&#8221;text-center&#8221;]Rellena el formulario siguiente para recibir m\u00e1s informaci\u00f3n[\/elx_heading][vc_empty_space height=&#8221;15px&#8221;][elx_o2000_contact_us][vc_empty_space height=&#8221;15px&#8221;][\/vc_column][\/vc_row]<\/p>\n","protected":false},"excerpt":{"rendered":"<p>[vc_row full_width=&#8221;electroluxpro-full-width-no-padding&#8221;][vc_column][elx_full_banner title=&#8221;Soluciones para Supermercados&#8221; set_as_h1=&#8221;true&#8221; link=&#8221;url:https%3A%2F%2Fwww.electroluxprofessional.com%2Fwp-content%2Fuploads%2F2022%2F02%2FBR_BR-9JE00196_1_5_1_1_EPR-BrochureSkyLine-SupermarketSegment-EN-20211221-LR.pdf|title:Descargar%20el%20cat%C3%A1logo|target:%20_blank|&#8221; background_image_media_library=&#8221;16194&#8243; background_image_media_library_mobile=&#8221;16203&#8243;][vc_empty_space][elx_heading text_color=&#8221;inherit&#8221; text_align=&#8221;text-center&#8221;]La soluci\u00f3n para la comida preparada de todo supermercado[\/elx_heading][vc_empty_space][elx_button button_text=&#8221;DESCARGAR EL CAT\u00c1LOGO&#8221; button_display_block=&#8221;display_block_on&#8221; button_alignment=&#8221;align_center&#8221; button_link=&#8221;url:https%3A%2F%2Fwww.electroluxprofessional.com%2Fwp-content%2Fuploads%2F2022%2F02%2FBR_BR-9JE00196_1_5_1_1_EPR-BrochureSkyLine-SupermarketSegment-EN-20211221-LR.pdf||target:%20_blank|&#8221;][vc_empty_space height=&#8221;50px&#8221;][\/vc_column][\/vc_row][vc_row][vc_column][elx_heading text_color=&#8221;inherit&#8221; text_align=&#8221;text-center&#8221;]Delicias horneadas, siempre como reci\u00e9n hechas[\/elx_heading][vc_column_text] La \u00faltima generaci\u00f3n de equipos para hornear de Electrolux Professional te ayuda a ofrecer panes y pasteles de alta calidad en todo [&hellip;]<\/p>\n","protected":false},"author":21,"featured_media":16194,"parent":3874,"menu_order":0,"comment_status":"closed","ping_status":"closed","template":"","meta":{"footnotes":""},"class_list":["post-16204","page","type-page","status-publish","has-post-thumbnail","hentry"],"acf":[],"yoast_head":"<!-- This site is optimized with the Yoast SEO plugin v23.4 - https:\/\/yoast.com\/wordpress\/plugins\/seo\/ -->\n<title>Soluciones para Supermercados | Electrolux Professional<\/title>\n<meta name=\"description\" content=\"Equipamiento de refrigeraci\u00f3n y cocci\u00f3n dise\u00f1ado para supermercados. Asegura la frescura de los alimentos y optimiza la zona de platos preparados.\" \/>\n<meta name=\"robots\" content=\"index, follow, max-snippet:-1, max-image-preview:large, max-video-preview:-1\" \/>\n<link rel=\"canonical\" href=\"https:\/\/www.electroluxprofessional.com\/es\/tu-negocio\/supermercados\/\" \/>\n<meta property=\"og:locale\" content=\"es_ES\" \/>\n<meta property=\"og:type\" content=\"article\" \/>\n<meta property=\"og:title\" content=\"Soluciones para Supermercados | Electrolux Professional\" \/>\n<meta property=\"og:description\" content=\"Equipamiento de refrigeraci\u00f3n y cocci\u00f3n dise\u00f1ado para supermercados. Asegura la frescura de los alimentos y optimiza la zona de platos preparados.\" \/>\n<meta property=\"og:url\" content=\"https:\/\/www.electroluxprofessional.com\/es\/tu-negocio\/supermercados\/\" \/>\n<meta property=\"og:site_name\" content=\"Electrolux Professional Espa\u00f1a\" \/>\n<meta property=\"article:modified_time\" content=\"2026-03-28T18:26:45+00:00\" \/>\n<meta property=\"og:image\" content=\"https:\/\/www.electroluxprofessional.com\/es\/wp-content\/uploads\/2022\/03\/retail_banner_desk.jpg\" \/>\n\t<meta property=\"og:image:width\" content=\"1920\" \/>\n\t<meta property=\"og:image:height\" content=\"582\" \/>\n\t<meta property=\"og:image:type\" content=\"image\/jpeg\" \/>\n<meta name=\"twitter:card\" content=\"summary_large_image\" \/>\n<meta name=\"twitter:label1\" content=\"Tiempo de lectura\" \/>\n\t<meta name=\"twitter:data1\" content=\"6 minutos\" \/>\n<script type=\"application\/ld+json\" class=\"yoast-schema-graph\">{\"@context\":\"https:\/\/schema.org\",\"@graph\":[{\"@type\":\"WebPage\",\"@id\":\"https:\/\/www.electroluxprofessional.com\/es\/tu-negocio\/supermercados\/\",\"url\":\"https:\/\/www.electroluxprofessional.com\/es\/tu-negocio\/supermercados\/\",\"name\":\"Soluciones para Supermercados | Electrolux Professional\",\"isPartOf\":{\"@id\":\"https:\/\/www.electroluxprofessional.com\/es\/#website\"},\"primaryImageOfPage\":{\"@id\":\"https:\/\/www.electroluxprofessional.com\/es\/tu-negocio\/supermercados\/#primaryimage\"},\"image\":{\"@id\":\"https:\/\/www.electroluxprofessional.com\/es\/tu-negocio\/supermercados\/#primaryimage\"},\"thumbnailUrl\":\"https:\/\/www.electroluxprofessional.com\/es\/wp-content\/uploads\/2022\/03\/retail_banner_desk.jpg\",\"datePublished\":\"2022-03-08T12:30:19+00:00\",\"dateModified\":\"2026-03-28T18:26:45+00:00\",\"description\":\"Equipamiento de refrigeraci\u00f3n y cocci\u00f3n dise\u00f1ado para supermercados. Asegura la frescura de los alimentos y optimiza la zona de platos preparados.\",\"breadcrumb\":{\"@id\":\"https:\/\/www.electroluxprofessional.com\/es\/tu-negocio\/supermercados\/#breadcrumb\"},\"inLanguage\":\"es\",\"potentialAction\":[{\"@type\":\"ReadAction\",\"target\":[\"https:\/\/www.electroluxprofessional.com\/es\/tu-negocio\/supermercados\/\"]}]},{\"@type\":\"ImageObject\",\"inLanguage\":\"es\",\"@id\":\"https:\/\/www.electroluxprofessional.com\/es\/tu-negocio\/supermercados\/#primaryimage\",\"url\":\"https:\/\/www.electroluxprofessional.com\/es\/wp-content\/uploads\/2022\/03\/retail_banner_desk.jpg\",\"contentUrl\":\"https:\/\/www.electroluxprofessional.com\/es\/wp-content\/uploads\/2022\/03\/retail_banner_desk.jpg\",\"width\":1920,\"height\":582,\"caption\":\"retail_banner_desk\"},{\"@type\":\"BreadcrumbList\",\"@id\":\"https:\/\/www.electroluxprofessional.com\/es\/tu-negocio\/supermercados\/#breadcrumb\",\"itemListElement\":[{\"@type\":\"ListItem\",\"position\":1,\"name\":\"Home\",\"item\":\"https:\/\/www.electroluxprofessional.com\/es\/\"},{\"@type\":\"ListItem\",\"position\":2,\"name\":\"Tu negocio\",\"item\":\"https:\/\/www.electroluxprofessional.com\/es\/tu-negocio\/\"},{\"@type\":\"ListItem\",\"position\":3,\"name\":\"Supermercados\"}]},{\"@type\":\"WebSite\",\"@id\":\"https:\/\/www.electroluxprofessional.com\/es\/#website\",\"url\":\"https:\/\/www.electroluxprofessional.com\/es\/\",\"name\":\"Electrolux Professional Espa\u00f1a\",\"description\":\"Equipamiento cocinas profesionales y lavander\u00edas comerciales. Excelencia en el suministro de soluciones profesionales.\",\"potentialAction\":[{\"@type\":\"SearchAction\",\"target\":{\"@type\":\"EntryPoint\",\"urlTemplate\":\"https:\/\/www.electroluxprofessional.com\/es\/?src={search_term_string}\"},\"query-input\":{\"@type\":\"PropertyValueSpecification\",\"valueRequired\":true,\"valueName\":\"search_term_string\"}}],\"inLanguage\":\"es\"}]}<\/script>\n<!-- \/ Yoast SEO plugin. -->","yoast_head_json":{"title":"Soluciones para Supermercados | Electrolux Professional","description":"Equipamiento de refrigeraci\u00f3n y cocci\u00f3n dise\u00f1ado para supermercados. Asegura la frescura de los alimentos y optimiza la zona de platos preparados.","robots":{"index":"index","follow":"follow","max-snippet":"max-snippet:-1","max-image-preview":"max-image-preview:large","max-video-preview":"max-video-preview:-1"},"canonical":"https:\/\/www.electroluxprofessional.com\/es\/tu-negocio\/supermercados\/","og_locale":"es_ES","og_type":"article","og_title":"Soluciones para Supermercados | Electrolux Professional","og_description":"Equipamiento de refrigeraci\u00f3n y cocci\u00f3n dise\u00f1ado para supermercados. Asegura la frescura de los alimentos y optimiza la zona de platos preparados.","og_url":"https:\/\/www.electroluxprofessional.com\/es\/tu-negocio\/supermercados\/","og_site_name":"Electrolux Professional Espa\u00f1a","article_modified_time":"2026-03-28T18:26:45+00:00","og_image":[{"width":1920,"height":582,"url":"https:\/\/www.electroluxprofessional.com\/es\/wp-content\/uploads\/2022\/03\/retail_banner_desk.jpg","type":"image\/jpeg"}],"twitter_card":"summary_large_image","twitter_misc":{"Tiempo de lectura":"6 minutos"},"schema":{"@context":"https:\/\/schema.org","@graph":[{"@type":"WebPage","@id":"https:\/\/www.electroluxprofessional.com\/es\/tu-negocio\/supermercados\/","url":"https:\/\/www.electroluxprofessional.com\/es\/tu-negocio\/supermercados\/","name":"Soluciones para Supermercados | Electrolux Professional","isPartOf":{"@id":"https:\/\/www.electroluxprofessional.com\/es\/#website"},"primaryImageOfPage":{"@id":"https:\/\/www.electroluxprofessional.com\/es\/tu-negocio\/supermercados\/#primaryimage"},"image":{"@id":"https:\/\/www.electroluxprofessional.com\/es\/tu-negocio\/supermercados\/#primaryimage"},"thumbnailUrl":"https:\/\/www.electroluxprofessional.com\/es\/wp-content\/uploads\/2022\/03\/retail_banner_desk.jpg","datePublished":"2022-03-08T12:30:19+00:00","dateModified":"2026-03-28T18:26:45+00:00","description":"Equipamiento de refrigeraci\u00f3n y cocci\u00f3n dise\u00f1ado para supermercados. Asegura la frescura de los alimentos y optimiza la zona de platos preparados.","breadcrumb":{"@id":"https:\/\/www.electroluxprofessional.com\/es\/tu-negocio\/supermercados\/#breadcrumb"},"inLanguage":"es","potentialAction":[{"@type":"ReadAction","target":["https:\/\/www.electroluxprofessional.com\/es\/tu-negocio\/supermercados\/"]}]},{"@type":"ImageObject","inLanguage":"es","@id":"https:\/\/www.electroluxprofessional.com\/es\/tu-negocio\/supermercados\/#primaryimage","url":"https:\/\/www.electroluxprofessional.com\/es\/wp-content\/uploads\/2022\/03\/retail_banner_desk.jpg","contentUrl":"https:\/\/www.electroluxprofessional.com\/es\/wp-content\/uploads\/2022\/03\/retail_banner_desk.jpg","width":1920,"height":582,"caption":"retail_banner_desk"},{"@type":"BreadcrumbList","@id":"https:\/\/www.electroluxprofessional.com\/es\/tu-negocio\/supermercados\/#breadcrumb","itemListElement":[{"@type":"ListItem","position":1,"name":"Home","item":"https:\/\/www.electroluxprofessional.com\/es\/"},{"@type":"ListItem","position":2,"name":"Tu negocio","item":"https:\/\/www.electroluxprofessional.com\/es\/tu-negocio\/"},{"@type":"ListItem","position":3,"name":"Supermercados"}]},{"@type":"WebSite","@id":"https:\/\/www.electroluxprofessional.com\/es\/#website","url":"https:\/\/www.electroluxprofessional.com\/es\/","name":"Electrolux Professional Espa\u00f1a","description":"Equipamiento cocinas profesionales y lavander\u00edas comerciales. Excelencia en el suministro de soluciones profesionales.","potentialAction":[{"@type":"SearchAction","target":{"@type":"EntryPoint","urlTemplate":"https:\/\/www.electroluxprofessional.com\/es\/?src={search_term_string}"},"query-input":{"@type":"PropertyValueSpecification","valueRequired":true,"valueName":"search_term_string"}}],"inLanguage":"es"}]}},"_links":{"self":[{"href":"https:\/\/www.electroluxprofessional.com\/es\/wp-json\/wp\/v2\/pages\/16204"}],"collection":[{"href":"https:\/\/www.electroluxprofessional.com\/es\/wp-json\/wp\/v2\/pages"}],"about":[{"href":"https:\/\/www.electroluxprofessional.com\/es\/wp-json\/wp\/v2\/types\/page"}],"author":[{"embeddable":true,"href":"https:\/\/www.electroluxprofessional.com\/es\/wp-json\/wp\/v2\/users\/21"}],"replies":[{"embeddable":true,"href":"https:\/\/www.electroluxprofessional.com\/es\/wp-json\/wp\/v2\/comments?post=16204"}],"version-history":[{"count":7,"href":"https:\/\/www.electroluxprofessional.com\/es\/wp-json\/wp\/v2\/pages\/16204\/revisions"}],"predecessor-version":[{"id":26000,"href":"https:\/\/www.electroluxprofessional.com\/es\/wp-json\/wp\/v2\/pages\/16204\/revisions\/26000"}],"up":[{"embeddable":true,"href":"https:\/\/www.electroluxprofessional.com\/es\/wp-json\/wp\/v2\/pages\/3874"}],"wp:featuredmedia":[{"embeddable":true,"href":"https:\/\/www.electroluxprofessional.com\/es\/wp-json\/wp\/v2\/media\/16194"}],"wp:attachment":[{"href":"https:\/\/www.electroluxprofessional.com\/es\/wp-json\/wp\/v2\/media?parent=16204"}],"curies":[{"name":"wp","href":"https:\/\/api.w.org\/{rel}","templated":true}]}}