{"id":16068,"date":"2022-01-17T09:22:01","date_gmt":"2022-01-17T09:22:01","guid":{"rendered":"https:\/\/www.electroluxprofessional.com\/?page_id=37951"},"modified":"2026-03-28T15:30:55","modified_gmt":"2026-03-28T15:30:55","slug":"linea-reposteria-panaderia","status":"publish","type":"page","link":"https:\/\/www.electroluxprofessional.com\/es\/equipamiento-cocinas-profesionales\/mesas-refrigeradas-ecostore\/linea-reposteria-panaderia\/","title":{"rendered":"L\u00ednea de Reposter\u00eda y Panader\u00eda"},"content":{"rendered":"<p>[vc_row full_width=&#8221;electroluxpro-full-width-no-padding&#8221;][vc_column][elx_hero_title label=&#8221;&#8221; label_background_color=&#8221;inherit&#8221; background_image=&#8221;16059&#8243;][\/elx_hero_title][\/vc_column][\/vc_row][vc_row][vc_column width=&#8221;1\/6&#8243;][vc_empty_space][\/vc_column][vc_column width=&#8221;2\/3&#8243;][vc_empty_space][elx_heading font_container=&#8221;h1&#8243; text_color=&#8221;inherit&#8221; text_align=&#8221;text-center&#8221;]Mesas Refrigeradas Reposter\u00eda y Panader\u00eda[\/elx_heading][vc_column_text]<\/p>\n<p style=\"text-align: center;\">La magia de la conservaci\u00f3n<\/p>\n<p style=\"text-align: center;\">Conserva tus creaciones de reposter\u00eda y panader\u00eda semiacabadas y acabadas manteniendo toda su calidad y su exquisito sabor.<\/p>\n<p>[\/vc_column_text][vc_empty_space][\/vc_column][vc_column width=&#8221;1\/6&#8243;][vc_empty_space][\/vc_column][\/vc_row][vc_row][vc_column width=&#8221;1\/2&#8243;][vc_single_image image=&#8221;16060&#8243; img_size=&#8221;large&#8221; alignment=&#8221;center&#8221;][\/vc_column][vc_column width=&#8221;1\/2&#8243;][vc_single_image image=&#8221;16061&#8243; img_size=&#8221;large&#8221; alignment=&#8221;center&#8221;][\/vc_column][\/vc_row][vc_row][vc_column width=&#8221;1\/4&#8243;][vc_empty_space][vc_single_image image=&#8221;16062&#8243; img_size=&#8221;150&#215;150&#8243; alignment=&#8221;center&#8221;][vc_empty_space][vc_column_text]<\/p>\n<p style=\"text-align: center;\"><strong>Reposter\u00eda y panader\u00eda<br \/>\nen todo su esplendor<\/strong><\/p>\n<p>[\/vc_column_text][vc_empty_space][vc_column_text]<\/p>\n<p style=\"text-align: center;\">Conservaci\u00f3n perfecta de panes y pasteles exquisitos con un control exacto de la humedad y la temperatura.<\/p>\n<p>[\/vc_column_text][\/vc_column][vc_column width=&#8221;1\/4&#8243;][vc_empty_space][vc_single_image image=&#8221;16063&#8243; img_size=&#8221;150&#215;150&#8243; alignment=&#8221;center&#8221;][vc_empty_space][vc_column_text el_class=&#8221;text-box&#8221;]<\/p>\n<p style=\"text-align: center;\"><strong>Alto rendimiento,<br \/>\nfiabilidad y respeto medioambiental<\/strong><\/p>\n<p>[\/vc_column_text][vc_empty_space][vc_column_text]<\/p>\n<p style=\"text-align: center;\">Las masas de pan y los pasteles conservan su grado de humedad ideal gracias a la ventilaci\u00f3n eficiente de alto rendimiento.<\/p>\n<p>[\/vc_column_text][\/vc_column][vc_column width=&#8221;1\/4&#8243;][vc_empty_space][vc_single_image image=&#8221;16064&#8243; img_size=&#8221;150&#215;150&#8243; alignment=&#8221;center&#8221;][vc_empty_space][vc_column_text el_class=&#8221;text-box&#8221;]<\/p>\n<p style=\"text-align: center;\"><strong>Ahorro de<br \/>\nclase A<br \/>\n<\/strong><\/p>\n<p>[\/vc_column_text][vc_empty_space][vc_column_text]<\/p>\n<p style=\"text-align: center;\">Benef\u00edciate del importante ahorro en costes energ\u00e9ticos. La clase A consume hasta un 70% menos de energ\u00eda*.<\/p>\n<p style=\"text-align: center; font-size: 10px;\">* En comparaci\u00f3n con mesas refrigeradas de clase D est\u00e1ndar<\/p>\n<p>[\/vc_column_text][\/vc_column][vc_column width=&#8221;1\/4&#8243;][vc_empty_space][vc_single_image image=&#8221;16065&#8243; img_size=&#8221;150&#215;150&#8243; alignment=&#8221;center&#8221;][vc_empty_space][vc_column_text el_class=&#8221;text-box&#8221;]<\/p>\n<p style=\"text-align: center;\"><strong>M\u00e1xima conservaci\u00f3n<br \/>\nde los alimentos<\/strong><\/p>\n<p>[\/vc_column_text][vc_empty_space][vc_column_text]<\/p>\n<p style=\"text-align: center;\">Menos desperdicio de alimentos. La clase clim\u00e1tica 5 garantiza una conservaci\u00f3n \u00f3ptima y un alto rendimiento incluso en cocinas de actividad intensiva a 40 \u00b0C de temperatura.<\/p>\n<p>[\/vc_column_text][\/vc_column][\/vc_row][vc_row][vc_column][vc_empty_space][vc_column_text]<\/p>\n<h3 style=\"text-align: center;\">Mayor sostenibilidad<\/h3>\n<p style=\"text-align: center;\">Pioneros en negocios sostenibles y soluciones respetuosas con el medio ambiente a trav\u00e9s de la innovaci\u00f3n<\/p>\n<p>[\/vc_column_text][vc_empty_space][\/vc_column][\/vc_row][vc_row][vc_column width=&#8221;1\/2&#8243;][vc_empty_space][vc_column_text css=&#8221;.vc_custom_1641285317570{padding-left: 70px !important;}&#8221;]<\/p>\n<h3 style=\"text-align: left;\">Electrolux Professional impulsa el cambio y es una de las primeras marcas del mercado que ofrece soluciones R290 de alta eficiencia<\/h3>\n<p>[\/vc_column_text][vc_empty_space][\/vc_column][vc_column width=&#8221;1\/2&#8243;][vc_empty_space][vc_single_image image=&#8221;16066&#8243; img_size=&#8221;medium&#8221;][vc_empty_space height=&#8221;15px&#8221;][vc_column_text css=&#8221;.vc_custom_1641285250055{padding-right: 70px !important;}&#8221;]<\/p>\n<p style=\"text-align: left;\">El gas R290 reduce el impacto ambiental y ejerce un efecto menos agresivo sobre los componentes del frigor\u00edfico que otros gases tradicionales.<\/p>\n<p>[\/vc_column_text][vc_empty_space][\/vc_column][\/vc_row][vc_row][vc_column][vc_empty_space][elx_image_text_box attach_image_text_box=&#8221;16069&#8243; image_position=&#8221;image_left&#8221; background_colors=&#8221;background-food&#8221; text_block_position=&#8221;text_block_bottom&#8221; image_text_block=&#8221;Capacidad m\u00e1xima en<br \/>\nmodelos de 2, 3 o 4 puertas<br \/>\nhasta 9 (400x600mm)<br \/>\nbandejas por compartimento&#8221;][vc_empty_space][\/vc_column][\/vc_row][vc_row][vc_column][vc_empty_space][vc_single_image image=&#8221;16067&#8243; img_size=&#8221;large&#8221; alignment=&#8221;center&#8221;][vc_empty_space][\/vc_column][\/vc_row][vc_row][vc_column][vc_empty_space][\/vc_column][\/vc_row][vc_row el_id=&#8221;contact-us&#8221;][vc_column][vc_empty_space][elx_heading text_color=&#8221;inherit&#8221; text_align=&#8221;text-center&#8221;]Rellena el formulario siguiente para recibir m\u00e1s informaci\u00f3n[\/elx_heading][elx_o2000_contact_us b=&#8221;food&#8221; l=&#8221;en&#8221;][\/vc_column][\/vc_row]<\/p>\n","protected":false},"excerpt":{"rendered":"<p>[vc_row full_width=&#8221;electroluxpro-full-width-no-padding&#8221;][vc_column][elx_hero_title label=&#8221;&#8221; label_background_color=&#8221;inherit&#8221; background_image=&#8221;16059&#8243;][\/elx_hero_title][\/vc_column][\/vc_row][vc_row][vc_column width=&#8221;1\/6&#8243;][vc_empty_space][\/vc_column][vc_column width=&#8221;2\/3&#8243;][vc_empty_space][elx_heading font_container=&#8221;h1&#8243; text_color=&#8221;inherit&#8221; text_align=&#8221;text-center&#8221;]Mesas Refrigeradas Reposter\u00eda y Panader\u00eda[\/elx_heading][vc_column_text] La magia de la conservaci\u00f3n Conserva tus creaciones de reposter\u00eda y panader\u00eda semiacabadas y acabadas manteniendo toda su calidad y su exquisito sabor. [\/vc_column_text][vc_empty_space][\/vc_column][vc_column width=&#8221;1\/6&#8243;][vc_empty_space][\/vc_column][\/vc_row][vc_row][vc_column width=&#8221;1\/2&#8243;][vc_single_image image=&#8221;16060&#8243; img_size=&#8221;large&#8221; alignment=&#8221;center&#8221;][\/vc_column][vc_column width=&#8221;1\/2&#8243;][vc_single_image image=&#8221;16061&#8243; img_size=&#8221;large&#8221; alignment=&#8221;center&#8221;][\/vc_column][\/vc_row][vc_row][vc_column width=&#8221;1\/4&#8243;][vc_empty_space][vc_single_image image=&#8221;16062&#8243; img_size=&#8221;150&#215;150&#8243; alignment=&#8221;center&#8221;][vc_empty_space][vc_column_text] Reposter\u00eda y panader\u00eda en [&hellip;]<\/p>\n","protected":false},"author":21,"featured_media":16059,"parent":20632,"menu_order":0,"comment_status":"closed","ping_status":"closed","template":"","meta":{"footnotes":""},"class_list":["post-16068","page","type-page","status-publish","has-post-thumbnail","hentry"],"acf":[],"yoast_head":"<!-- This site is optimized with the Yoast SEO plugin v23.4 - https:\/\/yoast.com\/wordpress\/plugins\/seo\/ -->\n<title>Mesas Refrigeradas Reposter\u00eda | Electrolux Professional<\/title>\n<meta name=\"description\" content=\"Mesas refrigeradas ecostore especializadas para reposter\u00eda y panader\u00eda. Temperatura constante y conservaci\u00f3n \u00f3ptima para tus masas e ingredientes.\" \/>\n<meta name=\"robots\" content=\"index, follow, max-snippet:-1, max-image-preview:large, max-video-preview:-1\" \/>\n<link rel=\"canonical\" href=\"https:\/\/www.electroluxprofessional.com\/es\/equipamiento-cocinas-profesionales\/mesas-refrigeradas-ecostore\/linea-reposteria-panaderia\/\" \/>\n<meta property=\"og:locale\" content=\"es_ES\" \/>\n<meta property=\"og:type\" content=\"article\" \/>\n<meta property=\"og:title\" content=\"Mesas Refrigeradas Reposter\u00eda | Electrolux Professional\" \/>\n<meta property=\"og:description\" content=\"Mesas refrigeradas ecostore especializadas para reposter\u00eda y panader\u00eda. Temperatura constante y conservaci\u00f3n \u00f3ptima para tus masas e ingredientes.\" \/>\n<meta property=\"og:url\" content=\"https:\/\/www.electroluxprofessional.com\/es\/equipamiento-cocinas-profesionales\/mesas-refrigeradas-ecostore\/linea-reposteria-panaderia\/\" \/>\n<meta property=\"og:site_name\" content=\"Electrolux Professional Espa\u00f1a\" \/>\n<meta property=\"article:modified_time\" content=\"2026-03-28T15:30:55+00:00\" \/>\n<meta property=\"og:image\" content=\"https:\/\/www.electroluxprofessional.com\/es\/wp-content\/uploads\/2022\/01\/banner_pastry.jpg\" \/>\n\t<meta property=\"og:image:width\" content=\"1920\" \/>\n\t<meta property=\"og:image:height\" content=\"680\" \/>\n\t<meta property=\"og:image:type\" content=\"image\/jpeg\" \/>\n<meta name=\"twitter:card\" content=\"summary_large_image\" \/>\n<meta name=\"twitter:label1\" content=\"Tiempo de lectura\" \/>\n\t<meta name=\"twitter:data1\" content=\"4 minutos\" \/>\n<script type=\"application\/ld+json\" class=\"yoast-schema-graph\">{\"@context\":\"https:\/\/schema.org\",\"@graph\":[{\"@type\":\"WebPage\",\"@id\":\"https:\/\/www.electroluxprofessional.com\/es\/equipamiento-cocinas-profesionales\/mesas-refrigeradas-ecostore\/linea-reposteria-panaderia\/\",\"url\":\"https:\/\/www.electroluxprofessional.com\/es\/equipamiento-cocinas-profesionales\/mesas-refrigeradas-ecostore\/linea-reposteria-panaderia\/\",\"name\":\"Mesas Refrigeradas Reposter\u00eda | Electrolux Professional\",\"isPartOf\":{\"@id\":\"https:\/\/www.electroluxprofessional.com\/es\/#website\"},\"primaryImageOfPage\":{\"@id\":\"https:\/\/www.electroluxprofessional.com\/es\/equipamiento-cocinas-profesionales\/mesas-refrigeradas-ecostore\/linea-reposteria-panaderia\/#primaryimage\"},\"image\":{\"@id\":\"https:\/\/www.electroluxprofessional.com\/es\/equipamiento-cocinas-profesionales\/mesas-refrigeradas-ecostore\/linea-reposteria-panaderia\/#primaryimage\"},\"thumbnailUrl\":\"https:\/\/www.electroluxprofessional.com\/es\/wp-content\/uploads\/2022\/01\/banner_pastry.jpg\",\"datePublished\":\"2022-01-17T09:22:01+00:00\",\"dateModified\":\"2026-03-28T15:30:55+00:00\",\"description\":\"Mesas refrigeradas ecostore especializadas para reposter\u00eda y panader\u00eda. Temperatura constante y conservaci\u00f3n \u00f3ptima para tus masas e ingredientes.\",\"breadcrumb\":{\"@id\":\"https:\/\/www.electroluxprofessional.com\/es\/equipamiento-cocinas-profesionales\/mesas-refrigeradas-ecostore\/linea-reposteria-panaderia\/#breadcrumb\"},\"inLanguage\":\"es\",\"potentialAction\":[{\"@type\":\"ReadAction\",\"target\":[\"https:\/\/www.electroluxprofessional.com\/es\/equipamiento-cocinas-profesionales\/mesas-refrigeradas-ecostore\/linea-reposteria-panaderia\/\"]}]},{\"@type\":\"ImageObject\",\"inLanguage\":\"es\",\"@id\":\"https:\/\/www.electroluxprofessional.com\/es\/equipamiento-cocinas-profesionales\/mesas-refrigeradas-ecostore\/linea-reposteria-panaderia\/#primaryimage\",\"url\":\"https:\/\/www.electroluxprofessional.com\/es\/wp-content\/uploads\/2022\/01\/banner_pastry.jpg\",\"contentUrl\":\"https:\/\/www.electroluxprofessional.com\/es\/wp-content\/uploads\/2022\/01\/banner_pastry.jpg\",\"width\":1920,\"height\":680,\"caption\":\"banner_pastry\"},{\"@type\":\"BreadcrumbList\",\"@id\":\"https:\/\/www.electroluxprofessional.com\/es\/equipamiento-cocinas-profesionales\/mesas-refrigeradas-ecostore\/linea-reposteria-panaderia\/#breadcrumb\",\"itemListElement\":[{\"@type\":\"ListItem\",\"position\":1,\"name\":\"Home\",\"item\":\"https:\/\/www.electroluxprofessional.com\/es\/\"},{\"@type\":\"ListItem\",\"position\":2,\"name\":\"Equipamiento de Cocinas\",\"item\":\"https:\/\/www.electroluxprofessional.com\/es\/equipamiento-cocinas-profesionales\/\"},{\"@type\":\"ListItem\",\"position\":3,\"name\":\"Mesas refrigeradas y congeladoras\",\"item\":\"https:\/\/www.electroluxprofessional.com\/es\/equipamiento-cocinas-profesionales\/mesas-refrigeradas-ecostore\/\"},{\"@type\":\"ListItem\",\"position\":4,\"name\":\"L\u00ednea de Reposter\u00eda y Panader\u00eda\"}]},{\"@type\":\"WebSite\",\"@id\":\"https:\/\/www.electroluxprofessional.com\/es\/#website\",\"url\":\"https:\/\/www.electroluxprofessional.com\/es\/\",\"name\":\"Electrolux Professional Espa\u00f1a\",\"description\":\"Equipamiento cocinas profesionales y lavander\u00edas comerciales. Excelencia en el suministro de soluciones profesionales.\",\"potentialAction\":[{\"@type\":\"SearchAction\",\"target\":{\"@type\":\"EntryPoint\",\"urlTemplate\":\"https:\/\/www.electroluxprofessional.com\/es\/?src={search_term_string}\"},\"query-input\":{\"@type\":\"PropertyValueSpecification\",\"valueRequired\":true,\"valueName\":\"search_term_string\"}}],\"inLanguage\":\"es\"}]}<\/script>\n<!-- \/ Yoast SEO plugin. -->","yoast_head_json":{"title":"Mesas Refrigeradas Reposter\u00eda | Electrolux Professional","description":"Mesas refrigeradas ecostore especializadas para reposter\u00eda y panader\u00eda. Temperatura constante y conservaci\u00f3n \u00f3ptima para tus masas e ingredientes.","robots":{"index":"index","follow":"follow","max-snippet":"max-snippet:-1","max-image-preview":"max-image-preview:large","max-video-preview":"max-video-preview:-1"},"canonical":"https:\/\/www.electroluxprofessional.com\/es\/equipamiento-cocinas-profesionales\/mesas-refrigeradas-ecostore\/linea-reposteria-panaderia\/","og_locale":"es_ES","og_type":"article","og_title":"Mesas Refrigeradas Reposter\u00eda | Electrolux Professional","og_description":"Mesas refrigeradas ecostore especializadas para reposter\u00eda y panader\u00eda. Temperatura constante y conservaci\u00f3n \u00f3ptima para tus masas e ingredientes.","og_url":"https:\/\/www.electroluxprofessional.com\/es\/equipamiento-cocinas-profesionales\/mesas-refrigeradas-ecostore\/linea-reposteria-panaderia\/","og_site_name":"Electrolux Professional Espa\u00f1a","article_modified_time":"2026-03-28T15:30:55+00:00","og_image":[{"width":1920,"height":680,"url":"https:\/\/www.electroluxprofessional.com\/es\/wp-content\/uploads\/2022\/01\/banner_pastry.jpg","type":"image\/jpeg"}],"twitter_card":"summary_large_image","twitter_misc":{"Tiempo de lectura":"4 minutos"},"schema":{"@context":"https:\/\/schema.org","@graph":[{"@type":"WebPage","@id":"https:\/\/www.electroluxprofessional.com\/es\/equipamiento-cocinas-profesionales\/mesas-refrigeradas-ecostore\/linea-reposteria-panaderia\/","url":"https:\/\/www.electroluxprofessional.com\/es\/equipamiento-cocinas-profesionales\/mesas-refrigeradas-ecostore\/linea-reposteria-panaderia\/","name":"Mesas Refrigeradas Reposter\u00eda | Electrolux Professional","isPartOf":{"@id":"https:\/\/www.electroluxprofessional.com\/es\/#website"},"primaryImageOfPage":{"@id":"https:\/\/www.electroluxprofessional.com\/es\/equipamiento-cocinas-profesionales\/mesas-refrigeradas-ecostore\/linea-reposteria-panaderia\/#primaryimage"},"image":{"@id":"https:\/\/www.electroluxprofessional.com\/es\/equipamiento-cocinas-profesionales\/mesas-refrigeradas-ecostore\/linea-reposteria-panaderia\/#primaryimage"},"thumbnailUrl":"https:\/\/www.electroluxprofessional.com\/es\/wp-content\/uploads\/2022\/01\/banner_pastry.jpg","datePublished":"2022-01-17T09:22:01+00:00","dateModified":"2026-03-28T15:30:55+00:00","description":"Mesas refrigeradas ecostore especializadas para reposter\u00eda y panader\u00eda. Temperatura constante y conservaci\u00f3n \u00f3ptima para tus masas e ingredientes.","breadcrumb":{"@id":"https:\/\/www.electroluxprofessional.com\/es\/equipamiento-cocinas-profesionales\/mesas-refrigeradas-ecostore\/linea-reposteria-panaderia\/#breadcrumb"},"inLanguage":"es","potentialAction":[{"@type":"ReadAction","target":["https:\/\/www.electroluxprofessional.com\/es\/equipamiento-cocinas-profesionales\/mesas-refrigeradas-ecostore\/linea-reposteria-panaderia\/"]}]},{"@type":"ImageObject","inLanguage":"es","@id":"https:\/\/www.electroluxprofessional.com\/es\/equipamiento-cocinas-profesionales\/mesas-refrigeradas-ecostore\/linea-reposteria-panaderia\/#primaryimage","url":"https:\/\/www.electroluxprofessional.com\/es\/wp-content\/uploads\/2022\/01\/banner_pastry.jpg","contentUrl":"https:\/\/www.electroluxprofessional.com\/es\/wp-content\/uploads\/2022\/01\/banner_pastry.jpg","width":1920,"height":680,"caption":"banner_pastry"},{"@type":"BreadcrumbList","@id":"https:\/\/www.electroluxprofessional.com\/es\/equipamiento-cocinas-profesionales\/mesas-refrigeradas-ecostore\/linea-reposteria-panaderia\/#breadcrumb","itemListElement":[{"@type":"ListItem","position":1,"name":"Home","item":"https:\/\/www.electroluxprofessional.com\/es\/"},{"@type":"ListItem","position":2,"name":"Equipamiento de Cocinas","item":"https:\/\/www.electroluxprofessional.com\/es\/equipamiento-cocinas-profesionales\/"},{"@type":"ListItem","position":3,"name":"Mesas refrigeradas y congeladoras","item":"https:\/\/www.electroluxprofessional.com\/es\/equipamiento-cocinas-profesionales\/mesas-refrigeradas-ecostore\/"},{"@type":"ListItem","position":4,"name":"L\u00ednea de Reposter\u00eda y Panader\u00eda"}]},{"@type":"WebSite","@id":"https:\/\/www.electroluxprofessional.com\/es\/#website","url":"https:\/\/www.electroluxprofessional.com\/es\/","name":"Electrolux Professional Espa\u00f1a","description":"Equipamiento cocinas profesionales y lavander\u00edas comerciales. Excelencia en el suministro de soluciones profesionales.","potentialAction":[{"@type":"SearchAction","target":{"@type":"EntryPoint","urlTemplate":"https:\/\/www.electroluxprofessional.com\/es\/?src={search_term_string}"},"query-input":{"@type":"PropertyValueSpecification","valueRequired":true,"valueName":"search_term_string"}}],"inLanguage":"es"}]}},"_links":{"self":[{"href":"https:\/\/www.electroluxprofessional.com\/es\/wp-json\/wp\/v2\/pages\/16068"}],"collection":[{"href":"https:\/\/www.electroluxprofessional.com\/es\/wp-json\/wp\/v2\/pages"}],"about":[{"href":"https:\/\/www.electroluxprofessional.com\/es\/wp-json\/wp\/v2\/types\/page"}],"author":[{"embeddable":true,"href":"https:\/\/www.electroluxprofessional.com\/es\/wp-json\/wp\/v2\/users\/21"}],"replies":[{"embeddable":true,"href":"https:\/\/www.electroluxprofessional.com\/es\/wp-json\/wp\/v2\/comments?post=16068"}],"version-history":[{"count":5,"href":"https:\/\/www.electroluxprofessional.com\/es\/wp-json\/wp\/v2\/pages\/16068\/revisions"}],"predecessor-version":[{"id":25985,"href":"https:\/\/www.electroluxprofessional.com\/es\/wp-json\/wp\/v2\/pages\/16068\/revisions\/25985"}],"up":[{"embeddable":true,"href":"https:\/\/www.electroluxprofessional.com\/es\/wp-json\/wp\/v2\/pages\/20632"}],"wp:featuredmedia":[{"embeddable":true,"href":"https:\/\/www.electroluxprofessional.com\/es\/wp-json\/wp\/v2\/media\/16059"}],"wp:attachment":[{"href":"https:\/\/www.electroluxprofessional.com\/es\/wp-json\/wp\/v2\/media?parent=16068"}],"curies":[{"name":"wp","href":"https:\/\/api.w.org\/{rel}","templated":true}]}}