{"id":15923,"date":"2021-12-01T17:23:16","date_gmt":"2021-12-01T17:23:16","guid":{"rendered":"https:\/\/www.electroluxprofessional.com\/?page_id=37115"},"modified":"2025-05-22T08:22:27","modified_gmt":"2025-05-22T08:22:27","slug":"flexy-drop-in","status":"publish","type":"page","link":"https:\/\/www.electroluxprofessional.com\/es\/flexy-drop-in\/","title":{"rendered":"Flexy Drop-in"},"content":{"rendered":"<p>[vc_row full_width=&#8221;electroluxpro-full-width-no-padding&#8221;][vc_column][elx_image_block background_image=&#8221;15917&#8243; minimum_height=&#8221;400px&#8221;][\/vc_column][\/vc_row][vc_row][vc_column][vc_empty_space height=&#8221;40px&#8221;][elx_heading font_container=&#8221;h1&#8243; text_color=&#8221;inherit&#8221; text_align=&#8221;text-center&#8221;]Flexy Drop-in[\/elx_heading][vc_empty_space height=&#8221;40px&#8221;][elx_heading font_size=&#8221;h5&#8243; text_color=&#8221;inherit&#8221; text_align=&#8221;text-center&#8221;]12 funciones en 6 tama\u00f1os.<br \/>\nPosibilidades ilimitadas para tu empresa[\/elx_heading][vc_column_text]<\/p>\n<p style=\"text-align: center;\">Caliente, fr\u00edo e h\u00edbrido: sean las que sean las necesidades de tus clientes, nosotros tenemos la soluci\u00f3n.<\/p>\n<p>[\/vc_column_text][vc_empty_space height=&#8221;40px&#8221;][\/vc_column][\/vc_row][vc_row][vc_column width=&#8221;1\/6&#8243;][vc_empty_space height=&#8221;20px&#8221;][\/vc_column][vc_column width=&#8221;1\/6&#8243;][vc_empty_space height=&#8221;20px&#8221;][\/vc_column][vc_column width=&#8221;1\/6&#8243;][vc_single_image image=&#8221;15908&#8243; img_size=&#8221;100&#215;100&#8243; alignment=&#8221;center&#8221;][vc_empty_space height=&#8221;20px&#8221;][vc_column_text]<\/p>\n<h5 style=\"text-align: center;\">Funciones en caliente<\/h5>\n<p>[\/vc_column_text][vc_empty_space height=&#8221;20px&#8221;][\/vc_column][vc_column width=&#8221;1\/6&#8243;][vc_single_image image=&#8221;15909&#8243; img_size=&#8221;100&#215;100&#8243; alignment=&#8221;center&#8221;][vc_empty_space height=&#8221;20px&#8221;][vc_column_text]<\/p>\n<h5 style=\"text-align: center;\">Funciones en fr\u00edo<\/h5>\n<p>[\/vc_column_text][vc_empty_space height=&#8221;20px&#8221;][\/vc_column][vc_column width=&#8221;1\/6&#8243;][vc_empty_space height=&#8221;20px&#8221;][\/vc_column][vc_column width=&#8221;1\/6&#8243;][vc_empty_space height=&#8221;20px&#8221;][\/vc_column][\/vc_row][vc_row][vc_column][vc_empty_space height=&#8221;50px&#8221;][\/vc_column][\/vc_row][vc_row disable_element=&#8221;yes&#8221;][vc_column][elx_heading font_size=&#8221;h1&#8243; text_color=&#8221;inherit&#8221; text_align=&#8221;text-center&#8221;]La belleza de los alimentos[\/elx_heading][vc_empty_space height=&#8221;40px&#8221;][\/vc_column][\/vc_row][vc_row][vc_column width=&#8221;1\/3&#8243;][elx_heading font_size=&#8221;h1&#8243; text_color=&#8221;inherit&#8221; text_align=&#8221;text-left&#8221;]La iluminaci\u00f3n influye en el cliente[\/elx_heading][vc_empty_space][vc_column_text]Marca una diferencia en el impacto visual, arom\u00e1tico y emocional con que se perciben los alimentos.[\/vc_column_text][vc_empty_space height=&#8221;20px&#8221;][\/vc_column][vc_column width=&#8221;1\/3&#8243;][vc_single_image image=&#8221;15918&#8243; img_size=&#8221;large&#8221; alignment=&#8221;center&#8221;][vc_empty_space height=&#8221;15px&#8221;][vc_column_text]<\/p>\n<h5 style=\"text-align: center;\">Con luces fluorescentes T5<\/h5>\n<p>[\/vc_column_text][vc_empty_space height=&#8221;20px&#8221;][\/vc_column][vc_column width=&#8221;1\/3&#8243;][vc_single_image image=&#8221;15919&#8243; img_size=&#8221;large&#8221; alignment=&#8221;center&#8221;][vc_empty_space height=&#8221;15px&#8221;][vc_column_text]<\/p>\n<h5 style=\"text-align: center;\">Con luces LED<\/h5>\n<p>[\/vc_column_text][vc_empty_space height=&#8221;20px&#8221;][\/vc_column][\/vc_row][vc_row][vc_column][vc_empty_space height=&#8221;50px&#8221;][\/vc_column][\/vc_row][vc_row full_width=&#8221;electroluxpro-full-width-no-padding&#8221;][vc_column][elx_download_block text=&#8221;Download the Drop-in Leaflet&#8221; file_picker=&#8221;37197&#8243; background_color=&#8221;electrolux-blue&#8221;][\/vc_column][\/vc_row][vc_row css=&#8221;.vc_custom_1636385671739{background-color: #f2f2f2 !important;}&#8221;][vc_column][vc_empty_space height=&#8221;40px&#8221;][elx_heading font_size=&#8221;h1&#8243; text_color=&#8221;inherit&#8221; text_align=&#8221;text-center&#8221;]FUNCIONES EN CALIENTE[\/elx_heading][vc_empty_space height=&#8221;40px&#8221;][vc_row_inner][vc_column_inner width=&#8221;1\/2&#8243;][vc_column_text css=&#8221;.vc_custom_1636389244999{padding-left: 40% !important;}&#8221;]<\/p>\n<h2>Ba\u00f1o Mar\u00eda<br \/>\nventilado<\/h2>\n<p>Sostenible y rentable, todo en uno.[\/vc_column_text][\/vc_column_inner][vc_column_inner width=&#8221;1\/2&#8243;][vc_single_image image=&#8221;15920&#8243; img_size=&#8221;medium&#8221;][\/vc_column_inner][\/vc_row_inner][vc_empty_space height=&#8221;40px&#8221;][vc_row_inner][vc_column_inner width=&#8221;1\/2&#8243;][vc_column_text]Con el ba\u00f1o Mar\u00eda por aire <strong>ya no se necesita agua<\/strong>. De ese modo se reducen los costes operativos &amp;y de instalaci\u00f3n, a la vez que se facilita el mantenimiento.[\/vc_column_text][\/vc_column_inner][vc_column_inner width=&#8221;1\/2&#8243;][vc_column_text]<strong>Calor instant\u00e1neo<\/strong><br \/>\nReduce el consumo de energ\u00eda y el tiempo de calentamiento. Ahora en solo <strong>16 minutos<\/strong> ya est\u00e1s listo para empezar.[\/vc_column_text][\/vc_column_inner][\/vc_row_inner][vc_empty_space height=&#8221;40px&#8221;][vc_column_text]<\/p>\n<h2 style=\"text-align: center;\">Ahorros con el ba\u00f1o Mar\u00eda ventilado<\/h2>\n<p>[\/vc_column_text][vc_empty_space height=&#8221;20px&#8221;][vc_row_inner][vc_column_inner width=&#8221;1\/2&#8243;][vc_column_text]<\/p>\n<h2 style=\"text-align: center; font-family: 'ElectroluxRegular';\">Hasta el 90% de ahorro de energ\u00eda<br \/>\ndurante el calentamiento<\/h2>\n<p>[\/vc_column_text][\/vc_column_inner][vc_column_inner width=&#8221;1\/2&#8243;][vc_column_text]<\/p>\n<h2 style=\"text-align: center; font-family: 'ElectroluxRegular';\">Hasta el 35% de ahorro de energ\u00eda<br \/>\ndurante el funcionamiento.<\/h2>\n<p>[\/vc_column_text][\/vc_column_inner][\/vc_row_inner][vc_empty_space height=&#8221;40px&#8221;][vc_column_text]<\/p>\n<h3 class=\"h1\" style=\"text-align: center;\">Ahorra hasta<br \/>\n407 \u20ac al a\u00f1o*<\/h3>\n<p>[\/vc_column_text][vc_empty_space height=&#8221;10px&#8221;][vc_column_text]<\/p>\n<p style=\"text-align: center; font-size: 10px;\">*C\u00e1lculo basado en gastos corrientes, seg\u00fan el procedimiento de prueba de Afnor.<br \/>\nDatos disponibles en abril de 2020. (Coste medio de la energ\u00eda en EU de 0,21 \u20ac\/kWh).[\/vc_column_text][vc_empty_space height=&#8221;50px&#8221;][\/vc_column][\/vc_row][vc_row][vc_column][vc_empty_space height=&#8221;40px&#8221;][elx_heading font_size=&#8221;h1&#8243; text_color=&#8221;inherit&#8221; text_align=&#8221;text-center&#8221;]FUNCIONES EN FR\u00cdO[\/elx_heading][vc_empty_space height=&#8221;40px&#8221;][vc_column_text]<\/p>\n<h2 style=\"text-align: center;\">Conserva tus alimentos frescos perfectamente refrigerados con una gran variedad de funciones en fr\u00edo: desde ensaladas y quesos hasta carnes fr\u00edas y frutas.<\/h2>\n<p>[\/vc_column_text][vc_empty_space height=&#8221;40px&#8221;][\/vc_column][\/vc_row][vc_row][vc_column width=&#8221;1\/2&#8243;][vc_single_image image=&#8221;15921&#8243; img_size=&#8221;large&#8221; alignment=&#8221;center&#8221;][vc_empty_space height=&#8221;20px&#8221;][vc_column_text]<\/p>\n<h3 style=\"text-align: center;\">Expositores de alimentos fr\u00edos<\/h3>\n<p>[\/vc_column_text][vc_empty_space height=&#8221;20px&#8221;][vc_column_text]<\/p>\n<p style=\"text-align: center;\">Estantes inclinados para ofrecer una visibilidad \u00f3ptima<\/p>\n<p>[\/vc_column_text][vc_empty_space height=&#8221;20px&#8221;][\/vc_column][vc_column width=&#8221;1\/2&#8243;][vc_single_image image=&#8221;15922&#8243; img_size=&#8221;large&#8221; alignment=&#8221;center&#8221;][vc_empty_space height=&#8221;20px&#8221;][vc_column_text]<\/p>\n<h3 style=\"text-align: center;\">Funciones de cuba fr\u00eda<\/h3>\n<p>[\/vc_column_text][vc_empty_space height=&#8221;20px&#8221;][vc_column_text]<\/p>\n<p style=\"text-align: center;\">Para una distribuci\u00f3n de baja temperatura uniforme y constante<\/p>\n<p>[\/vc_column_text][vc_empty_space height=&#8221;20px&#8221;][\/vc_column][\/vc_row][vc_row][vc_column][vc_empty_space height=&#8221;50px&#8221;][vc_empty_space height=&#8221;50px&#8221;][elx_button button_text=&#8221;Volver a Flexy Line&#8221; button_display_block=&#8221;display_block_on&#8221; button_alignment=&#8221;align_center&#8221; button_link=&#8221;url:https%3A%2F%2Fwww.electroluxprofessional.com%2Fes%2Fflexy-line%2F|||&#8221;][\/vc_column][\/vc_row][vc_row][vc_column][vc_empty_space height=&#8221;40px&#8221;][elx_heading text_color=&#8221;inherit&#8221; text_align=&#8221;text-center&#8221;]Ponte en contacto con nosotros para obtener m\u00e1s informaci\u00f3n sobre las funciones Drop-in de Flexy Line[\/elx_heading][vc_empty_space height=&#8221;40px&#8221;][elx_o2000_contact_us][vc_empty_space height=&#8221;40px&#8221;][\/vc_column][\/vc_row]<\/p>\n","protected":false},"excerpt":{"rendered":"<p>[vc_row full_width=&#8221;electroluxpro-full-width-no-padding&#8221;][vc_column][elx_image_block background_image=&#8221;15917&#8243; minimum_height=&#8221;400px&#8221;][\/vc_column][\/vc_row][vc_row][vc_column][vc_empty_space height=&#8221;40px&#8221;][elx_heading font_container=&#8221;h1&#8243; text_color=&#8221;inherit&#8221; text_align=&#8221;text-center&#8221;]Flexy Drop-in[\/elx_heading][vc_empty_space height=&#8221;40px&#8221;][elx_heading font_size=&#8221;h5&#8243; text_color=&#8221;inherit&#8221; text_align=&#8221;text-center&#8221;]12 funciones en 6 tama\u00f1os. Posibilidades ilimitadas para tu empresa[\/elx_heading][vc_column_text] Caliente, fr\u00edo e h\u00edbrido: sean las que sean las necesidades de tus clientes, nosotros tenemos la soluci\u00f3n. [\/vc_column_text][vc_empty_space height=&#8221;40px&#8221;][\/vc_column][\/vc_row][vc_row][vc_column width=&#8221;1\/6&#8243;][vc_empty_space height=&#8221;20px&#8221;][\/vc_column][vc_column width=&#8221;1\/6&#8243;][vc_empty_space height=&#8221;20px&#8221;][\/vc_column][vc_column width=&#8221;1\/6&#8243;][vc_single_image image=&#8221;15908&#8243; img_size=&#8221;100&#215;100&#8243; alignment=&#8221;center&#8221;][vc_empty_space height=&#8221;20px&#8221;][vc_column_text] Funciones en caliente [\/vc_column_text][vc_empty_space height=&#8221;20px&#8221;][\/vc_column][vc_column [&hellip;]<\/p>\n","protected":false},"author":243,"featured_media":15917,"parent":0,"menu_order":0,"comment_status":"closed","ping_status":"closed","template":"","meta":{"footnotes":""},"class_list":["post-15923","page","type-page","status-publish","has-post-thumbnail","hentry"],"acf":[],"yoast_head":"<!-- This site is optimized with the Yoast SEO plugin v23.4 - https:\/\/yoast.com\/wordpress\/plugins\/seo\/ -->\n<title>Flexy Drop-in - Electrolux Professional Espa\u00f1a<\/title>\n<meta name=\"description\" content=\"Flexy Drop-in ofrece 12 funciones en 6 tama\u00f1os, incluyendo ba\u00f1o Mar\u00eda ventilado. Reduce costes e incrementa la eficiencia con nuestro sistema h\u00edbrido sostenible.\" \/>\n<meta name=\"robots\" content=\"index, follow, max-snippet:-1, max-image-preview:large, max-video-preview:-1\" \/>\n<link rel=\"canonical\" href=\"https:\/\/www.electroluxprofessional.com\/es\/flexy-drop-in\/\" \/>\n<meta property=\"og:locale\" content=\"es_ES\" \/>\n<meta property=\"og:type\" content=\"article\" \/>\n<meta property=\"og:title\" content=\"Flexy Drop-in - Electrolux Professional Espa\u00f1a\" \/>\n<meta property=\"og:description\" content=\"Flexy Drop-in ofrece 12 funciones en 6 tama\u00f1os, incluyendo ba\u00f1o Mar\u00eda ventilado. Reduce costes e incrementa la eficiencia con nuestro sistema h\u00edbrido sostenible.\" \/>\n<meta property=\"og:url\" content=\"https:\/\/www.electroluxprofessional.com\/es\/flexy-drop-in\/\" \/>\n<meta property=\"og:site_name\" content=\"Electrolux Professional Espa\u00f1a\" \/>\n<meta property=\"article:modified_time\" content=\"2025-05-22T08:22:27+00:00\" \/>\n<meta property=\"og:image\" content=\"https:\/\/www.electroluxprofessional.com\/es\/wp-content\/uploads\/2021\/12\/791B8083.jpg\" \/>\n\t<meta property=\"og:image:width\" content=\"2000\" \/>\n\t<meta property=\"og:image:height\" content=\"702\" \/>\n\t<meta property=\"og:image:type\" content=\"image\/jpeg\" \/>\n<meta name=\"twitter:card\" content=\"summary_large_image\" \/>\n<meta name=\"twitter:label1\" content=\"Tiempo de lectura\" \/>\n\t<meta name=\"twitter:data1\" content=\"2 minutos\" \/>\n<script type=\"application\/ld+json\" class=\"yoast-schema-graph\">{\"@context\":\"https:\/\/schema.org\",\"@graph\":[{\"@type\":\"WebPage\",\"@id\":\"https:\/\/www.electroluxprofessional.com\/es\/flexy-drop-in\/\",\"url\":\"https:\/\/www.electroluxprofessional.com\/es\/flexy-drop-in\/\",\"name\":\"Flexy Drop-in - Electrolux Professional Espa\u00f1a\",\"isPartOf\":{\"@id\":\"https:\/\/www.electroluxprofessional.com\/es\/#website\"},\"primaryImageOfPage\":{\"@id\":\"https:\/\/www.electroluxprofessional.com\/es\/flexy-drop-in\/#primaryimage\"},\"image\":{\"@id\":\"https:\/\/www.electroluxprofessional.com\/es\/flexy-drop-in\/#primaryimage\"},\"thumbnailUrl\":\"https:\/\/www.electroluxprofessional.com\/es\/wp-content\/uploads\/2021\/12\/791B8083.jpg\",\"datePublished\":\"2021-12-01T17:23:16+00:00\",\"dateModified\":\"2025-05-22T08:22:27+00:00\",\"description\":\"Flexy Drop-in ofrece 12 funciones en 6 tama\u00f1os, incluyendo ba\u00f1o Mar\u00eda ventilado. Reduce costes e incrementa la eficiencia con nuestro sistema h\u00edbrido sostenible.\",\"breadcrumb\":{\"@id\":\"https:\/\/www.electroluxprofessional.com\/es\/flexy-drop-in\/#breadcrumb\"},\"inLanguage\":\"es\",\"potentialAction\":[{\"@type\":\"ReadAction\",\"target\":[\"https:\/\/www.electroluxprofessional.com\/es\/flexy-drop-in\/\"]}]},{\"@type\":\"ImageObject\",\"inLanguage\":\"es\",\"@id\":\"https:\/\/www.electroluxprofessional.com\/es\/flexy-drop-in\/#primaryimage\",\"url\":\"https:\/\/www.electroluxprofessional.com\/es\/wp-content\/uploads\/2021\/12\/791B8083.jpg\",\"contentUrl\":\"https:\/\/www.electroluxprofessional.com\/es\/wp-content\/uploads\/2021\/12\/791B8083.jpg\",\"width\":2000,\"height\":702,\"caption\":\"791B8083\"},{\"@type\":\"BreadcrumbList\",\"@id\":\"https:\/\/www.electroluxprofessional.com\/es\/flexy-drop-in\/#breadcrumb\",\"itemListElement\":[{\"@type\":\"ListItem\",\"position\":1,\"name\":\"Home\",\"item\":\"https:\/\/www.electroluxprofessional.com\/es\/\"},{\"@type\":\"ListItem\",\"position\":2,\"name\":\"Flexy Drop-in\"}]},{\"@type\":\"WebSite\",\"@id\":\"https:\/\/www.electroluxprofessional.com\/es\/#website\",\"url\":\"https:\/\/www.electroluxprofessional.com\/es\/\",\"name\":\"Electrolux Professional Espa\u00f1a\",\"description\":\"Equipamiento cocinas profesionales y lavander\u00edas comerciales. Excelencia en el suministro de soluciones profesionales.\",\"potentialAction\":[{\"@type\":\"SearchAction\",\"target\":{\"@type\":\"EntryPoint\",\"urlTemplate\":\"https:\/\/www.electroluxprofessional.com\/es\/?src={search_term_string}\"},\"query-input\":{\"@type\":\"PropertyValueSpecification\",\"valueRequired\":true,\"valueName\":\"search_term_string\"}}],\"inLanguage\":\"es\"}]}<\/script>\n<!-- \/ Yoast SEO plugin. -->","yoast_head_json":{"title":"Flexy Drop-in - Electrolux Professional Espa\u00f1a","description":"Flexy Drop-in ofrece 12 funciones en 6 tama\u00f1os, incluyendo ba\u00f1o Mar\u00eda ventilado. Reduce costes e incrementa la eficiencia con nuestro sistema h\u00edbrido sostenible.","robots":{"index":"index","follow":"follow","max-snippet":"max-snippet:-1","max-image-preview":"max-image-preview:large","max-video-preview":"max-video-preview:-1"},"canonical":"https:\/\/www.electroluxprofessional.com\/es\/flexy-drop-in\/","og_locale":"es_ES","og_type":"article","og_title":"Flexy Drop-in - Electrolux Professional Espa\u00f1a","og_description":"Flexy Drop-in ofrece 12 funciones en 6 tama\u00f1os, incluyendo ba\u00f1o Mar\u00eda ventilado. Reduce costes e incrementa la eficiencia con nuestro sistema h\u00edbrido sostenible.","og_url":"https:\/\/www.electroluxprofessional.com\/es\/flexy-drop-in\/","og_site_name":"Electrolux Professional Espa\u00f1a","article_modified_time":"2025-05-22T08:22:27+00:00","og_image":[{"width":2000,"height":702,"url":"https:\/\/www.electroluxprofessional.com\/es\/wp-content\/uploads\/2021\/12\/791B8083.jpg","type":"image\/jpeg"}],"twitter_card":"summary_large_image","twitter_misc":{"Tiempo de lectura":"2 minutos"},"schema":{"@context":"https:\/\/schema.org","@graph":[{"@type":"WebPage","@id":"https:\/\/www.electroluxprofessional.com\/es\/flexy-drop-in\/","url":"https:\/\/www.electroluxprofessional.com\/es\/flexy-drop-in\/","name":"Flexy Drop-in - Electrolux Professional Espa\u00f1a","isPartOf":{"@id":"https:\/\/www.electroluxprofessional.com\/es\/#website"},"primaryImageOfPage":{"@id":"https:\/\/www.electroluxprofessional.com\/es\/flexy-drop-in\/#primaryimage"},"image":{"@id":"https:\/\/www.electroluxprofessional.com\/es\/flexy-drop-in\/#primaryimage"},"thumbnailUrl":"https:\/\/www.electroluxprofessional.com\/es\/wp-content\/uploads\/2021\/12\/791B8083.jpg","datePublished":"2021-12-01T17:23:16+00:00","dateModified":"2025-05-22T08:22:27+00:00","description":"Flexy Drop-in ofrece 12 funciones en 6 tama\u00f1os, incluyendo ba\u00f1o Mar\u00eda ventilado. Reduce costes e incrementa la eficiencia con nuestro sistema h\u00edbrido sostenible.","breadcrumb":{"@id":"https:\/\/www.electroluxprofessional.com\/es\/flexy-drop-in\/#breadcrumb"},"inLanguage":"es","potentialAction":[{"@type":"ReadAction","target":["https:\/\/www.electroluxprofessional.com\/es\/flexy-drop-in\/"]}]},{"@type":"ImageObject","inLanguage":"es","@id":"https:\/\/www.electroluxprofessional.com\/es\/flexy-drop-in\/#primaryimage","url":"https:\/\/www.electroluxprofessional.com\/es\/wp-content\/uploads\/2021\/12\/791B8083.jpg","contentUrl":"https:\/\/www.electroluxprofessional.com\/es\/wp-content\/uploads\/2021\/12\/791B8083.jpg","width":2000,"height":702,"caption":"791B8083"},{"@type":"BreadcrumbList","@id":"https:\/\/www.electroluxprofessional.com\/es\/flexy-drop-in\/#breadcrumb","itemListElement":[{"@type":"ListItem","position":1,"name":"Home","item":"https:\/\/www.electroluxprofessional.com\/es\/"},{"@type":"ListItem","position":2,"name":"Flexy Drop-in"}]},{"@type":"WebSite","@id":"https:\/\/www.electroluxprofessional.com\/es\/#website","url":"https:\/\/www.electroluxprofessional.com\/es\/","name":"Electrolux Professional Espa\u00f1a","description":"Equipamiento cocinas profesionales y lavander\u00edas comerciales. Excelencia en el suministro de soluciones profesionales.","potentialAction":[{"@type":"SearchAction","target":{"@type":"EntryPoint","urlTemplate":"https:\/\/www.electroluxprofessional.com\/es\/?src={search_term_string}"},"query-input":{"@type":"PropertyValueSpecification","valueRequired":true,"valueName":"search_term_string"}}],"inLanguage":"es"}]}},"_links":{"self":[{"href":"https:\/\/www.electroluxprofessional.com\/es\/wp-json\/wp\/v2\/pages\/15923"}],"collection":[{"href":"https:\/\/www.electroluxprofessional.com\/es\/wp-json\/wp\/v2\/pages"}],"about":[{"href":"https:\/\/www.electroluxprofessional.com\/es\/wp-json\/wp\/v2\/types\/page"}],"author":[{"embeddable":true,"href":"https:\/\/www.electroluxprofessional.com\/es\/wp-json\/wp\/v2\/users\/243"}],"replies":[{"embeddable":true,"href":"https:\/\/www.electroluxprofessional.com\/es\/wp-json\/wp\/v2\/comments?post=15923"}],"version-history":[{"count":2,"href":"https:\/\/www.electroluxprofessional.com\/es\/wp-json\/wp\/v2\/pages\/15923\/revisions"}],"predecessor-version":[{"id":15937,"href":"https:\/\/www.electroluxprofessional.com\/es\/wp-json\/wp\/v2\/pages\/15923\/revisions\/15937"}],"wp:featuredmedia":[{"embeddable":true,"href":"https:\/\/www.electroluxprofessional.com\/es\/wp-json\/wp\/v2\/media\/15917"}],"wp:attachment":[{"href":"https:\/\/www.electroluxprofessional.com\/es\/wp-json\/wp\/v2\/media?parent=15923"}],"curies":[{"name":"wp","href":"https:\/\/api.w.org\/{rel}","templated":true}]}}