{"id":15915,"date":"2021-12-01T17:21:06","date_gmt":"2021-12-01T17:21:06","guid":{"rendered":"https:\/\/www.electroluxprofessional.com\/?page_id=37136"},"modified":"2021-12-02T09:39:12","modified_gmt":"2021-12-02T09:39:12","slug":"flexy-line-compact","status":"publish","type":"page","link":"https:\/\/www.electroluxprofessional.com\/es\/flexy-line-compact\/","title":{"rendered":"Flexy Line &#8211; Compact"},"content":{"rendered":"<p>[vc_row full_width=&#8221;electroluxpro-full-width-no-padding&#8221;][vc_column][vc_single_image image=&#8221;15912&#8243; img_size=&#8221;full&#8221; alignment=&#8221;center&#8221;][\/vc_column][\/vc_row][vc_row][vc_column][vc_empty_space][elx_heading font_container=&#8221;h1&#8243; text_color=&#8221;electrolux-blue&#8221;]Flexy Compact y Compact<sup> JR<\/sup><br \/>\nSoluci\u00f3n de autoservicio flexible y adaptable[\/elx_heading][vc_empty_space][vc_column_text]Compacta y multifunci\u00f3n, dise\u00f1ada con unas medidas perfectas: Electrolux Professional ha creado una l\u00ednea flexible con impecables opciones de autoservicio para tus necesidades profesionales.[\/vc_column_text][vc_empty_space][\/vc_column][\/vc_row][vc_row][vc_column width=&#8221;1\/2&#8243;][vc_single_image image=&#8221;12591&#8243; img_size=&#8221;full&#8221;][vc_row_inner css=&#8221;.vc_custom_1595347570998{background-color: #b0c2c8 !important;}&#8221;][vc_column_inner][elx_heading text_color=&#8221;white&#8221;]Limpieza sencilla[\/elx_heading][vc_empty_space][vc_column_text]Desp\u00eddete de las limpiezas complicadas. Al exponer ahora tus alimentos en una estructura de cristal elegante y minimalista, ya no quedan atrapados restos de alimentos ni polvo, por lo que la limpieza es m\u00e1s r\u00e1pida y sencilla, garantizando una higiene impecable.[\/vc_column_text][vc_empty_space][\/vc_column_inner][\/vc_row_inner][\/vc_column][vc_column width=&#8221;1\/2&#8243;][elx_download_block 1=&#8221;el&#8221; 2=&#8221;cat\u00e1logo&#8221; 3=&#8221;de&#8221; 4=&#8221;Flexy&#8221; 5=&#8221;Compact&#8221; 6=&#8221;y&#8221; 7=&#8221;Compact&#8221; 8=&#8221;Compact<sup>&#8221; 9=&#8221;JR&#8220;<\/sup>&#8221; text=&#8221;Descargar cat\u00e1logo Flexy Compact &amp; Compact JR&#8221; document_type=&#8221;leaflets&#8221; background_color=&#8221;electrolux-blue&#8221; le_document_number=&#8221;CLF-9JE00264&#8243;][elx_heading font_size=&#8221;h1&#8243; text_color=&#8221;inherit&#8221;]L\u00edder en flexibilidad[\/elx_heading][elx_heading font_container=&#8221;h3&#8243; text_color=&#8221;inherit&#8221;]Estructura de los estantes superiores:<br \/>\n\u00bfcurvos, planos o en L?[\/elx_heading][vc_column_text]Los estantes superiores de acero inoxidable de Electrolux Professional ofrecen la visibilidad de una cantidad \u00f3ptima de alimentos para las necesidades de servicio tradicional y de &#8220;free flow&#8221; (libre circulaci\u00f3n). Elige la opci\u00f3n perfecta.[\/vc_column_text][vc_row_inner][vc_column_inner width=&#8221;1\/3&#8243;][vc_empty_space][vc_single_image image=&#8221;12592&#8243; img_size=&#8221;full&#8221; alignment=&#8221;center&#8221;][vc_column_text]Cristal curvo en forma de \u201cA\u201d en el estante superior para una visibilidad m\u00e1xima de los alimentos y como barrera higi\u00e9nica.[\/vc_column_text][vc_empty_space][\/vc_column_inner][vc_column_inner width=&#8221;1\/3&#8243;][vc_empty_space][vc_single_image image=&#8221;12593&#8243; img_size=&#8221;full&#8221; alignment=&#8221;center&#8221;][vc_column_text]Cristal plano en forma de \u201cA\u201d. Elegante estante superior para ofrecer mayor rapidez en el servicio[\/vc_column_text][vc_empty_space][\/vc_column_inner][vc_column_inner width=&#8221;1\/3&#8243;][vc_empty_space][vc_single_image image=&#8221;12594&#8243; img_size=&#8221;full&#8221; alignment=&#8221;center&#8221;][vc_column_text]Estante superior en forma de \u201cL\u201d para el servicio con operador.[\/vc_column_text][vc_empty_space][\/vc_column_inner][\/vc_row_inner][vc_empty_space][vc_column_text]Soluciones en forma de \u201cA\u201d para autoservicio en isla<br \/>\nSoluciones en forma de \u201cL\u201d para servicio del operador.[\/vc_column_text][\/vc_column][\/vc_row][vc_row][vc_column width=&#8221;1\/2&#8243;][vc_empty_space height=&#8221;20px&#8221;][elx_heading text_color=&#8221;inherit&#8221; text_align=&#8221;text-left&#8221;]Deslizador de bandejas: \u00bfcu\u00e1l<br \/>\nes tu mejor nivel?[\/elx_heading][vc_column_text]Elige la opci\u00f3n de deslizador de bandejas m\u00e1s adecuada para tus necesidades, en el nivel superior del mostrador o m\u00e1s baja, tubular o de acero inoxidable. Nuestra l\u00ednea Flexy Compact tiene lo que necesitas.[\/vc_column_text][vc_empty_space height=&#8221;20px&#8221;][vc_row_inner][vc_column_inner width=&#8221;1\/2&#8243;][vc_single_image image=&#8221;12595&#8243; img_size=&#8221;full&#8221; alignment=&#8221;center&#8221;][\/vc_column_inner][vc_column_inner width=&#8221;1\/2&#8243;][vc_single_image image=&#8221;12596&#8243; img_size=&#8221;full&#8221; alignment=&#8221;center&#8221;][\/vc_column_inner][\/vc_row_inner][\/vc_column][vc_column width=&#8221;1\/2&#8243;][vc_empty_space height=&#8221;20px&#8221;][elx_heading text_color=&#8221;inherit&#8221; text_align=&#8221;text-left&#8221;]\u00bfM\u00f3vil o fija?[\/elx_heading][vc_column_text]M\u00e1s opciones y flexibilidad:<br \/>\nelige entre una soluci\u00f3n de autoservicio m\u00f3vil (con ruedas) o fija (con patas).[\/vc_column_text][vc_empty_space height=&#8221;20px&#8221;][vc_row_inner][vc_column_inner width=&#8221;1\/2&#8243;][vc_single_image image=&#8221;12597&#8243; img_size=&#8221;full&#8221; alignment=&#8221;center&#8221;][\/vc_column_inner][vc_column_inner width=&#8221;1\/2&#8243;][vc_single_image image=&#8221;12598&#8243; img_size=&#8221;full&#8221; alignment=&#8221;center&#8221;][\/vc_column_inner][\/vc_row_inner][\/vc_column][\/vc_row][vc_row][vc_column][vc_empty_space][elx_heading font_size=&#8221;h1&#8243; text_color=&#8221;inherit&#8221; text_align=&#8221;text-center&#8221;]Cantidad infinita de colores para elegir[\/elx_heading][vc_empty_space][\/vc_column][\/vc_row][vc_row][vc_column][vc_empty_space][elx_image_block background_image=&#8221;12599&#8243; minimum_height=&#8221;400px&#8221;][elx_download_block text=&#8221;Descargar cat\u00e1logo colores y acabados&#8221; document_type=&#8221;cat&#8221; background_color=&#8221;electrolux-blue&#8221; ca_document_number=&#8221;CAT12&#8243;][vc_empty_space][\/vc_column][\/vc_row][vc_row][vc_column width=&#8221;1\/2&#8243;][vc_empty_space][elx_heading text_color=&#8221;inherit&#8221; text_align=&#8221;text-center&#8221;]Excelentes soluciones de autoservicio[\/elx_heading][vc_empty_space height=&#8221;15px&#8221;][vc_column_text]<\/p>\n<p style=\"text-align: center;\">Para hoteles peque\u00f1os o comedores de empresa<\/p>\n<p>[\/vc_column_text][vc_empty_space][vc_empty_space][vc_single_image image=&#8221;12602&#8243; img_size=&#8221;full&#8221; alignment=&#8221;center&#8221;][vc_empty_space][\/vc_column][vc_column width=&#8221;1\/2&#8243;][vc_empty_space][elx_heading text_color=&#8221;inherit&#8221; text_align=&#8221;text-center&#8221;]Una elecci\u00f3n acertada<\/p>\n<p>[\/elx_heading][vc_empty_space height=&#8221;15px&#8221;][vc_column_text]<\/p>\n<p style=\"text-align: center;\">75 cm para escolares y Flexy Compact de 90 cm para adolescentes y profesores.<\/p>\n<p>[\/vc_column_text][vc_empty_space][vc_single_image image=&#8221;12603&#8243; img_size=&#8221;full&#8221; alignment=&#8221;center&#8221;][vc_empty_space][\/vc_column][\/vc_row][vc_row][vc_column][vc_empty_space height=&#8221;50px&#8221;][\/vc_column][\/vc_row][vc_row][vc_column width=&#8221;1\/3&#8243;][vc_column_text]<\/p>\n<h2>\u00bfNecesitas soluciones de mayor tama\u00f1o?<\/h2>\n<p>[\/vc_column_text][vc_empty_space][\/vc_column][vc_column width=&#8221;1\/3&#8243;][vc_column_text]<strong>No te preocupes, Flexy Style es justo lo que necesitas<\/strong><\/p>\n<p>Flexy Style es la primera soluci\u00f3n del mundo con encimeras de cuarzo que no requiere<br \/>\ndise\u00f1o previo. Elige entre m\u00e1s de 30.000 combinaciones; todo lo que necesitas ya est\u00e1 listo para ti.[\/vc_column_text][vc_empty_space][\/vc_column][vc_column width=&#8221;1\/3&#8243;][vc_single_image image=&#8221;15914&#8243; img_size=&#8221;large&#8221; alignment=&#8221;center&#8221;][vc_empty_space][\/vc_column][vc_column][elx_button button_text=&#8221;Descubre Flexy Style&#8221; button_display_block=&#8221;display_block_on&#8221; button_alignment=&#8221;align_center&#8221; button_link=&#8221;url:https%3A%2F%2Fwww.electroluxprofessional.com%2Fes%2Fflexy-line-style-2%2F|||&#8221;][vc_empty_space height=&#8221;50px&#8221;][\/vc_column][\/vc_row][vc_row css=&#8221;.vc_custom_1636444806342{background-color: #f2f2f2 !important;}&#8221;][vc_column][vc_empty_space height=&#8221;50px&#8221;][elx_heading text_color=&#8221;inherit&#8221; text_align=&#8221;text-center&#8221;]Funciones drop-in de Flexy Line[\/elx_heading][vc_empty_space][elx_heading text_color=&#8221;inherit&#8221; text_align=&#8221;text-center&#8221;]10 funciones en 3 tama\u00f1os.<br \/>\nPosibilidades ilimitadas para tu empresa[\/elx_heading][vc_column_text]<\/p>\n<p style=\"text-align: center;\">Caliente, fr\u00edo e h\u00edbrido: cualesquiera sean las necesidades de tus clientes, nosotros tenemos la soluci\u00f3n.<\/p>\n<p>[\/vc_column_text][vc_empty_space][vc_row_inner][vc_column_inner width=&#8221;1\/6&#8243;][vc_empty_space][\/vc_column_inner][vc_column_inner width=&#8221;1\/6&#8243;][vc_empty_space][\/vc_column_inner][vc_column_inner width=&#8221;1\/6&#8243;][vc_single_image image=&#8221;15908&#8243; img_size=&#8221;100&#215;100&#8243; alignment=&#8221;center&#8221;][vc_empty_space height=&#8221;20px&#8221;][vc_column_text]<\/p>\n<h5 style=\"text-align: center;\">Funciones en<br \/>\ncaliente<\/h5>\n<p>[\/vc_column_text][vc_empty_space][\/vc_column_inner][vc_column_inner width=&#8221;1\/6&#8243;][vc_single_image image=&#8221;15909&#8243; img_size=&#8221;100&#215;100&#8243; alignment=&#8221;center&#8221;][vc_empty_space height=&#8221;20px&#8221;][vc_column_text]<\/p>\n<h5 style=\"text-align: center;\">Funciones en<br \/>\nfr\u00edo<\/h5>\n<p>[\/vc_column_text][vc_empty_space][\/vc_column_inner][vc_column_inner width=&#8221;1\/6&#8243;][vc_empty_space][\/vc_column_inner][vc_column_inner width=&#8221;1\/6&#8243;][vc_empty_space][\/vc_column_inner][\/vc_row_inner][vc_empty_space][elx_button button_text=&#8221;Descubre las funciones Drop-in&#8221; button_display_block=&#8221;display_block_on&#8221; button_alignment=&#8221;align_center&#8221; button_link=&#8221;url:https%3A%2F%2Fwww.electroluxprofessional.com%2Fes%2Fflexy-drop-in%2F|||&#8221;][vc_empty_space height=&#8221;50px&#8221;][\/vc_column][\/vc_row][vc_row][vc_column][vc_empty_space height=&#8221;50px&#8221;][elx_heading font_size=&#8221;h3&#8243; text_color=&#8221;inherit&#8221; text_align=&#8221;text-center&#8221;]Ponte en contacto con nosotros para recibir m\u00e1s informaci\u00f3n sobre Flexy Compact[\/elx_heading][elx_o2000_contact_us r=&#8221;I would like to find out more about servery equipment. Please get in touch with me.&#8221; s=&#8221;Request of information about servery equipment&#8221; container=&#8221;elxcontactus1479284563&#8243;][vc_empty_space height=&#8221;50px&#8221;][\/vc_column][\/vc_row]<\/p>\n","protected":false},"excerpt":{"rendered":"<p>[vc_row full_width=&#8221;electroluxpro-full-width-no-padding&#8221;][vc_column][vc_single_image image=&#8221;15912&#8243; img_size=&#8221;full&#8221; alignment=&#8221;center&#8221;][\/vc_column][\/vc_row][vc_row][vc_column][vc_empty_space][elx_heading font_container=&#8221;h1&#8243; text_color=&#8221;electrolux-blue&#8221;]Flexy Compact y Compact JR Soluci\u00f3n de autoservicio flexible y adaptable[\/elx_heading][vc_empty_space][vc_column_text]Compacta y multifunci\u00f3n, dise\u00f1ada con unas medidas perfectas: Electrolux Professional ha creado una l\u00ednea flexible con impecables opciones de autoservicio para tus necesidades profesionales.[\/vc_column_text][vc_empty_space][\/vc_column][\/vc_row][vc_row][vc_column width=&#8221;1\/2&#8243;][vc_single_image image=&#8221;12591&#8243; img_size=&#8221;full&#8221;][vc_row_inner css=&#8221;.vc_custom_1595347570998{background-color: #b0c2c8 !important;}&#8221;][vc_column_inner][elx_heading text_color=&#8221;white&#8221;]Limpieza sencilla[\/elx_heading][vc_empty_space][vc_column_text]Desp\u00eddete de las limpiezas complicadas. Al exponer ahora [&hellip;]<\/p>\n","protected":false},"author":243,"featured_media":15912,"parent":0,"menu_order":0,"comment_status":"closed","ping_status":"closed","template":"","meta":{"footnotes":""},"class_list":["post-15915","page","type-page","status-publish","has-post-thumbnail","hentry"],"acf":[],"yoast_head":"<!-- This site is optimized with the Yoast SEO plugin v23.4 - https:\/\/yoast.com\/wordpress\/plugins\/seo\/ -->\n<title>Flexy Line - Compact - Electrolux Professional Espa\u00f1a<\/title>\n<meta name=\"description\" content=\"Compact and multifunctional, designed for the perfect fit \u2013 a flexible line of impeccable servery options for your professional requirements.\" \/>\n<meta name=\"robots\" content=\"index, follow, max-snippet:-1, max-image-preview:large, max-video-preview:-1\" \/>\n<link rel=\"canonical\" href=\"https:\/\/www.electroluxprofessional.com\/es\/flexy-line-compact\/\" \/>\n<meta property=\"og:locale\" content=\"es_ES\" \/>\n<meta property=\"og:type\" content=\"article\" \/>\n<meta property=\"og:title\" content=\"Flexy Line - Compact - Electrolux Professional Espa\u00f1a\" \/>\n<meta property=\"og:description\" content=\"Compact and multifunctional, designed for the perfect fit \u2013 a flexible line of impeccable servery options for your professional requirements.\" \/>\n<meta property=\"og:url\" content=\"https:\/\/www.electroluxprofessional.com\/es\/flexy-line-compact\/\" \/>\n<meta property=\"og:site_name\" content=\"Electrolux Professional Espa\u00f1a\" \/>\n<meta property=\"article:modified_time\" content=\"2021-12-02T09:39:12+00:00\" \/>\n<meta property=\"og:image\" content=\"https:\/\/www.electroluxprofessional.com\/es\/wp-content\/uploads\/2021\/12\/serveryline_2000x700.jpg\" \/>\n\t<meta property=\"og:image:width\" content=\"2000\" \/>\n\t<meta property=\"og:image:height\" content=\"702\" \/>\n\t<meta property=\"og:image:type\" content=\"image\/jpeg\" \/>\n<meta name=\"twitter:card\" content=\"summary_large_image\" \/>\n<meta name=\"twitter:label1\" content=\"Tiempo de lectura\" \/>\n\t<meta name=\"twitter:data1\" content=\"7 minutos\" \/>\n<script type=\"application\/ld+json\" class=\"yoast-schema-graph\">{\"@context\":\"https:\/\/schema.org\",\"@graph\":[{\"@type\":\"WebPage\",\"@id\":\"https:\/\/www.electroluxprofessional.com\/es\/flexy-line-compact\/\",\"url\":\"https:\/\/www.electroluxprofessional.com\/es\/flexy-line-compact\/\",\"name\":\"Flexy Line - Compact - Electrolux Professional Espa\u00f1a\",\"isPartOf\":{\"@id\":\"https:\/\/www.electroluxprofessional.com\/es\/#website\"},\"primaryImageOfPage\":{\"@id\":\"https:\/\/www.electroluxprofessional.com\/es\/flexy-line-compact\/#primaryimage\"},\"image\":{\"@id\":\"https:\/\/www.electroluxprofessional.com\/es\/flexy-line-compact\/#primaryimage\"},\"thumbnailUrl\":\"https:\/\/www.electroluxprofessional.com\/es\/wp-content\/uploads\/2021\/12\/serveryline_2000x700.jpg\",\"datePublished\":\"2021-12-01T17:21:06+00:00\",\"dateModified\":\"2021-12-02T09:39:12+00:00\",\"description\":\"Compact and multifunctional, designed for the perfect fit \u2013 a flexible line of impeccable servery options for your professional requirements.\",\"breadcrumb\":{\"@id\":\"https:\/\/www.electroluxprofessional.com\/es\/flexy-line-compact\/#breadcrumb\"},\"inLanguage\":\"es\",\"potentialAction\":[{\"@type\":\"ReadAction\",\"target\":[\"https:\/\/www.electroluxprofessional.com\/es\/flexy-line-compact\/\"]}]},{\"@type\":\"ImageObject\",\"inLanguage\":\"es\",\"@id\":\"https:\/\/www.electroluxprofessional.com\/es\/flexy-line-compact\/#primaryimage\",\"url\":\"https:\/\/www.electroluxprofessional.com\/es\/wp-content\/uploads\/2021\/12\/serveryline_2000x700.jpg\",\"contentUrl\":\"https:\/\/www.electroluxprofessional.com\/es\/wp-content\/uploads\/2021\/12\/serveryline_2000x700.jpg\",\"width\":2000,\"height\":702,\"caption\":\"serveryline_2000x700\"},{\"@type\":\"BreadcrumbList\",\"@id\":\"https:\/\/www.electroluxprofessional.com\/es\/flexy-line-compact\/#breadcrumb\",\"itemListElement\":[{\"@type\":\"ListItem\",\"position\":1,\"name\":\"Home\",\"item\":\"https:\/\/www.electroluxprofessional.com\/es\/\"},{\"@type\":\"ListItem\",\"position\":2,\"name\":\"Flexy Line &#8211; Compact\"}]},{\"@type\":\"WebSite\",\"@id\":\"https:\/\/www.electroluxprofessional.com\/es\/#website\",\"url\":\"https:\/\/www.electroluxprofessional.com\/es\/\",\"name\":\"Electrolux Professional Espa\u00f1a\",\"description\":\"Equipamiento cocinas profesionales y lavander\u00edas comerciales. Excelencia en el suministro de soluciones profesionales.\",\"potentialAction\":[{\"@type\":\"SearchAction\",\"target\":{\"@type\":\"EntryPoint\",\"urlTemplate\":\"https:\/\/www.electroluxprofessional.com\/es\/?src={search_term_string}\"},\"query-input\":{\"@type\":\"PropertyValueSpecification\",\"valueRequired\":true,\"valueName\":\"search_term_string\"}}],\"inLanguage\":\"es\"}]}<\/script>\n<!-- \/ Yoast SEO plugin. -->","yoast_head_json":{"title":"Flexy Line - Compact - Electrolux Professional Espa\u00f1a","description":"Compact and multifunctional, designed for the perfect fit \u2013 a flexible line of impeccable servery options for your professional requirements.","robots":{"index":"index","follow":"follow","max-snippet":"max-snippet:-1","max-image-preview":"max-image-preview:large","max-video-preview":"max-video-preview:-1"},"canonical":"https:\/\/www.electroluxprofessional.com\/es\/flexy-line-compact\/","og_locale":"es_ES","og_type":"article","og_title":"Flexy Line - Compact - Electrolux Professional Espa\u00f1a","og_description":"Compact and multifunctional, designed for the perfect fit \u2013 a flexible line of impeccable servery options for your professional requirements.","og_url":"https:\/\/www.electroluxprofessional.com\/es\/flexy-line-compact\/","og_site_name":"Electrolux Professional Espa\u00f1a","article_modified_time":"2021-12-02T09:39:12+00:00","og_image":[{"width":2000,"height":702,"url":"https:\/\/www.electroluxprofessional.com\/es\/wp-content\/uploads\/2021\/12\/serveryline_2000x700.jpg","type":"image\/jpeg"}],"twitter_card":"summary_large_image","twitter_misc":{"Tiempo de lectura":"7 minutos"},"schema":{"@context":"https:\/\/schema.org","@graph":[{"@type":"WebPage","@id":"https:\/\/www.electroluxprofessional.com\/es\/flexy-line-compact\/","url":"https:\/\/www.electroluxprofessional.com\/es\/flexy-line-compact\/","name":"Flexy Line - Compact - Electrolux Professional Espa\u00f1a","isPartOf":{"@id":"https:\/\/www.electroluxprofessional.com\/es\/#website"},"primaryImageOfPage":{"@id":"https:\/\/www.electroluxprofessional.com\/es\/flexy-line-compact\/#primaryimage"},"image":{"@id":"https:\/\/www.electroluxprofessional.com\/es\/flexy-line-compact\/#primaryimage"},"thumbnailUrl":"https:\/\/www.electroluxprofessional.com\/es\/wp-content\/uploads\/2021\/12\/serveryline_2000x700.jpg","datePublished":"2021-12-01T17:21:06+00:00","dateModified":"2021-12-02T09:39:12+00:00","description":"Compact and multifunctional, designed for the perfect fit \u2013 a flexible line of impeccable servery options for your professional requirements.","breadcrumb":{"@id":"https:\/\/www.electroluxprofessional.com\/es\/flexy-line-compact\/#breadcrumb"},"inLanguage":"es","potentialAction":[{"@type":"ReadAction","target":["https:\/\/www.electroluxprofessional.com\/es\/flexy-line-compact\/"]}]},{"@type":"ImageObject","inLanguage":"es","@id":"https:\/\/www.electroluxprofessional.com\/es\/flexy-line-compact\/#primaryimage","url":"https:\/\/www.electroluxprofessional.com\/es\/wp-content\/uploads\/2021\/12\/serveryline_2000x700.jpg","contentUrl":"https:\/\/www.electroluxprofessional.com\/es\/wp-content\/uploads\/2021\/12\/serveryline_2000x700.jpg","width":2000,"height":702,"caption":"serveryline_2000x700"},{"@type":"BreadcrumbList","@id":"https:\/\/www.electroluxprofessional.com\/es\/flexy-line-compact\/#breadcrumb","itemListElement":[{"@type":"ListItem","position":1,"name":"Home","item":"https:\/\/www.electroluxprofessional.com\/es\/"},{"@type":"ListItem","position":2,"name":"Flexy Line &#8211; Compact"}]},{"@type":"WebSite","@id":"https:\/\/www.electroluxprofessional.com\/es\/#website","url":"https:\/\/www.electroluxprofessional.com\/es\/","name":"Electrolux Professional Espa\u00f1a","description":"Equipamiento cocinas profesionales y lavander\u00edas comerciales. Excelencia en el suministro de soluciones profesionales.","potentialAction":[{"@type":"SearchAction","target":{"@type":"EntryPoint","urlTemplate":"https:\/\/www.electroluxprofessional.com\/es\/?src={search_term_string}"},"query-input":{"@type":"PropertyValueSpecification","valueRequired":true,"valueName":"search_term_string"}}],"inLanguage":"es"}]}},"_links":{"self":[{"href":"https:\/\/www.electroluxprofessional.com\/es\/wp-json\/wp\/v2\/pages\/15915"}],"collection":[{"href":"https:\/\/www.electroluxprofessional.com\/es\/wp-json\/wp\/v2\/pages"}],"about":[{"href":"https:\/\/www.electroluxprofessional.com\/es\/wp-json\/wp\/v2\/types\/page"}],"author":[{"embeddable":true,"href":"https:\/\/www.electroluxprofessional.com\/es\/wp-json\/wp\/v2\/users\/243"}],"replies":[{"embeddable":true,"href":"https:\/\/www.electroluxprofessional.com\/es\/wp-json\/wp\/v2\/comments?post=15915"}],"version-history":[{"count":5,"href":"https:\/\/www.electroluxprofessional.com\/es\/wp-json\/wp\/v2\/pages\/15915\/revisions"}],"predecessor-version":[{"id":15940,"href":"https:\/\/www.electroluxprofessional.com\/es\/wp-json\/wp\/v2\/pages\/15915\/revisions\/15940"}],"wp:featuredmedia":[{"embeddable":true,"href":"https:\/\/www.electroluxprofessional.com\/es\/wp-json\/wp\/v2\/media\/15912"}],"wp:attachment":[{"href":"https:\/\/www.electroluxprofessional.com\/es\/wp-json\/wp\/v2\/media?parent=15915"}],"curies":[{"name":"wp","href":"https:\/\/api.w.org\/{rel}","templated":true}]}}