{"id":15911,"date":"2021-12-01T17:20:12","date_gmt":"2021-12-01T17:20:12","guid":{"rendered":"https:\/\/www.electroluxprofessional.com\/?page_id=37146"},"modified":"2021-12-02T09:43:31","modified_gmt":"2021-12-02T09:43:31","slug":"flexy-line-style-2","status":"publish","type":"page","link":"https:\/\/www.electroluxprofessional.com\/es\/flexy-line-style-2\/","title":{"rendered":"Flexy Line &#8211; Style"},"content":{"rendered":"<p>[vc_row full_width=&#8221;electroluxpro-full-width-no-padding&#8221;][vc_column][elx_image_block background_image=&#8221;15891&#8243; minimum_height=&#8221;400px&#8221;][\/vc_column][\/vc_row][vc_row][vc_column][vc_empty_space][elx_heading font_container=&#8221;h1&#8243; text_color=&#8221;electrolux-blue&#8221; text_align=&#8221;text-center&#8221;]Flexy Style &amp; Style<sup>JR<\/sup><br \/>\nCumple tus necesidades, satisface tus gustos[\/elx_heading][vc_empty_space height=&#8221;50px&#8221;][\/vc_column][\/vc_row][vc_row][vc_column][vc_single_image image=&#8221;15879&#8243; img_size=&#8221;full&#8221; alignment=&#8221;center&#8221;][vc_empty_space][elx_download_block text=&#8221;Download the Flexy Style Brochure&#8221; file_picker=&#8221;37200&#8243; background_color=&#8221;electrolux-blue&#8221;][vc_empty_space height=&#8221;50px&#8221;][\/vc_column][\/vc_row][vc_row][vc_column][vc_column_text]<\/p>\n<h2 style=\"text-align: center;\">Simplicidad elegante,<br \/>\nfuncionalidad \u00f3ptima.<\/h2>\n<p>[\/vc_column_text][vc_empty_space][\/vc_column][\/vc_row][vc_row][vc_column width=&#8221;1\/3&#8243;][vc_column_text]<strong>Acabado a ras<\/strong><\/p>\n<p>Las funciones Flexy Drop-in est\u00e1n perfectamente al nivel de la encimera. Adem\u00e1s de ser est\u00e9ticamente agradable, esto es perfecto para la higiene y la facilidad de limpieza.[\/vc_column_text][vc_empty_space][vc_single_image image=&#8221;15892&#8243; img_size=&#8221;large&#8221; alignment=&#8221;center&#8221;][vc_empty_space][\/vc_column][vc_column width=&#8221;1\/3&#8243;][vc_column_text]<strong>Iluminaci\u00f3n agradable<\/strong><\/p>\n<p>La importancia de las luces es fundamental, no solo por el dise\u00f1o y la est\u00e9tica, sino tambi\u00e9n para la visibilidad \u00f3ptima de los alimentos.[\/vc_column_text][vc_empty_space][vc_empty_space height=&#8221;58px&#8221;][vc_single_image image=&#8221;15893&#8243; img_size=&#8221;large&#8221; alignment=&#8221;center&#8221;][vc_empty_space][\/vc_column][vc_column width=&#8221;1\/3&#8243;][vc_column_text]<strong>Estantes superiores \u00f3ptimos<\/strong><\/p>\n<p>Lineales, m\u00ednimos, sin sujeciones ni elementos de encaje, solo cristal y acero inoxidable. Excelencia en el dise\u00f1o combinada con los est\u00e1ndares de higiene m\u00e1s elevados.[\/vc_column_text][vc_empty_space height=&#8221;61px&#8221;][vc_single_image image=&#8221;15894&#8243; img_size=&#8221;large&#8221; alignment=&#8221;center&#8221;][vc_empty_space][\/vc_column][\/vc_row][vc_row][vc_column][vc_empty_space][\/vc_column][\/vc_row][vc_row][vc_column width=&#8221;1\/3&#8243;][vc_column_text]<strong>La elegancia del cuarzo<\/strong><\/p>\n<p>Las superficies de cuarzo, adem\u00e1s de modernas, duraderas y f\u00e1ciles de limpiar, tambi\u00e9n son <strong>totalmente higi\u00e9nicas<\/strong>, puesto que no son porosas, es decir, es imposible el crecimiento en ellas de virus y bacterias.[\/vc_column_text][vc_empty_space][\/vc_column][vc_column width=&#8221;2\/3&#8243;][vc_single_image image=&#8221;15895&#8243; img_size=&#8221;full&#8221; alignment=&#8221;center&#8221;][\/vc_column][\/vc_row][vc_row][vc_column][vc_empty_space height=&#8221;50px&#8221;][vc_column_text]<\/p>\n<h2 style=\"text-align: center;\">Visibilidad m\u00e1xima<\/h2>\n<p>[\/vc_column_text][vc_empty_space][\/vc_column][\/vc_row][vc_row][vc_column width=&#8221;1\/3&#8243;][vc_column_text]<strong>Estantes inclinados <\/strong>y expositor nivelado para una visibilidad perfecta.[\/vc_column_text][vc_empty_space height=&#8221;60px&#8221;][vc_single_image image=&#8221;15896&#8243; img_size=&#8221;large&#8221; alignment=&#8221;center&#8221;][vc_empty_space][\/vc_column][vc_column width=&#8221;1\/3&#8243;][vc_column_text]<strong>Luces LED<\/strong>: para iluminar los alimentos y destacar sus colores, de modo que sean a\u00fan m\u00e1s apetitosos y tentadores.[\/vc_column_text][vc_empty_space][vc_single_image image=&#8221;15897&#8243; img_size=&#8221;large&#8221; alignment=&#8221;center&#8221;][vc_empty_space][\/vc_column][vc_column width=&#8221;1\/3&#8243;][vc_column_text]<strong>Estructura lineal sencilla <\/strong>y l\u00edneas m\u00ednimas para una excelente visibilidad de los alimentos y la facilidad de limpieza.[\/vc_column_text][vc_empty_space][vc_single_image image=&#8221;15898&#8243; img_size=&#8221;large&#8221; alignment=&#8221;center&#8221;][vc_empty_space][\/vc_column][\/vc_row][vc_row css=&#8221;.vc_custom_1636449864931{background-color: #f2f2f2 !important;}&#8221;][vc_column][vc_empty_space height=&#8221;50px&#8221;][vc_row_inner][vc_column_inner width=&#8221;1\/3&#8243;][vc_column_text]<\/p>\n<h2>Impresi\u00f3n<br \/>\nlum\u00ednica<\/h2>\n<p>[\/vc_column_text][\/vc_column_inner][vc_column_inner width=&#8221;2\/3&#8243;][vc_column_text]Posici\u00f3n \u00f3ptima de la iluminaci\u00f3n LED o hal\u00f3gena, ilumina debajo del deslizador de bandejas, alrededor de los paneles decorativos y los espacios para platos para resaltar la elegancia del dise\u00f1o m\u00ednimo, las l\u00edneas armoniosas y los<br \/>\ndistintos acabados.[\/vc_column_text][\/vc_column_inner][\/vc_row_inner][vc_empty_space][vc_row_inner][vc_column_inner width=&#8221;1\/3&#8243;][vc_single_image image=&#8221;15901&#8243; img_size=&#8221;full&#8221;][vc_empty_space][\/vc_column_inner][vc_column_inner width=&#8221;1\/3&#8243;][vc_single_image image=&#8221;15902&#8243; img_size=&#8221;full&#8221;][vc_empty_space][\/vc_column_inner][vc_column_inner width=&#8221;1\/3&#8243;][vc_single_image image=&#8221;15903&#8243; img_size=&#8221;full&#8221;][vc_empty_space][\/vc_column_inner][\/vc_row_inner][vc_empty_space height=&#8221;50px&#8221;][\/vc_column][\/vc_row][vc_row][vc_column][vc_empty_space height=&#8221;50px&#8221;][vc_column_text]<\/p>\n<h2>Espacios limpios,<br \/>\nclientes felices.<\/h2>\n<p>[\/vc_column_text][vc_empty_space][\/vc_column][\/vc_row][vc_row][vc_column width=&#8221;1\/3&#8243;][vc_single_image image=&#8221;15904&#8243; img_size=&#8221;full&#8221;][vc_empty_space][vc_column_text]Las funciones drop-in est\u00e1n perfectamente niveladas con el cuarzo, no existe riesgo de acumulaci\u00f3n de alimentos, la limpieza es m\u00e1s r\u00e1pida y f\u00e1cil y la higiene est\u00e1 garantizada.[\/vc_column_text][vc_empty_space][\/vc_column][vc_column width=&#8221;1\/3&#8243;][vc_single_image image=&#8221;15905&#8243; img_size=&#8221;full&#8221; alignment=&#8221;center&#8221;][vc_empty_space][vc_column_text]Las estructuras de los estantes superiores no contienen sujeciones ni elementos de encaje, lo que simplifica la limpieza.[\/vc_column_text][vc_empty_space][\/vc_column][vc_column width=&#8221;1\/3&#8243;][vc_single_image image=&#8221;15906&#8243; img_size=&#8221;full&#8221; alignment=&#8221;center&#8221;][vc_empty_space][vc_column_text]Las l\u00edneas del deslizador de bandejas son de acero, f\u00e1ciles de limpiar y desinfectar, para que no se acumulen restos.[\/vc_column_text][vc_empty_space][\/vc_column][\/vc_row][vc_row][vc_column][vc_empty_space height=&#8221;50px&#8221;][\/vc_column][\/vc_row][vc_row css=&#8221;.vc_custom_1636449864931{background-color: #f2f2f2 !important;}&#8221;][vc_column][vc_empty_space height=&#8221;50px&#8221;][vc_row_inner][vc_column_inner width=&#8221;1\/3&#8243;][vc_column_text]<\/p>\n<h2>Flexy<br \/>\nTU Style<\/h2>\n<p>[\/vc_column_text][vc_empty_space][vc_column_text]100% a medida. Sea cual sea tu estilo, estamos para hacer realidad lo que piensas. Ponte en contacto con tu dise\u00f1ador de confianza y danos tu proyecto para crear una soluci\u00f3n \u00fanica y a medida para ti y tu negocio.[\/vc_column_text][vc_empty_space][\/vc_column_inner][vc_column_inner width=&#8221;2\/3&#8243;][vc_single_image image=&#8221;15907&#8243; img_size=&#8221;full&#8221;][\/vc_column_inner][\/vc_row_inner][vc_empty_space height=&#8221;50px&#8221;][\/vc_column][\/vc_row][vc_row][vc_column][vc_empty_space height=&#8221;50px&#8221;][elx_heading text_color=&#8221;inherit&#8221; text_align=&#8221;text-center&#8221;]Funciones drop-in de Flexy Line[\/elx_heading][vc_empty_space][elx_heading text_color=&#8221;inherit&#8221; text_align=&#8221;text-center&#8221;]12 funciones en 6 tama\u00f1os.<br \/>\nPosibilidades ilimitadas para tu empresa[\/elx_heading][vc_column_text]<\/p>\n<p style=\"text-align: center;\">Caliente, fr\u00edo e h\u00edbrido: sean las que sean las necesidades de tus clientes, nosotros tenemos la soluci\u00f3n.<\/p>\n<p>[\/vc_column_text][vc_empty_space][vc_row_inner][vc_column_inner width=&#8221;1\/6&#8243;][vc_empty_space][\/vc_column_inner][vc_column_inner width=&#8221;1\/6&#8243;][vc_empty_space][\/vc_column_inner][vc_column_inner width=&#8221;1\/6&#8243;][vc_single_image image=&#8221;15908&#8243; img_size=&#8221;100&#215;100&#8243; alignment=&#8221;center&#8221;][vc_empty_space height=&#8221;20px&#8221;][vc_column_text]<\/p>\n<h5 style=\"text-align: center;\">Funciones en<br \/>\ncaliente<\/h5>\n<p>[\/vc_column_text][vc_empty_space][\/vc_column_inner][vc_column_inner width=&#8221;1\/6&#8243;][vc_single_image image=&#8221;15909&#8243; img_size=&#8221;100&#215;100&#8243; alignment=&#8221;center&#8221;][vc_empty_space height=&#8221;20px&#8221;][vc_column_text]<\/p>\n<h5 style=\"text-align: center;\">Funciones en<br \/>\nfr\u00edo<\/h5>\n<p>[\/vc_column_text][vc_empty_space][\/vc_column_inner][vc_column_inner width=&#8221;1\/6&#8243;][vc_empty_space][\/vc_column_inner][vc_column_inner width=&#8221;1\/6&#8243;][vc_empty_space][\/vc_column_inner][\/vc_row_inner][vc_empty_space][elx_button button_text=&#8221;Descubre las funciones Drop-in&#8221; button_display_block=&#8221;display_block_on&#8221; button_alignment=&#8221;align_center&#8221; button_link=&#8221;url:https%3A%2F%2Fwww.electroluxprofessional.com%2Fes%2Fflexy-drop-in%2F|||&#8221;][vc_empty_space height=&#8221;50px&#8221;][\/vc_column][\/vc_row][vc_row css=&#8221;.vc_custom_1636449864931{background-color: #f2f2f2 !important;}&#8221;][vc_column][vc_empty_space height=&#8221;50px&#8221;][vc_row_inner][vc_column_inner width=&#8221;1\/3&#8243;][vc_column_text]<\/p>\n<p class=\"h2\" style=\"text-align: left;\">\u00bfCareces de espacio suficiente para Flexy Style?<\/p>\n<p>[\/vc_column_text][vc_empty_space][\/vc_column_inner][vc_column_inner width=&#8221;1\/3&#8243;][vc_column_text]<strong>\u00a1No te preocupes, Flexy Compact es justo lo que necesitas!<\/strong><\/p>\n<p>Una soluci\u00f3n m\u00f3vil te permite organizar la sala de comidas como prefieras, de acuerdo con las necesidades del d\u00eda. Para un flujo f\u00e1cil y perfecto.[\/vc_column_text][vc_empty_space][\/vc_column_inner][vc_column_inner width=&#8221;1\/3&#8243;][vc_single_image image=&#8221;15910&#8243; img_size=&#8221;full&#8221; alignment=&#8221;center&#8221;][vc_empty_space][\/vc_column_inner][\/vc_row_inner][elx_button button_text=&#8221;Descubre Flexy Compact&#8221; button_display_block=&#8221;display_block_on&#8221; button_alignment=&#8221;align_center&#8221; button_link=&#8221;url:https%3A%2F%2Fwww.electroluxprofessional.com%2Fes%2Fflexy-line-compact%2F|||&#8221;][vc_empty_space height=&#8221;50px&#8221;][\/vc_column][\/vc_row][vc_row][vc_column][vc_empty_space height=&#8221;50px&#8221;][elx_heading font_size=&#8221;h3&#8243; text_color=&#8221;inherit&#8221; text_align=&#8221;text-center&#8221;]Ponte en contacto con nosotros para recibir m\u00e1s informaci\u00f3n sobre Flexy Style[\/elx_heading][elx_o2000_contact_us r=&#8221;I would like to find out more about servery equipment. Please get in touch with me.&#8221; s=&#8221;Request of information about servery equipment&#8221; container=&#8221;elxcontactus1479284563&#8243;][vc_empty_space height=&#8221;50px&#8221;][\/vc_column][\/vc_row]<\/p>\n","protected":false},"excerpt":{"rendered":"<p>[vc_row full_width=&#8221;electroluxpro-full-width-no-padding&#8221;][vc_column][elx_image_block background_image=&#8221;15891&#8243; minimum_height=&#8221;400px&#8221;][\/vc_column][\/vc_row][vc_row][vc_column][vc_empty_space][elx_heading font_container=&#8221;h1&#8243; text_color=&#8221;electrolux-blue&#8221; text_align=&#8221;text-center&#8221;]Flexy Style &amp; StyleJR Cumple tus necesidades, satisface tus gustos[\/elx_heading][vc_empty_space height=&#8221;50px&#8221;][\/vc_column][\/vc_row][vc_row][vc_column][vc_single_image image=&#8221;15879&#8243; img_size=&#8221;full&#8221; alignment=&#8221;center&#8221;][vc_empty_space][elx_download_block text=&#8221;Download the Flexy Style Brochure&#8221; file_picker=&#8221;37200&#8243; background_color=&#8221;electrolux-blue&#8221;][vc_empty_space height=&#8221;50px&#8221;][\/vc_column][\/vc_row][vc_row][vc_column][vc_column_text] Simplicidad elegante, funcionalidad \u00f3ptima. [\/vc_column_text][vc_empty_space][\/vc_column][\/vc_row][vc_row][vc_column width=&#8221;1\/3&#8243;][vc_column_text]Acabado a ras Las funciones Flexy Drop-in est\u00e1n perfectamente al nivel de la encimera. Adem\u00e1s de ser est\u00e9ticamente agradable, esto es perfecto [&hellip;]<\/p>\n","protected":false},"author":243,"featured_media":15891,"parent":0,"menu_order":0,"comment_status":"closed","ping_status":"closed","template":"","meta":{"footnotes":""},"class_list":["post-15911","page","type-page","status-publish","has-post-thumbnail","hentry"],"acf":[],"yoast_head":"<!-- This site is optimized with the Yoast SEO plugin v23.4 - https:\/\/yoast.com\/wordpress\/plugins\/seo\/ -->\n<title>Flexy Line - Style - Electrolux Professional Espa\u00f1a<\/title>\n<meta name=\"description\" content=\"Compact and multifunctional, designed for the perfect fit \u2013 a flexible line of impeccable servery options for your professional requirements.\" \/>\n<meta name=\"robots\" content=\"index, follow, max-snippet:-1, max-image-preview:large, max-video-preview:-1\" \/>\n<link rel=\"canonical\" href=\"https:\/\/www.electroluxprofessional.com\/es\/flexy-line-style-2\/\" \/>\n<meta property=\"og:locale\" content=\"es_ES\" \/>\n<meta property=\"og:type\" content=\"article\" \/>\n<meta property=\"og:title\" content=\"Flexy Line - Style - Electrolux Professional Espa\u00f1a\" \/>\n<meta property=\"og:description\" content=\"Compact and multifunctional, designed for the perfect fit \u2013 a flexible line of impeccable servery options for your professional requirements.\" \/>\n<meta property=\"og:url\" content=\"https:\/\/www.electroluxprofessional.com\/es\/flexy-line-style-2\/\" \/>\n<meta property=\"og:site_name\" content=\"Electrolux Professional Espa\u00f1a\" \/>\n<meta property=\"article:modified_time\" content=\"2021-12-02T09:43:31+00:00\" \/>\n<meta property=\"og:image\" content=\"https:\/\/www.electroluxprofessional.com\/es\/wp-content\/uploads\/2021\/12\/EPR-Flexy-Style-Luxury-Hotel.jpg\" \/>\n\t<meta property=\"og:image:width\" content=\"2000\" \/>\n\t<meta property=\"og:image:height\" content=\"702\" \/>\n\t<meta property=\"og:image:type\" content=\"image\/jpeg\" \/>\n<meta name=\"twitter:card\" content=\"summary_large_image\" \/>\n<meta name=\"twitter:label1\" content=\"Tiempo de lectura\" \/>\n\t<meta name=\"twitter:data1\" content=\"7 minutos\" \/>\n<script type=\"application\/ld+json\" class=\"yoast-schema-graph\">{\"@context\":\"https:\/\/schema.org\",\"@graph\":[{\"@type\":\"WebPage\",\"@id\":\"https:\/\/www.electroluxprofessional.com\/es\/flexy-line-style-2\/\",\"url\":\"https:\/\/www.electroluxprofessional.com\/es\/flexy-line-style-2\/\",\"name\":\"Flexy Line - Style - Electrolux Professional Espa\u00f1a\",\"isPartOf\":{\"@id\":\"https:\/\/www.electroluxprofessional.com\/es\/#website\"},\"primaryImageOfPage\":{\"@id\":\"https:\/\/www.electroluxprofessional.com\/es\/flexy-line-style-2\/#primaryimage\"},\"image\":{\"@id\":\"https:\/\/www.electroluxprofessional.com\/es\/flexy-line-style-2\/#primaryimage\"},\"thumbnailUrl\":\"https:\/\/www.electroluxprofessional.com\/es\/wp-content\/uploads\/2021\/12\/EPR-Flexy-Style-Luxury-Hotel.jpg\",\"datePublished\":\"2021-12-01T17:20:12+00:00\",\"dateModified\":\"2021-12-02T09:43:31+00:00\",\"description\":\"Compact and multifunctional, designed for the perfect fit \u2013 a flexible line of impeccable servery options for your professional requirements.\",\"breadcrumb\":{\"@id\":\"https:\/\/www.electroluxprofessional.com\/es\/flexy-line-style-2\/#breadcrumb\"},\"inLanguage\":\"es\",\"potentialAction\":[{\"@type\":\"ReadAction\",\"target\":[\"https:\/\/www.electroluxprofessional.com\/es\/flexy-line-style-2\/\"]}]},{\"@type\":\"ImageObject\",\"inLanguage\":\"es\",\"@id\":\"https:\/\/www.electroluxprofessional.com\/es\/flexy-line-style-2\/#primaryimage\",\"url\":\"https:\/\/www.electroluxprofessional.com\/es\/wp-content\/uploads\/2021\/12\/EPR-Flexy-Style-Luxury-Hotel.jpg\",\"contentUrl\":\"https:\/\/www.electroluxprofessional.com\/es\/wp-content\/uploads\/2021\/12\/EPR-Flexy-Style-Luxury-Hotel.jpg\",\"width\":2000,\"height\":702,\"caption\":\"EPR-Flexy Style-Luxury Hotel\"},{\"@type\":\"BreadcrumbList\",\"@id\":\"https:\/\/www.electroluxprofessional.com\/es\/flexy-line-style-2\/#breadcrumb\",\"itemListElement\":[{\"@type\":\"ListItem\",\"position\":1,\"name\":\"Home\",\"item\":\"https:\/\/www.electroluxprofessional.com\/es\/\"},{\"@type\":\"ListItem\",\"position\":2,\"name\":\"Flexy Line &#8211; Style\"}]},{\"@type\":\"WebSite\",\"@id\":\"https:\/\/www.electroluxprofessional.com\/es\/#website\",\"url\":\"https:\/\/www.electroluxprofessional.com\/es\/\",\"name\":\"Electrolux Professional Espa\u00f1a\",\"description\":\"Equipamiento cocinas profesionales y lavander\u00edas comerciales. Excelencia en el suministro de soluciones profesionales.\",\"potentialAction\":[{\"@type\":\"SearchAction\",\"target\":{\"@type\":\"EntryPoint\",\"urlTemplate\":\"https:\/\/www.electroluxprofessional.com\/es\/?src={search_term_string}\"},\"query-input\":{\"@type\":\"PropertyValueSpecification\",\"valueRequired\":true,\"valueName\":\"search_term_string\"}}],\"inLanguage\":\"es\"}]}<\/script>\n<!-- \/ Yoast SEO plugin. -->","yoast_head_json":{"title":"Flexy Line - Style - Electrolux Professional Espa\u00f1a","description":"Compact and multifunctional, designed for the perfect fit \u2013 a flexible line of impeccable servery options for your professional requirements.","robots":{"index":"index","follow":"follow","max-snippet":"max-snippet:-1","max-image-preview":"max-image-preview:large","max-video-preview":"max-video-preview:-1"},"canonical":"https:\/\/www.electroluxprofessional.com\/es\/flexy-line-style-2\/","og_locale":"es_ES","og_type":"article","og_title":"Flexy Line - Style - Electrolux Professional Espa\u00f1a","og_description":"Compact and multifunctional, designed for the perfect fit \u2013 a flexible line of impeccable servery options for your professional requirements.","og_url":"https:\/\/www.electroluxprofessional.com\/es\/flexy-line-style-2\/","og_site_name":"Electrolux Professional Espa\u00f1a","article_modified_time":"2021-12-02T09:43:31+00:00","og_image":[{"width":2000,"height":702,"url":"https:\/\/www.electroluxprofessional.com\/es\/wp-content\/uploads\/2021\/12\/EPR-Flexy-Style-Luxury-Hotel.jpg","type":"image\/jpeg"}],"twitter_card":"summary_large_image","twitter_misc":{"Tiempo de lectura":"7 minutos"},"schema":{"@context":"https:\/\/schema.org","@graph":[{"@type":"WebPage","@id":"https:\/\/www.electroluxprofessional.com\/es\/flexy-line-style-2\/","url":"https:\/\/www.electroluxprofessional.com\/es\/flexy-line-style-2\/","name":"Flexy Line - Style - Electrolux Professional Espa\u00f1a","isPartOf":{"@id":"https:\/\/www.electroluxprofessional.com\/es\/#website"},"primaryImageOfPage":{"@id":"https:\/\/www.electroluxprofessional.com\/es\/flexy-line-style-2\/#primaryimage"},"image":{"@id":"https:\/\/www.electroluxprofessional.com\/es\/flexy-line-style-2\/#primaryimage"},"thumbnailUrl":"https:\/\/www.electroluxprofessional.com\/es\/wp-content\/uploads\/2021\/12\/EPR-Flexy-Style-Luxury-Hotel.jpg","datePublished":"2021-12-01T17:20:12+00:00","dateModified":"2021-12-02T09:43:31+00:00","description":"Compact and multifunctional, designed for the perfect fit \u2013 a flexible line of impeccable servery options for your professional requirements.","breadcrumb":{"@id":"https:\/\/www.electroluxprofessional.com\/es\/flexy-line-style-2\/#breadcrumb"},"inLanguage":"es","potentialAction":[{"@type":"ReadAction","target":["https:\/\/www.electroluxprofessional.com\/es\/flexy-line-style-2\/"]}]},{"@type":"ImageObject","inLanguage":"es","@id":"https:\/\/www.electroluxprofessional.com\/es\/flexy-line-style-2\/#primaryimage","url":"https:\/\/www.electroluxprofessional.com\/es\/wp-content\/uploads\/2021\/12\/EPR-Flexy-Style-Luxury-Hotel.jpg","contentUrl":"https:\/\/www.electroluxprofessional.com\/es\/wp-content\/uploads\/2021\/12\/EPR-Flexy-Style-Luxury-Hotel.jpg","width":2000,"height":702,"caption":"EPR-Flexy Style-Luxury Hotel"},{"@type":"BreadcrumbList","@id":"https:\/\/www.electroluxprofessional.com\/es\/flexy-line-style-2\/#breadcrumb","itemListElement":[{"@type":"ListItem","position":1,"name":"Home","item":"https:\/\/www.electroluxprofessional.com\/es\/"},{"@type":"ListItem","position":2,"name":"Flexy Line &#8211; Style"}]},{"@type":"WebSite","@id":"https:\/\/www.electroluxprofessional.com\/es\/#website","url":"https:\/\/www.electroluxprofessional.com\/es\/","name":"Electrolux Professional Espa\u00f1a","description":"Equipamiento cocinas profesionales y lavander\u00edas comerciales. Excelencia en el suministro de soluciones profesionales.","potentialAction":[{"@type":"SearchAction","target":{"@type":"EntryPoint","urlTemplate":"https:\/\/www.electroluxprofessional.com\/es\/?src={search_term_string}"},"query-input":{"@type":"PropertyValueSpecification","valueRequired":true,"valueName":"search_term_string"}}],"inLanguage":"es"}]}},"_links":{"self":[{"href":"https:\/\/www.electroluxprofessional.com\/es\/wp-json\/wp\/v2\/pages\/15911"}],"collection":[{"href":"https:\/\/www.electroluxprofessional.com\/es\/wp-json\/wp\/v2\/pages"}],"about":[{"href":"https:\/\/www.electroluxprofessional.com\/es\/wp-json\/wp\/v2\/types\/page"}],"author":[{"embeddable":true,"href":"https:\/\/www.electroluxprofessional.com\/es\/wp-json\/wp\/v2\/users\/243"}],"replies":[{"embeddable":true,"href":"https:\/\/www.electroluxprofessional.com\/es\/wp-json\/wp\/v2\/comments?post=15911"}],"version-history":[{"count":4,"href":"https:\/\/www.electroluxprofessional.com\/es\/wp-json\/wp\/v2\/pages\/15911\/revisions"}],"predecessor-version":[{"id":15941,"href":"https:\/\/www.electroluxprofessional.com\/es\/wp-json\/wp\/v2\/pages\/15911\/revisions\/15941"}],"wp:featuredmedia":[{"embeddable":true,"href":"https:\/\/www.electroluxprofessional.com\/es\/wp-json\/wp\/v2\/media\/15891"}],"wp:attachment":[{"href":"https:\/\/www.electroluxprofessional.com\/es\/wp-json\/wp\/v2\/media?parent=15911"}],"curies":[{"name":"wp","href":"https:\/\/api.w.org\/{rel}","templated":true}]}}