{"id":15877,"date":"2021-11-29T17:07:16","date_gmt":"2021-11-29T17:07:16","guid":{"rendered":"https:\/\/www.electroluxprofessional.com\/?page_id=8264"},"modified":"2026-03-28T18:51:11","modified_gmt":"2026-03-28T18:51:11","slug":"accesorios-y-consumibles-cook-and-chill","status":"publish","type":"page","link":"https:\/\/www.electroluxprofessional.com\/es\/accesorios-y-consumibles-cook-and-chill\/","title":{"rendered":"Accesorios y consumibles &#8211; Cook and chill"},"content":{"rendered":"<p>[vc_row full_width=&#8221;electroluxpro-full-width-no-padding&#8221;][vc_column css=&#8221;.vc_custom_1618358802266{margin-top: -40px !important;border-top-width: -40px !important;padding-top: -40px !important;}&#8221;][elx_full_banner title=&#8221;Accessorios y Consumibles Cook&amp;Chill&#8221; set_as_h1=&#8221;true&#8221; background_image_media_library=&#8221;15875&#8243; background_image_media_library_mobile=&#8221;15876&#8243; link=&#8221;url:%23contact|title:Descubre%20m%C3%A1s&#8221;][vc_row_inner full_width=&#8221;electroluxpro-full-width&#8221; gap=&#8221;15&#8243;][vc_column_inner width=&#8221;1\/3&#8243;][elx_download_block text=&#8221;Cocina modular&#8221; document_type=&#8221;cat&#8221; file_picker=&#8221;17507&#8243; background_color=&#8221;electrolux-blue&#8221;][\/vc_column_inner][vc_column_inner width=&#8221;1\/3&#8243;][elx_download_block text=&#8221;Cat\u00e1logo de accesorios y consumibles&#8221; document_type=&#8221;range-overviews&#8221; file_picker=&#8221;17508&#8243; background_color=&#8221;electrolux-blue&#8221; ro_document_number=&#8221;RAN-9JE00032&#8243;][\/vc_column_inner][vc_column_inner width=&#8221;1\/3&#8243;][elx_download_block text=&#8221;Gu\u00eda de selecci\u00f3n de detergentes de limpieza profesionales&#8221; file_picker=&#8221;17509&#8243; background_color=&#8221;electrolux-blue&#8221;][\/vc_column_inner][\/vc_row_inner][\/vc_column][\/vc_row][vc_row][vc_column][elx_menu][\/vc_column][\/vc_row][vc_row][vc_column][vc_empty_space][vc_column_text]<\/p>\n<h3>Nuestros accesorios y consumibles originales optimizan los resultados de tu air-o-system.<\/h3>\n<p>[\/vc_column_text][vc_empty_space][\/vc_column][\/vc_row][vc_row][vc_column width=&#8221;1\/3&#8243;][vc_single_image image=&#8221;806&#8243; img_size=&#8221;full&#8221; css_animation=&#8221;none&#8221;][vc_empty_space height=&#8221;40px&#8221;][elx_heading font_size=&#8221;h5&#8243; text_color=&#8221;inherit&#8221;]Ahumador Volcano[\/elx_heading][vc_column_text]El ahumador Volcano es el accesorio perfecto para preparar tus recetas ahumadas directamente en el horno combi, aplicando m\u00e9todos tradicionales con virutas de madera o especias deshidratadas.[\/vc_column_text][vc_empty_space][elx_shop_now button_text=&#8221;COMPRAR&#8221; button_display_block=&#8221;display_block_on&#8221; button_alignment=&#8221;align_center&#8221; button_link=&#8221;url:%20https%3A%2F%2Fbuy.electroluxprofessional.com%2Felectrolux-professional%2Felx0s1753|||&#8221;][vc_empty_space][\/vc_column][vc_column width=&#8221;1\/3&#8243;][vc_single_image image=&#8221;17189&#8243; img_size=&#8221;full&#8221; css_animation=&#8221;none&#8221;][elx_heading font_size=&#8221;h5&#8243; text_color=&#8221;inherit&#8221;]Envasadora al vac\u00edo[\/elx_heading][vc_column_text]Los accesorios de envasado al vac\u00edo son indispensables para cocinar al vac\u00edo y muy pr\u00e1cticos para conservar los alimentos a salvo de los efectos nocivos de la humedad y el aire.[\/vc_column_text][vc_empty_space][elx_shop_now button_text=&#8221;COMPRAR&#8221; button_display_block=&#8221;display_block_on&#8221; button_alignment=&#8221;align_center&#8221; button_link=&#8221;url:https%3A%2F%2Fbuy.electroluxprofessional.com%2Felectrolux-professional%2Ffood-preparation-equipment-parts%2Fvacuum-machine-parts%2Fparts&#8221;][vc_empty_space][\/vc_column][vc_column width=&#8221;1\/3&#8243;][vc_single_image image=&#8221;15870&#8243; img_size=&#8221;full&#8221; css_animation=&#8221;none&#8221;][elx_heading font_size=&#8221;h5&#8243; text_color=&#8221;inherit&#8221;]Sonda de cocci\u00f3n al vac\u00edo[\/elx_heading][vc_column_text]Con la sonda de cocci\u00f3n al vac\u00edo te aseguras de que se alcanza la temperatura correcta durante la cocci\u00f3n al vac\u00edo. La aguja especial con corte en diagonal no rompe el sellado del vac\u00edo.[\/vc_column_text][vc_empty_space][elx_shop_now button_text=&#8221;COMPRAR&#8221; button_display_block=&#8221;display_block_on&#8221; button_alignment=&#8221;align_center&#8221; button_link=&#8221;url:https%3A%2F%2Fbuy.electroluxprofessional.com%2Felectrolux-professional%2Fprobes-sensors%2Fparts&#8221;][vc_empty_space][\/vc_column][\/vc_row][vc_row equal_height=&#8221;yes&#8221;][vc_column][vc_empty_space height=&#8221;60px&#8221;][\/vc_column][\/vc_row][vc_row][vc_column width=&#8221;1\/3&#8243;][vc_single_image image=&#8221;2502&#8243; img_size=&#8221;full&#8221; css_animation=&#8221;none&#8221;][elx_heading font_size=&#8221;h5&#8243; text_color=&#8221;inherit&#8221;]Parrillas y bandejas[\/elx_heading][vc_column_text]Una variada gama de soluciones de cocci\u00f3n para ampliar tu men\u00fa f\u00e1cilmente con air-o-steam Touchline: bandejas universales, planchas para fre\u00edr y mucho m\u00e1s.[\/vc_column_text][vc_empty_space][elx_shop_now button_text=&#8221;COMPRAR&#8221; button_display_block=&#8221;display_block_on&#8221; button_alignment=&#8221;align_center&#8221; button_link=&#8221;url:https%3A%2F%2Fbuy.electroluxprofessional.com%2Felectrolux-professional%2Fpans-trays-wells%2Fparts|||&#8221;][vc_empty_space][\/vc_column][vc_column width=&#8221;1\/3&#8243;][vc_single_image image=&#8221;15871&#8243; img_size=&#8221;full&#8221; css_animation=&#8221;none&#8221;][elx_heading font_size=&#8221;h5&#8243; text_color=&#8221;inherit&#8221;]Sistema para aves[\/elx_heading][vc_column_text]Combina el ciclo de cocci\u00f3n espec\u00edfico para asar aves crujientes y jugosas con los accesorios especiales que mejoran el manejo y la ergonom\u00eda.[\/vc_column_text][vc_empty_space][elx_shop_now button_text=&#8221;COMPRAR&#8221; button_display_block=&#8221;display_block_on&#8221; button_alignment=&#8221;align_center&#8221; button_link=&#8221;url:https%3A%2F%2Fbuy.electroluxprofessional.com%2Fparts%3Fq%3Dchicken&#8221;][vc_empty_space][\/vc_column][vc_column width=&#8221;1\/3&#8243;][vc_single_image image=&#8221;16502&#8243; img_size=&#8221;full&#8221; css_animation=&#8221;none&#8221;][elx_heading font_size=&#8221;h5&#8243; text_color=&#8221;inherit&#8221;]Lavado y aclarado[\/elx_heading][vc_column_text]Nuestros detergentes cumplen las normas de higiene y seguridad y son sumamente eficientes para el rendimiento de los equipos y los productos.[\/vc_column_text][vc_empty_space][elx_shop_now button_text=&#8221;COMPRAR&#8221; button_display_block=&#8221;display_block_on&#8221; button_alignment=&#8221;align_center&#8221; button_link=&#8221;url:https%3A%2F%2Fbuy.electroluxprofessional.com%2Felectrolux-professional%2Fcleaners-detergents%2Fparts|||&#8221;][vc_empty_space][\/vc_column][\/vc_row][vc_row full_width=&#8221;electroluxpro-full-width-no-padding&#8221;][vc_column][elx_full_banner title=&#8221;Descubre m\u00e1s&#8221; background_image_media_library=&#8221;16944&#8243; background_image_media_library_mobile=&#8221;16944&#8243; link=&#8221;url:https%3A%2F%2Fwww.electroluxprofessional.com%2Fes%2Fdetergentes-horno-skyline%2F|title:SkyLine%20detergentes%20para%20horno&#8221;][\/vc_column][\/vc_row][vc_row][vc_column width=&#8221;1\/2&#8243;][vc_empty_space][elx_simple_link_block link=&#8221;url:https%3A%2F%2Fwww.electroluxprofessional.com%2Fes%2Fequipamiento-cocinas-profesionales%2Fcook-and-chill-cocinar-y-abatir%2F|title:cook%20and%20chill&#8221; text_align=&#8221;text-left&#8221; text_color=&#8221;inherit&#8221; background_color=&#8221;inherit&#8221; background_hover_color=&#8221;darker-hover&#8221; extra_class=&#8221;&#8221; reveal_effect=&#8221;&#8221; reveal_duration=&#8221;&#8221; reveal_delay=&#8221;&#8221;][elx_heading text_color=&#8221;inherit&#8221; text_align=&#8221;text-left&#8221;]Soluci\u00f3n integrada Cook and Chill[\/elx_heading][vc_column_text]Mayor duraci\u00f3n y m\u00e1ximo rendimiento de los hornos SkyLine solo con los productos qu\u00edmicos sin fosfatos de Electrolux Professional. Disfruta de una flexibilidad de limpieza \u00fanica con 2 formatos qu\u00edmicos distintos:<\/p>\n<ul>\n<li><strong>s\u00f3lido\u00a0<\/strong>para una limpieza intensiva<\/li>\n<li><strong>l\u00edquido<\/strong> como soluci\u00f3n m\u00e1s flexible<\/li>\n<\/ul>\n<p>Planifica de antemano el proceso de limpieza de tu horno Combi SkyLine seg\u00fan tus necesidades y contr\u00f3lalo a distancia. La limpieza programable te permite elegir el momento \u00f3ptimo para iniciar la limpieza. La limpieza forzada se controla mediante contrase\u00f1a y asegura que el mantenimiento planificado se lleve siempre a cabo.<\/p>\n<p><em>*Hasta un 15% menos en costes de uso: ahorro de energ\u00eda, agua, detergente y abrillantador con la funci\u00f3n SkyClean calculado en comparaci\u00f3n con el ciclo de limpieza equivalente en la gama anterior de hornos de Electrolux Professional.<\/em>[\/vc_column_text][\/elx_simple_link_block][\/vc_column][vc_column width=&#8221;1\/2&#8243;][vc_empty_space][vc_single_image image=&#8221;15873&#8243; img_size=&#8221;full&#8221;][\/vc_column][\/vc_row][vc_row el_id=&#8221;contact&#8221;][vc_column][vc_empty_space][elx_heading font_container=&#8221;h3&#8243; text_color=&#8221;inherit&#8221;]Descubre c\u00f3mo personalizar tu sistema Cook and Chill[\/elx_heading][elx_o2000_contact_us s=&#8221;Solicitud de informaci\u00f3n sobre accesorios y consumibles para cook and chill&#8221; container=&#8221;elxcontactus1484302025&#8243; r=&#8221;Me gustar\u00eda saber m\u00e1s sobre accesorios y consumibles para Cook and Chill. Por favor, p\u00f3nganse en contacto conmigo.&#8221;][\/vc_column][\/vc_row]<\/p>\n","protected":false},"excerpt":{"rendered":"<p>[vc_row full_width=&#8221;electroluxpro-full-width-no-padding&#8221;][vc_column css=&#8221;.vc_custom_1618358802266{margin-top: -40px !important;border-top-width: -40px !important;padding-top: -40px !important;}&#8221;][elx_full_banner title=&#8221;Accessorios y Consumibles Cook&amp;Chill&#8221; set_as_h1=&#8221;true&#8221; background_image_media_library=&#8221;15875&#8243; background_image_media_library_mobile=&#8221;15876&#8243; link=&#8221;url:%23contact|title:Descubre%20m%C3%A1s&#8221;][vc_row_inner full_width=&#8221;electroluxpro-full-width&#8221; gap=&#8221;15&#8243;][vc_column_inner width=&#8221;1\/3&#8243;][elx_download_block text=&#8221;Cocina modular&#8221; document_type=&#8221;cat&#8221; file_picker=&#8221;17507&#8243; background_color=&#8221;electrolux-blue&#8221;][\/vc_column_inner][vc_column_inner width=&#8221;1\/3&#8243;][elx_download_block text=&#8221;Cat\u00e1logo de accesorios y consumibles&#8221; document_type=&#8221;range-overviews&#8221; file_picker=&#8221;17508&#8243; background_color=&#8221;electrolux-blue&#8221; ro_document_number=&#8221;RAN-9JE00032&#8243;][\/vc_column_inner][vc_column_inner width=&#8221;1\/3&#8243;][elx_download_block text=&#8221;Gu\u00eda de selecci\u00f3n de detergentes de limpieza profesionales&#8221; file_picker=&#8221;17509&#8243; background_color=&#8221;electrolux-blue&#8221;][\/vc_column_inner][\/vc_row_inner][\/vc_column][\/vc_row][vc_row][vc_column][elx_menu][\/vc_column][\/vc_row][vc_row][vc_column][vc_empty_space][vc_column_text] Nuestros accesorios y consumibles originales optimizan los resultados de [&hellip;]<\/p>\n","protected":false},"author":243,"featured_media":0,"parent":0,"menu_order":0,"comment_status":"closed","ping_status":"closed","template":"","meta":{"footnotes":""},"class_list":["post-15877","page","type-page","status-publish","hentry"],"acf":[],"yoast_head":"<!-- This site is optimized with the Yoast SEO plugin v23.4 - https:\/\/yoast.com\/wordpress\/plugins\/seo\/ -->\n<title>Accesorios y consumibles Cook and Chill | Electrolux Professional<\/title>\n<meta name=\"description\" content=\"Consiga los mejores resultados con nuestros accesorios y consumibles: rejillas, bandejas, envasadoras al vac\u00edo, ahumadores de volc\u00e1n y mucho m\u00e1s.\" \/>\n<meta name=\"robots\" content=\"index, follow, max-snippet:-1, max-image-preview:large, max-video-preview:-1\" \/>\n<link rel=\"canonical\" href=\"https:\/\/www.electroluxprofessional.com\/es\/accesorios-y-consumibles-cook-and-chill\/\" \/>\n<meta property=\"og:locale\" content=\"es_ES\" \/>\n<meta property=\"og:type\" content=\"article\" \/>\n<meta property=\"og:title\" content=\"Accesorios y consumibles Cook and Chill | Electrolux Professional\" \/>\n<meta property=\"og:description\" content=\"Consiga los mejores resultados con nuestros accesorios y consumibles: rejillas, bandejas, envasadoras al vac\u00edo, ahumadores de volc\u00e1n y mucho m\u00e1s.\" \/>\n<meta property=\"og:url\" content=\"https:\/\/www.electroluxprofessional.com\/es\/accesorios-y-consumibles-cook-and-chill\/\" \/>\n<meta property=\"og:site_name\" content=\"Electrolux Professional Espa\u00f1a\" \/>\n<meta property=\"article:modified_time\" content=\"2026-03-28T18:51:11+00:00\" \/>\n<meta name=\"twitter:card\" content=\"summary_large_image\" \/>\n<meta name=\"twitter:label1\" content=\"Tiempo de lectura\" \/>\n\t<meta name=\"twitter:data1\" content=\"5 minutos\" \/>\n<script type=\"application\/ld+json\" class=\"yoast-schema-graph\">{\"@context\":\"https:\/\/schema.org\",\"@graph\":[{\"@type\":\"WebPage\",\"@id\":\"https:\/\/www.electroluxprofessional.com\/es\/accesorios-y-consumibles-cook-and-chill\/\",\"url\":\"https:\/\/www.electroluxprofessional.com\/es\/accesorios-y-consumibles-cook-and-chill\/\",\"name\":\"Accesorios y consumibles Cook and Chill | Electrolux Professional\",\"isPartOf\":{\"@id\":\"https:\/\/www.electroluxprofessional.com\/es\/#website\"},\"datePublished\":\"2021-11-29T17:07:16+00:00\",\"dateModified\":\"2026-03-28T18:51:11+00:00\",\"description\":\"Consiga los mejores resultados con nuestros accesorios y consumibles: rejillas, bandejas, envasadoras al vac\u00edo, ahumadores de volc\u00e1n y mucho m\u00e1s.\",\"breadcrumb\":{\"@id\":\"https:\/\/www.electroluxprofessional.com\/es\/accesorios-y-consumibles-cook-and-chill\/#breadcrumb\"},\"inLanguage\":\"es\",\"potentialAction\":[{\"@type\":\"ReadAction\",\"target\":[\"https:\/\/www.electroluxprofessional.com\/es\/accesorios-y-consumibles-cook-and-chill\/\"]}]},{\"@type\":\"BreadcrumbList\",\"@id\":\"https:\/\/www.electroluxprofessional.com\/es\/accesorios-y-consumibles-cook-and-chill\/#breadcrumb\",\"itemListElement\":[{\"@type\":\"ListItem\",\"position\":1,\"name\":\"Home\",\"item\":\"https:\/\/www.electroluxprofessional.com\/es\/\"},{\"@type\":\"ListItem\",\"position\":2,\"name\":\"Accesorios y consumibles &#8211; Cook and chill\"}]},{\"@type\":\"WebSite\",\"@id\":\"https:\/\/www.electroluxprofessional.com\/es\/#website\",\"url\":\"https:\/\/www.electroluxprofessional.com\/es\/\",\"name\":\"Electrolux Professional Espa\u00f1a\",\"description\":\"Equipamiento cocinas profesionales y lavander\u00edas comerciales. Excelencia en el suministro de soluciones profesionales.\",\"potentialAction\":[{\"@type\":\"SearchAction\",\"target\":{\"@type\":\"EntryPoint\",\"urlTemplate\":\"https:\/\/www.electroluxprofessional.com\/es\/?src={search_term_string}\"},\"query-input\":{\"@type\":\"PropertyValueSpecification\",\"valueRequired\":true,\"valueName\":\"search_term_string\"}}],\"inLanguage\":\"es\"}]}<\/script>\n<!-- \/ Yoast SEO plugin. -->","yoast_head_json":{"title":"Accesorios y consumibles Cook and Chill | Electrolux Professional","description":"Consiga los mejores resultados con nuestros accesorios y consumibles: rejillas, bandejas, envasadoras al vac\u00edo, ahumadores de volc\u00e1n y mucho m\u00e1s.","robots":{"index":"index","follow":"follow","max-snippet":"max-snippet:-1","max-image-preview":"max-image-preview:large","max-video-preview":"max-video-preview:-1"},"canonical":"https:\/\/www.electroluxprofessional.com\/es\/accesorios-y-consumibles-cook-and-chill\/","og_locale":"es_ES","og_type":"article","og_title":"Accesorios y consumibles Cook and Chill | Electrolux Professional","og_description":"Consiga los mejores resultados con nuestros accesorios y consumibles: rejillas, bandejas, envasadoras al vac\u00edo, ahumadores de volc\u00e1n y mucho m\u00e1s.","og_url":"https:\/\/www.electroluxprofessional.com\/es\/accesorios-y-consumibles-cook-and-chill\/","og_site_name":"Electrolux Professional Espa\u00f1a","article_modified_time":"2026-03-28T18:51:11+00:00","twitter_card":"summary_large_image","twitter_misc":{"Tiempo de lectura":"5 minutos"},"schema":{"@context":"https:\/\/schema.org","@graph":[{"@type":"WebPage","@id":"https:\/\/www.electroluxprofessional.com\/es\/accesorios-y-consumibles-cook-and-chill\/","url":"https:\/\/www.electroluxprofessional.com\/es\/accesorios-y-consumibles-cook-and-chill\/","name":"Accesorios y consumibles Cook and Chill | Electrolux Professional","isPartOf":{"@id":"https:\/\/www.electroluxprofessional.com\/es\/#website"},"datePublished":"2021-11-29T17:07:16+00:00","dateModified":"2026-03-28T18:51:11+00:00","description":"Consiga los mejores resultados con nuestros accesorios y consumibles: rejillas, bandejas, envasadoras al vac\u00edo, ahumadores de volc\u00e1n y mucho m\u00e1s.","breadcrumb":{"@id":"https:\/\/www.electroluxprofessional.com\/es\/accesorios-y-consumibles-cook-and-chill\/#breadcrumb"},"inLanguage":"es","potentialAction":[{"@type":"ReadAction","target":["https:\/\/www.electroluxprofessional.com\/es\/accesorios-y-consumibles-cook-and-chill\/"]}]},{"@type":"BreadcrumbList","@id":"https:\/\/www.electroluxprofessional.com\/es\/accesorios-y-consumibles-cook-and-chill\/#breadcrumb","itemListElement":[{"@type":"ListItem","position":1,"name":"Home","item":"https:\/\/www.electroluxprofessional.com\/es\/"},{"@type":"ListItem","position":2,"name":"Accesorios y consumibles &#8211; Cook and chill"}]},{"@type":"WebSite","@id":"https:\/\/www.electroluxprofessional.com\/es\/#website","url":"https:\/\/www.electroluxprofessional.com\/es\/","name":"Electrolux Professional Espa\u00f1a","description":"Equipamiento cocinas profesionales y lavander\u00edas comerciales. Excelencia en el suministro de soluciones profesionales.","potentialAction":[{"@type":"SearchAction","target":{"@type":"EntryPoint","urlTemplate":"https:\/\/www.electroluxprofessional.com\/es\/?src={search_term_string}"},"query-input":{"@type":"PropertyValueSpecification","valueRequired":true,"valueName":"search_term_string"}}],"inLanguage":"es"}]}},"_links":{"self":[{"href":"https:\/\/www.electroluxprofessional.com\/es\/wp-json\/wp\/v2\/pages\/15877"}],"collection":[{"href":"https:\/\/www.electroluxprofessional.com\/es\/wp-json\/wp\/v2\/pages"}],"about":[{"href":"https:\/\/www.electroluxprofessional.com\/es\/wp-json\/wp\/v2\/types\/page"}],"author":[{"embeddable":true,"href":"https:\/\/www.electroluxprofessional.com\/es\/wp-json\/wp\/v2\/users\/243"}],"replies":[{"embeddable":true,"href":"https:\/\/www.electroluxprofessional.com\/es\/wp-json\/wp\/v2\/comments?post=15877"}],"version-history":[{"count":26,"href":"https:\/\/www.electroluxprofessional.com\/es\/wp-json\/wp\/v2\/pages\/15877\/revisions"}],"predecessor-version":[{"id":26022,"href":"https:\/\/www.electroluxprofessional.com\/es\/wp-json\/wp\/v2\/pages\/15877\/revisions\/26022"}],"wp:attachment":[{"href":"https:\/\/www.electroluxprofessional.com\/es\/wp-json\/wp\/v2\/media?parent=15877"}],"curies":[{"name":"wp","href":"https:\/\/api.w.org\/{rel}","templated":true}]}}