{"id":15734,"date":"2021-11-17T18:31:11","date_gmt":"2021-11-17T18:31:11","guid":{"rendered":"https:\/\/www.electroluxprofessional.com\/?page_id=36925"},"modified":"2024-07-01T15:40:44","modified_gmt":"2024-07-01T15:40:44","slug":"eggplant-brownie-2","status":"publish","type":"page","link":"https:\/\/www.electroluxprofessional.com\/es\/eggplant-brownie-2\/","title":{"rendered":"Brownie de berenjena"},"content":{"rendered":"<p>[vc_row full_width=&#8221;electroluxpro-full-width-no-padding&#8221;][vc_column][elx_hero_title label=&#8221;&#8221; label_background_color=&#8221;inherit&#8221; background_image=&#8221;15653&#8243;][\/elx_hero_title][\/vc_column][\/vc_row][vc_row][vc_column][vc_empty_space][\/vc_column][\/vc_row][vc_row][vc_column][vc_column_text]<\/p>\n<h3 style=\"text-align: center;\"><span style=\"color: #cea941;\">D\u00e9jate inspirar y descubre<\/span><br \/>\n<span style=\"color: #cea941;\">Recetas Cero desperdicios y PLENO SABOR<\/span><\/h3>\n<p>[\/vc_column_text][vc_empty_space][vc_column_text]<\/p>\n<h1 style=\"text-align: center;\">Brownie de berenjena<\/h1>\n<p>[\/vc_column_text][vc_empty_space height=&#8221;50px&#8221;][elx_image_block background_image=&#8221;15724&#8243; minimum_height=&#8221;350px&#8221;][vc_empty_space][\/vc_column][\/vc_row][vc_row][vc_column width=&#8221;1\/2&#8243;][vc_row_inner][vc_column_inner width=&#8221;1\/2&#8243; css=&#8221;.vc_custom_1634804956247{margin-right: 0px !important;padding-right: 0px !important;}&#8221;][elx_image_block background_image=&#8221;15725&#8243; minimum_height=&#8221;250px&#8221;][\/vc_column_inner][vc_column_inner width=&#8221;1\/2&#8243; css=&#8221;.vc_custom_1634804965715{margin-left: 0px !important;padding-left: 0px !important;}&#8221;][elx_image_block background_image=&#8221;15726&#8243; minimum_height=&#8221;250px&#8221;][\/vc_column_inner][\/vc_row_inner][vc_empty_space height=&#8221;20px&#8221;][vc_column_text]<strong>Corta<\/strong> las berenjenas por la mitad <strong>-&gt;<\/strong> y luego hazles unas incisiones.[\/vc_column_text][\/vc_column][vc_column width=&#8221;1\/2&#8243;][elx_image_block background_image=&#8221;15727&#8243; minimum_height=&#8221;250px&#8221;][vc_empty_space height=&#8221;20px&#8221;][vc_column_text]<strong>Coc\u00ednalas<\/strong> en el horno SkyLine Premium<sup>S<\/sup>.<br \/>\n<strong>Enfr\u00edalas<\/strong> zanahorias en el abatidor SkyLine ChillS.[\/vc_column_text][\/vc_column][\/vc_row][vc_row][vc_column][vc_empty_space][\/vc_column][\/vc_row][vc_row][vc_column width=&#8221;1\/2&#8243;][elx_image_block background_image=&#8221;15728&#8243; vert_back_position=&#8221;top&#8221; minimum_height=&#8221;250px&#8221;][vc_empty_space height=&#8221;20px&#8221;][vc_column_text]<strong>Separa<\/strong> la piel de las berenjenas de la pulpa y luego <strong>escurre<\/strong> la pulpa.[\/vc_column_text][\/vc_column][vc_column width=&#8221;1\/2&#8243;][elx_image_block background_image=&#8221;15729&#8243; vert_back_position=&#8221;top&#8221; minimum_height=&#8221;250px&#8221;][vc_empty_space height=&#8221;20px&#8221;][vc_column_text]<strong>Bate<\/strong> el chocolate en el procesador de alimentos K55:<br \/>\nEmpieza a la <em><strong>velocidad 10<\/strong><\/em> con la <em><strong>funci\u00f3n \u201cPulse\u201d<\/strong><\/em> durante 20 segundos. Cambia a la <em><strong>velocidad 10 continua<\/strong><\/em> hasta que empiece a fundirse el chocolate.[\/vc_column_text][\/vc_column][\/vc_row][vc_row][vc_column][vc_empty_space][\/vc_column][\/vc_row][vc_row][vc_column width=&#8221;1\/2&#8243;][elx_image_block background_image=&#8221;15730&#8243; vert_back_position=&#8221;top&#8221; minimum_height=&#8221;250px&#8221;][vc_empty_space height=&#8221;20px&#8221;][vc_column_text]Incorpora la pulpa de berenjena al chocolate y <strong>sigue mezclando<\/strong> a la <em><strong>velocidad 10<\/strong><\/em> durante 30 segundos.[\/vc_column_text][\/vc_column][vc_column width=&#8221;1\/2&#8243;][elx_image_block background_image=&#8221;15731&#8243; vert_back_position=&#8221;top&#8221; minimum_height=&#8221;250px&#8221;][vc_empty_space height=&#8221;20px&#8221;][vc_column_text]<strong>A\u00f1ade<\/strong> los siguientes ingredientes a la mezcla de berenjena y chocolate:<br \/>\n\u2022 huevos \u2022 cacao en polvo \u2022 sal \u2022 levadura en polvo \u2022 harina de almendras \u2022 miel<br \/>\n<strong>Mezcla<\/strong> a la <em><strong>velocidad 4<\/strong><\/em> hasta obtener un resultado homog\u00e9neo. <strong>A\u00f1ade<\/strong> nueces y mezcla a la <em><strong>velocidad 1<\/strong><\/em> hasta que todas las nueces se hayan integrado uniformemente en la masa.[\/vc_column_text][\/vc_column][\/vc_row][vc_row][vc_column][vc_empty_space][\/vc_column][\/vc_row][vc_row][vc_column width=&#8221;1\/2&#8243;][elx_image_block background_image=&#8221;15732&#8243; minimum_height=&#8221;250px&#8221;][vc_empty_space height=&#8221;20px&#8221;][vc_column_text]<strong>Vierte<\/strong> la masa en una bandeja de hornear U-Pan reparti\u00e9ndola bien. <strong>Coc\u00ednala<\/strong> en el horno SkyLine Premium<sup>S<\/sup>. <strong>Enfr\u00edala<\/strong> en el abatidor SkyLine Chill<sup>S<\/sup>.[\/vc_column_text][\/vc_column][vc_column width=&#8221;1\/2&#8243;][elx_image_block background_image=&#8221;15724&#8243; minimum_height=&#8221;250px&#8221;][vc_empty_space height=&#8221;20px&#8221;][vc_column_text]Haz as\u00ed las <strong>porciones<\/strong>:<br \/>\nCorta el brownie en rect\u00e1ngulos de <em><strong>6,5 x 5,5 cm<\/strong><\/em>. <strong>Gu\u00e1rdalo<\/strong> en envases.[\/vc_column_text][\/vc_column][\/vc_row][vc_row][vc_column][vc_empty_space][\/vc_column][\/vc_row][vc_row][vc_column][elx_heading text_color=&#8221;inherit&#8221; text_align=&#8221;text-center&#8221;]Escr\u00edbenos para obtener m\u00e1s informaci\u00f3n<br \/>\nsobre Cero desperdicios y PLENO SABOR[\/elx_heading][elx_o2000_contact_us b=&#8221;food&#8221;][vc_empty_space][\/vc_column][\/vc_row]<\/p>\n","protected":false},"excerpt":{"rendered":"<p>[vc_row full_width=&#8221;electroluxpro-full-width-no-padding&#8221;][vc_column][elx_hero_title label=&#8221;&#8221; label_background_color=&#8221;inherit&#8221; background_image=&#8221;15653&#8243;][\/elx_hero_title][\/vc_column][\/vc_row][vc_row][vc_column][vc_empty_space][\/vc_column][\/vc_row][vc_row][vc_column][vc_column_text] D\u00e9jate inspirar y descubre Recetas Cero desperdicios y PLENO SABOR [\/vc_column_text][vc_empty_space][vc_column_text] Brownie de berenjena [\/vc_column_text][vc_empty_space height=&#8221;50px&#8221;][elx_image_block background_image=&#8221;15724&#8243; minimum_height=&#8221;350px&#8221;][vc_empty_space][\/vc_column][\/vc_row][vc_row][vc_column width=&#8221;1\/2&#8243;][vc_row_inner][vc_column_inner width=&#8221;1\/2&#8243; css=&#8221;.vc_custom_1634804956247{margin-right: 0px !important;padding-right: 0px !important;}&#8221;][elx_image_block background_image=&#8221;15725&#8243; minimum_height=&#8221;250px&#8221;][\/vc_column_inner][vc_column_inner width=&#8221;1\/2&#8243; css=&#8221;.vc_custom_1634804965715{margin-left: 0px !important;padding-left: 0px !important;}&#8221;][elx_image_block background_image=&#8221;15726&#8243; minimum_height=&#8221;250px&#8221;][\/vc_column_inner][\/vc_row_inner][vc_empty_space height=&#8221;20px&#8221;][vc_column_text]Corta las berenjenas por la mitad -&gt; y luego hazles unas incisiones.[\/vc_column_text][\/vc_column][vc_column width=&#8221;1\/2&#8243;][elx_image_block background_image=&#8221;15727&#8243; minimum_height=&#8221;250px&#8221;][vc_empty_space [&hellip;]<\/p>\n","protected":false},"author":243,"featured_media":15708,"parent":0,"menu_order":0,"comment_status":"closed","ping_status":"closed","template":"","meta":{"footnotes":""},"class_list":["post-15734","page","type-page","status-publish","has-post-thumbnail","hentry"],"acf":[],"yoast_head":"<!-- This site is optimized with the Yoast SEO plugin v23.4 - https:\/\/yoast.com\/wordpress\/plugins\/seo\/ -->\n<title>Brownie de berenjena - Electrolux Professional Espa\u00f1a<\/title>\n<meta name=\"description\" content=\"Insp\u00edrate, descubre las recetas Zero Waste ALL TASTE - Brownie de berenjena\" \/>\n<meta name=\"robots\" content=\"index, follow, max-snippet:-1, max-image-preview:large, max-video-preview:-1\" \/>\n<link rel=\"canonical\" href=\"https:\/\/www.electroluxprofessional.com\/es\/eggplant-brownie-2\/\" \/>\n<meta property=\"og:locale\" content=\"es_ES\" \/>\n<meta property=\"og:type\" content=\"article\" \/>\n<meta property=\"og:title\" content=\"Brownie de berenjena - Electrolux Professional Espa\u00f1a\" \/>\n<meta property=\"og:description\" content=\"Insp\u00edrate, descubre las recetas Zero Waste ALL TASTE - Brownie de berenjena\" \/>\n<meta property=\"og:url\" content=\"https:\/\/www.electroluxprofessional.com\/es\/eggplant-brownie-2\/\" \/>\n<meta property=\"og:site_name\" content=\"Electrolux Professional Espa\u00f1a\" \/>\n<meta property=\"article:modified_time\" content=\"2024-07-01T15:40:44+00:00\" \/>\n<meta property=\"og:image\" content=\"https:\/\/www.electroluxprofessional.com\/es\/wp-content\/uploads\/2021\/11\/eggplant-brownie.jpg\" \/>\n\t<meta property=\"og:image:width\" content=\"800\" \/>\n\t<meta property=\"og:image:height\" content=\"800\" \/>\n\t<meta property=\"og:image:type\" content=\"image\/jpeg\" \/>\n<meta name=\"twitter:card\" content=\"summary_large_image\" \/>\n<meta name=\"twitter:label1\" content=\"Tiempo de lectura\" \/>\n\t<meta name=\"twitter:data1\" content=\"2 minutos\" \/>\n<script type=\"application\/ld+json\" class=\"yoast-schema-graph\">{\"@context\":\"https:\/\/schema.org\",\"@graph\":[{\"@type\":\"WebPage\",\"@id\":\"https:\/\/www.electroluxprofessional.com\/es\/eggplant-brownie-2\/\",\"url\":\"https:\/\/www.electroluxprofessional.com\/es\/eggplant-brownie-2\/\",\"name\":\"Brownie de berenjena - Electrolux Professional Espa\u00f1a\",\"isPartOf\":{\"@id\":\"https:\/\/www.electroluxprofessional.com\/es\/#website\"},\"primaryImageOfPage\":{\"@id\":\"https:\/\/www.electroluxprofessional.com\/es\/eggplant-brownie-2\/#primaryimage\"},\"image\":{\"@id\":\"https:\/\/www.electroluxprofessional.com\/es\/eggplant-brownie-2\/#primaryimage\"},\"thumbnailUrl\":\"https:\/\/www.electroluxprofessional.com\/es\/wp-content\/uploads\/2021\/11\/eggplant-brownie.jpg\",\"datePublished\":\"2021-11-17T18:31:11+00:00\",\"dateModified\":\"2024-07-01T15:40:44+00:00\",\"description\":\"Insp\u00edrate, descubre las recetas Zero Waste ALL TASTE - Brownie de berenjena\",\"breadcrumb\":{\"@id\":\"https:\/\/www.electroluxprofessional.com\/es\/eggplant-brownie-2\/#breadcrumb\"},\"inLanguage\":\"es\",\"potentialAction\":[{\"@type\":\"ReadAction\",\"target\":[\"https:\/\/www.electroluxprofessional.com\/es\/eggplant-brownie-2\/\"]}]},{\"@type\":\"ImageObject\",\"inLanguage\":\"es\",\"@id\":\"https:\/\/www.electroluxprofessional.com\/es\/eggplant-brownie-2\/#primaryimage\",\"url\":\"https:\/\/www.electroluxprofessional.com\/es\/wp-content\/uploads\/2021\/11\/eggplant-brownie.jpg\",\"contentUrl\":\"https:\/\/www.electroluxprofessional.com\/es\/wp-content\/uploads\/2021\/11\/eggplant-brownie.jpg\",\"width\":800,\"height\":800,\"caption\":\"eggplant-brownie\"},{\"@type\":\"BreadcrumbList\",\"@id\":\"https:\/\/www.electroluxprofessional.com\/es\/eggplant-brownie-2\/#breadcrumb\",\"itemListElement\":[{\"@type\":\"ListItem\",\"position\":1,\"name\":\"Home\",\"item\":\"https:\/\/www.electroluxprofessional.com\/es\/\"},{\"@type\":\"ListItem\",\"position\":2,\"name\":\"Brownie de berenjena\"}]},{\"@type\":\"WebSite\",\"@id\":\"https:\/\/www.electroluxprofessional.com\/es\/#website\",\"url\":\"https:\/\/www.electroluxprofessional.com\/es\/\",\"name\":\"Electrolux Professional Espa\u00f1a\",\"description\":\"Equipamiento cocinas profesionales y lavander\u00edas comerciales. Excelencia en el suministro de soluciones profesionales.\",\"potentialAction\":[{\"@type\":\"SearchAction\",\"target\":{\"@type\":\"EntryPoint\",\"urlTemplate\":\"https:\/\/www.electroluxprofessional.com\/es\/?src={search_term_string}\"},\"query-input\":{\"@type\":\"PropertyValueSpecification\",\"valueRequired\":true,\"valueName\":\"search_term_string\"}}],\"inLanguage\":\"es\"}]}<\/script>\n<!-- \/ Yoast SEO plugin. -->","yoast_head_json":{"title":"Brownie de berenjena - Electrolux Professional Espa\u00f1a","description":"Insp\u00edrate, descubre las recetas Zero Waste ALL TASTE - Brownie de berenjena","robots":{"index":"index","follow":"follow","max-snippet":"max-snippet:-1","max-image-preview":"max-image-preview:large","max-video-preview":"max-video-preview:-1"},"canonical":"https:\/\/www.electroluxprofessional.com\/es\/eggplant-brownie-2\/","og_locale":"es_ES","og_type":"article","og_title":"Brownie de berenjena - Electrolux Professional Espa\u00f1a","og_description":"Insp\u00edrate, descubre las recetas Zero Waste ALL TASTE - Brownie de berenjena","og_url":"https:\/\/www.electroluxprofessional.com\/es\/eggplant-brownie-2\/","og_site_name":"Electrolux Professional Espa\u00f1a","article_modified_time":"2024-07-01T15:40:44+00:00","og_image":[{"width":800,"height":800,"url":"https:\/\/www.electroluxprofessional.com\/es\/wp-content\/uploads\/2021\/11\/eggplant-brownie.jpg","type":"image\/jpeg"}],"twitter_card":"summary_large_image","twitter_misc":{"Tiempo de lectura":"2 minutos"},"schema":{"@context":"https:\/\/schema.org","@graph":[{"@type":"WebPage","@id":"https:\/\/www.electroluxprofessional.com\/es\/eggplant-brownie-2\/","url":"https:\/\/www.electroluxprofessional.com\/es\/eggplant-brownie-2\/","name":"Brownie de berenjena - Electrolux Professional Espa\u00f1a","isPartOf":{"@id":"https:\/\/www.electroluxprofessional.com\/es\/#website"},"primaryImageOfPage":{"@id":"https:\/\/www.electroluxprofessional.com\/es\/eggplant-brownie-2\/#primaryimage"},"image":{"@id":"https:\/\/www.electroluxprofessional.com\/es\/eggplant-brownie-2\/#primaryimage"},"thumbnailUrl":"https:\/\/www.electroluxprofessional.com\/es\/wp-content\/uploads\/2021\/11\/eggplant-brownie.jpg","datePublished":"2021-11-17T18:31:11+00:00","dateModified":"2024-07-01T15:40:44+00:00","description":"Insp\u00edrate, descubre las recetas Zero Waste ALL TASTE - Brownie de berenjena","breadcrumb":{"@id":"https:\/\/www.electroluxprofessional.com\/es\/eggplant-brownie-2\/#breadcrumb"},"inLanguage":"es","potentialAction":[{"@type":"ReadAction","target":["https:\/\/www.electroluxprofessional.com\/es\/eggplant-brownie-2\/"]}]},{"@type":"ImageObject","inLanguage":"es","@id":"https:\/\/www.electroluxprofessional.com\/es\/eggplant-brownie-2\/#primaryimage","url":"https:\/\/www.electroluxprofessional.com\/es\/wp-content\/uploads\/2021\/11\/eggplant-brownie.jpg","contentUrl":"https:\/\/www.electroluxprofessional.com\/es\/wp-content\/uploads\/2021\/11\/eggplant-brownie.jpg","width":800,"height":800,"caption":"eggplant-brownie"},{"@type":"BreadcrumbList","@id":"https:\/\/www.electroluxprofessional.com\/es\/eggplant-brownie-2\/#breadcrumb","itemListElement":[{"@type":"ListItem","position":1,"name":"Home","item":"https:\/\/www.electroluxprofessional.com\/es\/"},{"@type":"ListItem","position":2,"name":"Brownie de berenjena"}]},{"@type":"WebSite","@id":"https:\/\/www.electroluxprofessional.com\/es\/#website","url":"https:\/\/www.electroluxprofessional.com\/es\/","name":"Electrolux Professional Espa\u00f1a","description":"Equipamiento cocinas profesionales y lavander\u00edas comerciales. Excelencia en el suministro de soluciones profesionales.","potentialAction":[{"@type":"SearchAction","target":{"@type":"EntryPoint","urlTemplate":"https:\/\/www.electroluxprofessional.com\/es\/?src={search_term_string}"},"query-input":{"@type":"PropertyValueSpecification","valueRequired":true,"valueName":"search_term_string"}}],"inLanguage":"es"}]}},"_links":{"self":[{"href":"https:\/\/www.electroluxprofessional.com\/es\/wp-json\/wp\/v2\/pages\/15734"}],"collection":[{"href":"https:\/\/www.electroluxprofessional.com\/es\/wp-json\/wp\/v2\/pages"}],"about":[{"href":"https:\/\/www.electroluxprofessional.com\/es\/wp-json\/wp\/v2\/types\/page"}],"author":[{"embeddable":true,"href":"https:\/\/www.electroluxprofessional.com\/es\/wp-json\/wp\/v2\/users\/243"}],"replies":[{"embeddable":true,"href":"https:\/\/www.electroluxprofessional.com\/es\/wp-json\/wp\/v2\/comments?post=15734"}],"version-history":[{"count":4,"href":"https:\/\/www.electroluxprofessional.com\/es\/wp-json\/wp\/v2\/pages\/15734\/revisions"}],"predecessor-version":[{"id":20015,"href":"https:\/\/www.electroluxprofessional.com\/es\/wp-json\/wp\/v2\/pages\/15734\/revisions\/20015"}],"wp:featuredmedia":[{"embeddable":true,"href":"https:\/\/www.electroluxprofessional.com\/es\/wp-json\/wp\/v2\/media\/15708"}],"wp:attachment":[{"href":"https:\/\/www.electroluxprofessional.com\/es\/wp-json\/wp\/v2\/media?parent=15734"}],"curies":[{"name":"wp","href":"https:\/\/api.w.org\/{rel}","templated":true}]}}