{"id":15651,"date":"2021-11-17T15:59:46","date_gmt":"2021-11-17T15:59:46","guid":{"rendered":"https:\/\/www.electroluxprofessional.com\/?page_id=35221"},"modified":"2026-03-31T07:02:17","modified_gmt":"2026-03-31T07:02:17","slug":"productos-quimicos-para-desincrustacion","status":"publish","type":"page","link":"https:\/\/www.electroluxprofessional.com\/es\/productos-quimicos-para-desincrustacion\/","title":{"rendered":"Accesorios y consumibles &#8211; Productos qu\u00edmicos para desincrustaci\u00f3n"},"content":{"rendered":"<p>[vc_row full_width=&#8221;electroluxpro-full-width-no-padding&#8221;][vc_column css=&#8221;.vc_custom_1618358802266{margin-top: -40px !important;border-top-width: -40px !important;padding-top: -40px !important;}&#8221;][elx_full_banner title=&#8221;Productos Qu\u00edmicos para la Desincrustaci\u00f3n&#8221; set_as_h1=&#8221;true&#8221; background_image_media_library=&#8221;14875&#8243; background_image_media_library_mobile=&#8221;14876&#8243; link=&#8221;url:%23contact|title:Descubre%20m%C3%A1s%20||&#8221;][vc_row_inner full_width=&#8221;electroluxpro-full-width&#8221; gap=&#8221;15&#8243;][vc_column_inner width=&#8221;1\/5&#8243;][elx_download_block text=&#8221;Accessories for protection, sanitizing and cleaning catalogue&#8221; document_type=&#8221;cat&#8221; file_picker=&#8221;24892&#8243; background_color=&#8221;electrolux-blue&#8221; background_hover_color=&#8221;lighter-hover&#8221; ca_document_number=&#8221;CAT10&#8243;][\/vc_column_inner][vc_column_inner width=&#8221;1\/5&#8243;][elx_download_block text=&#8221;Replacement Parts catalogue&#8221; document_type=&#8221;cat&#8221; file_picker=&#8221;24892&#8243; background_color=&#8221;electrolux-blue&#8221; background_hover_color=&#8221;lighter-hover&#8221; ca_document_number=&#8221;CAT7&#8243;][\/vc_column_inner][vc_column_inner width=&#8221;1\/5&#8243;][elx_download_block text=&#8221;Accessories &amp; Consumables catalogue&#8221; document_type=&#8221;cat&#8221; file_picker=&#8221;24892&#8243; background_color=&#8221;electrolux-blue&#8221; background_hover_color=&#8221;lighter-hover&#8221; ca_document_number=&#8221;CAT8&#8243;][\/vc_column_inner][vc_column_inner width=&#8221;1\/5&#8243;][elx_download_block text=&#8221;Spare Part Kits catalogue&#8221; document_type=&#8221;cat&#8221; file_picker=&#8221;24892&#8243; background_color=&#8221;electrolux-blue&#8221; background_hover_color=&#8221;lighter-hover&#8221; ca_document_number=&#8221;CAT9&#8243;][\/vc_column_inner][vc_column_inner width=&#8221;1\/5&#8243;][elx_download_block text=&#8221;Professional cleaning detergents Selection Guide&#8221; file_picker=&#8221;35121&#8243; background_color=&#8221;electrolux-blue&#8221;][\/vc_column_inner][\/vc_row_inner][\/vc_column][\/vc_row][vc_row][vc_column][elx_menu][vc_empty_space][vc_empty_space][vc_empty_space][\/vc_column][\/vc_row][vc_row][vc_column][vc_row_inner][vc_column_inner width=&#8221;1\/2&#8243;][vc_single_image image=&#8221;14873&#8243; img_size=&#8221;medium&#8221; alignment=&#8221;center&#8221; css_animation=&#8221;none&#8221;][vc_empty_space][elx_shop_now button_text=&#8221;COMPRAR&#8221; button_display_block=&#8221;display_block_on&#8221; button_link=&#8221;url:https%3A%2F%2Fbuy.electroluxprofessional.com%2Felectrolux-professional%2Felx0s2362&#8243;][vc_empty_space][\/vc_column_inner][vc_column_inner width=&#8221;1\/2&#8243;][elx_heading font_size=&#8221;h5&#8243; text_color=&#8221;inherit&#8221;]C30 Desincrustador multiusos[\/elx_heading][vc_column_text]\u25ba Elimina eficazmente las incrustaciones y la cal de los aparatos y boilers de lavado de cualquier tipo de equipo profesional.<\/p>\n<p>\u25ba El uso habitual del desincrustante C30 multiusos mantiene la eficiencia de los equipos y reduce su desgaste natural.<\/p>\n<p>\u25ba Por su baja formaci\u00f3n de espuma, se recomienda el desincrustante C30 multiusos para la limpieza de boilers y equipos con dispositivo desincrustante autom\u00e1tico.<\/p>\n<p>\u25ba La fragancia natural hace m\u00e1s agradable su uso.[\/vc_column_text][\/vc_column_inner][\/vc_row_inner][\/vc_column][vc_column][vc_empty_space][vc_row_inner][vc_column_inner width=&#8221;1\/2&#8243;][elx_heading font_size=&#8221;h5&#8243; text_color=&#8221;inherit&#8221;]C25 Pastilla de abrillantador y desincrustante[\/elx_heading][vc_column_text]\u25ba Eficaz pastilla de abrillantador y desincrustante para hornos con ciclos de lavado integrados.<\/p>\n<p>\u25ba Disuelve 1 pastilla en 1 litro de agua para desincrustar el tambor de la secadora.<\/p>\n<p>\u25ba Para un secado r\u00e1pido con una cavidad perfectamente brillante y un boiler desincrustado.<\/p>\n<p>\u25ba Eficiente f\u00f3rmula concentrada con baja dosificaci\u00f3n.<\/p>\n<p>\u25ba Sin riesgo de rotura prematura.<\/p>\n<p>\u25ba Pruebas exhaustivas en los laboratorios de Electrolux Professional.<\/p>\n<p>\u25ba Recipiente de 50 pastillas de 30 g cada una.[\/vc_column_text][\/vc_column_inner][vc_column_inner width=&#8221;1\/2&#8243;][vc_empty_space][vc_single_image image=&#8221;14874&#8243; img_size=&#8221;medium&#8221; alignment=&#8221;center&#8221; css_animation=&#8221;none&#8221;][vc_empty_space][elx_shop_now button_text=&#8221;COMPRAR&#8221; button_display_block=&#8221;display_block_on&#8221; button_link=&#8221;url:https%3A%2F%2Fbuy.electroluxprofessional.com%2Felectrolux-professional%2Felx0s2394&#8243;][vc_empty_space][\/vc_column_inner][\/vc_row_inner][vc_empty_space][\/vc_column][\/vc_row][vc_row el_id=&#8221;contact&#8221;][vc_column][vc_empty_space][vc_empty_space][elx_heading font_container=&#8221;h3&#8243; text_color=&#8221;inherit&#8221;]Conoce nuestros detergentes y abrillantadores desincrustantes[\/elx_heading][elx_o2000_contact_us s=&#8221;Request of information about accessories and consumables for dishwashing.&#8221; container=&#8221;elxcontactus1484553998&#8243; r=&#8221;Me gustar\u00eda obtener m\u00e1s informaci\u00f3n sobre accesorios y consumibles para el lavado de vajilla. Por favor, p\u00f3nganse en contacto conmigo.&#8221;][\/vc_column][\/vc_row]<\/p>\n","protected":false},"excerpt":{"rendered":"<p>[vc_row full_width=&#8221;electroluxpro-full-width-no-padding&#8221;][vc_column css=&#8221;.vc_custom_1618358802266{margin-top: -40px !important;border-top-width: -40px !important;padding-top: -40px !important;}&#8221;][elx_full_banner title=&#8221;Productos Qu\u00edmicos para la Desincrustaci\u00f3n&#8221; set_as_h1=&#8221;true&#8221; background_image_media_library=&#8221;14875&#8243; background_image_media_library_mobile=&#8221;14876&#8243; link=&#8221;url:%23contact|title:Descubre%20m%C3%A1s%20||&#8221;][vc_row_inner full_width=&#8221;electroluxpro-full-width&#8221; gap=&#8221;15&#8243;][vc_column_inner width=&#8221;1\/5&#8243;][elx_download_block text=&#8221;Accessories for protection, sanitizing and cleaning catalogue&#8221; document_type=&#8221;cat&#8221; file_picker=&#8221;24892&#8243; background_color=&#8221;electrolux-blue&#8221; background_hover_color=&#8221;lighter-hover&#8221; ca_document_number=&#8221;CAT10&#8243;][\/vc_column_inner][vc_column_inner width=&#8221;1\/5&#8243;][elx_download_block text=&#8221;Replacement Parts catalogue&#8221; document_type=&#8221;cat&#8221; file_picker=&#8221;24892&#8243; background_color=&#8221;electrolux-blue&#8221; background_hover_color=&#8221;lighter-hover&#8221; ca_document_number=&#8221;CAT7&#8243;][\/vc_column_inner][vc_column_inner width=&#8221;1\/5&#8243;][elx_download_block text=&#8221;Accessories &amp; Consumables catalogue&#8221; document_type=&#8221;cat&#8221; file_picker=&#8221;24892&#8243; background_color=&#8221;electrolux-blue&#8221; background_hover_color=&#8221;lighter-hover&#8221; ca_document_number=&#8221;CAT8&#8243;][\/vc_column_inner][vc_column_inner width=&#8221;1\/5&#8243;][elx_download_block text=&#8221;Spare Part [&hellip;]<\/p>\n","protected":false},"author":21,"featured_media":796,"parent":0,"menu_order":0,"comment_status":"closed","ping_status":"closed","template":"","meta":{"footnotes":""},"class_list":["post-15651","page","type-page","status-publish","has-post-thumbnail","hentry"],"acf":[],"yoast_head":"<!-- This site is optimized with the Yoast SEO plugin v23.4 - https:\/\/yoast.com\/wordpress\/plugins\/seo\/ -->\n<title>Detergente desincrustante: productos qu\u00edmicos | Electrolux Professional<\/title>\n<meta name=\"description\" content=\"Consigue resultados brillantes y el mejor rendimiento posible con nuestros accesorios y consumibles. Descubre la gama de detergentes profesionales, abrillantadores y productos desincrustantes para lavavajillas.\" \/>\n<meta name=\"robots\" content=\"index, follow, max-snippet:-1, max-image-preview:large, max-video-preview:-1\" \/>\n<link rel=\"canonical\" href=\"https:\/\/www.electroluxprofessional.com\/es\/productos-quimicos-para-desincrustacion\/\" \/>\n<meta property=\"og:locale\" content=\"es_ES\" \/>\n<meta property=\"og:type\" content=\"article\" \/>\n<meta property=\"og:title\" content=\"Detergente desincrustante: productos qu\u00edmicos | Electrolux Professional\" \/>\n<meta property=\"og:description\" content=\"Consigue resultados brillantes y el mejor rendimiento posible con nuestros accesorios y consumibles. Descubre la gama de detergentes profesionales, abrillantadores y productos desincrustantes para lavavajillas.\" \/>\n<meta property=\"og:url\" content=\"https:\/\/www.electroluxprofessional.com\/es\/productos-quimicos-para-desincrustacion\/\" \/>\n<meta property=\"og:site_name\" content=\"Electrolux Professional Espa\u00f1a\" \/>\n<meta property=\"article:modified_time\" content=\"2026-03-31T07:02:17+00:00\" \/>\n<meta property=\"og:image\" content=\"https:\/\/www.electroluxprofessional.com\/es\/wp-content\/uploads\/2016\/08\/detergent-washing-machine.jpg\" \/>\n\t<meta property=\"og:image:width\" content=\"750\" \/>\n\t<meta property=\"og:image:height\" content=\"617\" \/>\n\t<meta property=\"og:image:type\" content=\"image\/jpeg\" \/>\n<meta name=\"twitter:card\" content=\"summary_large_image\" \/>\n<meta name=\"twitter:label1\" content=\"Tiempo de lectura\" \/>\n\t<meta name=\"twitter:data1\" content=\"3 minutos\" \/>\n<script type=\"application\/ld+json\" class=\"yoast-schema-graph\">{\"@context\":\"https:\/\/schema.org\",\"@graph\":[{\"@type\":\"WebPage\",\"@id\":\"https:\/\/www.electroluxprofessional.com\/es\/productos-quimicos-para-desincrustacion\/\",\"url\":\"https:\/\/www.electroluxprofessional.com\/es\/productos-quimicos-para-desincrustacion\/\",\"name\":\"Detergente desincrustante: productos qu\u00edmicos | Electrolux Professional\",\"isPartOf\":{\"@id\":\"https:\/\/www.electroluxprofessional.com\/es\/#website\"},\"primaryImageOfPage\":{\"@id\":\"https:\/\/www.electroluxprofessional.com\/es\/productos-quimicos-para-desincrustacion\/#primaryimage\"},\"image\":{\"@id\":\"https:\/\/www.electroluxprofessional.com\/es\/productos-quimicos-para-desincrustacion\/#primaryimage\"},\"thumbnailUrl\":\"https:\/\/www.electroluxprofessional.com\/es\/wp-content\/uploads\/2016\/08\/detergent-washing-machine.jpg\",\"datePublished\":\"2021-11-17T15:59:46+00:00\",\"dateModified\":\"2026-03-31T07:02:17+00:00\",\"description\":\"Consigue resultados brillantes y el mejor rendimiento posible con nuestros accesorios y consumibles. Descubre la gama de detergentes profesionales, abrillantadores y productos desincrustantes para lavavajillas.\",\"breadcrumb\":{\"@id\":\"https:\/\/www.electroluxprofessional.com\/es\/productos-quimicos-para-desincrustacion\/#breadcrumb\"},\"inLanguage\":\"es\",\"potentialAction\":[{\"@type\":\"ReadAction\",\"target\":[\"https:\/\/www.electroluxprofessional.com\/es\/productos-quimicos-para-desincrustacion\/\"]}]},{\"@type\":\"ImageObject\",\"inLanguage\":\"es\",\"@id\":\"https:\/\/www.electroluxprofessional.com\/es\/productos-quimicos-para-desincrustacion\/#primaryimage\",\"url\":\"https:\/\/www.electroluxprofessional.com\/es\/wp-content\/uploads\/2016\/08\/detergent-washing-machine.jpg\",\"contentUrl\":\"https:\/\/www.electroluxprofessional.com\/es\/wp-content\/uploads\/2016\/08\/detergent-washing-machine.jpg\",\"width\":750,\"height\":617,\"caption\":\"dishwasher rinse\"},{\"@type\":\"BreadcrumbList\",\"@id\":\"https:\/\/www.electroluxprofessional.com\/es\/productos-quimicos-para-desincrustacion\/#breadcrumb\",\"itemListElement\":[{\"@type\":\"ListItem\",\"position\":1,\"name\":\"Home\",\"item\":\"https:\/\/www.electroluxprofessional.com\/es\/\"},{\"@type\":\"ListItem\",\"position\":2,\"name\":\"Accesorios y consumibles &#8211; Productos qu\u00edmicos para desincrustaci\u00f3n\"}]},{\"@type\":\"WebSite\",\"@id\":\"https:\/\/www.electroluxprofessional.com\/es\/#website\",\"url\":\"https:\/\/www.electroluxprofessional.com\/es\/\",\"name\":\"Electrolux Professional Espa\u00f1a\",\"description\":\"Equipamiento cocinas profesionales y lavander\u00edas comerciales. Excelencia en el suministro de soluciones profesionales.\",\"potentialAction\":[{\"@type\":\"SearchAction\",\"target\":{\"@type\":\"EntryPoint\",\"urlTemplate\":\"https:\/\/www.electroluxprofessional.com\/es\/?src={search_term_string}\"},\"query-input\":{\"@type\":\"PropertyValueSpecification\",\"valueRequired\":true,\"valueName\":\"search_term_string\"}}],\"inLanguage\":\"es\"}]}<\/script>\n<!-- \/ Yoast SEO plugin. -->","yoast_head_json":{"title":"Detergente desincrustante: productos qu\u00edmicos | Electrolux Professional","description":"Consigue resultados brillantes y el mejor rendimiento posible con nuestros accesorios y consumibles. Descubre la gama de detergentes profesionales, abrillantadores y productos desincrustantes para lavavajillas.","robots":{"index":"index","follow":"follow","max-snippet":"max-snippet:-1","max-image-preview":"max-image-preview:large","max-video-preview":"max-video-preview:-1"},"canonical":"https:\/\/www.electroluxprofessional.com\/es\/productos-quimicos-para-desincrustacion\/","og_locale":"es_ES","og_type":"article","og_title":"Detergente desincrustante: productos qu\u00edmicos | Electrolux Professional","og_description":"Consigue resultados brillantes y el mejor rendimiento posible con nuestros accesorios y consumibles. Descubre la gama de detergentes profesionales, abrillantadores y productos desincrustantes para lavavajillas.","og_url":"https:\/\/www.electroluxprofessional.com\/es\/productos-quimicos-para-desincrustacion\/","og_site_name":"Electrolux Professional Espa\u00f1a","article_modified_time":"2026-03-31T07:02:17+00:00","og_image":[{"width":750,"height":617,"url":"https:\/\/www.electroluxprofessional.com\/es\/wp-content\/uploads\/2016\/08\/detergent-washing-machine.jpg","type":"image\/jpeg"}],"twitter_card":"summary_large_image","twitter_misc":{"Tiempo de lectura":"3 minutos"},"schema":{"@context":"https:\/\/schema.org","@graph":[{"@type":"WebPage","@id":"https:\/\/www.electroluxprofessional.com\/es\/productos-quimicos-para-desincrustacion\/","url":"https:\/\/www.electroluxprofessional.com\/es\/productos-quimicos-para-desincrustacion\/","name":"Detergente desincrustante: productos qu\u00edmicos | Electrolux Professional","isPartOf":{"@id":"https:\/\/www.electroluxprofessional.com\/es\/#website"},"primaryImageOfPage":{"@id":"https:\/\/www.electroluxprofessional.com\/es\/productos-quimicos-para-desincrustacion\/#primaryimage"},"image":{"@id":"https:\/\/www.electroluxprofessional.com\/es\/productos-quimicos-para-desincrustacion\/#primaryimage"},"thumbnailUrl":"https:\/\/www.electroluxprofessional.com\/es\/wp-content\/uploads\/2016\/08\/detergent-washing-machine.jpg","datePublished":"2021-11-17T15:59:46+00:00","dateModified":"2026-03-31T07:02:17+00:00","description":"Consigue resultados brillantes y el mejor rendimiento posible con nuestros accesorios y consumibles. Descubre la gama de detergentes profesionales, abrillantadores y productos desincrustantes para lavavajillas.","breadcrumb":{"@id":"https:\/\/www.electroluxprofessional.com\/es\/productos-quimicos-para-desincrustacion\/#breadcrumb"},"inLanguage":"es","potentialAction":[{"@type":"ReadAction","target":["https:\/\/www.electroluxprofessional.com\/es\/productos-quimicos-para-desincrustacion\/"]}]},{"@type":"ImageObject","inLanguage":"es","@id":"https:\/\/www.electroluxprofessional.com\/es\/productos-quimicos-para-desincrustacion\/#primaryimage","url":"https:\/\/www.electroluxprofessional.com\/es\/wp-content\/uploads\/2016\/08\/detergent-washing-machine.jpg","contentUrl":"https:\/\/www.electroluxprofessional.com\/es\/wp-content\/uploads\/2016\/08\/detergent-washing-machine.jpg","width":750,"height":617,"caption":"dishwasher rinse"},{"@type":"BreadcrumbList","@id":"https:\/\/www.electroluxprofessional.com\/es\/productos-quimicos-para-desincrustacion\/#breadcrumb","itemListElement":[{"@type":"ListItem","position":1,"name":"Home","item":"https:\/\/www.electroluxprofessional.com\/es\/"},{"@type":"ListItem","position":2,"name":"Accesorios y consumibles &#8211; Productos qu\u00edmicos para desincrustaci\u00f3n"}]},{"@type":"WebSite","@id":"https:\/\/www.electroluxprofessional.com\/es\/#website","url":"https:\/\/www.electroluxprofessional.com\/es\/","name":"Electrolux Professional Espa\u00f1a","description":"Equipamiento cocinas profesionales y lavander\u00edas comerciales. Excelencia en el suministro de soluciones profesionales.","potentialAction":[{"@type":"SearchAction","target":{"@type":"EntryPoint","urlTemplate":"https:\/\/www.electroluxprofessional.com\/es\/?src={search_term_string}"},"query-input":{"@type":"PropertyValueSpecification","valueRequired":true,"valueName":"search_term_string"}}],"inLanguage":"es"}]}},"_links":{"self":[{"href":"https:\/\/www.electroluxprofessional.com\/es\/wp-json\/wp\/v2\/pages\/15651"}],"collection":[{"href":"https:\/\/www.electroluxprofessional.com\/es\/wp-json\/wp\/v2\/pages"}],"about":[{"href":"https:\/\/www.electroluxprofessional.com\/es\/wp-json\/wp\/v2\/types\/page"}],"author":[{"embeddable":true,"href":"https:\/\/www.electroluxprofessional.com\/es\/wp-json\/wp\/v2\/users\/21"}],"replies":[{"embeddable":true,"href":"https:\/\/www.electroluxprofessional.com\/es\/wp-json\/wp\/v2\/comments?post=15651"}],"version-history":[{"count":10,"href":"https:\/\/www.electroluxprofessional.com\/es\/wp-json\/wp\/v2\/pages\/15651\/revisions"}],"predecessor-version":[{"id":26069,"href":"https:\/\/www.electroluxprofessional.com\/es\/wp-json\/wp\/v2\/pages\/15651\/revisions\/26069"}],"wp:featuredmedia":[{"embeddable":true,"href":"https:\/\/www.electroluxprofessional.com\/es\/wp-json\/wp\/v2\/media\/796"}],"wp:attachment":[{"href":"https:\/\/www.electroluxprofessional.com\/es\/wp-json\/wp\/v2\/media?parent=15651"}],"curies":[{"name":"wp","href":"https:\/\/api.w.org\/{rel}","templated":true}]}}